{"id":49703,"date":"2026-03-04T15:21:24","date_gmt":"2026-03-04T13:21:24","guid":{"rendered":"https:\/\/saksavorst.ee\/?post_type=product&#038;p=49703"},"modified":"2026-03-12T09:47:06","modified_gmt":"2026-03-12T07:47:06","slug":"poolsuitsuvorstide-valmistamise-koolitus-21-04-2026","status":"publish","type":"product","link":"https:\/\/saksavorst.ee\/ru\/\u043f\u0440\u043e\u0434\u0443\u043a\u0442\/poolsuitsuvorstide-valmistamise-koolitus-21-04-2026\/","title":{"rendered":"Poolsuitsuvorstide valmistamise koolitus 21.04.2026"},"content":{"rendered":"<p>P\u00e4evakava on j\u00e4rgmine:<\/p>\n<table style=\"height: 487px;\" width=\"478\">\n<tbody>\n<tr>\n<td style=\"text-align: left;\" width=\"118\">09.10 &#8212; 09.20<\/td>\n<td width=\"290\">Kogunemine, hommikukohv<\/td>\n<\/tr>\n<tr>\n<td style=\"text-align: left;\" width=\"118\">09.20<\/td>\n<td width=\"290\">Ohutustehnikaalane instrueerimine<\/td>\n<\/tr>\n<tr>\n<td width=\"118\">09.40<\/td>\n<td width=\"290\">Retseptuuri koostamine<\/td>\n<\/tr>\n<tr>\n<td width=\"118\">10.00<\/td>\n<td width=\"290\">Praktilised t\u00f6\u00f6d laboris<\/td>\n<\/tr>\n<tr>\n<td width=\"118\"><\/td>\n<td width=\"290\">Liha peenestamine<\/td>\n<\/tr>\n<tr>\n<td width=\"118\"><\/td>\n<td width=\"290\">Maitseainete kaalumine vastavalt retseptuurile<\/td>\n<\/tr>\n<tr>\n<td width=\"118\"><\/td>\n<td width=\"290\">Vorstimassi segamine<\/td>\n<\/tr>\n<tr>\n<td width=\"118\"><\/td>\n<td width=\"290\">Vorstimassi pritsimine ja klipsimine<\/td>\n<\/tr>\n<tr>\n<td width=\"118\"><\/td>\n<td width=\"290\">Vorstilattide keppidele asetamine<\/td>\n<\/tr>\n<tr>\n<td width=\"118\">12.00 &#8212; \u2026<\/td>\n<td width=\"290\">Poolsuitsuvorstide kuumt\u00f6\u00f6tlemine<\/td>\n<\/tr>\n<tr>\n<td width=\"118\">12.30 &#8212; 13.00<\/td>\n<td width=\"290\">Kohvipaus<\/td>\n<\/tr>\n<tr>\n<td width=\"118\">13.00 &#8212; 14.30<\/td>\n<td width=\"290\">PSV valmistamise teooria, teoreetilised k\u00fcsimused, vastused (seadmed, kestad, maitseained)<\/td>\n<\/tr>\n<tr>\n<td width=\"118\">14.30 &#8212; 15.30<\/td>\n<td width=\"290\">Soojade vorstide degusteerimine (Orienteeruv l\u00f5puaeg kujuneb vastavalt praktilise t\u00f6\u00f6 pikkusele!)<\/td>\n<\/tr>\n<\/tbody>\n<\/table>\n","protected":false},"excerpt":{"rendered":"<p>Koolituse viivad l\u00e4bi tehnoloogid Liina Raja ja Virgo Loide. Koolitus toimub eesti keeles.<\/p>\n","protected":false},"featured_media":49705,"template":"","meta":{"_acf_changed":false},"product_brand":[],"product_cat":[110,170],"product_tag":[],"class_list":{"0":"post-49703","1":"product","2":"type-product","3":"status-publish","4":"has-post-thumbnail","6":"product_cat-pakkumised","7":"product_cat-koolitused","9":"first","10":"instock","11":"virtual","12":"taxable","13":"purchasable","14":"product-type-simple"},"acf":[],"yoast_head":"<!-- This site is optimized with the Yoast SEO plugin v27.3 - https:\/\/yoast.com\/product\/yoast-seo-wordpress\/ -->\n<title>Poolsuitsuvorstide valmistamise koolitus 21.04.2026 - Saksavorst<\/title>\n<meta name=\"robots\" content=\"index, follow, max-snippet:-1, max-image-preview:large, max-video-preview:-1\" \/>\n<link rel=\"canonical\" href=\"https:\/\/saksavorst.ee\/ru\/\u043f\u0440\u043e\u0434\u0443\u043a\u0442\/poolsuitsuvorstide-valmistamise-koolitus-21-04-2026\/\" \/>\n<meta property=\"og:locale\" content=\"ru_RU\" \/>\n<meta property=\"og:type\" content=\"article\" \/>\n<meta property=\"og:title\" content=\"Poolsuitsuvorstide valmistamise koolitus 21.04.2026 - Saksavorst\" \/>\n<meta property=\"og:description\" content=\"Koolituse viivad l\u00e4bi tehnoloogid Liina Raja ja Virgo Loide. Koolitus toimub eesti keeles.\" \/>\n<meta property=\"og:url\" content=\"https:\/\/saksavorst.ee\/ru\/\u043f\u0440\u043e\u0434\u0443\u043a\u0442\/poolsuitsuvorstide-valmistamise-koolitus-21-04-2026\/\" \/>\n<meta property=\"og:site_name\" content=\"Saksavorst\" \/>\n<meta property=\"article:publisher\" content=\"https:\/\/www.facebook.com\/Veikand\" \/>\n<meta property=\"article:modified_time\" content=\"2026-03-12T07:47:06+00:00\" \/>\n<meta property=\"og:image\" content=\"https:\/\/saksavorst.ee\/wp-content\/uploads\/2026\/03\/poolsuitsuvorstide-valmistamise-koolitus-21.04.2026.png\" \/>\n\t<meta property=\"og:image:width\" content=\"1640\" \/>\n\t<meta property=\"og:image:height\" content=\"924\" \/>\n\t<meta property=\"og:image:type\" content=\"image\/png\" \/>\n<meta name=\"twitter:card\" content=\"summary_large_image\" \/>\n<meta name=\"twitter:label1\" content=\"\u041f\u0440\u0438\u043c\u0435\u0440\u043d\u043e\u0435 \u0432\u0440\u0435\u043c\u044f \u0434\u043b\u044f \u0447\u0442\u0435\u043d\u0438\u044f\" \/>\n\t<meta name=\"twitter:data1\" content=\"1 \u043c\u0438\u043d\u0443\u0442\u0430\" \/>\n<script type=\"application\/ld+json\" class=\"yoast-schema-graph\">{\"@context\":\"https:\\\/\\\/schema.org\",\"@graph\":[{\"@type\":\"WebPage\",\"@id\":\"https:\\\/\\\/saksavorst.ee\\\/ru\\\/\u043f\u0440\u043e\u0434\u0443\u043a\u0442\\\/poolsuitsuvorstide-valmistamise-koolitus-21-04-2026\\\/\",\"url\":\"https:\\\/\\\/saksavorst.ee\\\/ru\\\/\u043f\u0440\u043e\u0434\u0443\u043a\u0442\\\/poolsuitsuvorstide-valmistamise-koolitus-21-04-2026\\\/\",\"name\":\"Poolsuitsuvorstide valmistamise koolitus 21.04.2026 - Saksavorst\",\"isPartOf\":{\"@id\":\"https:\\\/\\\/saksavorst.ee\\\/ru\\\/#website\"},\"primaryImageOfPage\":{\"@id\":\"https:\\\/\\\/saksavorst.ee\\\/ru\\\/\u043f\u0440\u043e\u0434\u0443\u043a\u0442\\\/poolsuitsuvorstide-valmistamise-koolitus-21-04-2026\\\/#primaryimage\"},\"image\":{\"@id\":\"https:\\\/\\\/saksavorst.ee\\\/ru\\\/\u043f\u0440\u043e\u0434\u0443\u043a\u0442\\\/poolsuitsuvorstide-valmistamise-koolitus-21-04-2026\\\/#primaryimage\"},\"thumbnailUrl\":\"https:\\\/\\\/saksavorst.ee\\\/wp-content\\\/uploads\\\/2026\\\/03\\\/poolsuitsuvorstide-valmistamise-koolitus-21.04.2026.png\",\"datePublished\":\"2026-03-04T13:21:24+00:00\",\"dateModified\":\"2026-03-12T07:47:06+00:00\",\"breadcrumb\":{\"@id\":\"https:\\\/\\\/saksavorst.ee\\\/ru\\\/\u043f\u0440\u043e\u0434\u0443\u043a\u0442\\\/poolsuitsuvorstide-valmistamise-koolitus-21-04-2026\\\/#breadcrumb\"},\"inLanguage\":\"ru-RU\",\"potentialAction\":[{\"@type\":\"ReadAction\",\"target\":[\"https:\\\/\\\/saksavorst.ee\\\/ru\\\/\u043f\u0440\u043e\u0434\u0443\u043a\u0442\\\/poolsuitsuvorstide-valmistamise-koolitus-21-04-2026\\\/\"]}]},{\"@type\":\"ImageObject\",\"inLanguage\":\"ru-RU\",\"@id\":\"https:\\\/\\\/saksavorst.ee\\\/ru\\\/\u043f\u0440\u043e\u0434\u0443\u043a\u0442\\\/poolsuitsuvorstide-valmistamise-koolitus-21-04-2026\\\/#primaryimage\",\"url\":\"https:\\\/\\\/saksavorst.ee\\\/wp-content\\\/uploads\\\/2026\\\/03\\\/poolsuitsuvorstide-valmistamise-koolitus-21.04.2026.png\",\"contentUrl\":\"https:\\\/\\\/saksavorst.ee\\\/wp-content\\\/uploads\\\/2026\\\/03\\\/poolsuitsuvorstide-valmistamise-koolitus-21.04.2026.png\",\"width\":1640,\"height\":924},{\"@type\":\"BreadcrumbList\",\"@id\":\"https:\\\/\\\/saksavorst.ee\\\/ru\\\/\u043f\u0440\u043e\u0434\u0443\u043a\u0442\\\/poolsuitsuvorstide-valmistamise-koolitus-21-04-2026\\\/#breadcrumb\",\"itemListElement\":[{\"@type\":\"ListItem\",\"position\":1,\"name\":\"Home\",\"item\":\"https:\\\/\\\/saksavorst.ee\\\/ru\\\/\"},{\"@type\":\"ListItem\",\"position\":2,\"name\":\"\u041c\u0430\u0433\u0430\u0437\u0438\u043d\",\"item\":\"https:\\\/\\\/saksavorst.ee\\\/ru\\\/%d0%bc%d0%b0%d0%b3%d0%b0%d0%b7%d0%b8%d0%bd\\\/\"},{\"@type\":\"ListItem\",\"position\":3,\"name\":\"Poolsuitsuvorstide valmistamise koolitus 21.04.2026\"}]},{\"@type\":\"WebSite\",\"@id\":\"https:\\\/\\\/saksavorst.ee\\\/ru\\\/#website\",\"url\":\"https:\\\/\\\/saksavorst.ee\\\/ru\\\/\",\"name\":\"Saksavorst\",\"description\":\"Feel the taste of emotions\",\"publisher\":{\"@id\":\"https:\\\/\\\/saksavorst.ee\\\/ru\\\/#organization\"},\"alternateName\":\"Veikand\",\"potentialAction\":[{\"@type\":\"SearchAction\",\"target\":{\"@type\":\"EntryPoint\",\"urlTemplate\":\"https:\\\/\\\/saksavorst.ee\\\/ru\\\/?s={search_term_string}\"},\"query-input\":{\"@type\":\"PropertyValueSpecification\",\"valueRequired\":true,\"valueName\":\"search_term_string\"}}],\"inLanguage\":\"ru-RU\"},{\"@type\":\"Organization\",\"@id\":\"https:\\\/\\\/saksavorst.ee\\\/ru\\\/#organization\",\"name\":\"Saksavorst\",\"alternateName\":\"Veikand\",\"url\":\"https:\\\/\\\/saksavorst.ee\\\/ru\\\/\",\"logo\":{\"@type\":\"ImageObject\",\"inLanguage\":\"ru-RU\",\"@id\":\"https:\\\/\\\/saksavorst.ee\\\/ru\\\/#\\\/schema\\\/logo\\\/image\\\/\",\"url\":\"https:\\\/\\\/saksavorst.ee\\\/wp-content\\\/uploads\\\/2023\\\/05\\\/veikand-logo.jpg\",\"contentUrl\":\"https:\\\/\\\/saksavorst.ee\\\/wp-content\\\/uploads\\\/2023\\\/05\\\/veikand-logo.jpg\",\"width\":217,\"height\":217,\"caption\":\"Saksavorst\"},\"image\":{\"@id\":\"https:\\\/\\\/saksavorst.ee\\\/ru\\\/#\\\/schema\\\/logo\\\/image\\\/\"},\"sameAs\":[\"https:\\\/\\\/www.facebook.com\\\/Veikand\"]}]}<\/script>\n<!-- \/ Yoast SEO plugin. -->","yoast_head_json":{"title":"Poolsuitsuvorstide valmistamise koolitus 21.04.2026 - Saksavorst","robots":{"index":"index","follow":"follow","max-snippet":"max-snippet:-1","max-image-preview":"max-image-preview:large","max-video-preview":"max-video-preview:-1"},"canonical":"https:\/\/saksavorst.ee\/ru\/\u043f\u0440\u043e\u0434\u0443\u043a\u0442\/poolsuitsuvorstide-valmistamise-koolitus-21-04-2026\/","og_locale":"ru_RU","og_type":"article","og_title":"Poolsuitsuvorstide valmistamise koolitus 21.04.2026 - Saksavorst","og_description":"Koolituse viivad l\u00e4bi tehnoloogid Liina Raja ja Virgo Loide. Koolitus toimub eesti keeles.","og_url":"https:\/\/saksavorst.ee\/ru\/\u043f\u0440\u043e\u0434\u0443\u043a\u0442\/poolsuitsuvorstide-valmistamise-koolitus-21-04-2026\/","og_site_name":"Saksavorst","article_publisher":"https:\/\/www.facebook.com\/Veikand","article_modified_time":"2026-03-12T07:47:06+00:00","og_image":[{"width":1640,"height":924,"url":"https:\/\/saksavorst.ee\/wp-content\/uploads\/2026\/03\/poolsuitsuvorstide-valmistamise-koolitus-21.04.2026.png","type":"image\/png"}],"twitter_card":"summary_large_image","twitter_misc":{"\u041f\u0440\u0438\u043c\u0435\u0440\u043d\u043e\u0435 \u0432\u0440\u0435\u043c\u044f \u0434\u043b\u044f \u0447\u0442\u0435\u043d\u0438\u044f":"1 \u043c\u0438\u043d\u0443\u0442\u0430"},"schema":{"@context":"https:\/\/schema.org","@graph":[{"@type":"WebPage","@id":"https:\/\/saksavorst.ee\/ru\/\u043f\u0440\u043e\u0434\u0443\u043a\u0442\/poolsuitsuvorstide-valmistamise-koolitus-21-04-2026\/","url":"https:\/\/saksavorst.ee\/ru\/\u043f\u0440\u043e\u0434\u0443\u043a\u0442\/poolsuitsuvorstide-valmistamise-koolitus-21-04-2026\/","name":"Poolsuitsuvorstide valmistamise koolitus 21.04.2026 - Saksavorst","isPartOf":{"@id":"https:\/\/saksavorst.ee\/ru\/#website"},"primaryImageOfPage":{"@id":"https:\/\/saksavorst.ee\/ru\/\u043f\u0440\u043e\u0434\u0443\u043a\u0442\/poolsuitsuvorstide-valmistamise-koolitus-21-04-2026\/#primaryimage"},"image":{"@id":"https:\/\/saksavorst.ee\/ru\/\u043f\u0440\u043e\u0434\u0443\u043a\u0442\/poolsuitsuvorstide-valmistamise-koolitus-21-04-2026\/#primaryimage"},"thumbnailUrl":"https:\/\/saksavorst.ee\/wp-content\/uploads\/2026\/03\/poolsuitsuvorstide-valmistamise-koolitus-21.04.2026.png","datePublished":"2026-03-04T13:21:24+00:00","dateModified":"2026-03-12T07:47:06+00:00","breadcrumb":{"@id":"https:\/\/saksavorst.ee\/ru\/\u043f\u0440\u043e\u0434\u0443\u043a\u0442\/poolsuitsuvorstide-valmistamise-koolitus-21-04-2026\/#breadcrumb"},"inLanguage":"ru-RU","potentialAction":[{"@type":"ReadAction","target":["https:\/\/saksavorst.ee\/ru\/\u043f\u0440\u043e\u0434\u0443\u043a\u0442\/poolsuitsuvorstide-valmistamise-koolitus-21-04-2026\/"]}]},{"@type":"ImageObject","inLanguage":"ru-RU","@id":"https:\/\/saksavorst.ee\/ru\/\u043f\u0440\u043e\u0434\u0443\u043a\u0442\/poolsuitsuvorstide-valmistamise-koolitus-21-04-2026\/#primaryimage","url":"https:\/\/saksavorst.ee\/wp-content\/uploads\/2026\/03\/poolsuitsuvorstide-valmistamise-koolitus-21.04.2026.png","contentUrl":"https:\/\/saksavorst.ee\/wp-content\/uploads\/2026\/03\/poolsuitsuvorstide-valmistamise-koolitus-21.04.2026.png","width":1640,"height":924},{"@type":"BreadcrumbList","@id":"https:\/\/saksavorst.ee\/ru\/\u043f\u0440\u043e\u0434\u0443\u043a\u0442\/poolsuitsuvorstide-valmistamise-koolitus-21-04-2026\/#breadcrumb","itemListElement":[{"@type":"ListItem","position":1,"name":"Home","item":"https:\/\/saksavorst.ee\/ru\/"},{"@type":"ListItem","position":2,"name":"\u041c\u0430\u0433\u0430\u0437\u0438\u043d","item":"https:\/\/saksavorst.ee\/ru\/%d0%bc%d0%b0%d0%b3%d0%b0%d0%b7%d0%b8%d0%bd\/"},{"@type":"ListItem","position":3,"name":"Poolsuitsuvorstide valmistamise koolitus 21.04.2026"}]},{"@type":"WebSite","@id":"https:\/\/saksavorst.ee\/ru\/#website","url":"https:\/\/saksavorst.ee\/ru\/","name":"Saksavorst","description":"Feel the taste of emotions","publisher":{"@id":"https:\/\/saksavorst.ee\/ru\/#organization"},"alternateName":"Veikand","potentialAction":[{"@type":"SearchAction","target":{"@type":"EntryPoint","urlTemplate":"https:\/\/saksavorst.ee\/ru\/?s={search_term_string}"},"query-input":{"@type":"PropertyValueSpecification","valueRequired":true,"valueName":"search_term_string"}}],"inLanguage":"ru-RU"},{"@type":"Organization","@id":"https:\/\/saksavorst.ee\/ru\/#organization","name":"Saksavorst","alternateName":"Veikand","url":"https:\/\/saksavorst.ee\/ru\/","logo":{"@type":"ImageObject","inLanguage":"ru-RU","@id":"https:\/\/saksavorst.ee\/ru\/#\/schema\/logo\/image\/","url":"https:\/\/saksavorst.ee\/wp-content\/uploads\/2023\/05\/veikand-logo.jpg","contentUrl":"https:\/\/saksavorst.ee\/wp-content\/uploads\/2023\/05\/veikand-logo.jpg","width":217,"height":217,"caption":"Saksavorst"},"image":{"@id":"https:\/\/saksavorst.ee\/ru\/#\/schema\/logo\/image\/"},"sameAs":["https:\/\/www.facebook.com\/Veikand"]}]}},"_links":{"self":[{"href":"https:\/\/saksavorst.ee\/ru\/wp-json\/wp\/v2\/product\/49703","targetHints":{"allow":["GET"]}}],"collection":[{"href":"https:\/\/saksavorst.ee\/ru\/wp-json\/wp\/v2\/product"}],"about":[{"href":"https:\/\/saksavorst.ee\/ru\/wp-json\/wp\/v2\/types\/product"}],"version-history":[{"count":1,"href":"https:\/\/saksavorst.ee\/ru\/wp-json\/wp\/v2\/product\/49703\/revisions"}],"predecessor-version":[{"id":49710,"href":"https:\/\/saksavorst.ee\/ru\/wp-json\/wp\/v2\/product\/49703\/revisions\/49710"}],"wp:featuredmedia":[{"embeddable":true,"href":"https:\/\/saksavorst.ee\/ru\/wp-json\/wp\/v2\/media\/49705"}],"wp:attachment":[{"href":"https:\/\/saksavorst.ee\/ru\/wp-json\/wp\/v2\/media?parent=49703"}],"wp:term":[{"taxonomy":"product_brand","embeddable":true,"href":"https:\/\/saksavorst.ee\/ru\/wp-json\/wp\/v2\/product_brand?post=49703"},{"taxonomy":"product_cat","embeddable":true,"href":"https:\/\/saksavorst.ee\/ru\/wp-json\/wp\/v2\/product_cat?post=49703"},{"taxonomy":"product_tag","embeddable":true,"href":"https:\/\/saksavorst.ee\/ru\/wp-json\/wp\/v2\/product_tag?post=49703"}],"curies":[{"name":"wp","href":"https:\/\/api.w.org\/{rel}","templated":true}]}}