{"id":50986,"date":"2026-05-13T12:48:20","date_gmt":"2026-05-13T10:48:20","guid":{"rendered":"https:\/\/saksavorst.ee\/?post_type=product&#038;p=50986"},"modified":"2026-05-13T12:50:44","modified_gmt":"2026-05-13T10:50:44","slug":"markal-dura-ink-divu-uzgalu-markieris-ar-2-uzgaliem-07-1mm-sarkans","status":"publish","type":"product","link":"https:\/\/saksavorst.ee\/lv\/produkts\/markal-dura-ink-divu-uzgalu-markieris-ar-2-uzgaliem-07-1mm-sarkans\/","title":{"rendered":"Markal DURA\u2011INK divu uzga\u013cu mar\u0137ieris ar 2 uzga\u013ciem 0,7-1mm sarkans"},"content":{"rendered":"<p><strong>VIRSMU LIETO\u0160ANA<\/strong><\/p>\n<ul>\n<li>Met\u0101ls<\/li>\n<li>Caurules\/caurules<\/li>\n<li>Plastmasa<\/li>\n<li>Stikls\/keramika<\/li>\n<li>Z\u0101\u0123materi\u0101li un kokmateri\u0101li<\/li>\n<li>Tekstils<\/li>\n<li>Pap\u012brs\/kartons<\/li>\n<li>Audums\/audums (tekstils)<\/li>\n<\/ul>\n<p>Kr\u0101sa: sarkans<\/p>\n<p>Kods: MVO1146<\/p>\n","protected":false},"excerpt":{"rendered":"<p>Daudzpus\u012bgais divu uzga\u013cu dizains ir lieliski piem\u0113rots pla\u0161ai rakst\u012b\u0161anai uz liel\u0101m viet\u0101m un \u012bpa\u0161i smalkai prec\u012bzai mar\u0137\u0113\u0161anai uz maz\u0101m virsm\u0101m. R\u016bpnieciskas iztur\u012bbas past\u0101v\u012bg\u0101 tinte \u0101tri \u017e\u016bst un ir iztur\u012bga pret nodilumu un laikapst\u0101k\u013ciem, nodro\u0161inot ilg\u0101k notur\u012bgas atz\u012bmes.<\/p>\n","protected":false},"featured_media":51001,"template":"","meta":{"_acf_changed":false},"product_brand":[],"product_cat":[345,347,351,353],"product_tag":[],"class_list":{"0":"post-50986","1":"product","2":"type-product","3":"status-publish","4":"has-post-thumbnail","6":"product_cat-rezerves-dalas","7":"product_cat-paliglidzekli-nazi-un-piederumi","8":"product_cat-piedavajumi","9":"product_cat-paliglidzekli-iepakojums","11":"first","12":"instock","13":"taxable","14":"shipping-taxable","15":"purchasable","16":"product-type-simple"},"acf":[],"yoast_head":"<!-- This site is optimized with the Yoast SEO plugin v27.5 - https:\/\/yoast.com\/product\/yoast-seo-wordpress\/ -->\n<title>Markal DURA\u2011INK divu uzga\u013cu mar\u0137ieris ar 2 uzga\u013ciem 0,7-1mm sarkans - Saksavorst<\/title>\n<meta name=\"robots\" content=\"index, follow, max-snippet:-1, max-image-preview:large, max-video-preview:-1\" \/>\n<link rel=\"canonical\" href=\"https:\/\/saksavorst.ee\/lv\/produkts\/markal-dura-ink-divu-uzgalu-markieris-ar-2-uzgaliem-07-1mm-sarkans\/\" \/>\n<meta property=\"og:locale\" content=\"lv_LV\" \/>\n<meta property=\"og:type\" content=\"article\" \/>\n<meta property=\"og:title\" content=\"Markal DURA\u2011INK divu uzga\u013cu mar\u0137ieris ar 2 uzga\u013ciem 0,7-1mm sarkans - Saksavorst\" \/>\n<meta property=\"og:description\" content=\"Daudzpus\u012bgais divu uzga\u013cu dizains ir lieliski piem\u0113rots pla\u0161ai rakst\u012b\u0161anai uz liel\u0101m viet\u0101m un \u012bpa\u0161i smalkai prec\u012bzai mar\u0137\u0113\u0161anai uz maz\u0101m virsm\u0101m. R\u016bpnieciskas iztur\u012bbas past\u0101v\u012bg\u0101 tinte \u0101tri \u017e\u016bst un ir iztur\u012bga pret nodilumu un laikapst\u0101k\u013ciem, nodro\u0161inot ilg\u0101k notur\u012bgas atz\u012bmes.\" \/>\n<meta property=\"og:url\" content=\"https:\/\/saksavorst.ee\/lv\/produkts\/markal-dura-ink-divu-uzgalu-markieris-ar-2-uzgaliem-07-1mm-sarkans\/\" \/>\n<meta property=\"og:site_name\" content=\"Saksavorst\" \/>\n<meta property=\"article:publisher\" content=\"https:\/\/www.facebook.com\/Veikand\" \/>\n<meta property=\"article:modified_time\" content=\"2026-05-13T10:50:44+00:00\" \/>\n<meta property=\"og:image\" content=\"https:\/\/saksavorst.ee\/wp-content\/uploads\/2026\/05\/markal-dura\u2011ink-dual-tip-marker-2-otsaga-punane-1.jpg\" \/>\n\t<meta property=\"og:image:width\" content=\"800\" \/>\n\t<meta property=\"og:image:height\" content=\"800\" \/>\n\t<meta property=\"og:image:type\" content=\"image\/jpeg\" \/>\n<meta name=\"twitter:card\" content=\"summary_large_image\" \/>\n<meta name=\"twitter:label1\" content=\"Est. reading time\" \/>\n\t<meta name=\"twitter:data1\" content=\"1 minute\" \/>\n<script type=\"application\/ld+json\" class=\"yoast-schema-graph\">{\"@context\":\"https:\\\/\\\/schema.org\",\"@graph\":[{\"@type\":\"WebPage\",\"@id\":\"https:\\\/\\\/saksavorst.ee\\\/lv\\\/produkts\\\/markal-dura-ink-divu-uzgalu-markieris-ar-2-uzgaliem-07-1mm-sarkans\\\/\",\"url\":\"https:\\\/\\\/saksavorst.ee\\\/lv\\\/produkts\\\/markal-dura-ink-divu-uzgalu-markieris-ar-2-uzgaliem-07-1mm-sarkans\\\/\",\"name\":\"Markal DURA\u2011INK divu uzga\u013cu mar\u0137ieris ar 2 uzga\u013ciem 0,7-1mm sarkans - Saksavorst\",\"isPartOf\":{\"@id\":\"https:\\\/\\\/saksavorst.ee\\\/lv\\\/#website\"},\"primaryImageOfPage\":{\"@id\":\"https:\\\/\\\/saksavorst.ee\\\/lv\\\/produkts\\\/markal-dura-ink-divu-uzgalu-markieris-ar-2-uzgaliem-07-1mm-sarkans\\\/#primaryimage\"},\"image\":{\"@id\":\"https:\\\/\\\/saksavorst.ee\\\/lv\\\/produkts\\\/markal-dura-ink-divu-uzgalu-markieris-ar-2-uzgaliem-07-1mm-sarkans\\\/#primaryimage\"},\"thumbnailUrl\":\"https:\\\/\\\/saksavorst.ee\\\/wp-content\\\/uploads\\\/2026\\\/05\\\/markal-dura\u2011ink-dual-tip-marker-2-otsaga-punane-1.jpg\",\"datePublished\":\"2026-05-13T10:48:20+00:00\",\"dateModified\":\"2026-05-13T10:50:44+00:00\",\"breadcrumb\":{\"@id\":\"https:\\\/\\\/saksavorst.ee\\\/lv\\\/produkts\\\/markal-dura-ink-divu-uzgalu-markieris-ar-2-uzgaliem-07-1mm-sarkans\\\/#breadcrumb\"},\"inLanguage\":\"lv-LV\",\"potentialAction\":[{\"@type\":\"ReadAction\",\"target\":[\"https:\\\/\\\/saksavorst.ee\\\/lv\\\/produkts\\\/markal-dura-ink-divu-uzgalu-markieris-ar-2-uzgaliem-07-1mm-sarkans\\\/\"]}]},{\"@type\":\"ImageObject\",\"inLanguage\":\"lv-LV\",\"@id\":\"https:\\\/\\\/saksavorst.ee\\\/lv\\\/produkts\\\/markal-dura-ink-divu-uzgalu-markieris-ar-2-uzgaliem-07-1mm-sarkans\\\/#primaryimage\",\"url\":\"https:\\\/\\\/saksavorst.ee\\\/wp-content\\\/uploads\\\/2026\\\/05\\\/markal-dura\u2011ink-dual-tip-marker-2-otsaga-punane-1.jpg\",\"contentUrl\":\"https:\\\/\\\/saksavorst.ee\\\/wp-content\\\/uploads\\\/2026\\\/05\\\/markal-dura\u2011ink-dual-tip-marker-2-otsaga-punane-1.jpg\",\"width\":800,\"height\":800},{\"@type\":\"BreadcrumbList\",\"@id\":\"https:\\\/\\\/saksavorst.ee\\\/lv\\\/produkts\\\/markal-dura-ink-divu-uzgalu-markieris-ar-2-uzgaliem-07-1mm-sarkans\\\/#breadcrumb\",\"itemListElement\":[{\"@type\":\"ListItem\",\"position\":1,\"name\":\"Home\",\"item\":\"https:\\\/\\\/saksavorst.ee\\\/lv\\\/\"},{\"@type\":\"ListItem\",\"position\":2,\"name\":\"Veikals\",\"item\":\"https:\\\/\\\/saksavorst.ee\\\/lv\\\/veikals\\\/\"},{\"@type\":\"ListItem\",\"position\":3,\"name\":\"Markal DURA\u2011INK divu uzga\u013cu mar\u0137ieris ar 2 uzga\u013ciem 0,7-1mm sarkans\"}]},{\"@type\":\"WebSite\",\"@id\":\"https:\\\/\\\/saksavorst.ee\\\/lv\\\/#website\",\"url\":\"https:\\\/\\\/saksavorst.ee\\\/lv\\\/\",\"name\":\"Saksavorst\",\"description\":\"Feel the taste of emotions\",\"publisher\":{\"@id\":\"https:\\\/\\\/saksavorst.ee\\\/lv\\\/#organization\"},\"alternateName\":\"Veikand\",\"potentialAction\":[{\"@type\":\"SearchAction\",\"target\":{\"@type\":\"EntryPoint\",\"urlTemplate\":\"https:\\\/\\\/saksavorst.ee\\\/lv\\\/?s={search_term_string}\"},\"query-input\":{\"@type\":\"PropertyValueSpecification\",\"valueRequired\":true,\"valueName\":\"search_term_string\"}}],\"inLanguage\":\"lv-LV\"},{\"@type\":\"Organization\",\"@id\":\"https:\\\/\\\/saksavorst.ee\\\/lv\\\/#organization\",\"name\":\"Saksavorst\",\"alternateName\":\"Veikand\",\"url\":\"https:\\\/\\\/saksavorst.ee\\\/lv\\\/\",\"logo\":{\"@type\":\"ImageObject\",\"inLanguage\":\"lv-LV\",\"@id\":\"https:\\\/\\\/saksavorst.ee\\\/lv\\\/#\\\/schema\\\/logo\\\/image\\\/\",\"url\":\"https:\\\/\\\/saksavorst.ee\\\/wp-content\\\/uploads\\\/2023\\\/05\\\/veikand-logo.jpg\",\"contentUrl\":\"https:\\\/\\\/saksavorst.ee\\\/wp-content\\\/uploads\\\/2023\\\/05\\\/veikand-logo.jpg\",\"width\":217,\"height\":217,\"caption\":\"Saksavorst\"},\"image\":{\"@id\":\"https:\\\/\\\/saksavorst.ee\\\/lv\\\/#\\\/schema\\\/logo\\\/image\\\/\"},\"sameAs\":[\"https:\\\/\\\/www.facebook.com\\\/Veikand\"]}]}<\/script>\n<!-- \/ Yoast SEO plugin. -->","yoast_head_json":{"title":"Markal DURA\u2011INK divu uzga\u013cu mar\u0137ieris ar 2 uzga\u013ciem 0,7-1mm sarkans - Saksavorst","robots":{"index":"index","follow":"follow","max-snippet":"max-snippet:-1","max-image-preview":"max-image-preview:large","max-video-preview":"max-video-preview:-1"},"canonical":"https:\/\/saksavorst.ee\/lv\/produkts\/markal-dura-ink-divu-uzgalu-markieris-ar-2-uzgaliem-07-1mm-sarkans\/","og_locale":"lv_LV","og_type":"article","og_title":"Markal DURA\u2011INK divu uzga\u013cu mar\u0137ieris ar 2 uzga\u013ciem 0,7-1mm sarkans - Saksavorst","og_description":"Daudzpus\u012bgais divu uzga\u013cu dizains ir lieliski piem\u0113rots pla\u0161ai rakst\u012b\u0161anai uz liel\u0101m viet\u0101m un \u012bpa\u0161i smalkai prec\u012bzai mar\u0137\u0113\u0161anai uz maz\u0101m virsm\u0101m. R\u016bpnieciskas iztur\u012bbas past\u0101v\u012bg\u0101 tinte \u0101tri \u017e\u016bst un ir iztur\u012bga pret nodilumu un laikapst\u0101k\u013ciem, nodro\u0161inot ilg\u0101k notur\u012bgas atz\u012bmes.","og_url":"https:\/\/saksavorst.ee\/lv\/produkts\/markal-dura-ink-divu-uzgalu-markieris-ar-2-uzgaliem-07-1mm-sarkans\/","og_site_name":"Saksavorst","article_publisher":"https:\/\/www.facebook.com\/Veikand","article_modified_time":"2026-05-13T10:50:44+00:00","og_image":[{"width":800,"height":800,"url":"https:\/\/saksavorst.ee\/wp-content\/uploads\/2026\/05\/markal-dura\u2011ink-dual-tip-marker-2-otsaga-punane-1.jpg","type":"image\/jpeg"}],"twitter_card":"summary_large_image","twitter_misc":{"Est. reading time":"1 minute"},"schema":{"@context":"https:\/\/schema.org","@graph":[{"@type":"WebPage","@id":"https:\/\/saksavorst.ee\/lv\/produkts\/markal-dura-ink-divu-uzgalu-markieris-ar-2-uzgaliem-07-1mm-sarkans\/","url":"https:\/\/saksavorst.ee\/lv\/produkts\/markal-dura-ink-divu-uzgalu-markieris-ar-2-uzgaliem-07-1mm-sarkans\/","name":"Markal DURA\u2011INK divu uzga\u013cu mar\u0137ieris ar 2 uzga\u013ciem 0,7-1mm sarkans - Saksavorst","isPartOf":{"@id":"https:\/\/saksavorst.ee\/lv\/#website"},"primaryImageOfPage":{"@id":"https:\/\/saksavorst.ee\/lv\/produkts\/markal-dura-ink-divu-uzgalu-markieris-ar-2-uzgaliem-07-1mm-sarkans\/#primaryimage"},"image":{"@id":"https:\/\/saksavorst.ee\/lv\/produkts\/markal-dura-ink-divu-uzgalu-markieris-ar-2-uzgaliem-07-1mm-sarkans\/#primaryimage"},"thumbnailUrl":"https:\/\/saksavorst.ee\/wp-content\/uploads\/2026\/05\/markal-dura\u2011ink-dual-tip-marker-2-otsaga-punane-1.jpg","datePublished":"2026-05-13T10:48:20+00:00","dateModified":"2026-05-13T10:50:44+00:00","breadcrumb":{"@id":"https:\/\/saksavorst.ee\/lv\/produkts\/markal-dura-ink-divu-uzgalu-markieris-ar-2-uzgaliem-07-1mm-sarkans\/#breadcrumb"},"inLanguage":"lv-LV","potentialAction":[{"@type":"ReadAction","target":["https:\/\/saksavorst.ee\/lv\/produkts\/markal-dura-ink-divu-uzgalu-markieris-ar-2-uzgaliem-07-1mm-sarkans\/"]}]},{"@type":"ImageObject","inLanguage":"lv-LV","@id":"https:\/\/saksavorst.ee\/lv\/produkts\/markal-dura-ink-divu-uzgalu-markieris-ar-2-uzgaliem-07-1mm-sarkans\/#primaryimage","url":"https:\/\/saksavorst.ee\/wp-content\/uploads\/2026\/05\/markal-dura\u2011ink-dual-tip-marker-2-otsaga-punane-1.jpg","contentUrl":"https:\/\/saksavorst.ee\/wp-content\/uploads\/2026\/05\/markal-dura\u2011ink-dual-tip-marker-2-otsaga-punane-1.jpg","width":800,"height":800},{"@type":"BreadcrumbList","@id":"https:\/\/saksavorst.ee\/lv\/produkts\/markal-dura-ink-divu-uzgalu-markieris-ar-2-uzgaliem-07-1mm-sarkans\/#breadcrumb","itemListElement":[{"@type":"ListItem","position":1,"name":"Home","item":"https:\/\/saksavorst.ee\/lv\/"},{"@type":"ListItem","position":2,"name":"Veikals","item":"https:\/\/saksavorst.ee\/lv\/veikals\/"},{"@type":"ListItem","position":3,"name":"Markal DURA\u2011INK divu uzga\u013cu mar\u0137ieris ar 2 uzga\u013ciem 0,7-1mm sarkans"}]},{"@type":"WebSite","@id":"https:\/\/saksavorst.ee\/lv\/#website","url":"https:\/\/saksavorst.ee\/lv\/","name":"Saksavorst","description":"Feel the taste of emotions","publisher":{"@id":"https:\/\/saksavorst.ee\/lv\/#organization"},"alternateName":"Veikand","potentialAction":[{"@type":"SearchAction","target":{"@type":"EntryPoint","urlTemplate":"https:\/\/saksavorst.ee\/lv\/?s={search_term_string}"},"query-input":{"@type":"PropertyValueSpecification","valueRequired":true,"valueName":"search_term_string"}}],"inLanguage":"lv-LV"},{"@type":"Organization","@id":"https:\/\/saksavorst.ee\/lv\/#organization","name":"Saksavorst","alternateName":"Veikand","url":"https:\/\/saksavorst.ee\/lv\/","logo":{"@type":"ImageObject","inLanguage":"lv-LV","@id":"https:\/\/saksavorst.ee\/lv\/#\/schema\/logo\/image\/","url":"https:\/\/saksavorst.ee\/wp-content\/uploads\/2023\/05\/veikand-logo.jpg","contentUrl":"https:\/\/saksavorst.ee\/wp-content\/uploads\/2023\/05\/veikand-logo.jpg","width":217,"height":217,"caption":"Saksavorst"},"image":{"@id":"https:\/\/saksavorst.ee\/lv\/#\/schema\/logo\/image\/"},"sameAs":["https:\/\/www.facebook.com\/Veikand"]}]}},"_links":{"self":[{"href":"https:\/\/saksavorst.ee\/lv\/wp-json\/wp\/v2\/product\/50986","targetHints":{"allow":["GET"]}}],"collection":[{"href":"https:\/\/saksavorst.ee\/lv\/wp-json\/wp\/v2\/product"}],"about":[{"href":"https:\/\/saksavorst.ee\/lv\/wp-json\/wp\/v2\/types\/product"}],"version-history":[{"count":1,"href":"https:\/\/saksavorst.ee\/lv\/wp-json\/wp\/v2\/product\/50986\/revisions"}],"predecessor-version":[{"id":51006,"href":"https:\/\/saksavorst.ee\/lv\/wp-json\/wp\/v2\/product\/50986\/revisions\/51006"}],"wp:featuredmedia":[{"embeddable":true,"href":"https:\/\/saksavorst.ee\/lv\/wp-json\/wp\/v2\/media\/51001"}],"wp:attachment":[{"href":"https:\/\/saksavorst.ee\/lv\/wp-json\/wp\/v2\/media?parent=50986"}],"wp:term":[{"taxonomy":"product_brand","embeddable":true,"href":"https:\/\/saksavorst.ee\/lv\/wp-json\/wp\/v2\/product_brand?post=50986"},{"taxonomy":"product_cat","embeddable":true,"href":"https:\/\/saksavorst.ee\/lv\/wp-json\/wp\/v2\/product_cat?post=50986"},{"taxonomy":"product_tag","embeddable":true,"href":"https:\/\/saksavorst.ee\/lv\/wp-json\/wp\/v2\/product_tag?post=50986"}],"curies":[{"name":"wp","href":"https:\/\/api.w.org\/{rel}","templated":true}]}}