{"id":50782,"date":"2026-05-08T11:10:57","date_gmt":"2026-05-08T09:10:57","guid":{"rendered":"https:\/\/saksavorst.ee\/?post_type=product&#038;p=50782"},"modified":"2026-05-08T12:41:06","modified_gmt":"2026-05-08T10:41:06","slug":"rafineta-avokado-ella-sierra-mikita-500ml","status":"publish","type":"product","link":"https:\/\/saksavorst.ee\/lv\/produkts\/rafineta-avokado-ella-sierra-mikita-500ml\/","title":{"rendered":"Rafin\u0113ta avokado e\u013c\u013ca SIERRA MIKITA 500ml"},"content":{"rendered":"<h4><strong>AVOKADO E\u013b\u013bA RAFIN\u0112TA<\/strong><\/h4>\n<h4><strong>Sast\u0101vda\u013cas:<\/strong><\/h4>\n<p>Avokado<\/p>\n<p>Daudzums: 500 ml<\/p>\n<p>Ieteicam\u0101 deva: atbilsto\u0161i vajadz\u012bbai<\/p>\n<p>Uzglab\u0101t v\u0113s\u0101 (11\u201325 \u00b0C), saus\u0101 un tum\u0161\u0101 viet\u0101<\/p>\n<p>Ieteicams l\u012bdz: skat\u012bt uz iepakojuma<\/p>\n<h4><strong>Uzturv\u0113rt\u012bba \u2013 100 g produkta satur:<\/strong><\/h4>\n<p>Ener\u0123\u0113tisk\u0101 v\u0113rt\u012bba 3700 kJ \/ 900 kcal<br \/>\nTauki 100 g<br \/>\nno tiem pies\u0101tin\u0101tie 18 g<br \/>\nOg\u013chidr\u0101ti 0 g<br \/>\nno tiem cukuri 0 g<br \/>\nOlbaltumvielas 0 g<br \/>\nS\u0101ls 0 g<\/p>\n<p>Ra\u017eots: Sp\u0101nija<\/p>\n<p>Ra\u017eot\u0101js: Aceites Malaga S.L.<\/p>\n","protected":false},"excerpt":{"rendered":"<p>Rafin\u0113ta avokado e\u013c\u013ca ir augstas temperat\u016bras iztur\u012bga, neitr\u0101las gar\u0161as un 100 % augu izcelsmes e\u013c\u013ca, kas lieliski piem\u0113rota ikdienas gatavo\u0161anai. Ide\u0101li piem\u0113rota cep\u0161anai, cep\u0161anai kr\u0101sn\u012b, wok \u0113dieniem un sal\u0101tu m\u0113rc\u0113m. Lieliska izv\u0113le m\u0101jsaimniec\u0113m, profesion\u0101liem pav\u0101riem un veg\u0101niem, kuri nov\u0113rt\u0113 kvalit\u0101ti, t\u012br\u012bbu un daudzpus\u012bbu.<\/p>\n<p>100 % Sp\u0101nijas izcelsme, ra\u017eota Malag\u0101.<\/p>\n","protected":false},"featured_media":50794,"template":"","meta":{"_acf_changed":false},"product_brand":[],"product_cat":[485,490],"product_tag":[],"class_list":{"0":"post-50782","1":"product","2":"type-product","3":"status-publish","4":"has-post-thumbnail","6":"product_cat-sezonas-favoriti","7":"product_cat-partikas-preces","9":"first","10":"instock","11":"taxable","12":"shipping-taxable","13":"purchasable","14":"product-type-simple"},"acf":[],"yoast_head":"<!-- This site is optimized with the Yoast SEO plugin v27.5 - https:\/\/yoast.com\/product\/yoast-seo-wordpress\/ -->\n<title>Rafin\u0113ta avokado e\u013c\u013ca SIERRA MIKITA 500ml - Saksavorst<\/title>\n<meta name=\"robots\" content=\"index, follow, max-snippet:-1, max-image-preview:large, max-video-preview:-1\" \/>\n<link rel=\"canonical\" href=\"https:\/\/saksavorst.ee\/lv\/produkts\/rafineta-avokado-ella-sierra-mikita-500ml\/\" \/>\n<meta property=\"og:locale\" content=\"lv_LV\" \/>\n<meta property=\"og:type\" content=\"article\" \/>\n<meta property=\"og:title\" content=\"Rafin\u0113ta avokado e\u013c\u013ca SIERRA MIKITA 500ml - Saksavorst\" \/>\n<meta property=\"og:description\" content=\"Rafin\u0113ta avokado e\u013c\u013ca ir augstas temperat\u016bras iztur\u012bga, neitr\u0101las gar\u0161as un 100 % augu izcelsmes e\u013c\u013ca, kas lieliski piem\u0113rota ikdienas gatavo\u0161anai. Ide\u0101li piem\u0113rota cep\u0161anai, cep\u0161anai kr\u0101sn\u012b, wok \u0113dieniem un sal\u0101tu m\u0113rc\u0113m. Lieliska izv\u0113le m\u0101jsaimniec\u0113m, profesion\u0101liem pav\u0101riem un veg\u0101niem, kuri nov\u0113rt\u0113 kvalit\u0101ti, t\u012br\u012bbu un daudzpus\u012bbu.  100 % Sp\u0101nijas izcelsme, ra\u017eota Malag\u0101.\" \/>\n<meta property=\"og:url\" content=\"https:\/\/saksavorst.ee\/lv\/produkts\/rafineta-avokado-ella-sierra-mikita-500ml\/\" \/>\n<meta property=\"og:site_name\" content=\"Saksavorst\" \/>\n<meta property=\"article:publisher\" content=\"https:\/\/www.facebook.com\/Veikand\" \/>\n<meta property=\"article:modified_time\" content=\"2026-05-08T10:41:06+00:00\" \/>\n<meta property=\"og:image\" content=\"https:\/\/saksavorst.ee\/wp-content\/uploads\/2025\/12\/avokaadooli-rafineeritud-sierra-mikita-500ml-pudel.png\" \/>\n\t<meta property=\"og:image:width\" content=\"800\" \/>\n\t<meta property=\"og:image:height\" content=\"800\" \/>\n\t<meta property=\"og:image:type\" content=\"image\/png\" \/>\n<meta name=\"twitter:card\" content=\"summary_large_image\" \/>\n<meta name=\"twitter:label1\" content=\"Est. reading time\" \/>\n\t<meta name=\"twitter:data1\" content=\"1 minute\" \/>\n<script type=\"application\/ld+json\" class=\"yoast-schema-graph\">{\"@context\":\"https:\\\/\\\/schema.org\",\"@graph\":[{\"@type\":\"WebPage\",\"@id\":\"https:\\\/\\\/saksavorst.ee\\\/lv\\\/produkts\\\/rafineta-avokado-ella-sierra-mikita-500ml\\\/\",\"url\":\"https:\\\/\\\/saksavorst.ee\\\/lv\\\/produkts\\\/rafineta-avokado-ella-sierra-mikita-500ml\\\/\",\"name\":\"Rafin\u0113ta avokado e\u013c\u013ca SIERRA MIKITA 500ml - Saksavorst\",\"isPartOf\":{\"@id\":\"https:\\\/\\\/saksavorst.ee\\\/lv\\\/#website\"},\"primaryImageOfPage\":{\"@id\":\"https:\\\/\\\/saksavorst.ee\\\/lv\\\/produkts\\\/rafineta-avokado-ella-sierra-mikita-500ml\\\/#primaryimage\"},\"image\":{\"@id\":\"https:\\\/\\\/saksavorst.ee\\\/lv\\\/produkts\\\/rafineta-avokado-ella-sierra-mikita-500ml\\\/#primaryimage\"},\"thumbnailUrl\":\"https:\\\/\\\/saksavorst.ee\\\/wp-content\\\/uploads\\\/2025\\\/12\\\/avokaadooli-rafineeritud-sierra-mikita-500ml-pudel.png\",\"datePublished\":\"2026-05-08T09:10:57+00:00\",\"dateModified\":\"2026-05-08T10:41:06+00:00\",\"breadcrumb\":{\"@id\":\"https:\\\/\\\/saksavorst.ee\\\/lv\\\/produkts\\\/rafineta-avokado-ella-sierra-mikita-500ml\\\/#breadcrumb\"},\"inLanguage\":\"lv-LV\",\"potentialAction\":[{\"@type\":\"ReadAction\",\"target\":[\"https:\\\/\\\/saksavorst.ee\\\/lv\\\/produkts\\\/rafineta-avokado-ella-sierra-mikita-500ml\\\/\"]}]},{\"@type\":\"ImageObject\",\"inLanguage\":\"lv-LV\",\"@id\":\"https:\\\/\\\/saksavorst.ee\\\/lv\\\/produkts\\\/rafineta-avokado-ella-sierra-mikita-500ml\\\/#primaryimage\",\"url\":\"https:\\\/\\\/saksavorst.ee\\\/wp-content\\\/uploads\\\/2025\\\/12\\\/avokaadooli-rafineeritud-sierra-mikita-500ml-pudel.png\",\"contentUrl\":\"https:\\\/\\\/saksavorst.ee\\\/wp-content\\\/uploads\\\/2025\\\/12\\\/avokaadooli-rafineeritud-sierra-mikita-500ml-pudel.png\",\"width\":800,\"height\":800},{\"@type\":\"BreadcrumbList\",\"@id\":\"https:\\\/\\\/saksavorst.ee\\\/lv\\\/produkts\\\/rafineta-avokado-ella-sierra-mikita-500ml\\\/#breadcrumb\",\"itemListElement\":[{\"@type\":\"ListItem\",\"position\":1,\"name\":\"Home\",\"item\":\"https:\\\/\\\/saksavorst.ee\\\/lv\\\/\"},{\"@type\":\"ListItem\",\"position\":2,\"name\":\"Veikals\",\"item\":\"https:\\\/\\\/saksavorst.ee\\\/lv\\\/veikals\\\/\"},{\"@type\":\"ListItem\",\"position\":3,\"name\":\"Rafin\u0113ta avokado e\u013c\u013ca SIERRA MIKITA 500ml\"}]},{\"@type\":\"WebSite\",\"@id\":\"https:\\\/\\\/saksavorst.ee\\\/lv\\\/#website\",\"url\":\"https:\\\/\\\/saksavorst.ee\\\/lv\\\/\",\"name\":\"Saksavorst\",\"description\":\"Feel the taste of emotions\",\"publisher\":{\"@id\":\"https:\\\/\\\/saksavorst.ee\\\/lv\\\/#organization\"},\"alternateName\":\"Veikand\",\"potentialAction\":[{\"@type\":\"SearchAction\",\"target\":{\"@type\":\"EntryPoint\",\"urlTemplate\":\"https:\\\/\\\/saksavorst.ee\\\/lv\\\/?s={search_term_string}\"},\"query-input\":{\"@type\":\"PropertyValueSpecification\",\"valueRequired\":true,\"valueName\":\"search_term_string\"}}],\"inLanguage\":\"lv-LV\"},{\"@type\":\"Organization\",\"@id\":\"https:\\\/\\\/saksavorst.ee\\\/lv\\\/#organization\",\"name\":\"Saksavorst\",\"alternateName\":\"Veikand\",\"url\":\"https:\\\/\\\/saksavorst.ee\\\/lv\\\/\",\"logo\":{\"@type\":\"ImageObject\",\"inLanguage\":\"lv-LV\",\"@id\":\"https:\\\/\\\/saksavorst.ee\\\/lv\\\/#\\\/schema\\\/logo\\\/image\\\/\",\"url\":\"https:\\\/\\\/saksavorst.ee\\\/wp-content\\\/uploads\\\/2023\\\/05\\\/veikand-logo.jpg\",\"contentUrl\":\"https:\\\/\\\/saksavorst.ee\\\/wp-content\\\/uploads\\\/2023\\\/05\\\/veikand-logo.jpg\",\"width\":217,\"height\":217,\"caption\":\"Saksavorst\"},\"image\":{\"@id\":\"https:\\\/\\\/saksavorst.ee\\\/lv\\\/#\\\/schema\\\/logo\\\/image\\\/\"},\"sameAs\":[\"https:\\\/\\\/www.facebook.com\\\/Veikand\"]}]}<\/script>\n<!-- \/ Yoast SEO plugin. -->","yoast_head_json":{"title":"Rafin\u0113ta avokado e\u013c\u013ca SIERRA MIKITA 500ml - Saksavorst","robots":{"index":"index","follow":"follow","max-snippet":"max-snippet:-1","max-image-preview":"max-image-preview:large","max-video-preview":"max-video-preview:-1"},"canonical":"https:\/\/saksavorst.ee\/lv\/produkts\/rafineta-avokado-ella-sierra-mikita-500ml\/","og_locale":"lv_LV","og_type":"article","og_title":"Rafin\u0113ta avokado e\u013c\u013ca SIERRA MIKITA 500ml - Saksavorst","og_description":"Rafin\u0113ta avokado e\u013c\u013ca ir augstas temperat\u016bras iztur\u012bga, neitr\u0101las gar\u0161as un 100 % augu izcelsmes e\u013c\u013ca, kas lieliski piem\u0113rota ikdienas gatavo\u0161anai. Ide\u0101li piem\u0113rota cep\u0161anai, cep\u0161anai kr\u0101sn\u012b, wok \u0113dieniem un sal\u0101tu m\u0113rc\u0113m. Lieliska izv\u0113le m\u0101jsaimniec\u0113m, profesion\u0101liem pav\u0101riem un veg\u0101niem, kuri nov\u0113rt\u0113 kvalit\u0101ti, t\u012br\u012bbu un daudzpus\u012bbu.  100 % Sp\u0101nijas izcelsme, ra\u017eota Malag\u0101.","og_url":"https:\/\/saksavorst.ee\/lv\/produkts\/rafineta-avokado-ella-sierra-mikita-500ml\/","og_site_name":"Saksavorst","article_publisher":"https:\/\/www.facebook.com\/Veikand","article_modified_time":"2026-05-08T10:41:06+00:00","og_image":[{"width":800,"height":800,"url":"https:\/\/saksavorst.ee\/wp-content\/uploads\/2025\/12\/avokaadooli-rafineeritud-sierra-mikita-500ml-pudel.png","type":"image\/png"}],"twitter_card":"summary_large_image","twitter_misc":{"Est. reading time":"1 minute"},"schema":{"@context":"https:\/\/schema.org","@graph":[{"@type":"WebPage","@id":"https:\/\/saksavorst.ee\/lv\/produkts\/rafineta-avokado-ella-sierra-mikita-500ml\/","url":"https:\/\/saksavorst.ee\/lv\/produkts\/rafineta-avokado-ella-sierra-mikita-500ml\/","name":"Rafin\u0113ta avokado e\u013c\u013ca SIERRA MIKITA 500ml - Saksavorst","isPartOf":{"@id":"https:\/\/saksavorst.ee\/lv\/#website"},"primaryImageOfPage":{"@id":"https:\/\/saksavorst.ee\/lv\/produkts\/rafineta-avokado-ella-sierra-mikita-500ml\/#primaryimage"},"image":{"@id":"https:\/\/saksavorst.ee\/lv\/produkts\/rafineta-avokado-ella-sierra-mikita-500ml\/#primaryimage"},"thumbnailUrl":"https:\/\/saksavorst.ee\/wp-content\/uploads\/2025\/12\/avokaadooli-rafineeritud-sierra-mikita-500ml-pudel.png","datePublished":"2026-05-08T09:10:57+00:00","dateModified":"2026-05-08T10:41:06+00:00","breadcrumb":{"@id":"https:\/\/saksavorst.ee\/lv\/produkts\/rafineta-avokado-ella-sierra-mikita-500ml\/#breadcrumb"},"inLanguage":"lv-LV","potentialAction":[{"@type":"ReadAction","target":["https:\/\/saksavorst.ee\/lv\/produkts\/rafineta-avokado-ella-sierra-mikita-500ml\/"]}]},{"@type":"ImageObject","inLanguage":"lv-LV","@id":"https:\/\/saksavorst.ee\/lv\/produkts\/rafineta-avokado-ella-sierra-mikita-500ml\/#primaryimage","url":"https:\/\/saksavorst.ee\/wp-content\/uploads\/2025\/12\/avokaadooli-rafineeritud-sierra-mikita-500ml-pudel.png","contentUrl":"https:\/\/saksavorst.ee\/wp-content\/uploads\/2025\/12\/avokaadooli-rafineeritud-sierra-mikita-500ml-pudel.png","width":800,"height":800},{"@type":"BreadcrumbList","@id":"https:\/\/saksavorst.ee\/lv\/produkts\/rafineta-avokado-ella-sierra-mikita-500ml\/#breadcrumb","itemListElement":[{"@type":"ListItem","position":1,"name":"Home","item":"https:\/\/saksavorst.ee\/lv\/"},{"@type":"ListItem","position":2,"name":"Veikals","item":"https:\/\/saksavorst.ee\/lv\/veikals\/"},{"@type":"ListItem","position":3,"name":"Rafin\u0113ta avokado e\u013c\u013ca SIERRA MIKITA 500ml"}]},{"@type":"WebSite","@id":"https:\/\/saksavorst.ee\/lv\/#website","url":"https:\/\/saksavorst.ee\/lv\/","name":"Saksavorst","description":"Feel the taste of emotions","publisher":{"@id":"https:\/\/saksavorst.ee\/lv\/#organization"},"alternateName":"Veikand","potentialAction":[{"@type":"SearchAction","target":{"@type":"EntryPoint","urlTemplate":"https:\/\/saksavorst.ee\/lv\/?s={search_term_string}"},"query-input":{"@type":"PropertyValueSpecification","valueRequired":true,"valueName":"search_term_string"}}],"inLanguage":"lv-LV"},{"@type":"Organization","@id":"https:\/\/saksavorst.ee\/lv\/#organization","name":"Saksavorst","alternateName":"Veikand","url":"https:\/\/saksavorst.ee\/lv\/","logo":{"@type":"ImageObject","inLanguage":"lv-LV","@id":"https:\/\/saksavorst.ee\/lv\/#\/schema\/logo\/image\/","url":"https:\/\/saksavorst.ee\/wp-content\/uploads\/2023\/05\/veikand-logo.jpg","contentUrl":"https:\/\/saksavorst.ee\/wp-content\/uploads\/2023\/05\/veikand-logo.jpg","width":217,"height":217,"caption":"Saksavorst"},"image":{"@id":"https:\/\/saksavorst.ee\/lv\/#\/schema\/logo\/image\/"},"sameAs":["https:\/\/www.facebook.com\/Veikand"]}]}},"_links":{"self":[{"href":"https:\/\/saksavorst.ee\/lv\/wp-json\/wp\/v2\/product\/50782","targetHints":{"allow":["GET"]}}],"collection":[{"href":"https:\/\/saksavorst.ee\/lv\/wp-json\/wp\/v2\/product"}],"about":[{"href":"https:\/\/saksavorst.ee\/lv\/wp-json\/wp\/v2\/types\/product"}],"version-history":[{"count":1,"href":"https:\/\/saksavorst.ee\/lv\/wp-json\/wp\/v2\/product\/50782\/revisions"}],"predecessor-version":[{"id":50803,"href":"https:\/\/saksavorst.ee\/lv\/wp-json\/wp\/v2\/product\/50782\/revisions\/50803"}],"wp:featuredmedia":[{"embeddable":true,"href":"https:\/\/saksavorst.ee\/lv\/wp-json\/wp\/v2\/media\/50794"}],"wp:attachment":[{"href":"https:\/\/saksavorst.ee\/lv\/wp-json\/wp\/v2\/media?parent=50782"}],"wp:term":[{"taxonomy":"product_brand","embeddable":true,"href":"https:\/\/saksavorst.ee\/lv\/wp-json\/wp\/v2\/product_brand?post=50782"},{"taxonomy":"product_cat","embeddable":true,"href":"https:\/\/saksavorst.ee\/lv\/wp-json\/wp\/v2\/product_cat?post=50782"},{"taxonomy":"product_tag","embeddable":true,"href":"https:\/\/saksavorst.ee\/lv\/wp-json\/wp\/v2\/product_tag?post=50782"}],"curies":[{"name":"wp","href":"https:\/\/api.w.org\/{rel}","templated":true}]}}