{"id":50287,"date":"2026-04-07T09:29:18","date_gmt":"2026-04-07T07:29:18","guid":{"rendered":"https:\/\/saksavorst.ee\/?post_type=product&#038;p=50287"},"modified":"2026-04-07T09:58:33","modified_gmt":"2026-04-07T07:58:33","slug":"40-litru-manualais-galas-mikseris-noliecams","status":"publish","type":"product","link":"https:\/\/saksavorst.ee\/lv\/produkts\/40-litru-manualais-galas-mikseris-noliecams\/","title":{"rendered":"40 litru manu\u0101lais ga\u013cas mikseris noliecams"},"content":{"rendered":"<p>Ra\u017eot\u0101js: Hakka Brothers<\/p>\n<p>Ner\u016bs\u0113jo\u0161ais<\/p>\n<p>Mais\u012bt\u0101js ar l\u0101psti\u0146\u0101m<\/p>\n<p>Tilpums: 40 L \/ l\u012bdz ~35 kg<\/p>\n<p>\u0100r\u0113jie izm\u0113ri L x P x A: 400 x 500 x 350 mm<\/p>\n<p>Svars: 16 kg<\/p>\n<p>Rokasgr\u0101mata <a href=\"https:\/\/saksavorst.ee\/wp-content\/uploads\/2024\/03\/meat-mixer-manual.pdf\">Meat mixer manual<\/a><\/p>\n<p>Tvertne pagrie\u017eas pilnos 90 gr\u0101du le\u0146\u0137\u012b, \u013caujot tie\u0161i ieb\u0113rt izejvielas un efekt\u012bvi p\u0101rvietot gatavos mais\u012bjumus traukos vai desu pild\u012bt\u0101jos bez atk\u0101rtotas manu\u0101las smel\u0161anas vai smagumu cel\u0161anas.<\/p>\n<p>&nbsp;<\/p>\n<div style=\"width: 854px;\" class=\"wp-video\"><video class=\"wp-video-shortcode\" id=\"video-50287-1\" width=\"854\" height=\"480\" preload=\"metadata\" controls=\"controls\"><source type=\"video\/mp4\" src=\"https:\/\/saksavorst.ee\/wp-content\/uploads\/2023\/12\/lauapealne-kasisegaja.mp4?_=1\" \/><a href=\"https:\/\/saksavorst.ee\/wp-content\/uploads\/2023\/12\/lauapealne-kasisegaja.mp4\">https:\/\/saksavorst.ee\/wp-content\/uploads\/2023\/12\/lauapealne-kasisegaja.mp4<\/a><\/video><\/div>\n","protected":false},"excerpt":{"rendered":"<p>Ier\u012bce paredz\u0113ta ga\u013cas masas sajauk\u0161anai ar gar\u0161viel\u0101m. Piem\u0113rots medniekiem un m\u0101jas desu gatavot\u0101jiem.<\/p>\n","protected":false},"featured_media":50297,"template":"","meta":{"_acf_changed":false},"product_brand":[],"product_cat":[333,334,339],"product_tag":[],"class_list":{"0":"post-50287","1":"product","2":"type-product","3":"status-publish","4":"has-post-thumbnail","6":"product_cat-aprikojums","7":"product_cat-visi-produkti","8":"product_cat-mikseri-griezeji","9":"product_shipping_class-neder-pakomatam","11":"first","12":"instock","13":"taxable","14":"shipping-taxable","15":"purchasable","16":"product-type-simple"},"acf":[],"yoast_head":"<!-- This site is optimized with the Yoast SEO plugin v27.3 - https:\/\/yoast.com\/product\/yoast-seo-wordpress\/ -->\n<title>40 litru manu\u0101lais ga\u013cas mikseris noliecams - Saksavorst<\/title>\n<meta name=\"robots\" content=\"index, follow, max-snippet:-1, max-image-preview:large, max-video-preview:-1\" \/>\n<link rel=\"canonical\" href=\"https:\/\/saksavorst.ee\/lv\/produkts\/40-litru-manualais-galas-mikseris-noliecams\/\" \/>\n<meta property=\"og:locale\" content=\"lv_LV\" \/>\n<meta property=\"og:type\" content=\"article\" \/>\n<meta property=\"og:title\" content=\"40 litru manu\u0101lais ga\u013cas mikseris noliecams - Saksavorst\" \/>\n<meta property=\"og:description\" content=\"Ier\u012bce paredz\u0113ta ga\u013cas masas sajauk\u0161anai ar gar\u0161viel\u0101m. Piem\u0113rots medniekiem un m\u0101jas desu gatavot\u0101jiem.\" \/>\n<meta property=\"og:url\" content=\"https:\/\/saksavorst.ee\/lv\/produkts\/40-litru-manualais-galas-mikseris-noliecams\/\" \/>\n<meta property=\"og:site_name\" content=\"Saksavorst\" \/>\n<meta property=\"article:publisher\" content=\"https:\/\/www.facebook.com\/Veikand\" \/>\n<meta property=\"article:modified_time\" content=\"2026-04-07T07:58:33+00:00\" \/>\n<meta property=\"og:image\" content=\"https:\/\/saksavorst.ee\/wp-content\/uploads\/2026\/04\/lauapealne-kasisegaja-1-segamisvolliga-40l-kallutatav-1-1.png\" \/>\n\t<meta property=\"og:image:width\" content=\"800\" \/>\n\t<meta property=\"og:image:height\" content=\"800\" \/>\n\t<meta property=\"og:image:type\" content=\"image\/png\" \/>\n<meta name=\"twitter:card\" content=\"summary_large_image\" \/>\n<meta name=\"twitter:label1\" content=\"Est. reading time\" \/>\n\t<meta name=\"twitter:data1\" content=\"1 minute\" \/>\n<script type=\"application\/ld+json\" class=\"yoast-schema-graph\">{\"@context\":\"https:\\\/\\\/schema.org\",\"@graph\":[{\"@type\":\"WebPage\",\"@id\":\"https:\\\/\\\/saksavorst.ee\\\/lv\\\/produkts\\\/40-litru-manualais-galas-mikseris-noliecams\\\/\",\"url\":\"https:\\\/\\\/saksavorst.ee\\\/lv\\\/produkts\\\/40-litru-manualais-galas-mikseris-noliecams\\\/\",\"name\":\"40 litru manu\u0101lais ga\u013cas mikseris noliecams - Saksavorst\",\"isPartOf\":{\"@id\":\"https:\\\/\\\/saksavorst.ee\\\/lv\\\/#website\"},\"primaryImageOfPage\":{\"@id\":\"https:\\\/\\\/saksavorst.ee\\\/lv\\\/produkts\\\/40-litru-manualais-galas-mikseris-noliecams\\\/#primaryimage\"},\"image\":{\"@id\":\"https:\\\/\\\/saksavorst.ee\\\/lv\\\/produkts\\\/40-litru-manualais-galas-mikseris-noliecams\\\/#primaryimage\"},\"thumbnailUrl\":\"https:\\\/\\\/saksavorst.ee\\\/wp-content\\\/uploads\\\/2026\\\/04\\\/lauapealne-kasisegaja-1-segamisvolliga-40l-kallutatav-1-1.png\",\"datePublished\":\"2026-04-07T07:29:18+00:00\",\"dateModified\":\"2026-04-07T07:58:33+00:00\",\"breadcrumb\":{\"@id\":\"https:\\\/\\\/saksavorst.ee\\\/lv\\\/produkts\\\/40-litru-manualais-galas-mikseris-noliecams\\\/#breadcrumb\"},\"inLanguage\":\"lv-LV\",\"potentialAction\":[{\"@type\":\"ReadAction\",\"target\":[\"https:\\\/\\\/saksavorst.ee\\\/lv\\\/produkts\\\/40-litru-manualais-galas-mikseris-noliecams\\\/\"]}]},{\"@type\":\"ImageObject\",\"inLanguage\":\"lv-LV\",\"@id\":\"https:\\\/\\\/saksavorst.ee\\\/lv\\\/produkts\\\/40-litru-manualais-galas-mikseris-noliecams\\\/#primaryimage\",\"url\":\"https:\\\/\\\/saksavorst.ee\\\/wp-content\\\/uploads\\\/2026\\\/04\\\/lauapealne-kasisegaja-1-segamisvolliga-40l-kallutatav-1-1.png\",\"contentUrl\":\"https:\\\/\\\/saksavorst.ee\\\/wp-content\\\/uploads\\\/2026\\\/04\\\/lauapealne-kasisegaja-1-segamisvolliga-40l-kallutatav-1-1.png\",\"width\":800,\"height\":800},{\"@type\":\"BreadcrumbList\",\"@id\":\"https:\\\/\\\/saksavorst.ee\\\/lv\\\/produkts\\\/40-litru-manualais-galas-mikseris-noliecams\\\/#breadcrumb\",\"itemListElement\":[{\"@type\":\"ListItem\",\"position\":1,\"name\":\"Home\",\"item\":\"https:\\\/\\\/saksavorst.ee\\\/lv\\\/\"},{\"@type\":\"ListItem\",\"position\":2,\"name\":\"Veikals\",\"item\":\"https:\\\/\\\/saksavorst.ee\\\/lv\\\/veikals\\\/\"},{\"@type\":\"ListItem\",\"position\":3,\"name\":\"40 litru manu\u0101lais ga\u013cas mikseris noliecams\"}]},{\"@type\":\"WebSite\",\"@id\":\"https:\\\/\\\/saksavorst.ee\\\/lv\\\/#website\",\"url\":\"https:\\\/\\\/saksavorst.ee\\\/lv\\\/\",\"name\":\"Saksavorst\",\"description\":\"Feel the taste of emotions\",\"publisher\":{\"@id\":\"https:\\\/\\\/saksavorst.ee\\\/lv\\\/#organization\"},\"alternateName\":\"Veikand\",\"potentialAction\":[{\"@type\":\"SearchAction\",\"target\":{\"@type\":\"EntryPoint\",\"urlTemplate\":\"https:\\\/\\\/saksavorst.ee\\\/lv\\\/?s={search_term_string}\"},\"query-input\":{\"@type\":\"PropertyValueSpecification\",\"valueRequired\":true,\"valueName\":\"search_term_string\"}}],\"inLanguage\":\"lv-LV\"},{\"@type\":\"Organization\",\"@id\":\"https:\\\/\\\/saksavorst.ee\\\/lv\\\/#organization\",\"name\":\"Saksavorst\",\"alternateName\":\"Veikand\",\"url\":\"https:\\\/\\\/saksavorst.ee\\\/lv\\\/\",\"logo\":{\"@type\":\"ImageObject\",\"inLanguage\":\"lv-LV\",\"@id\":\"https:\\\/\\\/saksavorst.ee\\\/lv\\\/#\\\/schema\\\/logo\\\/image\\\/\",\"url\":\"https:\\\/\\\/saksavorst.ee\\\/wp-content\\\/uploads\\\/2023\\\/05\\\/veikand-logo.jpg\",\"contentUrl\":\"https:\\\/\\\/saksavorst.ee\\\/wp-content\\\/uploads\\\/2023\\\/05\\\/veikand-logo.jpg\",\"width\":217,\"height\":217,\"caption\":\"Saksavorst\"},\"image\":{\"@id\":\"https:\\\/\\\/saksavorst.ee\\\/lv\\\/#\\\/schema\\\/logo\\\/image\\\/\"},\"sameAs\":[\"https:\\\/\\\/www.facebook.com\\\/Veikand\"]}]}<\/script>\n<!-- \/ Yoast SEO plugin. -->","yoast_head_json":{"title":"40 litru manu\u0101lais ga\u013cas mikseris noliecams - Saksavorst","robots":{"index":"index","follow":"follow","max-snippet":"max-snippet:-1","max-image-preview":"max-image-preview:large","max-video-preview":"max-video-preview:-1"},"canonical":"https:\/\/saksavorst.ee\/lv\/produkts\/40-litru-manualais-galas-mikseris-noliecams\/","og_locale":"lv_LV","og_type":"article","og_title":"40 litru manu\u0101lais ga\u013cas mikseris noliecams - Saksavorst","og_description":"Ier\u012bce paredz\u0113ta ga\u013cas masas sajauk\u0161anai ar gar\u0161viel\u0101m. Piem\u0113rots medniekiem un m\u0101jas desu gatavot\u0101jiem.","og_url":"https:\/\/saksavorst.ee\/lv\/produkts\/40-litru-manualais-galas-mikseris-noliecams\/","og_site_name":"Saksavorst","article_publisher":"https:\/\/www.facebook.com\/Veikand","article_modified_time":"2026-04-07T07:58:33+00:00","og_image":[{"width":800,"height":800,"url":"https:\/\/saksavorst.ee\/wp-content\/uploads\/2026\/04\/lauapealne-kasisegaja-1-segamisvolliga-40l-kallutatav-1-1.png","type":"image\/png"}],"twitter_card":"summary_large_image","twitter_misc":{"Est. reading time":"1 minute"},"schema":{"@context":"https:\/\/schema.org","@graph":[{"@type":"WebPage","@id":"https:\/\/saksavorst.ee\/lv\/produkts\/40-litru-manualais-galas-mikseris-noliecams\/","url":"https:\/\/saksavorst.ee\/lv\/produkts\/40-litru-manualais-galas-mikseris-noliecams\/","name":"40 litru manu\u0101lais ga\u013cas mikseris noliecams - Saksavorst","isPartOf":{"@id":"https:\/\/saksavorst.ee\/lv\/#website"},"primaryImageOfPage":{"@id":"https:\/\/saksavorst.ee\/lv\/produkts\/40-litru-manualais-galas-mikseris-noliecams\/#primaryimage"},"image":{"@id":"https:\/\/saksavorst.ee\/lv\/produkts\/40-litru-manualais-galas-mikseris-noliecams\/#primaryimage"},"thumbnailUrl":"https:\/\/saksavorst.ee\/wp-content\/uploads\/2026\/04\/lauapealne-kasisegaja-1-segamisvolliga-40l-kallutatav-1-1.png","datePublished":"2026-04-07T07:29:18+00:00","dateModified":"2026-04-07T07:58:33+00:00","breadcrumb":{"@id":"https:\/\/saksavorst.ee\/lv\/produkts\/40-litru-manualais-galas-mikseris-noliecams\/#breadcrumb"},"inLanguage":"lv-LV","potentialAction":[{"@type":"ReadAction","target":["https:\/\/saksavorst.ee\/lv\/produkts\/40-litru-manualais-galas-mikseris-noliecams\/"]}]},{"@type":"ImageObject","inLanguage":"lv-LV","@id":"https:\/\/saksavorst.ee\/lv\/produkts\/40-litru-manualais-galas-mikseris-noliecams\/#primaryimage","url":"https:\/\/saksavorst.ee\/wp-content\/uploads\/2026\/04\/lauapealne-kasisegaja-1-segamisvolliga-40l-kallutatav-1-1.png","contentUrl":"https:\/\/saksavorst.ee\/wp-content\/uploads\/2026\/04\/lauapealne-kasisegaja-1-segamisvolliga-40l-kallutatav-1-1.png","width":800,"height":800},{"@type":"BreadcrumbList","@id":"https:\/\/saksavorst.ee\/lv\/produkts\/40-litru-manualais-galas-mikseris-noliecams\/#breadcrumb","itemListElement":[{"@type":"ListItem","position":1,"name":"Home","item":"https:\/\/saksavorst.ee\/lv\/"},{"@type":"ListItem","position":2,"name":"Veikals","item":"https:\/\/saksavorst.ee\/lv\/veikals\/"},{"@type":"ListItem","position":3,"name":"40 litru manu\u0101lais ga\u013cas mikseris noliecams"}]},{"@type":"WebSite","@id":"https:\/\/saksavorst.ee\/lv\/#website","url":"https:\/\/saksavorst.ee\/lv\/","name":"Saksavorst","description":"Feel the taste of emotions","publisher":{"@id":"https:\/\/saksavorst.ee\/lv\/#organization"},"alternateName":"Veikand","potentialAction":[{"@type":"SearchAction","target":{"@type":"EntryPoint","urlTemplate":"https:\/\/saksavorst.ee\/lv\/?s={search_term_string}"},"query-input":{"@type":"PropertyValueSpecification","valueRequired":true,"valueName":"search_term_string"}}],"inLanguage":"lv-LV"},{"@type":"Organization","@id":"https:\/\/saksavorst.ee\/lv\/#organization","name":"Saksavorst","alternateName":"Veikand","url":"https:\/\/saksavorst.ee\/lv\/","logo":{"@type":"ImageObject","inLanguage":"lv-LV","@id":"https:\/\/saksavorst.ee\/lv\/#\/schema\/logo\/image\/","url":"https:\/\/saksavorst.ee\/wp-content\/uploads\/2023\/05\/veikand-logo.jpg","contentUrl":"https:\/\/saksavorst.ee\/wp-content\/uploads\/2023\/05\/veikand-logo.jpg","width":217,"height":217,"caption":"Saksavorst"},"image":{"@id":"https:\/\/saksavorst.ee\/lv\/#\/schema\/logo\/image\/"},"sameAs":["https:\/\/www.facebook.com\/Veikand"]}]}},"_links":{"self":[{"href":"https:\/\/saksavorst.ee\/lv\/wp-json\/wp\/v2\/product\/50287","targetHints":{"allow":["GET"]}}],"collection":[{"href":"https:\/\/saksavorst.ee\/lv\/wp-json\/wp\/v2\/product"}],"about":[{"href":"https:\/\/saksavorst.ee\/lv\/wp-json\/wp\/v2\/types\/product"}],"version-history":[{"count":2,"href":"https:\/\/saksavorst.ee\/lv\/wp-json\/wp\/v2\/product\/50287\/revisions"}],"predecessor-version":[{"id":50328,"href":"https:\/\/saksavorst.ee\/lv\/wp-json\/wp\/v2\/product\/50287\/revisions\/50328"}],"wp:featuredmedia":[{"embeddable":true,"href":"https:\/\/saksavorst.ee\/lv\/wp-json\/wp\/v2\/media\/50297"}],"wp:attachment":[{"href":"https:\/\/saksavorst.ee\/lv\/wp-json\/wp\/v2\/media?parent=50287"}],"wp:term":[{"taxonomy":"product_brand","embeddable":true,"href":"https:\/\/saksavorst.ee\/lv\/wp-json\/wp\/v2\/product_brand?post=50287"},{"taxonomy":"product_cat","embeddable":true,"href":"https:\/\/saksavorst.ee\/lv\/wp-json\/wp\/v2\/product_cat?post=50287"},{"taxonomy":"product_tag","embeddable":true,"href":"https:\/\/saksavorst.ee\/lv\/wp-json\/wp\/v2\/product_tag?post=50287"}],"curies":[{"name":"wp","href":"https:\/\/api.w.org\/{rel}","templated":true}]}}