{"id":49611,"date":"2026-02-25T14:51:59","date_gmt":"2026-02-25T12:51:59","guid":{"rendered":"https:\/\/saksavorst.ee\/?post_type=product&#038;p=49611"},"modified":"2026-02-25T14:56:19","modified_gmt":"2026-02-25T12:56:19","slug":"olivella-extra-virgin-coosur-arbequina-1l-2gab","status":"publish","type":"product","link":"https:\/\/saksavorst.ee\/lv\/produkts\/olivella-extra-virgin-coosur-arbequina-1l-2gab\/","title":{"rendered":"Ol\u012bve\u013c\u013ca extra virgin COOSUR ARBEQUINA 1L 2gab"},"content":{"rendered":"<h4>COOSUR ARBEQUINA<\/h4>\n<h4><strong>Sast\u0101vda\u013cas:<\/strong><\/h4>\n<p>Extra virgin ol\u012bve\u013c\u013ca<\/p>\n<p>Daudzums: 1 l<\/p>\n<p>Ieteicam\u0101 deva: atbilsto\u0161i vajadz\u012bbai<\/p>\n<p>Uzglab\u0101t v\u0113s\u0101 (11\u201325 \u00b0C), saus\u0101 un tum\u0161\u0101 viet\u0101<\/p>\n<p>Ieteicams l\u012bdz: skat\u012bt uz iepakojuma<\/p>\n<h4><strong>Uzturv\u0113rt\u012bba \u2013 100 g produkta satur:<\/strong><\/h4>\n<p>Ener\u0123\u0113tisk\u0101 v\u0113rt\u012bba 3381 kJ \/ 882 kcal<br \/>\nTauki 91 g<br \/>\nno tiem pies\u0101tin\u0101tie 12 g<br \/>\nOg\u013chidr\u0101ti 0 g<br \/>\nno tiem cukuri 0 g<br \/>\nOlbaltumvielas 0 g<br \/>\nS\u0101ls 0 g<\/p>\n<p>Ra\u017eots: Sp\u0101nija<\/p>\n<p>Ra\u017eot\u0101js: Aceites del Sur-Coosur S.A.<\/p>\n<p>&nbsp;<\/p>\n<p><iframe loading=\"lazy\" title=\"Tarta de Turr\u00f3n y Galletas SIN HORNO \ud83e\udd6e Postres CASEROS\" width=\"500\" height=\"281\" src=\"https:\/\/www.youtube.com\/embed\/59DHwNqZE-E?feature=oembed\" frameborder=\"0\" allow=\"accelerometer; autoplay; clipboard-write; encrypted-media; gyroscope; picture-in-picture; web-share\" referrerpolicy=\"strict-origin-when-cross-origin\" allowfullscreen><\/iframe><\/p>\n","protected":false},"excerpt":{"rendered":"<p>\u0160\u012b e\u013c\u013cas \u0161\u0137irne ir \u013coti daudzpus\u012bga virtuv\u0113; t\u0101 labi sader ar kr\u0113miem vai r\u012bsu \u0113dieniem un to var izmantot pat cep\u0161an\u0101. Pateicoties maigajai gar\u0161ai, t\u0101 ir ide\u0101li piem\u0113rota gardu sal\u0101tu pagatavo\u0161anai, k\u0101 ar\u012b m\u0101j\u0101s gatavotu m\u0113r\u010du, piem\u0113ram, majon\u0113zes, pagatavo\u0161anai, k\u0101 ar\u012b ga\u013cas vai zivju marin\u0113\u0161anai. T\u0101p\u0113c Arbequina e\u013c\u013ca \u013cauj baud\u012bt da\u017e\u0101das receptes, s\u0101kot no vienk\u0101r\u0161\u0101kiem un \u0101tr\u0101k pagatavojamiem \u0113dieniem l\u012bdz sare\u017e\u0123\u012bt\u0101kiem \u0113dieniem.<\/p>\n<p><strong>\u0160\u012b produkta ieteicamais lieto\u0161anas termi\u0146\u0161 ir 30.04.2026!<\/strong><\/p>\n","protected":false},"featured_media":49616,"template":"","meta":{"_acf_changed":false},"product_brand":[],"product_cat":[351,490],"product_tag":[],"class_list":{"0":"post-49611","1":"product","2":"type-product","3":"status-publish","4":"has-post-thumbnail","6":"product_cat-piedavajumi","7":"product_cat-partikas-preces","9":"first","10":"instock","11":"taxable","12":"shipping-taxable","13":"purchasable","14":"product-type-simple"},"acf":[],"yoast_head":"<!-- This site is optimized with the Yoast SEO plugin v27.3 - https:\/\/yoast.com\/product\/yoast-seo-wordpress\/ -->\n<title>Ol\u012bve\u013c\u013ca extra virgin COOSUR ARBEQUINA 1L 2gab - Saksavorst<\/title>\n<meta name=\"robots\" content=\"index, follow, max-snippet:-1, max-image-preview:large, max-video-preview:-1\" \/>\n<link rel=\"canonical\" href=\"https:\/\/saksavorst.ee\/lv\/produkts\/olivella-extra-virgin-coosur-arbequina-1l-2gab\/\" \/>\n<meta property=\"og:locale\" content=\"lv_LV\" \/>\n<meta property=\"og:type\" content=\"article\" \/>\n<meta property=\"og:title\" content=\"Ol\u012bve\u013c\u013ca extra virgin COOSUR ARBEQUINA 1L 2gab - Saksavorst\" \/>\n<meta property=\"og:description\" content=\"\u0160\u012b e\u013c\u013cas \u0161\u0137irne ir \u013coti daudzpus\u012bga virtuv\u0113; t\u0101 labi sader ar kr\u0113miem vai r\u012bsu \u0113dieniem un to var izmantot pat cep\u0161an\u0101. Pateicoties maigajai gar\u0161ai, t\u0101 ir ide\u0101li piem\u0113rota gardu sal\u0101tu pagatavo\u0161anai, k\u0101 ar\u012b m\u0101j\u0101s gatavotu m\u0113r\u010du, piem\u0113ram, majon\u0113zes, pagatavo\u0161anai, k\u0101 ar\u012b ga\u013cas vai zivju marin\u0113\u0161anai. T\u0101p\u0113c Arbequina e\u013c\u013ca \u013cauj baud\u012bt da\u017e\u0101das receptes, s\u0101kot no vienk\u0101r\u0161\u0101kiem un \u0101tr\u0101k pagatavojamiem \u0113dieniem l\u012bdz sare\u017e\u0123\u012bt\u0101kiem \u0113dieniem.  \u0160\u012b produkta ieteicamais lieto\u0161anas termi\u0146\u0161 ir 30.04.2026!\" \/>\n<meta property=\"og:url\" content=\"https:\/\/saksavorst.ee\/lv\/produkts\/olivella-extra-virgin-coosur-arbequina-1l-2gab\/\" \/>\n<meta property=\"og:site_name\" content=\"Saksavorst\" \/>\n<meta property=\"article:publisher\" content=\"https:\/\/www.facebook.com\/Veikand\" \/>\n<meta property=\"article:modified_time\" content=\"2026-02-25T12:56:19+00:00\" \/>\n<meta property=\"og:image\" content=\"https:\/\/saksavorst.ee\/wp-content\/uploads\/2026\/02\/ekstra-vaarisoliivioli-extra-virgin-coosur-arbequina-1l-pudel-2tk.png\" \/>\n\t<meta property=\"og:image:width\" content=\"800\" \/>\n\t<meta property=\"og:image:height\" content=\"800\" \/>\n\t<meta property=\"og:image:type\" content=\"image\/png\" \/>\n<meta name=\"twitter:card\" content=\"summary_large_image\" \/>\n<meta name=\"twitter:label1\" content=\"Est. reading time\" \/>\n\t<meta name=\"twitter:data1\" content=\"1 minute\" \/>\n<script type=\"application\/ld+json\" class=\"yoast-schema-graph\">{\"@context\":\"https:\\\/\\\/schema.org\",\"@graph\":[{\"@type\":\"WebPage\",\"@id\":\"https:\\\/\\\/saksavorst.ee\\\/lv\\\/produkts\\\/olivella-extra-virgin-coosur-arbequina-1l-2gab\\\/\",\"url\":\"https:\\\/\\\/saksavorst.ee\\\/lv\\\/produkts\\\/olivella-extra-virgin-coosur-arbequina-1l-2gab\\\/\",\"name\":\"Ol\u012bve\u013c\u013ca extra virgin COOSUR ARBEQUINA 1L 2gab - Saksavorst\",\"isPartOf\":{\"@id\":\"https:\\\/\\\/saksavorst.ee\\\/lv\\\/#website\"},\"primaryImageOfPage\":{\"@id\":\"https:\\\/\\\/saksavorst.ee\\\/lv\\\/produkts\\\/olivella-extra-virgin-coosur-arbequina-1l-2gab\\\/#primaryimage\"},\"image\":{\"@id\":\"https:\\\/\\\/saksavorst.ee\\\/lv\\\/produkts\\\/olivella-extra-virgin-coosur-arbequina-1l-2gab\\\/#primaryimage\"},\"thumbnailUrl\":\"https:\\\/\\\/saksavorst.ee\\\/wp-content\\\/uploads\\\/2026\\\/02\\\/ekstra-vaarisoliivioli-extra-virgin-coosur-arbequina-1l-pudel-2tk.png\",\"datePublished\":\"2026-02-25T12:51:59+00:00\",\"dateModified\":\"2026-02-25T12:56:19+00:00\",\"breadcrumb\":{\"@id\":\"https:\\\/\\\/saksavorst.ee\\\/lv\\\/produkts\\\/olivella-extra-virgin-coosur-arbequina-1l-2gab\\\/#breadcrumb\"},\"inLanguage\":\"lv-LV\",\"potentialAction\":[{\"@type\":\"ReadAction\",\"target\":[\"https:\\\/\\\/saksavorst.ee\\\/lv\\\/produkts\\\/olivella-extra-virgin-coosur-arbequina-1l-2gab\\\/\"]}]},{\"@type\":\"ImageObject\",\"inLanguage\":\"lv-LV\",\"@id\":\"https:\\\/\\\/saksavorst.ee\\\/lv\\\/produkts\\\/olivella-extra-virgin-coosur-arbequina-1l-2gab\\\/#primaryimage\",\"url\":\"https:\\\/\\\/saksavorst.ee\\\/wp-content\\\/uploads\\\/2026\\\/02\\\/ekstra-vaarisoliivioli-extra-virgin-coosur-arbequina-1l-pudel-2tk.png\",\"contentUrl\":\"https:\\\/\\\/saksavorst.ee\\\/wp-content\\\/uploads\\\/2026\\\/02\\\/ekstra-vaarisoliivioli-extra-virgin-coosur-arbequina-1l-pudel-2tk.png\",\"width\":800,\"height\":800},{\"@type\":\"BreadcrumbList\",\"@id\":\"https:\\\/\\\/saksavorst.ee\\\/lv\\\/produkts\\\/olivella-extra-virgin-coosur-arbequina-1l-2gab\\\/#breadcrumb\",\"itemListElement\":[{\"@type\":\"ListItem\",\"position\":1,\"name\":\"Home\",\"item\":\"https:\\\/\\\/saksavorst.ee\\\/lv\\\/\"},{\"@type\":\"ListItem\",\"position\":2,\"name\":\"Veikals\",\"item\":\"https:\\\/\\\/saksavorst.ee\\\/lv\\\/veikals\\\/\"},{\"@type\":\"ListItem\",\"position\":3,\"name\":\"Ol\u012bve\u013c\u013ca extra virgin COOSUR ARBEQUINA 1L 2gab\"}]},{\"@type\":\"WebSite\",\"@id\":\"https:\\\/\\\/saksavorst.ee\\\/lv\\\/#website\",\"url\":\"https:\\\/\\\/saksavorst.ee\\\/lv\\\/\",\"name\":\"Saksavorst\",\"description\":\"Feel the taste of emotions\",\"publisher\":{\"@id\":\"https:\\\/\\\/saksavorst.ee\\\/lv\\\/#organization\"},\"alternateName\":\"Veikand\",\"potentialAction\":[{\"@type\":\"SearchAction\",\"target\":{\"@type\":\"EntryPoint\",\"urlTemplate\":\"https:\\\/\\\/saksavorst.ee\\\/lv\\\/?s={search_term_string}\"},\"query-input\":{\"@type\":\"PropertyValueSpecification\",\"valueRequired\":true,\"valueName\":\"search_term_string\"}}],\"inLanguage\":\"lv-LV\"},{\"@type\":\"Organization\",\"@id\":\"https:\\\/\\\/saksavorst.ee\\\/lv\\\/#organization\",\"name\":\"Saksavorst\",\"alternateName\":\"Veikand\",\"url\":\"https:\\\/\\\/saksavorst.ee\\\/lv\\\/\",\"logo\":{\"@type\":\"ImageObject\",\"inLanguage\":\"lv-LV\",\"@id\":\"https:\\\/\\\/saksavorst.ee\\\/lv\\\/#\\\/schema\\\/logo\\\/image\\\/\",\"url\":\"https:\\\/\\\/saksavorst.ee\\\/wp-content\\\/uploads\\\/2023\\\/05\\\/veikand-logo.jpg\",\"contentUrl\":\"https:\\\/\\\/saksavorst.ee\\\/wp-content\\\/uploads\\\/2023\\\/05\\\/veikand-logo.jpg\",\"width\":217,\"height\":217,\"caption\":\"Saksavorst\"},\"image\":{\"@id\":\"https:\\\/\\\/saksavorst.ee\\\/lv\\\/#\\\/schema\\\/logo\\\/image\\\/\"},\"sameAs\":[\"https:\\\/\\\/www.facebook.com\\\/Veikand\"]}]}<\/script>\n<!-- \/ Yoast SEO plugin. -->","yoast_head_json":{"title":"Ol\u012bve\u013c\u013ca extra virgin COOSUR ARBEQUINA 1L 2gab - Saksavorst","robots":{"index":"index","follow":"follow","max-snippet":"max-snippet:-1","max-image-preview":"max-image-preview:large","max-video-preview":"max-video-preview:-1"},"canonical":"https:\/\/saksavorst.ee\/lv\/produkts\/olivella-extra-virgin-coosur-arbequina-1l-2gab\/","og_locale":"lv_LV","og_type":"article","og_title":"Ol\u012bve\u013c\u013ca extra virgin COOSUR ARBEQUINA 1L 2gab - Saksavorst","og_description":"\u0160\u012b e\u013c\u013cas \u0161\u0137irne ir \u013coti daudzpus\u012bga virtuv\u0113; t\u0101 labi sader ar kr\u0113miem vai r\u012bsu \u0113dieniem un to var izmantot pat cep\u0161an\u0101. Pateicoties maigajai gar\u0161ai, t\u0101 ir ide\u0101li piem\u0113rota gardu sal\u0101tu pagatavo\u0161anai, k\u0101 ar\u012b m\u0101j\u0101s gatavotu m\u0113r\u010du, piem\u0113ram, majon\u0113zes, pagatavo\u0161anai, k\u0101 ar\u012b ga\u013cas vai zivju marin\u0113\u0161anai. T\u0101p\u0113c Arbequina e\u013c\u013ca \u013cauj baud\u012bt da\u017e\u0101das receptes, s\u0101kot no vienk\u0101r\u0161\u0101kiem un \u0101tr\u0101k pagatavojamiem \u0113dieniem l\u012bdz sare\u017e\u0123\u012bt\u0101kiem \u0113dieniem.  \u0160\u012b produkta ieteicamais lieto\u0161anas termi\u0146\u0161 ir 30.04.2026!","og_url":"https:\/\/saksavorst.ee\/lv\/produkts\/olivella-extra-virgin-coosur-arbequina-1l-2gab\/","og_site_name":"Saksavorst","article_publisher":"https:\/\/www.facebook.com\/Veikand","article_modified_time":"2026-02-25T12:56:19+00:00","og_image":[{"width":800,"height":800,"url":"https:\/\/saksavorst.ee\/wp-content\/uploads\/2026\/02\/ekstra-vaarisoliivioli-extra-virgin-coosur-arbequina-1l-pudel-2tk.png","type":"image\/png"}],"twitter_card":"summary_large_image","twitter_misc":{"Est. reading time":"1 minute"},"schema":{"@context":"https:\/\/schema.org","@graph":[{"@type":"WebPage","@id":"https:\/\/saksavorst.ee\/lv\/produkts\/olivella-extra-virgin-coosur-arbequina-1l-2gab\/","url":"https:\/\/saksavorst.ee\/lv\/produkts\/olivella-extra-virgin-coosur-arbequina-1l-2gab\/","name":"Ol\u012bve\u013c\u013ca extra virgin COOSUR ARBEQUINA 1L 2gab - Saksavorst","isPartOf":{"@id":"https:\/\/saksavorst.ee\/lv\/#website"},"primaryImageOfPage":{"@id":"https:\/\/saksavorst.ee\/lv\/produkts\/olivella-extra-virgin-coosur-arbequina-1l-2gab\/#primaryimage"},"image":{"@id":"https:\/\/saksavorst.ee\/lv\/produkts\/olivella-extra-virgin-coosur-arbequina-1l-2gab\/#primaryimage"},"thumbnailUrl":"https:\/\/saksavorst.ee\/wp-content\/uploads\/2026\/02\/ekstra-vaarisoliivioli-extra-virgin-coosur-arbequina-1l-pudel-2tk.png","datePublished":"2026-02-25T12:51:59+00:00","dateModified":"2026-02-25T12:56:19+00:00","breadcrumb":{"@id":"https:\/\/saksavorst.ee\/lv\/produkts\/olivella-extra-virgin-coosur-arbequina-1l-2gab\/#breadcrumb"},"inLanguage":"lv-LV","potentialAction":[{"@type":"ReadAction","target":["https:\/\/saksavorst.ee\/lv\/produkts\/olivella-extra-virgin-coosur-arbequina-1l-2gab\/"]}]},{"@type":"ImageObject","inLanguage":"lv-LV","@id":"https:\/\/saksavorst.ee\/lv\/produkts\/olivella-extra-virgin-coosur-arbequina-1l-2gab\/#primaryimage","url":"https:\/\/saksavorst.ee\/wp-content\/uploads\/2026\/02\/ekstra-vaarisoliivioli-extra-virgin-coosur-arbequina-1l-pudel-2tk.png","contentUrl":"https:\/\/saksavorst.ee\/wp-content\/uploads\/2026\/02\/ekstra-vaarisoliivioli-extra-virgin-coosur-arbequina-1l-pudel-2tk.png","width":800,"height":800},{"@type":"BreadcrumbList","@id":"https:\/\/saksavorst.ee\/lv\/produkts\/olivella-extra-virgin-coosur-arbequina-1l-2gab\/#breadcrumb","itemListElement":[{"@type":"ListItem","position":1,"name":"Home","item":"https:\/\/saksavorst.ee\/lv\/"},{"@type":"ListItem","position":2,"name":"Veikals","item":"https:\/\/saksavorst.ee\/lv\/veikals\/"},{"@type":"ListItem","position":3,"name":"Ol\u012bve\u013c\u013ca extra virgin COOSUR ARBEQUINA 1L 2gab"}]},{"@type":"WebSite","@id":"https:\/\/saksavorst.ee\/lv\/#website","url":"https:\/\/saksavorst.ee\/lv\/","name":"Saksavorst","description":"Feel the taste of emotions","publisher":{"@id":"https:\/\/saksavorst.ee\/lv\/#organization"},"alternateName":"Veikand","potentialAction":[{"@type":"SearchAction","target":{"@type":"EntryPoint","urlTemplate":"https:\/\/saksavorst.ee\/lv\/?s={search_term_string}"},"query-input":{"@type":"PropertyValueSpecification","valueRequired":true,"valueName":"search_term_string"}}],"inLanguage":"lv-LV"},{"@type":"Organization","@id":"https:\/\/saksavorst.ee\/lv\/#organization","name":"Saksavorst","alternateName":"Veikand","url":"https:\/\/saksavorst.ee\/lv\/","logo":{"@type":"ImageObject","inLanguage":"lv-LV","@id":"https:\/\/saksavorst.ee\/lv\/#\/schema\/logo\/image\/","url":"https:\/\/saksavorst.ee\/wp-content\/uploads\/2023\/05\/veikand-logo.jpg","contentUrl":"https:\/\/saksavorst.ee\/wp-content\/uploads\/2023\/05\/veikand-logo.jpg","width":217,"height":217,"caption":"Saksavorst"},"image":{"@id":"https:\/\/saksavorst.ee\/lv\/#\/schema\/logo\/image\/"},"sameAs":["https:\/\/www.facebook.com\/Veikand"]}]}},"_links":{"self":[{"href":"https:\/\/saksavorst.ee\/lv\/wp-json\/wp\/v2\/product\/49611","targetHints":{"allow":["GET"]}}],"collection":[{"href":"https:\/\/saksavorst.ee\/lv\/wp-json\/wp\/v2\/product"}],"about":[{"href":"https:\/\/saksavorst.ee\/lv\/wp-json\/wp\/v2\/types\/product"}],"version-history":[{"count":1,"href":"https:\/\/saksavorst.ee\/lv\/wp-json\/wp\/v2\/product\/49611\/revisions"}],"predecessor-version":[{"id":49621,"href":"https:\/\/saksavorst.ee\/lv\/wp-json\/wp\/v2\/product\/49611\/revisions\/49621"}],"wp:featuredmedia":[{"embeddable":true,"href":"https:\/\/saksavorst.ee\/lv\/wp-json\/wp\/v2\/media\/49616"}],"wp:attachment":[{"href":"https:\/\/saksavorst.ee\/lv\/wp-json\/wp\/v2\/media?parent=49611"}],"wp:term":[{"taxonomy":"product_brand","embeddable":true,"href":"https:\/\/saksavorst.ee\/lv\/wp-json\/wp\/v2\/product_brand?post=49611"},{"taxonomy":"product_cat","embeddable":true,"href":"https:\/\/saksavorst.ee\/lv\/wp-json\/wp\/v2\/product_cat?post=49611"},{"taxonomy":"product_tag","embeddable":true,"href":"https:\/\/saksavorst.ee\/lv\/wp-json\/wp\/v2\/product_tag?post=49611"}],"curies":[{"name":"wp","href":"https:\/\/api.w.org\/{rel}","templated":true}]}}