{"id":49540,"date":"2026-02-17T16:18:03","date_gmt":"2026-02-17T14:18:03","guid":{"rendered":"https:\/\/saksavorst.ee\/?post_type=product&#038;p=49540"},"modified":"2026-02-18T11:01:01","modified_gmt":"2026-02-18T09:01:01","slug":"kombinetais-maisijums-varitai-skinkim-cooked-ham-combi-fibre-1kg","status":"publish","type":"product","link":"https:\/\/saksavorst.ee\/lv\/produkts\/kombinetais-maisijums-varitai-skinkim-cooked-ham-combi-fibre-1kg\/","title":{"rendered":"Kombin\u0113tais mais\u012bjums v\u0101r\u012btai \u0161\u0137i\u0146\u0137im COOKED HAM COMBI FIBRE 1kg"},"content":{"rendered":"<h4>COOKED HAM COMBI FIBRE<\/h4>\n<h4><strong>Sast\u0101vda\u013cas:<\/strong><\/h4>\n<p>KVIE\u0160U \u0161\u0137iedra, biezin\u0101t\u0101js: apstr\u0101d\u0101tas eik\u0113mijas j\u016brasz\u0101les E 407a, celuloze E 460, karboksimetilceluloze E 466, ksant\u0101na sve\u0137i E 415, stabiliz\u0113t\u0101js: difosf\u0101ti E 450, trifosf\u0101ti E 451, antioksidants: n\u0101trija eritorb\u0101ts E 316, sk\u0101buma regul\u0113t\u0101js: n\u0101trija karbon\u0101ts E 500, hidroliz\u0113ts augu prote\u012bns (HVP), gar\u0161vielu ekstrakti<\/p>\n<p>Daudzums: 1 kg<\/p>\n<p>Ieteicam\u0101 deva: atkar\u012bgs no pielietojuma<\/p>\n<p>Uzglab\u0101t v\u0113s\u0101 (11\u201325 \u00b0C), saus\u0101 un tum\u0161\u0101 viet\u0101<\/p>\n<p>Ieteicams l\u012bdz: skat\u012bt uz iepakojuma<\/p>\n<h4><strong>Uzturv\u0113rt\u012bba \u2013 100 g produkta satur:<\/strong><\/h4>\n<p>Ener\u0123\u0113tisk\u0101 v\u0113rt\u012bba 252 kJ \/ 61 kcal<br \/>\nTauki 0 g<br \/>\nno tiem pies\u0101tin\u0101tie 0 g<br \/>\nOg\u013chidr\u0101ti 1 g<br \/>\nno tiem cukuri 0 g<br \/>\nOlbaltumvielas 0,9 g<br \/>\nS\u0101ls 19,3 g<\/p>\n<p>Ra\u017eots: V\u0101cij\u0101<\/p>\n<p>Ra\u017eot\u0101js: RAPS GmbH &amp; Co. KG<\/p>\n","protected":false},"excerpt":{"rendered":"<p>\u0160is kombin\u0113tais produkts ar izcil\u0101m gar\u0161as \u012bpa\u0161\u012bb\u0101m apvieno gar\u0161u un funkcion\u0101los savienojumus. Tas ir \u012bpa\u0161i piem\u0113rots restrukturiz\u0113tu c\u016bkga\u013cas un m\u0101jputnu \u0161\u0137i\u0146\u0137u ra\u017eo\u0161anai. Bet tas ir piem\u0113rots ar\u012b tradicion\u0101lo v\u0101r\u012bto \u0161\u0137i\u0146\u0137u ra\u017eo\u0161anai no ga\u013cas gabali\u0146iem.<\/p>\n","protected":false},"featured_media":49545,"template":"","meta":{"_acf_changed":false},"product_brand":[],"product_cat":[367,368,375],"product_tag":[],"class_list":{"0":"post-49540","1":"product","2":"type-product","3":"status-publish","4":"has-post-thumbnail","6":"product_cat-garsvielas","7":"product_cat-piedevas","8":"product_cat-garsvielas-garsvielas","10":"first","11":"instock","12":"taxable","13":"shipping-taxable","14":"purchasable","15":"product-type-simple"},"acf":[],"yoast_head":"<!-- This site is optimized with the Yoast SEO plugin v27.3 - https:\/\/yoast.com\/product\/yoast-seo-wordpress\/ -->\n<title>Kombin\u0113tais mais\u012bjums v\u0101r\u012btai \u0161\u0137i\u0146\u0137im COOKED HAM COMBI FIBRE 1kg - Saksavorst<\/title>\n<meta name=\"robots\" content=\"index, follow, max-snippet:-1, max-image-preview:large, max-video-preview:-1\" \/>\n<link rel=\"canonical\" href=\"https:\/\/saksavorst.ee\/lv\/produkts\/kombinetais-maisijums-varitai-skinkim-cooked-ham-combi-fibre-1kg\/\" \/>\n<meta property=\"og:locale\" content=\"lv_LV\" \/>\n<meta property=\"og:type\" content=\"article\" \/>\n<meta property=\"og:title\" content=\"Kombin\u0113tais mais\u012bjums v\u0101r\u012btai \u0161\u0137i\u0146\u0137im COOKED HAM COMBI FIBRE 1kg - Saksavorst\" \/>\n<meta property=\"og:description\" content=\"\u0160is kombin\u0113tais produkts ar izcil\u0101m gar\u0161as \u012bpa\u0161\u012bb\u0101m apvieno gar\u0161u un funkcion\u0101los savienojumus. Tas ir \u012bpa\u0161i piem\u0113rots restrukturiz\u0113tu c\u016bkga\u013cas un m\u0101jputnu \u0161\u0137i\u0146\u0137u ra\u017eo\u0161anai. Bet tas ir piem\u0113rots ar\u012b tradicion\u0101lo v\u0101r\u012bto \u0161\u0137i\u0146\u0137u ra\u017eo\u0161anai no ga\u013cas gabali\u0146iem.\" \/>\n<meta property=\"og:url\" content=\"https:\/\/saksavorst.ee\/lv\/produkts\/kombinetais-maisijums-varitai-skinkim-cooked-ham-combi-fibre-1kg\/\" \/>\n<meta property=\"og:site_name\" content=\"Saksavorst\" \/>\n<meta property=\"article:publisher\" content=\"https:\/\/www.facebook.com\/Veikand\" \/>\n<meta property=\"article:modified_time\" content=\"2026-02-18T09:01:01+00:00\" \/>\n<meta property=\"og:image\" content=\"https:\/\/saksavorst.ee\/wp-content\/uploads\/2026\/02\/kombisegu-keedusingile-cooked-ham-combi-fibre-1kg.png\" \/>\n\t<meta property=\"og:image:width\" content=\"800\" \/>\n\t<meta property=\"og:image:height\" content=\"800\" \/>\n\t<meta property=\"og:image:type\" content=\"image\/png\" \/>\n<meta name=\"twitter:card\" content=\"summary_large_image\" \/>\n<meta name=\"twitter:label1\" content=\"Est. reading time\" \/>\n\t<meta name=\"twitter:data1\" content=\"1 minute\" \/>\n<script type=\"application\/ld+json\" class=\"yoast-schema-graph\">{\"@context\":\"https:\\\/\\\/schema.org\",\"@graph\":[{\"@type\":\"WebPage\",\"@id\":\"https:\\\/\\\/saksavorst.ee\\\/lv\\\/produkts\\\/kombinetais-maisijums-varitai-skinkim-cooked-ham-combi-fibre-1kg\\\/\",\"url\":\"https:\\\/\\\/saksavorst.ee\\\/lv\\\/produkts\\\/kombinetais-maisijums-varitai-skinkim-cooked-ham-combi-fibre-1kg\\\/\",\"name\":\"Kombin\u0113tais mais\u012bjums v\u0101r\u012btai \u0161\u0137i\u0146\u0137im COOKED HAM COMBI FIBRE 1kg - Saksavorst\",\"isPartOf\":{\"@id\":\"https:\\\/\\\/saksavorst.ee\\\/lv\\\/#website\"},\"primaryImageOfPage\":{\"@id\":\"https:\\\/\\\/saksavorst.ee\\\/lv\\\/produkts\\\/kombinetais-maisijums-varitai-skinkim-cooked-ham-combi-fibre-1kg\\\/#primaryimage\"},\"image\":{\"@id\":\"https:\\\/\\\/saksavorst.ee\\\/lv\\\/produkts\\\/kombinetais-maisijums-varitai-skinkim-cooked-ham-combi-fibre-1kg\\\/#primaryimage\"},\"thumbnailUrl\":\"https:\\\/\\\/saksavorst.ee\\\/wp-content\\\/uploads\\\/2026\\\/02\\\/kombisegu-keedusingile-cooked-ham-combi-fibre-1kg.png\",\"datePublished\":\"2026-02-17T14:18:03+00:00\",\"dateModified\":\"2026-02-18T09:01:01+00:00\",\"breadcrumb\":{\"@id\":\"https:\\\/\\\/saksavorst.ee\\\/lv\\\/produkts\\\/kombinetais-maisijums-varitai-skinkim-cooked-ham-combi-fibre-1kg\\\/#breadcrumb\"},\"inLanguage\":\"lv-LV\",\"potentialAction\":[{\"@type\":\"ReadAction\",\"target\":[\"https:\\\/\\\/saksavorst.ee\\\/lv\\\/produkts\\\/kombinetais-maisijums-varitai-skinkim-cooked-ham-combi-fibre-1kg\\\/\"]}]},{\"@type\":\"ImageObject\",\"inLanguage\":\"lv-LV\",\"@id\":\"https:\\\/\\\/saksavorst.ee\\\/lv\\\/produkts\\\/kombinetais-maisijums-varitai-skinkim-cooked-ham-combi-fibre-1kg\\\/#primaryimage\",\"url\":\"https:\\\/\\\/saksavorst.ee\\\/wp-content\\\/uploads\\\/2026\\\/02\\\/kombisegu-keedusingile-cooked-ham-combi-fibre-1kg.png\",\"contentUrl\":\"https:\\\/\\\/saksavorst.ee\\\/wp-content\\\/uploads\\\/2026\\\/02\\\/kombisegu-keedusingile-cooked-ham-combi-fibre-1kg.png\",\"width\":800,\"height\":800},{\"@type\":\"BreadcrumbList\",\"@id\":\"https:\\\/\\\/saksavorst.ee\\\/lv\\\/produkts\\\/kombinetais-maisijums-varitai-skinkim-cooked-ham-combi-fibre-1kg\\\/#breadcrumb\",\"itemListElement\":[{\"@type\":\"ListItem\",\"position\":1,\"name\":\"Home\",\"item\":\"https:\\\/\\\/saksavorst.ee\\\/lv\\\/\"},{\"@type\":\"ListItem\",\"position\":2,\"name\":\"Veikals\",\"item\":\"https:\\\/\\\/saksavorst.ee\\\/lv\\\/veikals\\\/\"},{\"@type\":\"ListItem\",\"position\":3,\"name\":\"Kombin\u0113tais mais\u012bjums v\u0101r\u012btai \u0161\u0137i\u0146\u0137im COOKED HAM COMBI FIBRE 1kg\"}]},{\"@type\":\"WebSite\",\"@id\":\"https:\\\/\\\/saksavorst.ee\\\/lv\\\/#website\",\"url\":\"https:\\\/\\\/saksavorst.ee\\\/lv\\\/\",\"name\":\"Saksavorst\",\"description\":\"Feel the taste of emotions\",\"publisher\":{\"@id\":\"https:\\\/\\\/saksavorst.ee\\\/lv\\\/#organization\"},\"alternateName\":\"Veikand\",\"potentialAction\":[{\"@type\":\"SearchAction\",\"target\":{\"@type\":\"EntryPoint\",\"urlTemplate\":\"https:\\\/\\\/saksavorst.ee\\\/lv\\\/?s={search_term_string}\"},\"query-input\":{\"@type\":\"PropertyValueSpecification\",\"valueRequired\":true,\"valueName\":\"search_term_string\"}}],\"inLanguage\":\"lv-LV\"},{\"@type\":\"Organization\",\"@id\":\"https:\\\/\\\/saksavorst.ee\\\/lv\\\/#organization\",\"name\":\"Saksavorst\",\"alternateName\":\"Veikand\",\"url\":\"https:\\\/\\\/saksavorst.ee\\\/lv\\\/\",\"logo\":{\"@type\":\"ImageObject\",\"inLanguage\":\"lv-LV\",\"@id\":\"https:\\\/\\\/saksavorst.ee\\\/lv\\\/#\\\/schema\\\/logo\\\/image\\\/\",\"url\":\"https:\\\/\\\/saksavorst.ee\\\/wp-content\\\/uploads\\\/2023\\\/05\\\/veikand-logo.jpg\",\"contentUrl\":\"https:\\\/\\\/saksavorst.ee\\\/wp-content\\\/uploads\\\/2023\\\/05\\\/veikand-logo.jpg\",\"width\":217,\"height\":217,\"caption\":\"Saksavorst\"},\"image\":{\"@id\":\"https:\\\/\\\/saksavorst.ee\\\/lv\\\/#\\\/schema\\\/logo\\\/image\\\/\"},\"sameAs\":[\"https:\\\/\\\/www.facebook.com\\\/Veikand\"]}]}<\/script>\n<!-- \/ Yoast SEO plugin. -->","yoast_head_json":{"title":"Kombin\u0113tais mais\u012bjums v\u0101r\u012btai \u0161\u0137i\u0146\u0137im COOKED HAM COMBI FIBRE 1kg - Saksavorst","robots":{"index":"index","follow":"follow","max-snippet":"max-snippet:-1","max-image-preview":"max-image-preview:large","max-video-preview":"max-video-preview:-1"},"canonical":"https:\/\/saksavorst.ee\/lv\/produkts\/kombinetais-maisijums-varitai-skinkim-cooked-ham-combi-fibre-1kg\/","og_locale":"lv_LV","og_type":"article","og_title":"Kombin\u0113tais mais\u012bjums v\u0101r\u012btai \u0161\u0137i\u0146\u0137im COOKED HAM COMBI FIBRE 1kg - Saksavorst","og_description":"\u0160is kombin\u0113tais produkts ar izcil\u0101m gar\u0161as \u012bpa\u0161\u012bb\u0101m apvieno gar\u0161u un funkcion\u0101los savienojumus. Tas ir \u012bpa\u0161i piem\u0113rots restrukturiz\u0113tu c\u016bkga\u013cas un m\u0101jputnu \u0161\u0137i\u0146\u0137u ra\u017eo\u0161anai. Bet tas ir piem\u0113rots ar\u012b tradicion\u0101lo v\u0101r\u012bto \u0161\u0137i\u0146\u0137u ra\u017eo\u0161anai no ga\u013cas gabali\u0146iem.","og_url":"https:\/\/saksavorst.ee\/lv\/produkts\/kombinetais-maisijums-varitai-skinkim-cooked-ham-combi-fibre-1kg\/","og_site_name":"Saksavorst","article_publisher":"https:\/\/www.facebook.com\/Veikand","article_modified_time":"2026-02-18T09:01:01+00:00","og_image":[{"width":800,"height":800,"url":"https:\/\/saksavorst.ee\/wp-content\/uploads\/2026\/02\/kombisegu-keedusingile-cooked-ham-combi-fibre-1kg.png","type":"image\/png"}],"twitter_card":"summary_large_image","twitter_misc":{"Est. reading time":"1 minute"},"schema":{"@context":"https:\/\/schema.org","@graph":[{"@type":"WebPage","@id":"https:\/\/saksavorst.ee\/lv\/produkts\/kombinetais-maisijums-varitai-skinkim-cooked-ham-combi-fibre-1kg\/","url":"https:\/\/saksavorst.ee\/lv\/produkts\/kombinetais-maisijums-varitai-skinkim-cooked-ham-combi-fibre-1kg\/","name":"Kombin\u0113tais mais\u012bjums v\u0101r\u012btai \u0161\u0137i\u0146\u0137im COOKED HAM COMBI FIBRE 1kg - Saksavorst","isPartOf":{"@id":"https:\/\/saksavorst.ee\/lv\/#website"},"primaryImageOfPage":{"@id":"https:\/\/saksavorst.ee\/lv\/produkts\/kombinetais-maisijums-varitai-skinkim-cooked-ham-combi-fibre-1kg\/#primaryimage"},"image":{"@id":"https:\/\/saksavorst.ee\/lv\/produkts\/kombinetais-maisijums-varitai-skinkim-cooked-ham-combi-fibre-1kg\/#primaryimage"},"thumbnailUrl":"https:\/\/saksavorst.ee\/wp-content\/uploads\/2026\/02\/kombisegu-keedusingile-cooked-ham-combi-fibre-1kg.png","datePublished":"2026-02-17T14:18:03+00:00","dateModified":"2026-02-18T09:01:01+00:00","breadcrumb":{"@id":"https:\/\/saksavorst.ee\/lv\/produkts\/kombinetais-maisijums-varitai-skinkim-cooked-ham-combi-fibre-1kg\/#breadcrumb"},"inLanguage":"lv-LV","potentialAction":[{"@type":"ReadAction","target":["https:\/\/saksavorst.ee\/lv\/produkts\/kombinetais-maisijums-varitai-skinkim-cooked-ham-combi-fibre-1kg\/"]}]},{"@type":"ImageObject","inLanguage":"lv-LV","@id":"https:\/\/saksavorst.ee\/lv\/produkts\/kombinetais-maisijums-varitai-skinkim-cooked-ham-combi-fibre-1kg\/#primaryimage","url":"https:\/\/saksavorst.ee\/wp-content\/uploads\/2026\/02\/kombisegu-keedusingile-cooked-ham-combi-fibre-1kg.png","contentUrl":"https:\/\/saksavorst.ee\/wp-content\/uploads\/2026\/02\/kombisegu-keedusingile-cooked-ham-combi-fibre-1kg.png","width":800,"height":800},{"@type":"BreadcrumbList","@id":"https:\/\/saksavorst.ee\/lv\/produkts\/kombinetais-maisijums-varitai-skinkim-cooked-ham-combi-fibre-1kg\/#breadcrumb","itemListElement":[{"@type":"ListItem","position":1,"name":"Home","item":"https:\/\/saksavorst.ee\/lv\/"},{"@type":"ListItem","position":2,"name":"Veikals","item":"https:\/\/saksavorst.ee\/lv\/veikals\/"},{"@type":"ListItem","position":3,"name":"Kombin\u0113tais mais\u012bjums v\u0101r\u012btai \u0161\u0137i\u0146\u0137im COOKED HAM COMBI FIBRE 1kg"}]},{"@type":"WebSite","@id":"https:\/\/saksavorst.ee\/lv\/#website","url":"https:\/\/saksavorst.ee\/lv\/","name":"Saksavorst","description":"Feel the taste of emotions","publisher":{"@id":"https:\/\/saksavorst.ee\/lv\/#organization"},"alternateName":"Veikand","potentialAction":[{"@type":"SearchAction","target":{"@type":"EntryPoint","urlTemplate":"https:\/\/saksavorst.ee\/lv\/?s={search_term_string}"},"query-input":{"@type":"PropertyValueSpecification","valueRequired":true,"valueName":"search_term_string"}}],"inLanguage":"lv-LV"},{"@type":"Organization","@id":"https:\/\/saksavorst.ee\/lv\/#organization","name":"Saksavorst","alternateName":"Veikand","url":"https:\/\/saksavorst.ee\/lv\/","logo":{"@type":"ImageObject","inLanguage":"lv-LV","@id":"https:\/\/saksavorst.ee\/lv\/#\/schema\/logo\/image\/","url":"https:\/\/saksavorst.ee\/wp-content\/uploads\/2023\/05\/veikand-logo.jpg","contentUrl":"https:\/\/saksavorst.ee\/wp-content\/uploads\/2023\/05\/veikand-logo.jpg","width":217,"height":217,"caption":"Saksavorst"},"image":{"@id":"https:\/\/saksavorst.ee\/lv\/#\/schema\/logo\/image\/"},"sameAs":["https:\/\/www.facebook.com\/Veikand"]}]}},"_links":{"self":[{"href":"https:\/\/saksavorst.ee\/lv\/wp-json\/wp\/v2\/product\/49540","targetHints":{"allow":["GET"]}}],"collection":[{"href":"https:\/\/saksavorst.ee\/lv\/wp-json\/wp\/v2\/product"}],"about":[{"href":"https:\/\/saksavorst.ee\/lv\/wp-json\/wp\/v2\/types\/product"}],"version-history":[{"count":2,"href":"https:\/\/saksavorst.ee\/lv\/wp-json\/wp\/v2\/product\/49540\/revisions"}],"predecessor-version":[{"id":49559,"href":"https:\/\/saksavorst.ee\/lv\/wp-json\/wp\/v2\/product\/49540\/revisions\/49559"}],"wp:featuredmedia":[{"embeddable":true,"href":"https:\/\/saksavorst.ee\/lv\/wp-json\/wp\/v2\/media\/49545"}],"wp:attachment":[{"href":"https:\/\/saksavorst.ee\/lv\/wp-json\/wp\/v2\/media?parent=49540"}],"wp:term":[{"taxonomy":"product_brand","embeddable":true,"href":"https:\/\/saksavorst.ee\/lv\/wp-json\/wp\/v2\/product_brand?post=49540"},{"taxonomy":"product_cat","embeddable":true,"href":"https:\/\/saksavorst.ee\/lv\/wp-json\/wp\/v2\/product_cat?post=49540"},{"taxonomy":"product_tag","embeddable":true,"href":"https:\/\/saksavorst.ee\/lv\/wp-json\/wp\/v2\/product_tag?post=49540"}],"curies":[{"name":"wp","href":"https:\/\/api.w.org\/{rel}","templated":true}]}}