{"id":49514,"date":"2026-02-17T15:16:38","date_gmt":"2026-02-17T13:16:38","guid":{"rendered":"https:\/\/saksavorst.ee\/?post_type=product&#038;p=49514"},"modified":"2026-02-17T16:07:53","modified_gmt":"2026-02-17T14:07:53","slug":"merces-garsvielu-maisijums-tzatziki-wurzung-900g","status":"publish","type":"product","link":"https:\/\/saksavorst.ee\/lv\/produkts\/merces-garsvielu-maisijums-tzatziki-wurzung-900g\/","title":{"rendered":"M\u0113rces gar\u0161vielu mais\u012bjums TZATZIKI W\u00dcRZUNG 900g"},"content":{"rendered":"<h4>TZATZIKI W\u00dcRZUNG<\/h4>\n<h4><strong>Sast\u0101vda\u013cas:<\/strong><\/h4>\n<p>S\u0101ls, \u0137iploki, maltodekstr\u012bns, modific\u0113ta kukur\u016bzas ciete: acetil\u0113ts dist\u0101rha adip\u0101ts E 1422, dekstroze, cukurs, gar\u0161augi (t.sk., oregano), s\u012bpoli<\/p>\n<p>Daudzums: 900 g<\/p>\n<p>Ieteicam\u0101 deva: 20-25 g\/kg<\/p>\n<p>Uzglab\u0101t v\u0113s\u0101 (11\u201325 \u00b0C), saus\u0101 un tum\u0161\u0101 viet\u0101<\/p>\n<p>Ieteicams l\u012bdz: skat\u012bt uz iepakojuma<\/p>\n<h4><strong>Uzturv\u0113rt\u012bba \u2013 100 g produkta satur:<\/strong><\/h4>\n<p>Ener\u0123\u0113tisk\u0101 v\u0113rt\u012bba 805 kJ \/ 190 kcal<br \/>\nTauki 0 g<br \/>\nno tiem pies\u0101tin\u0101tie 0 g<br \/>\nOg\u013chidr\u0101ti 41 g<br \/>\nno tiem cukuri 9,2 g<br \/>\nOlbaltumvielas 3,9 g<br \/>\nS\u0101ls 46,9 g<\/p>\n<p>Ra\u017eots: V\u0101cij\u0101<\/p>\n<p>Ra\u017eot\u0101js: RAPS GmbH &amp; Co. KG<\/p>\n","protected":false},"excerpt":{"rendered":"<p>Tzatziki ir grie\u0137u m\u0113rce, ko pasniedz k\u0101 m\u0113rci pie gril\u0113tas ga\u013cas. Galven\u0101 tzatziki sast\u0101vda\u013ca ir nok\u0101sts jogurts, kas gatavots no aitas vai kazas piena un sajaukts ar gur\u0137i, \u0137iplokiem, s\u0101li, ol\u012bve\u013c\u013cu un da\u017ereiz ar\u012b dill\u0113m, piparm\u0113tru vai p\u0113ters\u012b\u013ciem. Tzatziki vienm\u0113r pasniedz aukstu.<\/p>\n","protected":false},"featured_media":49519,"template":"","meta":{"_acf_changed":false},"product_brand":[],"product_cat":[367,375,485],"product_tag":[],"class_list":{"0":"post-49514","1":"product","2":"type-product","3":"status-publish","4":"has-post-thumbnail","6":"product_cat-garsvielas","7":"product_cat-garsvielas-garsvielas","8":"product_cat-sezonas-favoriti","10":"first","11":"instock","12":"taxable","13":"shipping-taxable","14":"purchasable","15":"product-type-simple"},"acf":[],"yoast_head":"<!-- This site is optimized with the Yoast SEO plugin v27.3 - https:\/\/yoast.com\/product\/yoast-seo-wordpress\/ -->\n<title>M\u0113rces gar\u0161vielu mais\u012bjums TZATZIKI W\u00dcRZUNG 900g - Saksavorst<\/title>\n<meta name=\"robots\" content=\"index, follow, max-snippet:-1, max-image-preview:large, max-video-preview:-1\" \/>\n<link rel=\"canonical\" href=\"https:\/\/saksavorst.ee\/lv\/produkts\/merces-garsvielu-maisijums-tzatziki-wurzung-900g\/\" \/>\n<meta property=\"og:locale\" content=\"lv_LV\" \/>\n<meta property=\"og:type\" content=\"article\" \/>\n<meta property=\"og:title\" content=\"M\u0113rces gar\u0161vielu mais\u012bjums TZATZIKI W\u00dcRZUNG 900g - Saksavorst\" \/>\n<meta property=\"og:description\" content=\"Tzatziki ir grie\u0137u m\u0113rce, ko pasniedz k\u0101 m\u0113rci pie gril\u0113tas ga\u013cas. Galven\u0101 tzatziki sast\u0101vda\u013ca ir nok\u0101sts jogurts, kas gatavots no aitas vai kazas piena un sajaukts ar gur\u0137i, \u0137iplokiem, s\u0101li, ol\u012bve\u013c\u013cu un da\u017ereiz ar\u012b dill\u0113m, piparm\u0113tru vai p\u0113ters\u012b\u013ciem. Tzatziki vienm\u0113r pasniedz aukstu.\" \/>\n<meta property=\"og:url\" content=\"https:\/\/saksavorst.ee\/lv\/produkts\/merces-garsvielu-maisijums-tzatziki-wurzung-900g\/\" \/>\n<meta property=\"og:site_name\" content=\"Saksavorst\" \/>\n<meta property=\"article:publisher\" content=\"https:\/\/www.facebook.com\/Veikand\" \/>\n<meta property=\"article:modified_time\" content=\"2026-02-17T14:07:53+00:00\" \/>\n<meta property=\"og:image\" content=\"https:\/\/saksavorst.ee\/wp-content\/uploads\/2026\/02\/kastme-maitseainesegu-tzatziki-wurzung-900g-1.png\" \/>\n\t<meta property=\"og:image:width\" content=\"800\" \/>\n\t<meta property=\"og:image:height\" content=\"800\" \/>\n\t<meta property=\"og:image:type\" content=\"image\/png\" \/>\n<meta name=\"twitter:card\" content=\"summary_large_image\" \/>\n<meta name=\"twitter:label1\" content=\"Est. reading time\" \/>\n\t<meta name=\"twitter:data1\" content=\"1 minute\" \/>\n<script type=\"application\/ld+json\" class=\"yoast-schema-graph\">{\"@context\":\"https:\\\/\\\/schema.org\",\"@graph\":[{\"@type\":\"WebPage\",\"@id\":\"https:\\\/\\\/saksavorst.ee\\\/lv\\\/produkts\\\/merces-garsvielu-maisijums-tzatziki-wurzung-900g\\\/\",\"url\":\"https:\\\/\\\/saksavorst.ee\\\/lv\\\/produkts\\\/merces-garsvielu-maisijums-tzatziki-wurzung-900g\\\/\",\"name\":\"M\u0113rces gar\u0161vielu mais\u012bjums TZATZIKI W\u00dcRZUNG 900g - Saksavorst\",\"isPartOf\":{\"@id\":\"https:\\\/\\\/saksavorst.ee\\\/lv\\\/#website\"},\"primaryImageOfPage\":{\"@id\":\"https:\\\/\\\/saksavorst.ee\\\/lv\\\/produkts\\\/merces-garsvielu-maisijums-tzatziki-wurzung-900g\\\/#primaryimage\"},\"image\":{\"@id\":\"https:\\\/\\\/saksavorst.ee\\\/lv\\\/produkts\\\/merces-garsvielu-maisijums-tzatziki-wurzung-900g\\\/#primaryimage\"},\"thumbnailUrl\":\"https:\\\/\\\/saksavorst.ee\\\/wp-content\\\/uploads\\\/2026\\\/02\\\/kastme-maitseainesegu-tzatziki-wurzung-900g-1.png\",\"datePublished\":\"2026-02-17T13:16:38+00:00\",\"dateModified\":\"2026-02-17T14:07:53+00:00\",\"breadcrumb\":{\"@id\":\"https:\\\/\\\/saksavorst.ee\\\/lv\\\/produkts\\\/merces-garsvielu-maisijums-tzatziki-wurzung-900g\\\/#breadcrumb\"},\"inLanguage\":\"lv-LV\",\"potentialAction\":[{\"@type\":\"ReadAction\",\"target\":[\"https:\\\/\\\/saksavorst.ee\\\/lv\\\/produkts\\\/merces-garsvielu-maisijums-tzatziki-wurzung-900g\\\/\"]}]},{\"@type\":\"ImageObject\",\"inLanguage\":\"lv-LV\",\"@id\":\"https:\\\/\\\/saksavorst.ee\\\/lv\\\/produkts\\\/merces-garsvielu-maisijums-tzatziki-wurzung-900g\\\/#primaryimage\",\"url\":\"https:\\\/\\\/saksavorst.ee\\\/wp-content\\\/uploads\\\/2026\\\/02\\\/kastme-maitseainesegu-tzatziki-wurzung-900g-1.png\",\"contentUrl\":\"https:\\\/\\\/saksavorst.ee\\\/wp-content\\\/uploads\\\/2026\\\/02\\\/kastme-maitseainesegu-tzatziki-wurzung-900g-1.png\",\"width\":800,\"height\":800},{\"@type\":\"BreadcrumbList\",\"@id\":\"https:\\\/\\\/saksavorst.ee\\\/lv\\\/produkts\\\/merces-garsvielu-maisijums-tzatziki-wurzung-900g\\\/#breadcrumb\",\"itemListElement\":[{\"@type\":\"ListItem\",\"position\":1,\"name\":\"Home\",\"item\":\"https:\\\/\\\/saksavorst.ee\\\/lv\\\/\"},{\"@type\":\"ListItem\",\"position\":2,\"name\":\"Veikals\",\"item\":\"https:\\\/\\\/saksavorst.ee\\\/lv\\\/veikals\\\/\"},{\"@type\":\"ListItem\",\"position\":3,\"name\":\"M\u0113rces gar\u0161vielu mais\u012bjums TZATZIKI W\u00dcRZUNG 900g\"}]},{\"@type\":\"WebSite\",\"@id\":\"https:\\\/\\\/saksavorst.ee\\\/lv\\\/#website\",\"url\":\"https:\\\/\\\/saksavorst.ee\\\/lv\\\/\",\"name\":\"Saksavorst\",\"description\":\"Feel the taste of emotions\",\"publisher\":{\"@id\":\"https:\\\/\\\/saksavorst.ee\\\/lv\\\/#organization\"},\"alternateName\":\"Veikand\",\"potentialAction\":[{\"@type\":\"SearchAction\",\"target\":{\"@type\":\"EntryPoint\",\"urlTemplate\":\"https:\\\/\\\/saksavorst.ee\\\/lv\\\/?s={search_term_string}\"},\"query-input\":{\"@type\":\"PropertyValueSpecification\",\"valueRequired\":true,\"valueName\":\"search_term_string\"}}],\"inLanguage\":\"lv-LV\"},{\"@type\":\"Organization\",\"@id\":\"https:\\\/\\\/saksavorst.ee\\\/lv\\\/#organization\",\"name\":\"Saksavorst\",\"alternateName\":\"Veikand\",\"url\":\"https:\\\/\\\/saksavorst.ee\\\/lv\\\/\",\"logo\":{\"@type\":\"ImageObject\",\"inLanguage\":\"lv-LV\",\"@id\":\"https:\\\/\\\/saksavorst.ee\\\/lv\\\/#\\\/schema\\\/logo\\\/image\\\/\",\"url\":\"https:\\\/\\\/saksavorst.ee\\\/wp-content\\\/uploads\\\/2023\\\/05\\\/veikand-logo.jpg\",\"contentUrl\":\"https:\\\/\\\/saksavorst.ee\\\/wp-content\\\/uploads\\\/2023\\\/05\\\/veikand-logo.jpg\",\"width\":217,\"height\":217,\"caption\":\"Saksavorst\"},\"image\":{\"@id\":\"https:\\\/\\\/saksavorst.ee\\\/lv\\\/#\\\/schema\\\/logo\\\/image\\\/\"},\"sameAs\":[\"https:\\\/\\\/www.facebook.com\\\/Veikand\"]}]}<\/script>\n<!-- \/ Yoast SEO plugin. -->","yoast_head_json":{"title":"M\u0113rces gar\u0161vielu mais\u012bjums TZATZIKI W\u00dcRZUNG 900g - Saksavorst","robots":{"index":"index","follow":"follow","max-snippet":"max-snippet:-1","max-image-preview":"max-image-preview:large","max-video-preview":"max-video-preview:-1"},"canonical":"https:\/\/saksavorst.ee\/lv\/produkts\/merces-garsvielu-maisijums-tzatziki-wurzung-900g\/","og_locale":"lv_LV","og_type":"article","og_title":"M\u0113rces gar\u0161vielu mais\u012bjums TZATZIKI W\u00dcRZUNG 900g - Saksavorst","og_description":"Tzatziki ir grie\u0137u m\u0113rce, ko pasniedz k\u0101 m\u0113rci pie gril\u0113tas ga\u013cas. Galven\u0101 tzatziki sast\u0101vda\u013ca ir nok\u0101sts jogurts, kas gatavots no aitas vai kazas piena un sajaukts ar gur\u0137i, \u0137iplokiem, s\u0101li, ol\u012bve\u013c\u013cu un da\u017ereiz ar\u012b dill\u0113m, piparm\u0113tru vai p\u0113ters\u012b\u013ciem. Tzatziki vienm\u0113r pasniedz aukstu.","og_url":"https:\/\/saksavorst.ee\/lv\/produkts\/merces-garsvielu-maisijums-tzatziki-wurzung-900g\/","og_site_name":"Saksavorst","article_publisher":"https:\/\/www.facebook.com\/Veikand","article_modified_time":"2026-02-17T14:07:53+00:00","og_image":[{"width":800,"height":800,"url":"https:\/\/saksavorst.ee\/wp-content\/uploads\/2026\/02\/kastme-maitseainesegu-tzatziki-wurzung-900g-1.png","type":"image\/png"}],"twitter_card":"summary_large_image","twitter_misc":{"Est. reading time":"1 minute"},"schema":{"@context":"https:\/\/schema.org","@graph":[{"@type":"WebPage","@id":"https:\/\/saksavorst.ee\/lv\/produkts\/merces-garsvielu-maisijums-tzatziki-wurzung-900g\/","url":"https:\/\/saksavorst.ee\/lv\/produkts\/merces-garsvielu-maisijums-tzatziki-wurzung-900g\/","name":"M\u0113rces gar\u0161vielu mais\u012bjums TZATZIKI W\u00dcRZUNG 900g - Saksavorst","isPartOf":{"@id":"https:\/\/saksavorst.ee\/lv\/#website"},"primaryImageOfPage":{"@id":"https:\/\/saksavorst.ee\/lv\/produkts\/merces-garsvielu-maisijums-tzatziki-wurzung-900g\/#primaryimage"},"image":{"@id":"https:\/\/saksavorst.ee\/lv\/produkts\/merces-garsvielu-maisijums-tzatziki-wurzung-900g\/#primaryimage"},"thumbnailUrl":"https:\/\/saksavorst.ee\/wp-content\/uploads\/2026\/02\/kastme-maitseainesegu-tzatziki-wurzung-900g-1.png","datePublished":"2026-02-17T13:16:38+00:00","dateModified":"2026-02-17T14:07:53+00:00","breadcrumb":{"@id":"https:\/\/saksavorst.ee\/lv\/produkts\/merces-garsvielu-maisijums-tzatziki-wurzung-900g\/#breadcrumb"},"inLanguage":"lv-LV","potentialAction":[{"@type":"ReadAction","target":["https:\/\/saksavorst.ee\/lv\/produkts\/merces-garsvielu-maisijums-tzatziki-wurzung-900g\/"]}]},{"@type":"ImageObject","inLanguage":"lv-LV","@id":"https:\/\/saksavorst.ee\/lv\/produkts\/merces-garsvielu-maisijums-tzatziki-wurzung-900g\/#primaryimage","url":"https:\/\/saksavorst.ee\/wp-content\/uploads\/2026\/02\/kastme-maitseainesegu-tzatziki-wurzung-900g-1.png","contentUrl":"https:\/\/saksavorst.ee\/wp-content\/uploads\/2026\/02\/kastme-maitseainesegu-tzatziki-wurzung-900g-1.png","width":800,"height":800},{"@type":"BreadcrumbList","@id":"https:\/\/saksavorst.ee\/lv\/produkts\/merces-garsvielu-maisijums-tzatziki-wurzung-900g\/#breadcrumb","itemListElement":[{"@type":"ListItem","position":1,"name":"Home","item":"https:\/\/saksavorst.ee\/lv\/"},{"@type":"ListItem","position":2,"name":"Veikals","item":"https:\/\/saksavorst.ee\/lv\/veikals\/"},{"@type":"ListItem","position":3,"name":"M\u0113rces gar\u0161vielu mais\u012bjums TZATZIKI W\u00dcRZUNG 900g"}]},{"@type":"WebSite","@id":"https:\/\/saksavorst.ee\/lv\/#website","url":"https:\/\/saksavorst.ee\/lv\/","name":"Saksavorst","description":"Feel the taste of emotions","publisher":{"@id":"https:\/\/saksavorst.ee\/lv\/#organization"},"alternateName":"Veikand","potentialAction":[{"@type":"SearchAction","target":{"@type":"EntryPoint","urlTemplate":"https:\/\/saksavorst.ee\/lv\/?s={search_term_string}"},"query-input":{"@type":"PropertyValueSpecification","valueRequired":true,"valueName":"search_term_string"}}],"inLanguage":"lv-LV"},{"@type":"Organization","@id":"https:\/\/saksavorst.ee\/lv\/#organization","name":"Saksavorst","alternateName":"Veikand","url":"https:\/\/saksavorst.ee\/lv\/","logo":{"@type":"ImageObject","inLanguage":"lv-LV","@id":"https:\/\/saksavorst.ee\/lv\/#\/schema\/logo\/image\/","url":"https:\/\/saksavorst.ee\/wp-content\/uploads\/2023\/05\/veikand-logo.jpg","contentUrl":"https:\/\/saksavorst.ee\/wp-content\/uploads\/2023\/05\/veikand-logo.jpg","width":217,"height":217,"caption":"Saksavorst"},"image":{"@id":"https:\/\/saksavorst.ee\/lv\/#\/schema\/logo\/image\/"},"sameAs":["https:\/\/www.facebook.com\/Veikand"]}]}},"_links":{"self":[{"href":"https:\/\/saksavorst.ee\/lv\/wp-json\/wp\/v2\/product\/49514","targetHints":{"allow":["GET"]}}],"collection":[{"href":"https:\/\/saksavorst.ee\/lv\/wp-json\/wp\/v2\/product"}],"about":[{"href":"https:\/\/saksavorst.ee\/lv\/wp-json\/wp\/v2\/types\/product"}],"version-history":[{"count":2,"href":"https:\/\/saksavorst.ee\/lv\/wp-json\/wp\/v2\/product\/49514\/revisions"}],"predecessor-version":[{"id":49535,"href":"https:\/\/saksavorst.ee\/lv\/wp-json\/wp\/v2\/product\/49514\/revisions\/49535"}],"wp:featuredmedia":[{"embeddable":true,"href":"https:\/\/saksavorst.ee\/lv\/wp-json\/wp\/v2\/media\/49519"}],"wp:attachment":[{"href":"https:\/\/saksavorst.ee\/lv\/wp-json\/wp\/v2\/media?parent=49514"}],"wp:term":[{"taxonomy":"product_brand","embeddable":true,"href":"https:\/\/saksavorst.ee\/lv\/wp-json\/wp\/v2\/product_brand?post=49514"},{"taxonomy":"product_cat","embeddable":true,"href":"https:\/\/saksavorst.ee\/lv\/wp-json\/wp\/v2\/product_cat?post=49514"},{"taxonomy":"product_tag","embeddable":true,"href":"https:\/\/saksavorst.ee\/lv\/wp-json\/wp\/v2\/product_tag?post=49514"}],"curies":[{"name":"wp","href":"https:\/\/api.w.org\/{rel}","templated":true}]}}