{"id":49265,"date":"2026-01-27T13:56:06","date_gmt":"2026-01-27T11:56:06","guid":{"rendered":"https:\/\/saksavorst.ee\/?post_type=product&#038;p=49265"},"modified":"2026-01-27T14:14:33","modified_gmt":"2026-01-27T12:14:33","slug":"desu-griezejs-bartscher","status":"publish","type":"product","link":"https:\/\/saksavorst.ee\/lv\/produkts\/desu-griezejs-bartscher\/","title":{"rendered":"Desu griez\u0113js BARTSCHER"},"content":{"rendered":"<p>Ra\u017eot\u0101js: Bartscher GmbH<\/p>\n<p>Modelis: 120579<\/p>\n<p>Ner\u016bs\u0113jo\u0161ais<\/p>\n<p>Darba platums: 210 mm<\/p>\n<p>Na\u017ei: 10 gab<\/p>\n<p>Dzi\u013cums: 115 mm<\/p>\n<p>\u0100r\u0113jie izm\u0113ri G x Pl x A: 300 x 115 x 210 mm<\/p>\n<p>Svars: 2,3 kg<\/p>\n","protected":false},"excerpt":{"rendered":"<p>Karija desu griez\u0113js ir paredz\u0113ts desu grie\u0161anai.<\/p>\n<p>Novietojums<br \/>\n1. Novietojiet ier\u012bci uz l\u012bdzenas virsmas, kuras nestsp\u0113ja ir pietiekama ier\u012bces svaram un kura ir pietiekami stabila.<br \/>\n2. Nekad nenovietojiet ier\u012bci pie malas vai malas.<br \/>\n3. Pirms lieto\u0161anas p\u0101rliecinieties, vai gumijas k\u0101ji\u0146as ir labi piespiestas darba virsmai un nodro\u0161ina dro\u0161u novietojumu.<br \/>\n4. Novietojiet ier\u012bci t\u0101, lai padeves atvere atrastos priek\u0161pus\u0113.<\/p>\n<p>Darb\u012bba<br \/>\n1. Novietojiet \u0161\u0137\u012bvi uz pamatnes pl\u0101ksnes zem padeves atveres.<br \/>\n2. P\u0113c tam ar lab\u0101s puses knaibl\u0113m ievietojiet desu padeves atver\u0113.<br \/>\n3. Pab\u012bdiet vad\u012bbas sviru prom no sevis.<br \/>\n4. Desas gabali\u0146i nokrit\u012bs uz \u0161\u0137\u012bvja.<\/p>\n","protected":false},"featured_media":49270,"template":"","meta":{"_acf_changed":false},"product_brand":[],"product_cat":[333,334,351],"product_tag":[],"class_list":{"0":"post-49265","1":"product","2":"type-product","3":"status-publish","4":"has-post-thumbnail","6":"product_cat-aprikojums","7":"product_cat-visi-produkti","8":"product_cat-piedavajumi","10":"first","11":"instock","12":"sale","13":"sold-individually","14":"taxable","15":"shipping-taxable","16":"purchasable","17":"product-type-simple"},"acf":[],"yoast_head":"<!-- This site is optimized with the Yoast SEO plugin v27.3 - https:\/\/yoast.com\/product\/yoast-seo-wordpress\/ -->\n<title>Desu griez\u0113js BARTSCHER - Saksavorst<\/title>\n<meta name=\"robots\" content=\"index, follow, max-snippet:-1, max-image-preview:large, max-video-preview:-1\" \/>\n<link rel=\"canonical\" href=\"https:\/\/saksavorst.ee\/lv\/produkts\/desu-griezejs-bartscher\/\" \/>\n<meta property=\"og:locale\" content=\"lv_LV\" \/>\n<meta property=\"og:type\" content=\"article\" \/>\n<meta property=\"og:title\" content=\"Desu griez\u0113js BARTSCHER - Saksavorst\" \/>\n<meta property=\"og:description\" content=\"Karija desu griez\u0113js ir paredz\u0113ts desu grie\u0161anai.  Novietojums 1. Novietojiet ier\u012bci uz l\u012bdzenas virsmas, kuras nestsp\u0113ja ir pietiekama ier\u012bces svaram un kura ir pietiekami stabila. 2. Nekad nenovietojiet ier\u012bci pie malas vai malas. 3. Pirms lieto\u0161anas p\u0101rliecinieties, vai gumijas k\u0101ji\u0146as ir labi piespiestas darba virsmai un nodro\u0161ina dro\u0161u novietojumu. 4. Novietojiet ier\u012bci t\u0101, lai padeves atvere atrastos priek\u0161pus\u0113.  Darb\u012bba 1. Novietojiet \u0161\u0137\u012bvi uz pamatnes pl\u0101ksnes zem padeves atveres. 2. P\u0113c tam ar lab\u0101s puses knaibl\u0113m ievietojiet desu padeves atver\u0113. 3. Pab\u012bdiet vad\u012bbas sviru prom no sevis. 4. Desas gabali\u0146i nokrit\u012bs uz \u0161\u0137\u012bvja.\" \/>\n<meta property=\"og:url\" content=\"https:\/\/saksavorst.ee\/lv\/produkts\/desu-griezejs-bartscher\/\" \/>\n<meta property=\"og:site_name\" content=\"Saksavorst\" \/>\n<meta property=\"article:publisher\" content=\"https:\/\/www.facebook.com\/Veikand\" \/>\n<meta property=\"article:modified_time\" content=\"2026-01-27T12:14:33+00:00\" \/>\n<meta property=\"og:image\" content=\"https:\/\/saksavorst.ee\/wp-content\/uploads\/2026\/01\/vorstiloikur-bartscher-1.jpg\" \/>\n\t<meta property=\"og:image:width\" content=\"800\" \/>\n\t<meta property=\"og:image:height\" content=\"800\" \/>\n\t<meta property=\"og:image:type\" content=\"image\/jpeg\" \/>\n<meta name=\"twitter:card\" content=\"summary_large_image\" \/>\n<meta name=\"twitter:label1\" content=\"Est. reading time\" \/>\n\t<meta name=\"twitter:data1\" content=\"1 minute\" \/>\n<script type=\"application\/ld+json\" class=\"yoast-schema-graph\">{\"@context\":\"https:\\\/\\\/schema.org\",\"@graph\":[{\"@type\":\"WebPage\",\"@id\":\"https:\\\/\\\/saksavorst.ee\\\/lv\\\/produkts\\\/desu-griezejs-bartscher\\\/\",\"url\":\"https:\\\/\\\/saksavorst.ee\\\/lv\\\/produkts\\\/desu-griezejs-bartscher\\\/\",\"name\":\"Desu griez\u0113js BARTSCHER - Saksavorst\",\"isPartOf\":{\"@id\":\"https:\\\/\\\/saksavorst.ee\\\/lv\\\/#website\"},\"primaryImageOfPage\":{\"@id\":\"https:\\\/\\\/saksavorst.ee\\\/lv\\\/produkts\\\/desu-griezejs-bartscher\\\/#primaryimage\"},\"image\":{\"@id\":\"https:\\\/\\\/saksavorst.ee\\\/lv\\\/produkts\\\/desu-griezejs-bartscher\\\/#primaryimage\"},\"thumbnailUrl\":\"https:\\\/\\\/saksavorst.ee\\\/wp-content\\\/uploads\\\/2026\\\/01\\\/vorstiloikur-bartscher-1.jpg\",\"datePublished\":\"2026-01-27T11:56:06+00:00\",\"dateModified\":\"2026-01-27T12:14:33+00:00\",\"breadcrumb\":{\"@id\":\"https:\\\/\\\/saksavorst.ee\\\/lv\\\/produkts\\\/desu-griezejs-bartscher\\\/#breadcrumb\"},\"inLanguage\":\"lv-LV\",\"potentialAction\":[{\"@type\":\"ReadAction\",\"target\":[\"https:\\\/\\\/saksavorst.ee\\\/lv\\\/produkts\\\/desu-griezejs-bartscher\\\/\"]}]},{\"@type\":\"ImageObject\",\"inLanguage\":\"lv-LV\",\"@id\":\"https:\\\/\\\/saksavorst.ee\\\/lv\\\/produkts\\\/desu-griezejs-bartscher\\\/#primaryimage\",\"url\":\"https:\\\/\\\/saksavorst.ee\\\/wp-content\\\/uploads\\\/2026\\\/01\\\/vorstiloikur-bartscher-1.jpg\",\"contentUrl\":\"https:\\\/\\\/saksavorst.ee\\\/wp-content\\\/uploads\\\/2026\\\/01\\\/vorstiloikur-bartscher-1.jpg\",\"width\":800,\"height\":800},{\"@type\":\"BreadcrumbList\",\"@id\":\"https:\\\/\\\/saksavorst.ee\\\/lv\\\/produkts\\\/desu-griezejs-bartscher\\\/#breadcrumb\",\"itemListElement\":[{\"@type\":\"ListItem\",\"position\":1,\"name\":\"Home\",\"item\":\"https:\\\/\\\/saksavorst.ee\\\/lv\\\/\"},{\"@type\":\"ListItem\",\"position\":2,\"name\":\"Veikals\",\"item\":\"https:\\\/\\\/saksavorst.ee\\\/lv\\\/veikals\\\/\"},{\"@type\":\"ListItem\",\"position\":3,\"name\":\"Desu griez\u0113js BARTSCHER\"}]},{\"@type\":\"WebSite\",\"@id\":\"https:\\\/\\\/saksavorst.ee\\\/lv\\\/#website\",\"url\":\"https:\\\/\\\/saksavorst.ee\\\/lv\\\/\",\"name\":\"Saksavorst\",\"description\":\"Feel the taste of emotions\",\"publisher\":{\"@id\":\"https:\\\/\\\/saksavorst.ee\\\/lv\\\/#organization\"},\"alternateName\":\"Veikand\",\"potentialAction\":[{\"@type\":\"SearchAction\",\"target\":{\"@type\":\"EntryPoint\",\"urlTemplate\":\"https:\\\/\\\/saksavorst.ee\\\/lv\\\/?s={search_term_string}\"},\"query-input\":{\"@type\":\"PropertyValueSpecification\",\"valueRequired\":true,\"valueName\":\"search_term_string\"}}],\"inLanguage\":\"lv-LV\"},{\"@type\":\"Organization\",\"@id\":\"https:\\\/\\\/saksavorst.ee\\\/lv\\\/#organization\",\"name\":\"Saksavorst\",\"alternateName\":\"Veikand\",\"url\":\"https:\\\/\\\/saksavorst.ee\\\/lv\\\/\",\"logo\":{\"@type\":\"ImageObject\",\"inLanguage\":\"lv-LV\",\"@id\":\"https:\\\/\\\/saksavorst.ee\\\/lv\\\/#\\\/schema\\\/logo\\\/image\\\/\",\"url\":\"https:\\\/\\\/saksavorst.ee\\\/wp-content\\\/uploads\\\/2023\\\/05\\\/veikand-logo.jpg\",\"contentUrl\":\"https:\\\/\\\/saksavorst.ee\\\/wp-content\\\/uploads\\\/2023\\\/05\\\/veikand-logo.jpg\",\"width\":217,\"height\":217,\"caption\":\"Saksavorst\"},\"image\":{\"@id\":\"https:\\\/\\\/saksavorst.ee\\\/lv\\\/#\\\/schema\\\/logo\\\/image\\\/\"},\"sameAs\":[\"https:\\\/\\\/www.facebook.com\\\/Veikand\"]}]}<\/script>\n<!-- \/ Yoast SEO plugin. -->","yoast_head_json":{"title":"Desu griez\u0113js BARTSCHER - Saksavorst","robots":{"index":"index","follow":"follow","max-snippet":"max-snippet:-1","max-image-preview":"max-image-preview:large","max-video-preview":"max-video-preview:-1"},"canonical":"https:\/\/saksavorst.ee\/lv\/produkts\/desu-griezejs-bartscher\/","og_locale":"lv_LV","og_type":"article","og_title":"Desu griez\u0113js BARTSCHER - Saksavorst","og_description":"Karija desu griez\u0113js ir paredz\u0113ts desu grie\u0161anai.  Novietojums 1. Novietojiet ier\u012bci uz l\u012bdzenas virsmas, kuras nestsp\u0113ja ir pietiekama ier\u012bces svaram un kura ir pietiekami stabila. 2. Nekad nenovietojiet ier\u012bci pie malas vai malas. 3. Pirms lieto\u0161anas p\u0101rliecinieties, vai gumijas k\u0101ji\u0146as ir labi piespiestas darba virsmai un nodro\u0161ina dro\u0161u novietojumu. 4. Novietojiet ier\u012bci t\u0101, lai padeves atvere atrastos priek\u0161pus\u0113.  Darb\u012bba 1. Novietojiet \u0161\u0137\u012bvi uz pamatnes pl\u0101ksnes zem padeves atveres. 2. P\u0113c tam ar lab\u0101s puses knaibl\u0113m ievietojiet desu padeves atver\u0113. 3. Pab\u012bdiet vad\u012bbas sviru prom no sevis. 4. Desas gabali\u0146i nokrit\u012bs uz \u0161\u0137\u012bvja.","og_url":"https:\/\/saksavorst.ee\/lv\/produkts\/desu-griezejs-bartscher\/","og_site_name":"Saksavorst","article_publisher":"https:\/\/www.facebook.com\/Veikand","article_modified_time":"2026-01-27T12:14:33+00:00","og_image":[{"width":800,"height":800,"url":"https:\/\/saksavorst.ee\/wp-content\/uploads\/2026\/01\/vorstiloikur-bartscher-1.jpg","type":"image\/jpeg"}],"twitter_card":"summary_large_image","twitter_misc":{"Est. reading time":"1 minute"},"schema":{"@context":"https:\/\/schema.org","@graph":[{"@type":"WebPage","@id":"https:\/\/saksavorst.ee\/lv\/produkts\/desu-griezejs-bartscher\/","url":"https:\/\/saksavorst.ee\/lv\/produkts\/desu-griezejs-bartscher\/","name":"Desu griez\u0113js BARTSCHER - Saksavorst","isPartOf":{"@id":"https:\/\/saksavorst.ee\/lv\/#website"},"primaryImageOfPage":{"@id":"https:\/\/saksavorst.ee\/lv\/produkts\/desu-griezejs-bartscher\/#primaryimage"},"image":{"@id":"https:\/\/saksavorst.ee\/lv\/produkts\/desu-griezejs-bartscher\/#primaryimage"},"thumbnailUrl":"https:\/\/saksavorst.ee\/wp-content\/uploads\/2026\/01\/vorstiloikur-bartscher-1.jpg","datePublished":"2026-01-27T11:56:06+00:00","dateModified":"2026-01-27T12:14:33+00:00","breadcrumb":{"@id":"https:\/\/saksavorst.ee\/lv\/produkts\/desu-griezejs-bartscher\/#breadcrumb"},"inLanguage":"lv-LV","potentialAction":[{"@type":"ReadAction","target":["https:\/\/saksavorst.ee\/lv\/produkts\/desu-griezejs-bartscher\/"]}]},{"@type":"ImageObject","inLanguage":"lv-LV","@id":"https:\/\/saksavorst.ee\/lv\/produkts\/desu-griezejs-bartscher\/#primaryimage","url":"https:\/\/saksavorst.ee\/wp-content\/uploads\/2026\/01\/vorstiloikur-bartscher-1.jpg","contentUrl":"https:\/\/saksavorst.ee\/wp-content\/uploads\/2026\/01\/vorstiloikur-bartscher-1.jpg","width":800,"height":800},{"@type":"BreadcrumbList","@id":"https:\/\/saksavorst.ee\/lv\/produkts\/desu-griezejs-bartscher\/#breadcrumb","itemListElement":[{"@type":"ListItem","position":1,"name":"Home","item":"https:\/\/saksavorst.ee\/lv\/"},{"@type":"ListItem","position":2,"name":"Veikals","item":"https:\/\/saksavorst.ee\/lv\/veikals\/"},{"@type":"ListItem","position":3,"name":"Desu griez\u0113js BARTSCHER"}]},{"@type":"WebSite","@id":"https:\/\/saksavorst.ee\/lv\/#website","url":"https:\/\/saksavorst.ee\/lv\/","name":"Saksavorst","description":"Feel the taste of emotions","publisher":{"@id":"https:\/\/saksavorst.ee\/lv\/#organization"},"alternateName":"Veikand","potentialAction":[{"@type":"SearchAction","target":{"@type":"EntryPoint","urlTemplate":"https:\/\/saksavorst.ee\/lv\/?s={search_term_string}"},"query-input":{"@type":"PropertyValueSpecification","valueRequired":true,"valueName":"search_term_string"}}],"inLanguage":"lv-LV"},{"@type":"Organization","@id":"https:\/\/saksavorst.ee\/lv\/#organization","name":"Saksavorst","alternateName":"Veikand","url":"https:\/\/saksavorst.ee\/lv\/","logo":{"@type":"ImageObject","inLanguage":"lv-LV","@id":"https:\/\/saksavorst.ee\/lv\/#\/schema\/logo\/image\/","url":"https:\/\/saksavorst.ee\/wp-content\/uploads\/2023\/05\/veikand-logo.jpg","contentUrl":"https:\/\/saksavorst.ee\/wp-content\/uploads\/2023\/05\/veikand-logo.jpg","width":217,"height":217,"caption":"Saksavorst"},"image":{"@id":"https:\/\/saksavorst.ee\/lv\/#\/schema\/logo\/image\/"},"sameAs":["https:\/\/www.facebook.com\/Veikand"]}]}},"_links":{"self":[{"href":"https:\/\/saksavorst.ee\/lv\/wp-json\/wp\/v2\/product\/49265","targetHints":{"allow":["GET"]}}],"collection":[{"href":"https:\/\/saksavorst.ee\/lv\/wp-json\/wp\/v2\/product"}],"about":[{"href":"https:\/\/saksavorst.ee\/lv\/wp-json\/wp\/v2\/types\/product"}],"version-history":[{"count":1,"href":"https:\/\/saksavorst.ee\/lv\/wp-json\/wp\/v2\/product\/49265\/revisions"}],"predecessor-version":[{"id":49275,"href":"https:\/\/saksavorst.ee\/lv\/wp-json\/wp\/v2\/product\/49265\/revisions\/49275"}],"wp:featuredmedia":[{"embeddable":true,"href":"https:\/\/saksavorst.ee\/lv\/wp-json\/wp\/v2\/media\/49270"}],"wp:attachment":[{"href":"https:\/\/saksavorst.ee\/lv\/wp-json\/wp\/v2\/media?parent=49265"}],"wp:term":[{"taxonomy":"product_brand","embeddable":true,"href":"https:\/\/saksavorst.ee\/lv\/wp-json\/wp\/v2\/product_brand?post=49265"},{"taxonomy":"product_cat","embeddable":true,"href":"https:\/\/saksavorst.ee\/lv\/wp-json\/wp\/v2\/product_cat?post=49265"},{"taxonomy":"product_tag","embeddable":true,"href":"https:\/\/saksavorst.ee\/lv\/wp-json\/wp\/v2\/product_tag?post=49265"}],"curies":[{"name":"wp","href":"https:\/\/api.w.org\/{rel}","templated":true}]}}