{"id":49021,"date":"2026-01-19T12:59:44","date_gmt":"2026-01-19T10:59:44","guid":{"rendered":"https:\/\/saksavorst.ee\/?post_type=product&#038;p=49021"},"modified":"2026-01-19T13:56:04","modified_gmt":"2026-01-19T11:56:04","slug":"artisoku-sirdis-didilo-290g-165g","status":"publish","type":"product","link":"https:\/\/saksavorst.ee\/lv\/produkts\/artisoku-sirdis-didilo-290g-165g\/","title":{"rendered":"Arti\u0161oku sirdis DIDILO 290g\/165g"},"content":{"rendered":"<h4>CORAZONES DE ALCACHOFA<\/h4>\n<h4><strong>Sast\u0101vda\u013cas:<\/strong><\/h4>\n<p>Arti\u0161oku sirdis, \u016bdens, s\u0101ls, sk\u0101be E-330, antioksidants E-330<\/p>\n<p>Daudzums: bruto 290 g, neto 165 g<\/p>\n<p>Ieteicam\u0101 deva: atbilsto\u0161i vajadz\u012bbai<\/p>\n<p>Uzglab\u0101t v\u0113s\u0101 (11\u201325 \u00b0C), saus\u0101 un tum\u0161\u0101 viet\u0101<\/p>\n<p>Ieteicams l\u012bdz: skat\u012bt uz iepakojuma<\/p>\n<p>P\u0113c atv\u0113r\u0161anas uzglab\u0101t ledusskap\u012b 5 dienas<\/p>\n<h4><strong>Uzturv\u0113rt\u012bba \u2013 100 g produkta satur:<\/strong><\/h4>\n<p>Ener\u0123\u0113tisk\u0101 v\u0113rt\u012bba 167 kJ \/ 40 kcal<br \/>\nTauki 0 g<br \/>\nno tiem pies\u0101tin\u0101tie 0 g<br \/>\nOg\u013chidr\u0101ti 6 g<br \/>\nno tiem cukuri 1,3 g<br \/>\nOlbaltumvielas 1,7 g<br \/>\nS\u0101ls 0,78 g<\/p>\n<p>Ra\u017eots: Sp\u0101nija<\/p>\n<p>Ra\u017eot\u0101js: Aceites Malaga S.L.<\/p>\n","protected":false},"excerpt":{"rendered":"<p>\u0160is augstas kvalit\u0101tes produkts ir gatavots no svaigiem un tikko nov\u0101ktiem arti\u0161okiem, no kuriem tiek izmantota tikai lab\u0101k\u0101 da\u013ca \u2013 arti\u0161oku sirds. T\u0101 ir paz\u012bstama ar savu uzturv\u0113rt\u012bbu un miner\u0101ls\u0101\u013ciem, kas satur daudzas labv\u0113l\u012bgas \u012bpa\u0161\u012bbas. Arti\u0161oku sirdis e\u013c\u013c\u0101 ir piem\u0113rotas lieto\u0161anai k\u0101 antipasti sast\u0101vda\u013ca vai lai pievienotu aizraujo\u0161u gar\u0161as niansi sal\u0101tiem.<\/p>\n","protected":false},"featured_media":49026,"template":"","meta":{"_acf_changed":false},"product_brand":[],"product_cat":[485,490,351],"product_tag":[],"class_list":{"0":"post-49021","1":"product","2":"type-product","3":"status-publish","4":"has-post-thumbnail","6":"product_cat-sezonas-favoriti","7":"product_cat-partikas-preces","8":"product_cat-piedavajumi","10":"first","11":"instock","12":"sale","13":"taxable","14":"shipping-taxable","15":"purchasable","16":"product-type-simple"},"acf":[],"yoast_head":"<!-- This site is optimized with the Yoast SEO plugin v27.3 - https:\/\/yoast.com\/product\/yoast-seo-wordpress\/ -->\n<title>Arti\u0161oku sirdis DIDILO 290g\/165g - Saksavorst<\/title>\n<meta name=\"robots\" content=\"index, follow, max-snippet:-1, max-image-preview:large, max-video-preview:-1\" \/>\n<link rel=\"canonical\" href=\"https:\/\/saksavorst.ee\/lv\/produkts\/artisoku-sirdis-didilo-290g-165g\/\" \/>\n<meta property=\"og:locale\" content=\"lv_LV\" \/>\n<meta property=\"og:type\" content=\"article\" \/>\n<meta property=\"og:title\" content=\"Arti\u0161oku sirdis DIDILO 290g\/165g - Saksavorst\" \/>\n<meta property=\"og:description\" content=\"\u0160is augstas kvalit\u0101tes produkts ir gatavots no svaigiem un tikko nov\u0101ktiem arti\u0161okiem, no kuriem tiek izmantota tikai lab\u0101k\u0101 da\u013ca \u2013 arti\u0161oku sirds. T\u0101 ir paz\u012bstama ar savu uzturv\u0113rt\u012bbu un miner\u0101ls\u0101\u013ciem, kas satur daudzas labv\u0113l\u012bgas \u012bpa\u0161\u012bbas. Arti\u0161oku sirdis e\u013c\u013c\u0101 ir piem\u0113rotas lieto\u0161anai k\u0101 antipasti sast\u0101vda\u013ca vai lai pievienotu aizraujo\u0161u gar\u0161as niansi sal\u0101tiem.\" \/>\n<meta property=\"og:url\" content=\"https:\/\/saksavorst.ee\/lv\/produkts\/artisoku-sirdis-didilo-290g-165g\/\" \/>\n<meta property=\"og:site_name\" content=\"Saksavorst\" \/>\n<meta property=\"article:publisher\" content=\"https:\/\/www.facebook.com\/Veikand\" \/>\n<meta property=\"article:modified_time\" content=\"2026-01-19T11:56:04+00:00\" \/>\n<meta property=\"og:image\" content=\"https:\/\/saksavorst.ee\/wp-content\/uploads\/2026\/01\/artisoki-sudamed-290g-165g.jpg\" \/>\n\t<meta property=\"og:image:width\" content=\"800\" \/>\n\t<meta property=\"og:image:height\" content=\"800\" \/>\n\t<meta property=\"og:image:type\" content=\"image\/jpeg\" \/>\n<meta name=\"twitter:card\" content=\"summary_large_image\" \/>\n<meta name=\"twitter:label1\" content=\"Est. reading time\" \/>\n\t<meta name=\"twitter:data1\" content=\"1 minute\" \/>\n<script type=\"application\/ld+json\" class=\"yoast-schema-graph\">{\"@context\":\"https:\\\/\\\/schema.org\",\"@graph\":[{\"@type\":\"WebPage\",\"@id\":\"https:\\\/\\\/saksavorst.ee\\\/lv\\\/produkts\\\/artisoku-sirdis-didilo-290g-165g\\\/\",\"url\":\"https:\\\/\\\/saksavorst.ee\\\/lv\\\/produkts\\\/artisoku-sirdis-didilo-290g-165g\\\/\",\"name\":\"Arti\u0161oku sirdis DIDILO 290g\\\/165g - Saksavorst\",\"isPartOf\":{\"@id\":\"https:\\\/\\\/saksavorst.ee\\\/lv\\\/#website\"},\"primaryImageOfPage\":{\"@id\":\"https:\\\/\\\/saksavorst.ee\\\/lv\\\/produkts\\\/artisoku-sirdis-didilo-290g-165g\\\/#primaryimage\"},\"image\":{\"@id\":\"https:\\\/\\\/saksavorst.ee\\\/lv\\\/produkts\\\/artisoku-sirdis-didilo-290g-165g\\\/#primaryimage\"},\"thumbnailUrl\":\"https:\\\/\\\/saksavorst.ee\\\/wp-content\\\/uploads\\\/2026\\\/01\\\/artisoki-sudamed-290g-165g.jpg\",\"datePublished\":\"2026-01-19T10:59:44+00:00\",\"dateModified\":\"2026-01-19T11:56:04+00:00\",\"breadcrumb\":{\"@id\":\"https:\\\/\\\/saksavorst.ee\\\/lv\\\/produkts\\\/artisoku-sirdis-didilo-290g-165g\\\/#breadcrumb\"},\"inLanguage\":\"lv-LV\",\"potentialAction\":[{\"@type\":\"ReadAction\",\"target\":[\"https:\\\/\\\/saksavorst.ee\\\/lv\\\/produkts\\\/artisoku-sirdis-didilo-290g-165g\\\/\"]}]},{\"@type\":\"ImageObject\",\"inLanguage\":\"lv-LV\",\"@id\":\"https:\\\/\\\/saksavorst.ee\\\/lv\\\/produkts\\\/artisoku-sirdis-didilo-290g-165g\\\/#primaryimage\",\"url\":\"https:\\\/\\\/saksavorst.ee\\\/wp-content\\\/uploads\\\/2026\\\/01\\\/artisoki-sudamed-290g-165g.jpg\",\"contentUrl\":\"https:\\\/\\\/saksavorst.ee\\\/wp-content\\\/uploads\\\/2026\\\/01\\\/artisoki-sudamed-290g-165g.jpg\",\"width\":800,\"height\":800},{\"@type\":\"BreadcrumbList\",\"@id\":\"https:\\\/\\\/saksavorst.ee\\\/lv\\\/produkts\\\/artisoku-sirdis-didilo-290g-165g\\\/#breadcrumb\",\"itemListElement\":[{\"@type\":\"ListItem\",\"position\":1,\"name\":\"Home\",\"item\":\"https:\\\/\\\/saksavorst.ee\\\/lv\\\/\"},{\"@type\":\"ListItem\",\"position\":2,\"name\":\"Veikals\",\"item\":\"https:\\\/\\\/saksavorst.ee\\\/lv\\\/veikals\\\/\"},{\"@type\":\"ListItem\",\"position\":3,\"name\":\"Arti\u0161oku sirdis DIDILO 290g\\\/165g\"}]},{\"@type\":\"WebSite\",\"@id\":\"https:\\\/\\\/saksavorst.ee\\\/lv\\\/#website\",\"url\":\"https:\\\/\\\/saksavorst.ee\\\/lv\\\/\",\"name\":\"Saksavorst\",\"description\":\"Feel the taste of emotions\",\"publisher\":{\"@id\":\"https:\\\/\\\/saksavorst.ee\\\/lv\\\/#organization\"},\"alternateName\":\"Veikand\",\"potentialAction\":[{\"@type\":\"SearchAction\",\"target\":{\"@type\":\"EntryPoint\",\"urlTemplate\":\"https:\\\/\\\/saksavorst.ee\\\/lv\\\/?s={search_term_string}\"},\"query-input\":{\"@type\":\"PropertyValueSpecification\",\"valueRequired\":true,\"valueName\":\"search_term_string\"}}],\"inLanguage\":\"lv-LV\"},{\"@type\":\"Organization\",\"@id\":\"https:\\\/\\\/saksavorst.ee\\\/lv\\\/#organization\",\"name\":\"Saksavorst\",\"alternateName\":\"Veikand\",\"url\":\"https:\\\/\\\/saksavorst.ee\\\/lv\\\/\",\"logo\":{\"@type\":\"ImageObject\",\"inLanguage\":\"lv-LV\",\"@id\":\"https:\\\/\\\/saksavorst.ee\\\/lv\\\/#\\\/schema\\\/logo\\\/image\\\/\",\"url\":\"https:\\\/\\\/saksavorst.ee\\\/wp-content\\\/uploads\\\/2023\\\/05\\\/veikand-logo.jpg\",\"contentUrl\":\"https:\\\/\\\/saksavorst.ee\\\/wp-content\\\/uploads\\\/2023\\\/05\\\/veikand-logo.jpg\",\"width\":217,\"height\":217,\"caption\":\"Saksavorst\"},\"image\":{\"@id\":\"https:\\\/\\\/saksavorst.ee\\\/lv\\\/#\\\/schema\\\/logo\\\/image\\\/\"},\"sameAs\":[\"https:\\\/\\\/www.facebook.com\\\/Veikand\"]}]}<\/script>\n<!-- \/ Yoast SEO plugin. -->","yoast_head_json":{"title":"Arti\u0161oku sirdis DIDILO 290g\/165g - Saksavorst","robots":{"index":"index","follow":"follow","max-snippet":"max-snippet:-1","max-image-preview":"max-image-preview:large","max-video-preview":"max-video-preview:-1"},"canonical":"https:\/\/saksavorst.ee\/lv\/produkts\/artisoku-sirdis-didilo-290g-165g\/","og_locale":"lv_LV","og_type":"article","og_title":"Arti\u0161oku sirdis DIDILO 290g\/165g - Saksavorst","og_description":"\u0160is augstas kvalit\u0101tes produkts ir gatavots no svaigiem un tikko nov\u0101ktiem arti\u0161okiem, no kuriem tiek izmantota tikai lab\u0101k\u0101 da\u013ca \u2013 arti\u0161oku sirds. T\u0101 ir paz\u012bstama ar savu uzturv\u0113rt\u012bbu un miner\u0101ls\u0101\u013ciem, kas satur daudzas labv\u0113l\u012bgas \u012bpa\u0161\u012bbas. Arti\u0161oku sirdis e\u013c\u013c\u0101 ir piem\u0113rotas lieto\u0161anai k\u0101 antipasti sast\u0101vda\u013ca vai lai pievienotu aizraujo\u0161u gar\u0161as niansi sal\u0101tiem.","og_url":"https:\/\/saksavorst.ee\/lv\/produkts\/artisoku-sirdis-didilo-290g-165g\/","og_site_name":"Saksavorst","article_publisher":"https:\/\/www.facebook.com\/Veikand","article_modified_time":"2026-01-19T11:56:04+00:00","og_image":[{"width":800,"height":800,"url":"https:\/\/saksavorst.ee\/wp-content\/uploads\/2026\/01\/artisoki-sudamed-290g-165g.jpg","type":"image\/jpeg"}],"twitter_card":"summary_large_image","twitter_misc":{"Est. reading time":"1 minute"},"schema":{"@context":"https:\/\/schema.org","@graph":[{"@type":"WebPage","@id":"https:\/\/saksavorst.ee\/lv\/produkts\/artisoku-sirdis-didilo-290g-165g\/","url":"https:\/\/saksavorst.ee\/lv\/produkts\/artisoku-sirdis-didilo-290g-165g\/","name":"Arti\u0161oku sirdis DIDILO 290g\/165g - Saksavorst","isPartOf":{"@id":"https:\/\/saksavorst.ee\/lv\/#website"},"primaryImageOfPage":{"@id":"https:\/\/saksavorst.ee\/lv\/produkts\/artisoku-sirdis-didilo-290g-165g\/#primaryimage"},"image":{"@id":"https:\/\/saksavorst.ee\/lv\/produkts\/artisoku-sirdis-didilo-290g-165g\/#primaryimage"},"thumbnailUrl":"https:\/\/saksavorst.ee\/wp-content\/uploads\/2026\/01\/artisoki-sudamed-290g-165g.jpg","datePublished":"2026-01-19T10:59:44+00:00","dateModified":"2026-01-19T11:56:04+00:00","breadcrumb":{"@id":"https:\/\/saksavorst.ee\/lv\/produkts\/artisoku-sirdis-didilo-290g-165g\/#breadcrumb"},"inLanguage":"lv-LV","potentialAction":[{"@type":"ReadAction","target":["https:\/\/saksavorst.ee\/lv\/produkts\/artisoku-sirdis-didilo-290g-165g\/"]}]},{"@type":"ImageObject","inLanguage":"lv-LV","@id":"https:\/\/saksavorst.ee\/lv\/produkts\/artisoku-sirdis-didilo-290g-165g\/#primaryimage","url":"https:\/\/saksavorst.ee\/wp-content\/uploads\/2026\/01\/artisoki-sudamed-290g-165g.jpg","contentUrl":"https:\/\/saksavorst.ee\/wp-content\/uploads\/2026\/01\/artisoki-sudamed-290g-165g.jpg","width":800,"height":800},{"@type":"BreadcrumbList","@id":"https:\/\/saksavorst.ee\/lv\/produkts\/artisoku-sirdis-didilo-290g-165g\/#breadcrumb","itemListElement":[{"@type":"ListItem","position":1,"name":"Home","item":"https:\/\/saksavorst.ee\/lv\/"},{"@type":"ListItem","position":2,"name":"Veikals","item":"https:\/\/saksavorst.ee\/lv\/veikals\/"},{"@type":"ListItem","position":3,"name":"Arti\u0161oku sirdis DIDILO 290g\/165g"}]},{"@type":"WebSite","@id":"https:\/\/saksavorst.ee\/lv\/#website","url":"https:\/\/saksavorst.ee\/lv\/","name":"Saksavorst","description":"Feel the taste of emotions","publisher":{"@id":"https:\/\/saksavorst.ee\/lv\/#organization"},"alternateName":"Veikand","potentialAction":[{"@type":"SearchAction","target":{"@type":"EntryPoint","urlTemplate":"https:\/\/saksavorst.ee\/lv\/?s={search_term_string}"},"query-input":{"@type":"PropertyValueSpecification","valueRequired":true,"valueName":"search_term_string"}}],"inLanguage":"lv-LV"},{"@type":"Organization","@id":"https:\/\/saksavorst.ee\/lv\/#organization","name":"Saksavorst","alternateName":"Veikand","url":"https:\/\/saksavorst.ee\/lv\/","logo":{"@type":"ImageObject","inLanguage":"lv-LV","@id":"https:\/\/saksavorst.ee\/lv\/#\/schema\/logo\/image\/","url":"https:\/\/saksavorst.ee\/wp-content\/uploads\/2023\/05\/veikand-logo.jpg","contentUrl":"https:\/\/saksavorst.ee\/wp-content\/uploads\/2023\/05\/veikand-logo.jpg","width":217,"height":217,"caption":"Saksavorst"},"image":{"@id":"https:\/\/saksavorst.ee\/lv\/#\/schema\/logo\/image\/"},"sameAs":["https:\/\/www.facebook.com\/Veikand"]}]}},"_links":{"self":[{"href":"https:\/\/saksavorst.ee\/lv\/wp-json\/wp\/v2\/product\/49021","targetHints":{"allow":["GET"]}}],"collection":[{"href":"https:\/\/saksavorst.ee\/lv\/wp-json\/wp\/v2\/product"}],"about":[{"href":"https:\/\/saksavorst.ee\/lv\/wp-json\/wp\/v2\/types\/product"}],"version-history":[{"count":3,"href":"https:\/\/saksavorst.ee\/lv\/wp-json\/wp\/v2\/product\/49021\/revisions"}],"predecessor-version":[{"id":49046,"href":"https:\/\/saksavorst.ee\/lv\/wp-json\/wp\/v2\/product\/49021\/revisions\/49046"}],"wp:featuredmedia":[{"embeddable":true,"href":"https:\/\/saksavorst.ee\/lv\/wp-json\/wp\/v2\/media\/49026"}],"wp:attachment":[{"href":"https:\/\/saksavorst.ee\/lv\/wp-json\/wp\/v2\/media?parent=49021"}],"wp:term":[{"taxonomy":"product_brand","embeddable":true,"href":"https:\/\/saksavorst.ee\/lv\/wp-json\/wp\/v2\/product_brand?post=49021"},{"taxonomy":"product_cat","embeddable":true,"href":"https:\/\/saksavorst.ee\/lv\/wp-json\/wp\/v2\/product_cat?post=49021"},{"taxonomy":"product_tag","embeddable":true,"href":"https:\/\/saksavorst.ee\/lv\/wp-json\/wp\/v2\/product_tag?post=49021"}],"curies":[{"name":"wp","href":"https:\/\/api.w.org\/{rel}","templated":true}]}}