{"id":48749,"date":"2025-12-22T15:36:20","date_gmt":"2025-12-22T13:36:20","guid":{"rendered":"https:\/\/saksavorst.ee\/?post_type=product&#038;p=48749"},"modified":"2025-12-22T15:43:10","modified_gmt":"2025-12-22T13:43:10","slug":"dabigas-sals-parslas-escamas-de-sal-marina-natural-125g","status":"publish","type":"product","link":"https:\/\/saksavorst.ee\/lv\/produkts\/dabigas-sals-parslas-escamas-de-sal-marina-natural-125g\/","title":{"rendered":"Dab\u012bg\u0101s s\u0101ls p\u0101rslas ESCAMAS DE SAL MARINA NATURAL 125g"},"content":{"rendered":"<h4>ESCAMAS DE SAL MARINA NATURAL<\/h4>\n<h4><strong>Sast\u0101vda\u013cas:<\/strong><\/h4>\n<p>100% dab\u012bgs krist\u0101la s\u0101ls<\/p>\n<p>Daudzums: 125 g<\/p>\n<p>Ieteicam\u0101 deva: atbilsto\u0161i vajadz\u012bbai<\/p>\n<p>Uzglab\u0101t v\u0113s\u0101 (11\u201325 \u00b0C), saus\u0101 un tum\u0161\u0101 viet\u0101<\/p>\n<p>Ieteicams l\u012bdz: skat\u012bt uz iepakojuma<\/p>\n<h4><strong>Uzturv\u0113rt\u012bba \u2013 100 g produkta satur:<\/strong><\/h4>\n<p>Ener\u0123\u0113tisk\u0101 v\u0113rt\u012bba 0 kJ \/ 0 kcal<br \/>\nTauki 0 g<br \/>\nno tiem pies\u0101tin\u0101tie 0 g<br \/>\nOg\u013chidr\u0101ti 0 g<br \/>\nno tiem cukuri 0 g<br \/>\nOlbaltumvielas 0 g<br \/>\nS\u0101ls 97,8 g<\/p>\n<p>Ra\u017eots: Sp\u0101nija<\/p>\n<p>Ra\u017eot\u0101js: Aceites Malaga S.L.<\/p>\n","protected":false},"excerpt":{"rendered":"<p>Pateicoties krauk\u0161\u0137\u012bgajai un smalkajai tekst\u016brai, dab\u012bg\u0101s s\u0101ls p\u0101rslas galvenok\u0101rt tiek izmantotas k\u0101 s\u0101ls p\u0113capstr\u0101de, p\u0101rkaisot \u0113dienus tie\u0161i pirms pasnieg\u0161anas. T\u0101s ir lieliski piem\u0113rotas gril\u0113tas ga\u013cas, zivju, sal\u0101tu, ceptu d\u0101rze\u0146u un pat desertu, piem\u0113ram, \u0161okol\u0101des vai karame\u013cu, gar\u0161as uzlabo\u0161anai. S\u0101ls p\u0101rslas tiek augstu v\u0113rt\u0113tas gard\u0113\u017eu virtuv\u0113, jo t\u0101s sp\u0113j pie\u0161\u0137irt tekst\u016bras un gar\u0161as kontrastu, nep\u0101rsp\u012bl\u0113jot ar \u0113dieniem. Turkl\u0101t t\u0101s bie\u017ei izmanto \u0161\u0137\u012bvju dekor\u0113\u0161anai, jo to neregul\u0101rie krist\u0101li pie\u0161\u0137ir pievilc\u012bgu vizu\u0101lo piesk\u0101rienu.<\/p>\n","protected":false},"featured_media":48754,"template":"","meta":{"_acf_changed":false},"product_brand":[],"product_cat":[351,367,368,375,485],"product_tag":[],"class_list":{"0":"post-48749","1":"product","2":"type-product","3":"status-publish","4":"has-post-thumbnail","6":"product_cat-piedavajumi","7":"product_cat-garsvielas","8":"product_cat-piedevas","9":"product_cat-garsvielas-garsvielas","10":"product_cat-sezonas-favoriti","12":"first","13":"instock","14":"sale","15":"taxable","16":"shipping-taxable","17":"purchasable","18":"product-type-simple"},"acf":[],"yoast_head":"<!-- This site is optimized with the Yoast SEO plugin v27.3 - https:\/\/yoast.com\/product\/yoast-seo-wordpress\/ -->\n<title>Dab\u012bg\u0101s s\u0101ls p\u0101rslas ESCAMAS DE SAL MARINA NATURAL 125g - Saksavorst<\/title>\n<meta name=\"robots\" content=\"index, follow, max-snippet:-1, max-image-preview:large, max-video-preview:-1\" \/>\n<link rel=\"canonical\" href=\"https:\/\/saksavorst.ee\/lv\/produkts\/dabigas-sals-parslas-escamas-de-sal-marina-natural-125g\/\" \/>\n<meta property=\"og:locale\" content=\"lv_LV\" \/>\n<meta property=\"og:type\" content=\"article\" \/>\n<meta property=\"og:title\" content=\"Dab\u012bg\u0101s s\u0101ls p\u0101rslas ESCAMAS DE SAL MARINA NATURAL 125g - Saksavorst\" \/>\n<meta property=\"og:description\" content=\"Pateicoties krauk\u0161\u0137\u012bgajai un smalkajai tekst\u016brai, dab\u012bg\u0101s s\u0101ls p\u0101rslas galvenok\u0101rt tiek izmantotas k\u0101 s\u0101ls p\u0113capstr\u0101de, p\u0101rkaisot \u0113dienus tie\u0161i pirms pasnieg\u0161anas. T\u0101s ir lieliski piem\u0113rotas gril\u0113tas ga\u013cas, zivju, sal\u0101tu, ceptu d\u0101rze\u0146u un pat desertu, piem\u0113ram, \u0161okol\u0101des vai karame\u013cu, gar\u0161as uzlabo\u0161anai. S\u0101ls p\u0101rslas tiek augstu v\u0113rt\u0113tas gard\u0113\u017eu virtuv\u0113, jo t\u0101s sp\u0113j pie\u0161\u0137irt tekst\u016bras un gar\u0161as kontrastu, nep\u0101rsp\u012bl\u0113jot ar \u0113dieniem. Turkl\u0101t t\u0101s bie\u017ei izmanto \u0161\u0137\u012bvju dekor\u0113\u0161anai, jo to neregul\u0101rie krist\u0101li pie\u0161\u0137ir pievilc\u012bgu vizu\u0101lo piesk\u0101rienu.\" \/>\n<meta property=\"og:url\" content=\"https:\/\/saksavorst.ee\/lv\/produkts\/dabigas-sals-parslas-escamas-de-sal-marina-natural-125g\/\" \/>\n<meta property=\"og:site_name\" content=\"Saksavorst\" \/>\n<meta property=\"article:publisher\" content=\"https:\/\/www.facebook.com\/Veikand\" \/>\n<meta property=\"article:modified_time\" content=\"2025-12-22T13:43:10+00:00\" \/>\n<meta property=\"og:image\" content=\"https:\/\/saksavorst.ee\/wp-content\/uploads\/2025\/12\/helvessool-escamas-de-sal-marina-natural-125g.png\" \/>\n\t<meta property=\"og:image:width\" content=\"800\" \/>\n\t<meta property=\"og:image:height\" content=\"800\" \/>\n\t<meta property=\"og:image:type\" content=\"image\/png\" \/>\n<meta name=\"twitter:card\" content=\"summary_large_image\" \/>\n<meta name=\"twitter:label1\" content=\"Est. reading time\" \/>\n\t<meta name=\"twitter:data1\" content=\"1 minute\" \/>\n<script type=\"application\/ld+json\" class=\"yoast-schema-graph\">{\"@context\":\"https:\\\/\\\/schema.org\",\"@graph\":[{\"@type\":\"WebPage\",\"@id\":\"https:\\\/\\\/saksavorst.ee\\\/lv\\\/produkts\\\/dabigas-sals-parslas-escamas-de-sal-marina-natural-125g\\\/\",\"url\":\"https:\\\/\\\/saksavorst.ee\\\/lv\\\/produkts\\\/dabigas-sals-parslas-escamas-de-sal-marina-natural-125g\\\/\",\"name\":\"Dab\u012bg\u0101s s\u0101ls p\u0101rslas ESCAMAS DE SAL MARINA NATURAL 125g - Saksavorst\",\"isPartOf\":{\"@id\":\"https:\\\/\\\/saksavorst.ee\\\/lv\\\/#website\"},\"primaryImageOfPage\":{\"@id\":\"https:\\\/\\\/saksavorst.ee\\\/lv\\\/produkts\\\/dabigas-sals-parslas-escamas-de-sal-marina-natural-125g\\\/#primaryimage\"},\"image\":{\"@id\":\"https:\\\/\\\/saksavorst.ee\\\/lv\\\/produkts\\\/dabigas-sals-parslas-escamas-de-sal-marina-natural-125g\\\/#primaryimage\"},\"thumbnailUrl\":\"https:\\\/\\\/saksavorst.ee\\\/wp-content\\\/uploads\\\/2025\\\/12\\\/helvessool-escamas-de-sal-marina-natural-125g.png\",\"datePublished\":\"2025-12-22T13:36:20+00:00\",\"dateModified\":\"2025-12-22T13:43:10+00:00\",\"breadcrumb\":{\"@id\":\"https:\\\/\\\/saksavorst.ee\\\/lv\\\/produkts\\\/dabigas-sals-parslas-escamas-de-sal-marina-natural-125g\\\/#breadcrumb\"},\"inLanguage\":\"lv-LV\",\"potentialAction\":[{\"@type\":\"ReadAction\",\"target\":[\"https:\\\/\\\/saksavorst.ee\\\/lv\\\/produkts\\\/dabigas-sals-parslas-escamas-de-sal-marina-natural-125g\\\/\"]}]},{\"@type\":\"ImageObject\",\"inLanguage\":\"lv-LV\",\"@id\":\"https:\\\/\\\/saksavorst.ee\\\/lv\\\/produkts\\\/dabigas-sals-parslas-escamas-de-sal-marina-natural-125g\\\/#primaryimage\",\"url\":\"https:\\\/\\\/saksavorst.ee\\\/wp-content\\\/uploads\\\/2025\\\/12\\\/helvessool-escamas-de-sal-marina-natural-125g.png\",\"contentUrl\":\"https:\\\/\\\/saksavorst.ee\\\/wp-content\\\/uploads\\\/2025\\\/12\\\/helvessool-escamas-de-sal-marina-natural-125g.png\",\"width\":800,\"height\":800},{\"@type\":\"BreadcrumbList\",\"@id\":\"https:\\\/\\\/saksavorst.ee\\\/lv\\\/produkts\\\/dabigas-sals-parslas-escamas-de-sal-marina-natural-125g\\\/#breadcrumb\",\"itemListElement\":[{\"@type\":\"ListItem\",\"position\":1,\"name\":\"Home\",\"item\":\"https:\\\/\\\/saksavorst.ee\\\/lv\\\/\"},{\"@type\":\"ListItem\",\"position\":2,\"name\":\"Veikals\",\"item\":\"https:\\\/\\\/saksavorst.ee\\\/lv\\\/veikals\\\/\"},{\"@type\":\"ListItem\",\"position\":3,\"name\":\"Dab\u012bg\u0101s s\u0101ls p\u0101rslas ESCAMAS DE SAL MARINA NATURAL 125g\"}]},{\"@type\":\"WebSite\",\"@id\":\"https:\\\/\\\/saksavorst.ee\\\/lv\\\/#website\",\"url\":\"https:\\\/\\\/saksavorst.ee\\\/lv\\\/\",\"name\":\"Saksavorst\",\"description\":\"Feel the taste of emotions\",\"publisher\":{\"@id\":\"https:\\\/\\\/saksavorst.ee\\\/lv\\\/#organization\"},\"alternateName\":\"Veikand\",\"potentialAction\":[{\"@type\":\"SearchAction\",\"target\":{\"@type\":\"EntryPoint\",\"urlTemplate\":\"https:\\\/\\\/saksavorst.ee\\\/lv\\\/?s={search_term_string}\"},\"query-input\":{\"@type\":\"PropertyValueSpecification\",\"valueRequired\":true,\"valueName\":\"search_term_string\"}}],\"inLanguage\":\"lv-LV\"},{\"@type\":\"Organization\",\"@id\":\"https:\\\/\\\/saksavorst.ee\\\/lv\\\/#organization\",\"name\":\"Saksavorst\",\"alternateName\":\"Veikand\",\"url\":\"https:\\\/\\\/saksavorst.ee\\\/lv\\\/\",\"logo\":{\"@type\":\"ImageObject\",\"inLanguage\":\"lv-LV\",\"@id\":\"https:\\\/\\\/saksavorst.ee\\\/lv\\\/#\\\/schema\\\/logo\\\/image\\\/\",\"url\":\"https:\\\/\\\/saksavorst.ee\\\/wp-content\\\/uploads\\\/2023\\\/05\\\/veikand-logo.jpg\",\"contentUrl\":\"https:\\\/\\\/saksavorst.ee\\\/wp-content\\\/uploads\\\/2023\\\/05\\\/veikand-logo.jpg\",\"width\":217,\"height\":217,\"caption\":\"Saksavorst\"},\"image\":{\"@id\":\"https:\\\/\\\/saksavorst.ee\\\/lv\\\/#\\\/schema\\\/logo\\\/image\\\/\"},\"sameAs\":[\"https:\\\/\\\/www.facebook.com\\\/Veikand\"]}]}<\/script>\n<!-- \/ Yoast SEO plugin. -->","yoast_head_json":{"title":"Dab\u012bg\u0101s s\u0101ls p\u0101rslas ESCAMAS DE SAL MARINA NATURAL 125g - Saksavorst","robots":{"index":"index","follow":"follow","max-snippet":"max-snippet:-1","max-image-preview":"max-image-preview:large","max-video-preview":"max-video-preview:-1"},"canonical":"https:\/\/saksavorst.ee\/lv\/produkts\/dabigas-sals-parslas-escamas-de-sal-marina-natural-125g\/","og_locale":"lv_LV","og_type":"article","og_title":"Dab\u012bg\u0101s s\u0101ls p\u0101rslas ESCAMAS DE SAL MARINA NATURAL 125g - Saksavorst","og_description":"Pateicoties krauk\u0161\u0137\u012bgajai un smalkajai tekst\u016brai, dab\u012bg\u0101s s\u0101ls p\u0101rslas galvenok\u0101rt tiek izmantotas k\u0101 s\u0101ls p\u0113capstr\u0101de, p\u0101rkaisot \u0113dienus tie\u0161i pirms pasnieg\u0161anas. T\u0101s ir lieliski piem\u0113rotas gril\u0113tas ga\u013cas, zivju, sal\u0101tu, ceptu d\u0101rze\u0146u un pat desertu, piem\u0113ram, \u0161okol\u0101des vai karame\u013cu, gar\u0161as uzlabo\u0161anai. S\u0101ls p\u0101rslas tiek augstu v\u0113rt\u0113tas gard\u0113\u017eu virtuv\u0113, jo t\u0101s sp\u0113j pie\u0161\u0137irt tekst\u016bras un gar\u0161as kontrastu, nep\u0101rsp\u012bl\u0113jot ar \u0113dieniem. Turkl\u0101t t\u0101s bie\u017ei izmanto \u0161\u0137\u012bvju dekor\u0113\u0161anai, jo to neregul\u0101rie krist\u0101li pie\u0161\u0137ir pievilc\u012bgu vizu\u0101lo piesk\u0101rienu.","og_url":"https:\/\/saksavorst.ee\/lv\/produkts\/dabigas-sals-parslas-escamas-de-sal-marina-natural-125g\/","og_site_name":"Saksavorst","article_publisher":"https:\/\/www.facebook.com\/Veikand","article_modified_time":"2025-12-22T13:43:10+00:00","og_image":[{"width":800,"height":800,"url":"https:\/\/saksavorst.ee\/wp-content\/uploads\/2025\/12\/helvessool-escamas-de-sal-marina-natural-125g.png","type":"image\/png"}],"twitter_card":"summary_large_image","twitter_misc":{"Est. reading time":"1 minute"},"schema":{"@context":"https:\/\/schema.org","@graph":[{"@type":"WebPage","@id":"https:\/\/saksavorst.ee\/lv\/produkts\/dabigas-sals-parslas-escamas-de-sal-marina-natural-125g\/","url":"https:\/\/saksavorst.ee\/lv\/produkts\/dabigas-sals-parslas-escamas-de-sal-marina-natural-125g\/","name":"Dab\u012bg\u0101s s\u0101ls p\u0101rslas ESCAMAS DE SAL MARINA NATURAL 125g - Saksavorst","isPartOf":{"@id":"https:\/\/saksavorst.ee\/lv\/#website"},"primaryImageOfPage":{"@id":"https:\/\/saksavorst.ee\/lv\/produkts\/dabigas-sals-parslas-escamas-de-sal-marina-natural-125g\/#primaryimage"},"image":{"@id":"https:\/\/saksavorst.ee\/lv\/produkts\/dabigas-sals-parslas-escamas-de-sal-marina-natural-125g\/#primaryimage"},"thumbnailUrl":"https:\/\/saksavorst.ee\/wp-content\/uploads\/2025\/12\/helvessool-escamas-de-sal-marina-natural-125g.png","datePublished":"2025-12-22T13:36:20+00:00","dateModified":"2025-12-22T13:43:10+00:00","breadcrumb":{"@id":"https:\/\/saksavorst.ee\/lv\/produkts\/dabigas-sals-parslas-escamas-de-sal-marina-natural-125g\/#breadcrumb"},"inLanguage":"lv-LV","potentialAction":[{"@type":"ReadAction","target":["https:\/\/saksavorst.ee\/lv\/produkts\/dabigas-sals-parslas-escamas-de-sal-marina-natural-125g\/"]}]},{"@type":"ImageObject","inLanguage":"lv-LV","@id":"https:\/\/saksavorst.ee\/lv\/produkts\/dabigas-sals-parslas-escamas-de-sal-marina-natural-125g\/#primaryimage","url":"https:\/\/saksavorst.ee\/wp-content\/uploads\/2025\/12\/helvessool-escamas-de-sal-marina-natural-125g.png","contentUrl":"https:\/\/saksavorst.ee\/wp-content\/uploads\/2025\/12\/helvessool-escamas-de-sal-marina-natural-125g.png","width":800,"height":800},{"@type":"BreadcrumbList","@id":"https:\/\/saksavorst.ee\/lv\/produkts\/dabigas-sals-parslas-escamas-de-sal-marina-natural-125g\/#breadcrumb","itemListElement":[{"@type":"ListItem","position":1,"name":"Home","item":"https:\/\/saksavorst.ee\/lv\/"},{"@type":"ListItem","position":2,"name":"Veikals","item":"https:\/\/saksavorst.ee\/lv\/veikals\/"},{"@type":"ListItem","position":3,"name":"Dab\u012bg\u0101s s\u0101ls p\u0101rslas ESCAMAS DE SAL MARINA NATURAL 125g"}]},{"@type":"WebSite","@id":"https:\/\/saksavorst.ee\/lv\/#website","url":"https:\/\/saksavorst.ee\/lv\/","name":"Saksavorst","description":"Feel the taste of emotions","publisher":{"@id":"https:\/\/saksavorst.ee\/lv\/#organization"},"alternateName":"Veikand","potentialAction":[{"@type":"SearchAction","target":{"@type":"EntryPoint","urlTemplate":"https:\/\/saksavorst.ee\/lv\/?s={search_term_string}"},"query-input":{"@type":"PropertyValueSpecification","valueRequired":true,"valueName":"search_term_string"}}],"inLanguage":"lv-LV"},{"@type":"Organization","@id":"https:\/\/saksavorst.ee\/lv\/#organization","name":"Saksavorst","alternateName":"Veikand","url":"https:\/\/saksavorst.ee\/lv\/","logo":{"@type":"ImageObject","inLanguage":"lv-LV","@id":"https:\/\/saksavorst.ee\/lv\/#\/schema\/logo\/image\/","url":"https:\/\/saksavorst.ee\/wp-content\/uploads\/2023\/05\/veikand-logo.jpg","contentUrl":"https:\/\/saksavorst.ee\/wp-content\/uploads\/2023\/05\/veikand-logo.jpg","width":217,"height":217,"caption":"Saksavorst"},"image":{"@id":"https:\/\/saksavorst.ee\/lv\/#\/schema\/logo\/image\/"},"sameAs":["https:\/\/www.facebook.com\/Veikand"]}]}},"_links":{"self":[{"href":"https:\/\/saksavorst.ee\/lv\/wp-json\/wp\/v2\/product\/48749","targetHints":{"allow":["GET"]}}],"collection":[{"href":"https:\/\/saksavorst.ee\/lv\/wp-json\/wp\/v2\/product"}],"about":[{"href":"https:\/\/saksavorst.ee\/lv\/wp-json\/wp\/v2\/types\/product"}],"version-history":[{"count":1,"href":"https:\/\/saksavorst.ee\/lv\/wp-json\/wp\/v2\/product\/48749\/revisions"}],"predecessor-version":[{"id":48769,"href":"https:\/\/saksavorst.ee\/lv\/wp-json\/wp\/v2\/product\/48749\/revisions\/48769"}],"wp:featuredmedia":[{"embeddable":true,"href":"https:\/\/saksavorst.ee\/lv\/wp-json\/wp\/v2\/media\/48754"}],"wp:attachment":[{"href":"https:\/\/saksavorst.ee\/lv\/wp-json\/wp\/v2\/media?parent=48749"}],"wp:term":[{"taxonomy":"product_brand","embeddable":true,"href":"https:\/\/saksavorst.ee\/lv\/wp-json\/wp\/v2\/product_brand?post=48749"},{"taxonomy":"product_cat","embeddable":true,"href":"https:\/\/saksavorst.ee\/lv\/wp-json\/wp\/v2\/product_cat?post=48749"},{"taxonomy":"product_tag","embeddable":true,"href":"https:\/\/saksavorst.ee\/lv\/wp-json\/wp\/v2\/product_tag?post=48749"}],"curies":[{"name":"wp","href":"https:\/\/api.w.org\/{rel}","templated":true}]}}