{"id":48620,"date":"2025-12-18T15:44:55","date_gmt":"2025-12-18T13:44:55","guid":{"rendered":"https:\/\/saksavorst.ee\/?post_type=product&#038;p=48620"},"modified":"2025-12-18T16:11:02","modified_gmt":"2025-12-18T14:11:02","slug":"himalaju-kristala-sals-sal-rosa-del-himalaya-370g","status":"publish","type":"product","link":"https:\/\/saksavorst.ee\/lv\/produkts\/himalaju-kristala-sals-sal-rosa-del-himalaya-370g\/","title":{"rendered":"Himalaju krist\u0101la s\u0101ls SAL ROSA DEL HIMALAYA 370g"},"content":{"rendered":"<h4>SAL ROSA DEL HIMALAYA<\/h4>\n<h4><strong>Sast\u0101vda\u013cas:<\/strong><\/h4>\n<p>100% dab\u012bgs krist\u0101la s\u0101ls<\/p>\n<p>Daudzums: 370 g<\/p>\n<p>Ieteicam\u0101 deva: atbilsto\u0161i vajadz\u012bbai<\/p>\n<p>Uzglab\u0101t v\u0113s\u0101 (11\u201325 \u00b0C), saus\u0101 un tum\u0161\u0101 viet\u0101<\/p>\n<p>Ieteicams l\u012bdz: skat\u012bt uz iepakojuma<\/p>\n<h4><strong>Uzturv\u0113rt\u012bba \u2013 100 g produkta satur:<\/strong><\/h4>\n<p>Ener\u0123\u0113tisk\u0101 v\u0113rt\u012bba 0 kJ \/ 0 kcal<br \/>\nTauki 0 g<br \/>\nno tiem pies\u0101tin\u0101tie 0 g<br \/>\nOg\u013chidr\u0101ti 0 g<br \/>\nno tiem cukuri 0 g<br \/>\nOlbaltumvielas 0 g<br \/>\nS\u0101ls 97,8 g<\/p>\n<p>Ra\u017eots: Sp\u0101nija<\/p>\n<p>Ra\u017eot\u0101js: Aceites Malaga S.L.<\/p>\n","protected":false},"excerpt":{"rendered":"<p>Tas ir lielisks papildin\u0101jums jebkurai virtuvei, pie\u0161\u0137irot jebkuram \u0113dienam maigu gar\u0161u. Tas ir piln\u012bgi dab\u012bgs un bez konservantiem, kas pal\u012bdz uztur\u0113t vesel\u012bgu l\u012bdzsvaru. Piem\u0113rots gan kulin\u0101rijas lieto\u0161anai, gan k\u0101 dab\u012bgs skrubis. Tas ir \u013coti labv\u0113l\u012bgs vesel\u012bbai, l\u012bdzsvaro organisma pH l\u012bmeni, veicina gremo\u0161anu un satur aptuveni 84 miner\u0101lvielas un mikroelementus, tostarp kalciju, magniju, k\u0101liju, dzelzi un varu.<\/p>\n","protected":false},"featured_media":48625,"template":"","meta":{"_acf_changed":false},"product_brand":[],"product_cat":[351,367,368,375],"product_tag":[],"class_list":{"0":"post-48620","1":"product","2":"type-product","3":"status-publish","4":"has-post-thumbnail","6":"product_cat-piedavajumi","7":"product_cat-garsvielas","8":"product_cat-piedevas","9":"product_cat-garsvielas-garsvielas","11":"first","12":"instock","13":"sale","14":"taxable","15":"shipping-taxable","16":"purchasable","17":"product-type-simple"},"acf":[],"yoast_head":"<!-- This site is optimized with the Yoast SEO plugin v27.3 - https:\/\/yoast.com\/product\/yoast-seo-wordpress\/ -->\n<title>Himalaju krist\u0101la s\u0101ls SAL ROSA DEL HIMALAYA 370g - Saksavorst<\/title>\n<meta name=\"robots\" content=\"index, follow, max-snippet:-1, max-image-preview:large, max-video-preview:-1\" \/>\n<link rel=\"canonical\" href=\"https:\/\/saksavorst.ee\/lv\/produkts\/himalaju-kristala-sals-sal-rosa-del-himalaya-370g\/\" \/>\n<meta property=\"og:locale\" content=\"lv_LV\" \/>\n<meta property=\"og:type\" content=\"article\" \/>\n<meta property=\"og:title\" content=\"Himalaju krist\u0101la s\u0101ls SAL ROSA DEL HIMALAYA 370g - Saksavorst\" \/>\n<meta property=\"og:description\" content=\"Tas ir lielisks papildin\u0101jums jebkurai virtuvei, pie\u0161\u0137irot jebkuram \u0113dienam maigu gar\u0161u. Tas ir piln\u012bgi dab\u012bgs un bez konservantiem, kas pal\u012bdz uztur\u0113t vesel\u012bgu l\u012bdzsvaru. Piem\u0113rots gan kulin\u0101rijas lieto\u0161anai, gan k\u0101 dab\u012bgs skrubis. Tas ir \u013coti labv\u0113l\u012bgs vesel\u012bbai, l\u012bdzsvaro organisma pH l\u012bmeni, veicina gremo\u0161anu un satur aptuveni 84 miner\u0101lvielas un mikroelementus, tostarp kalciju, magniju, k\u0101liju, dzelzi un varu.\" \/>\n<meta property=\"og:url\" content=\"https:\/\/saksavorst.ee\/lv\/produkts\/himalaju-kristala-sals-sal-rosa-del-himalaya-370g\/\" \/>\n<meta property=\"og:site_name\" content=\"Saksavorst\" \/>\n<meta property=\"article:publisher\" content=\"https:\/\/www.facebook.com\/Veikand\" \/>\n<meta property=\"article:modified_time\" content=\"2025-12-18T14:11:02+00:00\" \/>\n<meta property=\"og:image\" content=\"https:\/\/saksavorst.ee\/wp-content\/uploads\/2025\/12\/himaalaja-kristallsool-sal-rosa-del-himalaya-370g.png\" \/>\n\t<meta property=\"og:image:width\" content=\"800\" \/>\n\t<meta property=\"og:image:height\" content=\"800\" \/>\n\t<meta property=\"og:image:type\" content=\"image\/png\" \/>\n<meta name=\"twitter:card\" content=\"summary_large_image\" \/>\n<meta name=\"twitter:label1\" content=\"Est. reading time\" \/>\n\t<meta name=\"twitter:data1\" content=\"1 minute\" \/>\n<script type=\"application\/ld+json\" class=\"yoast-schema-graph\">{\"@context\":\"https:\\\/\\\/schema.org\",\"@graph\":[{\"@type\":\"WebPage\",\"@id\":\"https:\\\/\\\/saksavorst.ee\\\/lv\\\/produkts\\\/himalaju-kristala-sals-sal-rosa-del-himalaya-370g\\\/\",\"url\":\"https:\\\/\\\/saksavorst.ee\\\/lv\\\/produkts\\\/himalaju-kristala-sals-sal-rosa-del-himalaya-370g\\\/\",\"name\":\"Himalaju krist\u0101la s\u0101ls SAL ROSA DEL HIMALAYA 370g - Saksavorst\",\"isPartOf\":{\"@id\":\"https:\\\/\\\/saksavorst.ee\\\/lv\\\/#website\"},\"primaryImageOfPage\":{\"@id\":\"https:\\\/\\\/saksavorst.ee\\\/lv\\\/produkts\\\/himalaju-kristala-sals-sal-rosa-del-himalaya-370g\\\/#primaryimage\"},\"image\":{\"@id\":\"https:\\\/\\\/saksavorst.ee\\\/lv\\\/produkts\\\/himalaju-kristala-sals-sal-rosa-del-himalaya-370g\\\/#primaryimage\"},\"thumbnailUrl\":\"https:\\\/\\\/saksavorst.ee\\\/wp-content\\\/uploads\\\/2025\\\/12\\\/himaalaja-kristallsool-sal-rosa-del-himalaya-370g.png\",\"datePublished\":\"2025-12-18T13:44:55+00:00\",\"dateModified\":\"2025-12-18T14:11:02+00:00\",\"breadcrumb\":{\"@id\":\"https:\\\/\\\/saksavorst.ee\\\/lv\\\/produkts\\\/himalaju-kristala-sals-sal-rosa-del-himalaya-370g\\\/#breadcrumb\"},\"inLanguage\":\"lv-LV\",\"potentialAction\":[{\"@type\":\"ReadAction\",\"target\":[\"https:\\\/\\\/saksavorst.ee\\\/lv\\\/produkts\\\/himalaju-kristala-sals-sal-rosa-del-himalaya-370g\\\/\"]}]},{\"@type\":\"ImageObject\",\"inLanguage\":\"lv-LV\",\"@id\":\"https:\\\/\\\/saksavorst.ee\\\/lv\\\/produkts\\\/himalaju-kristala-sals-sal-rosa-del-himalaya-370g\\\/#primaryimage\",\"url\":\"https:\\\/\\\/saksavorst.ee\\\/wp-content\\\/uploads\\\/2025\\\/12\\\/himaalaja-kristallsool-sal-rosa-del-himalaya-370g.png\",\"contentUrl\":\"https:\\\/\\\/saksavorst.ee\\\/wp-content\\\/uploads\\\/2025\\\/12\\\/himaalaja-kristallsool-sal-rosa-del-himalaya-370g.png\",\"width\":800,\"height\":800},{\"@type\":\"BreadcrumbList\",\"@id\":\"https:\\\/\\\/saksavorst.ee\\\/lv\\\/produkts\\\/himalaju-kristala-sals-sal-rosa-del-himalaya-370g\\\/#breadcrumb\",\"itemListElement\":[{\"@type\":\"ListItem\",\"position\":1,\"name\":\"Home\",\"item\":\"https:\\\/\\\/saksavorst.ee\\\/lv\\\/\"},{\"@type\":\"ListItem\",\"position\":2,\"name\":\"Veikals\",\"item\":\"https:\\\/\\\/saksavorst.ee\\\/lv\\\/veikals\\\/\"},{\"@type\":\"ListItem\",\"position\":3,\"name\":\"Himalaju krist\u0101la s\u0101ls SAL ROSA DEL HIMALAYA 370g\"}]},{\"@type\":\"WebSite\",\"@id\":\"https:\\\/\\\/saksavorst.ee\\\/lv\\\/#website\",\"url\":\"https:\\\/\\\/saksavorst.ee\\\/lv\\\/\",\"name\":\"Saksavorst\",\"description\":\"Feel the taste of emotions\",\"publisher\":{\"@id\":\"https:\\\/\\\/saksavorst.ee\\\/lv\\\/#organization\"},\"alternateName\":\"Veikand\",\"potentialAction\":[{\"@type\":\"SearchAction\",\"target\":{\"@type\":\"EntryPoint\",\"urlTemplate\":\"https:\\\/\\\/saksavorst.ee\\\/lv\\\/?s={search_term_string}\"},\"query-input\":{\"@type\":\"PropertyValueSpecification\",\"valueRequired\":true,\"valueName\":\"search_term_string\"}}],\"inLanguage\":\"lv-LV\"},{\"@type\":\"Organization\",\"@id\":\"https:\\\/\\\/saksavorst.ee\\\/lv\\\/#organization\",\"name\":\"Saksavorst\",\"alternateName\":\"Veikand\",\"url\":\"https:\\\/\\\/saksavorst.ee\\\/lv\\\/\",\"logo\":{\"@type\":\"ImageObject\",\"inLanguage\":\"lv-LV\",\"@id\":\"https:\\\/\\\/saksavorst.ee\\\/lv\\\/#\\\/schema\\\/logo\\\/image\\\/\",\"url\":\"https:\\\/\\\/saksavorst.ee\\\/wp-content\\\/uploads\\\/2023\\\/05\\\/veikand-logo.jpg\",\"contentUrl\":\"https:\\\/\\\/saksavorst.ee\\\/wp-content\\\/uploads\\\/2023\\\/05\\\/veikand-logo.jpg\",\"width\":217,\"height\":217,\"caption\":\"Saksavorst\"},\"image\":{\"@id\":\"https:\\\/\\\/saksavorst.ee\\\/lv\\\/#\\\/schema\\\/logo\\\/image\\\/\"},\"sameAs\":[\"https:\\\/\\\/www.facebook.com\\\/Veikand\"]}]}<\/script>\n<!-- \/ Yoast SEO plugin. -->","yoast_head_json":{"title":"Himalaju krist\u0101la s\u0101ls SAL ROSA DEL HIMALAYA 370g - Saksavorst","robots":{"index":"index","follow":"follow","max-snippet":"max-snippet:-1","max-image-preview":"max-image-preview:large","max-video-preview":"max-video-preview:-1"},"canonical":"https:\/\/saksavorst.ee\/lv\/produkts\/himalaju-kristala-sals-sal-rosa-del-himalaya-370g\/","og_locale":"lv_LV","og_type":"article","og_title":"Himalaju krist\u0101la s\u0101ls SAL ROSA DEL HIMALAYA 370g - Saksavorst","og_description":"Tas ir lielisks papildin\u0101jums jebkurai virtuvei, pie\u0161\u0137irot jebkuram \u0113dienam maigu gar\u0161u. Tas ir piln\u012bgi dab\u012bgs un bez konservantiem, kas pal\u012bdz uztur\u0113t vesel\u012bgu l\u012bdzsvaru. Piem\u0113rots gan kulin\u0101rijas lieto\u0161anai, gan k\u0101 dab\u012bgs skrubis. Tas ir \u013coti labv\u0113l\u012bgs vesel\u012bbai, l\u012bdzsvaro organisma pH l\u012bmeni, veicina gremo\u0161anu un satur aptuveni 84 miner\u0101lvielas un mikroelementus, tostarp kalciju, magniju, k\u0101liju, dzelzi un varu.","og_url":"https:\/\/saksavorst.ee\/lv\/produkts\/himalaju-kristala-sals-sal-rosa-del-himalaya-370g\/","og_site_name":"Saksavorst","article_publisher":"https:\/\/www.facebook.com\/Veikand","article_modified_time":"2025-12-18T14:11:02+00:00","og_image":[{"width":800,"height":800,"url":"https:\/\/saksavorst.ee\/wp-content\/uploads\/2025\/12\/himaalaja-kristallsool-sal-rosa-del-himalaya-370g.png","type":"image\/png"}],"twitter_card":"summary_large_image","twitter_misc":{"Est. reading time":"1 minute"},"schema":{"@context":"https:\/\/schema.org","@graph":[{"@type":"WebPage","@id":"https:\/\/saksavorst.ee\/lv\/produkts\/himalaju-kristala-sals-sal-rosa-del-himalaya-370g\/","url":"https:\/\/saksavorst.ee\/lv\/produkts\/himalaju-kristala-sals-sal-rosa-del-himalaya-370g\/","name":"Himalaju krist\u0101la s\u0101ls SAL ROSA DEL HIMALAYA 370g - Saksavorst","isPartOf":{"@id":"https:\/\/saksavorst.ee\/lv\/#website"},"primaryImageOfPage":{"@id":"https:\/\/saksavorst.ee\/lv\/produkts\/himalaju-kristala-sals-sal-rosa-del-himalaya-370g\/#primaryimage"},"image":{"@id":"https:\/\/saksavorst.ee\/lv\/produkts\/himalaju-kristala-sals-sal-rosa-del-himalaya-370g\/#primaryimage"},"thumbnailUrl":"https:\/\/saksavorst.ee\/wp-content\/uploads\/2025\/12\/himaalaja-kristallsool-sal-rosa-del-himalaya-370g.png","datePublished":"2025-12-18T13:44:55+00:00","dateModified":"2025-12-18T14:11:02+00:00","breadcrumb":{"@id":"https:\/\/saksavorst.ee\/lv\/produkts\/himalaju-kristala-sals-sal-rosa-del-himalaya-370g\/#breadcrumb"},"inLanguage":"lv-LV","potentialAction":[{"@type":"ReadAction","target":["https:\/\/saksavorst.ee\/lv\/produkts\/himalaju-kristala-sals-sal-rosa-del-himalaya-370g\/"]}]},{"@type":"ImageObject","inLanguage":"lv-LV","@id":"https:\/\/saksavorst.ee\/lv\/produkts\/himalaju-kristala-sals-sal-rosa-del-himalaya-370g\/#primaryimage","url":"https:\/\/saksavorst.ee\/wp-content\/uploads\/2025\/12\/himaalaja-kristallsool-sal-rosa-del-himalaya-370g.png","contentUrl":"https:\/\/saksavorst.ee\/wp-content\/uploads\/2025\/12\/himaalaja-kristallsool-sal-rosa-del-himalaya-370g.png","width":800,"height":800},{"@type":"BreadcrumbList","@id":"https:\/\/saksavorst.ee\/lv\/produkts\/himalaju-kristala-sals-sal-rosa-del-himalaya-370g\/#breadcrumb","itemListElement":[{"@type":"ListItem","position":1,"name":"Home","item":"https:\/\/saksavorst.ee\/lv\/"},{"@type":"ListItem","position":2,"name":"Veikals","item":"https:\/\/saksavorst.ee\/lv\/veikals\/"},{"@type":"ListItem","position":3,"name":"Himalaju krist\u0101la s\u0101ls SAL ROSA DEL HIMALAYA 370g"}]},{"@type":"WebSite","@id":"https:\/\/saksavorst.ee\/lv\/#website","url":"https:\/\/saksavorst.ee\/lv\/","name":"Saksavorst","description":"Feel the taste of emotions","publisher":{"@id":"https:\/\/saksavorst.ee\/lv\/#organization"},"alternateName":"Veikand","potentialAction":[{"@type":"SearchAction","target":{"@type":"EntryPoint","urlTemplate":"https:\/\/saksavorst.ee\/lv\/?s={search_term_string}"},"query-input":{"@type":"PropertyValueSpecification","valueRequired":true,"valueName":"search_term_string"}}],"inLanguage":"lv-LV"},{"@type":"Organization","@id":"https:\/\/saksavorst.ee\/lv\/#organization","name":"Saksavorst","alternateName":"Veikand","url":"https:\/\/saksavorst.ee\/lv\/","logo":{"@type":"ImageObject","inLanguage":"lv-LV","@id":"https:\/\/saksavorst.ee\/lv\/#\/schema\/logo\/image\/","url":"https:\/\/saksavorst.ee\/wp-content\/uploads\/2023\/05\/veikand-logo.jpg","contentUrl":"https:\/\/saksavorst.ee\/wp-content\/uploads\/2023\/05\/veikand-logo.jpg","width":217,"height":217,"caption":"Saksavorst"},"image":{"@id":"https:\/\/saksavorst.ee\/lv\/#\/schema\/logo\/image\/"},"sameAs":["https:\/\/www.facebook.com\/Veikand"]}]}},"_links":{"self":[{"href":"https:\/\/saksavorst.ee\/lv\/wp-json\/wp\/v2\/product\/48620","targetHints":{"allow":["GET"]}}],"collection":[{"href":"https:\/\/saksavorst.ee\/lv\/wp-json\/wp\/v2\/product"}],"about":[{"href":"https:\/\/saksavorst.ee\/lv\/wp-json\/wp\/v2\/types\/product"}],"version-history":[{"count":1,"href":"https:\/\/saksavorst.ee\/lv\/wp-json\/wp\/v2\/product\/48620\/revisions"}],"predecessor-version":[{"id":48638,"href":"https:\/\/saksavorst.ee\/lv\/wp-json\/wp\/v2\/product\/48620\/revisions\/48638"}],"wp:featuredmedia":[{"embeddable":true,"href":"https:\/\/saksavorst.ee\/lv\/wp-json\/wp\/v2\/media\/48625"}],"wp:attachment":[{"href":"https:\/\/saksavorst.ee\/lv\/wp-json\/wp\/v2\/media?parent=48620"}],"wp:term":[{"taxonomy":"product_brand","embeddable":true,"href":"https:\/\/saksavorst.ee\/lv\/wp-json\/wp\/v2\/product_brand?post=48620"},{"taxonomy":"product_cat","embeddable":true,"href":"https:\/\/saksavorst.ee\/lv\/wp-json\/wp\/v2\/product_cat?post=48620"},{"taxonomy":"product_tag","embeddable":true,"href":"https:\/\/saksavorst.ee\/lv\/wp-json\/wp\/v2\/product_tag?post=48620"}],"curies":[{"name":"wp","href":"https:\/\/api.w.org\/{rel}","templated":true}]}}