{"id":48574,"date":"2025-12-18T13:29:38","date_gmt":"2025-12-18T11:29:38","guid":{"rendered":"https:\/\/saksavorst.ee\/?post_type=product&#038;p=48574"},"modified":"2025-12-18T13:59:34","modified_gmt":"2025-12-18T11:59:34","slug":"sokolades-sirups-sirope-de-chocokin-1kg","status":"publish","type":"product","link":"https:\/\/saksavorst.ee\/lv\/produkts\/sokolades-sirups-sirope-de-chocokin-1kg\/","title":{"rendered":"\u0160okol\u0101des s\u012brups SIROPE DE CHOCOKIN 1kg"},"content":{"rendered":"<h4>SIROPE DE CHOCOKIN<\/h4>\n<h4><strong>Sast\u0101vda\u013cas:<\/strong><\/h4>\n<p>Cukurs, augu e\u013c\u013ca (rafin\u0113ta rap\u0161u e\u013c\u013ca un palmu ole\u012bns), s\u016bkalu pulveris, lazdu riekstu pasta, augu tauki (palmu), beztauku kakao pulveris, laktoze, emulgators (saulespu\u0137u lecit\u012bns) un aromatiz\u0113t\u0101ji. Var satur\u0113t citu riekstu, sojas pupi\u0146u un to atvasin\u0101jumu p\u0113das.<\/p>\n<p>Daudzums: 1 kg<\/p>\n<p>Ieteicam\u0101 deva: atbilsto\u0161i vajadz\u012bbai<\/p>\n<p>Uzglab\u0101t v\u0113s\u0101 (11\u201325 \u00b0C), saus\u0101 un tum\u0161\u0101 viet\u0101<\/p>\n<p>Ieteicams l\u012bdz: skat\u012bt uz iepakojuma<\/p>\n<h4><strong>Uzturv\u0113rt\u012bba \u2013 100 g produkta satur:<\/strong><\/h4>\n<p>Ener\u0123\u0113tisk\u0101 v\u0113rt\u012bba 2284 kJ \/ 547 kcal<br \/>\nTauki 31 g<br \/>\nno tiem pies\u0101tin\u0101tie 2,5 g<br \/>\nOg\u013chidr\u0101ti 65 g<br \/>\nno tiem cukuri 42 g<br \/>\nOlbaltumvielas 1,8 g<br \/>\nS\u0101ls 0,3 g<\/p>\n<p>Ra\u017eots: Sp\u0101nija<\/p>\n<p>Ra\u017eot\u0101js: Aceites Malaga S.L.<\/p>\n","protected":false},"excerpt":{"rendered":"<p>Ide\u0101li piem\u0113rots vafe\u013cu, sald\u0113juma, desertu un \u0113dienu dekor\u0113\u0161anai. Zem\u0101k\u0101 temperat\u016br\u0101 produkts var saciet\u0113t, kars\u0113jiet \u016bdens peld\u0113. Pirms lieto\u0161anas sakratiet!<\/p>\n","protected":false},"featured_media":48584,"template":"","meta":{"_acf_changed":false},"product_brand":[],"product_cat":[371,485,490,351],"product_tag":[],"class_list":{"0":"post-48574","1":"product","2":"type-product","3":"status-publish","4":"has-post-thumbnail","6":"product_cat-desertiem","7":"product_cat-sezonas-favoriti","8":"product_cat-partikas-preces","9":"product_cat-piedavajumi","11":"first","12":"instock","13":"sale","14":"taxable","15":"shipping-taxable","16":"purchasable","17":"product-type-simple"},"acf":[],"yoast_head":"<!-- This site is optimized with the Yoast SEO plugin v27.3 - https:\/\/yoast.com\/product\/yoast-seo-wordpress\/ -->\n<title>\u0160okol\u0101des s\u012brups SIROPE DE CHOCOKIN 1kg - Saksavorst<\/title>\n<meta name=\"robots\" content=\"index, follow, max-snippet:-1, max-image-preview:large, max-video-preview:-1\" \/>\n<link rel=\"canonical\" href=\"https:\/\/saksavorst.ee\/lv\/produkts\/sokolades-sirups-sirope-de-chocokin-1kg\/\" \/>\n<meta property=\"og:locale\" content=\"lv_LV\" \/>\n<meta property=\"og:type\" content=\"article\" \/>\n<meta property=\"og:title\" content=\"\u0160okol\u0101des s\u012brups SIROPE DE CHOCOKIN 1kg - Saksavorst\" \/>\n<meta property=\"og:description\" content=\"Ide\u0101li piem\u0113rots vafe\u013cu, sald\u0113juma, desertu un \u0113dienu dekor\u0113\u0161anai. Zem\u0101k\u0101 temperat\u016br\u0101 produkts var saciet\u0113t, kars\u0113jiet \u016bdens peld\u0113. Pirms lieto\u0161anas sakratiet!\" \/>\n<meta property=\"og:url\" content=\"https:\/\/saksavorst.ee\/lv\/produkts\/sokolades-sirups-sirope-de-chocokin-1kg\/\" \/>\n<meta property=\"og:site_name\" content=\"Saksavorst\" \/>\n<meta property=\"article:publisher\" content=\"https:\/\/www.facebook.com\/Veikand\" \/>\n<meta property=\"article:modified_time\" content=\"2025-12-18T11:59:34+00:00\" \/>\n<meta property=\"og:image\" content=\"https:\/\/saksavorst.ee\/wp-content\/uploads\/2025\/12\/sokolaadisiirup-sirope-de-chocokin-1kg.jpg\" \/>\n\t<meta property=\"og:image:width\" content=\"800\" \/>\n\t<meta property=\"og:image:height\" content=\"800\" \/>\n\t<meta property=\"og:image:type\" content=\"image\/jpeg\" \/>\n<meta name=\"twitter:card\" content=\"summary_large_image\" \/>\n<meta name=\"twitter:label1\" content=\"Est. reading time\" \/>\n\t<meta name=\"twitter:data1\" content=\"1 minute\" \/>\n<script type=\"application\/ld+json\" class=\"yoast-schema-graph\">{\"@context\":\"https:\\\/\\\/schema.org\",\"@graph\":[{\"@type\":\"WebPage\",\"@id\":\"https:\\\/\\\/saksavorst.ee\\\/lv\\\/produkts\\\/sokolades-sirups-sirope-de-chocokin-1kg\\\/\",\"url\":\"https:\\\/\\\/saksavorst.ee\\\/lv\\\/produkts\\\/sokolades-sirups-sirope-de-chocokin-1kg\\\/\",\"name\":\"\u0160okol\u0101des s\u012brups SIROPE DE CHOCOKIN 1kg - Saksavorst\",\"isPartOf\":{\"@id\":\"https:\\\/\\\/saksavorst.ee\\\/lv\\\/#website\"},\"primaryImageOfPage\":{\"@id\":\"https:\\\/\\\/saksavorst.ee\\\/lv\\\/produkts\\\/sokolades-sirups-sirope-de-chocokin-1kg\\\/#primaryimage\"},\"image\":{\"@id\":\"https:\\\/\\\/saksavorst.ee\\\/lv\\\/produkts\\\/sokolades-sirups-sirope-de-chocokin-1kg\\\/#primaryimage\"},\"thumbnailUrl\":\"https:\\\/\\\/saksavorst.ee\\\/wp-content\\\/uploads\\\/2025\\\/12\\\/sokolaadisiirup-sirope-de-chocokin-1kg.jpg\",\"datePublished\":\"2025-12-18T11:29:38+00:00\",\"dateModified\":\"2025-12-18T11:59:34+00:00\",\"breadcrumb\":{\"@id\":\"https:\\\/\\\/saksavorst.ee\\\/lv\\\/produkts\\\/sokolades-sirups-sirope-de-chocokin-1kg\\\/#breadcrumb\"},\"inLanguage\":\"lv-LV\",\"potentialAction\":[{\"@type\":\"ReadAction\",\"target\":[\"https:\\\/\\\/saksavorst.ee\\\/lv\\\/produkts\\\/sokolades-sirups-sirope-de-chocokin-1kg\\\/\"]}]},{\"@type\":\"ImageObject\",\"inLanguage\":\"lv-LV\",\"@id\":\"https:\\\/\\\/saksavorst.ee\\\/lv\\\/produkts\\\/sokolades-sirups-sirope-de-chocokin-1kg\\\/#primaryimage\",\"url\":\"https:\\\/\\\/saksavorst.ee\\\/wp-content\\\/uploads\\\/2025\\\/12\\\/sokolaadisiirup-sirope-de-chocokin-1kg.jpg\",\"contentUrl\":\"https:\\\/\\\/saksavorst.ee\\\/wp-content\\\/uploads\\\/2025\\\/12\\\/sokolaadisiirup-sirope-de-chocokin-1kg.jpg\",\"width\":800,\"height\":800},{\"@type\":\"BreadcrumbList\",\"@id\":\"https:\\\/\\\/saksavorst.ee\\\/lv\\\/produkts\\\/sokolades-sirups-sirope-de-chocokin-1kg\\\/#breadcrumb\",\"itemListElement\":[{\"@type\":\"ListItem\",\"position\":1,\"name\":\"Home\",\"item\":\"https:\\\/\\\/saksavorst.ee\\\/lv\\\/\"},{\"@type\":\"ListItem\",\"position\":2,\"name\":\"Veikals\",\"item\":\"https:\\\/\\\/saksavorst.ee\\\/lv\\\/veikals\\\/\"},{\"@type\":\"ListItem\",\"position\":3,\"name\":\"\u0160okol\u0101des s\u012brups SIROPE DE CHOCOKIN 1kg\"}]},{\"@type\":\"WebSite\",\"@id\":\"https:\\\/\\\/saksavorst.ee\\\/lv\\\/#website\",\"url\":\"https:\\\/\\\/saksavorst.ee\\\/lv\\\/\",\"name\":\"Saksavorst\",\"description\":\"Feel the taste of emotions\",\"publisher\":{\"@id\":\"https:\\\/\\\/saksavorst.ee\\\/lv\\\/#organization\"},\"alternateName\":\"Veikand\",\"potentialAction\":[{\"@type\":\"SearchAction\",\"target\":{\"@type\":\"EntryPoint\",\"urlTemplate\":\"https:\\\/\\\/saksavorst.ee\\\/lv\\\/?s={search_term_string}\"},\"query-input\":{\"@type\":\"PropertyValueSpecification\",\"valueRequired\":true,\"valueName\":\"search_term_string\"}}],\"inLanguage\":\"lv-LV\"},{\"@type\":\"Organization\",\"@id\":\"https:\\\/\\\/saksavorst.ee\\\/lv\\\/#organization\",\"name\":\"Saksavorst\",\"alternateName\":\"Veikand\",\"url\":\"https:\\\/\\\/saksavorst.ee\\\/lv\\\/\",\"logo\":{\"@type\":\"ImageObject\",\"inLanguage\":\"lv-LV\",\"@id\":\"https:\\\/\\\/saksavorst.ee\\\/lv\\\/#\\\/schema\\\/logo\\\/image\\\/\",\"url\":\"https:\\\/\\\/saksavorst.ee\\\/wp-content\\\/uploads\\\/2023\\\/05\\\/veikand-logo.jpg\",\"contentUrl\":\"https:\\\/\\\/saksavorst.ee\\\/wp-content\\\/uploads\\\/2023\\\/05\\\/veikand-logo.jpg\",\"width\":217,\"height\":217,\"caption\":\"Saksavorst\"},\"image\":{\"@id\":\"https:\\\/\\\/saksavorst.ee\\\/lv\\\/#\\\/schema\\\/logo\\\/image\\\/\"},\"sameAs\":[\"https:\\\/\\\/www.facebook.com\\\/Veikand\"]}]}<\/script>\n<!-- \/ Yoast SEO plugin. -->","yoast_head_json":{"title":"\u0160okol\u0101des s\u012brups SIROPE DE CHOCOKIN 1kg - Saksavorst","robots":{"index":"index","follow":"follow","max-snippet":"max-snippet:-1","max-image-preview":"max-image-preview:large","max-video-preview":"max-video-preview:-1"},"canonical":"https:\/\/saksavorst.ee\/lv\/produkts\/sokolades-sirups-sirope-de-chocokin-1kg\/","og_locale":"lv_LV","og_type":"article","og_title":"\u0160okol\u0101des s\u012brups SIROPE DE CHOCOKIN 1kg - Saksavorst","og_description":"Ide\u0101li piem\u0113rots vafe\u013cu, sald\u0113juma, desertu un \u0113dienu dekor\u0113\u0161anai. Zem\u0101k\u0101 temperat\u016br\u0101 produkts var saciet\u0113t, kars\u0113jiet \u016bdens peld\u0113. Pirms lieto\u0161anas sakratiet!","og_url":"https:\/\/saksavorst.ee\/lv\/produkts\/sokolades-sirups-sirope-de-chocokin-1kg\/","og_site_name":"Saksavorst","article_publisher":"https:\/\/www.facebook.com\/Veikand","article_modified_time":"2025-12-18T11:59:34+00:00","og_image":[{"width":800,"height":800,"url":"https:\/\/saksavorst.ee\/wp-content\/uploads\/2025\/12\/sokolaadisiirup-sirope-de-chocokin-1kg.jpg","type":"image\/jpeg"}],"twitter_card":"summary_large_image","twitter_misc":{"Est. reading time":"1 minute"},"schema":{"@context":"https:\/\/schema.org","@graph":[{"@type":"WebPage","@id":"https:\/\/saksavorst.ee\/lv\/produkts\/sokolades-sirups-sirope-de-chocokin-1kg\/","url":"https:\/\/saksavorst.ee\/lv\/produkts\/sokolades-sirups-sirope-de-chocokin-1kg\/","name":"\u0160okol\u0101des s\u012brups SIROPE DE CHOCOKIN 1kg - Saksavorst","isPartOf":{"@id":"https:\/\/saksavorst.ee\/lv\/#website"},"primaryImageOfPage":{"@id":"https:\/\/saksavorst.ee\/lv\/produkts\/sokolades-sirups-sirope-de-chocokin-1kg\/#primaryimage"},"image":{"@id":"https:\/\/saksavorst.ee\/lv\/produkts\/sokolades-sirups-sirope-de-chocokin-1kg\/#primaryimage"},"thumbnailUrl":"https:\/\/saksavorst.ee\/wp-content\/uploads\/2025\/12\/sokolaadisiirup-sirope-de-chocokin-1kg.jpg","datePublished":"2025-12-18T11:29:38+00:00","dateModified":"2025-12-18T11:59:34+00:00","breadcrumb":{"@id":"https:\/\/saksavorst.ee\/lv\/produkts\/sokolades-sirups-sirope-de-chocokin-1kg\/#breadcrumb"},"inLanguage":"lv-LV","potentialAction":[{"@type":"ReadAction","target":["https:\/\/saksavorst.ee\/lv\/produkts\/sokolades-sirups-sirope-de-chocokin-1kg\/"]}]},{"@type":"ImageObject","inLanguage":"lv-LV","@id":"https:\/\/saksavorst.ee\/lv\/produkts\/sokolades-sirups-sirope-de-chocokin-1kg\/#primaryimage","url":"https:\/\/saksavorst.ee\/wp-content\/uploads\/2025\/12\/sokolaadisiirup-sirope-de-chocokin-1kg.jpg","contentUrl":"https:\/\/saksavorst.ee\/wp-content\/uploads\/2025\/12\/sokolaadisiirup-sirope-de-chocokin-1kg.jpg","width":800,"height":800},{"@type":"BreadcrumbList","@id":"https:\/\/saksavorst.ee\/lv\/produkts\/sokolades-sirups-sirope-de-chocokin-1kg\/#breadcrumb","itemListElement":[{"@type":"ListItem","position":1,"name":"Home","item":"https:\/\/saksavorst.ee\/lv\/"},{"@type":"ListItem","position":2,"name":"Veikals","item":"https:\/\/saksavorst.ee\/lv\/veikals\/"},{"@type":"ListItem","position":3,"name":"\u0160okol\u0101des s\u012brups SIROPE DE CHOCOKIN 1kg"}]},{"@type":"WebSite","@id":"https:\/\/saksavorst.ee\/lv\/#website","url":"https:\/\/saksavorst.ee\/lv\/","name":"Saksavorst","description":"Feel the taste of emotions","publisher":{"@id":"https:\/\/saksavorst.ee\/lv\/#organization"},"alternateName":"Veikand","potentialAction":[{"@type":"SearchAction","target":{"@type":"EntryPoint","urlTemplate":"https:\/\/saksavorst.ee\/lv\/?s={search_term_string}"},"query-input":{"@type":"PropertyValueSpecification","valueRequired":true,"valueName":"search_term_string"}}],"inLanguage":"lv-LV"},{"@type":"Organization","@id":"https:\/\/saksavorst.ee\/lv\/#organization","name":"Saksavorst","alternateName":"Veikand","url":"https:\/\/saksavorst.ee\/lv\/","logo":{"@type":"ImageObject","inLanguage":"lv-LV","@id":"https:\/\/saksavorst.ee\/lv\/#\/schema\/logo\/image\/","url":"https:\/\/saksavorst.ee\/wp-content\/uploads\/2023\/05\/veikand-logo.jpg","contentUrl":"https:\/\/saksavorst.ee\/wp-content\/uploads\/2023\/05\/veikand-logo.jpg","width":217,"height":217,"caption":"Saksavorst"},"image":{"@id":"https:\/\/saksavorst.ee\/lv\/#\/schema\/logo\/image\/"},"sameAs":["https:\/\/www.facebook.com\/Veikand"]}]}},"_links":{"self":[{"href":"https:\/\/saksavorst.ee\/lv\/wp-json\/wp\/v2\/product\/48574","targetHints":{"allow":["GET"]}}],"collection":[{"href":"https:\/\/saksavorst.ee\/lv\/wp-json\/wp\/v2\/product"}],"about":[{"href":"https:\/\/saksavorst.ee\/lv\/wp-json\/wp\/v2\/types\/product"}],"version-history":[{"count":1,"href":"https:\/\/saksavorst.ee\/lv\/wp-json\/wp\/v2\/product\/48574\/revisions"}],"predecessor-version":[{"id":48594,"href":"https:\/\/saksavorst.ee\/lv\/wp-json\/wp\/v2\/product\/48574\/revisions\/48594"}],"wp:featuredmedia":[{"embeddable":true,"href":"https:\/\/saksavorst.ee\/lv\/wp-json\/wp\/v2\/media\/48584"}],"wp:attachment":[{"href":"https:\/\/saksavorst.ee\/lv\/wp-json\/wp\/v2\/media?parent=48574"}],"wp:term":[{"taxonomy":"product_brand","embeddable":true,"href":"https:\/\/saksavorst.ee\/lv\/wp-json\/wp\/v2\/product_brand?post=48574"},{"taxonomy":"product_cat","embeddable":true,"href":"https:\/\/saksavorst.ee\/lv\/wp-json\/wp\/v2\/product_cat?post=48574"},{"taxonomy":"product_tag","embeddable":true,"href":"https:\/\/saksavorst.ee\/lv\/wp-json\/wp\/v2\/product_tag?post=48574"}],"curies":[{"name":"wp","href":"https:\/\/api.w.org\/{rel}","templated":true}]}}