{"id":48516,"date":"2025-12-17T16:44:08","date_gmt":"2025-12-17T14:44:08","guid":{"rendered":"https:\/\/saksavorst.ee\/?post_type=product&#038;p=48516"},"modified":"2025-12-17T17:01:20","modified_gmt":"2025-12-17T15:01:20","slug":"balzamiko-etika-krems-crema-balsamica-al-pedro-ximenez-500ml","status":"publish","type":"product","link":"https:\/\/saksavorst.ee\/lv\/produkts\/balzamiko-etika-krems-crema-balsamica-al-pedro-ximenez-500ml\/","title":{"rendered":"Balzamiko eti\u0137a kr\u0113ms CREMA BALSAMICA AL PEDRO XIMENEZ 500ml"},"content":{"rendered":"<h4>CREMA BALSAMICA AL PEDRO XIMENEZ<\/h4>\n<h4><strong>Sast\u0101vda\u013cas:<\/strong><\/h4>\n<p>Balzamiko eti\u0137is (baltv\u012bna eti\u0137is, v\u012bnogu misa, konservants E-224) (36%), Pedro Ximenez v\u012bns (35%), glikozes-fruktozes s\u012brups, kukur\u016bzas ciete un konservants E-202. Satur sulf\u012btus.<\/p>\n<p>Daudzums: 500 ml<\/p>\n<p>Ieteicam\u0101 deva: atbilsto\u0161i vajadz\u012bbai<\/p>\n<p>Uzglab\u0101t v\u0113s\u0101 (11\u201325 \u00b0C), saus\u0101 un tum\u0161\u0101 viet\u0101<\/p>\n<p>Ieteicams l\u012bdz: skat\u012bt uz iepakojuma<\/p>\n<h4><strong>Uzturv\u0113rt\u012bba \u2013 100 g produkta satur:<\/strong><\/h4>\n<p>Ener\u0123\u0113tisk\u0101 v\u0113rt\u012bba 729,9 kJ \/ 173,4 kcal<br \/>\nTauki 0,1 g<br \/>\nno tiem pies\u0101tin\u0101tie 0 g<br \/>\nOg\u013chidr\u0101ti 42,7 g<br \/>\nno tiem cukuri 32,2 g<br \/>\nOlbaltumvielas 0,3 g<br \/>\nS\u0101ls 0 g<\/p>\n<p>Ra\u017eots: Sp\u0101nija<\/p>\n<p>Ra\u017eot\u0101js: Aceites Malaga S.L.<\/p>\n","protected":false},"excerpt":{"rendered":"<p>Intens\u012bvs saldums un rakstur\u012bgs arom\u0101ts. Ide\u0101li sader ar ga\u013cu, sieriem un desertiem, pie\u0161\u0137irot gard\u0113\u017eu piesk\u0101rienu un eleganci un ekskluzivit\u0101ti, ko pied\u0101v\u0101 Pedro Ximenez produkti.<\/p>\n<p>Pagatavots no Pedro Ximenez v\u012bna.<br \/>\nBl\u012bva tekst\u016bra un dzi\u013ca gar\u0161a.<\/p>\n","protected":false},"featured_media":48521,"template":"","meta":{"_acf_changed":false},"product_brand":[],"product_cat":[351,490],"product_tag":[],"class_list":{"0":"post-48516","1":"product","2":"type-product","3":"status-publish","4":"has-post-thumbnail","6":"product_cat-piedavajumi","7":"product_cat-partikas-preces","9":"first","10":"instock","11":"sale","12":"taxable","13":"shipping-taxable","14":"purchasable","15":"product-type-simple"},"acf":[],"yoast_head":"<!-- This site is optimized with the Yoast SEO plugin v27.3 - https:\/\/yoast.com\/product\/yoast-seo-wordpress\/ -->\n<title>Balzamiko eti\u0137a kr\u0113ms CREMA BALSAMICA AL PEDRO XIMENEZ 500ml - Saksavorst<\/title>\n<meta name=\"robots\" content=\"index, follow, max-snippet:-1, max-image-preview:large, max-video-preview:-1\" \/>\n<link rel=\"canonical\" href=\"https:\/\/saksavorst.ee\/lv\/produkts\/balzamiko-etika-krems-crema-balsamica-al-pedro-ximenez-500ml\/\" \/>\n<meta property=\"og:locale\" content=\"lv_LV\" \/>\n<meta property=\"og:type\" content=\"article\" \/>\n<meta property=\"og:title\" content=\"Balzamiko eti\u0137a kr\u0113ms CREMA BALSAMICA AL PEDRO XIMENEZ 500ml - Saksavorst\" \/>\n<meta property=\"og:description\" content=\"Intens\u012bvs saldums un rakstur\u012bgs arom\u0101ts. Ide\u0101li sader ar ga\u013cu, sieriem un desertiem, pie\u0161\u0137irot gard\u0113\u017eu piesk\u0101rienu un eleganci un ekskluzivit\u0101ti, ko pied\u0101v\u0101 Pedro Ximenez produkti.  Pagatavots no Pedro Ximenez v\u012bna. Bl\u012bva tekst\u016bra un dzi\u013ca gar\u0161a.\" \/>\n<meta property=\"og:url\" content=\"https:\/\/saksavorst.ee\/lv\/produkts\/balzamiko-etika-krems-crema-balsamica-al-pedro-ximenez-500ml\/\" \/>\n<meta property=\"og:site_name\" content=\"Saksavorst\" \/>\n<meta property=\"article:publisher\" content=\"https:\/\/www.facebook.com\/Veikand\" \/>\n<meta property=\"article:modified_time\" content=\"2025-12-17T15:01:20+00:00\" \/>\n<meta property=\"og:image\" content=\"https:\/\/saksavorst.ee\/wp-content\/uploads\/2025\/12\/palsamiaadikakreem-crema-balsamica-al-pedro-ximenez-500ml-pudel.png\" \/>\n\t<meta property=\"og:image:width\" content=\"800\" \/>\n\t<meta property=\"og:image:height\" content=\"800\" \/>\n\t<meta property=\"og:image:type\" content=\"image\/png\" \/>\n<meta name=\"twitter:card\" content=\"summary_large_image\" \/>\n<meta name=\"twitter:label1\" content=\"Est. reading time\" \/>\n\t<meta name=\"twitter:data1\" content=\"1 minute\" \/>\n<script type=\"application\/ld+json\" class=\"yoast-schema-graph\">{\"@context\":\"https:\\\/\\\/schema.org\",\"@graph\":[{\"@type\":\"WebPage\",\"@id\":\"https:\\\/\\\/saksavorst.ee\\\/lv\\\/produkts\\\/balzamiko-etika-krems-crema-balsamica-al-pedro-ximenez-500ml\\\/\",\"url\":\"https:\\\/\\\/saksavorst.ee\\\/lv\\\/produkts\\\/balzamiko-etika-krems-crema-balsamica-al-pedro-ximenez-500ml\\\/\",\"name\":\"Balzamiko eti\u0137a kr\u0113ms CREMA BALSAMICA AL PEDRO XIMENEZ 500ml - Saksavorst\",\"isPartOf\":{\"@id\":\"https:\\\/\\\/saksavorst.ee\\\/lv\\\/#website\"},\"primaryImageOfPage\":{\"@id\":\"https:\\\/\\\/saksavorst.ee\\\/lv\\\/produkts\\\/balzamiko-etika-krems-crema-balsamica-al-pedro-ximenez-500ml\\\/#primaryimage\"},\"image\":{\"@id\":\"https:\\\/\\\/saksavorst.ee\\\/lv\\\/produkts\\\/balzamiko-etika-krems-crema-balsamica-al-pedro-ximenez-500ml\\\/#primaryimage\"},\"thumbnailUrl\":\"https:\\\/\\\/saksavorst.ee\\\/wp-content\\\/uploads\\\/2025\\\/12\\\/palsamiaadikakreem-crema-balsamica-al-pedro-ximenez-500ml-pudel.png\",\"datePublished\":\"2025-12-17T14:44:08+00:00\",\"dateModified\":\"2025-12-17T15:01:20+00:00\",\"breadcrumb\":{\"@id\":\"https:\\\/\\\/saksavorst.ee\\\/lv\\\/produkts\\\/balzamiko-etika-krems-crema-balsamica-al-pedro-ximenez-500ml\\\/#breadcrumb\"},\"inLanguage\":\"lv-LV\",\"potentialAction\":[{\"@type\":\"ReadAction\",\"target\":[\"https:\\\/\\\/saksavorst.ee\\\/lv\\\/produkts\\\/balzamiko-etika-krems-crema-balsamica-al-pedro-ximenez-500ml\\\/\"]}]},{\"@type\":\"ImageObject\",\"inLanguage\":\"lv-LV\",\"@id\":\"https:\\\/\\\/saksavorst.ee\\\/lv\\\/produkts\\\/balzamiko-etika-krems-crema-balsamica-al-pedro-ximenez-500ml\\\/#primaryimage\",\"url\":\"https:\\\/\\\/saksavorst.ee\\\/wp-content\\\/uploads\\\/2025\\\/12\\\/palsamiaadikakreem-crema-balsamica-al-pedro-ximenez-500ml-pudel.png\",\"contentUrl\":\"https:\\\/\\\/saksavorst.ee\\\/wp-content\\\/uploads\\\/2025\\\/12\\\/palsamiaadikakreem-crema-balsamica-al-pedro-ximenez-500ml-pudel.png\",\"width\":800,\"height\":800},{\"@type\":\"BreadcrumbList\",\"@id\":\"https:\\\/\\\/saksavorst.ee\\\/lv\\\/produkts\\\/balzamiko-etika-krems-crema-balsamica-al-pedro-ximenez-500ml\\\/#breadcrumb\",\"itemListElement\":[{\"@type\":\"ListItem\",\"position\":1,\"name\":\"Home\",\"item\":\"https:\\\/\\\/saksavorst.ee\\\/lv\\\/\"},{\"@type\":\"ListItem\",\"position\":2,\"name\":\"Veikals\",\"item\":\"https:\\\/\\\/saksavorst.ee\\\/lv\\\/veikals\\\/\"},{\"@type\":\"ListItem\",\"position\":3,\"name\":\"Balzamiko eti\u0137a kr\u0113ms CREMA BALSAMICA AL PEDRO XIMENEZ 500ml\"}]},{\"@type\":\"WebSite\",\"@id\":\"https:\\\/\\\/saksavorst.ee\\\/lv\\\/#website\",\"url\":\"https:\\\/\\\/saksavorst.ee\\\/lv\\\/\",\"name\":\"Saksavorst\",\"description\":\"Feel the taste of emotions\",\"publisher\":{\"@id\":\"https:\\\/\\\/saksavorst.ee\\\/lv\\\/#organization\"},\"alternateName\":\"Veikand\",\"potentialAction\":[{\"@type\":\"SearchAction\",\"target\":{\"@type\":\"EntryPoint\",\"urlTemplate\":\"https:\\\/\\\/saksavorst.ee\\\/lv\\\/?s={search_term_string}\"},\"query-input\":{\"@type\":\"PropertyValueSpecification\",\"valueRequired\":true,\"valueName\":\"search_term_string\"}}],\"inLanguage\":\"lv-LV\"},{\"@type\":\"Organization\",\"@id\":\"https:\\\/\\\/saksavorst.ee\\\/lv\\\/#organization\",\"name\":\"Saksavorst\",\"alternateName\":\"Veikand\",\"url\":\"https:\\\/\\\/saksavorst.ee\\\/lv\\\/\",\"logo\":{\"@type\":\"ImageObject\",\"inLanguage\":\"lv-LV\",\"@id\":\"https:\\\/\\\/saksavorst.ee\\\/lv\\\/#\\\/schema\\\/logo\\\/image\\\/\",\"url\":\"https:\\\/\\\/saksavorst.ee\\\/wp-content\\\/uploads\\\/2023\\\/05\\\/veikand-logo.jpg\",\"contentUrl\":\"https:\\\/\\\/saksavorst.ee\\\/wp-content\\\/uploads\\\/2023\\\/05\\\/veikand-logo.jpg\",\"width\":217,\"height\":217,\"caption\":\"Saksavorst\"},\"image\":{\"@id\":\"https:\\\/\\\/saksavorst.ee\\\/lv\\\/#\\\/schema\\\/logo\\\/image\\\/\"},\"sameAs\":[\"https:\\\/\\\/www.facebook.com\\\/Veikand\"]}]}<\/script>\n<!-- \/ Yoast SEO plugin. -->","yoast_head_json":{"title":"Balzamiko eti\u0137a kr\u0113ms CREMA BALSAMICA AL PEDRO XIMENEZ 500ml - Saksavorst","robots":{"index":"index","follow":"follow","max-snippet":"max-snippet:-1","max-image-preview":"max-image-preview:large","max-video-preview":"max-video-preview:-1"},"canonical":"https:\/\/saksavorst.ee\/lv\/produkts\/balzamiko-etika-krems-crema-balsamica-al-pedro-ximenez-500ml\/","og_locale":"lv_LV","og_type":"article","og_title":"Balzamiko eti\u0137a kr\u0113ms CREMA BALSAMICA AL PEDRO XIMENEZ 500ml - Saksavorst","og_description":"Intens\u012bvs saldums un rakstur\u012bgs arom\u0101ts. Ide\u0101li sader ar ga\u013cu, sieriem un desertiem, pie\u0161\u0137irot gard\u0113\u017eu piesk\u0101rienu un eleganci un ekskluzivit\u0101ti, ko pied\u0101v\u0101 Pedro Ximenez produkti.  Pagatavots no Pedro Ximenez v\u012bna. Bl\u012bva tekst\u016bra un dzi\u013ca gar\u0161a.","og_url":"https:\/\/saksavorst.ee\/lv\/produkts\/balzamiko-etika-krems-crema-balsamica-al-pedro-ximenez-500ml\/","og_site_name":"Saksavorst","article_publisher":"https:\/\/www.facebook.com\/Veikand","article_modified_time":"2025-12-17T15:01:20+00:00","og_image":[{"width":800,"height":800,"url":"https:\/\/saksavorst.ee\/wp-content\/uploads\/2025\/12\/palsamiaadikakreem-crema-balsamica-al-pedro-ximenez-500ml-pudel.png","type":"image\/png"}],"twitter_card":"summary_large_image","twitter_misc":{"Est. reading time":"1 minute"},"schema":{"@context":"https:\/\/schema.org","@graph":[{"@type":"WebPage","@id":"https:\/\/saksavorst.ee\/lv\/produkts\/balzamiko-etika-krems-crema-balsamica-al-pedro-ximenez-500ml\/","url":"https:\/\/saksavorst.ee\/lv\/produkts\/balzamiko-etika-krems-crema-balsamica-al-pedro-ximenez-500ml\/","name":"Balzamiko eti\u0137a kr\u0113ms CREMA BALSAMICA AL PEDRO XIMENEZ 500ml - Saksavorst","isPartOf":{"@id":"https:\/\/saksavorst.ee\/lv\/#website"},"primaryImageOfPage":{"@id":"https:\/\/saksavorst.ee\/lv\/produkts\/balzamiko-etika-krems-crema-balsamica-al-pedro-ximenez-500ml\/#primaryimage"},"image":{"@id":"https:\/\/saksavorst.ee\/lv\/produkts\/balzamiko-etika-krems-crema-balsamica-al-pedro-ximenez-500ml\/#primaryimage"},"thumbnailUrl":"https:\/\/saksavorst.ee\/wp-content\/uploads\/2025\/12\/palsamiaadikakreem-crema-balsamica-al-pedro-ximenez-500ml-pudel.png","datePublished":"2025-12-17T14:44:08+00:00","dateModified":"2025-12-17T15:01:20+00:00","breadcrumb":{"@id":"https:\/\/saksavorst.ee\/lv\/produkts\/balzamiko-etika-krems-crema-balsamica-al-pedro-ximenez-500ml\/#breadcrumb"},"inLanguage":"lv-LV","potentialAction":[{"@type":"ReadAction","target":["https:\/\/saksavorst.ee\/lv\/produkts\/balzamiko-etika-krems-crema-balsamica-al-pedro-ximenez-500ml\/"]}]},{"@type":"ImageObject","inLanguage":"lv-LV","@id":"https:\/\/saksavorst.ee\/lv\/produkts\/balzamiko-etika-krems-crema-balsamica-al-pedro-ximenez-500ml\/#primaryimage","url":"https:\/\/saksavorst.ee\/wp-content\/uploads\/2025\/12\/palsamiaadikakreem-crema-balsamica-al-pedro-ximenez-500ml-pudel.png","contentUrl":"https:\/\/saksavorst.ee\/wp-content\/uploads\/2025\/12\/palsamiaadikakreem-crema-balsamica-al-pedro-ximenez-500ml-pudel.png","width":800,"height":800},{"@type":"BreadcrumbList","@id":"https:\/\/saksavorst.ee\/lv\/produkts\/balzamiko-etika-krems-crema-balsamica-al-pedro-ximenez-500ml\/#breadcrumb","itemListElement":[{"@type":"ListItem","position":1,"name":"Home","item":"https:\/\/saksavorst.ee\/lv\/"},{"@type":"ListItem","position":2,"name":"Veikals","item":"https:\/\/saksavorst.ee\/lv\/veikals\/"},{"@type":"ListItem","position":3,"name":"Balzamiko eti\u0137a kr\u0113ms CREMA BALSAMICA AL PEDRO XIMENEZ 500ml"}]},{"@type":"WebSite","@id":"https:\/\/saksavorst.ee\/lv\/#website","url":"https:\/\/saksavorst.ee\/lv\/","name":"Saksavorst","description":"Feel the taste of emotions","publisher":{"@id":"https:\/\/saksavorst.ee\/lv\/#organization"},"alternateName":"Veikand","potentialAction":[{"@type":"SearchAction","target":{"@type":"EntryPoint","urlTemplate":"https:\/\/saksavorst.ee\/lv\/?s={search_term_string}"},"query-input":{"@type":"PropertyValueSpecification","valueRequired":true,"valueName":"search_term_string"}}],"inLanguage":"lv-LV"},{"@type":"Organization","@id":"https:\/\/saksavorst.ee\/lv\/#organization","name":"Saksavorst","alternateName":"Veikand","url":"https:\/\/saksavorst.ee\/lv\/","logo":{"@type":"ImageObject","inLanguage":"lv-LV","@id":"https:\/\/saksavorst.ee\/lv\/#\/schema\/logo\/image\/","url":"https:\/\/saksavorst.ee\/wp-content\/uploads\/2023\/05\/veikand-logo.jpg","contentUrl":"https:\/\/saksavorst.ee\/wp-content\/uploads\/2023\/05\/veikand-logo.jpg","width":217,"height":217,"caption":"Saksavorst"},"image":{"@id":"https:\/\/saksavorst.ee\/lv\/#\/schema\/logo\/image\/"},"sameAs":["https:\/\/www.facebook.com\/Veikand"]}]}},"_links":{"self":[{"href":"https:\/\/saksavorst.ee\/lv\/wp-json\/wp\/v2\/product\/48516","targetHints":{"allow":["GET"]}}],"collection":[{"href":"https:\/\/saksavorst.ee\/lv\/wp-json\/wp\/v2\/product"}],"about":[{"href":"https:\/\/saksavorst.ee\/lv\/wp-json\/wp\/v2\/types\/product"}],"version-history":[{"count":1,"href":"https:\/\/saksavorst.ee\/lv\/wp-json\/wp\/v2\/product\/48516\/revisions"}],"predecessor-version":[{"id":48526,"href":"https:\/\/saksavorst.ee\/lv\/wp-json\/wp\/v2\/product\/48516\/revisions\/48526"}],"wp:featuredmedia":[{"embeddable":true,"href":"https:\/\/saksavorst.ee\/lv\/wp-json\/wp\/v2\/media\/48521"}],"wp:attachment":[{"href":"https:\/\/saksavorst.ee\/lv\/wp-json\/wp\/v2\/media?parent=48516"}],"wp:term":[{"taxonomy":"product_brand","embeddable":true,"href":"https:\/\/saksavorst.ee\/lv\/wp-json\/wp\/v2\/product_brand?post=48516"},{"taxonomy":"product_cat","embeddable":true,"href":"https:\/\/saksavorst.ee\/lv\/wp-json\/wp\/v2\/product_cat?post=48516"},{"taxonomy":"product_tag","embeddable":true,"href":"https:\/\/saksavorst.ee\/lv\/wp-json\/wp\/v2\/product_tag?post=48516"}],"curies":[{"name":"wp","href":"https:\/\/api.w.org\/{rel}","templated":true}]}}