{"id":48467,"date":"2025-12-17T14:23:11","date_gmt":"2025-12-17T12:23:11","guid":{"rendered":"https:\/\/saksavorst.ee\/?post_type=product&#038;p=48467"},"modified":"2025-12-17T17:08:38","modified_gmt":"2025-12-17T15:08:38","slug":"extra-virgin-olivella-ar-trifelem-trufa-truufle-250ml","status":"publish","type":"product","link":"https:\/\/saksavorst.ee\/lv\/produkts\/extra-virgin-olivella-ar-trifelem-trufa-truufle-250ml\/","title":{"rendered":"Extra virgin ol\u012bve\u013c\u013ca ar trifel\u0113m TRUFA-TRUUFLE 250ml"},"content":{"rendered":"<h4>TRUFA-TRUUFLE<\/h4>\n<h4><strong>Sast\u0101vda\u013cas:<\/strong><\/h4>\n<p>Extra virgin ol\u012bve\u013c\u013ca un trife\u013cu arom\u0101ts<\/p>\n<p>Daudzums: 250 ml<\/p>\n<p>Ieteicam\u0101 deva: atbilsto\u0161i vajadz\u012bbai<\/p>\n<p>Uzglab\u0101t v\u0113s\u0101 (11\u201325 \u00b0C), saus\u0101 un tum\u0161\u0101 viet\u0101<\/p>\n<p>Ieteicams l\u012bdz: skat\u012bt uz iepakojuma<\/p>\n<h4><strong>Uzturv\u0113rt\u012bba \u2013 100 g produkta satur:<\/strong><\/h4>\n<p>Ener\u0123\u0113tisk\u0101 v\u0113rt\u012bba 3700 kJ \/ 900 kcal<br \/>\nTauki 100 g<br \/>\nno tiem pies\u0101tin\u0101tie 15 g<br \/>\nOg\u013chidr\u0101ti 0 g<br \/>\nno tiem cukuri 0 g<br \/>\nOlbaltumvielas 0 g<br \/>\nS\u0101ls 0,01 g<\/p>\n<p>Ra\u017eots: Sp\u0101nija<\/p>\n<p>Ra\u017eot\u0101js: Aceites Malaga S.L.<\/p>\n","protected":false},"excerpt":{"rendered":"<p>\u0160\u012b ekskluz\u012bv\u0101 e\u013c\u013ca, kas bag\u0101tin\u0101ta ar baltaj\u0101m trifel\u0113m, pie\u0161\u0137ir jebkuram \u0113dienam izsmalcin\u0101t\u012bbu un izsmalcin\u0101t\u012bbu. Ide\u0101li piem\u0113rota tiem, kas mekl\u0113 augst\u0101k\u0101s kvalit\u0101tes e\u013c\u013cu sal\u0101tiem, makaroniem, ga\u013cas \u0113dieniem vai gard\u0113\u017eu virtuvei. Pie\u0161\u0137iriet savam galdam eleganci ar balto trife\u013cu gar\u0161u.<\/p>\n<p>100% Sp\u0101nijas izcelsmes, ra\u017eots Malag\u0101.<br \/>\nIde\u0101li piem\u0113rots ikdienas lieto\u0161anai vai gard\u0113\u017eu \u0113dienu gatavo\u0161anai.<\/p>\n","protected":false},"featured_media":48472,"template":"","meta":{"_acf_changed":false},"product_brand":[],"product_cat":[351,490],"product_tag":[],"class_list":{"0":"post-48467","1":"product","2":"type-product","3":"status-publish","4":"has-post-thumbnail","6":"product_cat-piedavajumi","7":"product_cat-partikas-preces","9":"first","10":"instock","11":"sale","12":"taxable","13":"shipping-taxable","14":"purchasable","15":"product-type-simple"},"acf":[],"yoast_head":"<!-- This site is optimized with the Yoast SEO plugin v27.3 - https:\/\/yoast.com\/product\/yoast-seo-wordpress\/ -->\n<title>Extra virgin ol\u012bve\u013c\u013ca ar trifel\u0113m TRUFA-TRUUFLE 250ml - Saksavorst<\/title>\n<meta name=\"robots\" content=\"index, follow, max-snippet:-1, max-image-preview:large, max-video-preview:-1\" \/>\n<link rel=\"canonical\" href=\"https:\/\/saksavorst.ee\/lv\/produkts\/extra-virgin-olivella-ar-trifelem-trufa-truufle-250ml\/\" \/>\n<meta property=\"og:locale\" content=\"lv_LV\" \/>\n<meta property=\"og:type\" content=\"article\" \/>\n<meta property=\"og:title\" content=\"Extra virgin ol\u012bve\u013c\u013ca ar trifel\u0113m TRUFA-TRUUFLE 250ml - Saksavorst\" \/>\n<meta property=\"og:description\" content=\"\u0160\u012b ekskluz\u012bv\u0101 e\u013c\u013ca, kas bag\u0101tin\u0101ta ar baltaj\u0101m trifel\u0113m, pie\u0161\u0137ir jebkuram \u0113dienam izsmalcin\u0101t\u012bbu un izsmalcin\u0101t\u012bbu. Ide\u0101li piem\u0113rota tiem, kas mekl\u0113 augst\u0101k\u0101s kvalit\u0101tes e\u013c\u013cu sal\u0101tiem, makaroniem, ga\u013cas \u0113dieniem vai gard\u0113\u017eu virtuvei. Pie\u0161\u0137iriet savam galdam eleganci ar balto trife\u013cu gar\u0161u.  100% Sp\u0101nijas izcelsmes, ra\u017eots Malag\u0101. Ide\u0101li piem\u0113rots ikdienas lieto\u0161anai vai gard\u0113\u017eu \u0113dienu gatavo\u0161anai.\" \/>\n<meta property=\"og:url\" content=\"https:\/\/saksavorst.ee\/lv\/produkts\/extra-virgin-olivella-ar-trifelem-trufa-truufle-250ml\/\" \/>\n<meta property=\"og:site_name\" content=\"Saksavorst\" \/>\n<meta property=\"article:publisher\" content=\"https:\/\/www.facebook.com\/Veikand\" \/>\n<meta property=\"article:modified_time\" content=\"2025-12-17T15:08:38+00:00\" \/>\n<meta property=\"og:image\" content=\"https:\/\/saksavorst.ee\/wp-content\/uploads\/2025\/12\/ekstra-vaarisoliivioli-truhvliga-trufa-truffle-250ml-pudel.png\" \/>\n\t<meta property=\"og:image:width\" content=\"800\" \/>\n\t<meta property=\"og:image:height\" content=\"800\" \/>\n\t<meta property=\"og:image:type\" content=\"image\/png\" \/>\n<meta name=\"twitter:card\" content=\"summary_large_image\" \/>\n<meta name=\"twitter:label1\" content=\"Est. reading time\" \/>\n\t<meta name=\"twitter:data1\" content=\"1 minute\" \/>\n<script type=\"application\/ld+json\" class=\"yoast-schema-graph\">{\"@context\":\"https:\\\/\\\/schema.org\",\"@graph\":[{\"@type\":\"WebPage\",\"@id\":\"https:\\\/\\\/saksavorst.ee\\\/lv\\\/produkts\\\/extra-virgin-olivella-ar-trifelem-trufa-truufle-250ml\\\/\",\"url\":\"https:\\\/\\\/saksavorst.ee\\\/lv\\\/produkts\\\/extra-virgin-olivella-ar-trifelem-trufa-truufle-250ml\\\/\",\"name\":\"Extra virgin ol\u012bve\u013c\u013ca ar trifel\u0113m TRUFA-TRUUFLE 250ml - Saksavorst\",\"isPartOf\":{\"@id\":\"https:\\\/\\\/saksavorst.ee\\\/lv\\\/#website\"},\"primaryImageOfPage\":{\"@id\":\"https:\\\/\\\/saksavorst.ee\\\/lv\\\/produkts\\\/extra-virgin-olivella-ar-trifelem-trufa-truufle-250ml\\\/#primaryimage\"},\"image\":{\"@id\":\"https:\\\/\\\/saksavorst.ee\\\/lv\\\/produkts\\\/extra-virgin-olivella-ar-trifelem-trufa-truufle-250ml\\\/#primaryimage\"},\"thumbnailUrl\":\"https:\\\/\\\/saksavorst.ee\\\/wp-content\\\/uploads\\\/2025\\\/12\\\/ekstra-vaarisoliivioli-truhvliga-trufa-truffle-250ml-pudel.png\",\"datePublished\":\"2025-12-17T12:23:11+00:00\",\"dateModified\":\"2025-12-17T15:08:38+00:00\",\"breadcrumb\":{\"@id\":\"https:\\\/\\\/saksavorst.ee\\\/lv\\\/produkts\\\/extra-virgin-olivella-ar-trifelem-trufa-truufle-250ml\\\/#breadcrumb\"},\"inLanguage\":\"lv-LV\",\"potentialAction\":[{\"@type\":\"ReadAction\",\"target\":[\"https:\\\/\\\/saksavorst.ee\\\/lv\\\/produkts\\\/extra-virgin-olivella-ar-trifelem-trufa-truufle-250ml\\\/\"]}]},{\"@type\":\"ImageObject\",\"inLanguage\":\"lv-LV\",\"@id\":\"https:\\\/\\\/saksavorst.ee\\\/lv\\\/produkts\\\/extra-virgin-olivella-ar-trifelem-trufa-truufle-250ml\\\/#primaryimage\",\"url\":\"https:\\\/\\\/saksavorst.ee\\\/wp-content\\\/uploads\\\/2025\\\/12\\\/ekstra-vaarisoliivioli-truhvliga-trufa-truffle-250ml-pudel.png\",\"contentUrl\":\"https:\\\/\\\/saksavorst.ee\\\/wp-content\\\/uploads\\\/2025\\\/12\\\/ekstra-vaarisoliivioli-truhvliga-trufa-truffle-250ml-pudel.png\",\"width\":800,\"height\":800},{\"@type\":\"BreadcrumbList\",\"@id\":\"https:\\\/\\\/saksavorst.ee\\\/lv\\\/produkts\\\/extra-virgin-olivella-ar-trifelem-trufa-truufle-250ml\\\/#breadcrumb\",\"itemListElement\":[{\"@type\":\"ListItem\",\"position\":1,\"name\":\"Home\",\"item\":\"https:\\\/\\\/saksavorst.ee\\\/lv\\\/\"},{\"@type\":\"ListItem\",\"position\":2,\"name\":\"Veikals\",\"item\":\"https:\\\/\\\/saksavorst.ee\\\/lv\\\/veikals\\\/\"},{\"@type\":\"ListItem\",\"position\":3,\"name\":\"Extra virgin ol\u012bve\u013c\u013ca ar trifel\u0113m TRUFA-TRUUFLE 250ml\"}]},{\"@type\":\"WebSite\",\"@id\":\"https:\\\/\\\/saksavorst.ee\\\/lv\\\/#website\",\"url\":\"https:\\\/\\\/saksavorst.ee\\\/lv\\\/\",\"name\":\"Saksavorst\",\"description\":\"Feel the taste of emotions\",\"publisher\":{\"@id\":\"https:\\\/\\\/saksavorst.ee\\\/lv\\\/#organization\"},\"alternateName\":\"Veikand\",\"potentialAction\":[{\"@type\":\"SearchAction\",\"target\":{\"@type\":\"EntryPoint\",\"urlTemplate\":\"https:\\\/\\\/saksavorst.ee\\\/lv\\\/?s={search_term_string}\"},\"query-input\":{\"@type\":\"PropertyValueSpecification\",\"valueRequired\":true,\"valueName\":\"search_term_string\"}}],\"inLanguage\":\"lv-LV\"},{\"@type\":\"Organization\",\"@id\":\"https:\\\/\\\/saksavorst.ee\\\/lv\\\/#organization\",\"name\":\"Saksavorst\",\"alternateName\":\"Veikand\",\"url\":\"https:\\\/\\\/saksavorst.ee\\\/lv\\\/\",\"logo\":{\"@type\":\"ImageObject\",\"inLanguage\":\"lv-LV\",\"@id\":\"https:\\\/\\\/saksavorst.ee\\\/lv\\\/#\\\/schema\\\/logo\\\/image\\\/\",\"url\":\"https:\\\/\\\/saksavorst.ee\\\/wp-content\\\/uploads\\\/2023\\\/05\\\/veikand-logo.jpg\",\"contentUrl\":\"https:\\\/\\\/saksavorst.ee\\\/wp-content\\\/uploads\\\/2023\\\/05\\\/veikand-logo.jpg\",\"width\":217,\"height\":217,\"caption\":\"Saksavorst\"},\"image\":{\"@id\":\"https:\\\/\\\/saksavorst.ee\\\/lv\\\/#\\\/schema\\\/logo\\\/image\\\/\"},\"sameAs\":[\"https:\\\/\\\/www.facebook.com\\\/Veikand\"]}]}<\/script>\n<!-- \/ Yoast SEO plugin. -->","yoast_head_json":{"title":"Extra virgin ol\u012bve\u013c\u013ca ar trifel\u0113m TRUFA-TRUUFLE 250ml - Saksavorst","robots":{"index":"index","follow":"follow","max-snippet":"max-snippet:-1","max-image-preview":"max-image-preview:large","max-video-preview":"max-video-preview:-1"},"canonical":"https:\/\/saksavorst.ee\/lv\/produkts\/extra-virgin-olivella-ar-trifelem-trufa-truufle-250ml\/","og_locale":"lv_LV","og_type":"article","og_title":"Extra virgin ol\u012bve\u013c\u013ca ar trifel\u0113m TRUFA-TRUUFLE 250ml - Saksavorst","og_description":"\u0160\u012b ekskluz\u012bv\u0101 e\u013c\u013ca, kas bag\u0101tin\u0101ta ar baltaj\u0101m trifel\u0113m, pie\u0161\u0137ir jebkuram \u0113dienam izsmalcin\u0101t\u012bbu un izsmalcin\u0101t\u012bbu. Ide\u0101li piem\u0113rota tiem, kas mekl\u0113 augst\u0101k\u0101s kvalit\u0101tes e\u013c\u013cu sal\u0101tiem, makaroniem, ga\u013cas \u0113dieniem vai gard\u0113\u017eu virtuvei. Pie\u0161\u0137iriet savam galdam eleganci ar balto trife\u013cu gar\u0161u.  100% Sp\u0101nijas izcelsmes, ra\u017eots Malag\u0101. Ide\u0101li piem\u0113rots ikdienas lieto\u0161anai vai gard\u0113\u017eu \u0113dienu gatavo\u0161anai.","og_url":"https:\/\/saksavorst.ee\/lv\/produkts\/extra-virgin-olivella-ar-trifelem-trufa-truufle-250ml\/","og_site_name":"Saksavorst","article_publisher":"https:\/\/www.facebook.com\/Veikand","article_modified_time":"2025-12-17T15:08:38+00:00","og_image":[{"width":800,"height":800,"url":"https:\/\/saksavorst.ee\/wp-content\/uploads\/2025\/12\/ekstra-vaarisoliivioli-truhvliga-trufa-truffle-250ml-pudel.png","type":"image\/png"}],"twitter_card":"summary_large_image","twitter_misc":{"Est. reading time":"1 minute"},"schema":{"@context":"https:\/\/schema.org","@graph":[{"@type":"WebPage","@id":"https:\/\/saksavorst.ee\/lv\/produkts\/extra-virgin-olivella-ar-trifelem-trufa-truufle-250ml\/","url":"https:\/\/saksavorst.ee\/lv\/produkts\/extra-virgin-olivella-ar-trifelem-trufa-truufle-250ml\/","name":"Extra virgin ol\u012bve\u013c\u013ca ar trifel\u0113m TRUFA-TRUUFLE 250ml - Saksavorst","isPartOf":{"@id":"https:\/\/saksavorst.ee\/lv\/#website"},"primaryImageOfPage":{"@id":"https:\/\/saksavorst.ee\/lv\/produkts\/extra-virgin-olivella-ar-trifelem-trufa-truufle-250ml\/#primaryimage"},"image":{"@id":"https:\/\/saksavorst.ee\/lv\/produkts\/extra-virgin-olivella-ar-trifelem-trufa-truufle-250ml\/#primaryimage"},"thumbnailUrl":"https:\/\/saksavorst.ee\/wp-content\/uploads\/2025\/12\/ekstra-vaarisoliivioli-truhvliga-trufa-truffle-250ml-pudel.png","datePublished":"2025-12-17T12:23:11+00:00","dateModified":"2025-12-17T15:08:38+00:00","breadcrumb":{"@id":"https:\/\/saksavorst.ee\/lv\/produkts\/extra-virgin-olivella-ar-trifelem-trufa-truufle-250ml\/#breadcrumb"},"inLanguage":"lv-LV","potentialAction":[{"@type":"ReadAction","target":["https:\/\/saksavorst.ee\/lv\/produkts\/extra-virgin-olivella-ar-trifelem-trufa-truufle-250ml\/"]}]},{"@type":"ImageObject","inLanguage":"lv-LV","@id":"https:\/\/saksavorst.ee\/lv\/produkts\/extra-virgin-olivella-ar-trifelem-trufa-truufle-250ml\/#primaryimage","url":"https:\/\/saksavorst.ee\/wp-content\/uploads\/2025\/12\/ekstra-vaarisoliivioli-truhvliga-trufa-truffle-250ml-pudel.png","contentUrl":"https:\/\/saksavorst.ee\/wp-content\/uploads\/2025\/12\/ekstra-vaarisoliivioli-truhvliga-trufa-truffle-250ml-pudel.png","width":800,"height":800},{"@type":"BreadcrumbList","@id":"https:\/\/saksavorst.ee\/lv\/produkts\/extra-virgin-olivella-ar-trifelem-trufa-truufle-250ml\/#breadcrumb","itemListElement":[{"@type":"ListItem","position":1,"name":"Home","item":"https:\/\/saksavorst.ee\/lv\/"},{"@type":"ListItem","position":2,"name":"Veikals","item":"https:\/\/saksavorst.ee\/lv\/veikals\/"},{"@type":"ListItem","position":3,"name":"Extra virgin ol\u012bve\u013c\u013ca ar trifel\u0113m TRUFA-TRUUFLE 250ml"}]},{"@type":"WebSite","@id":"https:\/\/saksavorst.ee\/lv\/#website","url":"https:\/\/saksavorst.ee\/lv\/","name":"Saksavorst","description":"Feel the taste of emotions","publisher":{"@id":"https:\/\/saksavorst.ee\/lv\/#organization"},"alternateName":"Veikand","potentialAction":[{"@type":"SearchAction","target":{"@type":"EntryPoint","urlTemplate":"https:\/\/saksavorst.ee\/lv\/?s={search_term_string}"},"query-input":{"@type":"PropertyValueSpecification","valueRequired":true,"valueName":"search_term_string"}}],"inLanguage":"lv-LV"},{"@type":"Organization","@id":"https:\/\/saksavorst.ee\/lv\/#organization","name":"Saksavorst","alternateName":"Veikand","url":"https:\/\/saksavorst.ee\/lv\/","logo":{"@type":"ImageObject","inLanguage":"lv-LV","@id":"https:\/\/saksavorst.ee\/lv\/#\/schema\/logo\/image\/","url":"https:\/\/saksavorst.ee\/wp-content\/uploads\/2023\/05\/veikand-logo.jpg","contentUrl":"https:\/\/saksavorst.ee\/wp-content\/uploads\/2023\/05\/veikand-logo.jpg","width":217,"height":217,"caption":"Saksavorst"},"image":{"@id":"https:\/\/saksavorst.ee\/lv\/#\/schema\/logo\/image\/"},"sameAs":["https:\/\/www.facebook.com\/Veikand"]}]}},"_links":{"self":[{"href":"https:\/\/saksavorst.ee\/lv\/wp-json\/wp\/v2\/product\/48467","targetHints":{"allow":["GET"]}}],"collection":[{"href":"https:\/\/saksavorst.ee\/lv\/wp-json\/wp\/v2\/product"}],"about":[{"href":"https:\/\/saksavorst.ee\/lv\/wp-json\/wp\/v2\/types\/product"}],"version-history":[{"count":2,"href":"https:\/\/saksavorst.ee\/lv\/wp-json\/wp\/v2\/product\/48467\/revisions"}],"predecessor-version":[{"id":48536,"href":"https:\/\/saksavorst.ee\/lv\/wp-json\/wp\/v2\/product\/48467\/revisions\/48536"}],"wp:featuredmedia":[{"embeddable":true,"href":"https:\/\/saksavorst.ee\/lv\/wp-json\/wp\/v2\/media\/48472"}],"wp:attachment":[{"href":"https:\/\/saksavorst.ee\/lv\/wp-json\/wp\/v2\/media?parent=48467"}],"wp:term":[{"taxonomy":"product_brand","embeddable":true,"href":"https:\/\/saksavorst.ee\/lv\/wp-json\/wp\/v2\/product_brand?post=48467"},{"taxonomy":"product_cat","embeddable":true,"href":"https:\/\/saksavorst.ee\/lv\/wp-json\/wp\/v2\/product_cat?post=48467"},{"taxonomy":"product_tag","embeddable":true,"href":"https:\/\/saksavorst.ee\/lv\/wp-json\/wp\/v2\/product_tag?post=48467"}],"curies":[{"name":"wp","href":"https:\/\/api.w.org\/{rel}","templated":true}]}}