{"id":44014,"date":"2025-07-17T09:13:31","date_gmt":"2025-07-17T07:13:31","guid":{"rendered":"https:\/\/saksavorst.ee\/?post_type=product&#038;p=44014"},"modified":"2025-07-17T09:47:12","modified_gmt":"2025-07-17T07:47:12","slug":"bbq-grila-lampas","status":"publish","type":"product","link":"https:\/\/saksavorst.ee\/lv\/produkts\/bbq-grila-lampas\/","title":{"rendered":"BBQ grila lampas"},"content":{"rendered":"<ul>\n<li>Magn\u0113tisk\u0101 pamatne<\/li>\n<li>Elast\u012bgs<\/li>\n<li>360 gr\u0101du regul\u0113jams<\/li>\n<li>Izgatavots no alum\u012bnija sakaus\u0113juma<\/li>\n<li>9 LED gaismas<\/li>\n<li>Daudzfunkcion\u0101ls<\/li>\n<li>6 AAA baterijas<\/li>\n<\/ul>\n<p>P\u0101rn\u0113s\u0101jams un bezvadu dizains: Vieglas un bezvadu, \u0161\u012bs grila gaismas ir viegli p\u0101rn\u0113s\u0101jamas un uzst\u0101d\u0101mas \u0113diena gatavo\u0161anai \u0101rpus telp\u0101m.<br \/>\nIlgsto\u0161as LED gaismas: Apr\u012bkotas ar 9 LED gaism\u0101m, \u0161\u012bm grila gaism\u0101m ir 100 000 stundu kalpo\u0161anas laiks uzticamam apgaismojumam.<br \/>\nIztur\u012bga ner\u016bs\u0113jo\u0161\u0101 t\u0113rauda konstrukcija: Izgatavotas no ner\u016bs\u0113jo\u0161\u0101 t\u0113rauda, \u0161\u012bs grila gaismas iztur lielu karstumu un laikapst\u0101k\u013cus.<\/p>\n","protected":false},"excerpt":{"rendered":"<p>Daudzpus\u012bgs grila r\u012bks: \u0160\u012bs gaismas ir oblig\u0101tas jebkuram grila meistaram, t\u0101s uzlabos j\u016bsu grila pieredzi un b\u016bs lieliska d\u0101vana.<br \/>\nGril\u0113\u0161ana ar 360 gr\u0101du regul\u0113jamu apgaismojumu: Izgaismojiet savu grilu no jebkura le\u0146\u0137a ar 360 gr\u0101du regul\u0113jam\u0101m LED gaism\u0101m, nodro\u0161inot vienm\u0113r\u012bgu gatavo\u0161anu.<\/p>\n","protected":false},"featured_media":44019,"template":"","meta":{"_acf_changed":false},"product_brand":[],"product_cat":[333,334,336],"product_tag":[],"class_list":{"0":"post-44014","1":"product","2":"type-product","3":"status-publish","4":"has-post-thumbnail","6":"product_cat-aprikojums","7":"product_cat-visi-produkti","8":"product_cat-grili-krasnis","10":"first","11":"instock","12":"taxable","13":"shipping-taxable","14":"purchasable","15":"product-type-simple"},"acf":[],"yoast_head":"<!-- This site is optimized with the Yoast SEO plugin v27.3 - https:\/\/yoast.com\/product\/yoast-seo-wordpress\/ -->\n<title>BBQ grila lampas - Saksavorst<\/title>\n<meta name=\"robots\" content=\"index, follow, max-snippet:-1, max-image-preview:large, max-video-preview:-1\" \/>\n<link rel=\"canonical\" href=\"https:\/\/saksavorst.ee\/lv\/produkts\/bbq-grila-lampas\/\" \/>\n<meta property=\"og:locale\" content=\"lv_LV\" \/>\n<meta property=\"og:type\" content=\"article\" \/>\n<meta property=\"og:title\" content=\"BBQ grila lampas - Saksavorst\" \/>\n<meta property=\"og:description\" content=\"Daudzpus\u012bgs grila r\u012bks: \u0160\u012bs gaismas ir oblig\u0101tas jebkuram grila meistaram, t\u0101s uzlabos j\u016bsu grila pieredzi un b\u016bs lieliska d\u0101vana. Gril\u0113\u0161ana ar 360 gr\u0101du regul\u0113jamu apgaismojumu: Izgaismojiet savu grilu no jebkura le\u0146\u0137a ar 360 gr\u0101du regul\u0113jam\u0101m LED gaism\u0101m, nodro\u0161inot vienm\u0113r\u012bgu gatavo\u0161anu.\" \/>\n<meta property=\"og:url\" content=\"https:\/\/saksavorst.ee\/lv\/produkts\/bbq-grila-lampas\/\" \/>\n<meta property=\"og:site_name\" content=\"Saksavorst\" \/>\n<meta property=\"article:publisher\" content=\"https:\/\/www.facebook.com\/Veikand\" \/>\n<meta property=\"article:modified_time\" content=\"2025-07-17T07:47:12+00:00\" \/>\n<meta property=\"og:image\" content=\"https:\/\/saksavorst.ee\/wp-content\/uploads\/2025\/07\/bbq-grillilambid-1.png\" \/>\n\t<meta property=\"og:image:width\" content=\"800\" \/>\n\t<meta property=\"og:image:height\" content=\"800\" \/>\n\t<meta property=\"og:image:type\" content=\"image\/png\" \/>\n<meta name=\"twitter:card\" content=\"summary_large_image\" \/>\n<meta name=\"twitter:label1\" content=\"Est. reading time\" \/>\n\t<meta name=\"twitter:data1\" content=\"1 minute\" \/>\n<script type=\"application\/ld+json\" class=\"yoast-schema-graph\">{\"@context\":\"https:\\\/\\\/schema.org\",\"@graph\":[{\"@type\":\"WebPage\",\"@id\":\"https:\\\/\\\/saksavorst.ee\\\/lv\\\/produkts\\\/bbq-grila-lampas\\\/\",\"url\":\"https:\\\/\\\/saksavorst.ee\\\/lv\\\/produkts\\\/bbq-grila-lampas\\\/\",\"name\":\"BBQ grila lampas - Saksavorst\",\"isPartOf\":{\"@id\":\"https:\\\/\\\/saksavorst.ee\\\/lv\\\/#website\"},\"primaryImageOfPage\":{\"@id\":\"https:\\\/\\\/saksavorst.ee\\\/lv\\\/produkts\\\/bbq-grila-lampas\\\/#primaryimage\"},\"image\":{\"@id\":\"https:\\\/\\\/saksavorst.ee\\\/lv\\\/produkts\\\/bbq-grila-lampas\\\/#primaryimage\"},\"thumbnailUrl\":\"https:\\\/\\\/saksavorst.ee\\\/wp-content\\\/uploads\\\/2025\\\/07\\\/bbq-grillilambid-1.png\",\"datePublished\":\"2025-07-17T07:13:31+00:00\",\"dateModified\":\"2025-07-17T07:47:12+00:00\",\"breadcrumb\":{\"@id\":\"https:\\\/\\\/saksavorst.ee\\\/lv\\\/produkts\\\/bbq-grila-lampas\\\/#breadcrumb\"},\"inLanguage\":\"lv-LV\",\"potentialAction\":[{\"@type\":\"ReadAction\",\"target\":[\"https:\\\/\\\/saksavorst.ee\\\/lv\\\/produkts\\\/bbq-grila-lampas\\\/\"]}]},{\"@type\":\"ImageObject\",\"inLanguage\":\"lv-LV\",\"@id\":\"https:\\\/\\\/saksavorst.ee\\\/lv\\\/produkts\\\/bbq-grila-lampas\\\/#primaryimage\",\"url\":\"https:\\\/\\\/saksavorst.ee\\\/wp-content\\\/uploads\\\/2025\\\/07\\\/bbq-grillilambid-1.png\",\"contentUrl\":\"https:\\\/\\\/saksavorst.ee\\\/wp-content\\\/uploads\\\/2025\\\/07\\\/bbq-grillilambid-1.png\",\"width\":800,\"height\":800},{\"@type\":\"BreadcrumbList\",\"@id\":\"https:\\\/\\\/saksavorst.ee\\\/lv\\\/produkts\\\/bbq-grila-lampas\\\/#breadcrumb\",\"itemListElement\":[{\"@type\":\"ListItem\",\"position\":1,\"name\":\"Home\",\"item\":\"https:\\\/\\\/saksavorst.ee\\\/lv\\\/\"},{\"@type\":\"ListItem\",\"position\":2,\"name\":\"Veikals\",\"item\":\"https:\\\/\\\/saksavorst.ee\\\/lv\\\/veikals\\\/\"},{\"@type\":\"ListItem\",\"position\":3,\"name\":\"BBQ grila lampas\"}]},{\"@type\":\"WebSite\",\"@id\":\"https:\\\/\\\/saksavorst.ee\\\/lv\\\/#website\",\"url\":\"https:\\\/\\\/saksavorst.ee\\\/lv\\\/\",\"name\":\"Saksavorst\",\"description\":\"Feel the taste of emotions\",\"publisher\":{\"@id\":\"https:\\\/\\\/saksavorst.ee\\\/lv\\\/#organization\"},\"alternateName\":\"Veikand\",\"potentialAction\":[{\"@type\":\"SearchAction\",\"target\":{\"@type\":\"EntryPoint\",\"urlTemplate\":\"https:\\\/\\\/saksavorst.ee\\\/lv\\\/?s={search_term_string}\"},\"query-input\":{\"@type\":\"PropertyValueSpecification\",\"valueRequired\":true,\"valueName\":\"search_term_string\"}}],\"inLanguage\":\"lv-LV\"},{\"@type\":\"Organization\",\"@id\":\"https:\\\/\\\/saksavorst.ee\\\/lv\\\/#organization\",\"name\":\"Saksavorst\",\"alternateName\":\"Veikand\",\"url\":\"https:\\\/\\\/saksavorst.ee\\\/lv\\\/\",\"logo\":{\"@type\":\"ImageObject\",\"inLanguage\":\"lv-LV\",\"@id\":\"https:\\\/\\\/saksavorst.ee\\\/lv\\\/#\\\/schema\\\/logo\\\/image\\\/\",\"url\":\"https:\\\/\\\/saksavorst.ee\\\/wp-content\\\/uploads\\\/2023\\\/05\\\/veikand-logo.jpg\",\"contentUrl\":\"https:\\\/\\\/saksavorst.ee\\\/wp-content\\\/uploads\\\/2023\\\/05\\\/veikand-logo.jpg\",\"width\":217,\"height\":217,\"caption\":\"Saksavorst\"},\"image\":{\"@id\":\"https:\\\/\\\/saksavorst.ee\\\/lv\\\/#\\\/schema\\\/logo\\\/image\\\/\"},\"sameAs\":[\"https:\\\/\\\/www.facebook.com\\\/Veikand\"]}]}<\/script>\n<!-- \/ Yoast SEO plugin. -->","yoast_head_json":{"title":"BBQ grila lampas - Saksavorst","robots":{"index":"index","follow":"follow","max-snippet":"max-snippet:-1","max-image-preview":"max-image-preview:large","max-video-preview":"max-video-preview:-1"},"canonical":"https:\/\/saksavorst.ee\/lv\/produkts\/bbq-grila-lampas\/","og_locale":"lv_LV","og_type":"article","og_title":"BBQ grila lampas - Saksavorst","og_description":"Daudzpus\u012bgs grila r\u012bks: \u0160\u012bs gaismas ir oblig\u0101tas jebkuram grila meistaram, t\u0101s uzlabos j\u016bsu grila pieredzi un b\u016bs lieliska d\u0101vana. Gril\u0113\u0161ana ar 360 gr\u0101du regul\u0113jamu apgaismojumu: Izgaismojiet savu grilu no jebkura le\u0146\u0137a ar 360 gr\u0101du regul\u0113jam\u0101m LED gaism\u0101m, nodro\u0161inot vienm\u0113r\u012bgu gatavo\u0161anu.","og_url":"https:\/\/saksavorst.ee\/lv\/produkts\/bbq-grila-lampas\/","og_site_name":"Saksavorst","article_publisher":"https:\/\/www.facebook.com\/Veikand","article_modified_time":"2025-07-17T07:47:12+00:00","og_image":[{"width":800,"height":800,"url":"https:\/\/saksavorst.ee\/wp-content\/uploads\/2025\/07\/bbq-grillilambid-1.png","type":"image\/png"}],"twitter_card":"summary_large_image","twitter_misc":{"Est. reading time":"1 minute"},"schema":{"@context":"https:\/\/schema.org","@graph":[{"@type":"WebPage","@id":"https:\/\/saksavorst.ee\/lv\/produkts\/bbq-grila-lampas\/","url":"https:\/\/saksavorst.ee\/lv\/produkts\/bbq-grila-lampas\/","name":"BBQ grila lampas - Saksavorst","isPartOf":{"@id":"https:\/\/saksavorst.ee\/lv\/#website"},"primaryImageOfPage":{"@id":"https:\/\/saksavorst.ee\/lv\/produkts\/bbq-grila-lampas\/#primaryimage"},"image":{"@id":"https:\/\/saksavorst.ee\/lv\/produkts\/bbq-grila-lampas\/#primaryimage"},"thumbnailUrl":"https:\/\/saksavorst.ee\/wp-content\/uploads\/2025\/07\/bbq-grillilambid-1.png","datePublished":"2025-07-17T07:13:31+00:00","dateModified":"2025-07-17T07:47:12+00:00","breadcrumb":{"@id":"https:\/\/saksavorst.ee\/lv\/produkts\/bbq-grila-lampas\/#breadcrumb"},"inLanguage":"lv-LV","potentialAction":[{"@type":"ReadAction","target":["https:\/\/saksavorst.ee\/lv\/produkts\/bbq-grila-lampas\/"]}]},{"@type":"ImageObject","inLanguage":"lv-LV","@id":"https:\/\/saksavorst.ee\/lv\/produkts\/bbq-grila-lampas\/#primaryimage","url":"https:\/\/saksavorst.ee\/wp-content\/uploads\/2025\/07\/bbq-grillilambid-1.png","contentUrl":"https:\/\/saksavorst.ee\/wp-content\/uploads\/2025\/07\/bbq-grillilambid-1.png","width":800,"height":800},{"@type":"BreadcrumbList","@id":"https:\/\/saksavorst.ee\/lv\/produkts\/bbq-grila-lampas\/#breadcrumb","itemListElement":[{"@type":"ListItem","position":1,"name":"Home","item":"https:\/\/saksavorst.ee\/lv\/"},{"@type":"ListItem","position":2,"name":"Veikals","item":"https:\/\/saksavorst.ee\/lv\/veikals\/"},{"@type":"ListItem","position":3,"name":"BBQ grila lampas"}]},{"@type":"WebSite","@id":"https:\/\/saksavorst.ee\/lv\/#website","url":"https:\/\/saksavorst.ee\/lv\/","name":"Saksavorst","description":"Feel the taste of emotions","publisher":{"@id":"https:\/\/saksavorst.ee\/lv\/#organization"},"alternateName":"Veikand","potentialAction":[{"@type":"SearchAction","target":{"@type":"EntryPoint","urlTemplate":"https:\/\/saksavorst.ee\/lv\/?s={search_term_string}"},"query-input":{"@type":"PropertyValueSpecification","valueRequired":true,"valueName":"search_term_string"}}],"inLanguage":"lv-LV"},{"@type":"Organization","@id":"https:\/\/saksavorst.ee\/lv\/#organization","name":"Saksavorst","alternateName":"Veikand","url":"https:\/\/saksavorst.ee\/lv\/","logo":{"@type":"ImageObject","inLanguage":"lv-LV","@id":"https:\/\/saksavorst.ee\/lv\/#\/schema\/logo\/image\/","url":"https:\/\/saksavorst.ee\/wp-content\/uploads\/2023\/05\/veikand-logo.jpg","contentUrl":"https:\/\/saksavorst.ee\/wp-content\/uploads\/2023\/05\/veikand-logo.jpg","width":217,"height":217,"caption":"Saksavorst"},"image":{"@id":"https:\/\/saksavorst.ee\/lv\/#\/schema\/logo\/image\/"},"sameAs":["https:\/\/www.facebook.com\/Veikand"]}]}},"_links":{"self":[{"href":"https:\/\/saksavorst.ee\/lv\/wp-json\/wp\/v2\/product\/44014","targetHints":{"allow":["GET"]}}],"collection":[{"href":"https:\/\/saksavorst.ee\/lv\/wp-json\/wp\/v2\/product"}],"about":[{"href":"https:\/\/saksavorst.ee\/lv\/wp-json\/wp\/v2\/types\/product"}],"version-history":[{"count":1,"href":"https:\/\/saksavorst.ee\/lv\/wp-json\/wp\/v2\/product\/44014\/revisions"}],"predecessor-version":[{"id":44035,"href":"https:\/\/saksavorst.ee\/lv\/wp-json\/wp\/v2\/product\/44014\/revisions\/44035"}],"wp:featuredmedia":[{"embeddable":true,"href":"https:\/\/saksavorst.ee\/lv\/wp-json\/wp\/v2\/media\/44019"}],"wp:attachment":[{"href":"https:\/\/saksavorst.ee\/lv\/wp-json\/wp\/v2\/media?parent=44014"}],"wp:term":[{"taxonomy":"product_brand","embeddable":true,"href":"https:\/\/saksavorst.ee\/lv\/wp-json\/wp\/v2\/product_brand?post=44014"},{"taxonomy":"product_cat","embeddable":true,"href":"https:\/\/saksavorst.ee\/lv\/wp-json\/wp\/v2\/product_cat?post=44014"},{"taxonomy":"product_tag","embeddable":true,"href":"https:\/\/saksavorst.ee\/lv\/wp-json\/wp\/v2\/product_tag?post=44014"}],"curies":[{"name":"wp","href":"https:\/\/api.w.org\/{rel}","templated":true}]}}