{"id":42808,"date":"2025-04-28T11:27:33","date_gmt":"2025-04-28T09:27:33","guid":{"rendered":"https:\/\/saksavorst.ee\/?post_type=product&#038;p=42808"},"modified":"2026-04-01T12:06:25","modified_gmt":"2026-04-01T10:06:25","slug":"kultura-geo-17-lyo-2-d","status":"publish","type":"product","link":"https:\/\/saksavorst.ee\/lv\/produkts\/kultura-geo-17-lyo-2-d\/","title":{"rendered":"Kult\u016bra GEO 17 LYO 2 D SALE"},"content":{"rendered":"<p><strong>Sast\u0101v\u0101: <\/strong><em>Geotrichum candidum<\/em><\/p>\n<p><strong>Lieto\u0161ana: <\/strong>Ieteicam\u0101 deva:<\/p>\n<p>Kamamb\u0113rs 2 devas \/ 1000 l piena muc\u0101<\/p>\n<p>Br\u012b 2 devas \/ 1000 l piena muc\u0101<\/p>\n<p>Zilais siers ar baltu virsmu 1\u20132 devas \/ 1000 l piena muc\u0101<\/p>\n<p>Nor\u0101d\u012btais inokul\u0101cijas daudzums j\u0101uzskata par vadl\u012bnij\u0101m.<\/p>\n<p><strong>Lieto\u0161anas pam\u0101c\u012bba: <\/strong>Pirms atv\u0113r\u0161anas dezinfic\u0113jiet paci\u0146u ar atbilsto\u0161u dezinfekcijas l\u012bdzekli (ja nepiecie\u0161ams, nosusiniet ar pap\u012bra dvieli, lai nov\u0113rstu salip\u0161anu ap paci\u0146as atveri). P\u0113c paci\u0146as atv\u0113r\u0161anas pievienojiet kult\u016bru tie\u0161i pasteriz\u0113tajam mais\u012bjumam. Kratiet apm\u0113ram 30 min\u016btes ar mazu \u0101trumu.<\/p>\n<p><strong>Uzglab\u0101\u0161ana: <\/strong>12 m\u0113ne\u0161i no ra\u017eo\u0161anas datuma &lt;= -18\u00b0C. Liofiliz\u0113t\u0101s kult\u016bras uzglab\u0101\u0161ana istabas temperat\u016br\u0101 ne ilg\u0101k k\u0101 2 ned\u0113\u013cas neietekm\u0113 kult\u016bras aktivit\u0101ti un der\u012bguma termi\u0146u. P\u0113c pieg\u0101des kult\u016bra j\u0101uzglab\u0101 &lt;= -18\u00b0C temperat\u016br\u0101.<\/p>\n<p><strong>Izgatavots: <\/strong>Danisco France<\/p>\n<p>Halal un Kosher sertifik\u0101ts<\/p>\n","protected":false},"excerpt":{"rendered":"<p>Cena ar atlaidi produktiem sakar\u0101 ar der\u012bguma termi\u0146u, visi produkti ir sl\u0113gt\u0101 iepakojum\u0101 un nav atv\u0113rti!<\/p>\n<p>Kult\u016bra GEO 17 LYO 2 D ferment\u0113tu piena produktu \u2013 m\u012bksto sieru ra\u017eo\u0161anai \u2013 Kamamb\u0113rs, Br\u012b siers. Nogatavin\u0101\u0161anas\/nogatavin\u0101\u0161anas kult\u016bra, kas sast\u0101v no Geotrichum candidum. Geotrichum candidum \u013coti \u0101tri ies\u016bcas siera virsm\u0101 (vispirms) un siner\u0123iski iedarbojas uz Penicillium candidum implant\u0101ciju (ar raugu). Kult\u016bra ir liofiliz\u0113ts pulveris.<\/p>\n","protected":false},"featured_media":42813,"template":"","meta":{"_acf_changed":false},"product_brand":[],"product_cat":[326,327,351],"product_tag":[],"class_list":{"0":"post-42808","1":"product","2":"type-product","3":"status-publish","4":"has-post-thumbnail","6":"product_cat-skabais","7":"product_cat-siers","8":"product_cat-piedavajumi","10":"first","11":"instock","12":"sale","13":"taxable","14":"shipping-taxable","15":"purchasable","16":"product-type-simple"},"acf":[],"yoast_head":"<!-- This site is optimized with the Yoast SEO plugin v27.3 - https:\/\/yoast.com\/product\/yoast-seo-wordpress\/ -->\n<title>Kult\u016bra GEO 17 LYO 2 D SALE - Saksavorst<\/title>\n<meta name=\"robots\" content=\"index, follow, max-snippet:-1, max-image-preview:large, max-video-preview:-1\" \/>\n<link rel=\"canonical\" href=\"https:\/\/saksavorst.ee\/lv\/produkts\/kultura-geo-17-lyo-2-d\/\" \/>\n<meta property=\"og:locale\" content=\"lv_LV\" \/>\n<meta property=\"og:type\" content=\"article\" \/>\n<meta property=\"og:title\" content=\"Kult\u016bra GEO 17 LYO 2 D SALE - Saksavorst\" \/>\n<meta property=\"og:description\" content=\"Cena ar atlaidi produktiem sakar\u0101 ar der\u012bguma termi\u0146u, visi produkti ir sl\u0113gt\u0101 iepakojum\u0101 un nav atv\u0113rti!  Kult\u016bra GEO 17 LYO 2 D ferment\u0113tu piena produktu \u2013 m\u012bksto sieru ra\u017eo\u0161anai \u2013 Kamamb\u0113rs, Br\u012b siers. Nogatavin\u0101\u0161anas\/nogatavin\u0101\u0161anas kult\u016bra, kas sast\u0101v no Geotrichum candidum. Geotrichum candidum \u013coti \u0101tri ies\u016bcas siera virsm\u0101 (vispirms) un siner\u0123iski iedarbojas uz Penicillium candidum implant\u0101ciju (ar raugu). Kult\u016bra ir liofiliz\u0113ts pulveris.\" \/>\n<meta property=\"og:url\" content=\"https:\/\/saksavorst.ee\/lv\/produkts\/kultura-geo-17-lyo-2-d\/\" \/>\n<meta property=\"og:site_name\" content=\"Saksavorst\" \/>\n<meta property=\"article:publisher\" content=\"https:\/\/www.facebook.com\/Veikand\" \/>\n<meta property=\"article:modified_time\" content=\"2026-04-01T10:06:25+00:00\" \/>\n<meta property=\"og:image\" content=\"https:\/\/saksavorst.ee\/wp-content\/uploads\/2025\/04\/juuretis-geo-17-lyo-2-d.png\" \/>\n\t<meta property=\"og:image:width\" content=\"800\" \/>\n\t<meta property=\"og:image:height\" content=\"800\" \/>\n\t<meta property=\"og:image:type\" content=\"image\/png\" \/>\n<meta name=\"twitter:card\" content=\"summary_large_image\" \/>\n<meta name=\"twitter:label1\" content=\"Est. reading time\" \/>\n\t<meta name=\"twitter:data1\" content=\"1 minute\" \/>\n<script type=\"application\/ld+json\" class=\"yoast-schema-graph\">{\"@context\":\"https:\\\/\\\/schema.org\",\"@graph\":[{\"@type\":\"WebPage\",\"@id\":\"https:\\\/\\\/saksavorst.ee\\\/lv\\\/produkts\\\/kultura-geo-17-lyo-2-d\\\/\",\"url\":\"https:\\\/\\\/saksavorst.ee\\\/lv\\\/produkts\\\/kultura-geo-17-lyo-2-d\\\/\",\"name\":\"Kult\u016bra GEO 17 LYO 2 D SALE - Saksavorst\",\"isPartOf\":{\"@id\":\"https:\\\/\\\/saksavorst.ee\\\/lv\\\/#website\"},\"primaryImageOfPage\":{\"@id\":\"https:\\\/\\\/saksavorst.ee\\\/lv\\\/produkts\\\/kultura-geo-17-lyo-2-d\\\/#primaryimage\"},\"image\":{\"@id\":\"https:\\\/\\\/saksavorst.ee\\\/lv\\\/produkts\\\/kultura-geo-17-lyo-2-d\\\/#primaryimage\"},\"thumbnailUrl\":\"https:\\\/\\\/saksavorst.ee\\\/wp-content\\\/uploads\\\/2025\\\/04\\\/juuretis-geo-17-lyo-2-d.png\",\"datePublished\":\"2025-04-28T09:27:33+00:00\",\"dateModified\":\"2026-04-01T10:06:25+00:00\",\"breadcrumb\":{\"@id\":\"https:\\\/\\\/saksavorst.ee\\\/lv\\\/produkts\\\/kultura-geo-17-lyo-2-d\\\/#breadcrumb\"},\"inLanguage\":\"lv-LV\",\"potentialAction\":[{\"@type\":\"ReadAction\",\"target\":[\"https:\\\/\\\/saksavorst.ee\\\/lv\\\/produkts\\\/kultura-geo-17-lyo-2-d\\\/\"]}]},{\"@type\":\"ImageObject\",\"inLanguage\":\"lv-LV\",\"@id\":\"https:\\\/\\\/saksavorst.ee\\\/lv\\\/produkts\\\/kultura-geo-17-lyo-2-d\\\/#primaryimage\",\"url\":\"https:\\\/\\\/saksavorst.ee\\\/wp-content\\\/uploads\\\/2025\\\/04\\\/juuretis-geo-17-lyo-2-d.png\",\"contentUrl\":\"https:\\\/\\\/saksavorst.ee\\\/wp-content\\\/uploads\\\/2025\\\/04\\\/juuretis-geo-17-lyo-2-d.png\",\"width\":800,\"height\":800},{\"@type\":\"BreadcrumbList\",\"@id\":\"https:\\\/\\\/saksavorst.ee\\\/lv\\\/produkts\\\/kultura-geo-17-lyo-2-d\\\/#breadcrumb\",\"itemListElement\":[{\"@type\":\"ListItem\",\"position\":1,\"name\":\"Home\",\"item\":\"https:\\\/\\\/saksavorst.ee\\\/lv\\\/\"},{\"@type\":\"ListItem\",\"position\":2,\"name\":\"Veikals\",\"item\":\"https:\\\/\\\/saksavorst.ee\\\/lv\\\/veikals\\\/\"},{\"@type\":\"ListItem\",\"position\":3,\"name\":\"Kult\u016bra GEO 17 LYO 2 D SALE\"}]},{\"@type\":\"WebSite\",\"@id\":\"https:\\\/\\\/saksavorst.ee\\\/lv\\\/#website\",\"url\":\"https:\\\/\\\/saksavorst.ee\\\/lv\\\/\",\"name\":\"Saksavorst\",\"description\":\"Feel the taste of emotions\",\"publisher\":{\"@id\":\"https:\\\/\\\/saksavorst.ee\\\/lv\\\/#organization\"},\"alternateName\":\"Veikand\",\"potentialAction\":[{\"@type\":\"SearchAction\",\"target\":{\"@type\":\"EntryPoint\",\"urlTemplate\":\"https:\\\/\\\/saksavorst.ee\\\/lv\\\/?s={search_term_string}\"},\"query-input\":{\"@type\":\"PropertyValueSpecification\",\"valueRequired\":true,\"valueName\":\"search_term_string\"}}],\"inLanguage\":\"lv-LV\"},{\"@type\":\"Organization\",\"@id\":\"https:\\\/\\\/saksavorst.ee\\\/lv\\\/#organization\",\"name\":\"Saksavorst\",\"alternateName\":\"Veikand\",\"url\":\"https:\\\/\\\/saksavorst.ee\\\/lv\\\/\",\"logo\":{\"@type\":\"ImageObject\",\"inLanguage\":\"lv-LV\",\"@id\":\"https:\\\/\\\/saksavorst.ee\\\/lv\\\/#\\\/schema\\\/logo\\\/image\\\/\",\"url\":\"https:\\\/\\\/saksavorst.ee\\\/wp-content\\\/uploads\\\/2023\\\/05\\\/veikand-logo.jpg\",\"contentUrl\":\"https:\\\/\\\/saksavorst.ee\\\/wp-content\\\/uploads\\\/2023\\\/05\\\/veikand-logo.jpg\",\"width\":217,\"height\":217,\"caption\":\"Saksavorst\"},\"image\":{\"@id\":\"https:\\\/\\\/saksavorst.ee\\\/lv\\\/#\\\/schema\\\/logo\\\/image\\\/\"},\"sameAs\":[\"https:\\\/\\\/www.facebook.com\\\/Veikand\"]}]}<\/script>\n<!-- \/ Yoast SEO plugin. -->","yoast_head_json":{"title":"Kult\u016bra GEO 17 LYO 2 D SALE - Saksavorst","robots":{"index":"index","follow":"follow","max-snippet":"max-snippet:-1","max-image-preview":"max-image-preview:large","max-video-preview":"max-video-preview:-1"},"canonical":"https:\/\/saksavorst.ee\/lv\/produkts\/kultura-geo-17-lyo-2-d\/","og_locale":"lv_LV","og_type":"article","og_title":"Kult\u016bra GEO 17 LYO 2 D SALE - Saksavorst","og_description":"Cena ar atlaidi produktiem sakar\u0101 ar der\u012bguma termi\u0146u, visi produkti ir sl\u0113gt\u0101 iepakojum\u0101 un nav atv\u0113rti!  Kult\u016bra GEO 17 LYO 2 D ferment\u0113tu piena produktu \u2013 m\u012bksto sieru ra\u017eo\u0161anai \u2013 Kamamb\u0113rs, Br\u012b siers. Nogatavin\u0101\u0161anas\/nogatavin\u0101\u0161anas kult\u016bra, kas sast\u0101v no Geotrichum candidum. Geotrichum candidum \u013coti \u0101tri ies\u016bcas siera virsm\u0101 (vispirms) un siner\u0123iski iedarbojas uz Penicillium candidum implant\u0101ciju (ar raugu). Kult\u016bra ir liofiliz\u0113ts pulveris.","og_url":"https:\/\/saksavorst.ee\/lv\/produkts\/kultura-geo-17-lyo-2-d\/","og_site_name":"Saksavorst","article_publisher":"https:\/\/www.facebook.com\/Veikand","article_modified_time":"2026-04-01T10:06:25+00:00","og_image":[{"width":800,"height":800,"url":"https:\/\/saksavorst.ee\/wp-content\/uploads\/2025\/04\/juuretis-geo-17-lyo-2-d.png","type":"image\/png"}],"twitter_card":"summary_large_image","twitter_misc":{"Est. reading time":"1 minute"},"schema":{"@context":"https:\/\/schema.org","@graph":[{"@type":"WebPage","@id":"https:\/\/saksavorst.ee\/lv\/produkts\/kultura-geo-17-lyo-2-d\/","url":"https:\/\/saksavorst.ee\/lv\/produkts\/kultura-geo-17-lyo-2-d\/","name":"Kult\u016bra GEO 17 LYO 2 D SALE - Saksavorst","isPartOf":{"@id":"https:\/\/saksavorst.ee\/lv\/#website"},"primaryImageOfPage":{"@id":"https:\/\/saksavorst.ee\/lv\/produkts\/kultura-geo-17-lyo-2-d\/#primaryimage"},"image":{"@id":"https:\/\/saksavorst.ee\/lv\/produkts\/kultura-geo-17-lyo-2-d\/#primaryimage"},"thumbnailUrl":"https:\/\/saksavorst.ee\/wp-content\/uploads\/2025\/04\/juuretis-geo-17-lyo-2-d.png","datePublished":"2025-04-28T09:27:33+00:00","dateModified":"2026-04-01T10:06:25+00:00","breadcrumb":{"@id":"https:\/\/saksavorst.ee\/lv\/produkts\/kultura-geo-17-lyo-2-d\/#breadcrumb"},"inLanguage":"lv-LV","potentialAction":[{"@type":"ReadAction","target":["https:\/\/saksavorst.ee\/lv\/produkts\/kultura-geo-17-lyo-2-d\/"]}]},{"@type":"ImageObject","inLanguage":"lv-LV","@id":"https:\/\/saksavorst.ee\/lv\/produkts\/kultura-geo-17-lyo-2-d\/#primaryimage","url":"https:\/\/saksavorst.ee\/wp-content\/uploads\/2025\/04\/juuretis-geo-17-lyo-2-d.png","contentUrl":"https:\/\/saksavorst.ee\/wp-content\/uploads\/2025\/04\/juuretis-geo-17-lyo-2-d.png","width":800,"height":800},{"@type":"BreadcrumbList","@id":"https:\/\/saksavorst.ee\/lv\/produkts\/kultura-geo-17-lyo-2-d\/#breadcrumb","itemListElement":[{"@type":"ListItem","position":1,"name":"Home","item":"https:\/\/saksavorst.ee\/lv\/"},{"@type":"ListItem","position":2,"name":"Veikals","item":"https:\/\/saksavorst.ee\/lv\/veikals\/"},{"@type":"ListItem","position":3,"name":"Kult\u016bra GEO 17 LYO 2 D SALE"}]},{"@type":"WebSite","@id":"https:\/\/saksavorst.ee\/lv\/#website","url":"https:\/\/saksavorst.ee\/lv\/","name":"Saksavorst","description":"Feel the taste of emotions","publisher":{"@id":"https:\/\/saksavorst.ee\/lv\/#organization"},"alternateName":"Veikand","potentialAction":[{"@type":"SearchAction","target":{"@type":"EntryPoint","urlTemplate":"https:\/\/saksavorst.ee\/lv\/?s={search_term_string}"},"query-input":{"@type":"PropertyValueSpecification","valueRequired":true,"valueName":"search_term_string"}}],"inLanguage":"lv-LV"},{"@type":"Organization","@id":"https:\/\/saksavorst.ee\/lv\/#organization","name":"Saksavorst","alternateName":"Veikand","url":"https:\/\/saksavorst.ee\/lv\/","logo":{"@type":"ImageObject","inLanguage":"lv-LV","@id":"https:\/\/saksavorst.ee\/lv\/#\/schema\/logo\/image\/","url":"https:\/\/saksavorst.ee\/wp-content\/uploads\/2023\/05\/veikand-logo.jpg","contentUrl":"https:\/\/saksavorst.ee\/wp-content\/uploads\/2023\/05\/veikand-logo.jpg","width":217,"height":217,"caption":"Saksavorst"},"image":{"@id":"https:\/\/saksavorst.ee\/lv\/#\/schema\/logo\/image\/"},"sameAs":["https:\/\/www.facebook.com\/Veikand"]}]}},"_links":{"self":[{"href":"https:\/\/saksavorst.ee\/lv\/wp-json\/wp\/v2\/product\/42808","targetHints":{"allow":["GET"]}}],"collection":[{"href":"https:\/\/saksavorst.ee\/lv\/wp-json\/wp\/v2\/product"}],"about":[{"href":"https:\/\/saksavorst.ee\/lv\/wp-json\/wp\/v2\/types\/product"}],"version-history":[{"count":2,"href":"https:\/\/saksavorst.ee\/lv\/wp-json\/wp\/v2\/product\/42808\/revisions"}],"predecessor-version":[{"id":50148,"href":"https:\/\/saksavorst.ee\/lv\/wp-json\/wp\/v2\/product\/42808\/revisions\/50148"}],"wp:featuredmedia":[{"embeddable":true,"href":"https:\/\/saksavorst.ee\/lv\/wp-json\/wp\/v2\/media\/42813"}],"wp:attachment":[{"href":"https:\/\/saksavorst.ee\/lv\/wp-json\/wp\/v2\/media?parent=42808"}],"wp:term":[{"taxonomy":"product_brand","embeddable":true,"href":"https:\/\/saksavorst.ee\/lv\/wp-json\/wp\/v2\/product_brand?post=42808"},{"taxonomy":"product_cat","embeddable":true,"href":"https:\/\/saksavorst.ee\/lv\/wp-json\/wp\/v2\/product_cat?post=42808"},{"taxonomy":"product_tag","embeddable":true,"href":"https:\/\/saksavorst.ee\/lv\/wp-json\/wp\/v2\/product_tag?post=42808"}],"curies":[{"name":"wp","href":"https:\/\/api.w.org\/{rel}","templated":true}]}}