{"id":42743,"date":"2025-04-23T12:07:29","date_gmt":"2025-04-23T10:07:29","guid":{"rendered":"https:\/\/saksavorst.ee\/?post_type=product&#038;p=42743"},"modified":"2025-11-17T13:37:08","modified_gmt":"2025-11-17T11:37:08","slug":"kultura-probat-222-lyo-100-dcu","status":"publish","type":"product","link":"https:\/\/saksavorst.ee\/lv\/produkts\/kultura-probat-222-lyo-100-dcu\/","title":{"rendered":"Kult\u016bra PROBAT 222 LYO 100 DCU SALE"},"content":{"rendered":"<p><strong>Sast\u0101v\u0101: <\/strong><em>Lactococcus lactis <\/em>subsp. <em>lactis, Lactococcus lactis <\/em>subsp. <em>cremoris, Lactococcus lactis <\/em>subsp. <em>lactis biovar.diacetylactis, Leuconostoc mesenteroides <\/em>subsp<em>.cremoris<\/em><\/p>\n<p><strong>Lieto\u0161ana: <\/strong>Ieteicam\u0101 deva:<\/p>\n<p>Sk\u0101bais kr\u0113jums, r\u016bgu\u0161piens 10 \u2013 20 DCU \/ 100 l vat piens<\/p>\n<p>Svaigs siers, biezpiens 5 \u2013 20 DCU \/ 100 l vat piens<\/p>\n<p>Puscietais siers 15 \u2013 40 DCU \/ 100 l vat piens<\/p>\n<p>Sviests 20 \u2013 50 DCU \/ 100 l vat piens<\/p>\n<p>Nor\u0101d\u012btie inokul\u0101cijas daudzumi j\u0101uzskata par vadl\u012bnij\u0101m.<\/p>\n<p><strong>Lieto\u0161anas pam\u0101c\u012bba: <\/strong>Pirms atv\u0113r\u0161anas dezinfic\u0113jiet paci\u0146u ar atbilsto\u0161u dezinfekcijas l\u012bdzekli (ja nepiecie\u0161ams, nosusiniet ar pap\u012bra dvieli, lai nov\u0113rstu salip\u0161anu ap paci\u0146as atv\u0113r\u0161anu). Kad paci\u0146a ir atv\u0113rta, pievienojiet kult\u016bru tie\u0161i pasteriz\u0113tajam mais\u012bjumam. Maisiet apm. 30 min\u016btes zem\u0101 \u0101trum\u0101.<br \/>\nIeteicam\u0101 inkub\u0101cijas temperat\u016bra: 22 \u2026 30 \u00b0C.<\/p>\n<p><strong>Uzglab\u0101\u0161ana: <\/strong>12 m\u0113ne\u0161i no izgatavo\u0161anas datuma &lt;= -18\u00b0C. Liofiliz\u0113t\u0101s kult\u016bras uzglab\u0101\u0161ana istabas temperat\u016br\u0101 ne ilg\u0101k k\u0101 2 ned\u0113\u013cas, neietekm\u0113 kult\u016bras aktivit\u0101ti un glab\u0101\u0161anas laiku. P\u0113c pieg\u0101des kult\u016bru uzglab\u0101 &lt;= -18\u00b0C.<\/p>\n<p><strong>Izgatavots: <\/strong>Danisco Nieb\u00fcll, V\u0101cija<\/p>\n<p>Halal un Kosher sertifik\u0101ts<\/p>\n","protected":false},"excerpt":{"rendered":"<p>Cena ar atlaidi produktiem sakar\u0101 ar der\u012bguma termi\u0146u, visi produkti ir sl\u0113gt\u0101 iepakojum\u0101 un nav atv\u0113rti!<\/p>\n<p>Kult\u016bra PROBAT 222 LYO 100 DCU raudz\u0113to piena produktu ra\u017eo\u0161anai \u2013 r\u016bgu\u0161piens, sk\u0101bais kr\u0113jums, svaigais siers, biezpiens \u2013 nedefin\u0113ta, mezofila vair\u0101ku sugu DL piensk\u0101bes bakt\u0113riju kult\u016bra tie\u0161ai tvertn\u0113 piena, piena b\u0101zes un citu p\u0101rtikas produktu apstr\u0101dei. Kult\u016bra ir liofiliz\u0113ts pulveris.<\/p>\n","protected":false},"featured_media":42748,"template":"","meta":{"_acf_changed":false},"product_brand":[],"product_cat":[326,328,330,331,351],"product_tag":[],"class_list":{"0":"post-42743","1":"product","2":"type-product","3":"status-publish","4":"has-post-thumbnail","6":"product_cat-skabais","7":"product_cat-biezpiens","8":"product_cat-skabais-krejums","9":"product_cat-skabpiens","10":"product_cat-piedavajumi","12":"first","13":"instock","14":"sale","15":"taxable","16":"shipping-taxable","17":"purchasable","18":"product-type-simple"},"acf":[],"yoast_head":"<!-- This site is optimized with the Yoast SEO plugin v27.3 - https:\/\/yoast.com\/product\/yoast-seo-wordpress\/ -->\n<title>Kult\u016bra PROBAT 222 LYO 100 DCU SALE - Saksavorst<\/title>\n<meta name=\"robots\" content=\"index, follow, max-snippet:-1, max-image-preview:large, max-video-preview:-1\" \/>\n<link rel=\"canonical\" href=\"https:\/\/saksavorst.ee\/lv\/produkts\/kultura-probat-222-lyo-100-dcu\/\" \/>\n<meta property=\"og:locale\" content=\"lv_LV\" \/>\n<meta property=\"og:type\" content=\"article\" \/>\n<meta property=\"og:title\" content=\"Kult\u016bra PROBAT 222 LYO 100 DCU SALE - Saksavorst\" \/>\n<meta property=\"og:description\" content=\"Cena ar atlaidi produktiem sakar\u0101 ar der\u012bguma termi\u0146u, visi produkti ir sl\u0113gt\u0101 iepakojum\u0101 un nav atv\u0113rti!  Kult\u016bra PROBAT 222 LYO 100 DCU raudz\u0113to piena produktu ra\u017eo\u0161anai \u2013 r\u016bgu\u0161piens, sk\u0101bais kr\u0113jums, svaigais siers, biezpiens \u2013 nedefin\u0113ta, mezofila vair\u0101ku sugu DL piensk\u0101bes bakt\u0113riju kult\u016bra tie\u0161ai tvertn\u0113 piena, piena b\u0101zes un citu p\u0101rtikas produktu apstr\u0101dei. Kult\u016bra ir liofiliz\u0113ts pulveris.\" \/>\n<meta property=\"og:url\" content=\"https:\/\/saksavorst.ee\/lv\/produkts\/kultura-probat-222-lyo-100-dcu\/\" \/>\n<meta property=\"og:site_name\" content=\"Saksavorst\" \/>\n<meta property=\"article:publisher\" content=\"https:\/\/www.facebook.com\/Veikand\" \/>\n<meta property=\"article:modified_time\" content=\"2025-11-17T11:37:08+00:00\" \/>\n<meta property=\"og:image\" content=\"https:\/\/saksavorst.ee\/wp-content\/uploads\/2025\/04\/juuretis-probat-222-lyo-100-dcu.png\" \/>\n\t<meta property=\"og:image:width\" content=\"800\" \/>\n\t<meta property=\"og:image:height\" content=\"800\" \/>\n\t<meta property=\"og:image:type\" content=\"image\/png\" \/>\n<meta name=\"twitter:card\" content=\"summary_large_image\" \/>\n<meta name=\"twitter:label1\" content=\"Est. reading time\" \/>\n\t<meta name=\"twitter:data1\" content=\"1 minute\" \/>\n<script type=\"application\/ld+json\" class=\"yoast-schema-graph\">{\"@context\":\"https:\\\/\\\/schema.org\",\"@graph\":[{\"@type\":\"WebPage\",\"@id\":\"https:\\\/\\\/saksavorst.ee\\\/lv\\\/produkts\\\/kultura-probat-222-lyo-100-dcu\\\/\",\"url\":\"https:\\\/\\\/saksavorst.ee\\\/lv\\\/produkts\\\/kultura-probat-222-lyo-100-dcu\\\/\",\"name\":\"Kult\u016bra PROBAT 222 LYO 100 DCU SALE - Saksavorst\",\"isPartOf\":{\"@id\":\"https:\\\/\\\/saksavorst.ee\\\/lv\\\/#website\"},\"primaryImageOfPage\":{\"@id\":\"https:\\\/\\\/saksavorst.ee\\\/lv\\\/produkts\\\/kultura-probat-222-lyo-100-dcu\\\/#primaryimage\"},\"image\":{\"@id\":\"https:\\\/\\\/saksavorst.ee\\\/lv\\\/produkts\\\/kultura-probat-222-lyo-100-dcu\\\/#primaryimage\"},\"thumbnailUrl\":\"https:\\\/\\\/saksavorst.ee\\\/wp-content\\\/uploads\\\/2025\\\/04\\\/juuretis-probat-222-lyo-100-dcu.png\",\"datePublished\":\"2025-04-23T10:07:29+00:00\",\"dateModified\":\"2025-11-17T11:37:08+00:00\",\"breadcrumb\":{\"@id\":\"https:\\\/\\\/saksavorst.ee\\\/lv\\\/produkts\\\/kultura-probat-222-lyo-100-dcu\\\/#breadcrumb\"},\"inLanguage\":\"lv-LV\",\"potentialAction\":[{\"@type\":\"ReadAction\",\"target\":[\"https:\\\/\\\/saksavorst.ee\\\/lv\\\/produkts\\\/kultura-probat-222-lyo-100-dcu\\\/\"]}]},{\"@type\":\"ImageObject\",\"inLanguage\":\"lv-LV\",\"@id\":\"https:\\\/\\\/saksavorst.ee\\\/lv\\\/produkts\\\/kultura-probat-222-lyo-100-dcu\\\/#primaryimage\",\"url\":\"https:\\\/\\\/saksavorst.ee\\\/wp-content\\\/uploads\\\/2025\\\/04\\\/juuretis-probat-222-lyo-100-dcu.png\",\"contentUrl\":\"https:\\\/\\\/saksavorst.ee\\\/wp-content\\\/uploads\\\/2025\\\/04\\\/juuretis-probat-222-lyo-100-dcu.png\",\"width\":800,\"height\":800},{\"@type\":\"BreadcrumbList\",\"@id\":\"https:\\\/\\\/saksavorst.ee\\\/lv\\\/produkts\\\/kultura-probat-222-lyo-100-dcu\\\/#breadcrumb\",\"itemListElement\":[{\"@type\":\"ListItem\",\"position\":1,\"name\":\"Home\",\"item\":\"https:\\\/\\\/saksavorst.ee\\\/lv\\\/\"},{\"@type\":\"ListItem\",\"position\":2,\"name\":\"Veikals\",\"item\":\"https:\\\/\\\/saksavorst.ee\\\/lv\\\/veikals\\\/\"},{\"@type\":\"ListItem\",\"position\":3,\"name\":\"Kult\u016bra PROBAT 222 LYO 100 DCU SALE\"}]},{\"@type\":\"WebSite\",\"@id\":\"https:\\\/\\\/saksavorst.ee\\\/lv\\\/#website\",\"url\":\"https:\\\/\\\/saksavorst.ee\\\/lv\\\/\",\"name\":\"Saksavorst\",\"description\":\"Feel the taste of emotions\",\"publisher\":{\"@id\":\"https:\\\/\\\/saksavorst.ee\\\/lv\\\/#organization\"},\"alternateName\":\"Veikand\",\"potentialAction\":[{\"@type\":\"SearchAction\",\"target\":{\"@type\":\"EntryPoint\",\"urlTemplate\":\"https:\\\/\\\/saksavorst.ee\\\/lv\\\/?s={search_term_string}\"},\"query-input\":{\"@type\":\"PropertyValueSpecification\",\"valueRequired\":true,\"valueName\":\"search_term_string\"}}],\"inLanguage\":\"lv-LV\"},{\"@type\":\"Organization\",\"@id\":\"https:\\\/\\\/saksavorst.ee\\\/lv\\\/#organization\",\"name\":\"Saksavorst\",\"alternateName\":\"Veikand\",\"url\":\"https:\\\/\\\/saksavorst.ee\\\/lv\\\/\",\"logo\":{\"@type\":\"ImageObject\",\"inLanguage\":\"lv-LV\",\"@id\":\"https:\\\/\\\/saksavorst.ee\\\/lv\\\/#\\\/schema\\\/logo\\\/image\\\/\",\"url\":\"https:\\\/\\\/saksavorst.ee\\\/wp-content\\\/uploads\\\/2023\\\/05\\\/veikand-logo.jpg\",\"contentUrl\":\"https:\\\/\\\/saksavorst.ee\\\/wp-content\\\/uploads\\\/2023\\\/05\\\/veikand-logo.jpg\",\"width\":217,\"height\":217,\"caption\":\"Saksavorst\"},\"image\":{\"@id\":\"https:\\\/\\\/saksavorst.ee\\\/lv\\\/#\\\/schema\\\/logo\\\/image\\\/\"},\"sameAs\":[\"https:\\\/\\\/www.facebook.com\\\/Veikand\"]}]}<\/script>\n<!-- \/ Yoast SEO plugin. -->","yoast_head_json":{"title":"Kult\u016bra PROBAT 222 LYO 100 DCU SALE - Saksavorst","robots":{"index":"index","follow":"follow","max-snippet":"max-snippet:-1","max-image-preview":"max-image-preview:large","max-video-preview":"max-video-preview:-1"},"canonical":"https:\/\/saksavorst.ee\/lv\/produkts\/kultura-probat-222-lyo-100-dcu\/","og_locale":"lv_LV","og_type":"article","og_title":"Kult\u016bra PROBAT 222 LYO 100 DCU SALE - Saksavorst","og_description":"Cena ar atlaidi produktiem sakar\u0101 ar der\u012bguma termi\u0146u, visi produkti ir sl\u0113gt\u0101 iepakojum\u0101 un nav atv\u0113rti!  Kult\u016bra PROBAT 222 LYO 100 DCU raudz\u0113to piena produktu ra\u017eo\u0161anai \u2013 r\u016bgu\u0161piens, sk\u0101bais kr\u0113jums, svaigais siers, biezpiens \u2013 nedefin\u0113ta, mezofila vair\u0101ku sugu DL piensk\u0101bes bakt\u0113riju kult\u016bra tie\u0161ai tvertn\u0113 piena, piena b\u0101zes un citu p\u0101rtikas produktu apstr\u0101dei. Kult\u016bra ir liofiliz\u0113ts pulveris.","og_url":"https:\/\/saksavorst.ee\/lv\/produkts\/kultura-probat-222-lyo-100-dcu\/","og_site_name":"Saksavorst","article_publisher":"https:\/\/www.facebook.com\/Veikand","article_modified_time":"2025-11-17T11:37:08+00:00","og_image":[{"width":800,"height":800,"url":"https:\/\/saksavorst.ee\/wp-content\/uploads\/2025\/04\/juuretis-probat-222-lyo-100-dcu.png","type":"image\/png"}],"twitter_card":"summary_large_image","twitter_misc":{"Est. reading time":"1 minute"},"schema":{"@context":"https:\/\/schema.org","@graph":[{"@type":"WebPage","@id":"https:\/\/saksavorst.ee\/lv\/produkts\/kultura-probat-222-lyo-100-dcu\/","url":"https:\/\/saksavorst.ee\/lv\/produkts\/kultura-probat-222-lyo-100-dcu\/","name":"Kult\u016bra PROBAT 222 LYO 100 DCU SALE - Saksavorst","isPartOf":{"@id":"https:\/\/saksavorst.ee\/lv\/#website"},"primaryImageOfPage":{"@id":"https:\/\/saksavorst.ee\/lv\/produkts\/kultura-probat-222-lyo-100-dcu\/#primaryimage"},"image":{"@id":"https:\/\/saksavorst.ee\/lv\/produkts\/kultura-probat-222-lyo-100-dcu\/#primaryimage"},"thumbnailUrl":"https:\/\/saksavorst.ee\/wp-content\/uploads\/2025\/04\/juuretis-probat-222-lyo-100-dcu.png","datePublished":"2025-04-23T10:07:29+00:00","dateModified":"2025-11-17T11:37:08+00:00","breadcrumb":{"@id":"https:\/\/saksavorst.ee\/lv\/produkts\/kultura-probat-222-lyo-100-dcu\/#breadcrumb"},"inLanguage":"lv-LV","potentialAction":[{"@type":"ReadAction","target":["https:\/\/saksavorst.ee\/lv\/produkts\/kultura-probat-222-lyo-100-dcu\/"]}]},{"@type":"ImageObject","inLanguage":"lv-LV","@id":"https:\/\/saksavorst.ee\/lv\/produkts\/kultura-probat-222-lyo-100-dcu\/#primaryimage","url":"https:\/\/saksavorst.ee\/wp-content\/uploads\/2025\/04\/juuretis-probat-222-lyo-100-dcu.png","contentUrl":"https:\/\/saksavorst.ee\/wp-content\/uploads\/2025\/04\/juuretis-probat-222-lyo-100-dcu.png","width":800,"height":800},{"@type":"BreadcrumbList","@id":"https:\/\/saksavorst.ee\/lv\/produkts\/kultura-probat-222-lyo-100-dcu\/#breadcrumb","itemListElement":[{"@type":"ListItem","position":1,"name":"Home","item":"https:\/\/saksavorst.ee\/lv\/"},{"@type":"ListItem","position":2,"name":"Veikals","item":"https:\/\/saksavorst.ee\/lv\/veikals\/"},{"@type":"ListItem","position":3,"name":"Kult\u016bra PROBAT 222 LYO 100 DCU SALE"}]},{"@type":"WebSite","@id":"https:\/\/saksavorst.ee\/lv\/#website","url":"https:\/\/saksavorst.ee\/lv\/","name":"Saksavorst","description":"Feel the taste of emotions","publisher":{"@id":"https:\/\/saksavorst.ee\/lv\/#organization"},"alternateName":"Veikand","potentialAction":[{"@type":"SearchAction","target":{"@type":"EntryPoint","urlTemplate":"https:\/\/saksavorst.ee\/lv\/?s={search_term_string}"},"query-input":{"@type":"PropertyValueSpecification","valueRequired":true,"valueName":"search_term_string"}}],"inLanguage":"lv-LV"},{"@type":"Organization","@id":"https:\/\/saksavorst.ee\/lv\/#organization","name":"Saksavorst","alternateName":"Veikand","url":"https:\/\/saksavorst.ee\/lv\/","logo":{"@type":"ImageObject","inLanguage":"lv-LV","@id":"https:\/\/saksavorst.ee\/lv\/#\/schema\/logo\/image\/","url":"https:\/\/saksavorst.ee\/wp-content\/uploads\/2023\/05\/veikand-logo.jpg","contentUrl":"https:\/\/saksavorst.ee\/wp-content\/uploads\/2023\/05\/veikand-logo.jpg","width":217,"height":217,"caption":"Saksavorst"},"image":{"@id":"https:\/\/saksavorst.ee\/lv\/#\/schema\/logo\/image\/"},"sameAs":["https:\/\/www.facebook.com\/Veikand"]}]}},"_links":{"self":[{"href":"https:\/\/saksavorst.ee\/lv\/wp-json\/wp\/v2\/product\/42743","targetHints":{"allow":["GET"]}}],"collection":[{"href":"https:\/\/saksavorst.ee\/lv\/wp-json\/wp\/v2\/product"}],"about":[{"href":"https:\/\/saksavorst.ee\/lv\/wp-json\/wp\/v2\/types\/product"}],"version-history":[{"count":2,"href":"https:\/\/saksavorst.ee\/lv\/wp-json\/wp\/v2\/product\/42743\/revisions"}],"predecessor-version":[{"id":47585,"href":"https:\/\/saksavorst.ee\/lv\/wp-json\/wp\/v2\/product\/42743\/revisions\/47585"}],"wp:featuredmedia":[{"embeddable":true,"href":"https:\/\/saksavorst.ee\/lv\/wp-json\/wp\/v2\/media\/42748"}],"wp:attachment":[{"href":"https:\/\/saksavorst.ee\/lv\/wp-json\/wp\/v2\/media?parent=42743"}],"wp:term":[{"taxonomy":"product_brand","embeddable":true,"href":"https:\/\/saksavorst.ee\/lv\/wp-json\/wp\/v2\/product_brand?post=42743"},{"taxonomy":"product_cat","embeddable":true,"href":"https:\/\/saksavorst.ee\/lv\/wp-json\/wp\/v2\/product_cat?post=42743"},{"taxonomy":"product_tag","embeddable":true,"href":"https:\/\/saksavorst.ee\/lv\/wp-json\/wp\/v2\/product_tag?post=42743"}],"curies":[{"name":"wp","href":"https:\/\/api.w.org\/{rel}","templated":true}]}}