{"id":42718,"date":"2025-04-22T13:21:50","date_gmt":"2025-04-22T11:21:50","guid":{"rendered":"https:\/\/saksavorst.ee\/?post_type=product&#038;p=42718"},"modified":"2025-07-01T14:57:39","modified_gmt":"2025-07-01T12:57:39","slug":"liofilizeta-kultura-choozit-alp-lyo-100-dcu","status":"publish","type":"product","link":"https:\/\/saksavorst.ee\/lv\/produkts\/liofilizeta-kultura-choozit-alp-lyo-100-dcu\/","title":{"rendered":"Liofiliz\u0113t\u0101 kult\u016bra CHOOZIT ALP LYO 100 DCU"},"content":{"rendered":"<p><strong>Sast\u0101v\u0101: <\/strong><em>Lactococcus lactis <\/em>subsp. <em>lactis, Lactococcus lactis <\/em>subsp. <em>cremoris, Streptococccus termophilus, Lactobacillus helveticus, lactobacillus lactis<\/em><\/p>\n<p>Kult\u016bra ir \u012bpa\u0161i atlas\u012bta noteikta vair\u0101ku sugu liofiliz\u0113ta kult\u016bra, pulveris tie\u0161ai tvertn\u0113 inokul\u0101cijai.<\/p>\n<p><strong>Lieto\u0161ana:<\/strong><\/p>\n<p>Puscietais siers: 10 &#8211; 15 DCU \/ 100 l piena<br \/>\nCietais siers: 7 \u2013 10 DCU \/ 100 l piena<\/p>\n<p>*atkar\u012bb\u0101 no tehnolo\u0123ijas (ferment\u0101cijas temperat\u016bra, inokul\u0101cijas daudzums)<br \/>\nNor\u0101d\u012btie inokul\u0101cijas daudzumi j\u0101uzskata par vadl\u012bnij\u0101m. Papildu kult\u016bras var b\u016bt nepiecie\u0161amas atkar\u012bb\u0101 no tehnolo\u0123ijas, tauku satura un v\u0113lamaj\u0101m produkta \u012bpa\u0161\u012bb\u0101m. M\u0113s neuz\u0146emamies nek\u0101du atbild\u012bbu nepamatotas pieteikuma gad\u012bjum\u0101.<\/p>\n<p><strong>Lieto\u0161anas pam\u0101c\u012bba: <\/strong>Pirms atv\u0113r\u0161anas dezinfic\u0113jiet paci\u0146u ar atbilsto\u0161u dezinfekcijas l\u012bdzekli (nosusiniet ar pap\u012bra dvieli, tas ir nepiecie\u0161ams, lai nov\u0113rstu salip\u0161anu ap paci\u0146as atv\u0113r\u0161anu). Kad paci\u0146a ir atv\u0113rta, pasteriz\u0113tajam pienam pievienojiet kult\u016bru tie\u0161i ar pask\u0101bin\u0101\u0161anas kult\u016bru. Maisiet apm. 5\u202610 min\u016btes ar mazu \u0101trumu.<\/p>\n<p><strong>Uzglab\u0101\u0161ana: <\/strong>Liofiliz\u0113t\u0101s kult\u016bras tur\u0113\u0161ana apk\u0101rt\u0113j\u0101s vides temperat\u016br\u0101 ne ilg\u0101k k\u0101 2 ned\u0113\u013cas neietekm\u0113 der\u012bguma termi\u0146u. P\u0113c pieg\u0101des kult\u016bru 18 m\u0113ne\u0161us no ra\u017eo\u0161anas datuma uzglab\u0101 -18\u00b0C.<\/p>\n<p><strong>Ra\u017eots: <\/strong>DuPont Danisco Nieb\u00fcll, V\u0101cija<\/p>\n<p>Halal un Kosher sertifik\u0101ts<\/p>\n","protected":false},"excerpt":{"rendered":"<p>Koncentr\u0113ta, liofiliz\u0113ta kult\u016bra CHOOZIT ALP LYO 100 DCU pusciet\u0101 un ciet\u0101 siera ra\u017eo\u0161anai.<\/p>\n","protected":false},"featured_media":42723,"template":"","meta":{"_acf_changed":false},"product_brand":[],"product_cat":[326,327],"product_tag":[],"class_list":{"0":"post-42718","1":"product","2":"type-product","3":"status-publish","4":"has-post-thumbnail","6":"product_cat-skabais","7":"product_cat-siers","9":"first","10":"instock","11":"taxable","12":"shipping-taxable","13":"purchasable","14":"product-type-simple"},"acf":[],"yoast_head":"<!-- This site is optimized with the Yoast SEO plugin v27.3 - https:\/\/yoast.com\/product\/yoast-seo-wordpress\/ -->\n<title>Liofiliz\u0113t\u0101 kult\u016bra CHOOZIT ALP LYO 100 DCU - Saksavorst<\/title>\n<meta name=\"robots\" content=\"index, follow, max-snippet:-1, max-image-preview:large, max-video-preview:-1\" \/>\n<link rel=\"canonical\" href=\"https:\/\/saksavorst.ee\/lv\/produkts\/liofilizeta-kultura-choozit-alp-lyo-100-dcu\/\" \/>\n<meta property=\"og:locale\" content=\"lv_LV\" \/>\n<meta property=\"og:type\" content=\"article\" \/>\n<meta property=\"og:title\" content=\"Liofiliz\u0113t\u0101 kult\u016bra CHOOZIT ALP LYO 100 DCU - Saksavorst\" \/>\n<meta property=\"og:description\" content=\"Koncentr\u0113ta, liofiliz\u0113ta kult\u016bra CHOOZIT ALP LYO 100 DCU pusciet\u0101 un ciet\u0101 siera ra\u017eo\u0161anai.\" \/>\n<meta property=\"og:url\" content=\"https:\/\/saksavorst.ee\/lv\/produkts\/liofilizeta-kultura-choozit-alp-lyo-100-dcu\/\" \/>\n<meta property=\"og:site_name\" content=\"Saksavorst\" \/>\n<meta property=\"article:publisher\" content=\"https:\/\/www.facebook.com\/Veikand\" \/>\n<meta property=\"article:modified_time\" content=\"2025-07-01T12:57:39+00:00\" \/>\n<meta property=\"og:image\" content=\"https:\/\/saksavorst.ee\/wp-content\/uploads\/2025\/04\/juuretis-choozit-alp-lyo-100-dcu.png\" \/>\n\t<meta property=\"og:image:width\" content=\"800\" \/>\n\t<meta property=\"og:image:height\" content=\"800\" \/>\n\t<meta property=\"og:image:type\" content=\"image\/png\" \/>\n<meta name=\"twitter:card\" content=\"summary_large_image\" \/>\n<meta name=\"twitter:label1\" content=\"Est. reading time\" \/>\n\t<meta name=\"twitter:data1\" content=\"2 minutes\" \/>\n<script type=\"application\/ld+json\" class=\"yoast-schema-graph\">{\"@context\":\"https:\\\/\\\/schema.org\",\"@graph\":[{\"@type\":\"WebPage\",\"@id\":\"https:\\\/\\\/saksavorst.ee\\\/lv\\\/produkts\\\/liofilizeta-kultura-choozit-alp-lyo-100-dcu\\\/\",\"url\":\"https:\\\/\\\/saksavorst.ee\\\/lv\\\/produkts\\\/liofilizeta-kultura-choozit-alp-lyo-100-dcu\\\/\",\"name\":\"Liofiliz\u0113t\u0101 kult\u016bra CHOOZIT ALP LYO 100 DCU - Saksavorst\",\"isPartOf\":{\"@id\":\"https:\\\/\\\/saksavorst.ee\\\/lv\\\/#website\"},\"primaryImageOfPage\":{\"@id\":\"https:\\\/\\\/saksavorst.ee\\\/lv\\\/produkts\\\/liofilizeta-kultura-choozit-alp-lyo-100-dcu\\\/#primaryimage\"},\"image\":{\"@id\":\"https:\\\/\\\/saksavorst.ee\\\/lv\\\/produkts\\\/liofilizeta-kultura-choozit-alp-lyo-100-dcu\\\/#primaryimage\"},\"thumbnailUrl\":\"https:\\\/\\\/saksavorst.ee\\\/wp-content\\\/uploads\\\/2025\\\/04\\\/juuretis-choozit-alp-lyo-100-dcu.png\",\"datePublished\":\"2025-04-22T11:21:50+00:00\",\"dateModified\":\"2025-07-01T12:57:39+00:00\",\"breadcrumb\":{\"@id\":\"https:\\\/\\\/saksavorst.ee\\\/lv\\\/produkts\\\/liofilizeta-kultura-choozit-alp-lyo-100-dcu\\\/#breadcrumb\"},\"inLanguage\":\"lv-LV\",\"potentialAction\":[{\"@type\":\"ReadAction\",\"target\":[\"https:\\\/\\\/saksavorst.ee\\\/lv\\\/produkts\\\/liofilizeta-kultura-choozit-alp-lyo-100-dcu\\\/\"]}]},{\"@type\":\"ImageObject\",\"inLanguage\":\"lv-LV\",\"@id\":\"https:\\\/\\\/saksavorst.ee\\\/lv\\\/produkts\\\/liofilizeta-kultura-choozit-alp-lyo-100-dcu\\\/#primaryimage\",\"url\":\"https:\\\/\\\/saksavorst.ee\\\/wp-content\\\/uploads\\\/2025\\\/04\\\/juuretis-choozit-alp-lyo-100-dcu.png\",\"contentUrl\":\"https:\\\/\\\/saksavorst.ee\\\/wp-content\\\/uploads\\\/2025\\\/04\\\/juuretis-choozit-alp-lyo-100-dcu.png\",\"width\":800,\"height\":800},{\"@type\":\"BreadcrumbList\",\"@id\":\"https:\\\/\\\/saksavorst.ee\\\/lv\\\/produkts\\\/liofilizeta-kultura-choozit-alp-lyo-100-dcu\\\/#breadcrumb\",\"itemListElement\":[{\"@type\":\"ListItem\",\"position\":1,\"name\":\"Home\",\"item\":\"https:\\\/\\\/saksavorst.ee\\\/lv\\\/\"},{\"@type\":\"ListItem\",\"position\":2,\"name\":\"Veikals\",\"item\":\"https:\\\/\\\/saksavorst.ee\\\/lv\\\/veikals\\\/\"},{\"@type\":\"ListItem\",\"position\":3,\"name\":\"Liofiliz\u0113t\u0101 kult\u016bra CHOOZIT ALP LYO 100 DCU\"}]},{\"@type\":\"WebSite\",\"@id\":\"https:\\\/\\\/saksavorst.ee\\\/lv\\\/#website\",\"url\":\"https:\\\/\\\/saksavorst.ee\\\/lv\\\/\",\"name\":\"Saksavorst\",\"description\":\"Feel the taste of emotions\",\"publisher\":{\"@id\":\"https:\\\/\\\/saksavorst.ee\\\/lv\\\/#organization\"},\"alternateName\":\"Veikand\",\"potentialAction\":[{\"@type\":\"SearchAction\",\"target\":{\"@type\":\"EntryPoint\",\"urlTemplate\":\"https:\\\/\\\/saksavorst.ee\\\/lv\\\/?s={search_term_string}\"},\"query-input\":{\"@type\":\"PropertyValueSpecification\",\"valueRequired\":true,\"valueName\":\"search_term_string\"}}],\"inLanguage\":\"lv-LV\"},{\"@type\":\"Organization\",\"@id\":\"https:\\\/\\\/saksavorst.ee\\\/lv\\\/#organization\",\"name\":\"Saksavorst\",\"alternateName\":\"Veikand\",\"url\":\"https:\\\/\\\/saksavorst.ee\\\/lv\\\/\",\"logo\":{\"@type\":\"ImageObject\",\"inLanguage\":\"lv-LV\",\"@id\":\"https:\\\/\\\/saksavorst.ee\\\/lv\\\/#\\\/schema\\\/logo\\\/image\\\/\",\"url\":\"https:\\\/\\\/saksavorst.ee\\\/wp-content\\\/uploads\\\/2023\\\/05\\\/veikand-logo.jpg\",\"contentUrl\":\"https:\\\/\\\/saksavorst.ee\\\/wp-content\\\/uploads\\\/2023\\\/05\\\/veikand-logo.jpg\",\"width\":217,\"height\":217,\"caption\":\"Saksavorst\"},\"image\":{\"@id\":\"https:\\\/\\\/saksavorst.ee\\\/lv\\\/#\\\/schema\\\/logo\\\/image\\\/\"},\"sameAs\":[\"https:\\\/\\\/www.facebook.com\\\/Veikand\"]}]}<\/script>\n<!-- \/ Yoast SEO plugin. -->","yoast_head_json":{"title":"Liofiliz\u0113t\u0101 kult\u016bra CHOOZIT ALP LYO 100 DCU - Saksavorst","robots":{"index":"index","follow":"follow","max-snippet":"max-snippet:-1","max-image-preview":"max-image-preview:large","max-video-preview":"max-video-preview:-1"},"canonical":"https:\/\/saksavorst.ee\/lv\/produkts\/liofilizeta-kultura-choozit-alp-lyo-100-dcu\/","og_locale":"lv_LV","og_type":"article","og_title":"Liofiliz\u0113t\u0101 kult\u016bra CHOOZIT ALP LYO 100 DCU - Saksavorst","og_description":"Koncentr\u0113ta, liofiliz\u0113ta kult\u016bra CHOOZIT ALP LYO 100 DCU pusciet\u0101 un ciet\u0101 siera ra\u017eo\u0161anai.","og_url":"https:\/\/saksavorst.ee\/lv\/produkts\/liofilizeta-kultura-choozit-alp-lyo-100-dcu\/","og_site_name":"Saksavorst","article_publisher":"https:\/\/www.facebook.com\/Veikand","article_modified_time":"2025-07-01T12:57:39+00:00","og_image":[{"width":800,"height":800,"url":"https:\/\/saksavorst.ee\/wp-content\/uploads\/2025\/04\/juuretis-choozit-alp-lyo-100-dcu.png","type":"image\/png"}],"twitter_card":"summary_large_image","twitter_misc":{"Est. reading time":"2 minutes"},"schema":{"@context":"https:\/\/schema.org","@graph":[{"@type":"WebPage","@id":"https:\/\/saksavorst.ee\/lv\/produkts\/liofilizeta-kultura-choozit-alp-lyo-100-dcu\/","url":"https:\/\/saksavorst.ee\/lv\/produkts\/liofilizeta-kultura-choozit-alp-lyo-100-dcu\/","name":"Liofiliz\u0113t\u0101 kult\u016bra CHOOZIT ALP LYO 100 DCU - Saksavorst","isPartOf":{"@id":"https:\/\/saksavorst.ee\/lv\/#website"},"primaryImageOfPage":{"@id":"https:\/\/saksavorst.ee\/lv\/produkts\/liofilizeta-kultura-choozit-alp-lyo-100-dcu\/#primaryimage"},"image":{"@id":"https:\/\/saksavorst.ee\/lv\/produkts\/liofilizeta-kultura-choozit-alp-lyo-100-dcu\/#primaryimage"},"thumbnailUrl":"https:\/\/saksavorst.ee\/wp-content\/uploads\/2025\/04\/juuretis-choozit-alp-lyo-100-dcu.png","datePublished":"2025-04-22T11:21:50+00:00","dateModified":"2025-07-01T12:57:39+00:00","breadcrumb":{"@id":"https:\/\/saksavorst.ee\/lv\/produkts\/liofilizeta-kultura-choozit-alp-lyo-100-dcu\/#breadcrumb"},"inLanguage":"lv-LV","potentialAction":[{"@type":"ReadAction","target":["https:\/\/saksavorst.ee\/lv\/produkts\/liofilizeta-kultura-choozit-alp-lyo-100-dcu\/"]}]},{"@type":"ImageObject","inLanguage":"lv-LV","@id":"https:\/\/saksavorst.ee\/lv\/produkts\/liofilizeta-kultura-choozit-alp-lyo-100-dcu\/#primaryimage","url":"https:\/\/saksavorst.ee\/wp-content\/uploads\/2025\/04\/juuretis-choozit-alp-lyo-100-dcu.png","contentUrl":"https:\/\/saksavorst.ee\/wp-content\/uploads\/2025\/04\/juuretis-choozit-alp-lyo-100-dcu.png","width":800,"height":800},{"@type":"BreadcrumbList","@id":"https:\/\/saksavorst.ee\/lv\/produkts\/liofilizeta-kultura-choozit-alp-lyo-100-dcu\/#breadcrumb","itemListElement":[{"@type":"ListItem","position":1,"name":"Home","item":"https:\/\/saksavorst.ee\/lv\/"},{"@type":"ListItem","position":2,"name":"Veikals","item":"https:\/\/saksavorst.ee\/lv\/veikals\/"},{"@type":"ListItem","position":3,"name":"Liofiliz\u0113t\u0101 kult\u016bra CHOOZIT ALP LYO 100 DCU"}]},{"@type":"WebSite","@id":"https:\/\/saksavorst.ee\/lv\/#website","url":"https:\/\/saksavorst.ee\/lv\/","name":"Saksavorst","description":"Feel the taste of emotions","publisher":{"@id":"https:\/\/saksavorst.ee\/lv\/#organization"},"alternateName":"Veikand","potentialAction":[{"@type":"SearchAction","target":{"@type":"EntryPoint","urlTemplate":"https:\/\/saksavorst.ee\/lv\/?s={search_term_string}"},"query-input":{"@type":"PropertyValueSpecification","valueRequired":true,"valueName":"search_term_string"}}],"inLanguage":"lv-LV"},{"@type":"Organization","@id":"https:\/\/saksavorst.ee\/lv\/#organization","name":"Saksavorst","alternateName":"Veikand","url":"https:\/\/saksavorst.ee\/lv\/","logo":{"@type":"ImageObject","inLanguage":"lv-LV","@id":"https:\/\/saksavorst.ee\/lv\/#\/schema\/logo\/image\/","url":"https:\/\/saksavorst.ee\/wp-content\/uploads\/2023\/05\/veikand-logo.jpg","contentUrl":"https:\/\/saksavorst.ee\/wp-content\/uploads\/2023\/05\/veikand-logo.jpg","width":217,"height":217,"caption":"Saksavorst"},"image":{"@id":"https:\/\/saksavorst.ee\/lv\/#\/schema\/logo\/image\/"},"sameAs":["https:\/\/www.facebook.com\/Veikand"]}]}},"_links":{"self":[{"href":"https:\/\/saksavorst.ee\/lv\/wp-json\/wp\/v2\/product\/42718","targetHints":{"allow":["GET"]}}],"collection":[{"href":"https:\/\/saksavorst.ee\/lv\/wp-json\/wp\/v2\/product"}],"about":[{"href":"https:\/\/saksavorst.ee\/lv\/wp-json\/wp\/v2\/types\/product"}],"version-history":[{"count":2,"href":"https:\/\/saksavorst.ee\/lv\/wp-json\/wp\/v2\/product\/42718\/revisions"}],"predecessor-version":[{"id":43559,"href":"https:\/\/saksavorst.ee\/lv\/wp-json\/wp\/v2\/product\/42718\/revisions\/43559"}],"wp:featuredmedia":[{"embeddable":true,"href":"https:\/\/saksavorst.ee\/lv\/wp-json\/wp\/v2\/media\/42723"}],"wp:attachment":[{"href":"https:\/\/saksavorst.ee\/lv\/wp-json\/wp\/v2\/media?parent=42718"}],"wp:term":[{"taxonomy":"product_brand","embeddable":true,"href":"https:\/\/saksavorst.ee\/lv\/wp-json\/wp\/v2\/product_brand?post=42718"},{"taxonomy":"product_cat","embeddable":true,"href":"https:\/\/saksavorst.ee\/lv\/wp-json\/wp\/v2\/product_cat?post=42718"},{"taxonomy":"product_tag","embeddable":true,"href":"https:\/\/saksavorst.ee\/lv\/wp-json\/wp\/v2\/product_tag?post=42718"}],"curies":[{"name":"wp","href":"https:\/\/api.w.org\/{rel}","templated":true}]}}