{"id":41581,"date":"2025-02-18T15:19:43","date_gmt":"2025-02-18T12:19:43","guid":{"rendered":"https:\/\/saksavorst.ee\/?post_type=product&#038;p=41581"},"modified":"2025-11-24T14:43:12","modified_gmt":"2025-11-24T12:43:12","slug":"verivorstide-valmistamise-koolitus-10-11-2026","status":"publish","type":"product","link":"https:\/\/saksavorst.ee\/lv\/produkts\/verivorstide-valmistamise-koolitus-10-11-2026\/","title":{"rendered":"Verivorstide valmistamise koolitus 10.11.2026"},"content":{"rendered":"<p>P\u00e4evakava on j\u00e4rgmine:<\/p>\n<table width=\"478\">\n<tbody>\n<tr>\n<td width=\"118\">09.10 \u2013 09.20<\/td>\n<td width=\"290\">Kogunemine, hommikukohv<\/td>\n<\/tr>\n<tr>\n<td width=\"118\">09.20<\/td>\n<td width=\"290\">Ohutustehnikaalane instrueerimine<\/td>\n<\/tr>\n<tr>\n<td width=\"118\">09.40<\/td>\n<td width=\"290\">Retseptuuri koostamine<\/td>\n<\/tr>\n<tr>\n<td width=\"118\">10.00<\/td>\n<td width=\"290\">Praktilised t\u00f6\u00f6d laboris<\/td>\n<\/tr>\n<tr>\n<td width=\"118\"><\/td>\n<td width=\"290\">Liha peenestamine<\/td>\n<\/tr>\n<tr>\n<td width=\"118\"><\/td>\n<td width=\"290\">Kruubi keetmine<\/td>\n<\/tr>\n<tr>\n<td width=\"118\"><\/td>\n<td width=\"290\">Maitseainete kaalumine vastavalt retseptuurile<\/td>\n<\/tr>\n<tr>\n<td width=\"118\"><\/td>\n<td width=\"290\">Verivorstimassi kokku segamine<\/td>\n<\/tr>\n<tr>\n<td width=\"118\"><\/td>\n<td width=\"290\">Vorstimassi pritsimine ja keerutamine<\/td>\n<\/tr>\n<tr>\n<td width=\"118\">12.00 \u2013 13.30<\/td>\n<td width=\"290\">Toodete termiline t\u00f6\u00f6tlemine ja degusteerimine<\/td>\n<\/tr>\n<tr>\n<td width=\"118\">13.30 \u2013 14.00<\/td>\n<td width=\"290\">Kohvipaus<\/td>\n<\/tr>\n<tr>\n<td width=\"118\">14.00 \u2013 15.30<\/td>\n<td width=\"290\">Veretoodete ja ahjupraadide valmistamise teooria, teoreetilised k\u00fcsimused, vastused (seadmed, kestad, maitseained)<\/td>\n<\/tr>\n<tr>\n<td width=\"118\">15.30 \u2013 16.00<\/td>\n<td width=\"290\">Degusteerimine. (Orienteeruv l\u00f5puaeg kujuneb vastavalt praktilise t\u00f6\u00f6 pikkusele!)<\/td>\n<\/tr>\n<\/tbody>\n<\/table>\n","protected":false},"excerpt":{"rendered":"<p>Koolituse viivad l\u00e4bi tehnoloogid Liina Raja ja Virgo Loide. Koolitus toimub eesti keeles.<\/p>\n","protected":false},"featured_media":47672,"template":"","meta":{"_acf_changed":false},"product_brand":[],"product_cat":[110,170],"product_tag":[],"class_list":{"0":"post-41581","1":"product","2":"type-product","3":"status-publish","4":"has-post-thumbnail","6":"product_cat-pakkumised","7":"product_cat-koolitused","9":"first","10":"instock","11":"virtual","12":"taxable","13":"purchasable","14":"product-type-simple"},"acf":[],"yoast_head":"<!-- This site is optimized with the Yoast SEO plugin v27.3 - https:\/\/yoast.com\/product\/yoast-seo-wordpress\/ -->\n<title>Verivorstide valmistamise koolitus 10.11.2026 - Saksavorst<\/title>\n<meta name=\"robots\" content=\"index, follow, max-snippet:-1, max-image-preview:large, max-video-preview:-1\" \/>\n<link rel=\"canonical\" href=\"https:\/\/saksavorst.ee\/lv\/produkts\/verivorstide-valmistamise-koolitus-10-11-2026\/\" \/>\n<meta property=\"og:locale\" content=\"lv_LV\" \/>\n<meta property=\"og:type\" content=\"article\" \/>\n<meta property=\"og:title\" content=\"Verivorstide valmistamise koolitus 10.11.2026 - Saksavorst\" \/>\n<meta property=\"og:description\" content=\"Koolituse viivad l\u00e4bi tehnoloogid Liina Raja ja Virgo Loide. Koolitus toimub eesti keeles.\" \/>\n<meta property=\"og:url\" content=\"https:\/\/saksavorst.ee\/lv\/produkts\/verivorstide-valmistamise-koolitus-10-11-2026\/\" \/>\n<meta property=\"og:site_name\" content=\"Saksavorst\" \/>\n<meta property=\"article:publisher\" content=\"https:\/\/www.facebook.com\/Veikand\" \/>\n<meta property=\"article:modified_time\" content=\"2025-11-24T12:43:12+00:00\" \/>\n<meta property=\"og:image\" content=\"https:\/\/saksavorst.ee\/wp-content\/uploads\/2025\/02\/verivorstide-valmistamise-koolitus-10.11.2026.png\" \/>\n\t<meta property=\"og:image:width\" content=\"1640\" \/>\n\t<meta property=\"og:image:height\" content=\"924\" \/>\n\t<meta property=\"og:image:type\" content=\"image\/png\" \/>\n<meta name=\"twitter:card\" content=\"summary_large_image\" \/>\n<meta name=\"twitter:label1\" content=\"Est. reading time\" \/>\n\t<meta name=\"twitter:data1\" content=\"1 minute\" \/>\n<script type=\"application\/ld+json\" class=\"yoast-schema-graph\">{\"@context\":\"https:\\\/\\\/schema.org\",\"@graph\":[{\"@type\":\"WebPage\",\"@id\":\"https:\\\/\\\/saksavorst.ee\\\/lv\\\/produkts\\\/verivorstide-valmistamise-koolitus-10-11-2026\\\/\",\"url\":\"https:\\\/\\\/saksavorst.ee\\\/lv\\\/produkts\\\/verivorstide-valmistamise-koolitus-10-11-2026\\\/\",\"name\":\"Verivorstide valmistamise koolitus 10.11.2026 - Saksavorst\",\"isPartOf\":{\"@id\":\"https:\\\/\\\/saksavorst.ee\\\/lv\\\/#website\"},\"primaryImageOfPage\":{\"@id\":\"https:\\\/\\\/saksavorst.ee\\\/lv\\\/produkts\\\/verivorstide-valmistamise-koolitus-10-11-2026\\\/#primaryimage\"},\"image\":{\"@id\":\"https:\\\/\\\/saksavorst.ee\\\/lv\\\/produkts\\\/verivorstide-valmistamise-koolitus-10-11-2026\\\/#primaryimage\"},\"thumbnailUrl\":\"https:\\\/\\\/saksavorst.ee\\\/wp-content\\\/uploads\\\/2025\\\/02\\\/verivorstide-valmistamise-koolitus-10.11.2026.png\",\"datePublished\":\"2025-02-18T12:19:43+00:00\",\"dateModified\":\"2025-11-24T12:43:12+00:00\",\"breadcrumb\":{\"@id\":\"https:\\\/\\\/saksavorst.ee\\\/lv\\\/produkts\\\/verivorstide-valmistamise-koolitus-10-11-2026\\\/#breadcrumb\"},\"inLanguage\":\"lv-LV\",\"potentialAction\":[{\"@type\":\"ReadAction\",\"target\":[\"https:\\\/\\\/saksavorst.ee\\\/lv\\\/produkts\\\/verivorstide-valmistamise-koolitus-10-11-2026\\\/\"]}]},{\"@type\":\"ImageObject\",\"inLanguage\":\"lv-LV\",\"@id\":\"https:\\\/\\\/saksavorst.ee\\\/lv\\\/produkts\\\/verivorstide-valmistamise-koolitus-10-11-2026\\\/#primaryimage\",\"url\":\"https:\\\/\\\/saksavorst.ee\\\/wp-content\\\/uploads\\\/2025\\\/02\\\/verivorstide-valmistamise-koolitus-10.11.2026.png\",\"contentUrl\":\"https:\\\/\\\/saksavorst.ee\\\/wp-content\\\/uploads\\\/2025\\\/02\\\/verivorstide-valmistamise-koolitus-10.11.2026.png\",\"width\":1640,\"height\":924},{\"@type\":\"BreadcrumbList\",\"@id\":\"https:\\\/\\\/saksavorst.ee\\\/lv\\\/produkts\\\/verivorstide-valmistamise-koolitus-10-11-2026\\\/#breadcrumb\",\"itemListElement\":[{\"@type\":\"ListItem\",\"position\":1,\"name\":\"Home\",\"item\":\"https:\\\/\\\/saksavorst.ee\\\/lv\\\/\"},{\"@type\":\"ListItem\",\"position\":2,\"name\":\"Veikals\",\"item\":\"https:\\\/\\\/saksavorst.ee\\\/lv\\\/veikals\\\/\"},{\"@type\":\"ListItem\",\"position\":3,\"name\":\"Verivorstide valmistamise koolitus 10.11.2026\"}]},{\"@type\":\"WebSite\",\"@id\":\"https:\\\/\\\/saksavorst.ee\\\/lv\\\/#website\",\"url\":\"https:\\\/\\\/saksavorst.ee\\\/lv\\\/\",\"name\":\"Saksavorst\",\"description\":\"Feel the taste of emotions\",\"publisher\":{\"@id\":\"https:\\\/\\\/saksavorst.ee\\\/lv\\\/#organization\"},\"alternateName\":\"Veikand\",\"potentialAction\":[{\"@type\":\"SearchAction\",\"target\":{\"@type\":\"EntryPoint\",\"urlTemplate\":\"https:\\\/\\\/saksavorst.ee\\\/lv\\\/?s={search_term_string}\"},\"query-input\":{\"@type\":\"PropertyValueSpecification\",\"valueRequired\":true,\"valueName\":\"search_term_string\"}}],\"inLanguage\":\"lv-LV\"},{\"@type\":\"Organization\",\"@id\":\"https:\\\/\\\/saksavorst.ee\\\/lv\\\/#organization\",\"name\":\"Saksavorst\",\"alternateName\":\"Veikand\",\"url\":\"https:\\\/\\\/saksavorst.ee\\\/lv\\\/\",\"logo\":{\"@type\":\"ImageObject\",\"inLanguage\":\"lv-LV\",\"@id\":\"https:\\\/\\\/saksavorst.ee\\\/lv\\\/#\\\/schema\\\/logo\\\/image\\\/\",\"url\":\"https:\\\/\\\/saksavorst.ee\\\/wp-content\\\/uploads\\\/2023\\\/05\\\/veikand-logo.jpg\",\"contentUrl\":\"https:\\\/\\\/saksavorst.ee\\\/wp-content\\\/uploads\\\/2023\\\/05\\\/veikand-logo.jpg\",\"width\":217,\"height\":217,\"caption\":\"Saksavorst\"},\"image\":{\"@id\":\"https:\\\/\\\/saksavorst.ee\\\/lv\\\/#\\\/schema\\\/logo\\\/image\\\/\"},\"sameAs\":[\"https:\\\/\\\/www.facebook.com\\\/Veikand\"]}]}<\/script>\n<!-- \/ Yoast SEO plugin. -->","yoast_head_json":{"title":"Verivorstide valmistamise koolitus 10.11.2026 - Saksavorst","robots":{"index":"index","follow":"follow","max-snippet":"max-snippet:-1","max-image-preview":"max-image-preview:large","max-video-preview":"max-video-preview:-1"},"canonical":"https:\/\/saksavorst.ee\/lv\/produkts\/verivorstide-valmistamise-koolitus-10-11-2026\/","og_locale":"lv_LV","og_type":"article","og_title":"Verivorstide valmistamise koolitus 10.11.2026 - Saksavorst","og_description":"Koolituse viivad l\u00e4bi tehnoloogid Liina Raja ja Virgo Loide. Koolitus toimub eesti keeles.","og_url":"https:\/\/saksavorst.ee\/lv\/produkts\/verivorstide-valmistamise-koolitus-10-11-2026\/","og_site_name":"Saksavorst","article_publisher":"https:\/\/www.facebook.com\/Veikand","article_modified_time":"2025-11-24T12:43:12+00:00","og_image":[{"width":1640,"height":924,"url":"https:\/\/saksavorst.ee\/wp-content\/uploads\/2025\/02\/verivorstide-valmistamise-koolitus-10.11.2026.png","type":"image\/png"}],"twitter_card":"summary_large_image","twitter_misc":{"Est. reading time":"1 minute"},"schema":{"@context":"https:\/\/schema.org","@graph":[{"@type":"WebPage","@id":"https:\/\/saksavorst.ee\/lv\/produkts\/verivorstide-valmistamise-koolitus-10-11-2026\/","url":"https:\/\/saksavorst.ee\/lv\/produkts\/verivorstide-valmistamise-koolitus-10-11-2026\/","name":"Verivorstide valmistamise koolitus 10.11.2026 - Saksavorst","isPartOf":{"@id":"https:\/\/saksavorst.ee\/lv\/#website"},"primaryImageOfPage":{"@id":"https:\/\/saksavorst.ee\/lv\/produkts\/verivorstide-valmistamise-koolitus-10-11-2026\/#primaryimage"},"image":{"@id":"https:\/\/saksavorst.ee\/lv\/produkts\/verivorstide-valmistamise-koolitus-10-11-2026\/#primaryimage"},"thumbnailUrl":"https:\/\/saksavorst.ee\/wp-content\/uploads\/2025\/02\/verivorstide-valmistamise-koolitus-10.11.2026.png","datePublished":"2025-02-18T12:19:43+00:00","dateModified":"2025-11-24T12:43:12+00:00","breadcrumb":{"@id":"https:\/\/saksavorst.ee\/lv\/produkts\/verivorstide-valmistamise-koolitus-10-11-2026\/#breadcrumb"},"inLanguage":"lv-LV","potentialAction":[{"@type":"ReadAction","target":["https:\/\/saksavorst.ee\/lv\/produkts\/verivorstide-valmistamise-koolitus-10-11-2026\/"]}]},{"@type":"ImageObject","inLanguage":"lv-LV","@id":"https:\/\/saksavorst.ee\/lv\/produkts\/verivorstide-valmistamise-koolitus-10-11-2026\/#primaryimage","url":"https:\/\/saksavorst.ee\/wp-content\/uploads\/2025\/02\/verivorstide-valmistamise-koolitus-10.11.2026.png","contentUrl":"https:\/\/saksavorst.ee\/wp-content\/uploads\/2025\/02\/verivorstide-valmistamise-koolitus-10.11.2026.png","width":1640,"height":924},{"@type":"BreadcrumbList","@id":"https:\/\/saksavorst.ee\/lv\/produkts\/verivorstide-valmistamise-koolitus-10-11-2026\/#breadcrumb","itemListElement":[{"@type":"ListItem","position":1,"name":"Home","item":"https:\/\/saksavorst.ee\/lv\/"},{"@type":"ListItem","position":2,"name":"Veikals","item":"https:\/\/saksavorst.ee\/lv\/veikals\/"},{"@type":"ListItem","position":3,"name":"Verivorstide valmistamise koolitus 10.11.2026"}]},{"@type":"WebSite","@id":"https:\/\/saksavorst.ee\/lv\/#website","url":"https:\/\/saksavorst.ee\/lv\/","name":"Saksavorst","description":"Feel the taste of emotions","publisher":{"@id":"https:\/\/saksavorst.ee\/lv\/#organization"},"alternateName":"Veikand","potentialAction":[{"@type":"SearchAction","target":{"@type":"EntryPoint","urlTemplate":"https:\/\/saksavorst.ee\/lv\/?s={search_term_string}"},"query-input":{"@type":"PropertyValueSpecification","valueRequired":true,"valueName":"search_term_string"}}],"inLanguage":"lv-LV"},{"@type":"Organization","@id":"https:\/\/saksavorst.ee\/lv\/#organization","name":"Saksavorst","alternateName":"Veikand","url":"https:\/\/saksavorst.ee\/lv\/","logo":{"@type":"ImageObject","inLanguage":"lv-LV","@id":"https:\/\/saksavorst.ee\/lv\/#\/schema\/logo\/image\/","url":"https:\/\/saksavorst.ee\/wp-content\/uploads\/2023\/05\/veikand-logo.jpg","contentUrl":"https:\/\/saksavorst.ee\/wp-content\/uploads\/2023\/05\/veikand-logo.jpg","width":217,"height":217,"caption":"Saksavorst"},"image":{"@id":"https:\/\/saksavorst.ee\/lv\/#\/schema\/logo\/image\/"},"sameAs":["https:\/\/www.facebook.com\/Veikand"]}]}},"_links":{"self":[{"href":"https:\/\/saksavorst.ee\/lv\/wp-json\/wp\/v2\/product\/41581","targetHints":{"allow":["GET"]}}],"collection":[{"href":"https:\/\/saksavorst.ee\/lv\/wp-json\/wp\/v2\/product"}],"about":[{"href":"https:\/\/saksavorst.ee\/lv\/wp-json\/wp\/v2\/types\/product"}],"version-history":[{"count":5,"href":"https:\/\/saksavorst.ee\/lv\/wp-json\/wp\/v2\/product\/41581\/revisions"}],"predecessor-version":[{"id":47754,"href":"https:\/\/saksavorst.ee\/lv\/wp-json\/wp\/v2\/product\/41581\/revisions\/47754"}],"wp:featuredmedia":[{"embeddable":true,"href":"https:\/\/saksavorst.ee\/lv\/wp-json\/wp\/v2\/media\/47672"}],"wp:attachment":[{"href":"https:\/\/saksavorst.ee\/lv\/wp-json\/wp\/v2\/media?parent=41581"}],"wp:term":[{"taxonomy":"product_brand","embeddable":true,"href":"https:\/\/saksavorst.ee\/lv\/wp-json\/wp\/v2\/product_brand?post=41581"},{"taxonomy":"product_cat","embeddable":true,"href":"https:\/\/saksavorst.ee\/lv\/wp-json\/wp\/v2\/product_cat?post=41581"},{"taxonomy":"product_tag","embeddable":true,"href":"https:\/\/saksavorst.ee\/lv\/wp-json\/wp\/v2\/product_tag?post=41581"}],"curies":[{"name":"wp","href":"https:\/\/api.w.org\/{rel}","templated":true}]}}