{"id":40571,"date":"2024-12-20T15:22:02","date_gmt":"2024-12-20T12:22:02","guid":{"rendered":"https:\/\/saksavorst.ee\/?post_type=product&#038;p=40571"},"modified":"2025-12-05T14:06:52","modified_gmt":"2025-12-05T12:06:52","slug":"bezvadu-bluetooth-termometrs-fm206","status":"publish","type":"product","link":"https:\/\/saksavorst.ee\/lv\/produkts\/bezvadu-bluetooth-termometrs-fm206\/","title":{"rendered":"Bezvadu Bluetooth termometrs FM206 SALE"},"content":{"rendered":"<ul>\n<li>Att\u0101l\u0101s uzraudz\u012bbas bezvadu viedais ga\u013cas termometrs 4 zondes ar Smart APP<\/li>\n<li>Temperat\u016bras diapazons: 0\u00baC ~ 100\u00baC<\/li>\n<li>Temperat\u016bras mai\u0146a \u00b0F &amp; \u00baC<\/li>\n<li>Bezvadu diapazons \u0101r\u0101: l\u012bdz 60 metriem<\/li>\n<li>Augst\u0101k\u0101s un zem\u0101k\u0101s temperat\u016bras trauksme<\/li>\n<li>Laika atskaites trauksme<\/li>\n<li>Gatav\u012bbas l\u012bme\u0146u iestat\u012bjums: Rare, Medium Rare, Medium, Medium Well, Well Done<\/li>\n<\/ul>\n","protected":false},"excerpt":{"rendered":"<p>Bezvadu ga\u013cas termometrs pal\u012bdz jums gatavot daudz profesion\u0101l\u0101k, no t\u0101lru\u0146a lietotnes j\u016bs varat re\u0101llaik\u0101 uzraudz\u012bt \u0113dienu vai cepe\u0161kr\u0101sns temperat\u016bru pat 70 metru att\u0101lum\u0101. Iestatiet \u0113diena veidu un v\u0113lamo gatav\u012bbu, p\u0113c tam izbaudiet atliku\u0161o filmas da\u013cu, t\u0101lrunis j\u016bs br\u012bdin\u0101s, kad \u0113diens b\u016bs gatavs.<\/p>\n","protected":false},"featured_media":40575,"template":"","meta":{"_acf_changed":false},"product_brand":[],"product_cat":[333,334,336,351],"product_tag":[],"class_list":{"0":"post-40571","1":"product","2":"type-product","3":"status-publish","4":"has-post-thumbnail","6":"product_cat-aprikojums","7":"product_cat-visi-produkti","8":"product_cat-grili-krasnis","9":"product_cat-piedavajumi","11":"first","12":"instock","13":"sale","14":"taxable","15":"shipping-taxable","16":"purchasable","17":"product-type-simple"},"acf":[],"yoast_head":"<!-- This site is optimized with the Yoast SEO plugin v27.3 - https:\/\/yoast.com\/product\/yoast-seo-wordpress\/ -->\n<title>Bezvadu Bluetooth termometrs FM206 SALE - Saksavorst<\/title>\n<meta name=\"robots\" content=\"index, follow, max-snippet:-1, max-image-preview:large, max-video-preview:-1\" \/>\n<link rel=\"canonical\" href=\"https:\/\/saksavorst.ee\/lv\/produkts\/bezvadu-bluetooth-termometrs-fm206\/\" \/>\n<meta property=\"og:locale\" content=\"lv_LV\" \/>\n<meta property=\"og:type\" content=\"article\" \/>\n<meta property=\"og:title\" content=\"Bezvadu Bluetooth termometrs FM206 SALE - Saksavorst\" \/>\n<meta property=\"og:description\" content=\"Bezvadu ga\u013cas termometrs pal\u012bdz jums gatavot daudz profesion\u0101l\u0101k, no t\u0101lru\u0146a lietotnes j\u016bs varat re\u0101llaik\u0101 uzraudz\u012bt \u0113dienu vai cepe\u0161kr\u0101sns temperat\u016bru pat 70 metru att\u0101lum\u0101. Iestatiet \u0113diena veidu un v\u0113lamo gatav\u012bbu, p\u0113c tam izbaudiet atliku\u0161o filmas da\u013cu, t\u0101lrunis j\u016bs br\u012bdin\u0101s, kad \u0113diens b\u016bs gatavs.\" \/>\n<meta property=\"og:url\" content=\"https:\/\/saksavorst.ee\/lv\/produkts\/bezvadu-bluetooth-termometrs-fm206\/\" \/>\n<meta property=\"og:site_name\" content=\"Saksavorst\" \/>\n<meta property=\"article:publisher\" content=\"https:\/\/www.facebook.com\/Veikand\" \/>\n<meta property=\"article:modified_time\" content=\"2025-12-05T12:06:52+00:00\" \/>\n<meta property=\"og:image\" content=\"https:\/\/saksavorst.ee\/wp-content\/uploads\/2024\/12\/juhtmevaba-bluetooth-termomeeter-fm206-1.png\" \/>\n\t<meta property=\"og:image:width\" content=\"800\" \/>\n\t<meta property=\"og:image:height\" content=\"800\" \/>\n\t<meta property=\"og:image:type\" content=\"image\/png\" \/>\n<meta name=\"twitter:card\" content=\"summary_large_image\" \/>\n<meta name=\"twitter:label1\" content=\"Est. reading time\" \/>\n\t<meta name=\"twitter:data1\" content=\"1 minute\" \/>\n<script type=\"application\/ld+json\" class=\"yoast-schema-graph\">{\"@context\":\"https:\\\/\\\/schema.org\",\"@graph\":[{\"@type\":\"WebPage\",\"@id\":\"https:\\\/\\\/saksavorst.ee\\\/lv\\\/produkts\\\/bezvadu-bluetooth-termometrs-fm206\\\/\",\"url\":\"https:\\\/\\\/saksavorst.ee\\\/lv\\\/produkts\\\/bezvadu-bluetooth-termometrs-fm206\\\/\",\"name\":\"Bezvadu Bluetooth termometrs FM206 SALE - Saksavorst\",\"isPartOf\":{\"@id\":\"https:\\\/\\\/saksavorst.ee\\\/lv\\\/#website\"},\"primaryImageOfPage\":{\"@id\":\"https:\\\/\\\/saksavorst.ee\\\/lv\\\/produkts\\\/bezvadu-bluetooth-termometrs-fm206\\\/#primaryimage\"},\"image\":{\"@id\":\"https:\\\/\\\/saksavorst.ee\\\/lv\\\/produkts\\\/bezvadu-bluetooth-termometrs-fm206\\\/#primaryimage\"},\"thumbnailUrl\":\"https:\\\/\\\/saksavorst.ee\\\/wp-content\\\/uploads\\\/2024\\\/12\\\/juhtmevaba-bluetooth-termomeeter-fm206-1.png\",\"datePublished\":\"2024-12-20T12:22:02+00:00\",\"dateModified\":\"2025-12-05T12:06:52+00:00\",\"breadcrumb\":{\"@id\":\"https:\\\/\\\/saksavorst.ee\\\/lv\\\/produkts\\\/bezvadu-bluetooth-termometrs-fm206\\\/#breadcrumb\"},\"inLanguage\":\"lv-LV\",\"potentialAction\":[{\"@type\":\"ReadAction\",\"target\":[\"https:\\\/\\\/saksavorst.ee\\\/lv\\\/produkts\\\/bezvadu-bluetooth-termometrs-fm206\\\/\"]}]},{\"@type\":\"ImageObject\",\"inLanguage\":\"lv-LV\",\"@id\":\"https:\\\/\\\/saksavorst.ee\\\/lv\\\/produkts\\\/bezvadu-bluetooth-termometrs-fm206\\\/#primaryimage\",\"url\":\"https:\\\/\\\/saksavorst.ee\\\/wp-content\\\/uploads\\\/2024\\\/12\\\/juhtmevaba-bluetooth-termomeeter-fm206-1.png\",\"contentUrl\":\"https:\\\/\\\/saksavorst.ee\\\/wp-content\\\/uploads\\\/2024\\\/12\\\/juhtmevaba-bluetooth-termomeeter-fm206-1.png\",\"width\":800,\"height\":800},{\"@type\":\"BreadcrumbList\",\"@id\":\"https:\\\/\\\/saksavorst.ee\\\/lv\\\/produkts\\\/bezvadu-bluetooth-termometrs-fm206\\\/#breadcrumb\",\"itemListElement\":[{\"@type\":\"ListItem\",\"position\":1,\"name\":\"Home\",\"item\":\"https:\\\/\\\/saksavorst.ee\\\/lv\\\/\"},{\"@type\":\"ListItem\",\"position\":2,\"name\":\"Veikals\",\"item\":\"https:\\\/\\\/saksavorst.ee\\\/lv\\\/veikals\\\/\"},{\"@type\":\"ListItem\",\"position\":3,\"name\":\"Bezvadu Bluetooth termometrs FM206 SALE\"}]},{\"@type\":\"WebSite\",\"@id\":\"https:\\\/\\\/saksavorst.ee\\\/lv\\\/#website\",\"url\":\"https:\\\/\\\/saksavorst.ee\\\/lv\\\/\",\"name\":\"Saksavorst\",\"description\":\"Feel the taste of emotions\",\"publisher\":{\"@id\":\"https:\\\/\\\/saksavorst.ee\\\/lv\\\/#organization\"},\"alternateName\":\"Veikand\",\"potentialAction\":[{\"@type\":\"SearchAction\",\"target\":{\"@type\":\"EntryPoint\",\"urlTemplate\":\"https:\\\/\\\/saksavorst.ee\\\/lv\\\/?s={search_term_string}\"},\"query-input\":{\"@type\":\"PropertyValueSpecification\",\"valueRequired\":true,\"valueName\":\"search_term_string\"}}],\"inLanguage\":\"lv-LV\"},{\"@type\":\"Organization\",\"@id\":\"https:\\\/\\\/saksavorst.ee\\\/lv\\\/#organization\",\"name\":\"Saksavorst\",\"alternateName\":\"Veikand\",\"url\":\"https:\\\/\\\/saksavorst.ee\\\/lv\\\/\",\"logo\":{\"@type\":\"ImageObject\",\"inLanguage\":\"lv-LV\",\"@id\":\"https:\\\/\\\/saksavorst.ee\\\/lv\\\/#\\\/schema\\\/logo\\\/image\\\/\",\"url\":\"https:\\\/\\\/saksavorst.ee\\\/wp-content\\\/uploads\\\/2023\\\/05\\\/veikand-logo.jpg\",\"contentUrl\":\"https:\\\/\\\/saksavorst.ee\\\/wp-content\\\/uploads\\\/2023\\\/05\\\/veikand-logo.jpg\",\"width\":217,\"height\":217,\"caption\":\"Saksavorst\"},\"image\":{\"@id\":\"https:\\\/\\\/saksavorst.ee\\\/lv\\\/#\\\/schema\\\/logo\\\/image\\\/\"},\"sameAs\":[\"https:\\\/\\\/www.facebook.com\\\/Veikand\"]}]}<\/script>\n<!-- \/ Yoast SEO plugin. -->","yoast_head_json":{"title":"Bezvadu Bluetooth termometrs FM206 SALE - Saksavorst","robots":{"index":"index","follow":"follow","max-snippet":"max-snippet:-1","max-image-preview":"max-image-preview:large","max-video-preview":"max-video-preview:-1"},"canonical":"https:\/\/saksavorst.ee\/lv\/produkts\/bezvadu-bluetooth-termometrs-fm206\/","og_locale":"lv_LV","og_type":"article","og_title":"Bezvadu Bluetooth termometrs FM206 SALE - Saksavorst","og_description":"Bezvadu ga\u013cas termometrs pal\u012bdz jums gatavot daudz profesion\u0101l\u0101k, no t\u0101lru\u0146a lietotnes j\u016bs varat re\u0101llaik\u0101 uzraudz\u012bt \u0113dienu vai cepe\u0161kr\u0101sns temperat\u016bru pat 70 metru att\u0101lum\u0101. Iestatiet \u0113diena veidu un v\u0113lamo gatav\u012bbu, p\u0113c tam izbaudiet atliku\u0161o filmas da\u013cu, t\u0101lrunis j\u016bs br\u012bdin\u0101s, kad \u0113diens b\u016bs gatavs.","og_url":"https:\/\/saksavorst.ee\/lv\/produkts\/bezvadu-bluetooth-termometrs-fm206\/","og_site_name":"Saksavorst","article_publisher":"https:\/\/www.facebook.com\/Veikand","article_modified_time":"2025-12-05T12:06:52+00:00","og_image":[{"width":800,"height":800,"url":"https:\/\/saksavorst.ee\/wp-content\/uploads\/2024\/12\/juhtmevaba-bluetooth-termomeeter-fm206-1.png","type":"image\/png"}],"twitter_card":"summary_large_image","twitter_misc":{"Est. reading time":"1 minute"},"schema":{"@context":"https:\/\/schema.org","@graph":[{"@type":"WebPage","@id":"https:\/\/saksavorst.ee\/lv\/produkts\/bezvadu-bluetooth-termometrs-fm206\/","url":"https:\/\/saksavorst.ee\/lv\/produkts\/bezvadu-bluetooth-termometrs-fm206\/","name":"Bezvadu Bluetooth termometrs FM206 SALE - Saksavorst","isPartOf":{"@id":"https:\/\/saksavorst.ee\/lv\/#website"},"primaryImageOfPage":{"@id":"https:\/\/saksavorst.ee\/lv\/produkts\/bezvadu-bluetooth-termometrs-fm206\/#primaryimage"},"image":{"@id":"https:\/\/saksavorst.ee\/lv\/produkts\/bezvadu-bluetooth-termometrs-fm206\/#primaryimage"},"thumbnailUrl":"https:\/\/saksavorst.ee\/wp-content\/uploads\/2024\/12\/juhtmevaba-bluetooth-termomeeter-fm206-1.png","datePublished":"2024-12-20T12:22:02+00:00","dateModified":"2025-12-05T12:06:52+00:00","breadcrumb":{"@id":"https:\/\/saksavorst.ee\/lv\/produkts\/bezvadu-bluetooth-termometrs-fm206\/#breadcrumb"},"inLanguage":"lv-LV","potentialAction":[{"@type":"ReadAction","target":["https:\/\/saksavorst.ee\/lv\/produkts\/bezvadu-bluetooth-termometrs-fm206\/"]}]},{"@type":"ImageObject","inLanguage":"lv-LV","@id":"https:\/\/saksavorst.ee\/lv\/produkts\/bezvadu-bluetooth-termometrs-fm206\/#primaryimage","url":"https:\/\/saksavorst.ee\/wp-content\/uploads\/2024\/12\/juhtmevaba-bluetooth-termomeeter-fm206-1.png","contentUrl":"https:\/\/saksavorst.ee\/wp-content\/uploads\/2024\/12\/juhtmevaba-bluetooth-termomeeter-fm206-1.png","width":800,"height":800},{"@type":"BreadcrumbList","@id":"https:\/\/saksavorst.ee\/lv\/produkts\/bezvadu-bluetooth-termometrs-fm206\/#breadcrumb","itemListElement":[{"@type":"ListItem","position":1,"name":"Home","item":"https:\/\/saksavorst.ee\/lv\/"},{"@type":"ListItem","position":2,"name":"Veikals","item":"https:\/\/saksavorst.ee\/lv\/veikals\/"},{"@type":"ListItem","position":3,"name":"Bezvadu Bluetooth termometrs FM206 SALE"}]},{"@type":"WebSite","@id":"https:\/\/saksavorst.ee\/lv\/#website","url":"https:\/\/saksavorst.ee\/lv\/","name":"Saksavorst","description":"Feel the taste of emotions","publisher":{"@id":"https:\/\/saksavorst.ee\/lv\/#organization"},"alternateName":"Veikand","potentialAction":[{"@type":"SearchAction","target":{"@type":"EntryPoint","urlTemplate":"https:\/\/saksavorst.ee\/lv\/?s={search_term_string}"},"query-input":{"@type":"PropertyValueSpecification","valueRequired":true,"valueName":"search_term_string"}}],"inLanguage":"lv-LV"},{"@type":"Organization","@id":"https:\/\/saksavorst.ee\/lv\/#organization","name":"Saksavorst","alternateName":"Veikand","url":"https:\/\/saksavorst.ee\/lv\/","logo":{"@type":"ImageObject","inLanguage":"lv-LV","@id":"https:\/\/saksavorst.ee\/lv\/#\/schema\/logo\/image\/","url":"https:\/\/saksavorst.ee\/wp-content\/uploads\/2023\/05\/veikand-logo.jpg","contentUrl":"https:\/\/saksavorst.ee\/wp-content\/uploads\/2023\/05\/veikand-logo.jpg","width":217,"height":217,"caption":"Saksavorst"},"image":{"@id":"https:\/\/saksavorst.ee\/lv\/#\/schema\/logo\/image\/"},"sameAs":["https:\/\/www.facebook.com\/Veikand"]}]}},"_links":{"self":[{"href":"https:\/\/saksavorst.ee\/lv\/wp-json\/wp\/v2\/product\/40571","targetHints":{"allow":["GET"]}}],"collection":[{"href":"https:\/\/saksavorst.ee\/lv\/wp-json\/wp\/v2\/product"}],"about":[{"href":"https:\/\/saksavorst.ee\/lv\/wp-json\/wp\/v2\/types\/product"}],"version-history":[{"count":2,"href":"https:\/\/saksavorst.ee\/lv\/wp-json\/wp\/v2\/product\/40571\/revisions"}],"predecessor-version":[{"id":48150,"href":"https:\/\/saksavorst.ee\/lv\/wp-json\/wp\/v2\/product\/40571\/revisions\/48150"}],"wp:featuredmedia":[{"embeddable":true,"href":"https:\/\/saksavorst.ee\/lv\/wp-json\/wp\/v2\/media\/40575"}],"wp:attachment":[{"href":"https:\/\/saksavorst.ee\/lv\/wp-json\/wp\/v2\/media?parent=40571"}],"wp:term":[{"taxonomy":"product_brand","embeddable":true,"href":"https:\/\/saksavorst.ee\/lv\/wp-json\/wp\/v2\/product_brand?post=40571"},{"taxonomy":"product_cat","embeddable":true,"href":"https:\/\/saksavorst.ee\/lv\/wp-json\/wp\/v2\/product_cat?post=40571"},{"taxonomy":"product_tag","embeddable":true,"href":"https:\/\/saksavorst.ee\/lv\/wp-json\/wp\/v2\/product_tag?post=40571"}],"curies":[{"name":"wp","href":"https:\/\/api.w.org\/{rel}","templated":true}]}}