{"id":38851,"date":"2024-10-11T11:47:07","date_gmt":"2024-10-11T11:47:07","guid":{"rendered":"https:\/\/saksavorst.ee\/?post_type=product&#038;p=38851"},"modified":"2025-07-29T13:55:54","modified_gmt":"2025-07-29T11:55:54","slug":"tpu-zilas-uzmavas","status":"publish","type":"product","link":"https:\/\/saksavorst.ee\/lv\/produkts\/tpu-zilas-uzmavas\/","title":{"rendered":"TPU zilas uzmavas"},"content":{"rendered":"<p>\u016adensiztur\u012bgs TPU<\/p>\n<p>Higi\u0113nisks<\/p>\n<p>Bez cilp\u0101m, v\u012bl\u0113m vai apmal\u0113m, super gluda virsma<\/p>\n<p>Iztur\u012bgs pret dz\u012bvnieku e\u013c\u013c\u0101m un taukiem<\/p>\n<p>Rokturi ir \u013coti viegli t\u012br\u0101mi, un tos var izmantot vair\u0101kas reizes, jo tos var mazg\u0101t l\u012bdz 40\u00b0C<\/p>\n<p>Ga\u013cas p\u0101rstr\u0101dei, p\u0101rtikas r\u016bpniec\u012bbai, vaska r\u016bpniec\u012bbai<\/p>\n<p>Daudzums: 2 gab<\/p>\n<p>M\u0113r\u012bjumi: 37 x 16 cm<\/p>\n<p>Svars: 75 g<\/p>\n","protected":false},"excerpt":{"rendered":"<p>Zil\u0101s aproces ir izgatavotas no \u016bdensiztur\u012bga TPU, un t\u0101m ir \u013coti gluda virsma. T\u0101 k\u0101 aproces ir izgatavotas no viena gabala, t\u0101s ir higi\u0113niskas un labi piem\u0113rotas izmanto\u0161anai ga\u013cas p\u0101rstr\u0101d\u0113, p\u0101rtikas r\u016bpniec\u012bb\u0101 vai virtuv\u0113.<\/p>\n","protected":false},"featured_media":38897,"template":"","meta":{"_acf_changed":false},"product_brand":[],"product_cat":[346,347],"product_tag":[],"class_list":{"0":"post-38851","1":"product","2":"type-product","3":"status-publish","4":"has-post-thumbnail","6":"product_cat-nazi-un-aksesuari","7":"product_cat-paliglidzekli-nazi-un-piederumi","9":"first","10":"instock","11":"taxable","12":"shipping-taxable","13":"purchasable","14":"product-type-simple"},"acf":[],"yoast_head":"<!-- This site is optimized with the Yoast SEO plugin v27.3 - https:\/\/yoast.com\/product\/yoast-seo-wordpress\/ -->\n<title>TPU zilas uzmavas - Saksavorst<\/title>\n<meta name=\"robots\" content=\"index, follow, max-snippet:-1, max-image-preview:large, max-video-preview:-1\" \/>\n<link rel=\"canonical\" href=\"https:\/\/saksavorst.ee\/lv\/produkts\/tpu-zilas-uzmavas\/\" \/>\n<meta property=\"og:locale\" content=\"lv_LV\" \/>\n<meta property=\"og:type\" content=\"article\" \/>\n<meta property=\"og:title\" content=\"TPU zilas uzmavas - Saksavorst\" \/>\n<meta property=\"og:description\" content=\"Zil\u0101s aproces ir izgatavotas no \u016bdensiztur\u012bga TPU, un t\u0101m ir \u013coti gluda virsma. T\u0101 k\u0101 aproces ir izgatavotas no viena gabala, t\u0101s ir higi\u0113niskas un labi piem\u0113rotas izmanto\u0161anai ga\u013cas p\u0101rstr\u0101d\u0113, p\u0101rtikas r\u016bpniec\u012bb\u0101 vai virtuv\u0113.\" \/>\n<meta property=\"og:url\" content=\"https:\/\/saksavorst.ee\/lv\/produkts\/tpu-zilas-uzmavas\/\" \/>\n<meta property=\"og:site_name\" content=\"Saksavorst\" \/>\n<meta property=\"article:publisher\" content=\"https:\/\/www.facebook.com\/Veikand\" \/>\n<meta property=\"article:modified_time\" content=\"2025-07-29T11:55:54+00:00\" \/>\n<meta property=\"og:image\" content=\"https:\/\/saksavorst.ee\/wp-content\/uploads\/2024\/10\/tpu-sinised-katised-1.jpg\" \/>\n\t<meta property=\"og:image:width\" content=\"800\" \/>\n\t<meta property=\"og:image:height\" content=\"800\" \/>\n\t<meta property=\"og:image:type\" content=\"image\/jpeg\" \/>\n<meta name=\"twitter:card\" content=\"summary_large_image\" \/>\n<meta name=\"twitter:label1\" content=\"Est. reading time\" \/>\n\t<meta name=\"twitter:data1\" content=\"1 minute\" \/>\n<script type=\"application\/ld+json\" class=\"yoast-schema-graph\">{\"@context\":\"https:\\\/\\\/schema.org\",\"@graph\":[{\"@type\":\"WebPage\",\"@id\":\"https:\\\/\\\/saksavorst.ee\\\/lv\\\/produkts\\\/tpu-zilas-uzmavas\\\/\",\"url\":\"https:\\\/\\\/saksavorst.ee\\\/lv\\\/produkts\\\/tpu-zilas-uzmavas\\\/\",\"name\":\"TPU zilas uzmavas - Saksavorst\",\"isPartOf\":{\"@id\":\"https:\\\/\\\/saksavorst.ee\\\/lv\\\/#website\"},\"primaryImageOfPage\":{\"@id\":\"https:\\\/\\\/saksavorst.ee\\\/lv\\\/produkts\\\/tpu-zilas-uzmavas\\\/#primaryimage\"},\"image\":{\"@id\":\"https:\\\/\\\/saksavorst.ee\\\/lv\\\/produkts\\\/tpu-zilas-uzmavas\\\/#primaryimage\"},\"thumbnailUrl\":\"https:\\\/\\\/saksavorst.ee\\\/wp-content\\\/uploads\\\/2024\\\/10\\\/tpu-sinised-katised-1.jpg\",\"datePublished\":\"2024-10-11T11:47:07+00:00\",\"dateModified\":\"2025-07-29T11:55:54+00:00\",\"breadcrumb\":{\"@id\":\"https:\\\/\\\/saksavorst.ee\\\/lv\\\/produkts\\\/tpu-zilas-uzmavas\\\/#breadcrumb\"},\"inLanguage\":\"lv-LV\",\"potentialAction\":[{\"@type\":\"ReadAction\",\"target\":[\"https:\\\/\\\/saksavorst.ee\\\/lv\\\/produkts\\\/tpu-zilas-uzmavas\\\/\"]}]},{\"@type\":\"ImageObject\",\"inLanguage\":\"lv-LV\",\"@id\":\"https:\\\/\\\/saksavorst.ee\\\/lv\\\/produkts\\\/tpu-zilas-uzmavas\\\/#primaryimage\",\"url\":\"https:\\\/\\\/saksavorst.ee\\\/wp-content\\\/uploads\\\/2024\\\/10\\\/tpu-sinised-katised-1.jpg\",\"contentUrl\":\"https:\\\/\\\/saksavorst.ee\\\/wp-content\\\/uploads\\\/2024\\\/10\\\/tpu-sinised-katised-1.jpg\",\"width\":800,\"height\":800},{\"@type\":\"BreadcrumbList\",\"@id\":\"https:\\\/\\\/saksavorst.ee\\\/lv\\\/produkts\\\/tpu-zilas-uzmavas\\\/#breadcrumb\",\"itemListElement\":[{\"@type\":\"ListItem\",\"position\":1,\"name\":\"Home\",\"item\":\"https:\\\/\\\/saksavorst.ee\\\/lv\\\/\"},{\"@type\":\"ListItem\",\"position\":2,\"name\":\"Veikals\",\"item\":\"https:\\\/\\\/saksavorst.ee\\\/lv\\\/veikals\\\/\"},{\"@type\":\"ListItem\",\"position\":3,\"name\":\"TPU zilas uzmavas\"}]},{\"@type\":\"WebSite\",\"@id\":\"https:\\\/\\\/saksavorst.ee\\\/lv\\\/#website\",\"url\":\"https:\\\/\\\/saksavorst.ee\\\/lv\\\/\",\"name\":\"Saksavorst\",\"description\":\"Feel the taste of emotions\",\"publisher\":{\"@id\":\"https:\\\/\\\/saksavorst.ee\\\/lv\\\/#organization\"},\"alternateName\":\"Veikand\",\"potentialAction\":[{\"@type\":\"SearchAction\",\"target\":{\"@type\":\"EntryPoint\",\"urlTemplate\":\"https:\\\/\\\/saksavorst.ee\\\/lv\\\/?s={search_term_string}\"},\"query-input\":{\"@type\":\"PropertyValueSpecification\",\"valueRequired\":true,\"valueName\":\"search_term_string\"}}],\"inLanguage\":\"lv-LV\"},{\"@type\":\"Organization\",\"@id\":\"https:\\\/\\\/saksavorst.ee\\\/lv\\\/#organization\",\"name\":\"Saksavorst\",\"alternateName\":\"Veikand\",\"url\":\"https:\\\/\\\/saksavorst.ee\\\/lv\\\/\",\"logo\":{\"@type\":\"ImageObject\",\"inLanguage\":\"lv-LV\",\"@id\":\"https:\\\/\\\/saksavorst.ee\\\/lv\\\/#\\\/schema\\\/logo\\\/image\\\/\",\"url\":\"https:\\\/\\\/saksavorst.ee\\\/wp-content\\\/uploads\\\/2023\\\/05\\\/veikand-logo.jpg\",\"contentUrl\":\"https:\\\/\\\/saksavorst.ee\\\/wp-content\\\/uploads\\\/2023\\\/05\\\/veikand-logo.jpg\",\"width\":217,\"height\":217,\"caption\":\"Saksavorst\"},\"image\":{\"@id\":\"https:\\\/\\\/saksavorst.ee\\\/lv\\\/#\\\/schema\\\/logo\\\/image\\\/\"},\"sameAs\":[\"https:\\\/\\\/www.facebook.com\\\/Veikand\"]}]}<\/script>\n<!-- \/ Yoast SEO plugin. -->","yoast_head_json":{"title":"TPU zilas uzmavas - Saksavorst","robots":{"index":"index","follow":"follow","max-snippet":"max-snippet:-1","max-image-preview":"max-image-preview:large","max-video-preview":"max-video-preview:-1"},"canonical":"https:\/\/saksavorst.ee\/lv\/produkts\/tpu-zilas-uzmavas\/","og_locale":"lv_LV","og_type":"article","og_title":"TPU zilas uzmavas - Saksavorst","og_description":"Zil\u0101s aproces ir izgatavotas no \u016bdensiztur\u012bga TPU, un t\u0101m ir \u013coti gluda virsma. T\u0101 k\u0101 aproces ir izgatavotas no viena gabala, t\u0101s ir higi\u0113niskas un labi piem\u0113rotas izmanto\u0161anai ga\u013cas p\u0101rstr\u0101d\u0113, p\u0101rtikas r\u016bpniec\u012bb\u0101 vai virtuv\u0113.","og_url":"https:\/\/saksavorst.ee\/lv\/produkts\/tpu-zilas-uzmavas\/","og_site_name":"Saksavorst","article_publisher":"https:\/\/www.facebook.com\/Veikand","article_modified_time":"2025-07-29T11:55:54+00:00","og_image":[{"width":800,"height":800,"url":"https:\/\/saksavorst.ee\/wp-content\/uploads\/2024\/10\/tpu-sinised-katised-1.jpg","type":"image\/jpeg"}],"twitter_card":"summary_large_image","twitter_misc":{"Est. reading time":"1 minute"},"schema":{"@context":"https:\/\/schema.org","@graph":[{"@type":"WebPage","@id":"https:\/\/saksavorst.ee\/lv\/produkts\/tpu-zilas-uzmavas\/","url":"https:\/\/saksavorst.ee\/lv\/produkts\/tpu-zilas-uzmavas\/","name":"TPU zilas uzmavas - Saksavorst","isPartOf":{"@id":"https:\/\/saksavorst.ee\/lv\/#website"},"primaryImageOfPage":{"@id":"https:\/\/saksavorst.ee\/lv\/produkts\/tpu-zilas-uzmavas\/#primaryimage"},"image":{"@id":"https:\/\/saksavorst.ee\/lv\/produkts\/tpu-zilas-uzmavas\/#primaryimage"},"thumbnailUrl":"https:\/\/saksavorst.ee\/wp-content\/uploads\/2024\/10\/tpu-sinised-katised-1.jpg","datePublished":"2024-10-11T11:47:07+00:00","dateModified":"2025-07-29T11:55:54+00:00","breadcrumb":{"@id":"https:\/\/saksavorst.ee\/lv\/produkts\/tpu-zilas-uzmavas\/#breadcrumb"},"inLanguage":"lv-LV","potentialAction":[{"@type":"ReadAction","target":["https:\/\/saksavorst.ee\/lv\/produkts\/tpu-zilas-uzmavas\/"]}]},{"@type":"ImageObject","inLanguage":"lv-LV","@id":"https:\/\/saksavorst.ee\/lv\/produkts\/tpu-zilas-uzmavas\/#primaryimage","url":"https:\/\/saksavorst.ee\/wp-content\/uploads\/2024\/10\/tpu-sinised-katised-1.jpg","contentUrl":"https:\/\/saksavorst.ee\/wp-content\/uploads\/2024\/10\/tpu-sinised-katised-1.jpg","width":800,"height":800},{"@type":"BreadcrumbList","@id":"https:\/\/saksavorst.ee\/lv\/produkts\/tpu-zilas-uzmavas\/#breadcrumb","itemListElement":[{"@type":"ListItem","position":1,"name":"Home","item":"https:\/\/saksavorst.ee\/lv\/"},{"@type":"ListItem","position":2,"name":"Veikals","item":"https:\/\/saksavorst.ee\/lv\/veikals\/"},{"@type":"ListItem","position":3,"name":"TPU zilas uzmavas"}]},{"@type":"WebSite","@id":"https:\/\/saksavorst.ee\/lv\/#website","url":"https:\/\/saksavorst.ee\/lv\/","name":"Saksavorst","description":"Feel the taste of emotions","publisher":{"@id":"https:\/\/saksavorst.ee\/lv\/#organization"},"alternateName":"Veikand","potentialAction":[{"@type":"SearchAction","target":{"@type":"EntryPoint","urlTemplate":"https:\/\/saksavorst.ee\/lv\/?s={search_term_string}"},"query-input":{"@type":"PropertyValueSpecification","valueRequired":true,"valueName":"search_term_string"}}],"inLanguage":"lv-LV"},{"@type":"Organization","@id":"https:\/\/saksavorst.ee\/lv\/#organization","name":"Saksavorst","alternateName":"Veikand","url":"https:\/\/saksavorst.ee\/lv\/","logo":{"@type":"ImageObject","inLanguage":"lv-LV","@id":"https:\/\/saksavorst.ee\/lv\/#\/schema\/logo\/image\/","url":"https:\/\/saksavorst.ee\/wp-content\/uploads\/2023\/05\/veikand-logo.jpg","contentUrl":"https:\/\/saksavorst.ee\/wp-content\/uploads\/2023\/05\/veikand-logo.jpg","width":217,"height":217,"caption":"Saksavorst"},"image":{"@id":"https:\/\/saksavorst.ee\/lv\/#\/schema\/logo\/image\/"},"sameAs":["https:\/\/www.facebook.com\/Veikand"]}]}},"_links":{"self":[{"href":"https:\/\/saksavorst.ee\/lv\/wp-json\/wp\/v2\/product\/38851","targetHints":{"allow":["GET"]}}],"collection":[{"href":"https:\/\/saksavorst.ee\/lv\/wp-json\/wp\/v2\/product"}],"about":[{"href":"https:\/\/saksavorst.ee\/lv\/wp-json\/wp\/v2\/types\/product"}],"version-history":[{"count":1,"href":"https:\/\/saksavorst.ee\/lv\/wp-json\/wp\/v2\/product\/38851\/revisions"}],"predecessor-version":[{"id":44238,"href":"https:\/\/saksavorst.ee\/lv\/wp-json\/wp\/v2\/product\/38851\/revisions\/44238"}],"wp:featuredmedia":[{"embeddable":true,"href":"https:\/\/saksavorst.ee\/lv\/wp-json\/wp\/v2\/media\/38897"}],"wp:attachment":[{"href":"https:\/\/saksavorst.ee\/lv\/wp-json\/wp\/v2\/media?parent=38851"}],"wp:term":[{"taxonomy":"product_brand","embeddable":true,"href":"https:\/\/saksavorst.ee\/lv\/wp-json\/wp\/v2\/product_brand?post=38851"},{"taxonomy":"product_cat","embeddable":true,"href":"https:\/\/saksavorst.ee\/lv\/wp-json\/wp\/v2\/product_cat?post=38851"},{"taxonomy":"product_tag","embeddable":true,"href":"https:\/\/saksavorst.ee\/lv\/wp-json\/wp\/v2\/product_tag?post=38851"}],"curies":[{"name":"wp","href":"https:\/\/api.w.org\/{rel}","templated":true}]}}