{"id":37899,"date":"2024-07-29T12:41:19","date_gmt":"2024-07-29T10:41:19","guid":{"rendered":"https:\/\/saksavorst.ee\/?post_type=product&#038;p=37899"},"modified":"2025-08-04T14:51:18","modified_gmt":"2025-08-04T12:51:18","slug":"nordwise-rugpiena-rupjmaizes-cepsanas-sakuma-komplekts-7g","status":"publish","type":"product","link":"https:\/\/saksavorst.ee\/lv\/produkts\/nordwise-rugpiena-rupjmaizes-cepsanas-sakuma-komplekts-7g\/","title":{"rendered":"Nordwise r\u016bgpiena rupjmaizes cep\u0161anas s\u0101kuma komplekts 7g"},"content":{"rendered":"<p><strong>Composition: <\/strong>\u017e\u0101v\u0113ts raugs Saccharomyces cerevisiae, piensk\u0101bes bakt\u0113rija Lactobacillus plantarumTAK59<\/p>\n<p><strong>Quantity in group packaging:<\/strong> 10 pcs<\/p>\n<p>No 1 saldsk\u0101bmaizes ies\u0101c\u0113ja san\u0101k 1 saldsk\u0101bmaizes klaips (~740g).<\/p>\n<p><strong>Instructions: Viena maizes klaipa (~ 850 g) pagatavo\u0161ana:<br \/>\n<\/strong>1. B\u013cod\u0101 pievieno 500 ml remdena \u016bdens, 200 g rudzu miltu un paci\u0146u pulverveida rauga un k\u0101rt\u012bgi samaisa.<br \/>\n2. B\u013codu p\u0101rkl\u0101j ar t\u012bru lina dvieli un atst\u0101j mais\u012bjumu r\u016bgt 10-12 h istabas temperat\u016br\u0101.<br \/>\n3. Raudz\u0113tajai m\u012bklai pievieno 50 g cukura, 10 g s\u0101ls un paci\u0146u \u017e\u0101v\u0113t\u0101 rauga, lai m\u012bkla uzr\u016bgst. Beig\u0101s pievieno 250 g rudzu miltu un jebkuras citas v\u0113lam\u0101s piedevas.<br \/>\n4. M\u012bklu lej ar sviestu ieziest\u0101 vai ar cepampap\u012bru p\u0101rkl\u0101t\u0101 maizes form\u0101. Ar pirkstiem izveidojiet da\u017eus caurumus, lai nov\u0113rt\u0113tu m\u012bklas cel\u0161anos (caurumiem vajadz\u0113tu pazust, kad m\u012bkla pace\u013cas).<br \/>\n5. P\u0101rkl\u0101jiet maizes formu ar dvieli un \u013caujiet tai uzr\u016bgt vienu stundu istabas temperat\u016br\u0101.<br \/>\n6. Apsm\u0113r\u0113jiet maizes m\u012bklas virsmu ar \u016bdeni, lai cep\u0161anas laik\u0101 nel\u016bztu garoza.<br \/>\n7. Uzkars\u0113 cepe\u0161kr\u0101sni l\u012bdz 220 \u00b0C un cep 20 min\u016btes, tad samazini uguni l\u012bdz 180 \u00b0C un cep v\u0113l 60 min\u016btes.<br \/>\n8. Atst\u0101j maizi atdzist zem dvie\u013ca. Lai saglab\u0101tu mitrumu, maizi nedaudz apsm\u0113r\u0113jiet ar \u016bdeni vai ieziediet ar \u016bdeni.<\/p>\n<p><strong>Storage: <\/strong>Store at + 2\u2026 + 6 \u00b0 C in the original package. Allowed to be kept at room temperature for up to 72 hours.<\/p>\n<p><strong>Produced by: <\/strong>BioCC O\u00dc<\/p>\n<p>NOR\u0100D\u012aJUMUS VAR ATRAST <strong><a href=\"https:\/\/nordwise.eu\/pages\/hapusaia-valmistamine-nordwise%C2%AE-juuretisega\">\u0160EIT!<\/a><\/strong><\/p>\n","protected":false},"excerpt":{"rendered":"<p>Raugu veiksmes recepte ir r\u016bp\u012bgi izp\u0113t\u012bta specifisk\u0101s piensk\u0101bes bakt\u0113rijasL. plantarumTAK59. Sk\u0101bmaizes s\u0101kuma komplekt\u0101 ir paci\u0146a liofiliz\u0113ti kalt\u0113tas startera kult\u016bras un iepakojums rauga.<\/p>\n","protected":false},"featured_media":37903,"template":"","meta":{"_acf_changed":false},"product_brand":[],"product_cat":[326],"product_tag":[],"class_list":{"0":"post-37899","1":"product","2":"type-product","3":"status-publish","4":"has-post-thumbnail","6":"product_cat-skabais","8":"first","9":"instock","10":"taxable","11":"shipping-taxable","12":"purchasable","13":"product-type-simple"},"acf":[],"yoast_head":"<!-- This site is optimized with the Yoast SEO plugin v27.3 - https:\/\/yoast.com\/product\/yoast-seo-wordpress\/ -->\n<title>Nordwise r\u016bgpiena rupjmaizes cep\u0161anas s\u0101kuma komplekts 7g - Saksavorst<\/title>\n<meta name=\"robots\" content=\"index, follow, max-snippet:-1, max-image-preview:large, max-video-preview:-1\" \/>\n<link rel=\"canonical\" href=\"https:\/\/saksavorst.ee\/lv\/produkts\/nordwise-rugpiena-rupjmaizes-cepsanas-sakuma-komplekts-7g\/\" \/>\n<meta property=\"og:locale\" content=\"lv_LV\" \/>\n<meta property=\"og:type\" content=\"article\" \/>\n<meta property=\"og:title\" content=\"Nordwise r\u016bgpiena rupjmaizes cep\u0161anas s\u0101kuma komplekts 7g - Saksavorst\" \/>\n<meta property=\"og:description\" content=\"Raugu veiksmes recepte ir r\u016bp\u012bgi izp\u0113t\u012bta specifisk\u0101s piensk\u0101bes bakt\u0113rijasL. plantarumTAK59. Sk\u0101bmaizes s\u0101kuma komplekt\u0101 ir paci\u0146a liofiliz\u0113ti kalt\u0113tas startera kult\u016bras un iepakojums rauga.\" \/>\n<meta property=\"og:url\" content=\"https:\/\/saksavorst.ee\/lv\/produkts\/nordwise-rugpiena-rupjmaizes-cepsanas-sakuma-komplekts-7g\/\" \/>\n<meta property=\"og:site_name\" content=\"Saksavorst\" \/>\n<meta property=\"article:publisher\" content=\"https:\/\/www.facebook.com\/Veikand\" \/>\n<meta property=\"article:modified_time\" content=\"2025-08-04T12:51:18+00:00\" \/>\n<meta property=\"og:image\" content=\"https:\/\/saksavorst.ee\/wp-content\/uploads\/2024\/07\/nordwise-hapusaia-juuretis-7g.png\" \/>\n\t<meta property=\"og:image:width\" content=\"800\" \/>\n\t<meta property=\"og:image:height\" content=\"800\" \/>\n\t<meta property=\"og:image:type\" content=\"image\/png\" \/>\n<meta name=\"twitter:card\" content=\"summary_large_image\" \/>\n<meta name=\"twitter:label1\" content=\"Est. reading time\" \/>\n\t<meta name=\"twitter:data1\" content=\"2 minutes\" \/>\n<script type=\"application\/ld+json\" class=\"yoast-schema-graph\">{\"@context\":\"https:\\\/\\\/schema.org\",\"@graph\":[{\"@type\":\"WebPage\",\"@id\":\"https:\\\/\\\/saksavorst.ee\\\/lv\\\/produkts\\\/nordwise-rugpiena-rupjmaizes-cepsanas-sakuma-komplekts-7g\\\/\",\"url\":\"https:\\\/\\\/saksavorst.ee\\\/lv\\\/produkts\\\/nordwise-rugpiena-rupjmaizes-cepsanas-sakuma-komplekts-7g\\\/\",\"name\":\"Nordwise r\u016bgpiena rupjmaizes cep\u0161anas s\u0101kuma komplekts 7g - Saksavorst\",\"isPartOf\":{\"@id\":\"https:\\\/\\\/saksavorst.ee\\\/lv\\\/#website\"},\"primaryImageOfPage\":{\"@id\":\"https:\\\/\\\/saksavorst.ee\\\/lv\\\/produkts\\\/nordwise-rugpiena-rupjmaizes-cepsanas-sakuma-komplekts-7g\\\/#primaryimage\"},\"image\":{\"@id\":\"https:\\\/\\\/saksavorst.ee\\\/lv\\\/produkts\\\/nordwise-rugpiena-rupjmaizes-cepsanas-sakuma-komplekts-7g\\\/#primaryimage\"},\"thumbnailUrl\":\"https:\\\/\\\/saksavorst.ee\\\/wp-content\\\/uploads\\\/2024\\\/07\\\/nordwise-hapusaia-juuretis-7g.png\",\"datePublished\":\"2024-07-29T10:41:19+00:00\",\"dateModified\":\"2025-08-04T12:51:18+00:00\",\"breadcrumb\":{\"@id\":\"https:\\\/\\\/saksavorst.ee\\\/lv\\\/produkts\\\/nordwise-rugpiena-rupjmaizes-cepsanas-sakuma-komplekts-7g\\\/#breadcrumb\"},\"inLanguage\":\"lv-LV\",\"potentialAction\":[{\"@type\":\"ReadAction\",\"target\":[\"https:\\\/\\\/saksavorst.ee\\\/lv\\\/produkts\\\/nordwise-rugpiena-rupjmaizes-cepsanas-sakuma-komplekts-7g\\\/\"]}]},{\"@type\":\"ImageObject\",\"inLanguage\":\"lv-LV\",\"@id\":\"https:\\\/\\\/saksavorst.ee\\\/lv\\\/produkts\\\/nordwise-rugpiena-rupjmaizes-cepsanas-sakuma-komplekts-7g\\\/#primaryimage\",\"url\":\"https:\\\/\\\/saksavorst.ee\\\/wp-content\\\/uploads\\\/2024\\\/07\\\/nordwise-hapusaia-juuretis-7g.png\",\"contentUrl\":\"https:\\\/\\\/saksavorst.ee\\\/wp-content\\\/uploads\\\/2024\\\/07\\\/nordwise-hapusaia-juuretis-7g.png\",\"width\":800,\"height\":800},{\"@type\":\"BreadcrumbList\",\"@id\":\"https:\\\/\\\/saksavorst.ee\\\/lv\\\/produkts\\\/nordwise-rugpiena-rupjmaizes-cepsanas-sakuma-komplekts-7g\\\/#breadcrumb\",\"itemListElement\":[{\"@type\":\"ListItem\",\"position\":1,\"name\":\"Home\",\"item\":\"https:\\\/\\\/saksavorst.ee\\\/lv\\\/\"},{\"@type\":\"ListItem\",\"position\":2,\"name\":\"Veikals\",\"item\":\"https:\\\/\\\/saksavorst.ee\\\/lv\\\/veikals\\\/\"},{\"@type\":\"ListItem\",\"position\":3,\"name\":\"Nordwise r\u016bgpiena rupjmaizes cep\u0161anas s\u0101kuma komplekts 7g\"}]},{\"@type\":\"WebSite\",\"@id\":\"https:\\\/\\\/saksavorst.ee\\\/lv\\\/#website\",\"url\":\"https:\\\/\\\/saksavorst.ee\\\/lv\\\/\",\"name\":\"Saksavorst\",\"description\":\"Feel the taste of emotions\",\"publisher\":{\"@id\":\"https:\\\/\\\/saksavorst.ee\\\/lv\\\/#organization\"},\"alternateName\":\"Veikand\",\"potentialAction\":[{\"@type\":\"SearchAction\",\"target\":{\"@type\":\"EntryPoint\",\"urlTemplate\":\"https:\\\/\\\/saksavorst.ee\\\/lv\\\/?s={search_term_string}\"},\"query-input\":{\"@type\":\"PropertyValueSpecification\",\"valueRequired\":true,\"valueName\":\"search_term_string\"}}],\"inLanguage\":\"lv-LV\"},{\"@type\":\"Organization\",\"@id\":\"https:\\\/\\\/saksavorst.ee\\\/lv\\\/#organization\",\"name\":\"Saksavorst\",\"alternateName\":\"Veikand\",\"url\":\"https:\\\/\\\/saksavorst.ee\\\/lv\\\/\",\"logo\":{\"@type\":\"ImageObject\",\"inLanguage\":\"lv-LV\",\"@id\":\"https:\\\/\\\/saksavorst.ee\\\/lv\\\/#\\\/schema\\\/logo\\\/image\\\/\",\"url\":\"https:\\\/\\\/saksavorst.ee\\\/wp-content\\\/uploads\\\/2023\\\/05\\\/veikand-logo.jpg\",\"contentUrl\":\"https:\\\/\\\/saksavorst.ee\\\/wp-content\\\/uploads\\\/2023\\\/05\\\/veikand-logo.jpg\",\"width\":217,\"height\":217,\"caption\":\"Saksavorst\"},\"image\":{\"@id\":\"https:\\\/\\\/saksavorst.ee\\\/lv\\\/#\\\/schema\\\/logo\\\/image\\\/\"},\"sameAs\":[\"https:\\\/\\\/www.facebook.com\\\/Veikand\"]}]}<\/script>\n<!-- \/ Yoast SEO plugin. -->","yoast_head_json":{"title":"Nordwise r\u016bgpiena rupjmaizes cep\u0161anas s\u0101kuma komplekts 7g - Saksavorst","robots":{"index":"index","follow":"follow","max-snippet":"max-snippet:-1","max-image-preview":"max-image-preview:large","max-video-preview":"max-video-preview:-1"},"canonical":"https:\/\/saksavorst.ee\/lv\/produkts\/nordwise-rugpiena-rupjmaizes-cepsanas-sakuma-komplekts-7g\/","og_locale":"lv_LV","og_type":"article","og_title":"Nordwise r\u016bgpiena rupjmaizes cep\u0161anas s\u0101kuma komplekts 7g - Saksavorst","og_description":"Raugu veiksmes recepte ir r\u016bp\u012bgi izp\u0113t\u012bta specifisk\u0101s piensk\u0101bes bakt\u0113rijasL. plantarumTAK59. Sk\u0101bmaizes s\u0101kuma komplekt\u0101 ir paci\u0146a liofiliz\u0113ti kalt\u0113tas startera kult\u016bras un iepakojums rauga.","og_url":"https:\/\/saksavorst.ee\/lv\/produkts\/nordwise-rugpiena-rupjmaizes-cepsanas-sakuma-komplekts-7g\/","og_site_name":"Saksavorst","article_publisher":"https:\/\/www.facebook.com\/Veikand","article_modified_time":"2025-08-04T12:51:18+00:00","og_image":[{"width":800,"height":800,"url":"https:\/\/saksavorst.ee\/wp-content\/uploads\/2024\/07\/nordwise-hapusaia-juuretis-7g.png","type":"image\/png"}],"twitter_card":"summary_large_image","twitter_misc":{"Est. reading time":"2 minutes"},"schema":{"@context":"https:\/\/schema.org","@graph":[{"@type":"WebPage","@id":"https:\/\/saksavorst.ee\/lv\/produkts\/nordwise-rugpiena-rupjmaizes-cepsanas-sakuma-komplekts-7g\/","url":"https:\/\/saksavorst.ee\/lv\/produkts\/nordwise-rugpiena-rupjmaizes-cepsanas-sakuma-komplekts-7g\/","name":"Nordwise r\u016bgpiena rupjmaizes cep\u0161anas s\u0101kuma komplekts 7g - Saksavorst","isPartOf":{"@id":"https:\/\/saksavorst.ee\/lv\/#website"},"primaryImageOfPage":{"@id":"https:\/\/saksavorst.ee\/lv\/produkts\/nordwise-rugpiena-rupjmaizes-cepsanas-sakuma-komplekts-7g\/#primaryimage"},"image":{"@id":"https:\/\/saksavorst.ee\/lv\/produkts\/nordwise-rugpiena-rupjmaizes-cepsanas-sakuma-komplekts-7g\/#primaryimage"},"thumbnailUrl":"https:\/\/saksavorst.ee\/wp-content\/uploads\/2024\/07\/nordwise-hapusaia-juuretis-7g.png","datePublished":"2024-07-29T10:41:19+00:00","dateModified":"2025-08-04T12:51:18+00:00","breadcrumb":{"@id":"https:\/\/saksavorst.ee\/lv\/produkts\/nordwise-rugpiena-rupjmaizes-cepsanas-sakuma-komplekts-7g\/#breadcrumb"},"inLanguage":"lv-LV","potentialAction":[{"@type":"ReadAction","target":["https:\/\/saksavorst.ee\/lv\/produkts\/nordwise-rugpiena-rupjmaizes-cepsanas-sakuma-komplekts-7g\/"]}]},{"@type":"ImageObject","inLanguage":"lv-LV","@id":"https:\/\/saksavorst.ee\/lv\/produkts\/nordwise-rugpiena-rupjmaizes-cepsanas-sakuma-komplekts-7g\/#primaryimage","url":"https:\/\/saksavorst.ee\/wp-content\/uploads\/2024\/07\/nordwise-hapusaia-juuretis-7g.png","contentUrl":"https:\/\/saksavorst.ee\/wp-content\/uploads\/2024\/07\/nordwise-hapusaia-juuretis-7g.png","width":800,"height":800},{"@type":"BreadcrumbList","@id":"https:\/\/saksavorst.ee\/lv\/produkts\/nordwise-rugpiena-rupjmaizes-cepsanas-sakuma-komplekts-7g\/#breadcrumb","itemListElement":[{"@type":"ListItem","position":1,"name":"Home","item":"https:\/\/saksavorst.ee\/lv\/"},{"@type":"ListItem","position":2,"name":"Veikals","item":"https:\/\/saksavorst.ee\/lv\/veikals\/"},{"@type":"ListItem","position":3,"name":"Nordwise r\u016bgpiena rupjmaizes cep\u0161anas s\u0101kuma komplekts 7g"}]},{"@type":"WebSite","@id":"https:\/\/saksavorst.ee\/lv\/#website","url":"https:\/\/saksavorst.ee\/lv\/","name":"Saksavorst","description":"Feel the taste of emotions","publisher":{"@id":"https:\/\/saksavorst.ee\/lv\/#organization"},"alternateName":"Veikand","potentialAction":[{"@type":"SearchAction","target":{"@type":"EntryPoint","urlTemplate":"https:\/\/saksavorst.ee\/lv\/?s={search_term_string}"},"query-input":{"@type":"PropertyValueSpecification","valueRequired":true,"valueName":"search_term_string"}}],"inLanguage":"lv-LV"},{"@type":"Organization","@id":"https:\/\/saksavorst.ee\/lv\/#organization","name":"Saksavorst","alternateName":"Veikand","url":"https:\/\/saksavorst.ee\/lv\/","logo":{"@type":"ImageObject","inLanguage":"lv-LV","@id":"https:\/\/saksavorst.ee\/lv\/#\/schema\/logo\/image\/","url":"https:\/\/saksavorst.ee\/wp-content\/uploads\/2023\/05\/veikand-logo.jpg","contentUrl":"https:\/\/saksavorst.ee\/wp-content\/uploads\/2023\/05\/veikand-logo.jpg","width":217,"height":217,"caption":"Saksavorst"},"image":{"@id":"https:\/\/saksavorst.ee\/lv\/#\/schema\/logo\/image\/"},"sameAs":["https:\/\/www.facebook.com\/Veikand"]}]}},"_links":{"self":[{"href":"https:\/\/saksavorst.ee\/lv\/wp-json\/wp\/v2\/product\/37899","targetHints":{"allow":["GET"]}}],"collection":[{"href":"https:\/\/saksavorst.ee\/lv\/wp-json\/wp\/v2\/product"}],"about":[{"href":"https:\/\/saksavorst.ee\/lv\/wp-json\/wp\/v2\/types\/product"}],"version-history":[{"count":1,"href":"https:\/\/saksavorst.ee\/lv\/wp-json\/wp\/v2\/product\/37899\/revisions"}],"predecessor-version":[{"id":44321,"href":"https:\/\/saksavorst.ee\/lv\/wp-json\/wp\/v2\/product\/37899\/revisions\/44321"}],"wp:featuredmedia":[{"embeddable":true,"href":"https:\/\/saksavorst.ee\/lv\/wp-json\/wp\/v2\/media\/37903"}],"wp:attachment":[{"href":"https:\/\/saksavorst.ee\/lv\/wp-json\/wp\/v2\/media?parent=37899"}],"wp:term":[{"taxonomy":"product_brand","embeddable":true,"href":"https:\/\/saksavorst.ee\/lv\/wp-json\/wp\/v2\/product_brand?post=37899"},{"taxonomy":"product_cat","embeddable":true,"href":"https:\/\/saksavorst.ee\/lv\/wp-json\/wp\/v2\/product_cat?post=37899"},{"taxonomy":"product_tag","embeddable":true,"href":"https:\/\/saksavorst.ee\/lv\/wp-json\/wp\/v2\/product_tag?post=37899"}],"curies":[{"name":"wp","href":"https:\/\/api.w.org\/{rel}","templated":true}]}}