{"id":37883,"date":"2024-07-29T09:44:16","date_gmt":"2024-07-29T07:44:16","guid":{"rendered":"https:\/\/saksavorst.ee\/?post_type=product&#038;p=37883"},"modified":"2025-07-01T14:58:07","modified_gmt":"2025-07-01T12:58:07","slug":"nordwise-dabiga-kodinasanas-startera-kultura-ar-garsvielam-205g","status":"publish","type":"product","link":"https:\/\/saksavorst.ee\/lv\/produkts\/nordwise-dabiga-kodinasanas-startera-kultura-ar-garsvielam-205g\/","title":{"rendered":"Nordwise dab\u012bg\u0101 kodin\u0101\u0161anas startera kult\u016bra ar gar\u0161viel\u0101m 20,5g"},"content":{"rendered":"<p><strong>Composition:<\/strong>kalt\u0113tas dilles, koriandrs, melnie pipari, m\u0101rrutku sakne, lauru lapas, pikantie pipari, kalt\u0113ti \u0137iploki, kalt\u0113ti burk\u0101ni, piensk\u0101bes bakt\u0113rija Lactobacillus plantarumTAK59<\/p>\n<p><strong>Quantity in group packaging:<\/strong> 12 pcs<\/p>\n<p>No 1 iepakojuma startera kult\u016bras ar gar\u0161viel\u0101m san\u0101k 2 kg raudz\u0113tu gur\u0137u.<\/p>\n<p><strong>Instructions: <\/strong><strong>2 kg marin\u0113tu gur\u0137u bez eti\u0137a sagatavo\u0161ana:<br \/>\n<\/strong>1. Nomazg\u0101jiet gur\u0137us un uz \u012bsu br\u012bdi iem\u0113rciet tos karst\u0101 \u016bden\u012b.<br \/>\n2. Sagatavojiet s\u0101l\u012bjumu atkar\u012bb\u0101 no izv\u0113l\u0113t\u0101s burkas izm\u0113ra. Uzv\u0101ra 1 litru \u016bdens, pievieno 2 \u0113damkarotes s\u0101ls un 1 \u0113damkaroti cukura. Atdzes\u0113jiet \u016bdeni l\u012bdz 40 \u00b0 C.<br \/>\n3. Sakraujiet gur\u0137i burk\u0101, starp gur\u0137iem p\u0101rkaisot starteri ar za\u013cumiem.<br \/>\n4. Atdzes\u0113tu s\u0101l\u012bjumu p\u0101rlej gur\u0137iem, lai tie b\u016btu piln\u012bb\u0101 iegremd\u0113ti \u016bden\u012b. Nekav\u0113joties aizveriet burku. Atst\u0101jiet burku telp\u0101 ar aptuveni 22\u00b0C.<br \/>\n5. Atkar\u012bb\u0101 no v\u0113lam\u0101 sk\u0101buma l\u012bme\u0146a ferment\u0101cija ilgst 1-2 dienas. Marin\u0113tus gur\u0137us var lietot uzreiz p\u0113c vai ar\u012b uzglab\u0101t ledusskap\u012b.<\/p>\n<p><strong>Storage: <\/strong>Store at + 2\u2026 + 6 \u00b0 C in the original package. Allowed to be kept at room temperature for up to 72 hours.<\/p>\n<p><strong>Produced by: <\/strong>BioCC O\u00dc<\/p>\n<p>&nbsp;<\/p>\n<p><iframe loading=\"lazy\" title=\"\ud83e\udd52 Kuidas valmistada hapukurke?\" width=\"500\" height=\"281\" src=\"https:\/\/www.youtube.com\/embed\/CWjFP1JBJyk?feature=oembed\" frameborder=\"0\" allow=\"accelerometer; autoplay; clipboard-write; encrypted-media; gyroscope; picture-in-picture; web-share\" referrerpolicy=\"strict-origin-when-cross-origin\" allowfullscreen><\/iframe><\/p>\n","protected":false},"excerpt":{"rendered":"<p>Unik\u0101l\u0101 dz\u012bv\u0101 piensk\u0101bes bakt\u0113rija L. plantarumTAK59 ar gar\u0161augu mais\u012bjumu uzs\u0101k un nodro\u0161ina pareizu un stabilu ferment\u0101cijas procesu, pazeminot gur\u0137u pH v\u0113rt\u012bbu no pirm\u0101s dienas l\u012bdz ferment\u0101cijas beig\u0101m.<\/p>\n","protected":false},"featured_media":37887,"template":"","meta":{"_acf_changed":false},"product_brand":[],"product_cat":[326],"product_tag":[],"class_list":{"0":"post-37883","1":"product","2":"type-product","3":"status-publish","4":"has-post-thumbnail","6":"product_cat-skabais","8":"first","9":"instock","10":"taxable","11":"shipping-taxable","12":"purchasable","13":"product-type-simple"},"acf":[],"yoast_head":"<!-- This site is optimized with the Yoast SEO plugin v27.3 - https:\/\/yoast.com\/product\/yoast-seo-wordpress\/ -->\n<title>Nordwise dab\u012bg\u0101 kodin\u0101\u0161anas startera kult\u016bra ar gar\u0161viel\u0101m 20,5g - Saksavorst<\/title>\n<meta name=\"robots\" content=\"index, follow, max-snippet:-1, max-image-preview:large, max-video-preview:-1\" \/>\n<link rel=\"canonical\" href=\"https:\/\/saksavorst.ee\/lv\/produkts\/nordwise-dabiga-kodinasanas-startera-kultura-ar-garsvielam-205g\/\" \/>\n<meta property=\"og:locale\" content=\"lv_LV\" \/>\n<meta property=\"og:type\" content=\"article\" \/>\n<meta property=\"og:title\" content=\"Nordwise dab\u012bg\u0101 kodin\u0101\u0161anas startera kult\u016bra ar gar\u0161viel\u0101m 20,5g - Saksavorst\" \/>\n<meta property=\"og:description\" content=\"Unik\u0101l\u0101 dz\u012bv\u0101 piensk\u0101bes bakt\u0113rija L. plantarumTAK59 ar gar\u0161augu mais\u012bjumu uzs\u0101k un nodro\u0161ina pareizu un stabilu ferment\u0101cijas procesu, pazeminot gur\u0137u pH v\u0113rt\u012bbu no pirm\u0101s dienas l\u012bdz ferment\u0101cijas beig\u0101m.\" \/>\n<meta property=\"og:url\" content=\"https:\/\/saksavorst.ee\/lv\/produkts\/nordwise-dabiga-kodinasanas-startera-kultura-ar-garsvielam-205g\/\" \/>\n<meta property=\"og:site_name\" content=\"Saksavorst\" \/>\n<meta property=\"article:publisher\" content=\"https:\/\/www.facebook.com\/Veikand\" \/>\n<meta property=\"article:modified_time\" content=\"2025-07-01T12:58:07+00:00\" \/>\n<meta property=\"og:image\" content=\"https:\/\/saksavorst.ee\/wp-content\/uploads\/2024\/07\/nordwise-kurkide-hapendamise-juuretis-204g.png\" \/>\n\t<meta property=\"og:image:width\" content=\"800\" \/>\n\t<meta property=\"og:image:height\" content=\"800\" \/>\n\t<meta property=\"og:image:type\" content=\"image\/png\" \/>\n<meta name=\"twitter:card\" content=\"summary_large_image\" \/>\n<meta name=\"twitter:label1\" content=\"Est. reading time\" \/>\n\t<meta name=\"twitter:data1\" content=\"2 minutes\" \/>\n<script type=\"application\/ld+json\" class=\"yoast-schema-graph\">{\"@context\":\"https:\\\/\\\/schema.org\",\"@graph\":[{\"@type\":\"WebPage\",\"@id\":\"https:\\\/\\\/saksavorst.ee\\\/lv\\\/produkts\\\/nordwise-dabiga-kodinasanas-startera-kultura-ar-garsvielam-205g\\\/\",\"url\":\"https:\\\/\\\/saksavorst.ee\\\/lv\\\/produkts\\\/nordwise-dabiga-kodinasanas-startera-kultura-ar-garsvielam-205g\\\/\",\"name\":\"Nordwise dab\u012bg\u0101 kodin\u0101\u0161anas startera kult\u016bra ar gar\u0161viel\u0101m 20,5g - Saksavorst\",\"isPartOf\":{\"@id\":\"https:\\\/\\\/saksavorst.ee\\\/lv\\\/#website\"},\"primaryImageOfPage\":{\"@id\":\"https:\\\/\\\/saksavorst.ee\\\/lv\\\/produkts\\\/nordwise-dabiga-kodinasanas-startera-kultura-ar-garsvielam-205g\\\/#primaryimage\"},\"image\":{\"@id\":\"https:\\\/\\\/saksavorst.ee\\\/lv\\\/produkts\\\/nordwise-dabiga-kodinasanas-startera-kultura-ar-garsvielam-205g\\\/#primaryimage\"},\"thumbnailUrl\":\"https:\\\/\\\/saksavorst.ee\\\/wp-content\\\/uploads\\\/2024\\\/07\\\/nordwise-kurkide-hapendamise-juuretis-204g.png\",\"datePublished\":\"2024-07-29T07:44:16+00:00\",\"dateModified\":\"2025-07-01T12:58:07+00:00\",\"breadcrumb\":{\"@id\":\"https:\\\/\\\/saksavorst.ee\\\/lv\\\/produkts\\\/nordwise-dabiga-kodinasanas-startera-kultura-ar-garsvielam-205g\\\/#breadcrumb\"},\"inLanguage\":\"lv-LV\",\"potentialAction\":[{\"@type\":\"ReadAction\",\"target\":[\"https:\\\/\\\/saksavorst.ee\\\/lv\\\/produkts\\\/nordwise-dabiga-kodinasanas-startera-kultura-ar-garsvielam-205g\\\/\"]}]},{\"@type\":\"ImageObject\",\"inLanguage\":\"lv-LV\",\"@id\":\"https:\\\/\\\/saksavorst.ee\\\/lv\\\/produkts\\\/nordwise-dabiga-kodinasanas-startera-kultura-ar-garsvielam-205g\\\/#primaryimage\",\"url\":\"https:\\\/\\\/saksavorst.ee\\\/wp-content\\\/uploads\\\/2024\\\/07\\\/nordwise-kurkide-hapendamise-juuretis-204g.png\",\"contentUrl\":\"https:\\\/\\\/saksavorst.ee\\\/wp-content\\\/uploads\\\/2024\\\/07\\\/nordwise-kurkide-hapendamise-juuretis-204g.png\",\"width\":800,\"height\":800},{\"@type\":\"BreadcrumbList\",\"@id\":\"https:\\\/\\\/saksavorst.ee\\\/lv\\\/produkts\\\/nordwise-dabiga-kodinasanas-startera-kultura-ar-garsvielam-205g\\\/#breadcrumb\",\"itemListElement\":[{\"@type\":\"ListItem\",\"position\":1,\"name\":\"Home\",\"item\":\"https:\\\/\\\/saksavorst.ee\\\/lv\\\/\"},{\"@type\":\"ListItem\",\"position\":2,\"name\":\"Veikals\",\"item\":\"https:\\\/\\\/saksavorst.ee\\\/lv\\\/veikals\\\/\"},{\"@type\":\"ListItem\",\"position\":3,\"name\":\"Nordwise dab\u012bg\u0101 kodin\u0101\u0161anas startera kult\u016bra ar gar\u0161viel\u0101m 20,5g\"}]},{\"@type\":\"WebSite\",\"@id\":\"https:\\\/\\\/saksavorst.ee\\\/lv\\\/#website\",\"url\":\"https:\\\/\\\/saksavorst.ee\\\/lv\\\/\",\"name\":\"Saksavorst\",\"description\":\"Feel the taste of emotions\",\"publisher\":{\"@id\":\"https:\\\/\\\/saksavorst.ee\\\/lv\\\/#organization\"},\"alternateName\":\"Veikand\",\"potentialAction\":[{\"@type\":\"SearchAction\",\"target\":{\"@type\":\"EntryPoint\",\"urlTemplate\":\"https:\\\/\\\/saksavorst.ee\\\/lv\\\/?s={search_term_string}\"},\"query-input\":{\"@type\":\"PropertyValueSpecification\",\"valueRequired\":true,\"valueName\":\"search_term_string\"}}],\"inLanguage\":\"lv-LV\"},{\"@type\":\"Organization\",\"@id\":\"https:\\\/\\\/saksavorst.ee\\\/lv\\\/#organization\",\"name\":\"Saksavorst\",\"alternateName\":\"Veikand\",\"url\":\"https:\\\/\\\/saksavorst.ee\\\/lv\\\/\",\"logo\":{\"@type\":\"ImageObject\",\"inLanguage\":\"lv-LV\",\"@id\":\"https:\\\/\\\/saksavorst.ee\\\/lv\\\/#\\\/schema\\\/logo\\\/image\\\/\",\"url\":\"https:\\\/\\\/saksavorst.ee\\\/wp-content\\\/uploads\\\/2023\\\/05\\\/veikand-logo.jpg\",\"contentUrl\":\"https:\\\/\\\/saksavorst.ee\\\/wp-content\\\/uploads\\\/2023\\\/05\\\/veikand-logo.jpg\",\"width\":217,\"height\":217,\"caption\":\"Saksavorst\"},\"image\":{\"@id\":\"https:\\\/\\\/saksavorst.ee\\\/lv\\\/#\\\/schema\\\/logo\\\/image\\\/\"},\"sameAs\":[\"https:\\\/\\\/www.facebook.com\\\/Veikand\"]}]}<\/script>\n<!-- \/ Yoast SEO plugin. -->","yoast_head_json":{"title":"Nordwise dab\u012bg\u0101 kodin\u0101\u0161anas startera kult\u016bra ar gar\u0161viel\u0101m 20,5g - Saksavorst","robots":{"index":"index","follow":"follow","max-snippet":"max-snippet:-1","max-image-preview":"max-image-preview:large","max-video-preview":"max-video-preview:-1"},"canonical":"https:\/\/saksavorst.ee\/lv\/produkts\/nordwise-dabiga-kodinasanas-startera-kultura-ar-garsvielam-205g\/","og_locale":"lv_LV","og_type":"article","og_title":"Nordwise dab\u012bg\u0101 kodin\u0101\u0161anas startera kult\u016bra ar gar\u0161viel\u0101m 20,5g - Saksavorst","og_description":"Unik\u0101l\u0101 dz\u012bv\u0101 piensk\u0101bes bakt\u0113rija L. plantarumTAK59 ar gar\u0161augu mais\u012bjumu uzs\u0101k un nodro\u0161ina pareizu un stabilu ferment\u0101cijas procesu, pazeminot gur\u0137u pH v\u0113rt\u012bbu no pirm\u0101s dienas l\u012bdz ferment\u0101cijas beig\u0101m.","og_url":"https:\/\/saksavorst.ee\/lv\/produkts\/nordwise-dabiga-kodinasanas-startera-kultura-ar-garsvielam-205g\/","og_site_name":"Saksavorst","article_publisher":"https:\/\/www.facebook.com\/Veikand","article_modified_time":"2025-07-01T12:58:07+00:00","og_image":[{"width":800,"height":800,"url":"https:\/\/saksavorst.ee\/wp-content\/uploads\/2024\/07\/nordwise-kurkide-hapendamise-juuretis-204g.png","type":"image\/png"}],"twitter_card":"summary_large_image","twitter_misc":{"Est. reading time":"2 minutes"},"schema":{"@context":"https:\/\/schema.org","@graph":[{"@type":"WebPage","@id":"https:\/\/saksavorst.ee\/lv\/produkts\/nordwise-dabiga-kodinasanas-startera-kultura-ar-garsvielam-205g\/","url":"https:\/\/saksavorst.ee\/lv\/produkts\/nordwise-dabiga-kodinasanas-startera-kultura-ar-garsvielam-205g\/","name":"Nordwise dab\u012bg\u0101 kodin\u0101\u0161anas startera kult\u016bra ar gar\u0161viel\u0101m 20,5g - Saksavorst","isPartOf":{"@id":"https:\/\/saksavorst.ee\/lv\/#website"},"primaryImageOfPage":{"@id":"https:\/\/saksavorst.ee\/lv\/produkts\/nordwise-dabiga-kodinasanas-startera-kultura-ar-garsvielam-205g\/#primaryimage"},"image":{"@id":"https:\/\/saksavorst.ee\/lv\/produkts\/nordwise-dabiga-kodinasanas-startera-kultura-ar-garsvielam-205g\/#primaryimage"},"thumbnailUrl":"https:\/\/saksavorst.ee\/wp-content\/uploads\/2024\/07\/nordwise-kurkide-hapendamise-juuretis-204g.png","datePublished":"2024-07-29T07:44:16+00:00","dateModified":"2025-07-01T12:58:07+00:00","breadcrumb":{"@id":"https:\/\/saksavorst.ee\/lv\/produkts\/nordwise-dabiga-kodinasanas-startera-kultura-ar-garsvielam-205g\/#breadcrumb"},"inLanguage":"lv-LV","potentialAction":[{"@type":"ReadAction","target":["https:\/\/saksavorst.ee\/lv\/produkts\/nordwise-dabiga-kodinasanas-startera-kultura-ar-garsvielam-205g\/"]}]},{"@type":"ImageObject","inLanguage":"lv-LV","@id":"https:\/\/saksavorst.ee\/lv\/produkts\/nordwise-dabiga-kodinasanas-startera-kultura-ar-garsvielam-205g\/#primaryimage","url":"https:\/\/saksavorst.ee\/wp-content\/uploads\/2024\/07\/nordwise-kurkide-hapendamise-juuretis-204g.png","contentUrl":"https:\/\/saksavorst.ee\/wp-content\/uploads\/2024\/07\/nordwise-kurkide-hapendamise-juuretis-204g.png","width":800,"height":800},{"@type":"BreadcrumbList","@id":"https:\/\/saksavorst.ee\/lv\/produkts\/nordwise-dabiga-kodinasanas-startera-kultura-ar-garsvielam-205g\/#breadcrumb","itemListElement":[{"@type":"ListItem","position":1,"name":"Home","item":"https:\/\/saksavorst.ee\/lv\/"},{"@type":"ListItem","position":2,"name":"Veikals","item":"https:\/\/saksavorst.ee\/lv\/veikals\/"},{"@type":"ListItem","position":3,"name":"Nordwise dab\u012bg\u0101 kodin\u0101\u0161anas startera kult\u016bra ar gar\u0161viel\u0101m 20,5g"}]},{"@type":"WebSite","@id":"https:\/\/saksavorst.ee\/lv\/#website","url":"https:\/\/saksavorst.ee\/lv\/","name":"Saksavorst","description":"Feel the taste of emotions","publisher":{"@id":"https:\/\/saksavorst.ee\/lv\/#organization"},"alternateName":"Veikand","potentialAction":[{"@type":"SearchAction","target":{"@type":"EntryPoint","urlTemplate":"https:\/\/saksavorst.ee\/lv\/?s={search_term_string}"},"query-input":{"@type":"PropertyValueSpecification","valueRequired":true,"valueName":"search_term_string"}}],"inLanguage":"lv-LV"},{"@type":"Organization","@id":"https:\/\/saksavorst.ee\/lv\/#organization","name":"Saksavorst","alternateName":"Veikand","url":"https:\/\/saksavorst.ee\/lv\/","logo":{"@type":"ImageObject","inLanguage":"lv-LV","@id":"https:\/\/saksavorst.ee\/lv\/#\/schema\/logo\/image\/","url":"https:\/\/saksavorst.ee\/wp-content\/uploads\/2023\/05\/veikand-logo.jpg","contentUrl":"https:\/\/saksavorst.ee\/wp-content\/uploads\/2023\/05\/veikand-logo.jpg","width":217,"height":217,"caption":"Saksavorst"},"image":{"@id":"https:\/\/saksavorst.ee\/lv\/#\/schema\/logo\/image\/"},"sameAs":["https:\/\/www.facebook.com\/Veikand"]}]}},"_links":{"self":[{"href":"https:\/\/saksavorst.ee\/lv\/wp-json\/wp\/v2\/product\/37883","targetHints":{"allow":["GET"]}}],"collection":[{"href":"https:\/\/saksavorst.ee\/lv\/wp-json\/wp\/v2\/product"}],"about":[{"href":"https:\/\/saksavorst.ee\/lv\/wp-json\/wp\/v2\/types\/product"}],"version-history":[{"count":1,"href":"https:\/\/saksavorst.ee\/lv\/wp-json\/wp\/v2\/product\/37883\/revisions"}],"predecessor-version":[{"id":43026,"href":"https:\/\/saksavorst.ee\/lv\/wp-json\/wp\/v2\/product\/37883\/revisions\/43026"}],"wp:featuredmedia":[{"embeddable":true,"href":"https:\/\/saksavorst.ee\/lv\/wp-json\/wp\/v2\/media\/37887"}],"wp:attachment":[{"href":"https:\/\/saksavorst.ee\/lv\/wp-json\/wp\/v2\/media?parent=37883"}],"wp:term":[{"taxonomy":"product_brand","embeddable":true,"href":"https:\/\/saksavorst.ee\/lv\/wp-json\/wp\/v2\/product_brand?post=37883"},{"taxonomy":"product_cat","embeddable":true,"href":"https:\/\/saksavorst.ee\/lv\/wp-json\/wp\/v2\/product_cat?post=37883"},{"taxonomy":"product_tag","embeddable":true,"href":"https:\/\/saksavorst.ee\/lv\/wp-json\/wp\/v2\/product_tag?post=37883"}],"curies":[{"name":"wp","href":"https:\/\/api.w.org\/{rel}","templated":true}]}}