{"id":36121,"date":"2024-05-15T11:53:09","date_gmt":"2024-05-15T09:53:09","guid":{"rendered":"https:\/\/saksavorst.ee\/?post_type=product&#038;p=36121"},"modified":"2025-08-04T15:02:29","modified_gmt":"2025-08-04T13:02:29","slug":"nordwise-saldskabas-rupjmaizes-cepsanas-sakuma-komplekts-13g","status":"publish","type":"product","link":"https:\/\/saksavorst.ee\/lv\/produkts\/nordwise-saldskabas-rupjmaizes-cepsanas-sakuma-komplekts-13g\/","title":{"rendered":"Nordwise saldsk\u0101b\u0101s rupjmaizes cep\u0161anas s\u0101kuma komplekts 13g"},"content":{"rendered":"<p><strong>Composition: <\/strong>dried yeast Saccharomyces cerevisiae, lactic acid bacterium Lactobacillus plantarum TAK59<\/p>\n<p><strong>Quantity in group packaging:<\/strong> 10 pcs<\/p>\n<p>Bread sourdough contains sourdough culture and yeast for baking one 850 g homemade bread.<\/p>\n<p><strong>Instructions:<br \/>\n<\/strong>1. Add 500 ml of lukewarm water, 200 g of rye flour and a packet of powdered leaven into a bowl and mix thoroughly.<br \/>\n2. Cover the bowl with a clean linen towel and leave the mixture to ferment for 10-12 h at room temperature.<br \/>\n3. Add 50 g of sugar, 10 g of salt and a packet of dried yeast to the fermented dough for the dough to rise. Finally add 250 g of rye flour and any other desired additives.<br \/>\n4. Pour the dough into a bread form which is either greased with butter or covered with parchment paper. Make a few holes with your fingers to evaluate the rising of dough (holes should disappear when dough rises).<br \/>\n5. Cover the bread form with a towel and let it rise for one hour in room temperature.<br \/>\n6. Brush the surface of the bread dough with water so the crust wouldn\u2019t break during baking.<br \/>\n7. Preheat the oven to 220 \u00b0C and bake for 20 minutes, then reduce the heat to 180 \u00b0C and bake for another 60 minutes.<br \/>\n8. Leave the bread to cool under a towel. To retain moisture, slightly brush bread with water or grease it with water.<strong><br \/>\n<\/strong><\/p>\n<p><strong>Storage: <\/strong>Store at + 2\u2026 + 6 \u00b0 C in the original package. Allowed to be kept at room temperature for up to 72 hours.<\/p>\n<p><strong>Produced by: <\/strong>BioCC O\u00dc<\/p>\n<p>&nbsp;<\/p>\n<p>&nbsp;<\/p>\n<p><iframe loading=\"lazy\" title=\"\ud83c\udf5e Kuidas valmistada leiba?\" width=\"500\" height=\"281\" src=\"https:\/\/www.youtube.com\/embed\/2-z8xeadLA0?feature=oembed\" frameborder=\"0\" allow=\"accelerometer; autoplay; clipboard-write; encrypted-media; gyroscope; picture-in-picture; web-share\" referrerpolicy=\"strict-origin-when-cross-origin\" allowfullscreen><\/iframe><\/p>\n","protected":false},"excerpt":{"rendered":"<p>Cep maizi m\u0101j\u0101s!<\/p>\n<p>Unik\u0101l\u0101 Nordwise\u00ae maizes sk\u0101buma ferment\u0101cijas kult\u016bra Lactobacillus plantarum TAK59 nodro\u0161ina maizes m\u012bklas raudz\u0113\u0161anai nepiecie\u0161am\u0101s bakt\u0113rijas, kas nodro\u0161ina pareizu un stabilu r\u016bg\u0161anas procesu.<\/p>\n<p>Maizes raudz\u0113\u0161anas kast\u0113 atrad\u012bsiet paci\u0146u ar sk\u0101bu un raugu.<\/p>\n","protected":false},"featured_media":36125,"template":"","meta":{"_acf_changed":false},"product_brand":[],"product_cat":[326],"product_tag":[],"class_list":{"0":"post-36121","1":"product","2":"type-product","3":"status-publish","4":"has-post-thumbnail","6":"product_cat-skabais","8":"first","9":"instock","10":"taxable","11":"shipping-taxable","12":"purchasable","13":"product-type-simple"},"acf":[],"yoast_head":"<!-- This site is optimized with the Yoast SEO plugin v27.3 - https:\/\/yoast.com\/product\/yoast-seo-wordpress\/ -->\n<title>Nordwise saldsk\u0101b\u0101s rupjmaizes cep\u0161anas s\u0101kuma komplekts 13g - Saksavorst<\/title>\n<meta name=\"robots\" content=\"index, follow, max-snippet:-1, max-image-preview:large, max-video-preview:-1\" \/>\n<link rel=\"canonical\" href=\"https:\/\/saksavorst.ee\/lv\/produkts\/nordwise-saldskabas-rupjmaizes-cepsanas-sakuma-komplekts-13g\/\" \/>\n<meta property=\"og:locale\" content=\"lv_LV\" \/>\n<meta property=\"og:type\" content=\"article\" \/>\n<meta property=\"og:title\" content=\"Nordwise saldsk\u0101b\u0101s rupjmaizes cep\u0161anas s\u0101kuma komplekts 13g - Saksavorst\" \/>\n<meta property=\"og:description\" content=\"Cep maizi m\u0101j\u0101s!  Unik\u0101l\u0101 Nordwise\u00ae maizes sk\u0101buma ferment\u0101cijas kult\u016bra Lactobacillus plantarum TAK59 nodro\u0161ina maizes m\u012bklas raudz\u0113\u0161anai nepiecie\u0161am\u0101s bakt\u0113rijas, kas nodro\u0161ina pareizu un stabilu r\u016bg\u0161anas procesu.  Maizes raudz\u0113\u0161anas kast\u0113 atrad\u012bsiet paci\u0146u ar sk\u0101bu un raugu.\" \/>\n<meta property=\"og:url\" content=\"https:\/\/saksavorst.ee\/lv\/produkts\/nordwise-saldskabas-rupjmaizes-cepsanas-sakuma-komplekts-13g\/\" \/>\n<meta property=\"og:site_name\" content=\"Saksavorst\" \/>\n<meta property=\"article:publisher\" content=\"https:\/\/www.facebook.com\/Veikand\" \/>\n<meta property=\"article:modified_time\" content=\"2025-08-04T13:02:29+00:00\" \/>\n<meta property=\"og:image\" content=\"https:\/\/saksavorst.ee\/wp-content\/uploads\/2024\/05\/nordwise-leivajuuretis-13g.png\" \/>\n\t<meta property=\"og:image:width\" content=\"800\" \/>\n\t<meta property=\"og:image:height\" content=\"800\" \/>\n\t<meta property=\"og:image:type\" content=\"image\/png\" \/>\n<meta name=\"twitter:card\" content=\"summary_large_image\" \/>\n<meta name=\"twitter:label1\" content=\"Est. reading time\" \/>\n\t<meta name=\"twitter:data1\" content=\"2 minutes\" \/>\n<script type=\"application\/ld+json\" class=\"yoast-schema-graph\">{\"@context\":\"https:\\\/\\\/schema.org\",\"@graph\":[{\"@type\":\"WebPage\",\"@id\":\"https:\\\/\\\/saksavorst.ee\\\/lv\\\/produkts\\\/nordwise-saldskabas-rupjmaizes-cepsanas-sakuma-komplekts-13g\\\/\",\"url\":\"https:\\\/\\\/saksavorst.ee\\\/lv\\\/produkts\\\/nordwise-saldskabas-rupjmaizes-cepsanas-sakuma-komplekts-13g\\\/\",\"name\":\"Nordwise saldsk\u0101b\u0101s rupjmaizes cep\u0161anas s\u0101kuma komplekts 13g - Saksavorst\",\"isPartOf\":{\"@id\":\"https:\\\/\\\/saksavorst.ee\\\/lv\\\/#website\"},\"primaryImageOfPage\":{\"@id\":\"https:\\\/\\\/saksavorst.ee\\\/lv\\\/produkts\\\/nordwise-saldskabas-rupjmaizes-cepsanas-sakuma-komplekts-13g\\\/#primaryimage\"},\"image\":{\"@id\":\"https:\\\/\\\/saksavorst.ee\\\/lv\\\/produkts\\\/nordwise-saldskabas-rupjmaizes-cepsanas-sakuma-komplekts-13g\\\/#primaryimage\"},\"thumbnailUrl\":\"https:\\\/\\\/saksavorst.ee\\\/wp-content\\\/uploads\\\/2024\\\/05\\\/nordwise-leivajuuretis-13g.png\",\"datePublished\":\"2024-05-15T09:53:09+00:00\",\"dateModified\":\"2025-08-04T13:02:29+00:00\",\"breadcrumb\":{\"@id\":\"https:\\\/\\\/saksavorst.ee\\\/lv\\\/produkts\\\/nordwise-saldskabas-rupjmaizes-cepsanas-sakuma-komplekts-13g\\\/#breadcrumb\"},\"inLanguage\":\"lv-LV\",\"potentialAction\":[{\"@type\":\"ReadAction\",\"target\":[\"https:\\\/\\\/saksavorst.ee\\\/lv\\\/produkts\\\/nordwise-saldskabas-rupjmaizes-cepsanas-sakuma-komplekts-13g\\\/\"]}]},{\"@type\":\"ImageObject\",\"inLanguage\":\"lv-LV\",\"@id\":\"https:\\\/\\\/saksavorst.ee\\\/lv\\\/produkts\\\/nordwise-saldskabas-rupjmaizes-cepsanas-sakuma-komplekts-13g\\\/#primaryimage\",\"url\":\"https:\\\/\\\/saksavorst.ee\\\/wp-content\\\/uploads\\\/2024\\\/05\\\/nordwise-leivajuuretis-13g.png\",\"contentUrl\":\"https:\\\/\\\/saksavorst.ee\\\/wp-content\\\/uploads\\\/2024\\\/05\\\/nordwise-leivajuuretis-13g.png\",\"width\":800,\"height\":800},{\"@type\":\"BreadcrumbList\",\"@id\":\"https:\\\/\\\/saksavorst.ee\\\/lv\\\/produkts\\\/nordwise-saldskabas-rupjmaizes-cepsanas-sakuma-komplekts-13g\\\/#breadcrumb\",\"itemListElement\":[{\"@type\":\"ListItem\",\"position\":1,\"name\":\"Home\",\"item\":\"https:\\\/\\\/saksavorst.ee\\\/lv\\\/\"},{\"@type\":\"ListItem\",\"position\":2,\"name\":\"Veikals\",\"item\":\"https:\\\/\\\/saksavorst.ee\\\/lv\\\/veikals\\\/\"},{\"@type\":\"ListItem\",\"position\":3,\"name\":\"Nordwise saldsk\u0101b\u0101s rupjmaizes cep\u0161anas s\u0101kuma komplekts 13g\"}]},{\"@type\":\"WebSite\",\"@id\":\"https:\\\/\\\/saksavorst.ee\\\/lv\\\/#website\",\"url\":\"https:\\\/\\\/saksavorst.ee\\\/lv\\\/\",\"name\":\"Saksavorst\",\"description\":\"Feel the taste of emotions\",\"publisher\":{\"@id\":\"https:\\\/\\\/saksavorst.ee\\\/lv\\\/#organization\"},\"alternateName\":\"Veikand\",\"potentialAction\":[{\"@type\":\"SearchAction\",\"target\":{\"@type\":\"EntryPoint\",\"urlTemplate\":\"https:\\\/\\\/saksavorst.ee\\\/lv\\\/?s={search_term_string}\"},\"query-input\":{\"@type\":\"PropertyValueSpecification\",\"valueRequired\":true,\"valueName\":\"search_term_string\"}}],\"inLanguage\":\"lv-LV\"},{\"@type\":\"Organization\",\"@id\":\"https:\\\/\\\/saksavorst.ee\\\/lv\\\/#organization\",\"name\":\"Saksavorst\",\"alternateName\":\"Veikand\",\"url\":\"https:\\\/\\\/saksavorst.ee\\\/lv\\\/\",\"logo\":{\"@type\":\"ImageObject\",\"inLanguage\":\"lv-LV\",\"@id\":\"https:\\\/\\\/saksavorst.ee\\\/lv\\\/#\\\/schema\\\/logo\\\/image\\\/\",\"url\":\"https:\\\/\\\/saksavorst.ee\\\/wp-content\\\/uploads\\\/2023\\\/05\\\/veikand-logo.jpg\",\"contentUrl\":\"https:\\\/\\\/saksavorst.ee\\\/wp-content\\\/uploads\\\/2023\\\/05\\\/veikand-logo.jpg\",\"width\":217,\"height\":217,\"caption\":\"Saksavorst\"},\"image\":{\"@id\":\"https:\\\/\\\/saksavorst.ee\\\/lv\\\/#\\\/schema\\\/logo\\\/image\\\/\"},\"sameAs\":[\"https:\\\/\\\/www.facebook.com\\\/Veikand\"]}]}<\/script>\n<!-- \/ Yoast SEO plugin. -->","yoast_head_json":{"title":"Nordwise saldsk\u0101b\u0101s rupjmaizes cep\u0161anas s\u0101kuma komplekts 13g - Saksavorst","robots":{"index":"index","follow":"follow","max-snippet":"max-snippet:-1","max-image-preview":"max-image-preview:large","max-video-preview":"max-video-preview:-1"},"canonical":"https:\/\/saksavorst.ee\/lv\/produkts\/nordwise-saldskabas-rupjmaizes-cepsanas-sakuma-komplekts-13g\/","og_locale":"lv_LV","og_type":"article","og_title":"Nordwise saldsk\u0101b\u0101s rupjmaizes cep\u0161anas s\u0101kuma komplekts 13g - Saksavorst","og_description":"Cep maizi m\u0101j\u0101s!  Unik\u0101l\u0101 Nordwise\u00ae maizes sk\u0101buma ferment\u0101cijas kult\u016bra Lactobacillus plantarum TAK59 nodro\u0161ina maizes m\u012bklas raudz\u0113\u0161anai nepiecie\u0161am\u0101s bakt\u0113rijas, kas nodro\u0161ina pareizu un stabilu r\u016bg\u0161anas procesu.  Maizes raudz\u0113\u0161anas kast\u0113 atrad\u012bsiet paci\u0146u ar sk\u0101bu un raugu.","og_url":"https:\/\/saksavorst.ee\/lv\/produkts\/nordwise-saldskabas-rupjmaizes-cepsanas-sakuma-komplekts-13g\/","og_site_name":"Saksavorst","article_publisher":"https:\/\/www.facebook.com\/Veikand","article_modified_time":"2025-08-04T13:02:29+00:00","og_image":[{"width":800,"height":800,"url":"https:\/\/saksavorst.ee\/wp-content\/uploads\/2024\/05\/nordwise-leivajuuretis-13g.png","type":"image\/png"}],"twitter_card":"summary_large_image","twitter_misc":{"Est. reading time":"2 minutes"},"schema":{"@context":"https:\/\/schema.org","@graph":[{"@type":"WebPage","@id":"https:\/\/saksavorst.ee\/lv\/produkts\/nordwise-saldskabas-rupjmaizes-cepsanas-sakuma-komplekts-13g\/","url":"https:\/\/saksavorst.ee\/lv\/produkts\/nordwise-saldskabas-rupjmaizes-cepsanas-sakuma-komplekts-13g\/","name":"Nordwise saldsk\u0101b\u0101s rupjmaizes cep\u0161anas s\u0101kuma komplekts 13g - Saksavorst","isPartOf":{"@id":"https:\/\/saksavorst.ee\/lv\/#website"},"primaryImageOfPage":{"@id":"https:\/\/saksavorst.ee\/lv\/produkts\/nordwise-saldskabas-rupjmaizes-cepsanas-sakuma-komplekts-13g\/#primaryimage"},"image":{"@id":"https:\/\/saksavorst.ee\/lv\/produkts\/nordwise-saldskabas-rupjmaizes-cepsanas-sakuma-komplekts-13g\/#primaryimage"},"thumbnailUrl":"https:\/\/saksavorst.ee\/wp-content\/uploads\/2024\/05\/nordwise-leivajuuretis-13g.png","datePublished":"2024-05-15T09:53:09+00:00","dateModified":"2025-08-04T13:02:29+00:00","breadcrumb":{"@id":"https:\/\/saksavorst.ee\/lv\/produkts\/nordwise-saldskabas-rupjmaizes-cepsanas-sakuma-komplekts-13g\/#breadcrumb"},"inLanguage":"lv-LV","potentialAction":[{"@type":"ReadAction","target":["https:\/\/saksavorst.ee\/lv\/produkts\/nordwise-saldskabas-rupjmaizes-cepsanas-sakuma-komplekts-13g\/"]}]},{"@type":"ImageObject","inLanguage":"lv-LV","@id":"https:\/\/saksavorst.ee\/lv\/produkts\/nordwise-saldskabas-rupjmaizes-cepsanas-sakuma-komplekts-13g\/#primaryimage","url":"https:\/\/saksavorst.ee\/wp-content\/uploads\/2024\/05\/nordwise-leivajuuretis-13g.png","contentUrl":"https:\/\/saksavorst.ee\/wp-content\/uploads\/2024\/05\/nordwise-leivajuuretis-13g.png","width":800,"height":800},{"@type":"BreadcrumbList","@id":"https:\/\/saksavorst.ee\/lv\/produkts\/nordwise-saldskabas-rupjmaizes-cepsanas-sakuma-komplekts-13g\/#breadcrumb","itemListElement":[{"@type":"ListItem","position":1,"name":"Home","item":"https:\/\/saksavorst.ee\/lv\/"},{"@type":"ListItem","position":2,"name":"Veikals","item":"https:\/\/saksavorst.ee\/lv\/veikals\/"},{"@type":"ListItem","position":3,"name":"Nordwise saldsk\u0101b\u0101s rupjmaizes cep\u0161anas s\u0101kuma komplekts 13g"}]},{"@type":"WebSite","@id":"https:\/\/saksavorst.ee\/lv\/#website","url":"https:\/\/saksavorst.ee\/lv\/","name":"Saksavorst","description":"Feel the taste of emotions","publisher":{"@id":"https:\/\/saksavorst.ee\/lv\/#organization"},"alternateName":"Veikand","potentialAction":[{"@type":"SearchAction","target":{"@type":"EntryPoint","urlTemplate":"https:\/\/saksavorst.ee\/lv\/?s={search_term_string}"},"query-input":{"@type":"PropertyValueSpecification","valueRequired":true,"valueName":"search_term_string"}}],"inLanguage":"lv-LV"},{"@type":"Organization","@id":"https:\/\/saksavorst.ee\/lv\/#organization","name":"Saksavorst","alternateName":"Veikand","url":"https:\/\/saksavorst.ee\/lv\/","logo":{"@type":"ImageObject","inLanguage":"lv-LV","@id":"https:\/\/saksavorst.ee\/lv\/#\/schema\/logo\/image\/","url":"https:\/\/saksavorst.ee\/wp-content\/uploads\/2023\/05\/veikand-logo.jpg","contentUrl":"https:\/\/saksavorst.ee\/wp-content\/uploads\/2023\/05\/veikand-logo.jpg","width":217,"height":217,"caption":"Saksavorst"},"image":{"@id":"https:\/\/saksavorst.ee\/lv\/#\/schema\/logo\/image\/"},"sameAs":["https:\/\/www.facebook.com\/Veikand"]}]}},"_links":{"self":[{"href":"https:\/\/saksavorst.ee\/lv\/wp-json\/wp\/v2\/product\/36121","targetHints":{"allow":["GET"]}}],"collection":[{"href":"https:\/\/saksavorst.ee\/lv\/wp-json\/wp\/v2\/product"}],"about":[{"href":"https:\/\/saksavorst.ee\/lv\/wp-json\/wp\/v2\/types\/product"}],"version-history":[{"count":1,"href":"https:\/\/saksavorst.ee\/lv\/wp-json\/wp\/v2\/product\/36121\/revisions"}],"predecessor-version":[{"id":44337,"href":"https:\/\/saksavorst.ee\/lv\/wp-json\/wp\/v2\/product\/36121\/revisions\/44337"}],"wp:featuredmedia":[{"embeddable":true,"href":"https:\/\/saksavorst.ee\/lv\/wp-json\/wp\/v2\/media\/36125"}],"wp:attachment":[{"href":"https:\/\/saksavorst.ee\/lv\/wp-json\/wp\/v2\/media?parent=36121"}],"wp:term":[{"taxonomy":"product_brand","embeddable":true,"href":"https:\/\/saksavorst.ee\/lv\/wp-json\/wp\/v2\/product_brand?post=36121"},{"taxonomy":"product_cat","embeddable":true,"href":"https:\/\/saksavorst.ee\/lv\/wp-json\/wp\/v2\/product_cat?post=36121"},{"taxonomy":"product_tag","embeddable":true,"href":"https:\/\/saksavorst.ee\/lv\/wp-json\/wp\/v2\/product_tag?post=36121"}],"curies":[{"name":"wp","href":"https:\/\/api.w.org\/{rel}","templated":true}]}}