{"id":33868,"date":"2024-04-17T08:56:35","date_gmt":"2024-04-17T06:56:35","guid":{"rendered":"https:\/\/saksavorst.ee\/?post_type=product&#038;p=33868"},"modified":"2025-08-04T15:12:13","modified_gmt":"2025-08-04T13:12:13","slug":"veganu-apvalki-nutra-23-kaste","status":"publish","type":"product","link":"https:\/\/saksavorst.ee\/lv\/produkts\/veganu-apvalki-nutra-23-kaste\/","title":{"rendered":"Veg\u0101nu apvalki Nutra 23 kaste"},"content":{"rendered":"<h4><strong>APRAKSTS:<\/strong><\/h4>\n<p>Daudzums: 50 gofr\u0113ts iepakojums<\/p>\n<p>Sast\u0101vs: karagin\u0101ns, \u016bdens, glicer\u012bns un ciete<\/p>\n<p>Nesatur: dz\u012bvnieku izcelsmes produktus, alerg\u0113nus, \u0122MO, riekstus, soju, kvie\u0161us, glut\u0113nu un m\u0101ksl\u012bg\u0101s kr\u0101svielas<\/p>\n<p>Garums: 600 m<\/p>\n<p>Pat\u0113ri\u0146\u0161: No 600 m var pagatavot ~150 kg desas<\/p>\n<p>Uzglab\u0101t v\u0113s\u0101 (11\u201325 \u00b0C), saus\u0101 un tum\u0161\u0101 viet\u0101<\/p>\n<p>Ieteicams l\u012bdz: skat\u012bt uz iepakojuma (24 m\u0113ne\u0161i p\u0113c izgatavo\u0161anas)<\/p>\n<p>Ra\u017eots Kan\u0101d\u0101<\/p>\n<p>Ra\u017eot\u0101js: Nutracasing<\/p>\n<h4><strong>LIETO\u0160ANAS PAM\u0100C\u012aBA:<\/strong><\/h4>\n<p>M\u0113rc\u0113\u0161ana nav nepiecie\u0161ama, bet var pild\u012bt saus\u0101 veid\u0101 apvalk\u0101.<\/p>\n<p>Izvair\u012bties no saskares ar augstu mitruma l\u012bmeni, tvaiku vai karstu \u016bdeni.<\/p>\n","protected":false},"excerpt":{"rendered":"<p>Piem\u0113rots veg\u0101nisku desu un c\u012bsi\u0146u pagatavo\u0161anai.<\/p>\n","protected":false},"featured_media":30447,"template":"","meta":{"_acf_changed":false},"product_brand":[],"product_cat":[362,363],"product_tag":[],"class_list":{"0":"post-33868","1":"product","2":"type-product","3":"status-publish","4":"has-post-thumbnail","6":"product_cat-desu-apvalki","7":"product_cat-maksligie-apvalki","9":"first","10":"instock","11":"taxable","12":"shipping-taxable","13":"purchasable","14":"product-type-simple"},"acf":[],"yoast_head":"<!-- This site is optimized with the Yoast SEO plugin v27.3 - https:\/\/yoast.com\/product\/yoast-seo-wordpress\/ -->\n<title>Veg\u0101nu apvalki Nutra 23 kaste - Saksavorst<\/title>\n<meta name=\"robots\" content=\"index, follow, max-snippet:-1, max-image-preview:large, max-video-preview:-1\" \/>\n<link rel=\"canonical\" href=\"https:\/\/saksavorst.ee\/lv\/produkts\/veganu-apvalki-nutra-23-kaste\/\" \/>\n<meta property=\"og:locale\" content=\"lv_LV\" \/>\n<meta property=\"og:type\" content=\"article\" \/>\n<meta property=\"og:title\" content=\"Veg\u0101nu apvalki Nutra 23 kaste - Saksavorst\" \/>\n<meta property=\"og:description\" content=\"Piem\u0113rots veg\u0101nisku desu un c\u012bsi\u0146u pagatavo\u0161anai.\" \/>\n<meta property=\"og:url\" content=\"https:\/\/saksavorst.ee\/lv\/produkts\/veganu-apvalki-nutra-23-kaste\/\" \/>\n<meta property=\"og:site_name\" content=\"Saksavorst\" \/>\n<meta property=\"article:publisher\" content=\"https:\/\/www.facebook.com\/Veikand\" \/>\n<meta property=\"article:modified_time\" content=\"2025-08-04T13:12:13+00:00\" \/>\n<meta property=\"og:image\" content=\"https:\/\/saksavorst.ee\/wp-content\/uploads\/2019\/10\/vegankest-nutra-23-1.png\" \/>\n\t<meta property=\"og:image:width\" content=\"800\" \/>\n\t<meta property=\"og:image:height\" content=\"800\" \/>\n\t<meta property=\"og:image:type\" content=\"image\/png\" \/>\n<meta name=\"twitter:card\" content=\"summary_large_image\" \/>\n<meta name=\"twitter:label1\" content=\"Est. reading time\" \/>\n\t<meta name=\"twitter:data1\" content=\"1 minute\" \/>\n<script type=\"application\/ld+json\" class=\"yoast-schema-graph\">{\"@context\":\"https:\\\/\\\/schema.org\",\"@graph\":[{\"@type\":\"WebPage\",\"@id\":\"https:\\\/\\\/saksavorst.ee\\\/lv\\\/produkts\\\/veganu-apvalki-nutra-23-kaste\\\/\",\"url\":\"https:\\\/\\\/saksavorst.ee\\\/lv\\\/produkts\\\/veganu-apvalki-nutra-23-kaste\\\/\",\"name\":\"Veg\u0101nu apvalki Nutra 23 kaste - Saksavorst\",\"isPartOf\":{\"@id\":\"https:\\\/\\\/saksavorst.ee\\\/lv\\\/#website\"},\"primaryImageOfPage\":{\"@id\":\"https:\\\/\\\/saksavorst.ee\\\/lv\\\/produkts\\\/veganu-apvalki-nutra-23-kaste\\\/#primaryimage\"},\"image\":{\"@id\":\"https:\\\/\\\/saksavorst.ee\\\/lv\\\/produkts\\\/veganu-apvalki-nutra-23-kaste\\\/#primaryimage\"},\"thumbnailUrl\":\"https:\\\/\\\/saksavorst.ee\\\/wp-content\\\/uploads\\\/2019\\\/10\\\/vegankest-nutra-23-1.png\",\"datePublished\":\"2024-04-17T06:56:35+00:00\",\"dateModified\":\"2025-08-04T13:12:13+00:00\",\"breadcrumb\":{\"@id\":\"https:\\\/\\\/saksavorst.ee\\\/lv\\\/produkts\\\/veganu-apvalki-nutra-23-kaste\\\/#breadcrumb\"},\"inLanguage\":\"lv-LV\",\"potentialAction\":[{\"@type\":\"ReadAction\",\"target\":[\"https:\\\/\\\/saksavorst.ee\\\/lv\\\/produkts\\\/veganu-apvalki-nutra-23-kaste\\\/\"]}]},{\"@type\":\"ImageObject\",\"inLanguage\":\"lv-LV\",\"@id\":\"https:\\\/\\\/saksavorst.ee\\\/lv\\\/produkts\\\/veganu-apvalki-nutra-23-kaste\\\/#primaryimage\",\"url\":\"https:\\\/\\\/saksavorst.ee\\\/wp-content\\\/uploads\\\/2019\\\/10\\\/vegankest-nutra-23-1.png\",\"contentUrl\":\"https:\\\/\\\/saksavorst.ee\\\/wp-content\\\/uploads\\\/2019\\\/10\\\/vegankest-nutra-23-1.png\",\"width\":800,\"height\":800},{\"@type\":\"BreadcrumbList\",\"@id\":\"https:\\\/\\\/saksavorst.ee\\\/lv\\\/produkts\\\/veganu-apvalki-nutra-23-kaste\\\/#breadcrumb\",\"itemListElement\":[{\"@type\":\"ListItem\",\"position\":1,\"name\":\"Home\",\"item\":\"https:\\\/\\\/saksavorst.ee\\\/lv\\\/\"},{\"@type\":\"ListItem\",\"position\":2,\"name\":\"Veikals\",\"item\":\"https:\\\/\\\/saksavorst.ee\\\/lv\\\/veikals\\\/\"},{\"@type\":\"ListItem\",\"position\":3,\"name\":\"Veg\u0101nu apvalki Nutra 23 kaste\"}]},{\"@type\":\"WebSite\",\"@id\":\"https:\\\/\\\/saksavorst.ee\\\/lv\\\/#website\",\"url\":\"https:\\\/\\\/saksavorst.ee\\\/lv\\\/\",\"name\":\"Saksavorst\",\"description\":\"Feel the taste of emotions\",\"publisher\":{\"@id\":\"https:\\\/\\\/saksavorst.ee\\\/lv\\\/#organization\"},\"alternateName\":\"Veikand\",\"potentialAction\":[{\"@type\":\"SearchAction\",\"target\":{\"@type\":\"EntryPoint\",\"urlTemplate\":\"https:\\\/\\\/saksavorst.ee\\\/lv\\\/?s={search_term_string}\"},\"query-input\":{\"@type\":\"PropertyValueSpecification\",\"valueRequired\":true,\"valueName\":\"search_term_string\"}}],\"inLanguage\":\"lv-LV\"},{\"@type\":\"Organization\",\"@id\":\"https:\\\/\\\/saksavorst.ee\\\/lv\\\/#organization\",\"name\":\"Saksavorst\",\"alternateName\":\"Veikand\",\"url\":\"https:\\\/\\\/saksavorst.ee\\\/lv\\\/\",\"logo\":{\"@type\":\"ImageObject\",\"inLanguage\":\"lv-LV\",\"@id\":\"https:\\\/\\\/saksavorst.ee\\\/lv\\\/#\\\/schema\\\/logo\\\/image\\\/\",\"url\":\"https:\\\/\\\/saksavorst.ee\\\/wp-content\\\/uploads\\\/2023\\\/05\\\/veikand-logo.jpg\",\"contentUrl\":\"https:\\\/\\\/saksavorst.ee\\\/wp-content\\\/uploads\\\/2023\\\/05\\\/veikand-logo.jpg\",\"width\":217,\"height\":217,\"caption\":\"Saksavorst\"},\"image\":{\"@id\":\"https:\\\/\\\/saksavorst.ee\\\/lv\\\/#\\\/schema\\\/logo\\\/image\\\/\"},\"sameAs\":[\"https:\\\/\\\/www.facebook.com\\\/Veikand\"]}]}<\/script>\n<!-- \/ Yoast SEO plugin. -->","yoast_head_json":{"title":"Veg\u0101nu apvalki Nutra 23 kaste - Saksavorst","robots":{"index":"index","follow":"follow","max-snippet":"max-snippet:-1","max-image-preview":"max-image-preview:large","max-video-preview":"max-video-preview:-1"},"canonical":"https:\/\/saksavorst.ee\/lv\/produkts\/veganu-apvalki-nutra-23-kaste\/","og_locale":"lv_LV","og_type":"article","og_title":"Veg\u0101nu apvalki Nutra 23 kaste - Saksavorst","og_description":"Piem\u0113rots veg\u0101nisku desu un c\u012bsi\u0146u pagatavo\u0161anai.","og_url":"https:\/\/saksavorst.ee\/lv\/produkts\/veganu-apvalki-nutra-23-kaste\/","og_site_name":"Saksavorst","article_publisher":"https:\/\/www.facebook.com\/Veikand","article_modified_time":"2025-08-04T13:12:13+00:00","og_image":[{"width":800,"height":800,"url":"https:\/\/saksavorst.ee\/wp-content\/uploads\/2019\/10\/vegankest-nutra-23-1.png","type":"image\/png"}],"twitter_card":"summary_large_image","twitter_misc":{"Est. reading time":"1 minute"},"schema":{"@context":"https:\/\/schema.org","@graph":[{"@type":"WebPage","@id":"https:\/\/saksavorst.ee\/lv\/produkts\/veganu-apvalki-nutra-23-kaste\/","url":"https:\/\/saksavorst.ee\/lv\/produkts\/veganu-apvalki-nutra-23-kaste\/","name":"Veg\u0101nu apvalki Nutra 23 kaste - Saksavorst","isPartOf":{"@id":"https:\/\/saksavorst.ee\/lv\/#website"},"primaryImageOfPage":{"@id":"https:\/\/saksavorst.ee\/lv\/produkts\/veganu-apvalki-nutra-23-kaste\/#primaryimage"},"image":{"@id":"https:\/\/saksavorst.ee\/lv\/produkts\/veganu-apvalki-nutra-23-kaste\/#primaryimage"},"thumbnailUrl":"https:\/\/saksavorst.ee\/wp-content\/uploads\/2019\/10\/vegankest-nutra-23-1.png","datePublished":"2024-04-17T06:56:35+00:00","dateModified":"2025-08-04T13:12:13+00:00","breadcrumb":{"@id":"https:\/\/saksavorst.ee\/lv\/produkts\/veganu-apvalki-nutra-23-kaste\/#breadcrumb"},"inLanguage":"lv-LV","potentialAction":[{"@type":"ReadAction","target":["https:\/\/saksavorst.ee\/lv\/produkts\/veganu-apvalki-nutra-23-kaste\/"]}]},{"@type":"ImageObject","inLanguage":"lv-LV","@id":"https:\/\/saksavorst.ee\/lv\/produkts\/veganu-apvalki-nutra-23-kaste\/#primaryimage","url":"https:\/\/saksavorst.ee\/wp-content\/uploads\/2019\/10\/vegankest-nutra-23-1.png","contentUrl":"https:\/\/saksavorst.ee\/wp-content\/uploads\/2019\/10\/vegankest-nutra-23-1.png","width":800,"height":800},{"@type":"BreadcrumbList","@id":"https:\/\/saksavorst.ee\/lv\/produkts\/veganu-apvalki-nutra-23-kaste\/#breadcrumb","itemListElement":[{"@type":"ListItem","position":1,"name":"Home","item":"https:\/\/saksavorst.ee\/lv\/"},{"@type":"ListItem","position":2,"name":"Veikals","item":"https:\/\/saksavorst.ee\/lv\/veikals\/"},{"@type":"ListItem","position":3,"name":"Veg\u0101nu apvalki Nutra 23 kaste"}]},{"@type":"WebSite","@id":"https:\/\/saksavorst.ee\/lv\/#website","url":"https:\/\/saksavorst.ee\/lv\/","name":"Saksavorst","description":"Feel the taste of emotions","publisher":{"@id":"https:\/\/saksavorst.ee\/lv\/#organization"},"alternateName":"Veikand","potentialAction":[{"@type":"SearchAction","target":{"@type":"EntryPoint","urlTemplate":"https:\/\/saksavorst.ee\/lv\/?s={search_term_string}"},"query-input":{"@type":"PropertyValueSpecification","valueRequired":true,"valueName":"search_term_string"}}],"inLanguage":"lv-LV"},{"@type":"Organization","@id":"https:\/\/saksavorst.ee\/lv\/#organization","name":"Saksavorst","alternateName":"Veikand","url":"https:\/\/saksavorst.ee\/lv\/","logo":{"@type":"ImageObject","inLanguage":"lv-LV","@id":"https:\/\/saksavorst.ee\/lv\/#\/schema\/logo\/image\/","url":"https:\/\/saksavorst.ee\/wp-content\/uploads\/2023\/05\/veikand-logo.jpg","contentUrl":"https:\/\/saksavorst.ee\/wp-content\/uploads\/2023\/05\/veikand-logo.jpg","width":217,"height":217,"caption":"Saksavorst"},"image":{"@id":"https:\/\/saksavorst.ee\/lv\/#\/schema\/logo\/image\/"},"sameAs":["https:\/\/www.facebook.com\/Veikand"]}]}},"_links":{"self":[{"href":"https:\/\/saksavorst.ee\/lv\/wp-json\/wp\/v2\/product\/33868","targetHints":{"allow":["GET"]}}],"collection":[{"href":"https:\/\/saksavorst.ee\/lv\/wp-json\/wp\/v2\/product"}],"about":[{"href":"https:\/\/saksavorst.ee\/lv\/wp-json\/wp\/v2\/types\/product"}],"version-history":[{"count":1,"href":"https:\/\/saksavorst.ee\/lv\/wp-json\/wp\/v2\/product\/33868\/revisions"}],"predecessor-version":[{"id":44353,"href":"https:\/\/saksavorst.ee\/lv\/wp-json\/wp\/v2\/product\/33868\/revisions\/44353"}],"wp:featuredmedia":[{"embeddable":true,"href":"https:\/\/saksavorst.ee\/lv\/wp-json\/wp\/v2\/media\/30447"}],"wp:attachment":[{"href":"https:\/\/saksavorst.ee\/lv\/wp-json\/wp\/v2\/media?parent=33868"}],"wp:term":[{"taxonomy":"product_brand","embeddable":true,"href":"https:\/\/saksavorst.ee\/lv\/wp-json\/wp\/v2\/product_brand?post=33868"},{"taxonomy":"product_cat","embeddable":true,"href":"https:\/\/saksavorst.ee\/lv\/wp-json\/wp\/v2\/product_cat?post=33868"},{"taxonomy":"product_tag","embeddable":true,"href":"https:\/\/saksavorst.ee\/lv\/wp-json\/wp\/v2\/product_tag?post=33868"}],"curies":[{"name":"wp","href":"https:\/\/api.w.org\/{rel}","templated":true}]}}