{"id":33542,"date":"2024-04-02T10:22:56","date_gmt":"2024-04-02T08:22:56","guid":{"rendered":"https:\/\/saksavorst.ee\/?post_type=product&#038;p=33542"},"modified":"2025-08-04T15:19:46","modified_gmt":"2025-08-04T13:19:46","slug":"manualais-iesainojums-ar-mazu-iepakojumu-iepakojuma-paplati-italdibipack-jolly-work","status":"publish","type":"product","link":"https:\/\/saksavorst.ee\/lv\/produkts\/manualais-iesainojums-ar-mazu-iepakojumu-iepakojuma-paplati-italdibipack-jolly-work\/","title":{"rendered":"Manu\u0101lais iesai\u0146ojums ar mazu iepakojumu iepakojuma papl\u0101ti ITALDIBIPACK JOLLY WORK"},"content":{"rendered":"<p>Jolly Work, iesai\u0146ot\u0101js un pac\u0113l\u0101js, sist\u0113ma 3 vien\u0101, kas atrisina visas iepako\u0161anas vajadz\u012bbas un aizsarg\u0101 operatoru vesel\u012bbu. Tas s\u0101kas k\u0101 vienk\u0101r\u0161s paletes ietin\u0113js ar elast\u012bgu un iepriek\u0161 izstieptu pl\u0113vi (Jolly Wrap), bet otr\u0101 ru\u013c\u013ca piederuma pievieno\u0161ana \u013cauj izveidot paletes sast\u0101vu uz pusi maz\u0101k laika (Jolly Twin), savuk\u0101rt, pievienojot piederumu pl\u0101ksni. (Magic Plate), tas k\u013c\u016bst ar\u012b par kastes pac\u0113l\u0101ju un iesai\u0146ot\u0101ju (Jolly Work), kas ir neticami noder\u012bgs kravas sagatavo\u0161an\u0101.<\/p>\n<p>Ier\u012bci, kas apr\u012bkota ar da\u017e\u0101d\u0101m opcij\u0101m, bez jebk\u0101das mont\u0101\u017eas un demont\u0101\u017eas oper\u0101cijas var p\u0101rveidot par paletes ietin\u0113ju vai kastes ietin\u0113ju un pac\u0113l\u0101ju.<\/p>\n<p>&nbsp;<\/p>\n<p>Pace\u013cam\u0101s pl\u0101ksnes izm\u0113rs: 500 x 450 mm<\/p>\n<p>Maksim\u0101lais pacel\u0161anas svars: l\u012bdz 50 kg<\/p>\n<p>Maksim\u0101lais pacel\u0161anas augstums: 1500 mm \/ 50 kg<\/p>\n<p>Pace\u013cam\u0101 pl\u0101ksne no alum\u012bnija\/koka<\/p>\n<p>Standarta 23 mikronu un\/vai iepriek\u0161 izstiepta pl\u0113ve ar 9-10-12-15 \u00b5m biezumu<\/p>\n<p>\u0100r\u0113j\u0101s pl\u0113ves ru\u013c\u013ca diametrs: 105 mm<\/p>\n<p>Stretch-pl\u0113ves ru\u013c\u013ca augstums: 440-450 mm \/ 500 mm (p\u0113c piepras\u012bjuma)<\/p>\n<p>Maksim\u0101lais serdes tur\u0113t\u0101ja augstums: 460 mm \/ 520 mm (500 mm pl\u0113ve)<\/p>\n<p>Iek\u0161\u0113jais serdes \u00d8: 50 mm<\/p>\n<p>Maksim\u0101lais paletes augstums: 2000 mm \/ 2500 mm<\/p>\n<p>Regul\u0113jams pl\u0113ves p\u0101rvad\u0101\u0161anas \u0101trums<\/p>\n<p>Izstieptas pl\u0113ves spriedzes regul\u0113\u0161ana ar meh\u0101nisko bremzi<\/p>\n<p>\u0100tr\u0101s atbr\u012bvo\u0161anas sist\u0113ma ar iestat\u012bto brem\u017eu l\u012bmeni<\/p>\n<p>Rokasgr\u0101mata <strong><a href=\"https:\/\/www.italdibipack.com\/wp-content\/uploads\/2023\/05\/ITALDIBIPACK-JOLLY-WORK-flyer-ENG-email.pdf\">\u0160EIT<\/a><\/strong><\/p>\n<p>&nbsp;<\/p>\n<div style=\"width: 1920px;\" class=\"wp-video\"><video class=\"wp-video-shortcode\" id=\"video-33542-1\" width=\"1920\" height=\"1080\" preload=\"metadata\" controls=\"controls\"><source type=\"video\/mp4\" src=\"https:\/\/saksavorst.ee\/wp-content\/uploads\/2024\/04\/italdibipack_presenta_jolly_work-1080p.mp4?_=1\" \/><a href=\"https:\/\/saksavorst.ee\/wp-content\/uploads\/2024\/04\/italdibipack_presenta_jolly_work-1080p.mp4\">https:\/\/saksavorst.ee\/wp-content\/uploads\/2024\/04\/italdibipack_presenta_jolly_work-1080p.mp4<\/a><\/video><\/div>\n","protected":false},"excerpt":{"rendered":"<p>Tas ietaupa operatora p\u016bles, nov\u0113r\u0161ot lo\u0123istikas operatoru vid\u016b izplat\u012btos muguras boj\u0101jumus, paaugstina darba produktivit\u0101ti un rentabilit\u0101ti, uzlabo rezult\u0101tu, atvieglo un \u013cauj iet\u012bt liel\u0101kas kravas.<\/p>\n","protected":false},"featured_media":33546,"template":"","meta":{"_acf_changed":false},"product_brand":[],"product_cat":[340,333,334],"product_tag":[],"class_list":{"0":"post-33542","1":"product","2":"type-product","3":"status-publish","4":"has-post-thumbnail","6":"product_cat-iepakosanas-aprikojums","7":"product_cat-aprikojums","8":"product_cat-visi-produkti","9":"product_shipping_class-neder-pakomatam","11":"first","12":"instock","13":"taxable","14":"shipping-taxable","15":"purchasable","16":"product-type-simple"},"acf":[],"yoast_head":"<!-- This site is optimized with the Yoast SEO plugin v27.3 - https:\/\/yoast.com\/product\/yoast-seo-wordpress\/ -->\n<title>Manu\u0101lais iesai\u0146ojums ar mazu iepakojumu iepakojuma papl\u0101ti ITALDIBIPACK JOLLY WORK - Saksavorst<\/title>\n<meta name=\"robots\" content=\"index, follow, max-snippet:-1, max-image-preview:large, max-video-preview:-1\" \/>\n<link rel=\"canonical\" href=\"https:\/\/saksavorst.ee\/lv\/produkts\/manualais-iesainojums-ar-mazu-iepakojumu-iepakojuma-paplati-italdibipack-jolly-work\/\" \/>\n<meta property=\"og:locale\" content=\"lv_LV\" \/>\n<meta property=\"og:type\" content=\"article\" \/>\n<meta property=\"og:title\" content=\"Manu\u0101lais iesai\u0146ojums ar mazu iepakojumu iepakojuma papl\u0101ti ITALDIBIPACK JOLLY WORK - Saksavorst\" \/>\n<meta property=\"og:description\" content=\"Tas ietaupa operatora p\u016bles, nov\u0113r\u0161ot lo\u0123istikas operatoru vid\u016b izplat\u012btos muguras boj\u0101jumus, paaugstina darba produktivit\u0101ti un rentabilit\u0101ti, uzlabo rezult\u0101tu, atvieglo un \u013cauj iet\u012bt liel\u0101kas kravas.\" \/>\n<meta property=\"og:url\" content=\"https:\/\/saksavorst.ee\/lv\/produkts\/manualais-iesainojums-ar-mazu-iepakojumu-iepakojuma-paplati-italdibipack-jolly-work\/\" \/>\n<meta property=\"og:site_name\" content=\"Saksavorst\" \/>\n<meta property=\"article:publisher\" content=\"https:\/\/www.facebook.com\/Veikand\" \/>\n<meta property=\"article:modified_time\" content=\"2025-08-04T13:19:46+00:00\" \/>\n<meta property=\"og:image\" content=\"https:\/\/saksavorst.ee\/wp-content\/uploads\/2024\/04\/manuaalne-aluse-kiletaja-koos-vaikepaki-pakkimisalusega-italdibipack-jolly-work.png\" \/>\n\t<meta property=\"og:image:width\" content=\"800\" \/>\n\t<meta property=\"og:image:height\" content=\"800\" \/>\n\t<meta property=\"og:image:type\" content=\"image\/png\" \/>\n<meta name=\"twitter:card\" content=\"summary_large_image\" \/>\n<meta name=\"twitter:label1\" content=\"Est. reading time\" \/>\n\t<meta name=\"twitter:data1\" content=\"2 minutes\" \/>\n<script type=\"application\/ld+json\" class=\"yoast-schema-graph\">{\"@context\":\"https:\\\/\\\/schema.org\",\"@graph\":[{\"@type\":\"WebPage\",\"@id\":\"https:\\\/\\\/saksavorst.ee\\\/lv\\\/produkts\\\/manualais-iesainojums-ar-mazu-iepakojumu-iepakojuma-paplati-italdibipack-jolly-work\\\/\",\"url\":\"https:\\\/\\\/saksavorst.ee\\\/lv\\\/produkts\\\/manualais-iesainojums-ar-mazu-iepakojumu-iepakojuma-paplati-italdibipack-jolly-work\\\/\",\"name\":\"Manu\u0101lais iesai\u0146ojums ar mazu iepakojumu iepakojuma papl\u0101ti ITALDIBIPACK JOLLY WORK - Saksavorst\",\"isPartOf\":{\"@id\":\"https:\\\/\\\/saksavorst.ee\\\/lv\\\/#website\"},\"primaryImageOfPage\":{\"@id\":\"https:\\\/\\\/saksavorst.ee\\\/lv\\\/produkts\\\/manualais-iesainojums-ar-mazu-iepakojumu-iepakojuma-paplati-italdibipack-jolly-work\\\/#primaryimage\"},\"image\":{\"@id\":\"https:\\\/\\\/saksavorst.ee\\\/lv\\\/produkts\\\/manualais-iesainojums-ar-mazu-iepakojumu-iepakojuma-paplati-italdibipack-jolly-work\\\/#primaryimage\"},\"thumbnailUrl\":\"https:\\\/\\\/saksavorst.ee\\\/wp-content\\\/uploads\\\/2024\\\/04\\\/manuaalne-aluse-kiletaja-koos-vaikepaki-pakkimisalusega-italdibipack-jolly-work.png\",\"datePublished\":\"2024-04-02T08:22:56+00:00\",\"dateModified\":\"2025-08-04T13:19:46+00:00\",\"breadcrumb\":{\"@id\":\"https:\\\/\\\/saksavorst.ee\\\/lv\\\/produkts\\\/manualais-iesainojums-ar-mazu-iepakojumu-iepakojuma-paplati-italdibipack-jolly-work\\\/#breadcrumb\"},\"inLanguage\":\"lv-LV\",\"potentialAction\":[{\"@type\":\"ReadAction\",\"target\":[\"https:\\\/\\\/saksavorst.ee\\\/lv\\\/produkts\\\/manualais-iesainojums-ar-mazu-iepakojumu-iepakojuma-paplati-italdibipack-jolly-work\\\/\"]}]},{\"@type\":\"ImageObject\",\"inLanguage\":\"lv-LV\",\"@id\":\"https:\\\/\\\/saksavorst.ee\\\/lv\\\/produkts\\\/manualais-iesainojums-ar-mazu-iepakojumu-iepakojuma-paplati-italdibipack-jolly-work\\\/#primaryimage\",\"url\":\"https:\\\/\\\/saksavorst.ee\\\/wp-content\\\/uploads\\\/2024\\\/04\\\/manuaalne-aluse-kiletaja-koos-vaikepaki-pakkimisalusega-italdibipack-jolly-work.png\",\"contentUrl\":\"https:\\\/\\\/saksavorst.ee\\\/wp-content\\\/uploads\\\/2024\\\/04\\\/manuaalne-aluse-kiletaja-koos-vaikepaki-pakkimisalusega-italdibipack-jolly-work.png\",\"width\":800,\"height\":800},{\"@type\":\"BreadcrumbList\",\"@id\":\"https:\\\/\\\/saksavorst.ee\\\/lv\\\/produkts\\\/manualais-iesainojums-ar-mazu-iepakojumu-iepakojuma-paplati-italdibipack-jolly-work\\\/#breadcrumb\",\"itemListElement\":[{\"@type\":\"ListItem\",\"position\":1,\"name\":\"Home\",\"item\":\"https:\\\/\\\/saksavorst.ee\\\/lv\\\/\"},{\"@type\":\"ListItem\",\"position\":2,\"name\":\"Veikals\",\"item\":\"https:\\\/\\\/saksavorst.ee\\\/lv\\\/veikals\\\/\"},{\"@type\":\"ListItem\",\"position\":3,\"name\":\"Manu\u0101lais iesai\u0146ojums ar mazu iepakojumu iepakojuma papl\u0101ti ITALDIBIPACK JOLLY WORK\"}]},{\"@type\":\"WebSite\",\"@id\":\"https:\\\/\\\/saksavorst.ee\\\/lv\\\/#website\",\"url\":\"https:\\\/\\\/saksavorst.ee\\\/lv\\\/\",\"name\":\"Saksavorst\",\"description\":\"Feel the taste of emotions\",\"publisher\":{\"@id\":\"https:\\\/\\\/saksavorst.ee\\\/lv\\\/#organization\"},\"alternateName\":\"Veikand\",\"potentialAction\":[{\"@type\":\"SearchAction\",\"target\":{\"@type\":\"EntryPoint\",\"urlTemplate\":\"https:\\\/\\\/saksavorst.ee\\\/lv\\\/?s={search_term_string}\"},\"query-input\":{\"@type\":\"PropertyValueSpecification\",\"valueRequired\":true,\"valueName\":\"search_term_string\"}}],\"inLanguage\":\"lv-LV\"},{\"@type\":\"Organization\",\"@id\":\"https:\\\/\\\/saksavorst.ee\\\/lv\\\/#organization\",\"name\":\"Saksavorst\",\"alternateName\":\"Veikand\",\"url\":\"https:\\\/\\\/saksavorst.ee\\\/lv\\\/\",\"logo\":{\"@type\":\"ImageObject\",\"inLanguage\":\"lv-LV\",\"@id\":\"https:\\\/\\\/saksavorst.ee\\\/lv\\\/#\\\/schema\\\/logo\\\/image\\\/\",\"url\":\"https:\\\/\\\/saksavorst.ee\\\/wp-content\\\/uploads\\\/2023\\\/05\\\/veikand-logo.jpg\",\"contentUrl\":\"https:\\\/\\\/saksavorst.ee\\\/wp-content\\\/uploads\\\/2023\\\/05\\\/veikand-logo.jpg\",\"width\":217,\"height\":217,\"caption\":\"Saksavorst\"},\"image\":{\"@id\":\"https:\\\/\\\/saksavorst.ee\\\/lv\\\/#\\\/schema\\\/logo\\\/image\\\/\"},\"sameAs\":[\"https:\\\/\\\/www.facebook.com\\\/Veikand\"]}]}<\/script>\n<!-- \/ Yoast SEO plugin. -->","yoast_head_json":{"title":"Manu\u0101lais iesai\u0146ojums ar mazu iepakojumu iepakojuma papl\u0101ti ITALDIBIPACK JOLLY WORK - Saksavorst","robots":{"index":"index","follow":"follow","max-snippet":"max-snippet:-1","max-image-preview":"max-image-preview:large","max-video-preview":"max-video-preview:-1"},"canonical":"https:\/\/saksavorst.ee\/lv\/produkts\/manualais-iesainojums-ar-mazu-iepakojumu-iepakojuma-paplati-italdibipack-jolly-work\/","og_locale":"lv_LV","og_type":"article","og_title":"Manu\u0101lais iesai\u0146ojums ar mazu iepakojumu iepakojuma papl\u0101ti ITALDIBIPACK JOLLY WORK - Saksavorst","og_description":"Tas ietaupa operatora p\u016bles, nov\u0113r\u0161ot lo\u0123istikas operatoru vid\u016b izplat\u012btos muguras boj\u0101jumus, paaugstina darba produktivit\u0101ti un rentabilit\u0101ti, uzlabo rezult\u0101tu, atvieglo un \u013cauj iet\u012bt liel\u0101kas kravas.","og_url":"https:\/\/saksavorst.ee\/lv\/produkts\/manualais-iesainojums-ar-mazu-iepakojumu-iepakojuma-paplati-italdibipack-jolly-work\/","og_site_name":"Saksavorst","article_publisher":"https:\/\/www.facebook.com\/Veikand","article_modified_time":"2025-08-04T13:19:46+00:00","og_image":[{"width":800,"height":800,"url":"https:\/\/saksavorst.ee\/wp-content\/uploads\/2024\/04\/manuaalne-aluse-kiletaja-koos-vaikepaki-pakkimisalusega-italdibipack-jolly-work.png","type":"image\/png"}],"twitter_card":"summary_large_image","twitter_misc":{"Est. reading time":"2 minutes"},"schema":{"@context":"https:\/\/schema.org","@graph":[{"@type":"WebPage","@id":"https:\/\/saksavorst.ee\/lv\/produkts\/manualais-iesainojums-ar-mazu-iepakojumu-iepakojuma-paplati-italdibipack-jolly-work\/","url":"https:\/\/saksavorst.ee\/lv\/produkts\/manualais-iesainojums-ar-mazu-iepakojumu-iepakojuma-paplati-italdibipack-jolly-work\/","name":"Manu\u0101lais iesai\u0146ojums ar mazu iepakojumu iepakojuma papl\u0101ti ITALDIBIPACK JOLLY WORK - Saksavorst","isPartOf":{"@id":"https:\/\/saksavorst.ee\/lv\/#website"},"primaryImageOfPage":{"@id":"https:\/\/saksavorst.ee\/lv\/produkts\/manualais-iesainojums-ar-mazu-iepakojumu-iepakojuma-paplati-italdibipack-jolly-work\/#primaryimage"},"image":{"@id":"https:\/\/saksavorst.ee\/lv\/produkts\/manualais-iesainojums-ar-mazu-iepakojumu-iepakojuma-paplati-italdibipack-jolly-work\/#primaryimage"},"thumbnailUrl":"https:\/\/saksavorst.ee\/wp-content\/uploads\/2024\/04\/manuaalne-aluse-kiletaja-koos-vaikepaki-pakkimisalusega-italdibipack-jolly-work.png","datePublished":"2024-04-02T08:22:56+00:00","dateModified":"2025-08-04T13:19:46+00:00","breadcrumb":{"@id":"https:\/\/saksavorst.ee\/lv\/produkts\/manualais-iesainojums-ar-mazu-iepakojumu-iepakojuma-paplati-italdibipack-jolly-work\/#breadcrumb"},"inLanguage":"lv-LV","potentialAction":[{"@type":"ReadAction","target":["https:\/\/saksavorst.ee\/lv\/produkts\/manualais-iesainojums-ar-mazu-iepakojumu-iepakojuma-paplati-italdibipack-jolly-work\/"]}]},{"@type":"ImageObject","inLanguage":"lv-LV","@id":"https:\/\/saksavorst.ee\/lv\/produkts\/manualais-iesainojums-ar-mazu-iepakojumu-iepakojuma-paplati-italdibipack-jolly-work\/#primaryimage","url":"https:\/\/saksavorst.ee\/wp-content\/uploads\/2024\/04\/manuaalne-aluse-kiletaja-koos-vaikepaki-pakkimisalusega-italdibipack-jolly-work.png","contentUrl":"https:\/\/saksavorst.ee\/wp-content\/uploads\/2024\/04\/manuaalne-aluse-kiletaja-koos-vaikepaki-pakkimisalusega-italdibipack-jolly-work.png","width":800,"height":800},{"@type":"BreadcrumbList","@id":"https:\/\/saksavorst.ee\/lv\/produkts\/manualais-iesainojums-ar-mazu-iepakojumu-iepakojuma-paplati-italdibipack-jolly-work\/#breadcrumb","itemListElement":[{"@type":"ListItem","position":1,"name":"Home","item":"https:\/\/saksavorst.ee\/lv\/"},{"@type":"ListItem","position":2,"name":"Veikals","item":"https:\/\/saksavorst.ee\/lv\/veikals\/"},{"@type":"ListItem","position":3,"name":"Manu\u0101lais iesai\u0146ojums ar mazu iepakojumu iepakojuma papl\u0101ti ITALDIBIPACK JOLLY WORK"}]},{"@type":"WebSite","@id":"https:\/\/saksavorst.ee\/lv\/#website","url":"https:\/\/saksavorst.ee\/lv\/","name":"Saksavorst","description":"Feel the taste of emotions","publisher":{"@id":"https:\/\/saksavorst.ee\/lv\/#organization"},"alternateName":"Veikand","potentialAction":[{"@type":"SearchAction","target":{"@type":"EntryPoint","urlTemplate":"https:\/\/saksavorst.ee\/lv\/?s={search_term_string}"},"query-input":{"@type":"PropertyValueSpecification","valueRequired":true,"valueName":"search_term_string"}}],"inLanguage":"lv-LV"},{"@type":"Organization","@id":"https:\/\/saksavorst.ee\/lv\/#organization","name":"Saksavorst","alternateName":"Veikand","url":"https:\/\/saksavorst.ee\/lv\/","logo":{"@type":"ImageObject","inLanguage":"lv-LV","@id":"https:\/\/saksavorst.ee\/lv\/#\/schema\/logo\/image\/","url":"https:\/\/saksavorst.ee\/wp-content\/uploads\/2023\/05\/veikand-logo.jpg","contentUrl":"https:\/\/saksavorst.ee\/wp-content\/uploads\/2023\/05\/veikand-logo.jpg","width":217,"height":217,"caption":"Saksavorst"},"image":{"@id":"https:\/\/saksavorst.ee\/lv\/#\/schema\/logo\/image\/"},"sameAs":["https:\/\/www.facebook.com\/Veikand"]}]}},"_links":{"self":[{"href":"https:\/\/saksavorst.ee\/lv\/wp-json\/wp\/v2\/product\/33542","targetHints":{"allow":["GET"]}}],"collection":[{"href":"https:\/\/saksavorst.ee\/lv\/wp-json\/wp\/v2\/product"}],"about":[{"href":"https:\/\/saksavorst.ee\/lv\/wp-json\/wp\/v2\/types\/product"}],"version-history":[{"count":1,"href":"https:\/\/saksavorst.ee\/lv\/wp-json\/wp\/v2\/product\/33542\/revisions"}],"predecessor-version":[{"id":44366,"href":"https:\/\/saksavorst.ee\/lv\/wp-json\/wp\/v2\/product\/33542\/revisions\/44366"}],"wp:featuredmedia":[{"embeddable":true,"href":"https:\/\/saksavorst.ee\/lv\/wp-json\/wp\/v2\/media\/33546"}],"wp:attachment":[{"href":"https:\/\/saksavorst.ee\/lv\/wp-json\/wp\/v2\/media?parent=33542"}],"wp:term":[{"taxonomy":"product_brand","embeddable":true,"href":"https:\/\/saksavorst.ee\/lv\/wp-json\/wp\/v2\/product_brand?post=33542"},{"taxonomy":"product_cat","embeddable":true,"href":"https:\/\/saksavorst.ee\/lv\/wp-json\/wp\/v2\/product_cat?post=33542"},{"taxonomy":"product_tag","embeddable":true,"href":"https:\/\/saksavorst.ee\/lv\/wp-json\/wp\/v2\/product_tag?post=33542"}],"curies":[{"name":"wp","href":"https:\/\/api.w.org\/{rel}","templated":true}]}}