{"id":32848,"date":"2024-03-14T14:15:49","date_gmt":"2024-03-14T12:15:49","guid":{"rendered":"https:\/\/saksavorst.ee\/?post_type=product&#038;p=32848"},"modified":"2025-08-05T13:45:03","modified_gmt":"2025-08-05T11:45:03","slug":"plastmasas-blive-sf260-desu-taisitajam","status":"publish","type":"product","link":"https:\/\/saksavorst.ee\/lv\/produkts\/plastmasas-blive-sf260-desu-taisitajam\/","title":{"rendered":"Plastmasas bl\u012bve SF260 desu tais\u012bt\u0101jam"},"content":{"rendered":"<p>Savietojams gan ar vertik\u0101lajiem, gan horizont\u0101lajiem desu veidot\u0101jiem.<\/p>\n<p>Izgatavots no augstas kvalit\u0101tes plastmasas materi\u0101la iztur\u012bbai un ilgm\u016b\u017e\u012bbai.<\/p>\n<p>Izveido cie\u0161u bl\u012bv\u0113jumu, lai nov\u0113rstu gaisa nopl\u016bdi desu pild\u012b\u0161anas laik\u0101.<\/p>\n<p>Viegli uzst\u0101d\u0101ms un no\u0146emams \u0113rtai lieto\u0161anai un t\u012br\u012b\u0161anai.<\/p>\n<p>Lielisks aksesu\u0101rs m\u0101jas ga\u013cas p\u0101rstr\u0101dei un desu pagatavo\u0161anai.<\/p>\n<p>Pirms lieto\u0161anas nomazg\u0101jiet!<\/p>\n","protected":false},"excerpt":{"rendered":"<p>Savietojams gan ar vertik\u0101lajiem, gan horizont\u0101lajiem desu veidot\u0101jiem. Izgatavots no augstas kvalit\u0101tes plastmasas materi\u0101la iztur\u012bbai un ilgm\u016b\u017e\u012bbai. Izveido cie\u0161u bl\u012bv\u0113jumu,<\/p>\n","protected":false},"featured_media":32837,"template":"","meta":{"_acf_changed":false},"product_brand":[],"product_cat":[334,342,345,333],"product_tag":[],"class_list":{"0":"post-32848","1":"product","2":"type-product","3":"status-publish","4":"has-post-thumbnail","6":"product_cat-visi-produkti","7":"product_cat-desu-pildvielas","8":"product_cat-rezerves-dalas","9":"product_cat-aprikojums","11":"first","12":"instock","13":"taxable","14":"shipping-taxable","15":"purchasable","16":"product-type-simple"},"acf":[],"yoast_head":"<!-- This site is optimized with the Yoast SEO plugin v27.3 - https:\/\/yoast.com\/product\/yoast-seo-wordpress\/ -->\n<title>Plastmasas bl\u012bve SF260 desu tais\u012bt\u0101jam - Saksavorst<\/title>\n<meta name=\"robots\" content=\"index, follow, max-snippet:-1, max-image-preview:large, max-video-preview:-1\" \/>\n<link rel=\"canonical\" href=\"https:\/\/saksavorst.ee\/lv\/produkts\/plastmasas-blive-sf260-desu-taisitajam\/\" \/>\n<meta property=\"og:locale\" content=\"lv_LV\" \/>\n<meta property=\"og:type\" content=\"article\" \/>\n<meta property=\"og:title\" content=\"Plastmasas bl\u012bve SF260 desu tais\u012bt\u0101jam - Saksavorst\" \/>\n<meta property=\"og:description\" content=\"Savietojams gan ar vertik\u0101lajiem, gan horizont\u0101lajiem desu veidot\u0101jiem. Izgatavots no augstas kvalit\u0101tes plastmasas materi\u0101la iztur\u012bbai un ilgm\u016b\u017e\u012bbai. Izveido cie\u0161u bl\u012bv\u0113jumu,\" \/>\n<meta property=\"og:url\" content=\"https:\/\/saksavorst.ee\/lv\/produkts\/plastmasas-blive-sf260-desu-taisitajam\/\" \/>\n<meta property=\"og:site_name\" content=\"Saksavorst\" \/>\n<meta property=\"article:publisher\" content=\"https:\/\/www.facebook.com\/Veikand\" \/>\n<meta property=\"article:modified_time\" content=\"2025-08-05T11:45:03+00:00\" \/>\n<meta property=\"og:image\" content=\"https:\/\/saksavorst.ee\/wp-content\/uploads\/2024\/03\/vorstipritsi-tihend-sv15.jpg\" \/>\n\t<meta property=\"og:image:width\" content=\"800\" \/>\n\t<meta property=\"og:image:height\" content=\"800\" \/>\n\t<meta property=\"og:image:type\" content=\"image\/jpeg\" \/>\n<meta name=\"twitter:card\" content=\"summary_large_image\" \/>\n<meta name=\"twitter:label1\" content=\"Est. reading time\" \/>\n\t<meta name=\"twitter:data1\" content=\"1 minute\" \/>\n<script type=\"application\/ld+json\" class=\"yoast-schema-graph\">{\"@context\":\"https:\\\/\\\/schema.org\",\"@graph\":[{\"@type\":\"WebPage\",\"@id\":\"https:\\\/\\\/saksavorst.ee\\\/lv\\\/produkts\\\/plastmasas-blive-sf260-desu-taisitajam\\\/\",\"url\":\"https:\\\/\\\/saksavorst.ee\\\/lv\\\/produkts\\\/plastmasas-blive-sf260-desu-taisitajam\\\/\",\"name\":\"Plastmasas bl\u012bve SF260 desu tais\u012bt\u0101jam - Saksavorst\",\"isPartOf\":{\"@id\":\"https:\\\/\\\/saksavorst.ee\\\/lv\\\/#website\"},\"primaryImageOfPage\":{\"@id\":\"https:\\\/\\\/saksavorst.ee\\\/lv\\\/produkts\\\/plastmasas-blive-sf260-desu-taisitajam\\\/#primaryimage\"},\"image\":{\"@id\":\"https:\\\/\\\/saksavorst.ee\\\/lv\\\/produkts\\\/plastmasas-blive-sf260-desu-taisitajam\\\/#primaryimage\"},\"thumbnailUrl\":\"https:\\\/\\\/saksavorst.ee\\\/wp-content\\\/uploads\\\/2024\\\/03\\\/vorstipritsi-tihend-sv15.jpg\",\"datePublished\":\"2024-03-14T12:15:49+00:00\",\"dateModified\":\"2025-08-05T11:45:03+00:00\",\"breadcrumb\":{\"@id\":\"https:\\\/\\\/saksavorst.ee\\\/lv\\\/produkts\\\/plastmasas-blive-sf260-desu-taisitajam\\\/#breadcrumb\"},\"inLanguage\":\"lv-LV\",\"potentialAction\":[{\"@type\":\"ReadAction\",\"target\":[\"https:\\\/\\\/saksavorst.ee\\\/lv\\\/produkts\\\/plastmasas-blive-sf260-desu-taisitajam\\\/\"]}]},{\"@type\":\"ImageObject\",\"inLanguage\":\"lv-LV\",\"@id\":\"https:\\\/\\\/saksavorst.ee\\\/lv\\\/produkts\\\/plastmasas-blive-sf260-desu-taisitajam\\\/#primaryimage\",\"url\":\"https:\\\/\\\/saksavorst.ee\\\/wp-content\\\/uploads\\\/2024\\\/03\\\/vorstipritsi-tihend-sv15.jpg\",\"contentUrl\":\"https:\\\/\\\/saksavorst.ee\\\/wp-content\\\/uploads\\\/2024\\\/03\\\/vorstipritsi-tihend-sv15.jpg\",\"width\":800,\"height\":800},{\"@type\":\"BreadcrumbList\",\"@id\":\"https:\\\/\\\/saksavorst.ee\\\/lv\\\/produkts\\\/plastmasas-blive-sf260-desu-taisitajam\\\/#breadcrumb\",\"itemListElement\":[{\"@type\":\"ListItem\",\"position\":1,\"name\":\"Home\",\"item\":\"https:\\\/\\\/saksavorst.ee\\\/lv\\\/\"},{\"@type\":\"ListItem\",\"position\":2,\"name\":\"Veikals\",\"item\":\"https:\\\/\\\/saksavorst.ee\\\/lv\\\/veikals\\\/\"},{\"@type\":\"ListItem\",\"position\":3,\"name\":\"Plastmasas bl\u012bve SF260 desu tais\u012bt\u0101jam\"}]},{\"@type\":\"WebSite\",\"@id\":\"https:\\\/\\\/saksavorst.ee\\\/lv\\\/#website\",\"url\":\"https:\\\/\\\/saksavorst.ee\\\/lv\\\/\",\"name\":\"Saksavorst\",\"description\":\"Feel the taste of emotions\",\"publisher\":{\"@id\":\"https:\\\/\\\/saksavorst.ee\\\/lv\\\/#organization\"},\"alternateName\":\"Veikand\",\"potentialAction\":[{\"@type\":\"SearchAction\",\"target\":{\"@type\":\"EntryPoint\",\"urlTemplate\":\"https:\\\/\\\/saksavorst.ee\\\/lv\\\/?s={search_term_string}\"},\"query-input\":{\"@type\":\"PropertyValueSpecification\",\"valueRequired\":true,\"valueName\":\"search_term_string\"}}],\"inLanguage\":\"lv-LV\"},{\"@type\":\"Organization\",\"@id\":\"https:\\\/\\\/saksavorst.ee\\\/lv\\\/#organization\",\"name\":\"Saksavorst\",\"alternateName\":\"Veikand\",\"url\":\"https:\\\/\\\/saksavorst.ee\\\/lv\\\/\",\"logo\":{\"@type\":\"ImageObject\",\"inLanguage\":\"lv-LV\",\"@id\":\"https:\\\/\\\/saksavorst.ee\\\/lv\\\/#\\\/schema\\\/logo\\\/image\\\/\",\"url\":\"https:\\\/\\\/saksavorst.ee\\\/wp-content\\\/uploads\\\/2023\\\/05\\\/veikand-logo.jpg\",\"contentUrl\":\"https:\\\/\\\/saksavorst.ee\\\/wp-content\\\/uploads\\\/2023\\\/05\\\/veikand-logo.jpg\",\"width\":217,\"height\":217,\"caption\":\"Saksavorst\"},\"image\":{\"@id\":\"https:\\\/\\\/saksavorst.ee\\\/lv\\\/#\\\/schema\\\/logo\\\/image\\\/\"},\"sameAs\":[\"https:\\\/\\\/www.facebook.com\\\/Veikand\"]}]}<\/script>\n<!-- \/ Yoast SEO plugin. -->","yoast_head_json":{"title":"Plastmasas bl\u012bve SF260 desu tais\u012bt\u0101jam - Saksavorst","robots":{"index":"index","follow":"follow","max-snippet":"max-snippet:-1","max-image-preview":"max-image-preview:large","max-video-preview":"max-video-preview:-1"},"canonical":"https:\/\/saksavorst.ee\/lv\/produkts\/plastmasas-blive-sf260-desu-taisitajam\/","og_locale":"lv_LV","og_type":"article","og_title":"Plastmasas bl\u012bve SF260 desu tais\u012bt\u0101jam - Saksavorst","og_description":"Savietojams gan ar vertik\u0101lajiem, gan horizont\u0101lajiem desu veidot\u0101jiem. Izgatavots no augstas kvalit\u0101tes plastmasas materi\u0101la iztur\u012bbai un ilgm\u016b\u017e\u012bbai. Izveido cie\u0161u bl\u012bv\u0113jumu,","og_url":"https:\/\/saksavorst.ee\/lv\/produkts\/plastmasas-blive-sf260-desu-taisitajam\/","og_site_name":"Saksavorst","article_publisher":"https:\/\/www.facebook.com\/Veikand","article_modified_time":"2025-08-05T11:45:03+00:00","og_image":[{"width":800,"height":800,"url":"https:\/\/saksavorst.ee\/wp-content\/uploads\/2024\/03\/vorstipritsi-tihend-sv15.jpg","type":"image\/jpeg"}],"twitter_card":"summary_large_image","twitter_misc":{"Est. reading time":"1 minute"},"schema":{"@context":"https:\/\/schema.org","@graph":[{"@type":"WebPage","@id":"https:\/\/saksavorst.ee\/lv\/produkts\/plastmasas-blive-sf260-desu-taisitajam\/","url":"https:\/\/saksavorst.ee\/lv\/produkts\/plastmasas-blive-sf260-desu-taisitajam\/","name":"Plastmasas bl\u012bve SF260 desu tais\u012bt\u0101jam - Saksavorst","isPartOf":{"@id":"https:\/\/saksavorst.ee\/lv\/#website"},"primaryImageOfPage":{"@id":"https:\/\/saksavorst.ee\/lv\/produkts\/plastmasas-blive-sf260-desu-taisitajam\/#primaryimage"},"image":{"@id":"https:\/\/saksavorst.ee\/lv\/produkts\/plastmasas-blive-sf260-desu-taisitajam\/#primaryimage"},"thumbnailUrl":"https:\/\/saksavorst.ee\/wp-content\/uploads\/2024\/03\/vorstipritsi-tihend-sv15.jpg","datePublished":"2024-03-14T12:15:49+00:00","dateModified":"2025-08-05T11:45:03+00:00","breadcrumb":{"@id":"https:\/\/saksavorst.ee\/lv\/produkts\/plastmasas-blive-sf260-desu-taisitajam\/#breadcrumb"},"inLanguage":"lv-LV","potentialAction":[{"@type":"ReadAction","target":["https:\/\/saksavorst.ee\/lv\/produkts\/plastmasas-blive-sf260-desu-taisitajam\/"]}]},{"@type":"ImageObject","inLanguage":"lv-LV","@id":"https:\/\/saksavorst.ee\/lv\/produkts\/plastmasas-blive-sf260-desu-taisitajam\/#primaryimage","url":"https:\/\/saksavorst.ee\/wp-content\/uploads\/2024\/03\/vorstipritsi-tihend-sv15.jpg","contentUrl":"https:\/\/saksavorst.ee\/wp-content\/uploads\/2024\/03\/vorstipritsi-tihend-sv15.jpg","width":800,"height":800},{"@type":"BreadcrumbList","@id":"https:\/\/saksavorst.ee\/lv\/produkts\/plastmasas-blive-sf260-desu-taisitajam\/#breadcrumb","itemListElement":[{"@type":"ListItem","position":1,"name":"Home","item":"https:\/\/saksavorst.ee\/lv\/"},{"@type":"ListItem","position":2,"name":"Veikals","item":"https:\/\/saksavorst.ee\/lv\/veikals\/"},{"@type":"ListItem","position":3,"name":"Plastmasas bl\u012bve SF260 desu tais\u012bt\u0101jam"}]},{"@type":"WebSite","@id":"https:\/\/saksavorst.ee\/lv\/#website","url":"https:\/\/saksavorst.ee\/lv\/","name":"Saksavorst","description":"Feel the taste of emotions","publisher":{"@id":"https:\/\/saksavorst.ee\/lv\/#organization"},"alternateName":"Veikand","potentialAction":[{"@type":"SearchAction","target":{"@type":"EntryPoint","urlTemplate":"https:\/\/saksavorst.ee\/lv\/?s={search_term_string}"},"query-input":{"@type":"PropertyValueSpecification","valueRequired":true,"valueName":"search_term_string"}}],"inLanguage":"lv-LV"},{"@type":"Organization","@id":"https:\/\/saksavorst.ee\/lv\/#organization","name":"Saksavorst","alternateName":"Veikand","url":"https:\/\/saksavorst.ee\/lv\/","logo":{"@type":"ImageObject","inLanguage":"lv-LV","@id":"https:\/\/saksavorst.ee\/lv\/#\/schema\/logo\/image\/","url":"https:\/\/saksavorst.ee\/wp-content\/uploads\/2023\/05\/veikand-logo.jpg","contentUrl":"https:\/\/saksavorst.ee\/wp-content\/uploads\/2023\/05\/veikand-logo.jpg","width":217,"height":217,"caption":"Saksavorst"},"image":{"@id":"https:\/\/saksavorst.ee\/lv\/#\/schema\/logo\/image\/"},"sameAs":["https:\/\/www.facebook.com\/Veikand"]}]}},"_links":{"self":[{"href":"https:\/\/saksavorst.ee\/lv\/wp-json\/wp\/v2\/product\/32848","targetHints":{"allow":["GET"]}}],"collection":[{"href":"https:\/\/saksavorst.ee\/lv\/wp-json\/wp\/v2\/product"}],"about":[{"href":"https:\/\/saksavorst.ee\/lv\/wp-json\/wp\/v2\/types\/product"}],"version-history":[{"count":1,"href":"https:\/\/saksavorst.ee\/lv\/wp-json\/wp\/v2\/product\/32848\/revisions"}],"predecessor-version":[{"id":44457,"href":"https:\/\/saksavorst.ee\/lv\/wp-json\/wp\/v2\/product\/32848\/revisions\/44457"}],"wp:featuredmedia":[{"embeddable":true,"href":"https:\/\/saksavorst.ee\/lv\/wp-json\/wp\/v2\/media\/32837"}],"wp:attachment":[{"href":"https:\/\/saksavorst.ee\/lv\/wp-json\/wp\/v2\/media?parent=32848"}],"wp:term":[{"taxonomy":"product_brand","embeddable":true,"href":"https:\/\/saksavorst.ee\/lv\/wp-json\/wp\/v2\/product_brand?post=32848"},{"taxonomy":"product_cat","embeddable":true,"href":"https:\/\/saksavorst.ee\/lv\/wp-json\/wp\/v2\/product_cat?post=32848"},{"taxonomy":"product_tag","embeddable":true,"href":"https:\/\/saksavorst.ee\/lv\/wp-json\/wp\/v2\/product_tag?post=32848"}],"curies":[{"name":"wp","href":"https:\/\/api.w.org\/{rel}","templated":true}]}}