{"id":31610,"date":"2023-12-22T11:31:51","date_gmt":"2023-12-22T09:31:51","guid":{"rendered":"https:\/\/saksavorst.ee\/?post_type=product&#038;p=31610"},"modified":"2025-08-05T14:37:53","modified_gmt":"2025-08-05T12:37:53","slug":"zils-plastmasas-prieksauts-tpu-90x115cm","status":"publish","type":"product","link":"https:\/\/saksavorst.ee\/lv\/produkts\/zils-plastmasas-prieksauts-tpu-90x115cm\/","title":{"rendered":"Zils plastmasas priek\u0161auts TPU 90x115cm"},"content":{"rendered":"<p>\u016adensiztur\u012bgs TPU<\/p>\n<p>Higi\u0113nisks<\/p>\n<p>Bez cilp\u0101m, v\u012bl\u0113m vai apmal\u0113m, super gluda virsma<\/p>\n<p>Iztur\u012bgs pret dz\u012bvnieku e\u013c\u013c\u0101m un taukiem<\/p>\n<p>Priek\u0161auts ir \u013coti viegli t\u012br\u0101ms, un to var izmantot vair\u0101kas reizes, jo tas ir mazg\u0101jams l\u012bdz 90\u00b0C<\/p>\n<p>Ga\u013cas p\u0101rstr\u0101dei, p\u0101rtikas r\u016bpniec\u012bbai, vaska r\u016bpniec\u012bbai<\/p>\n<p>Daudzums: 1 gab<\/p>\n<p>Priek\u0161auta izm\u0113ri: 90 x 115 cm<\/p>\n<p>Svars: 200 g<\/p>\n","protected":false},"excerpt":{"rendered":"<p>Zilais plastmasas priek\u0161auts ir izgatavots no \u016bdensiztur\u012bga TPU, un tam ir \u013coti gluda virsma. T\u0101 k\u0101 priek\u0161auts ir izgatavots no viena gabala, priek\u0161auts ir \u012bpa\u0161i higi\u0113nisks un ir ide\u0101li piem\u0113rots lieto\u0161anai ga\u013cas p\u0101rstr\u0101d\u0113, p\u0101rtikas r\u016bpniec\u012bb\u0101 vai virtuv\u0113.<\/p>\n","protected":false},"featured_media":38877,"template":"","meta":{"_acf_changed":false},"product_brand":[],"product_cat":[346,347],"product_tag":[],"class_list":{"0":"post-31610","1":"product","2":"type-product","3":"status-publish","4":"has-post-thumbnail","6":"product_cat-nazi-un-aksesuari","7":"product_cat-paliglidzekli-nazi-un-piederumi","9":"first","10":"outofstock","11":"taxable","12":"shipping-taxable","13":"purchasable","14":"product-type-simple"},"acf":[],"yoast_head":"<!-- This site is optimized with the Yoast SEO plugin v27.3 - https:\/\/yoast.com\/product\/yoast-seo-wordpress\/ -->\n<title>Zils plastmasas priek\u0161auts TPU 90x115cm - Saksavorst<\/title>\n<meta name=\"robots\" content=\"index, follow, max-snippet:-1, max-image-preview:large, max-video-preview:-1\" \/>\n<link rel=\"canonical\" href=\"https:\/\/saksavorst.ee\/lv\/produkts\/zils-plastmasas-prieksauts-tpu-90x115cm\/\" \/>\n<meta property=\"og:locale\" content=\"lv_LV\" \/>\n<meta property=\"og:type\" content=\"article\" \/>\n<meta property=\"og:title\" content=\"Zils plastmasas priek\u0161auts TPU 90x115cm - Saksavorst\" \/>\n<meta property=\"og:description\" content=\"Zilais plastmasas priek\u0161auts ir izgatavots no \u016bdensiztur\u012bga TPU, un tam ir \u013coti gluda virsma. T\u0101 k\u0101 priek\u0161auts ir izgatavots no viena gabala, priek\u0161auts ir \u012bpa\u0161i higi\u0113nisks un ir ide\u0101li piem\u0113rots lieto\u0161anai ga\u013cas p\u0101rstr\u0101d\u0113, p\u0101rtikas r\u016bpniec\u012bb\u0101 vai virtuv\u0113.\" \/>\n<meta property=\"og:url\" content=\"https:\/\/saksavorst.ee\/lv\/produkts\/zils-plastmasas-prieksauts-tpu-90x115cm\/\" \/>\n<meta property=\"og:site_name\" content=\"Saksavorst\" \/>\n<meta property=\"article:publisher\" content=\"https:\/\/www.facebook.com\/Veikand\" \/>\n<meta property=\"article:modified_time\" content=\"2025-08-05T12:37:53+00:00\" \/>\n<meta property=\"og:image\" content=\"https:\/\/saksavorst.ee\/wp-content\/uploads\/2023\/12\/sinine-kilepoll-tpu-90x115cm-1-1.jpg\" \/>\n\t<meta property=\"og:image:width\" content=\"800\" \/>\n\t<meta property=\"og:image:height\" content=\"800\" \/>\n\t<meta property=\"og:image:type\" content=\"image\/jpeg\" \/>\n<meta name=\"twitter:card\" content=\"summary_large_image\" \/>\n<meta name=\"twitter:label1\" content=\"Est. reading time\" \/>\n\t<meta name=\"twitter:data1\" content=\"1 minute\" \/>\n<script type=\"application\/ld+json\" class=\"yoast-schema-graph\">{\"@context\":\"https:\\\/\\\/schema.org\",\"@graph\":[{\"@type\":\"WebPage\",\"@id\":\"https:\\\/\\\/saksavorst.ee\\\/lv\\\/produkts\\\/zils-plastmasas-prieksauts-tpu-90x115cm\\\/\",\"url\":\"https:\\\/\\\/saksavorst.ee\\\/lv\\\/produkts\\\/zils-plastmasas-prieksauts-tpu-90x115cm\\\/\",\"name\":\"Zils plastmasas priek\u0161auts TPU 90x115cm - Saksavorst\",\"isPartOf\":{\"@id\":\"https:\\\/\\\/saksavorst.ee\\\/lv\\\/#website\"},\"primaryImageOfPage\":{\"@id\":\"https:\\\/\\\/saksavorst.ee\\\/lv\\\/produkts\\\/zils-plastmasas-prieksauts-tpu-90x115cm\\\/#primaryimage\"},\"image\":{\"@id\":\"https:\\\/\\\/saksavorst.ee\\\/lv\\\/produkts\\\/zils-plastmasas-prieksauts-tpu-90x115cm\\\/#primaryimage\"},\"thumbnailUrl\":\"https:\\\/\\\/saksavorst.ee\\\/wp-content\\\/uploads\\\/2023\\\/12\\\/sinine-kilepoll-tpu-90x115cm-1-1.jpg\",\"datePublished\":\"2023-12-22T09:31:51+00:00\",\"dateModified\":\"2025-08-05T12:37:53+00:00\",\"breadcrumb\":{\"@id\":\"https:\\\/\\\/saksavorst.ee\\\/lv\\\/produkts\\\/zils-plastmasas-prieksauts-tpu-90x115cm\\\/#breadcrumb\"},\"inLanguage\":\"lv-LV\",\"potentialAction\":[{\"@type\":\"ReadAction\",\"target\":[\"https:\\\/\\\/saksavorst.ee\\\/lv\\\/produkts\\\/zils-plastmasas-prieksauts-tpu-90x115cm\\\/\"]}]},{\"@type\":\"ImageObject\",\"inLanguage\":\"lv-LV\",\"@id\":\"https:\\\/\\\/saksavorst.ee\\\/lv\\\/produkts\\\/zils-plastmasas-prieksauts-tpu-90x115cm\\\/#primaryimage\",\"url\":\"https:\\\/\\\/saksavorst.ee\\\/wp-content\\\/uploads\\\/2023\\\/12\\\/sinine-kilepoll-tpu-90x115cm-1-1.jpg\",\"contentUrl\":\"https:\\\/\\\/saksavorst.ee\\\/wp-content\\\/uploads\\\/2023\\\/12\\\/sinine-kilepoll-tpu-90x115cm-1-1.jpg\",\"width\":800,\"height\":800},{\"@type\":\"BreadcrumbList\",\"@id\":\"https:\\\/\\\/saksavorst.ee\\\/lv\\\/produkts\\\/zils-plastmasas-prieksauts-tpu-90x115cm\\\/#breadcrumb\",\"itemListElement\":[{\"@type\":\"ListItem\",\"position\":1,\"name\":\"Home\",\"item\":\"https:\\\/\\\/saksavorst.ee\\\/lv\\\/\"},{\"@type\":\"ListItem\",\"position\":2,\"name\":\"Veikals\",\"item\":\"https:\\\/\\\/saksavorst.ee\\\/lv\\\/veikals\\\/\"},{\"@type\":\"ListItem\",\"position\":3,\"name\":\"Zils plastmasas priek\u0161auts TPU 90x115cm\"}]},{\"@type\":\"WebSite\",\"@id\":\"https:\\\/\\\/saksavorst.ee\\\/lv\\\/#website\",\"url\":\"https:\\\/\\\/saksavorst.ee\\\/lv\\\/\",\"name\":\"Saksavorst\",\"description\":\"Feel the taste of emotions\",\"publisher\":{\"@id\":\"https:\\\/\\\/saksavorst.ee\\\/lv\\\/#organization\"},\"alternateName\":\"Veikand\",\"potentialAction\":[{\"@type\":\"SearchAction\",\"target\":{\"@type\":\"EntryPoint\",\"urlTemplate\":\"https:\\\/\\\/saksavorst.ee\\\/lv\\\/?s={search_term_string}\"},\"query-input\":{\"@type\":\"PropertyValueSpecification\",\"valueRequired\":true,\"valueName\":\"search_term_string\"}}],\"inLanguage\":\"lv-LV\"},{\"@type\":\"Organization\",\"@id\":\"https:\\\/\\\/saksavorst.ee\\\/lv\\\/#organization\",\"name\":\"Saksavorst\",\"alternateName\":\"Veikand\",\"url\":\"https:\\\/\\\/saksavorst.ee\\\/lv\\\/\",\"logo\":{\"@type\":\"ImageObject\",\"inLanguage\":\"lv-LV\",\"@id\":\"https:\\\/\\\/saksavorst.ee\\\/lv\\\/#\\\/schema\\\/logo\\\/image\\\/\",\"url\":\"https:\\\/\\\/saksavorst.ee\\\/wp-content\\\/uploads\\\/2023\\\/05\\\/veikand-logo.jpg\",\"contentUrl\":\"https:\\\/\\\/saksavorst.ee\\\/wp-content\\\/uploads\\\/2023\\\/05\\\/veikand-logo.jpg\",\"width\":217,\"height\":217,\"caption\":\"Saksavorst\"},\"image\":{\"@id\":\"https:\\\/\\\/saksavorst.ee\\\/lv\\\/#\\\/schema\\\/logo\\\/image\\\/\"},\"sameAs\":[\"https:\\\/\\\/www.facebook.com\\\/Veikand\"]}]}<\/script>\n<!-- \/ Yoast SEO plugin. -->","yoast_head_json":{"title":"Zils plastmasas priek\u0161auts TPU 90x115cm - Saksavorst","robots":{"index":"index","follow":"follow","max-snippet":"max-snippet:-1","max-image-preview":"max-image-preview:large","max-video-preview":"max-video-preview:-1"},"canonical":"https:\/\/saksavorst.ee\/lv\/produkts\/zils-plastmasas-prieksauts-tpu-90x115cm\/","og_locale":"lv_LV","og_type":"article","og_title":"Zils plastmasas priek\u0161auts TPU 90x115cm - Saksavorst","og_description":"Zilais plastmasas priek\u0161auts ir izgatavots no \u016bdensiztur\u012bga TPU, un tam ir \u013coti gluda virsma. T\u0101 k\u0101 priek\u0161auts ir izgatavots no viena gabala, priek\u0161auts ir \u012bpa\u0161i higi\u0113nisks un ir ide\u0101li piem\u0113rots lieto\u0161anai ga\u013cas p\u0101rstr\u0101d\u0113, p\u0101rtikas r\u016bpniec\u012bb\u0101 vai virtuv\u0113.","og_url":"https:\/\/saksavorst.ee\/lv\/produkts\/zils-plastmasas-prieksauts-tpu-90x115cm\/","og_site_name":"Saksavorst","article_publisher":"https:\/\/www.facebook.com\/Veikand","article_modified_time":"2025-08-05T12:37:53+00:00","og_image":[{"width":800,"height":800,"url":"https:\/\/saksavorst.ee\/wp-content\/uploads\/2023\/12\/sinine-kilepoll-tpu-90x115cm-1-1.jpg","type":"image\/jpeg"}],"twitter_card":"summary_large_image","twitter_misc":{"Est. reading time":"1 minute"},"schema":{"@context":"https:\/\/schema.org","@graph":[{"@type":"WebPage","@id":"https:\/\/saksavorst.ee\/lv\/produkts\/zils-plastmasas-prieksauts-tpu-90x115cm\/","url":"https:\/\/saksavorst.ee\/lv\/produkts\/zils-plastmasas-prieksauts-tpu-90x115cm\/","name":"Zils plastmasas priek\u0161auts TPU 90x115cm - Saksavorst","isPartOf":{"@id":"https:\/\/saksavorst.ee\/lv\/#website"},"primaryImageOfPage":{"@id":"https:\/\/saksavorst.ee\/lv\/produkts\/zils-plastmasas-prieksauts-tpu-90x115cm\/#primaryimage"},"image":{"@id":"https:\/\/saksavorst.ee\/lv\/produkts\/zils-plastmasas-prieksauts-tpu-90x115cm\/#primaryimage"},"thumbnailUrl":"https:\/\/saksavorst.ee\/wp-content\/uploads\/2023\/12\/sinine-kilepoll-tpu-90x115cm-1-1.jpg","datePublished":"2023-12-22T09:31:51+00:00","dateModified":"2025-08-05T12:37:53+00:00","breadcrumb":{"@id":"https:\/\/saksavorst.ee\/lv\/produkts\/zils-plastmasas-prieksauts-tpu-90x115cm\/#breadcrumb"},"inLanguage":"lv-LV","potentialAction":[{"@type":"ReadAction","target":["https:\/\/saksavorst.ee\/lv\/produkts\/zils-plastmasas-prieksauts-tpu-90x115cm\/"]}]},{"@type":"ImageObject","inLanguage":"lv-LV","@id":"https:\/\/saksavorst.ee\/lv\/produkts\/zils-plastmasas-prieksauts-tpu-90x115cm\/#primaryimage","url":"https:\/\/saksavorst.ee\/wp-content\/uploads\/2023\/12\/sinine-kilepoll-tpu-90x115cm-1-1.jpg","contentUrl":"https:\/\/saksavorst.ee\/wp-content\/uploads\/2023\/12\/sinine-kilepoll-tpu-90x115cm-1-1.jpg","width":800,"height":800},{"@type":"BreadcrumbList","@id":"https:\/\/saksavorst.ee\/lv\/produkts\/zils-plastmasas-prieksauts-tpu-90x115cm\/#breadcrumb","itemListElement":[{"@type":"ListItem","position":1,"name":"Home","item":"https:\/\/saksavorst.ee\/lv\/"},{"@type":"ListItem","position":2,"name":"Veikals","item":"https:\/\/saksavorst.ee\/lv\/veikals\/"},{"@type":"ListItem","position":3,"name":"Zils plastmasas priek\u0161auts TPU 90x115cm"}]},{"@type":"WebSite","@id":"https:\/\/saksavorst.ee\/lv\/#website","url":"https:\/\/saksavorst.ee\/lv\/","name":"Saksavorst","description":"Feel the taste of emotions","publisher":{"@id":"https:\/\/saksavorst.ee\/lv\/#organization"},"alternateName":"Veikand","potentialAction":[{"@type":"SearchAction","target":{"@type":"EntryPoint","urlTemplate":"https:\/\/saksavorst.ee\/lv\/?s={search_term_string}"},"query-input":{"@type":"PropertyValueSpecification","valueRequired":true,"valueName":"search_term_string"}}],"inLanguage":"lv-LV"},{"@type":"Organization","@id":"https:\/\/saksavorst.ee\/lv\/#organization","name":"Saksavorst","alternateName":"Veikand","url":"https:\/\/saksavorst.ee\/lv\/","logo":{"@type":"ImageObject","inLanguage":"lv-LV","@id":"https:\/\/saksavorst.ee\/lv\/#\/schema\/logo\/image\/","url":"https:\/\/saksavorst.ee\/wp-content\/uploads\/2023\/05\/veikand-logo.jpg","contentUrl":"https:\/\/saksavorst.ee\/wp-content\/uploads\/2023\/05\/veikand-logo.jpg","width":217,"height":217,"caption":"Saksavorst"},"image":{"@id":"https:\/\/saksavorst.ee\/lv\/#\/schema\/logo\/image\/"},"sameAs":["https:\/\/www.facebook.com\/Veikand"]}]}},"_links":{"self":[{"href":"https:\/\/saksavorst.ee\/lv\/wp-json\/wp\/v2\/product\/31610","targetHints":{"allow":["GET"]}}],"collection":[{"href":"https:\/\/saksavorst.ee\/lv\/wp-json\/wp\/v2\/product"}],"about":[{"href":"https:\/\/saksavorst.ee\/lv\/wp-json\/wp\/v2\/types\/product"}],"version-history":[{"count":1,"href":"https:\/\/saksavorst.ee\/lv\/wp-json\/wp\/v2\/product\/31610\/revisions"}],"predecessor-version":[{"id":44490,"href":"https:\/\/saksavorst.ee\/lv\/wp-json\/wp\/v2\/product\/31610\/revisions\/44490"}],"wp:featuredmedia":[{"embeddable":true,"href":"https:\/\/saksavorst.ee\/lv\/wp-json\/wp\/v2\/media\/38877"}],"wp:attachment":[{"href":"https:\/\/saksavorst.ee\/lv\/wp-json\/wp\/v2\/media?parent=31610"}],"wp:term":[{"taxonomy":"product_brand","embeddable":true,"href":"https:\/\/saksavorst.ee\/lv\/wp-json\/wp\/v2\/product_brand?post=31610"},{"taxonomy":"product_cat","embeddable":true,"href":"https:\/\/saksavorst.ee\/lv\/wp-json\/wp\/v2\/product_cat?post=31610"},{"taxonomy":"product_tag","embeddable":true,"href":"https:\/\/saksavorst.ee\/lv\/wp-json\/wp\/v2\/product_tag?post=31610"}],"curies":[{"name":"wp","href":"https:\/\/api.w.org\/{rel}","templated":true}]}}