{"id":31511,"date":"2023-12-20T10:20:32","date_gmt":"2023-12-20T08:20:32","guid":{"rendered":"https:\/\/saksavorst.ee\/?post_type=product&#038;p=31511"},"modified":"2025-08-05T14:59:57","modified_gmt":"2025-08-05T12:59:57","slug":"tipper-tie-griezejs-tcnv-e220r","status":"publish","type":"product","link":"https:\/\/saksavorst.ee\/lv\/produkts\/tipper-tie-griezejs-tcnv-e220r\/","title":{"rendered":"TIPPER TIE griez\u0113js TCNV-E220R"},"content":{"rendered":"<p>\u0160\u012bs iek\u0101rtas ir izgatavotas no ner\u016bs\u0113jo\u0161\u0101 t\u0113rauda un atbilst jaun\u0101kaj\u0101m dro\u0161\u012bbas un higi\u0113nas pras\u012bb\u0101m.<\/p>\n<p>Tie ir \u013coti daudzpus\u012bgi, piem\u0113roti dab\u012bgiem vai m\u0101ksl\u012bgiem apvalkiem, polietil\u0113nam, linam un t\u012bkliem.<\/p>\n<p>Katrs modelis izmanto l\u012bdz pat \u010detriem da\u017e\u0101diem klipu izm\u0113riem, lai \u013cautu apstr\u0101d\u0101t da\u017e\u0101dus da\u017e\u0101da izm\u0113ra izstr\u0101d\u0101jumus.<\/p>\n<p>P\u0113c apgrie\u0161anas produktu var pagatavot vai sasald\u0113t, k\u0101 ar\u012b t\u0101l\u0101k apstr\u0101d\u0101t un nos\u016bt\u012bt.<\/p>\n<p>Apgriezts t\u012bkls \u013caus produktu k\u016bpin\u0101t, saglab\u0101jot nepiecie\u0161amo formu un virsmas strukt\u016bru.<\/p>\n<p>\u0100r\u0113jie izm\u0113ri G x Pl x A: 27 x 21 x 87 cm<\/p>\n<p>Svars: 10 kg<\/p>\n","protected":false},"excerpt":{"rendered":"<p>TCNV kl\u0101sts ir ide\u0101li piem\u0113rots izmanto\u0161anai gad\u012bjumos, kad nepiecie\u0161ama piln\u012bgi dro\u0161a aizdare. Desu, m\u0101jputnu ga\u013cu, med\u012bjumus, m\u012bdijas un gliemenes, k\u0101 ar\u012b iepakotu svaigu ga\u013cu un sieru var aiztais\u012bt ar \u0161\u012bm ma\u0161\u012bn\u0101m.<\/p>\n","protected":false},"featured_media":31515,"template":"","meta":{"_acf_changed":false},"product_brand":[],"product_cat":[333,334,340],"product_tag":[],"class_list":{"0":"post-31511","1":"product","2":"type-product","3":"status-publish","4":"has-post-thumbnail","6":"product_cat-aprikojums","7":"product_cat-visi-produkti","8":"product_cat-iepakosanas-aprikojums","9":"product_shipping_class-neder-pakomatam","11":"first","12":"instock","13":"taxable","14":"shipping-taxable","15":"purchasable","16":"product-type-simple"},"acf":[],"yoast_head":"<!-- This site is optimized with the Yoast SEO plugin v27.3 - https:\/\/yoast.com\/product\/yoast-seo-wordpress\/ -->\n<title>TIPPER TIE griez\u0113js TCNV-E220R - Saksavorst<\/title>\n<meta name=\"robots\" content=\"index, follow, max-snippet:-1, max-image-preview:large, max-video-preview:-1\" \/>\n<link rel=\"canonical\" href=\"https:\/\/saksavorst.ee\/lv\/produkts\/tipper-tie-griezejs-tcnv-e220r\/\" \/>\n<meta property=\"og:locale\" content=\"lv_LV\" \/>\n<meta property=\"og:type\" content=\"article\" \/>\n<meta property=\"og:title\" content=\"TIPPER TIE griez\u0113js TCNV-E220R - Saksavorst\" \/>\n<meta property=\"og:description\" content=\"TCNV kl\u0101sts ir ide\u0101li piem\u0113rots izmanto\u0161anai gad\u012bjumos, kad nepiecie\u0161ama piln\u012bgi dro\u0161a aizdare. Desu, m\u0101jputnu ga\u013cu, med\u012bjumus, m\u012bdijas un gliemenes, k\u0101 ar\u012b iepakotu svaigu ga\u013cu un sieru var aiztais\u012bt ar \u0161\u012bm ma\u0161\u012bn\u0101m.\" \/>\n<meta property=\"og:url\" content=\"https:\/\/saksavorst.ee\/lv\/produkts\/tipper-tie-griezejs-tcnv-e220r\/\" \/>\n<meta property=\"og:site_name\" content=\"Saksavorst\" \/>\n<meta property=\"article:publisher\" content=\"https:\/\/www.facebook.com\/Veikand\" \/>\n<meta property=\"article:modified_time\" content=\"2025-08-05T12:59:57+00:00\" \/>\n<meta property=\"og:image\" content=\"https:\/\/saksavorst.ee\/wp-content\/uploads\/2023\/12\/klipsaator-tippertie-tcnv-e220r.png\" \/>\n\t<meta property=\"og:image:width\" content=\"800\" \/>\n\t<meta property=\"og:image:height\" content=\"800\" \/>\n\t<meta property=\"og:image:type\" content=\"image\/png\" \/>\n<meta name=\"twitter:card\" content=\"summary_large_image\" \/>\n<meta name=\"twitter:label1\" content=\"Est. reading time\" \/>\n\t<meta name=\"twitter:data1\" content=\"1 minute\" \/>\n<script type=\"application\/ld+json\" class=\"yoast-schema-graph\">{\"@context\":\"https:\\\/\\\/schema.org\",\"@graph\":[{\"@type\":\"WebPage\",\"@id\":\"https:\\\/\\\/saksavorst.ee\\\/lv\\\/produkts\\\/tipper-tie-griezejs-tcnv-e220r\\\/\",\"url\":\"https:\\\/\\\/saksavorst.ee\\\/lv\\\/produkts\\\/tipper-tie-griezejs-tcnv-e220r\\\/\",\"name\":\"TIPPER TIE griez\u0113js TCNV-E220R - Saksavorst\",\"isPartOf\":{\"@id\":\"https:\\\/\\\/saksavorst.ee\\\/lv\\\/#website\"},\"primaryImageOfPage\":{\"@id\":\"https:\\\/\\\/saksavorst.ee\\\/lv\\\/produkts\\\/tipper-tie-griezejs-tcnv-e220r\\\/#primaryimage\"},\"image\":{\"@id\":\"https:\\\/\\\/saksavorst.ee\\\/lv\\\/produkts\\\/tipper-tie-griezejs-tcnv-e220r\\\/#primaryimage\"},\"thumbnailUrl\":\"https:\\\/\\\/saksavorst.ee\\\/wp-content\\\/uploads\\\/2023\\\/12\\\/klipsaator-tippertie-tcnv-e220r.png\",\"datePublished\":\"2023-12-20T08:20:32+00:00\",\"dateModified\":\"2025-08-05T12:59:57+00:00\",\"breadcrumb\":{\"@id\":\"https:\\\/\\\/saksavorst.ee\\\/lv\\\/produkts\\\/tipper-tie-griezejs-tcnv-e220r\\\/#breadcrumb\"},\"inLanguage\":\"lv-LV\",\"potentialAction\":[{\"@type\":\"ReadAction\",\"target\":[\"https:\\\/\\\/saksavorst.ee\\\/lv\\\/produkts\\\/tipper-tie-griezejs-tcnv-e220r\\\/\"]}]},{\"@type\":\"ImageObject\",\"inLanguage\":\"lv-LV\",\"@id\":\"https:\\\/\\\/saksavorst.ee\\\/lv\\\/produkts\\\/tipper-tie-griezejs-tcnv-e220r\\\/#primaryimage\",\"url\":\"https:\\\/\\\/saksavorst.ee\\\/wp-content\\\/uploads\\\/2023\\\/12\\\/klipsaator-tippertie-tcnv-e220r.png\",\"contentUrl\":\"https:\\\/\\\/saksavorst.ee\\\/wp-content\\\/uploads\\\/2023\\\/12\\\/klipsaator-tippertie-tcnv-e220r.png\",\"width\":800,\"height\":800},{\"@type\":\"BreadcrumbList\",\"@id\":\"https:\\\/\\\/saksavorst.ee\\\/lv\\\/produkts\\\/tipper-tie-griezejs-tcnv-e220r\\\/#breadcrumb\",\"itemListElement\":[{\"@type\":\"ListItem\",\"position\":1,\"name\":\"Home\",\"item\":\"https:\\\/\\\/saksavorst.ee\\\/lv\\\/\"},{\"@type\":\"ListItem\",\"position\":2,\"name\":\"Veikals\",\"item\":\"https:\\\/\\\/saksavorst.ee\\\/lv\\\/veikals\\\/\"},{\"@type\":\"ListItem\",\"position\":3,\"name\":\"TIPPER TIE griez\u0113js TCNV-E220R\"}]},{\"@type\":\"WebSite\",\"@id\":\"https:\\\/\\\/saksavorst.ee\\\/lv\\\/#website\",\"url\":\"https:\\\/\\\/saksavorst.ee\\\/lv\\\/\",\"name\":\"Saksavorst\",\"description\":\"Feel the taste of emotions\",\"publisher\":{\"@id\":\"https:\\\/\\\/saksavorst.ee\\\/lv\\\/#organization\"},\"alternateName\":\"Veikand\",\"potentialAction\":[{\"@type\":\"SearchAction\",\"target\":{\"@type\":\"EntryPoint\",\"urlTemplate\":\"https:\\\/\\\/saksavorst.ee\\\/lv\\\/?s={search_term_string}\"},\"query-input\":{\"@type\":\"PropertyValueSpecification\",\"valueRequired\":true,\"valueName\":\"search_term_string\"}}],\"inLanguage\":\"lv-LV\"},{\"@type\":\"Organization\",\"@id\":\"https:\\\/\\\/saksavorst.ee\\\/lv\\\/#organization\",\"name\":\"Saksavorst\",\"alternateName\":\"Veikand\",\"url\":\"https:\\\/\\\/saksavorst.ee\\\/lv\\\/\",\"logo\":{\"@type\":\"ImageObject\",\"inLanguage\":\"lv-LV\",\"@id\":\"https:\\\/\\\/saksavorst.ee\\\/lv\\\/#\\\/schema\\\/logo\\\/image\\\/\",\"url\":\"https:\\\/\\\/saksavorst.ee\\\/wp-content\\\/uploads\\\/2023\\\/05\\\/veikand-logo.jpg\",\"contentUrl\":\"https:\\\/\\\/saksavorst.ee\\\/wp-content\\\/uploads\\\/2023\\\/05\\\/veikand-logo.jpg\",\"width\":217,\"height\":217,\"caption\":\"Saksavorst\"},\"image\":{\"@id\":\"https:\\\/\\\/saksavorst.ee\\\/lv\\\/#\\\/schema\\\/logo\\\/image\\\/\"},\"sameAs\":[\"https:\\\/\\\/www.facebook.com\\\/Veikand\"]}]}<\/script>\n<!-- \/ Yoast SEO plugin. -->","yoast_head_json":{"title":"TIPPER TIE griez\u0113js TCNV-E220R - Saksavorst","robots":{"index":"index","follow":"follow","max-snippet":"max-snippet:-1","max-image-preview":"max-image-preview:large","max-video-preview":"max-video-preview:-1"},"canonical":"https:\/\/saksavorst.ee\/lv\/produkts\/tipper-tie-griezejs-tcnv-e220r\/","og_locale":"lv_LV","og_type":"article","og_title":"TIPPER TIE griez\u0113js TCNV-E220R - Saksavorst","og_description":"TCNV kl\u0101sts ir ide\u0101li piem\u0113rots izmanto\u0161anai gad\u012bjumos, kad nepiecie\u0161ama piln\u012bgi dro\u0161a aizdare. Desu, m\u0101jputnu ga\u013cu, med\u012bjumus, m\u012bdijas un gliemenes, k\u0101 ar\u012b iepakotu svaigu ga\u013cu un sieru var aiztais\u012bt ar \u0161\u012bm ma\u0161\u012bn\u0101m.","og_url":"https:\/\/saksavorst.ee\/lv\/produkts\/tipper-tie-griezejs-tcnv-e220r\/","og_site_name":"Saksavorst","article_publisher":"https:\/\/www.facebook.com\/Veikand","article_modified_time":"2025-08-05T12:59:57+00:00","og_image":[{"width":800,"height":800,"url":"https:\/\/saksavorst.ee\/wp-content\/uploads\/2023\/12\/klipsaator-tippertie-tcnv-e220r.png","type":"image\/png"}],"twitter_card":"summary_large_image","twitter_misc":{"Est. reading time":"1 minute"},"schema":{"@context":"https:\/\/schema.org","@graph":[{"@type":"WebPage","@id":"https:\/\/saksavorst.ee\/lv\/produkts\/tipper-tie-griezejs-tcnv-e220r\/","url":"https:\/\/saksavorst.ee\/lv\/produkts\/tipper-tie-griezejs-tcnv-e220r\/","name":"TIPPER TIE griez\u0113js TCNV-E220R - Saksavorst","isPartOf":{"@id":"https:\/\/saksavorst.ee\/lv\/#website"},"primaryImageOfPage":{"@id":"https:\/\/saksavorst.ee\/lv\/produkts\/tipper-tie-griezejs-tcnv-e220r\/#primaryimage"},"image":{"@id":"https:\/\/saksavorst.ee\/lv\/produkts\/tipper-tie-griezejs-tcnv-e220r\/#primaryimage"},"thumbnailUrl":"https:\/\/saksavorst.ee\/wp-content\/uploads\/2023\/12\/klipsaator-tippertie-tcnv-e220r.png","datePublished":"2023-12-20T08:20:32+00:00","dateModified":"2025-08-05T12:59:57+00:00","breadcrumb":{"@id":"https:\/\/saksavorst.ee\/lv\/produkts\/tipper-tie-griezejs-tcnv-e220r\/#breadcrumb"},"inLanguage":"lv-LV","potentialAction":[{"@type":"ReadAction","target":["https:\/\/saksavorst.ee\/lv\/produkts\/tipper-tie-griezejs-tcnv-e220r\/"]}]},{"@type":"ImageObject","inLanguage":"lv-LV","@id":"https:\/\/saksavorst.ee\/lv\/produkts\/tipper-tie-griezejs-tcnv-e220r\/#primaryimage","url":"https:\/\/saksavorst.ee\/wp-content\/uploads\/2023\/12\/klipsaator-tippertie-tcnv-e220r.png","contentUrl":"https:\/\/saksavorst.ee\/wp-content\/uploads\/2023\/12\/klipsaator-tippertie-tcnv-e220r.png","width":800,"height":800},{"@type":"BreadcrumbList","@id":"https:\/\/saksavorst.ee\/lv\/produkts\/tipper-tie-griezejs-tcnv-e220r\/#breadcrumb","itemListElement":[{"@type":"ListItem","position":1,"name":"Home","item":"https:\/\/saksavorst.ee\/lv\/"},{"@type":"ListItem","position":2,"name":"Veikals","item":"https:\/\/saksavorst.ee\/lv\/veikals\/"},{"@type":"ListItem","position":3,"name":"TIPPER TIE griez\u0113js TCNV-E220R"}]},{"@type":"WebSite","@id":"https:\/\/saksavorst.ee\/lv\/#website","url":"https:\/\/saksavorst.ee\/lv\/","name":"Saksavorst","description":"Feel the taste of emotions","publisher":{"@id":"https:\/\/saksavorst.ee\/lv\/#organization"},"alternateName":"Veikand","potentialAction":[{"@type":"SearchAction","target":{"@type":"EntryPoint","urlTemplate":"https:\/\/saksavorst.ee\/lv\/?s={search_term_string}"},"query-input":{"@type":"PropertyValueSpecification","valueRequired":true,"valueName":"search_term_string"}}],"inLanguage":"lv-LV"},{"@type":"Organization","@id":"https:\/\/saksavorst.ee\/lv\/#organization","name":"Saksavorst","alternateName":"Veikand","url":"https:\/\/saksavorst.ee\/lv\/","logo":{"@type":"ImageObject","inLanguage":"lv-LV","@id":"https:\/\/saksavorst.ee\/lv\/#\/schema\/logo\/image\/","url":"https:\/\/saksavorst.ee\/wp-content\/uploads\/2023\/05\/veikand-logo.jpg","contentUrl":"https:\/\/saksavorst.ee\/wp-content\/uploads\/2023\/05\/veikand-logo.jpg","width":217,"height":217,"caption":"Saksavorst"},"image":{"@id":"https:\/\/saksavorst.ee\/lv\/#\/schema\/logo\/image\/"},"sameAs":["https:\/\/www.facebook.com\/Veikand"]}]}},"_links":{"self":[{"href":"https:\/\/saksavorst.ee\/lv\/wp-json\/wp\/v2\/product\/31511","targetHints":{"allow":["GET"]}}],"collection":[{"href":"https:\/\/saksavorst.ee\/lv\/wp-json\/wp\/v2\/product"}],"about":[{"href":"https:\/\/saksavorst.ee\/lv\/wp-json\/wp\/v2\/types\/product"}],"version-history":[{"count":1,"href":"https:\/\/saksavorst.ee\/lv\/wp-json\/wp\/v2\/product\/31511\/revisions"}],"predecessor-version":[{"id":44504,"href":"https:\/\/saksavorst.ee\/lv\/wp-json\/wp\/v2\/product\/31511\/revisions\/44504"}],"wp:featuredmedia":[{"embeddable":true,"href":"https:\/\/saksavorst.ee\/lv\/wp-json\/wp\/v2\/media\/31515"}],"wp:attachment":[{"href":"https:\/\/saksavorst.ee\/lv\/wp-json\/wp\/v2\/media?parent=31511"}],"wp:term":[{"taxonomy":"product_brand","embeddable":true,"href":"https:\/\/saksavorst.ee\/lv\/wp-json\/wp\/v2\/product_brand?post=31511"},{"taxonomy":"product_cat","embeddable":true,"href":"https:\/\/saksavorst.ee\/lv\/wp-json\/wp\/v2\/product_cat?post=31511"},{"taxonomy":"product_tag","embeddable":true,"href":"https:\/\/saksavorst.ee\/lv\/wp-json\/wp\/v2\/product_tag?post=31511"}],"curies":[{"name":"wp","href":"https:\/\/api.w.org\/{rel}","templated":true}]}}