{"id":31472,"date":"2023-12-19T09:02:19","date_gmt":"2023-12-19T07:02:19","guid":{"rendered":"https:\/\/saksavorst.ee\/?post_type=product&#038;p=31472"},"modified":"2025-08-05T15:02:29","modified_gmt":"2025-08-05T13:02:29","slug":"150x250mm-vakuuma-maisi-ar-kanalu-100gab","status":"publish","type":"product","link":"https:\/\/saksavorst.ee\/lv\/produkts\/150x250mm-vakuuma-maisi-ar-kanalu-100gab\/","title":{"rendered":"150x250mm vakuuma maisi ar kan\u0101lu 100gab"},"content":{"rendered":"<p>Vakuuma maisi ar gaisa kan\u0101liem<\/p>\n<p>Iepako\u0161anai ar manu\u0101lo ier\u012bci \u2013 nodro\u0161ina maksim\u0101lu gaisa izs\u016bkn\u0113\u0161anu no iepakojuma<\/p>\n<p>Izm\u0113rs: 150 x 250 mm<\/p>\n<p>Biezums: 100 mic<\/p>\n<p>Daudzums: 100 gab. iepakojum\u0101<\/p>\n","protected":false},"excerpt":{"rendered":"<p>Vakuuma maisi ar gaisa kan\u0101liem Iepako\u0161anai ar manu\u0101lo ier\u012bci \u2013 nodro\u0161ina maksim\u0101lu gaisa izs\u016bkn\u0113\u0161anu no iepakojuma Izm\u0113rs: 150 x 250<\/p>\n","protected":false},"featured_media":14348,"template":"","meta":{"_acf_changed":false},"product_brand":[],"product_cat":[356,358,352],"product_tag":[],"class_list":{"0":"post-31472","1":"product","2":"type-product","3":"status-publish","4":"has-post-thumbnail","6":"product_cat-vakuuma-maisini","7":"product_cat-reljefi-vakuuma-maisini","8":"product_cat-iepakojums","10":"first","11":"instock","12":"taxable","13":"shipping-taxable","14":"purchasable","15":"product-type-simple"},"acf":[],"yoast_head":"<!-- This site is optimized with the Yoast SEO plugin v27.3 - https:\/\/yoast.com\/product\/yoast-seo-wordpress\/ -->\n<title>150x250mm vakuuma maisi ar kan\u0101lu 100gab - Saksavorst<\/title>\n<meta name=\"robots\" content=\"index, follow, max-snippet:-1, max-image-preview:large, max-video-preview:-1\" \/>\n<link rel=\"canonical\" href=\"https:\/\/saksavorst.ee\/lv\/produkts\/150x250mm-vakuuma-maisi-ar-kanalu-100gab\/\" \/>\n<meta property=\"og:locale\" content=\"lv_LV\" \/>\n<meta property=\"og:type\" content=\"article\" \/>\n<meta property=\"og:title\" content=\"150x250mm vakuuma maisi ar kan\u0101lu 100gab - Saksavorst\" \/>\n<meta property=\"og:description\" content=\"Vakuuma maisi ar gaisa kan\u0101liem Iepako\u0161anai ar manu\u0101lo ier\u012bci \u2013 nodro\u0161ina maksim\u0101lu gaisa izs\u016bkn\u0113\u0161anu no iepakojuma Izm\u0113rs: 150 x 250\" \/>\n<meta property=\"og:url\" content=\"https:\/\/saksavorst.ee\/lv\/produkts\/150x250mm-vakuuma-maisi-ar-kanalu-100gab\/\" \/>\n<meta property=\"og:site_name\" content=\"Saksavorst\" \/>\n<meta property=\"article:publisher\" content=\"https:\/\/www.facebook.com\/Veikand\" \/>\n<meta property=\"article:modified_time\" content=\"2025-08-05T13:02:29+00:00\" \/>\n<meta property=\"og:image\" content=\"https:\/\/saksavorst.ee\/wp-content\/uploads\/2023\/02\/160-x-230-mm-vaakumkotid-kanaliga-100tk-1-1.png\" \/>\n\t<meta property=\"og:image:width\" content=\"800\" \/>\n\t<meta property=\"og:image:height\" content=\"800\" \/>\n\t<meta property=\"og:image:type\" content=\"image\/png\" \/>\n<meta name=\"twitter:card\" content=\"summary_large_image\" \/>\n<meta name=\"twitter:label1\" content=\"Est. reading time\" \/>\n\t<meta name=\"twitter:data1\" content=\"1 minute\" \/>\n<script type=\"application\/ld+json\" class=\"yoast-schema-graph\">{\"@context\":\"https:\\\/\\\/schema.org\",\"@graph\":[{\"@type\":\"WebPage\",\"@id\":\"https:\\\/\\\/saksavorst.ee\\\/lv\\\/produkts\\\/150x250mm-vakuuma-maisi-ar-kanalu-100gab\\\/\",\"url\":\"https:\\\/\\\/saksavorst.ee\\\/lv\\\/produkts\\\/150x250mm-vakuuma-maisi-ar-kanalu-100gab\\\/\",\"name\":\"150x250mm vakuuma maisi ar kan\u0101lu 100gab - Saksavorst\",\"isPartOf\":{\"@id\":\"https:\\\/\\\/saksavorst.ee\\\/lv\\\/#website\"},\"primaryImageOfPage\":{\"@id\":\"https:\\\/\\\/saksavorst.ee\\\/lv\\\/produkts\\\/150x250mm-vakuuma-maisi-ar-kanalu-100gab\\\/#primaryimage\"},\"image\":{\"@id\":\"https:\\\/\\\/saksavorst.ee\\\/lv\\\/produkts\\\/150x250mm-vakuuma-maisi-ar-kanalu-100gab\\\/#primaryimage\"},\"thumbnailUrl\":\"https:\\\/\\\/saksavorst.ee\\\/wp-content\\\/uploads\\\/2023\\\/02\\\/160-x-230-mm-vaakumkotid-kanaliga-100tk-1-1.png\",\"datePublished\":\"2023-12-19T07:02:19+00:00\",\"dateModified\":\"2025-08-05T13:02:29+00:00\",\"breadcrumb\":{\"@id\":\"https:\\\/\\\/saksavorst.ee\\\/lv\\\/produkts\\\/150x250mm-vakuuma-maisi-ar-kanalu-100gab\\\/#breadcrumb\"},\"inLanguage\":\"lv-LV\",\"potentialAction\":[{\"@type\":\"ReadAction\",\"target\":[\"https:\\\/\\\/saksavorst.ee\\\/lv\\\/produkts\\\/150x250mm-vakuuma-maisi-ar-kanalu-100gab\\\/\"]}]},{\"@type\":\"ImageObject\",\"inLanguage\":\"lv-LV\",\"@id\":\"https:\\\/\\\/saksavorst.ee\\\/lv\\\/produkts\\\/150x250mm-vakuuma-maisi-ar-kanalu-100gab\\\/#primaryimage\",\"url\":\"https:\\\/\\\/saksavorst.ee\\\/wp-content\\\/uploads\\\/2023\\\/02\\\/160-x-230-mm-vaakumkotid-kanaliga-100tk-1-1.png\",\"contentUrl\":\"https:\\\/\\\/saksavorst.ee\\\/wp-content\\\/uploads\\\/2023\\\/02\\\/160-x-230-mm-vaakumkotid-kanaliga-100tk-1-1.png\",\"width\":800,\"height\":800},{\"@type\":\"BreadcrumbList\",\"@id\":\"https:\\\/\\\/saksavorst.ee\\\/lv\\\/produkts\\\/150x250mm-vakuuma-maisi-ar-kanalu-100gab\\\/#breadcrumb\",\"itemListElement\":[{\"@type\":\"ListItem\",\"position\":1,\"name\":\"Home\",\"item\":\"https:\\\/\\\/saksavorst.ee\\\/lv\\\/\"},{\"@type\":\"ListItem\",\"position\":2,\"name\":\"Veikals\",\"item\":\"https:\\\/\\\/saksavorst.ee\\\/lv\\\/veikals\\\/\"},{\"@type\":\"ListItem\",\"position\":3,\"name\":\"150x250mm vakuuma maisi ar kan\u0101lu 100gab\"}]},{\"@type\":\"WebSite\",\"@id\":\"https:\\\/\\\/saksavorst.ee\\\/lv\\\/#website\",\"url\":\"https:\\\/\\\/saksavorst.ee\\\/lv\\\/\",\"name\":\"Saksavorst\",\"description\":\"Feel the taste of emotions\",\"publisher\":{\"@id\":\"https:\\\/\\\/saksavorst.ee\\\/lv\\\/#organization\"},\"alternateName\":\"Veikand\",\"potentialAction\":[{\"@type\":\"SearchAction\",\"target\":{\"@type\":\"EntryPoint\",\"urlTemplate\":\"https:\\\/\\\/saksavorst.ee\\\/lv\\\/?s={search_term_string}\"},\"query-input\":{\"@type\":\"PropertyValueSpecification\",\"valueRequired\":true,\"valueName\":\"search_term_string\"}}],\"inLanguage\":\"lv-LV\"},{\"@type\":\"Organization\",\"@id\":\"https:\\\/\\\/saksavorst.ee\\\/lv\\\/#organization\",\"name\":\"Saksavorst\",\"alternateName\":\"Veikand\",\"url\":\"https:\\\/\\\/saksavorst.ee\\\/lv\\\/\",\"logo\":{\"@type\":\"ImageObject\",\"inLanguage\":\"lv-LV\",\"@id\":\"https:\\\/\\\/saksavorst.ee\\\/lv\\\/#\\\/schema\\\/logo\\\/image\\\/\",\"url\":\"https:\\\/\\\/saksavorst.ee\\\/wp-content\\\/uploads\\\/2023\\\/05\\\/veikand-logo.jpg\",\"contentUrl\":\"https:\\\/\\\/saksavorst.ee\\\/wp-content\\\/uploads\\\/2023\\\/05\\\/veikand-logo.jpg\",\"width\":217,\"height\":217,\"caption\":\"Saksavorst\"},\"image\":{\"@id\":\"https:\\\/\\\/saksavorst.ee\\\/lv\\\/#\\\/schema\\\/logo\\\/image\\\/\"},\"sameAs\":[\"https:\\\/\\\/www.facebook.com\\\/Veikand\"]}]}<\/script>\n<!-- \/ Yoast SEO plugin. -->","yoast_head_json":{"title":"150x250mm vakuuma maisi ar kan\u0101lu 100gab - Saksavorst","robots":{"index":"index","follow":"follow","max-snippet":"max-snippet:-1","max-image-preview":"max-image-preview:large","max-video-preview":"max-video-preview:-1"},"canonical":"https:\/\/saksavorst.ee\/lv\/produkts\/150x250mm-vakuuma-maisi-ar-kanalu-100gab\/","og_locale":"lv_LV","og_type":"article","og_title":"150x250mm vakuuma maisi ar kan\u0101lu 100gab - Saksavorst","og_description":"Vakuuma maisi ar gaisa kan\u0101liem Iepako\u0161anai ar manu\u0101lo ier\u012bci \u2013 nodro\u0161ina maksim\u0101lu gaisa izs\u016bkn\u0113\u0161anu no iepakojuma Izm\u0113rs: 150 x 250","og_url":"https:\/\/saksavorst.ee\/lv\/produkts\/150x250mm-vakuuma-maisi-ar-kanalu-100gab\/","og_site_name":"Saksavorst","article_publisher":"https:\/\/www.facebook.com\/Veikand","article_modified_time":"2025-08-05T13:02:29+00:00","og_image":[{"width":800,"height":800,"url":"https:\/\/saksavorst.ee\/wp-content\/uploads\/2023\/02\/160-x-230-mm-vaakumkotid-kanaliga-100tk-1-1.png","type":"image\/png"}],"twitter_card":"summary_large_image","twitter_misc":{"Est. reading time":"1 minute"},"schema":{"@context":"https:\/\/schema.org","@graph":[{"@type":"WebPage","@id":"https:\/\/saksavorst.ee\/lv\/produkts\/150x250mm-vakuuma-maisi-ar-kanalu-100gab\/","url":"https:\/\/saksavorst.ee\/lv\/produkts\/150x250mm-vakuuma-maisi-ar-kanalu-100gab\/","name":"150x250mm vakuuma maisi ar kan\u0101lu 100gab - Saksavorst","isPartOf":{"@id":"https:\/\/saksavorst.ee\/lv\/#website"},"primaryImageOfPage":{"@id":"https:\/\/saksavorst.ee\/lv\/produkts\/150x250mm-vakuuma-maisi-ar-kanalu-100gab\/#primaryimage"},"image":{"@id":"https:\/\/saksavorst.ee\/lv\/produkts\/150x250mm-vakuuma-maisi-ar-kanalu-100gab\/#primaryimage"},"thumbnailUrl":"https:\/\/saksavorst.ee\/wp-content\/uploads\/2023\/02\/160-x-230-mm-vaakumkotid-kanaliga-100tk-1-1.png","datePublished":"2023-12-19T07:02:19+00:00","dateModified":"2025-08-05T13:02:29+00:00","breadcrumb":{"@id":"https:\/\/saksavorst.ee\/lv\/produkts\/150x250mm-vakuuma-maisi-ar-kanalu-100gab\/#breadcrumb"},"inLanguage":"lv-LV","potentialAction":[{"@type":"ReadAction","target":["https:\/\/saksavorst.ee\/lv\/produkts\/150x250mm-vakuuma-maisi-ar-kanalu-100gab\/"]}]},{"@type":"ImageObject","inLanguage":"lv-LV","@id":"https:\/\/saksavorst.ee\/lv\/produkts\/150x250mm-vakuuma-maisi-ar-kanalu-100gab\/#primaryimage","url":"https:\/\/saksavorst.ee\/wp-content\/uploads\/2023\/02\/160-x-230-mm-vaakumkotid-kanaliga-100tk-1-1.png","contentUrl":"https:\/\/saksavorst.ee\/wp-content\/uploads\/2023\/02\/160-x-230-mm-vaakumkotid-kanaliga-100tk-1-1.png","width":800,"height":800},{"@type":"BreadcrumbList","@id":"https:\/\/saksavorst.ee\/lv\/produkts\/150x250mm-vakuuma-maisi-ar-kanalu-100gab\/#breadcrumb","itemListElement":[{"@type":"ListItem","position":1,"name":"Home","item":"https:\/\/saksavorst.ee\/lv\/"},{"@type":"ListItem","position":2,"name":"Veikals","item":"https:\/\/saksavorst.ee\/lv\/veikals\/"},{"@type":"ListItem","position":3,"name":"150x250mm vakuuma maisi ar kan\u0101lu 100gab"}]},{"@type":"WebSite","@id":"https:\/\/saksavorst.ee\/lv\/#website","url":"https:\/\/saksavorst.ee\/lv\/","name":"Saksavorst","description":"Feel the taste of emotions","publisher":{"@id":"https:\/\/saksavorst.ee\/lv\/#organization"},"alternateName":"Veikand","potentialAction":[{"@type":"SearchAction","target":{"@type":"EntryPoint","urlTemplate":"https:\/\/saksavorst.ee\/lv\/?s={search_term_string}"},"query-input":{"@type":"PropertyValueSpecification","valueRequired":true,"valueName":"search_term_string"}}],"inLanguage":"lv-LV"},{"@type":"Organization","@id":"https:\/\/saksavorst.ee\/lv\/#organization","name":"Saksavorst","alternateName":"Veikand","url":"https:\/\/saksavorst.ee\/lv\/","logo":{"@type":"ImageObject","inLanguage":"lv-LV","@id":"https:\/\/saksavorst.ee\/lv\/#\/schema\/logo\/image\/","url":"https:\/\/saksavorst.ee\/wp-content\/uploads\/2023\/05\/veikand-logo.jpg","contentUrl":"https:\/\/saksavorst.ee\/wp-content\/uploads\/2023\/05\/veikand-logo.jpg","width":217,"height":217,"caption":"Saksavorst"},"image":{"@id":"https:\/\/saksavorst.ee\/lv\/#\/schema\/logo\/image\/"},"sameAs":["https:\/\/www.facebook.com\/Veikand"]}]}},"_links":{"self":[{"href":"https:\/\/saksavorst.ee\/lv\/wp-json\/wp\/v2\/product\/31472","targetHints":{"allow":["GET"]}}],"collection":[{"href":"https:\/\/saksavorst.ee\/lv\/wp-json\/wp\/v2\/product"}],"about":[{"href":"https:\/\/saksavorst.ee\/lv\/wp-json\/wp\/v2\/types\/product"}],"version-history":[{"count":1,"href":"https:\/\/saksavorst.ee\/lv\/wp-json\/wp\/v2\/product\/31472\/revisions"}],"predecessor-version":[{"id":44508,"href":"https:\/\/saksavorst.ee\/lv\/wp-json\/wp\/v2\/product\/31472\/revisions\/44508"}],"wp:featuredmedia":[{"embeddable":true,"href":"https:\/\/saksavorst.ee\/lv\/wp-json\/wp\/v2\/media\/14348"}],"wp:attachment":[{"href":"https:\/\/saksavorst.ee\/lv\/wp-json\/wp\/v2\/media?parent=31472"}],"wp:term":[{"taxonomy":"product_brand","embeddable":true,"href":"https:\/\/saksavorst.ee\/lv\/wp-json\/wp\/v2\/product_brand?post=31472"},{"taxonomy":"product_cat","embeddable":true,"href":"https:\/\/saksavorst.ee\/lv\/wp-json\/wp\/v2\/product_cat?post=31472"},{"taxonomy":"product_tag","embeddable":true,"href":"https:\/\/saksavorst.ee\/lv\/wp-json\/wp\/v2\/product_tag?post=31472"}],"curies":[{"name":"wp","href":"https:\/\/api.w.org\/{rel}","templated":true}]}}