{"id":29911,"date":"2023-10-25T12:52:46","date_gmt":"2023-10-25T10:52:46","guid":{"rendered":"https:\/\/saksavorst.ee\/?post_type=product&#038;p=29911"},"modified":"2025-08-05T15:14:39","modified_gmt":"2025-08-05T13:14:39","slug":"karstumizturigs-un-griezigs-cimds-30cm","status":"publish","type":"product","link":"https:\/\/saksavorst.ee\/lv\/produkts\/karstumizturigs-un-griezigs-cimds-30cm\/","title":{"rendered":"Karstumiztur\u012bgs un griez\u012bgs cimds 30cm"},"content":{"rendered":"<p>Aizsarg\u0101 pret karstumu un griezumiem<\/p>\n<p>Izgatavots no \u012bpa\u0161as \u0161\u0137iedras (iztur\u012bgs pret griezumu)<\/p>\n<p>Iztur\u012bgs pret kars\u0113\u0161anu l\u012bdz 350 \u00b0C<\/p>\n<p>Ar silikona sloksn\u0113m ab\u0101s pus\u0113s satv\u0113rienam<\/p>\n<p>Pat\u012bkam\u0101 iek\u0161\u0113j\u0101 odere nodro\u0161ina maksim\u0101lu valk\u0101\u0161anas komfortu<\/p>\n<p>Piem\u0113rots saskarei ar p\u0101rtiku<\/p>\n<p>Standarta inform\u0101cija: Aizsardz\u012bba pret iegriezumiem saska\u0146\u0101 ar EN 388<\/p>\n<p>Daudzums: 1 gab<\/p>\n<p>Cimda garums: 30 cm<\/p>\n<p>Cimdu platums: 16 cm<\/p>\n<h4>Kop\u0161anas instrukcijas:<\/h4>\n<p>Mazg\u0101jams l\u012bdz 40\u00b0C<\/p>\n<p>Nesatur balin\u0101t\u0101jus<\/p>\n<p>Nav piem\u0113rots ve\u013cas \u017e\u0101v\u0113\u0161anai<\/p>\n<p>Nav \u0137\u012bmisk\u0101s t\u012br\u012b\u0161anas<\/p>\n","protected":false},"excerpt":{"rendered":"<p>Trikot\u0101\u017eas aizsargcimds, kas efekt\u012bvi aizsarg\u0101 pret griezumiem un karstumu.<\/p>\n","protected":false},"featured_media":29915,"template":"","meta":{"_acf_changed":false},"product_brand":[],"product_cat":[346,347],"product_tag":[],"class_list":{"0":"post-29911","1":"product","2":"type-product","3":"status-publish","4":"has-post-thumbnail","6":"product_cat-nazi-un-aksesuari","7":"product_cat-paliglidzekli-nazi-un-piederumi","9":"first","10":"instock","11":"taxable","12":"shipping-taxable","13":"purchasable","14":"product-type-simple"},"acf":[],"yoast_head":"<!-- This site is optimized with the Yoast SEO plugin v27.3 - https:\/\/yoast.com\/product\/yoast-seo-wordpress\/ -->\n<title>Karstumiztur\u012bgs un griez\u012bgs cimds 30cm - Saksavorst<\/title>\n<meta name=\"robots\" content=\"index, follow, max-snippet:-1, max-image-preview:large, max-video-preview:-1\" \/>\n<link rel=\"canonical\" href=\"https:\/\/saksavorst.ee\/lv\/produkts\/karstumizturigs-un-griezigs-cimds-30cm\/\" \/>\n<meta property=\"og:locale\" content=\"lv_LV\" \/>\n<meta property=\"og:type\" content=\"article\" \/>\n<meta property=\"og:title\" content=\"Karstumiztur\u012bgs un griez\u012bgs cimds 30cm - Saksavorst\" \/>\n<meta property=\"og:description\" content=\"Trikot\u0101\u017eas aizsargcimds, kas efekt\u012bvi aizsarg\u0101 pret griezumiem un karstumu.\" \/>\n<meta property=\"og:url\" content=\"https:\/\/saksavorst.ee\/lv\/produkts\/karstumizturigs-un-griezigs-cimds-30cm\/\" \/>\n<meta property=\"og:site_name\" content=\"Saksavorst\" \/>\n<meta property=\"article:publisher\" content=\"https:\/\/www.facebook.com\/Veikand\" \/>\n<meta property=\"article:modified_time\" content=\"2025-08-05T13:14:39+00:00\" \/>\n<meta property=\"og:image\" content=\"https:\/\/saksavorst.ee\/wp-content\/uploads\/2023\/10\/loike-ja-kuumakaitse-kinnas-30cm.png\" \/>\n\t<meta property=\"og:image:width\" content=\"800\" \/>\n\t<meta property=\"og:image:height\" content=\"800\" \/>\n\t<meta property=\"og:image:type\" content=\"image\/png\" \/>\n<meta name=\"twitter:card\" content=\"summary_large_image\" \/>\n<meta name=\"twitter:label1\" content=\"Est. reading time\" \/>\n\t<meta name=\"twitter:data1\" content=\"1 minute\" \/>\n<script type=\"application\/ld+json\" class=\"yoast-schema-graph\">{\"@context\":\"https:\\\/\\\/schema.org\",\"@graph\":[{\"@type\":\"WebPage\",\"@id\":\"https:\\\/\\\/saksavorst.ee\\\/lv\\\/produkts\\\/karstumizturigs-un-griezigs-cimds-30cm\\\/\",\"url\":\"https:\\\/\\\/saksavorst.ee\\\/lv\\\/produkts\\\/karstumizturigs-un-griezigs-cimds-30cm\\\/\",\"name\":\"Karstumiztur\u012bgs un griez\u012bgs cimds 30cm - Saksavorst\",\"isPartOf\":{\"@id\":\"https:\\\/\\\/saksavorst.ee\\\/lv\\\/#website\"},\"primaryImageOfPage\":{\"@id\":\"https:\\\/\\\/saksavorst.ee\\\/lv\\\/produkts\\\/karstumizturigs-un-griezigs-cimds-30cm\\\/#primaryimage\"},\"image\":{\"@id\":\"https:\\\/\\\/saksavorst.ee\\\/lv\\\/produkts\\\/karstumizturigs-un-griezigs-cimds-30cm\\\/#primaryimage\"},\"thumbnailUrl\":\"https:\\\/\\\/saksavorst.ee\\\/wp-content\\\/uploads\\\/2023\\\/10\\\/loike-ja-kuumakaitse-kinnas-30cm.png\",\"datePublished\":\"2023-10-25T10:52:46+00:00\",\"dateModified\":\"2025-08-05T13:14:39+00:00\",\"breadcrumb\":{\"@id\":\"https:\\\/\\\/saksavorst.ee\\\/lv\\\/produkts\\\/karstumizturigs-un-griezigs-cimds-30cm\\\/#breadcrumb\"},\"inLanguage\":\"lv-LV\",\"potentialAction\":[{\"@type\":\"ReadAction\",\"target\":[\"https:\\\/\\\/saksavorst.ee\\\/lv\\\/produkts\\\/karstumizturigs-un-griezigs-cimds-30cm\\\/\"]}]},{\"@type\":\"ImageObject\",\"inLanguage\":\"lv-LV\",\"@id\":\"https:\\\/\\\/saksavorst.ee\\\/lv\\\/produkts\\\/karstumizturigs-un-griezigs-cimds-30cm\\\/#primaryimage\",\"url\":\"https:\\\/\\\/saksavorst.ee\\\/wp-content\\\/uploads\\\/2023\\\/10\\\/loike-ja-kuumakaitse-kinnas-30cm.png\",\"contentUrl\":\"https:\\\/\\\/saksavorst.ee\\\/wp-content\\\/uploads\\\/2023\\\/10\\\/loike-ja-kuumakaitse-kinnas-30cm.png\",\"width\":800,\"height\":800},{\"@type\":\"BreadcrumbList\",\"@id\":\"https:\\\/\\\/saksavorst.ee\\\/lv\\\/produkts\\\/karstumizturigs-un-griezigs-cimds-30cm\\\/#breadcrumb\",\"itemListElement\":[{\"@type\":\"ListItem\",\"position\":1,\"name\":\"Home\",\"item\":\"https:\\\/\\\/saksavorst.ee\\\/lv\\\/\"},{\"@type\":\"ListItem\",\"position\":2,\"name\":\"Veikals\",\"item\":\"https:\\\/\\\/saksavorst.ee\\\/lv\\\/veikals\\\/\"},{\"@type\":\"ListItem\",\"position\":3,\"name\":\"Karstumiztur\u012bgs un griez\u012bgs cimds 30cm\"}]},{\"@type\":\"WebSite\",\"@id\":\"https:\\\/\\\/saksavorst.ee\\\/lv\\\/#website\",\"url\":\"https:\\\/\\\/saksavorst.ee\\\/lv\\\/\",\"name\":\"Saksavorst\",\"description\":\"Feel the taste of emotions\",\"publisher\":{\"@id\":\"https:\\\/\\\/saksavorst.ee\\\/lv\\\/#organization\"},\"alternateName\":\"Veikand\",\"potentialAction\":[{\"@type\":\"SearchAction\",\"target\":{\"@type\":\"EntryPoint\",\"urlTemplate\":\"https:\\\/\\\/saksavorst.ee\\\/lv\\\/?s={search_term_string}\"},\"query-input\":{\"@type\":\"PropertyValueSpecification\",\"valueRequired\":true,\"valueName\":\"search_term_string\"}}],\"inLanguage\":\"lv-LV\"},{\"@type\":\"Organization\",\"@id\":\"https:\\\/\\\/saksavorst.ee\\\/lv\\\/#organization\",\"name\":\"Saksavorst\",\"alternateName\":\"Veikand\",\"url\":\"https:\\\/\\\/saksavorst.ee\\\/lv\\\/\",\"logo\":{\"@type\":\"ImageObject\",\"inLanguage\":\"lv-LV\",\"@id\":\"https:\\\/\\\/saksavorst.ee\\\/lv\\\/#\\\/schema\\\/logo\\\/image\\\/\",\"url\":\"https:\\\/\\\/saksavorst.ee\\\/wp-content\\\/uploads\\\/2023\\\/05\\\/veikand-logo.jpg\",\"contentUrl\":\"https:\\\/\\\/saksavorst.ee\\\/wp-content\\\/uploads\\\/2023\\\/05\\\/veikand-logo.jpg\",\"width\":217,\"height\":217,\"caption\":\"Saksavorst\"},\"image\":{\"@id\":\"https:\\\/\\\/saksavorst.ee\\\/lv\\\/#\\\/schema\\\/logo\\\/image\\\/\"},\"sameAs\":[\"https:\\\/\\\/www.facebook.com\\\/Veikand\"]}]}<\/script>\n<!-- \/ Yoast SEO plugin. -->","yoast_head_json":{"title":"Karstumiztur\u012bgs un griez\u012bgs cimds 30cm - Saksavorst","robots":{"index":"index","follow":"follow","max-snippet":"max-snippet:-1","max-image-preview":"max-image-preview:large","max-video-preview":"max-video-preview:-1"},"canonical":"https:\/\/saksavorst.ee\/lv\/produkts\/karstumizturigs-un-griezigs-cimds-30cm\/","og_locale":"lv_LV","og_type":"article","og_title":"Karstumiztur\u012bgs un griez\u012bgs cimds 30cm - Saksavorst","og_description":"Trikot\u0101\u017eas aizsargcimds, kas efekt\u012bvi aizsarg\u0101 pret griezumiem un karstumu.","og_url":"https:\/\/saksavorst.ee\/lv\/produkts\/karstumizturigs-un-griezigs-cimds-30cm\/","og_site_name":"Saksavorst","article_publisher":"https:\/\/www.facebook.com\/Veikand","article_modified_time":"2025-08-05T13:14:39+00:00","og_image":[{"width":800,"height":800,"url":"https:\/\/saksavorst.ee\/wp-content\/uploads\/2023\/10\/loike-ja-kuumakaitse-kinnas-30cm.png","type":"image\/png"}],"twitter_card":"summary_large_image","twitter_misc":{"Est. reading time":"1 minute"},"schema":{"@context":"https:\/\/schema.org","@graph":[{"@type":"WebPage","@id":"https:\/\/saksavorst.ee\/lv\/produkts\/karstumizturigs-un-griezigs-cimds-30cm\/","url":"https:\/\/saksavorst.ee\/lv\/produkts\/karstumizturigs-un-griezigs-cimds-30cm\/","name":"Karstumiztur\u012bgs un griez\u012bgs cimds 30cm - Saksavorst","isPartOf":{"@id":"https:\/\/saksavorst.ee\/lv\/#website"},"primaryImageOfPage":{"@id":"https:\/\/saksavorst.ee\/lv\/produkts\/karstumizturigs-un-griezigs-cimds-30cm\/#primaryimage"},"image":{"@id":"https:\/\/saksavorst.ee\/lv\/produkts\/karstumizturigs-un-griezigs-cimds-30cm\/#primaryimage"},"thumbnailUrl":"https:\/\/saksavorst.ee\/wp-content\/uploads\/2023\/10\/loike-ja-kuumakaitse-kinnas-30cm.png","datePublished":"2023-10-25T10:52:46+00:00","dateModified":"2025-08-05T13:14:39+00:00","breadcrumb":{"@id":"https:\/\/saksavorst.ee\/lv\/produkts\/karstumizturigs-un-griezigs-cimds-30cm\/#breadcrumb"},"inLanguage":"lv-LV","potentialAction":[{"@type":"ReadAction","target":["https:\/\/saksavorst.ee\/lv\/produkts\/karstumizturigs-un-griezigs-cimds-30cm\/"]}]},{"@type":"ImageObject","inLanguage":"lv-LV","@id":"https:\/\/saksavorst.ee\/lv\/produkts\/karstumizturigs-un-griezigs-cimds-30cm\/#primaryimage","url":"https:\/\/saksavorst.ee\/wp-content\/uploads\/2023\/10\/loike-ja-kuumakaitse-kinnas-30cm.png","contentUrl":"https:\/\/saksavorst.ee\/wp-content\/uploads\/2023\/10\/loike-ja-kuumakaitse-kinnas-30cm.png","width":800,"height":800},{"@type":"BreadcrumbList","@id":"https:\/\/saksavorst.ee\/lv\/produkts\/karstumizturigs-un-griezigs-cimds-30cm\/#breadcrumb","itemListElement":[{"@type":"ListItem","position":1,"name":"Home","item":"https:\/\/saksavorst.ee\/lv\/"},{"@type":"ListItem","position":2,"name":"Veikals","item":"https:\/\/saksavorst.ee\/lv\/veikals\/"},{"@type":"ListItem","position":3,"name":"Karstumiztur\u012bgs un griez\u012bgs cimds 30cm"}]},{"@type":"WebSite","@id":"https:\/\/saksavorst.ee\/lv\/#website","url":"https:\/\/saksavorst.ee\/lv\/","name":"Saksavorst","description":"Feel the taste of emotions","publisher":{"@id":"https:\/\/saksavorst.ee\/lv\/#organization"},"alternateName":"Veikand","potentialAction":[{"@type":"SearchAction","target":{"@type":"EntryPoint","urlTemplate":"https:\/\/saksavorst.ee\/lv\/?s={search_term_string}"},"query-input":{"@type":"PropertyValueSpecification","valueRequired":true,"valueName":"search_term_string"}}],"inLanguage":"lv-LV"},{"@type":"Organization","@id":"https:\/\/saksavorst.ee\/lv\/#organization","name":"Saksavorst","alternateName":"Veikand","url":"https:\/\/saksavorst.ee\/lv\/","logo":{"@type":"ImageObject","inLanguage":"lv-LV","@id":"https:\/\/saksavorst.ee\/lv\/#\/schema\/logo\/image\/","url":"https:\/\/saksavorst.ee\/wp-content\/uploads\/2023\/05\/veikand-logo.jpg","contentUrl":"https:\/\/saksavorst.ee\/wp-content\/uploads\/2023\/05\/veikand-logo.jpg","width":217,"height":217,"caption":"Saksavorst"},"image":{"@id":"https:\/\/saksavorst.ee\/lv\/#\/schema\/logo\/image\/"},"sameAs":["https:\/\/www.facebook.com\/Veikand"]}]}},"_links":{"self":[{"href":"https:\/\/saksavorst.ee\/lv\/wp-json\/wp\/v2\/product\/29911","targetHints":{"allow":["GET"]}}],"collection":[{"href":"https:\/\/saksavorst.ee\/lv\/wp-json\/wp\/v2\/product"}],"about":[{"href":"https:\/\/saksavorst.ee\/lv\/wp-json\/wp\/v2\/types\/product"}],"version-history":[{"count":1,"href":"https:\/\/saksavorst.ee\/lv\/wp-json\/wp\/v2\/product\/29911\/revisions"}],"predecessor-version":[{"id":44520,"href":"https:\/\/saksavorst.ee\/lv\/wp-json\/wp\/v2\/product\/29911\/revisions\/44520"}],"wp:featuredmedia":[{"embeddable":true,"href":"https:\/\/saksavorst.ee\/lv\/wp-json\/wp\/v2\/media\/29915"}],"wp:attachment":[{"href":"https:\/\/saksavorst.ee\/lv\/wp-json\/wp\/v2\/media?parent=29911"}],"wp:term":[{"taxonomy":"product_brand","embeddable":true,"href":"https:\/\/saksavorst.ee\/lv\/wp-json\/wp\/v2\/product_brand?post=29911"},{"taxonomy":"product_cat","embeddable":true,"href":"https:\/\/saksavorst.ee\/lv\/wp-json\/wp\/v2\/product_cat?post=29911"},{"taxonomy":"product_tag","embeddable":true,"href":"https:\/\/saksavorst.ee\/lv\/wp-json\/wp\/v2\/product_tag?post=29911"}],"curies":[{"name":"wp","href":"https:\/\/api.w.org\/{rel}","templated":true}]}}