{"id":28207,"date":"2017-01-05T11:40:03","date_gmt":"2017-01-05T09:40:03","guid":{"rendered":"https:\/\/saksavorst.ee\/?post_type=product&#038;p=28207"},"modified":"2025-10-31T15:46:28","modified_gmt":"2025-10-31T13:46:28","slug":"fibro-apvalks-nalofibrous-40-baknat","status":"publish","type":"product","link":"https:\/\/saksavorst.ee\/lv\/produkts\/fibro-apvalks-nalofibrous-40-baknat\/","title":{"rendered":"Fibro apvalks NaloFibrous 40 baknat"},"content":{"rendered":"<h4><strong>APRAKSTS:<\/strong><\/h4>\n<p>Daudzums: 1 gofr\u0113ta n\u016bja<\/p>\n<p>Garums: 30 m<\/p>\n<p>Izmaksas: 30 m var dab\u016bt ~26 kg desas<\/p>\n<p>Uzglab\u0101t v\u0113s\u0101 (11-25\u00b0C), saus\u0101 un tum\u0161\u0101 viet\u0101<\/p>\n<p>Der\u012bgs l\u012bdz: skat\u012bt iepakojum\u0101 (24 m\u0113ne\u0161i no izgatavo\u0161anas)<\/p>\n<p>Ra\u017eots V\u0101cij\u0101<\/p>\n<p>Ra\u017eot\u0101js: Kalle GmbH<\/p>\n<h4><strong>LIETO\u0160ANAS PAM\u0100C\u012aBA:<\/strong><\/h4>\n<p>Pirms lieto\u0161anas 45 min\u016btes m\u0113rc\u0113t 30 \u00b0C \u016bden\u012b, lai pan\u0101ktu elast\u012bbu.<\/p>\n","protected":false},"excerpt":{"rendered":"<p>D\u016bmu caurlaid\u012bgs \u0161\u0137iedrains apvalks salami, pusk\u016bpin\u0101tas un pilnk\u016bpin\u0101tas desas pagatavo\u0161anai.<\/p>\n","protected":false},"featured_media":30272,"template":"","meta":{"_acf_changed":false},"product_brand":[],"product_cat":[362,363],"product_tag":[],"class_list":{"0":"post-28207","1":"product","2":"type-product","3":"status-publish","4":"has-post-thumbnail","6":"product_cat-desu-apvalki","7":"product_cat-maksligie-apvalki","9":"first","10":"instock","11":"taxable","12":"shipping-taxable","13":"purchasable","14":"product-type-simple"},"acf":[],"yoast_head":"<!-- This site is optimized with the Yoast SEO plugin v27.3 - https:\/\/yoast.com\/product\/yoast-seo-wordpress\/ -->\n<title>Fibro apvalks NaloFibrous 40 baknat - Saksavorst<\/title>\n<meta name=\"robots\" content=\"index, follow, max-snippet:-1, max-image-preview:large, max-video-preview:-1\" \/>\n<link rel=\"canonical\" href=\"https:\/\/saksavorst.ee\/lv\/produkts\/fibro-apvalks-nalofibrous-40-baknat\/\" \/>\n<meta property=\"og:locale\" content=\"lv_LV\" \/>\n<meta property=\"og:type\" content=\"article\" \/>\n<meta property=\"og:title\" content=\"Fibro apvalks NaloFibrous 40 baknat - Saksavorst\" \/>\n<meta property=\"og:description\" content=\"D\u016bmu caurlaid\u012bgs \u0161\u0137iedrains apvalks salami, pusk\u016bpin\u0101tas un pilnk\u016bpin\u0101tas desas pagatavo\u0161anai.\" \/>\n<meta property=\"og:url\" content=\"https:\/\/saksavorst.ee\/lv\/produkts\/fibro-apvalks-nalofibrous-40-baknat\/\" \/>\n<meta property=\"og:site_name\" content=\"Saksavorst\" \/>\n<meta property=\"article:publisher\" content=\"https:\/\/www.facebook.com\/Veikand\" \/>\n<meta property=\"article:modified_time\" content=\"2025-10-31T13:46:28+00:00\" \/>\n<meta property=\"og:image\" content=\"https:\/\/saksavorst.ee\/wp-content\/uploads\/2017\/01\/fibrooskest-nalofibrous-40-baknat-2-1.png\" \/>\n\t<meta property=\"og:image:width\" content=\"800\" \/>\n\t<meta property=\"og:image:height\" content=\"800\" \/>\n\t<meta property=\"og:image:type\" content=\"image\/png\" \/>\n<meta name=\"twitter:card\" content=\"summary_large_image\" \/>\n<meta name=\"twitter:label1\" content=\"Est. reading time\" \/>\n\t<meta name=\"twitter:data1\" content=\"1 minute\" \/>\n<script type=\"application\/ld+json\" class=\"yoast-schema-graph\">{\"@context\":\"https:\\\/\\\/schema.org\",\"@graph\":[{\"@type\":\"WebPage\",\"@id\":\"https:\\\/\\\/saksavorst.ee\\\/lv\\\/produkts\\\/fibro-apvalks-nalofibrous-40-baknat\\\/\",\"url\":\"https:\\\/\\\/saksavorst.ee\\\/lv\\\/produkts\\\/fibro-apvalks-nalofibrous-40-baknat\\\/\",\"name\":\"Fibro apvalks NaloFibrous 40 baknat - Saksavorst\",\"isPartOf\":{\"@id\":\"https:\\\/\\\/saksavorst.ee\\\/lv\\\/#website\"},\"primaryImageOfPage\":{\"@id\":\"https:\\\/\\\/saksavorst.ee\\\/lv\\\/produkts\\\/fibro-apvalks-nalofibrous-40-baknat\\\/#primaryimage\"},\"image\":{\"@id\":\"https:\\\/\\\/saksavorst.ee\\\/lv\\\/produkts\\\/fibro-apvalks-nalofibrous-40-baknat\\\/#primaryimage\"},\"thumbnailUrl\":\"https:\\\/\\\/saksavorst.ee\\\/wp-content\\\/uploads\\\/2017\\\/01\\\/fibrooskest-nalofibrous-40-baknat-2-1.png\",\"datePublished\":\"2017-01-05T09:40:03+00:00\",\"dateModified\":\"2025-10-31T13:46:28+00:00\",\"breadcrumb\":{\"@id\":\"https:\\\/\\\/saksavorst.ee\\\/lv\\\/produkts\\\/fibro-apvalks-nalofibrous-40-baknat\\\/#breadcrumb\"},\"inLanguage\":\"lv-LV\",\"potentialAction\":[{\"@type\":\"ReadAction\",\"target\":[\"https:\\\/\\\/saksavorst.ee\\\/lv\\\/produkts\\\/fibro-apvalks-nalofibrous-40-baknat\\\/\"]}]},{\"@type\":\"ImageObject\",\"inLanguage\":\"lv-LV\",\"@id\":\"https:\\\/\\\/saksavorst.ee\\\/lv\\\/produkts\\\/fibro-apvalks-nalofibrous-40-baknat\\\/#primaryimage\",\"url\":\"https:\\\/\\\/saksavorst.ee\\\/wp-content\\\/uploads\\\/2017\\\/01\\\/fibrooskest-nalofibrous-40-baknat-2-1.png\",\"contentUrl\":\"https:\\\/\\\/saksavorst.ee\\\/wp-content\\\/uploads\\\/2017\\\/01\\\/fibrooskest-nalofibrous-40-baknat-2-1.png\",\"width\":800,\"height\":800},{\"@type\":\"BreadcrumbList\",\"@id\":\"https:\\\/\\\/saksavorst.ee\\\/lv\\\/produkts\\\/fibro-apvalks-nalofibrous-40-baknat\\\/#breadcrumb\",\"itemListElement\":[{\"@type\":\"ListItem\",\"position\":1,\"name\":\"Home\",\"item\":\"https:\\\/\\\/saksavorst.ee\\\/lv\\\/\"},{\"@type\":\"ListItem\",\"position\":2,\"name\":\"Veikals\",\"item\":\"https:\\\/\\\/saksavorst.ee\\\/lv\\\/veikals\\\/\"},{\"@type\":\"ListItem\",\"position\":3,\"name\":\"Fibro apvalks NaloFibrous 40 baknat\"}]},{\"@type\":\"WebSite\",\"@id\":\"https:\\\/\\\/saksavorst.ee\\\/lv\\\/#website\",\"url\":\"https:\\\/\\\/saksavorst.ee\\\/lv\\\/\",\"name\":\"Saksavorst\",\"description\":\"Feel the taste of emotions\",\"publisher\":{\"@id\":\"https:\\\/\\\/saksavorst.ee\\\/lv\\\/#organization\"},\"alternateName\":\"Veikand\",\"potentialAction\":[{\"@type\":\"SearchAction\",\"target\":{\"@type\":\"EntryPoint\",\"urlTemplate\":\"https:\\\/\\\/saksavorst.ee\\\/lv\\\/?s={search_term_string}\"},\"query-input\":{\"@type\":\"PropertyValueSpecification\",\"valueRequired\":true,\"valueName\":\"search_term_string\"}}],\"inLanguage\":\"lv-LV\"},{\"@type\":\"Organization\",\"@id\":\"https:\\\/\\\/saksavorst.ee\\\/lv\\\/#organization\",\"name\":\"Saksavorst\",\"alternateName\":\"Veikand\",\"url\":\"https:\\\/\\\/saksavorst.ee\\\/lv\\\/\",\"logo\":{\"@type\":\"ImageObject\",\"inLanguage\":\"lv-LV\",\"@id\":\"https:\\\/\\\/saksavorst.ee\\\/lv\\\/#\\\/schema\\\/logo\\\/image\\\/\",\"url\":\"https:\\\/\\\/saksavorst.ee\\\/wp-content\\\/uploads\\\/2023\\\/05\\\/veikand-logo.jpg\",\"contentUrl\":\"https:\\\/\\\/saksavorst.ee\\\/wp-content\\\/uploads\\\/2023\\\/05\\\/veikand-logo.jpg\",\"width\":217,\"height\":217,\"caption\":\"Saksavorst\"},\"image\":{\"@id\":\"https:\\\/\\\/saksavorst.ee\\\/lv\\\/#\\\/schema\\\/logo\\\/image\\\/\"},\"sameAs\":[\"https:\\\/\\\/www.facebook.com\\\/Veikand\"]}]}<\/script>\n<!-- \/ Yoast SEO plugin. -->","yoast_head_json":{"title":"Fibro apvalks NaloFibrous 40 baknat - Saksavorst","robots":{"index":"index","follow":"follow","max-snippet":"max-snippet:-1","max-image-preview":"max-image-preview:large","max-video-preview":"max-video-preview:-1"},"canonical":"https:\/\/saksavorst.ee\/lv\/produkts\/fibro-apvalks-nalofibrous-40-baknat\/","og_locale":"lv_LV","og_type":"article","og_title":"Fibro apvalks NaloFibrous 40 baknat - Saksavorst","og_description":"D\u016bmu caurlaid\u012bgs \u0161\u0137iedrains apvalks salami, pusk\u016bpin\u0101tas un pilnk\u016bpin\u0101tas desas pagatavo\u0161anai.","og_url":"https:\/\/saksavorst.ee\/lv\/produkts\/fibro-apvalks-nalofibrous-40-baknat\/","og_site_name":"Saksavorst","article_publisher":"https:\/\/www.facebook.com\/Veikand","article_modified_time":"2025-10-31T13:46:28+00:00","og_image":[{"width":800,"height":800,"url":"https:\/\/saksavorst.ee\/wp-content\/uploads\/2017\/01\/fibrooskest-nalofibrous-40-baknat-2-1.png","type":"image\/png"}],"twitter_card":"summary_large_image","twitter_misc":{"Est. reading time":"1 minute"},"schema":{"@context":"https:\/\/schema.org","@graph":[{"@type":"WebPage","@id":"https:\/\/saksavorst.ee\/lv\/produkts\/fibro-apvalks-nalofibrous-40-baknat\/","url":"https:\/\/saksavorst.ee\/lv\/produkts\/fibro-apvalks-nalofibrous-40-baknat\/","name":"Fibro apvalks NaloFibrous 40 baknat - Saksavorst","isPartOf":{"@id":"https:\/\/saksavorst.ee\/lv\/#website"},"primaryImageOfPage":{"@id":"https:\/\/saksavorst.ee\/lv\/produkts\/fibro-apvalks-nalofibrous-40-baknat\/#primaryimage"},"image":{"@id":"https:\/\/saksavorst.ee\/lv\/produkts\/fibro-apvalks-nalofibrous-40-baknat\/#primaryimage"},"thumbnailUrl":"https:\/\/saksavorst.ee\/wp-content\/uploads\/2017\/01\/fibrooskest-nalofibrous-40-baknat-2-1.png","datePublished":"2017-01-05T09:40:03+00:00","dateModified":"2025-10-31T13:46:28+00:00","breadcrumb":{"@id":"https:\/\/saksavorst.ee\/lv\/produkts\/fibro-apvalks-nalofibrous-40-baknat\/#breadcrumb"},"inLanguage":"lv-LV","potentialAction":[{"@type":"ReadAction","target":["https:\/\/saksavorst.ee\/lv\/produkts\/fibro-apvalks-nalofibrous-40-baknat\/"]}]},{"@type":"ImageObject","inLanguage":"lv-LV","@id":"https:\/\/saksavorst.ee\/lv\/produkts\/fibro-apvalks-nalofibrous-40-baknat\/#primaryimage","url":"https:\/\/saksavorst.ee\/wp-content\/uploads\/2017\/01\/fibrooskest-nalofibrous-40-baknat-2-1.png","contentUrl":"https:\/\/saksavorst.ee\/wp-content\/uploads\/2017\/01\/fibrooskest-nalofibrous-40-baknat-2-1.png","width":800,"height":800},{"@type":"BreadcrumbList","@id":"https:\/\/saksavorst.ee\/lv\/produkts\/fibro-apvalks-nalofibrous-40-baknat\/#breadcrumb","itemListElement":[{"@type":"ListItem","position":1,"name":"Home","item":"https:\/\/saksavorst.ee\/lv\/"},{"@type":"ListItem","position":2,"name":"Veikals","item":"https:\/\/saksavorst.ee\/lv\/veikals\/"},{"@type":"ListItem","position":3,"name":"Fibro apvalks NaloFibrous 40 baknat"}]},{"@type":"WebSite","@id":"https:\/\/saksavorst.ee\/lv\/#website","url":"https:\/\/saksavorst.ee\/lv\/","name":"Saksavorst","description":"Feel the taste of emotions","publisher":{"@id":"https:\/\/saksavorst.ee\/lv\/#organization"},"alternateName":"Veikand","potentialAction":[{"@type":"SearchAction","target":{"@type":"EntryPoint","urlTemplate":"https:\/\/saksavorst.ee\/lv\/?s={search_term_string}"},"query-input":{"@type":"PropertyValueSpecification","valueRequired":true,"valueName":"search_term_string"}}],"inLanguage":"lv-LV"},{"@type":"Organization","@id":"https:\/\/saksavorst.ee\/lv\/#organization","name":"Saksavorst","alternateName":"Veikand","url":"https:\/\/saksavorst.ee\/lv\/","logo":{"@type":"ImageObject","inLanguage":"lv-LV","@id":"https:\/\/saksavorst.ee\/lv\/#\/schema\/logo\/image\/","url":"https:\/\/saksavorst.ee\/wp-content\/uploads\/2023\/05\/veikand-logo.jpg","contentUrl":"https:\/\/saksavorst.ee\/wp-content\/uploads\/2023\/05\/veikand-logo.jpg","width":217,"height":217,"caption":"Saksavorst"},"image":{"@id":"https:\/\/saksavorst.ee\/lv\/#\/schema\/logo\/image\/"},"sameAs":["https:\/\/www.facebook.com\/Veikand"]}]}},"_links":{"self":[{"href":"https:\/\/saksavorst.ee\/lv\/wp-json\/wp\/v2\/product\/28207","targetHints":{"allow":["GET"]}}],"collection":[{"href":"https:\/\/saksavorst.ee\/lv\/wp-json\/wp\/v2\/product"}],"about":[{"href":"https:\/\/saksavorst.ee\/lv\/wp-json\/wp\/v2\/types\/product"}],"version-history":[{"count":1,"href":"https:\/\/saksavorst.ee\/lv\/wp-json\/wp\/v2\/product\/28207\/revisions"}],"predecessor-version":[{"id":45830,"href":"https:\/\/saksavorst.ee\/lv\/wp-json\/wp\/v2\/product\/28207\/revisions\/45830"}],"wp:featuredmedia":[{"embeddable":true,"href":"https:\/\/saksavorst.ee\/lv\/wp-json\/wp\/v2\/media\/30272"}],"wp:attachment":[{"href":"https:\/\/saksavorst.ee\/lv\/wp-json\/wp\/v2\/media?parent=28207"}],"wp:term":[{"taxonomy":"product_brand","embeddable":true,"href":"https:\/\/saksavorst.ee\/lv\/wp-json\/wp\/v2\/product_brand?post=28207"},{"taxonomy":"product_cat","embeddable":true,"href":"https:\/\/saksavorst.ee\/lv\/wp-json\/wp\/v2\/product_cat?post=28207"},{"taxonomy":"product_tag","embeddable":true,"href":"https:\/\/saksavorst.ee\/lv\/wp-json\/wp\/v2\/product_tag?post=28207"}],"curies":[{"name":"wp","href":"https:\/\/api.w.org\/{rel}","templated":true}]}}