{"id":28133,"date":"2017-09-15T13:27:07","date_gmt":"2017-09-15T11:27:07","guid":{"rendered":"https:\/\/saksavorst.ee\/?post_type=product&#038;p=28133"},"modified":"2025-09-15T15:38:31","modified_gmt":"2025-09-15T13:38:31","slug":"robotiskais-palesu-ietinejs-leo","status":"publish","type":"product","link":"https:\/\/saksavorst.ee\/lv\/produkts\/robotiskais-palesu-ietinejs-leo\/","title":{"rendered":"Robotiskais pale\u0161u ietin\u0113js LEO"},"content":{"rendered":"<p>Ra\u017eot\u0101js: Italdibipack S.p.A.<\/p>\n<p>Modelis: Leo<\/p>\n<p>\u0100trums: regul\u0113jams<\/p>\n<p>Maksim\u0101lais iet\u012b\u0161anas augstums: 2000 mm<\/p>\n<p>Maz\u0101kais pamatnes izm\u0113rs: 600 x 600 x 650 (h) mm<\/p>\n<p>Maksim\u0101lais b\u0101zes izm\u0113rs: nav ierobe\u017eojumu<\/p>\n<p>Baro\u0161ana: 2 bezapkopes g\u0113la akumulatori 24 V cc + 240 V \/ 1 f\u0101ze<\/p>\n<p>Kop\u0113jie ier\u012bces izm\u0113ri G x P x A: 1150 x 780 x 1950 mm<\/p>\n<p>Svars: 195 kg<\/p>\n<p>&nbsp;<\/p>\n<p><iframe loading=\"lazy\" title=\"Robot Leo in action\" width=\"500\" height=\"281\" src=\"https:\/\/www.youtube.com\/embed\/F5UOgoLKSPw?feature=oembed\" frameborder=\"0\" allow=\"accelerometer; autoplay; clipboard-write; encrypted-media; gyroscope; picture-in-picture; web-share\" referrerpolicy=\"strict-origin-when-cross-origin\" allowfullscreen><\/iframe><\/p>\n","protected":false},"excerpt":{"rendered":"<p>Ra\u017eot\u0101js: Italdibipack S.p.A. Modelis: Leo \u0100trums: regul\u0113jams Maksim\u0101lais iet\u012b\u0161anas augstums: 2000 mm Maz\u0101kais pamatnes izm\u0113rs: 600 x 600 x 650<\/p>\n","protected":false},"featured_media":14520,"template":"","meta":{"_acf_changed":false},"product_brand":[],"product_cat":[334,340,333],"product_tag":[],"class_list":{"0":"post-28133","1":"product","2":"type-product","3":"status-publish","4":"has-post-thumbnail","6":"product_cat-visi-produkti","7":"product_cat-iepakosanas-aprikojums","8":"product_cat-aprikojums","9":"product_shipping_class-neder-pakomatam","11":"first","12":"instock","13":"taxable","14":"shipping-taxable","15":"purchasable","16":"product-type-simple"},"acf":[],"yoast_head":"<!-- This site is optimized with the Yoast SEO plugin v27.3 - https:\/\/yoast.com\/product\/yoast-seo-wordpress\/ -->\n<title>Robotiskais pale\u0161u ietin\u0113js LEO - Saksavorst<\/title>\n<meta name=\"robots\" content=\"index, follow, max-snippet:-1, max-image-preview:large, max-video-preview:-1\" \/>\n<link rel=\"canonical\" href=\"https:\/\/saksavorst.ee\/lv\/produkts\/robotiskais-palesu-ietinejs-leo\/\" \/>\n<meta property=\"og:locale\" content=\"lv_LV\" \/>\n<meta property=\"og:type\" content=\"article\" \/>\n<meta property=\"og:title\" content=\"Robotiskais pale\u0161u ietin\u0113js LEO - Saksavorst\" \/>\n<meta property=\"og:description\" content=\"Ra\u017eot\u0101js: Italdibipack S.p.A. Modelis: Leo \u0100trums: regul\u0113jams Maksim\u0101lais iet\u012b\u0161anas augstums: 2000 mm Maz\u0101kais pamatnes izm\u0113rs: 600 x 600 x 650\" \/>\n<meta property=\"og:url\" content=\"https:\/\/saksavorst.ee\/lv\/produkts\/robotiskais-palesu-ietinejs-leo\/\" \/>\n<meta property=\"og:site_name\" content=\"Saksavorst\" \/>\n<meta property=\"article:publisher\" content=\"https:\/\/www.facebook.com\/Veikand\" \/>\n<meta property=\"article:modified_time\" content=\"2025-09-15T13:38:31+00:00\" \/>\n<meta property=\"og:image\" content=\"https:\/\/saksavorst.ee\/wp-content\/uploads\/2023\/02\/Leo_2-1.jpg\" \/>\n\t<meta property=\"og:image:width\" content=\"765\" \/>\n\t<meta property=\"og:image:height\" content=\"765\" \/>\n\t<meta property=\"og:image:type\" content=\"image\/jpeg\" \/>\n<meta name=\"twitter:card\" content=\"summary_large_image\" \/>\n<meta name=\"twitter:label1\" content=\"Est. reading time\" \/>\n\t<meta name=\"twitter:data1\" content=\"1 minute\" \/>\n<script type=\"application\/ld+json\" class=\"yoast-schema-graph\">{\"@context\":\"https:\\\/\\\/schema.org\",\"@graph\":[{\"@type\":\"WebPage\",\"@id\":\"https:\\\/\\\/saksavorst.ee\\\/lv\\\/produkts\\\/robotiskais-palesu-ietinejs-leo\\\/\",\"url\":\"https:\\\/\\\/saksavorst.ee\\\/lv\\\/produkts\\\/robotiskais-palesu-ietinejs-leo\\\/\",\"name\":\"Robotiskais pale\u0161u ietin\u0113js LEO - Saksavorst\",\"isPartOf\":{\"@id\":\"https:\\\/\\\/saksavorst.ee\\\/lv\\\/#website\"},\"primaryImageOfPage\":{\"@id\":\"https:\\\/\\\/saksavorst.ee\\\/lv\\\/produkts\\\/robotiskais-palesu-ietinejs-leo\\\/#primaryimage\"},\"image\":{\"@id\":\"https:\\\/\\\/saksavorst.ee\\\/lv\\\/produkts\\\/robotiskais-palesu-ietinejs-leo\\\/#primaryimage\"},\"thumbnailUrl\":\"https:\\\/\\\/saksavorst.ee\\\/wp-content\\\/uploads\\\/2023\\\/02\\\/Leo_2-1.jpg\",\"datePublished\":\"2017-09-15T11:27:07+00:00\",\"dateModified\":\"2025-09-15T13:38:31+00:00\",\"breadcrumb\":{\"@id\":\"https:\\\/\\\/saksavorst.ee\\\/lv\\\/produkts\\\/robotiskais-palesu-ietinejs-leo\\\/#breadcrumb\"},\"inLanguage\":\"lv-LV\",\"potentialAction\":[{\"@type\":\"ReadAction\",\"target\":[\"https:\\\/\\\/saksavorst.ee\\\/lv\\\/produkts\\\/robotiskais-palesu-ietinejs-leo\\\/\"]}]},{\"@type\":\"ImageObject\",\"inLanguage\":\"lv-LV\",\"@id\":\"https:\\\/\\\/saksavorst.ee\\\/lv\\\/produkts\\\/robotiskais-palesu-ietinejs-leo\\\/#primaryimage\",\"url\":\"https:\\\/\\\/saksavorst.ee\\\/wp-content\\\/uploads\\\/2023\\\/02\\\/Leo_2-1.jpg\",\"contentUrl\":\"https:\\\/\\\/saksavorst.ee\\\/wp-content\\\/uploads\\\/2023\\\/02\\\/Leo_2-1.jpg\",\"width\":765,\"height\":765},{\"@type\":\"BreadcrumbList\",\"@id\":\"https:\\\/\\\/saksavorst.ee\\\/lv\\\/produkts\\\/robotiskais-palesu-ietinejs-leo\\\/#breadcrumb\",\"itemListElement\":[{\"@type\":\"ListItem\",\"position\":1,\"name\":\"Home\",\"item\":\"https:\\\/\\\/saksavorst.ee\\\/lv\\\/\"},{\"@type\":\"ListItem\",\"position\":2,\"name\":\"Veikals\",\"item\":\"https:\\\/\\\/saksavorst.ee\\\/lv\\\/veikals\\\/\"},{\"@type\":\"ListItem\",\"position\":3,\"name\":\"Robotiskais pale\u0161u ietin\u0113js LEO\"}]},{\"@type\":\"WebSite\",\"@id\":\"https:\\\/\\\/saksavorst.ee\\\/lv\\\/#website\",\"url\":\"https:\\\/\\\/saksavorst.ee\\\/lv\\\/\",\"name\":\"Saksavorst\",\"description\":\"Feel the taste of emotions\",\"publisher\":{\"@id\":\"https:\\\/\\\/saksavorst.ee\\\/lv\\\/#organization\"},\"alternateName\":\"Veikand\",\"potentialAction\":[{\"@type\":\"SearchAction\",\"target\":{\"@type\":\"EntryPoint\",\"urlTemplate\":\"https:\\\/\\\/saksavorst.ee\\\/lv\\\/?s={search_term_string}\"},\"query-input\":{\"@type\":\"PropertyValueSpecification\",\"valueRequired\":true,\"valueName\":\"search_term_string\"}}],\"inLanguage\":\"lv-LV\"},{\"@type\":\"Organization\",\"@id\":\"https:\\\/\\\/saksavorst.ee\\\/lv\\\/#organization\",\"name\":\"Saksavorst\",\"alternateName\":\"Veikand\",\"url\":\"https:\\\/\\\/saksavorst.ee\\\/lv\\\/\",\"logo\":{\"@type\":\"ImageObject\",\"inLanguage\":\"lv-LV\",\"@id\":\"https:\\\/\\\/saksavorst.ee\\\/lv\\\/#\\\/schema\\\/logo\\\/image\\\/\",\"url\":\"https:\\\/\\\/saksavorst.ee\\\/wp-content\\\/uploads\\\/2023\\\/05\\\/veikand-logo.jpg\",\"contentUrl\":\"https:\\\/\\\/saksavorst.ee\\\/wp-content\\\/uploads\\\/2023\\\/05\\\/veikand-logo.jpg\",\"width\":217,\"height\":217,\"caption\":\"Saksavorst\"},\"image\":{\"@id\":\"https:\\\/\\\/saksavorst.ee\\\/lv\\\/#\\\/schema\\\/logo\\\/image\\\/\"},\"sameAs\":[\"https:\\\/\\\/www.facebook.com\\\/Veikand\"]}]}<\/script>\n<!-- \/ Yoast SEO plugin. -->","yoast_head_json":{"title":"Robotiskais pale\u0161u ietin\u0113js LEO - Saksavorst","robots":{"index":"index","follow":"follow","max-snippet":"max-snippet:-1","max-image-preview":"max-image-preview:large","max-video-preview":"max-video-preview:-1"},"canonical":"https:\/\/saksavorst.ee\/lv\/produkts\/robotiskais-palesu-ietinejs-leo\/","og_locale":"lv_LV","og_type":"article","og_title":"Robotiskais pale\u0161u ietin\u0113js LEO - Saksavorst","og_description":"Ra\u017eot\u0101js: Italdibipack S.p.A. Modelis: Leo \u0100trums: regul\u0113jams Maksim\u0101lais iet\u012b\u0161anas augstums: 2000 mm Maz\u0101kais pamatnes izm\u0113rs: 600 x 600 x 650","og_url":"https:\/\/saksavorst.ee\/lv\/produkts\/robotiskais-palesu-ietinejs-leo\/","og_site_name":"Saksavorst","article_publisher":"https:\/\/www.facebook.com\/Veikand","article_modified_time":"2025-09-15T13:38:31+00:00","og_image":[{"width":765,"height":765,"url":"https:\/\/saksavorst.ee\/wp-content\/uploads\/2023\/02\/Leo_2-1.jpg","type":"image\/jpeg"}],"twitter_card":"summary_large_image","twitter_misc":{"Est. reading time":"1 minute"},"schema":{"@context":"https:\/\/schema.org","@graph":[{"@type":"WebPage","@id":"https:\/\/saksavorst.ee\/lv\/produkts\/robotiskais-palesu-ietinejs-leo\/","url":"https:\/\/saksavorst.ee\/lv\/produkts\/robotiskais-palesu-ietinejs-leo\/","name":"Robotiskais pale\u0161u ietin\u0113js LEO - Saksavorst","isPartOf":{"@id":"https:\/\/saksavorst.ee\/lv\/#website"},"primaryImageOfPage":{"@id":"https:\/\/saksavorst.ee\/lv\/produkts\/robotiskais-palesu-ietinejs-leo\/#primaryimage"},"image":{"@id":"https:\/\/saksavorst.ee\/lv\/produkts\/robotiskais-palesu-ietinejs-leo\/#primaryimage"},"thumbnailUrl":"https:\/\/saksavorst.ee\/wp-content\/uploads\/2023\/02\/Leo_2-1.jpg","datePublished":"2017-09-15T11:27:07+00:00","dateModified":"2025-09-15T13:38:31+00:00","breadcrumb":{"@id":"https:\/\/saksavorst.ee\/lv\/produkts\/robotiskais-palesu-ietinejs-leo\/#breadcrumb"},"inLanguage":"lv-LV","potentialAction":[{"@type":"ReadAction","target":["https:\/\/saksavorst.ee\/lv\/produkts\/robotiskais-palesu-ietinejs-leo\/"]}]},{"@type":"ImageObject","inLanguage":"lv-LV","@id":"https:\/\/saksavorst.ee\/lv\/produkts\/robotiskais-palesu-ietinejs-leo\/#primaryimage","url":"https:\/\/saksavorst.ee\/wp-content\/uploads\/2023\/02\/Leo_2-1.jpg","contentUrl":"https:\/\/saksavorst.ee\/wp-content\/uploads\/2023\/02\/Leo_2-1.jpg","width":765,"height":765},{"@type":"BreadcrumbList","@id":"https:\/\/saksavorst.ee\/lv\/produkts\/robotiskais-palesu-ietinejs-leo\/#breadcrumb","itemListElement":[{"@type":"ListItem","position":1,"name":"Home","item":"https:\/\/saksavorst.ee\/lv\/"},{"@type":"ListItem","position":2,"name":"Veikals","item":"https:\/\/saksavorst.ee\/lv\/veikals\/"},{"@type":"ListItem","position":3,"name":"Robotiskais pale\u0161u ietin\u0113js LEO"}]},{"@type":"WebSite","@id":"https:\/\/saksavorst.ee\/lv\/#website","url":"https:\/\/saksavorst.ee\/lv\/","name":"Saksavorst","description":"Feel the taste of emotions","publisher":{"@id":"https:\/\/saksavorst.ee\/lv\/#organization"},"alternateName":"Veikand","potentialAction":[{"@type":"SearchAction","target":{"@type":"EntryPoint","urlTemplate":"https:\/\/saksavorst.ee\/lv\/?s={search_term_string}"},"query-input":{"@type":"PropertyValueSpecification","valueRequired":true,"valueName":"search_term_string"}}],"inLanguage":"lv-LV"},{"@type":"Organization","@id":"https:\/\/saksavorst.ee\/lv\/#organization","name":"Saksavorst","alternateName":"Veikand","url":"https:\/\/saksavorst.ee\/lv\/","logo":{"@type":"ImageObject","inLanguage":"lv-LV","@id":"https:\/\/saksavorst.ee\/lv\/#\/schema\/logo\/image\/","url":"https:\/\/saksavorst.ee\/wp-content\/uploads\/2023\/05\/veikand-logo.jpg","contentUrl":"https:\/\/saksavorst.ee\/wp-content\/uploads\/2023\/05\/veikand-logo.jpg","width":217,"height":217,"caption":"Saksavorst"},"image":{"@id":"https:\/\/saksavorst.ee\/lv\/#\/schema\/logo\/image\/"},"sameAs":["https:\/\/www.facebook.com\/Veikand"]}]}},"_links":{"self":[{"href":"https:\/\/saksavorst.ee\/lv\/wp-json\/wp\/v2\/product\/28133","targetHints":{"allow":["GET"]}}],"collection":[{"href":"https:\/\/saksavorst.ee\/lv\/wp-json\/wp\/v2\/product"}],"about":[{"href":"https:\/\/saksavorst.ee\/lv\/wp-json\/wp\/v2\/types\/product"}],"version-history":[{"count":1,"href":"https:\/\/saksavorst.ee\/lv\/wp-json\/wp\/v2\/product\/28133\/revisions"}],"predecessor-version":[{"id":45774,"href":"https:\/\/saksavorst.ee\/lv\/wp-json\/wp\/v2\/product\/28133\/revisions\/45774"}],"wp:featuredmedia":[{"embeddable":true,"href":"https:\/\/saksavorst.ee\/lv\/wp-json\/wp\/v2\/media\/14520"}],"wp:attachment":[{"href":"https:\/\/saksavorst.ee\/lv\/wp-json\/wp\/v2\/media?parent=28133"}],"wp:term":[{"taxonomy":"product_brand","embeddable":true,"href":"https:\/\/saksavorst.ee\/lv\/wp-json\/wp\/v2\/product_brand?post=28133"},{"taxonomy":"product_cat","embeddable":true,"href":"https:\/\/saksavorst.ee\/lv\/wp-json\/wp\/v2\/product_cat?post=28133"},{"taxonomy":"product_tag","embeddable":true,"href":"https:\/\/saksavorst.ee\/lv\/wp-json\/wp\/v2\/product_tag?post=28133"}],"curies":[{"name":"wp","href":"https:\/\/api.w.org\/{rel}","templated":true}]}}