{"id":28005,"date":"2018-10-30T09:12:35","date_gmt":"2018-10-30T09:12:35","guid":{"rendered":"https:\/\/saksavorst.ee\/?post_type=product&#038;p=28005"},"modified":"2026-01-30T09:47:40","modified_gmt":"2026-01-30T07:47:40","slug":"saberzts-majorans-thuringer-majoran-500g","status":"publish","type":"product","link":"https:\/\/saksavorst.ee\/lv\/produkts\/saberzts-majorans-thuringer-majoran-500g\/","title":{"rendered":"Saberzts major\u0101ns TH\u00dcRINGER MAJORAN 500g"},"content":{"rendered":"<h4>TH\u00dcRINGER MAJORAN<\/h4>\n<h4><strong>Sast\u0101vda\u013cas:<\/strong><\/h4>\n<p>Major\u0101ns<\/p>\n<p>Daudzums: 500 g<\/p>\n<p>Ieteicam\u0101 deva: p\u0113c gar\u0161as<\/p>\n<p>Uzglab\u0101t v\u0113s\u0101 (11-25\u00b0C), saus\u0101 un tum\u0161\u0101 viet\u0101<\/p>\n<p>Lab\u0101kais l\u012bdz: skat\u012bt iepakojum\u0101<\/p>\n<h4><strong>Uzturv\u0113rt\u012bba \u2013 100 g produkta satur:<\/strong><\/h4>\n<p>Ener\u0123ijas saturs 1202 kJ \/ 287 kcal<br \/>\nTauki 7 g<br \/>\nno kuriem pies\u0101tin\u0101tie 1,2 g<br \/>\nOg\u013chidr\u0101ti 42,5 g<br \/>\nno tiem cukuri 42,1 g<br \/>\nOlbaltumvielas 12,7 g<br \/>\nS\u0101ls 0,2 g<\/p>\n<p>Ra\u017eots: V\u0101cija<\/p>\n<p>Ra\u017eot\u0101js: RAPS GmbH &amp; Co.\u00a0 KG<\/p>\n","protected":false},"excerpt":{"rendered":"<p>Sasmalcin\u0101tu major\u0101nu izmanto asinsdesas gatavo\u0161an\u0101, nereti major\u0101nu izmanto ar\u012b ga\u013c\u0101, ziv\u012bs un konserv\u0113tos produktos.<\/p>\n","protected":false},"featured_media":14685,"template":"","meta":{"_acf_changed":false},"product_brand":[],"product_cat":[367,369,375],"product_tag":[],"class_list":{"0":"post-28005","1":"product","2":"type-product","3":"status-publish","4":"has-post-thumbnail","6":"product_cat-garsvielas","7":"product_cat-par-asinsdesam","8":"product_cat-garsvielas-garsvielas","10":"first","11":"instock","12":"taxable","13":"shipping-taxable","14":"purchasable","15":"product-type-simple"},"acf":[],"yoast_head":"<!-- This site is optimized with the Yoast SEO plugin v27.3 - https:\/\/yoast.com\/product\/yoast-seo-wordpress\/ -->\n<title>Saberzts major\u0101ns TH\u00dcRINGER MAJORAN 500g - Saksavorst<\/title>\n<meta name=\"robots\" content=\"index, follow, max-snippet:-1, max-image-preview:large, max-video-preview:-1\" \/>\n<link rel=\"canonical\" href=\"https:\/\/saksavorst.ee\/lv\/produkts\/saberzts-majorans-thuringer-majoran-500g\/\" \/>\n<meta property=\"og:locale\" content=\"lv_LV\" \/>\n<meta property=\"og:type\" content=\"article\" \/>\n<meta property=\"og:title\" content=\"Saberzts major\u0101ns TH\u00dcRINGER MAJORAN 500g - Saksavorst\" \/>\n<meta property=\"og:description\" content=\"Sasmalcin\u0101tu major\u0101nu izmanto asinsdesas gatavo\u0161an\u0101, nereti major\u0101nu izmanto ar\u012b ga\u013c\u0101, ziv\u012bs un konserv\u0113tos produktos.\" \/>\n<meta property=\"og:url\" content=\"https:\/\/saksavorst.ee\/lv\/produkts\/saberzts-majorans-thuringer-majoran-500g\/\" \/>\n<meta property=\"og:site_name\" content=\"Saksavorst\" \/>\n<meta property=\"article:publisher\" content=\"https:\/\/www.facebook.com\/Veikand\" \/>\n<meta property=\"article:modified_time\" content=\"2026-01-30T07:47:40+00:00\" \/>\n<meta property=\"og:image\" content=\"https:\/\/saksavorst.ee\/wp-content\/uploads\/2023\/02\/Purustatud-majoraan-THURINGIAN-MARJORAN-RUBBED-1.png\" \/>\n\t<meta property=\"og:image:width\" content=\"800\" \/>\n\t<meta property=\"og:image:height\" content=\"800\" \/>\n\t<meta property=\"og:image:type\" content=\"image\/png\" \/>\n<meta name=\"twitter:card\" content=\"summary_large_image\" \/>\n<meta name=\"twitter:label1\" content=\"Est. reading time\" \/>\n\t<meta name=\"twitter:data1\" content=\"1 minute\" \/>\n<script type=\"application\/ld+json\" class=\"yoast-schema-graph\">{\"@context\":\"https:\\\/\\\/schema.org\",\"@graph\":[{\"@type\":\"WebPage\",\"@id\":\"https:\\\/\\\/saksavorst.ee\\\/lv\\\/produkts\\\/saberzts-majorans-thuringer-majoran-500g\\\/\",\"url\":\"https:\\\/\\\/saksavorst.ee\\\/lv\\\/produkts\\\/saberzts-majorans-thuringer-majoran-500g\\\/\",\"name\":\"Saberzts major\u0101ns TH\u00dcRINGER MAJORAN 500g - Saksavorst\",\"isPartOf\":{\"@id\":\"https:\\\/\\\/saksavorst.ee\\\/lv\\\/#website\"},\"primaryImageOfPage\":{\"@id\":\"https:\\\/\\\/saksavorst.ee\\\/lv\\\/produkts\\\/saberzts-majorans-thuringer-majoran-500g\\\/#primaryimage\"},\"image\":{\"@id\":\"https:\\\/\\\/saksavorst.ee\\\/lv\\\/produkts\\\/saberzts-majorans-thuringer-majoran-500g\\\/#primaryimage\"},\"thumbnailUrl\":\"https:\\\/\\\/saksavorst.ee\\\/wp-content\\\/uploads\\\/2023\\\/02\\\/Purustatud-majoraan-THURINGIAN-MARJORAN-RUBBED-1.png\",\"datePublished\":\"2018-10-30T09:12:35+00:00\",\"dateModified\":\"2026-01-30T07:47:40+00:00\",\"breadcrumb\":{\"@id\":\"https:\\\/\\\/saksavorst.ee\\\/lv\\\/produkts\\\/saberzts-majorans-thuringer-majoran-500g\\\/#breadcrumb\"},\"inLanguage\":\"lv-LV\",\"potentialAction\":[{\"@type\":\"ReadAction\",\"target\":[\"https:\\\/\\\/saksavorst.ee\\\/lv\\\/produkts\\\/saberzts-majorans-thuringer-majoran-500g\\\/\"]}]},{\"@type\":\"ImageObject\",\"inLanguage\":\"lv-LV\",\"@id\":\"https:\\\/\\\/saksavorst.ee\\\/lv\\\/produkts\\\/saberzts-majorans-thuringer-majoran-500g\\\/#primaryimage\",\"url\":\"https:\\\/\\\/saksavorst.ee\\\/wp-content\\\/uploads\\\/2023\\\/02\\\/Purustatud-majoraan-THURINGIAN-MARJORAN-RUBBED-1.png\",\"contentUrl\":\"https:\\\/\\\/saksavorst.ee\\\/wp-content\\\/uploads\\\/2023\\\/02\\\/Purustatud-majoraan-THURINGIAN-MARJORAN-RUBBED-1.png\",\"width\":800,\"height\":800},{\"@type\":\"BreadcrumbList\",\"@id\":\"https:\\\/\\\/saksavorst.ee\\\/lv\\\/produkts\\\/saberzts-majorans-thuringer-majoran-500g\\\/#breadcrumb\",\"itemListElement\":[{\"@type\":\"ListItem\",\"position\":1,\"name\":\"Home\",\"item\":\"https:\\\/\\\/saksavorst.ee\\\/lv\\\/\"},{\"@type\":\"ListItem\",\"position\":2,\"name\":\"Veikals\",\"item\":\"https:\\\/\\\/saksavorst.ee\\\/lv\\\/veikals\\\/\"},{\"@type\":\"ListItem\",\"position\":3,\"name\":\"Saberzts major\u0101ns TH\u00dcRINGER MAJORAN 500g\"}]},{\"@type\":\"WebSite\",\"@id\":\"https:\\\/\\\/saksavorst.ee\\\/lv\\\/#website\",\"url\":\"https:\\\/\\\/saksavorst.ee\\\/lv\\\/\",\"name\":\"Saksavorst\",\"description\":\"Feel the taste of emotions\",\"publisher\":{\"@id\":\"https:\\\/\\\/saksavorst.ee\\\/lv\\\/#organization\"},\"alternateName\":\"Veikand\",\"potentialAction\":[{\"@type\":\"SearchAction\",\"target\":{\"@type\":\"EntryPoint\",\"urlTemplate\":\"https:\\\/\\\/saksavorst.ee\\\/lv\\\/?s={search_term_string}\"},\"query-input\":{\"@type\":\"PropertyValueSpecification\",\"valueRequired\":true,\"valueName\":\"search_term_string\"}}],\"inLanguage\":\"lv-LV\"},{\"@type\":\"Organization\",\"@id\":\"https:\\\/\\\/saksavorst.ee\\\/lv\\\/#organization\",\"name\":\"Saksavorst\",\"alternateName\":\"Veikand\",\"url\":\"https:\\\/\\\/saksavorst.ee\\\/lv\\\/\",\"logo\":{\"@type\":\"ImageObject\",\"inLanguage\":\"lv-LV\",\"@id\":\"https:\\\/\\\/saksavorst.ee\\\/lv\\\/#\\\/schema\\\/logo\\\/image\\\/\",\"url\":\"https:\\\/\\\/saksavorst.ee\\\/wp-content\\\/uploads\\\/2023\\\/05\\\/veikand-logo.jpg\",\"contentUrl\":\"https:\\\/\\\/saksavorst.ee\\\/wp-content\\\/uploads\\\/2023\\\/05\\\/veikand-logo.jpg\",\"width\":217,\"height\":217,\"caption\":\"Saksavorst\"},\"image\":{\"@id\":\"https:\\\/\\\/saksavorst.ee\\\/lv\\\/#\\\/schema\\\/logo\\\/image\\\/\"},\"sameAs\":[\"https:\\\/\\\/www.facebook.com\\\/Veikand\"]}]}<\/script>\n<!-- \/ Yoast SEO plugin. -->","yoast_head_json":{"title":"Saberzts major\u0101ns TH\u00dcRINGER MAJORAN 500g - Saksavorst","robots":{"index":"index","follow":"follow","max-snippet":"max-snippet:-1","max-image-preview":"max-image-preview:large","max-video-preview":"max-video-preview:-1"},"canonical":"https:\/\/saksavorst.ee\/lv\/produkts\/saberzts-majorans-thuringer-majoran-500g\/","og_locale":"lv_LV","og_type":"article","og_title":"Saberzts major\u0101ns TH\u00dcRINGER MAJORAN 500g - Saksavorst","og_description":"Sasmalcin\u0101tu major\u0101nu izmanto asinsdesas gatavo\u0161an\u0101, nereti major\u0101nu izmanto ar\u012b ga\u013c\u0101, ziv\u012bs un konserv\u0113tos produktos.","og_url":"https:\/\/saksavorst.ee\/lv\/produkts\/saberzts-majorans-thuringer-majoran-500g\/","og_site_name":"Saksavorst","article_publisher":"https:\/\/www.facebook.com\/Veikand","article_modified_time":"2026-01-30T07:47:40+00:00","og_image":[{"width":800,"height":800,"url":"https:\/\/saksavorst.ee\/wp-content\/uploads\/2023\/02\/Purustatud-majoraan-THURINGIAN-MARJORAN-RUBBED-1.png","type":"image\/png"}],"twitter_card":"summary_large_image","twitter_misc":{"Est. reading time":"1 minute"},"schema":{"@context":"https:\/\/schema.org","@graph":[{"@type":"WebPage","@id":"https:\/\/saksavorst.ee\/lv\/produkts\/saberzts-majorans-thuringer-majoran-500g\/","url":"https:\/\/saksavorst.ee\/lv\/produkts\/saberzts-majorans-thuringer-majoran-500g\/","name":"Saberzts major\u0101ns TH\u00dcRINGER MAJORAN 500g - Saksavorst","isPartOf":{"@id":"https:\/\/saksavorst.ee\/lv\/#website"},"primaryImageOfPage":{"@id":"https:\/\/saksavorst.ee\/lv\/produkts\/saberzts-majorans-thuringer-majoran-500g\/#primaryimage"},"image":{"@id":"https:\/\/saksavorst.ee\/lv\/produkts\/saberzts-majorans-thuringer-majoran-500g\/#primaryimage"},"thumbnailUrl":"https:\/\/saksavorst.ee\/wp-content\/uploads\/2023\/02\/Purustatud-majoraan-THURINGIAN-MARJORAN-RUBBED-1.png","datePublished":"2018-10-30T09:12:35+00:00","dateModified":"2026-01-30T07:47:40+00:00","breadcrumb":{"@id":"https:\/\/saksavorst.ee\/lv\/produkts\/saberzts-majorans-thuringer-majoran-500g\/#breadcrumb"},"inLanguage":"lv-LV","potentialAction":[{"@type":"ReadAction","target":["https:\/\/saksavorst.ee\/lv\/produkts\/saberzts-majorans-thuringer-majoran-500g\/"]}]},{"@type":"ImageObject","inLanguage":"lv-LV","@id":"https:\/\/saksavorst.ee\/lv\/produkts\/saberzts-majorans-thuringer-majoran-500g\/#primaryimage","url":"https:\/\/saksavorst.ee\/wp-content\/uploads\/2023\/02\/Purustatud-majoraan-THURINGIAN-MARJORAN-RUBBED-1.png","contentUrl":"https:\/\/saksavorst.ee\/wp-content\/uploads\/2023\/02\/Purustatud-majoraan-THURINGIAN-MARJORAN-RUBBED-1.png","width":800,"height":800},{"@type":"BreadcrumbList","@id":"https:\/\/saksavorst.ee\/lv\/produkts\/saberzts-majorans-thuringer-majoran-500g\/#breadcrumb","itemListElement":[{"@type":"ListItem","position":1,"name":"Home","item":"https:\/\/saksavorst.ee\/lv\/"},{"@type":"ListItem","position":2,"name":"Veikals","item":"https:\/\/saksavorst.ee\/lv\/veikals\/"},{"@type":"ListItem","position":3,"name":"Saberzts major\u0101ns TH\u00dcRINGER MAJORAN 500g"}]},{"@type":"WebSite","@id":"https:\/\/saksavorst.ee\/lv\/#website","url":"https:\/\/saksavorst.ee\/lv\/","name":"Saksavorst","description":"Feel the taste of emotions","publisher":{"@id":"https:\/\/saksavorst.ee\/lv\/#organization"},"alternateName":"Veikand","potentialAction":[{"@type":"SearchAction","target":{"@type":"EntryPoint","urlTemplate":"https:\/\/saksavorst.ee\/lv\/?s={search_term_string}"},"query-input":{"@type":"PropertyValueSpecification","valueRequired":true,"valueName":"search_term_string"}}],"inLanguage":"lv-LV"},{"@type":"Organization","@id":"https:\/\/saksavorst.ee\/lv\/#organization","name":"Saksavorst","alternateName":"Veikand","url":"https:\/\/saksavorst.ee\/lv\/","logo":{"@type":"ImageObject","inLanguage":"lv-LV","@id":"https:\/\/saksavorst.ee\/lv\/#\/schema\/logo\/image\/","url":"https:\/\/saksavorst.ee\/wp-content\/uploads\/2023\/05\/veikand-logo.jpg","contentUrl":"https:\/\/saksavorst.ee\/wp-content\/uploads\/2023\/05\/veikand-logo.jpg","width":217,"height":217,"caption":"Saksavorst"},"image":{"@id":"https:\/\/saksavorst.ee\/lv\/#\/schema\/logo\/image\/"},"sameAs":["https:\/\/www.facebook.com\/Veikand"]}]}},"_links":{"self":[{"href":"https:\/\/saksavorst.ee\/lv\/wp-json\/wp\/v2\/product\/28005","targetHints":{"allow":["GET"]}}],"collection":[{"href":"https:\/\/saksavorst.ee\/lv\/wp-json\/wp\/v2\/product"}],"about":[{"href":"https:\/\/saksavorst.ee\/lv\/wp-json\/wp\/v2\/types\/product"}],"version-history":[{"count":3,"href":"https:\/\/saksavorst.ee\/lv\/wp-json\/wp\/v2\/product\/28005\/revisions"}],"predecessor-version":[{"id":49320,"href":"https:\/\/saksavorst.ee\/lv\/wp-json\/wp\/v2\/product\/28005\/revisions\/49320"}],"wp:featuredmedia":[{"embeddable":true,"href":"https:\/\/saksavorst.ee\/lv\/wp-json\/wp\/v2\/media\/14685"}],"wp:attachment":[{"href":"https:\/\/saksavorst.ee\/lv\/wp-json\/wp\/v2\/media?parent=28005"}],"wp:term":[{"taxonomy":"product_brand","embeddable":true,"href":"https:\/\/saksavorst.ee\/lv\/wp-json\/wp\/v2\/product_brand?post=28005"},{"taxonomy":"product_cat","embeddable":true,"href":"https:\/\/saksavorst.ee\/lv\/wp-json\/wp\/v2\/product_cat?post=28005"},{"taxonomy":"product_tag","embeddable":true,"href":"https:\/\/saksavorst.ee\/lv\/wp-json\/wp\/v2\/product_tag?post=28005"}],"curies":[{"name":"wp","href":"https:\/\/api.w.org\/{rel}","templated":true}]}}