{"id":27017,"date":"2017-02-07T12:13:05","date_gmt":"2017-02-07T10:13:05","guid":{"rendered":"https:\/\/saksavorst.ee\/?post_type=product&#038;p=27017"},"modified":"2025-09-16T11:26:11","modified_gmt":"2025-09-16T09:26:11","slug":"skinka-tikls-o160mm-10m","status":"publish","type":"product","link":"https:\/\/saksavorst.ee\/lv\/produkts\/skinka-tikls-o160mm-10m\/","title":{"rendered":"\u0160\u0137i\u0146\u0137a t\u012bkls \u00d8160mm-10m"},"content":{"rendered":"<h4><strong>APRAKSTS:<\/strong><\/h4>\n<p>1 rull\u012btis<\/p>\n<p>Garums: 10 m<\/p>\n<p>Uzglab\u0101t v\u0113s\u0101 (11\u201325 \u00b0C), saus\u0101 un tum\u0161\u0101 viet\u0101<\/p>\n<p>Ieteicams l\u012bdz: skat\u012bt uz iepakojuma (24 m\u0113ne\u0161i p\u0113c izgatavo\u0161anas)<\/p>\n<p>Ra\u017eots Apvienotaj\u0101 Karalist\u0113<\/p>\n<p>Ra\u017eot\u0101js: Scotnet<\/p>\n<h4><strong>LIETO\u0160ANAS PAM\u0100C\u012aBA:<\/strong><\/h4>\n<p>Lieto\u0161anas \u0113rt\u012bbai uzvelciet t\u012bklu uz \u00d8 160 mm caurules.<\/p>\n","protected":false},"excerpt":{"rendered":"<p>\u0160\u0137i\u0146\u0137a sietu var izmantot, lai pagatavotu m\u0101j\u0101s gatavotus ga\u013cas produktus. T\u012bkls iev\u0113rojami atvieglo ga\u013cas k\u016bpin\u0101\u0161anu un v\u0101r\u012b\u0161anu.<\/p>\n","protected":false},"featured_media":33266,"template":"","meta":{"_acf_changed":false},"product_brand":[],"product_cat":[362,363],"product_tag":[],"class_list":{"0":"post-27017","1":"product","2":"type-product","3":"status-publish","4":"has-post-thumbnail","6":"product_cat-desu-apvalki","7":"product_cat-maksligie-apvalki","9":"first","10":"instock","11":"taxable","12":"shipping-taxable","13":"purchasable","14":"product-type-simple"},"acf":[],"yoast_head":"<!-- This site is optimized with the Yoast SEO plugin v27.3 - https:\/\/yoast.com\/product\/yoast-seo-wordpress\/ -->\n<title>\u0160\u0137i\u0146\u0137a t\u012bkls \u00d8160mm-10m - Saksavorst<\/title>\n<meta name=\"robots\" content=\"index, follow, max-snippet:-1, max-image-preview:large, max-video-preview:-1\" \/>\n<link rel=\"canonical\" href=\"https:\/\/saksavorst.ee\/lv\/produkts\/skinka-tikls-o160mm-10m\/\" \/>\n<meta property=\"og:locale\" content=\"lv_LV\" \/>\n<meta property=\"og:type\" content=\"article\" \/>\n<meta property=\"og:title\" content=\"\u0160\u0137i\u0146\u0137a t\u012bkls \u00d8160mm-10m - Saksavorst\" \/>\n<meta property=\"og:description\" content=\"\u0160\u0137i\u0146\u0137a sietu var izmantot, lai pagatavotu m\u0101j\u0101s gatavotus ga\u013cas produktus. T\u012bkls iev\u0113rojami atvieglo ga\u013cas k\u016bpin\u0101\u0161anu un v\u0101r\u012b\u0161anu.\" \/>\n<meta property=\"og:url\" content=\"https:\/\/saksavorst.ee\/lv\/produkts\/skinka-tikls-o160mm-10m\/\" \/>\n<meta property=\"og:site_name\" content=\"Saksavorst\" \/>\n<meta property=\"article:publisher\" content=\"https:\/\/www.facebook.com\/Veikand\" \/>\n<meta property=\"article:modified_time\" content=\"2025-09-16T09:26:11+00:00\" \/>\n<meta property=\"og:image\" content=\"https:\/\/saksavorst.ee\/wp-content\/uploads\/2017\/02\/singivork-labimoodule-160mm-10m-3.png\" \/>\n\t<meta property=\"og:image:width\" content=\"800\" \/>\n\t<meta property=\"og:image:height\" content=\"800\" \/>\n\t<meta property=\"og:image:type\" content=\"image\/png\" \/>\n<meta name=\"twitter:card\" content=\"summary_large_image\" \/>\n<meta name=\"twitter:label1\" content=\"Est. reading time\" \/>\n\t<meta name=\"twitter:data1\" content=\"1 minute\" \/>\n<script type=\"application\/ld+json\" class=\"yoast-schema-graph\">{\"@context\":\"https:\\\/\\\/schema.org\",\"@graph\":[{\"@type\":\"WebPage\",\"@id\":\"https:\\\/\\\/saksavorst.ee\\\/lv\\\/produkts\\\/skinka-tikls-o160mm-10m\\\/\",\"url\":\"https:\\\/\\\/saksavorst.ee\\\/lv\\\/produkts\\\/skinka-tikls-o160mm-10m\\\/\",\"name\":\"\u0160\u0137i\u0146\u0137a t\u012bkls \u00d8160mm-10m - Saksavorst\",\"isPartOf\":{\"@id\":\"https:\\\/\\\/saksavorst.ee\\\/lv\\\/#website\"},\"primaryImageOfPage\":{\"@id\":\"https:\\\/\\\/saksavorst.ee\\\/lv\\\/produkts\\\/skinka-tikls-o160mm-10m\\\/#primaryimage\"},\"image\":{\"@id\":\"https:\\\/\\\/saksavorst.ee\\\/lv\\\/produkts\\\/skinka-tikls-o160mm-10m\\\/#primaryimage\"},\"thumbnailUrl\":\"https:\\\/\\\/saksavorst.ee\\\/wp-content\\\/uploads\\\/2017\\\/02\\\/singivork-labimoodule-160mm-10m-3.png\",\"datePublished\":\"2017-02-07T10:13:05+00:00\",\"dateModified\":\"2025-09-16T09:26:11+00:00\",\"breadcrumb\":{\"@id\":\"https:\\\/\\\/saksavorst.ee\\\/lv\\\/produkts\\\/skinka-tikls-o160mm-10m\\\/#breadcrumb\"},\"inLanguage\":\"lv-LV\",\"potentialAction\":[{\"@type\":\"ReadAction\",\"target\":[\"https:\\\/\\\/saksavorst.ee\\\/lv\\\/produkts\\\/skinka-tikls-o160mm-10m\\\/\"]}]},{\"@type\":\"ImageObject\",\"inLanguage\":\"lv-LV\",\"@id\":\"https:\\\/\\\/saksavorst.ee\\\/lv\\\/produkts\\\/skinka-tikls-o160mm-10m\\\/#primaryimage\",\"url\":\"https:\\\/\\\/saksavorst.ee\\\/wp-content\\\/uploads\\\/2017\\\/02\\\/singivork-labimoodule-160mm-10m-3.png\",\"contentUrl\":\"https:\\\/\\\/saksavorst.ee\\\/wp-content\\\/uploads\\\/2017\\\/02\\\/singivork-labimoodule-160mm-10m-3.png\",\"width\":800,\"height\":800},{\"@type\":\"BreadcrumbList\",\"@id\":\"https:\\\/\\\/saksavorst.ee\\\/lv\\\/produkts\\\/skinka-tikls-o160mm-10m\\\/#breadcrumb\",\"itemListElement\":[{\"@type\":\"ListItem\",\"position\":1,\"name\":\"Home\",\"item\":\"https:\\\/\\\/saksavorst.ee\\\/lv\\\/\"},{\"@type\":\"ListItem\",\"position\":2,\"name\":\"Veikals\",\"item\":\"https:\\\/\\\/saksavorst.ee\\\/lv\\\/veikals\\\/\"},{\"@type\":\"ListItem\",\"position\":3,\"name\":\"\u0160\u0137i\u0146\u0137a t\u012bkls \u00d8160mm-10m\"}]},{\"@type\":\"WebSite\",\"@id\":\"https:\\\/\\\/saksavorst.ee\\\/lv\\\/#website\",\"url\":\"https:\\\/\\\/saksavorst.ee\\\/lv\\\/\",\"name\":\"Saksavorst\",\"description\":\"Feel the taste of emotions\",\"publisher\":{\"@id\":\"https:\\\/\\\/saksavorst.ee\\\/lv\\\/#organization\"},\"alternateName\":\"Veikand\",\"potentialAction\":[{\"@type\":\"SearchAction\",\"target\":{\"@type\":\"EntryPoint\",\"urlTemplate\":\"https:\\\/\\\/saksavorst.ee\\\/lv\\\/?s={search_term_string}\"},\"query-input\":{\"@type\":\"PropertyValueSpecification\",\"valueRequired\":true,\"valueName\":\"search_term_string\"}}],\"inLanguage\":\"lv-LV\"},{\"@type\":\"Organization\",\"@id\":\"https:\\\/\\\/saksavorst.ee\\\/lv\\\/#organization\",\"name\":\"Saksavorst\",\"alternateName\":\"Veikand\",\"url\":\"https:\\\/\\\/saksavorst.ee\\\/lv\\\/\",\"logo\":{\"@type\":\"ImageObject\",\"inLanguage\":\"lv-LV\",\"@id\":\"https:\\\/\\\/saksavorst.ee\\\/lv\\\/#\\\/schema\\\/logo\\\/image\\\/\",\"url\":\"https:\\\/\\\/saksavorst.ee\\\/wp-content\\\/uploads\\\/2023\\\/05\\\/veikand-logo.jpg\",\"contentUrl\":\"https:\\\/\\\/saksavorst.ee\\\/wp-content\\\/uploads\\\/2023\\\/05\\\/veikand-logo.jpg\",\"width\":217,\"height\":217,\"caption\":\"Saksavorst\"},\"image\":{\"@id\":\"https:\\\/\\\/saksavorst.ee\\\/lv\\\/#\\\/schema\\\/logo\\\/image\\\/\"},\"sameAs\":[\"https:\\\/\\\/www.facebook.com\\\/Veikand\"]}]}<\/script>\n<!-- \/ Yoast SEO plugin. -->","yoast_head_json":{"title":"\u0160\u0137i\u0146\u0137a t\u012bkls \u00d8160mm-10m - Saksavorst","robots":{"index":"index","follow":"follow","max-snippet":"max-snippet:-1","max-image-preview":"max-image-preview:large","max-video-preview":"max-video-preview:-1"},"canonical":"https:\/\/saksavorst.ee\/lv\/produkts\/skinka-tikls-o160mm-10m\/","og_locale":"lv_LV","og_type":"article","og_title":"\u0160\u0137i\u0146\u0137a t\u012bkls \u00d8160mm-10m - Saksavorst","og_description":"\u0160\u0137i\u0146\u0137a sietu var izmantot, lai pagatavotu m\u0101j\u0101s gatavotus ga\u013cas produktus. T\u012bkls iev\u0113rojami atvieglo ga\u013cas k\u016bpin\u0101\u0161anu un v\u0101r\u012b\u0161anu.","og_url":"https:\/\/saksavorst.ee\/lv\/produkts\/skinka-tikls-o160mm-10m\/","og_site_name":"Saksavorst","article_publisher":"https:\/\/www.facebook.com\/Veikand","article_modified_time":"2025-09-16T09:26:11+00:00","og_image":[{"width":800,"height":800,"url":"https:\/\/saksavorst.ee\/wp-content\/uploads\/2017\/02\/singivork-labimoodule-160mm-10m-3.png","type":"image\/png"}],"twitter_card":"summary_large_image","twitter_misc":{"Est. reading time":"1 minute"},"schema":{"@context":"https:\/\/schema.org","@graph":[{"@type":"WebPage","@id":"https:\/\/saksavorst.ee\/lv\/produkts\/skinka-tikls-o160mm-10m\/","url":"https:\/\/saksavorst.ee\/lv\/produkts\/skinka-tikls-o160mm-10m\/","name":"\u0160\u0137i\u0146\u0137a t\u012bkls \u00d8160mm-10m - Saksavorst","isPartOf":{"@id":"https:\/\/saksavorst.ee\/lv\/#website"},"primaryImageOfPage":{"@id":"https:\/\/saksavorst.ee\/lv\/produkts\/skinka-tikls-o160mm-10m\/#primaryimage"},"image":{"@id":"https:\/\/saksavorst.ee\/lv\/produkts\/skinka-tikls-o160mm-10m\/#primaryimage"},"thumbnailUrl":"https:\/\/saksavorst.ee\/wp-content\/uploads\/2017\/02\/singivork-labimoodule-160mm-10m-3.png","datePublished":"2017-02-07T10:13:05+00:00","dateModified":"2025-09-16T09:26:11+00:00","breadcrumb":{"@id":"https:\/\/saksavorst.ee\/lv\/produkts\/skinka-tikls-o160mm-10m\/#breadcrumb"},"inLanguage":"lv-LV","potentialAction":[{"@type":"ReadAction","target":["https:\/\/saksavorst.ee\/lv\/produkts\/skinka-tikls-o160mm-10m\/"]}]},{"@type":"ImageObject","inLanguage":"lv-LV","@id":"https:\/\/saksavorst.ee\/lv\/produkts\/skinka-tikls-o160mm-10m\/#primaryimage","url":"https:\/\/saksavorst.ee\/wp-content\/uploads\/2017\/02\/singivork-labimoodule-160mm-10m-3.png","contentUrl":"https:\/\/saksavorst.ee\/wp-content\/uploads\/2017\/02\/singivork-labimoodule-160mm-10m-3.png","width":800,"height":800},{"@type":"BreadcrumbList","@id":"https:\/\/saksavorst.ee\/lv\/produkts\/skinka-tikls-o160mm-10m\/#breadcrumb","itemListElement":[{"@type":"ListItem","position":1,"name":"Home","item":"https:\/\/saksavorst.ee\/lv\/"},{"@type":"ListItem","position":2,"name":"Veikals","item":"https:\/\/saksavorst.ee\/lv\/veikals\/"},{"@type":"ListItem","position":3,"name":"\u0160\u0137i\u0146\u0137a t\u012bkls \u00d8160mm-10m"}]},{"@type":"WebSite","@id":"https:\/\/saksavorst.ee\/lv\/#website","url":"https:\/\/saksavorst.ee\/lv\/","name":"Saksavorst","description":"Feel the taste of emotions","publisher":{"@id":"https:\/\/saksavorst.ee\/lv\/#organization"},"alternateName":"Veikand","potentialAction":[{"@type":"SearchAction","target":{"@type":"EntryPoint","urlTemplate":"https:\/\/saksavorst.ee\/lv\/?s={search_term_string}"},"query-input":{"@type":"PropertyValueSpecification","valueRequired":true,"valueName":"search_term_string"}}],"inLanguage":"lv-LV"},{"@type":"Organization","@id":"https:\/\/saksavorst.ee\/lv\/#organization","name":"Saksavorst","alternateName":"Veikand","url":"https:\/\/saksavorst.ee\/lv\/","logo":{"@type":"ImageObject","inLanguage":"lv-LV","@id":"https:\/\/saksavorst.ee\/lv\/#\/schema\/logo\/image\/","url":"https:\/\/saksavorst.ee\/wp-content\/uploads\/2023\/05\/veikand-logo.jpg","contentUrl":"https:\/\/saksavorst.ee\/wp-content\/uploads\/2023\/05\/veikand-logo.jpg","width":217,"height":217,"caption":"Saksavorst"},"image":{"@id":"https:\/\/saksavorst.ee\/lv\/#\/schema\/logo\/image\/"},"sameAs":["https:\/\/www.facebook.com\/Veikand"]}]}},"_links":{"self":[{"href":"https:\/\/saksavorst.ee\/lv\/wp-json\/wp\/v2\/product\/27017","targetHints":{"allow":["GET"]}}],"collection":[{"href":"https:\/\/saksavorst.ee\/lv\/wp-json\/wp\/v2\/product"}],"about":[{"href":"https:\/\/saksavorst.ee\/lv\/wp-json\/wp\/v2\/types\/product"}],"version-history":[{"count":1,"href":"https:\/\/saksavorst.ee\/lv\/wp-json\/wp\/v2\/product\/27017\/revisions"}],"predecessor-version":[{"id":45822,"href":"https:\/\/saksavorst.ee\/lv\/wp-json\/wp\/v2\/product\/27017\/revisions\/45822"}],"wp:featuredmedia":[{"embeddable":true,"href":"https:\/\/saksavorst.ee\/lv\/wp-json\/wp\/v2\/media\/33266"}],"wp:attachment":[{"href":"https:\/\/saksavorst.ee\/lv\/wp-json\/wp\/v2\/media?parent=27017"}],"wp:term":[{"taxonomy":"product_brand","embeddable":true,"href":"https:\/\/saksavorst.ee\/lv\/wp-json\/wp\/v2\/product_brand?post=27017"},{"taxonomy":"product_cat","embeddable":true,"href":"https:\/\/saksavorst.ee\/lv\/wp-json\/wp\/v2\/product_cat?post=27017"},{"taxonomy":"product_tag","embeddable":true,"href":"https:\/\/saksavorst.ee\/lv\/wp-json\/wp\/v2\/product_tag?post=27017"}],"curies":[{"name":"wp","href":"https:\/\/api.w.org\/{rel}","templated":true}]}}