{"id":26086,"date":"2016-07-14T11:20:59","date_gmt":"2016-07-14T09:20:59","guid":{"rendered":"https:\/\/saksavorst.ee\/?post_type=product&#038;p=26086"},"modified":"2025-09-16T12:49:32","modified_gmt":"2025-09-16T10:49:32","slug":"glabasanas-ieraugs-holdbac-ym-c-lyo-100-dcu","status":"publish","type":"product","link":"https:\/\/saksavorst.ee\/lv\/produkts\/glabasanas-ieraugs-holdbac-ym-c-lyo-100-dcu\/","title":{"rendered":"Glab\u0101\u0161anas ieraugs HOLDBAC YM-C LYO 100 DCU SALE"},"content":{"rendered":"<p><strong>Sast\u0101v\u0101: <\/strong><em>Lactobacillus paracasei<\/em>, <em>Propionibacterium freudenreichii subsp. shermanii.<\/em><\/p>\n<p><strong>\u012apa\u0161\u012bbas: <\/strong><\/p>\n<p>Piena kult\u016bra ar \u013coti l\u0113nu un zemu pask\u0101bin\u0101\u0161anos, kas veido L (+) tipa piensk\u0101bi, eti\u0137sk\u0101bi un propionsk\u0101bi. Turkl\u0101t veidojas neliels daudzums citu sk\u0101bju, k\u0101 ar\u012b diacetils.<\/p>\n<p>HOLDBAC YM-C LYO 100 DCU tiek pievienots kop\u0101 ar pask\u0101bino\u0161\u0101m kult\u016br\u0101m, un tas var pozit\u012bvi ietekm\u0113t ferment\u0113jamo produktu tekst\u016bru un\/vai gar\u0161u, vienlaikus saglab\u0101jot katram ferment\u0113jamam svaigam produktam un sieram rakstur\u012bg\u0101s organoleptisk\u0101s \u012bpa\u0161\u012bbas.<\/p>\n<p>Ir pier\u0101d\u012bts, ka HOLDBAC YM-C LYO 100 DCU saglab\u0101 produkta svaigumu vis\u0101 glab\u0101\u0161anas laik\u0101 un pal\u012bdz aizsarg\u0101t pret da\u017eu blakuspar\u0101d\u012bbu veido\u0161anos uzglab\u0101\u0161anas un transport\u0113\u0161anas laik\u0101.<\/p>\n<p>K\u0101 ir pier\u0101d\u012bts, HOLDBAC YM-C LYO 100 DCU biolo\u0123isk\u0101 veid\u0101 inhib\u0113 nev\u0113lamus mikroorganismus, piem\u0113ram, . raugi, pel\u0113juma s\u0113n\u012btes un heterofermentat\u012bv\u0101s laktobacilli.<\/p>\n<p>Iedarb\u012bgums ir atkar\u012bgs no celma un pies\u0101r\u0146ojuma.<\/p>\n<p>HOLDBAC YM-C LYO 100 DCU nav paredz\u0113ts acu veido\u0161anai siera ra\u017eo\u0161an\u0101.<\/p>\n<p><strong>Lieto\u0161ana: <\/strong><\/p>\n<p>Raudz\u0113tie piena produkti: ieteicam\u0101 deva: 10 DCU \/ 100 kg piena (piem\u0113ram, jogurts, r\u016bgu\u0161piens, sk\u0101bais kr\u0113jums, biezpiens utt.) vai 10 &#8211; 30 DCU \/ 100 l kr\u0113juma*<\/p>\n<p>Fetas un balt\u0101 s\u0101l\u012bjum\u0101 s\u0101l\u012btais siers 5 \u2013 10 DCU \/ 100 l piena<\/p>\n<p>*atkar\u012bb\u0101 no\u00a0tehnolo\u0123ijas (ferment\u0101cijas temperat\u016bra, inokul\u0101cijas daudzums). Nor\u0101d\u012btie inokul\u0101cijas daudzumi j\u0101uzskata par vadl\u012bnij\u0101m.<\/p>\n<p>Papildu kult\u016bras var b\u016bt nepiecie\u0161amas atkar\u012bb\u0101 no tehnolo\u0123ijas, tauku satura un v\u0113lamaj\u0101m produkta \u012bpa\u0161\u012bb\u0101m.<\/p>\n<p>M\u0113s neuz\u0146emamies nek\u0101du atbild\u012bbu nepamatotas pieteikuma gad\u012bjum\u0101.<\/p>\n<p>Ieteicams veikt testus visiem lietojumiem, kas satur kr\u0101sas, jo \u012bpa\u0161i sint\u0113tisk\u0101s kr\u0101svielas, tostarp, bet neaprobe\u017eojoties ar saulrieta dzelteno, Carmoisine, Allura Red \/RED40), Ponceau 4R un Brilliant Blue, jo var rasties da\u017eas kr\u0101sas izmai\u0146as.<\/p>\n<p><strong>Lieto\u0161anas pam\u0101c\u012bba: <\/strong>Pirms atv\u0113r\u0161anas dezinfic\u0113jiet paci\u0146u ar atbilsto\u0161u dezinfekcijas l\u012bdzekli (nosusiniet ar pap\u012bra dvieli, tas ir nepiecie\u0161ams, lai nov\u0113rstu salip\u0161anu ap paci\u0146as atv\u0113r\u0161anu). Kad paci\u0146a ir atv\u0113rta, pasteriz\u0113tajam pienam pievienojiet kult\u016bru tie\u0161i ar pask\u0101bin\u0101\u0161anas kult\u016bru. Maisiet apm. 5\u202610 min\u016btes ar mazu \u0101trumu.<\/p>\n<p><strong>Papildu inform\u0101cija: <\/strong>Holdbac YM kult\u016bras ir izstr\u0101d\u0101tas, p\u0101rbaud\u012btas un p\u0101rdotas, pamatojoties uz to aizsarg\u0101jo\u0161aj\u0101m \u012bpa\u0161\u012bb\u0101m. Klienti, kas izmanto \u0161\u012bs kult\u016bras citiem lietojumiem, to dara pa\u0161i risk\u0113jot.<\/p>\n<p>HOLDBAC YM-C LYO 100 DCU tiek izmantota k\u0101 papildu kult\u016bra kop\u0101 ar ferment\u0101cijas kult\u016bru.<\/p>\n<p><strong>Uzglab\u0101\u0161ana: <\/strong>Liofiliz\u0113t\u0101s kult\u016bras tur\u0113\u0161ana apk\u0101rt\u0113j\u0101s vides temperat\u016br\u0101 ne ilg\u0101k k\u0101 2 ned\u0113\u013cas neietekm\u0113 der\u012bguma termi\u0146u. P\u0113c pieg\u0101des kult\u016bru 12 m\u0113ne\u0161us no ra\u017eo\u0161anas datuma uzglab\u0101 -18\u00b0C.<\/p>\n<p><strong>Ra\u017eots: <\/strong>DuPont Danisco Nieb\u00fcll, V\u0101cija<\/p>\n<p>Halal un Kosher sertifik\u0101ts<\/p>\n","protected":false},"excerpt":{"rendered":"<p>Cena ar atlaidi produktiem sakar\u0101 ar der\u012bguma termi\u0146u, visi produkti ir sl\u0113gt\u0101 iepakojum\u0101 un nav atv\u0113rti!<\/p>\n<p>Kult\u016bra ir \u012bpa\u0161i atlas\u012bta vair\u0101ku sugu liofiliz\u0113ta, pulveris tie\u0161ai tvertn\u0113 inokul\u0101cijai ar pask\u0101bino\u0161u kult\u016bru.<\/p>\n","protected":false},"featured_media":14238,"template":"","meta":{"_acf_changed":false},"product_brand":[],"product_cat":[332,351,326,327,328,330,331],"product_tag":[],"class_list":{"0":"post-26086","1":"product","2":"type-product","3":"status-publish","4":"has-post-thumbnail","6":"product_cat-jogurts","7":"product_cat-piedavajumi","8":"product_cat-skabais","9":"product_cat-siers","10":"product_cat-biezpiens","11":"product_cat-skabais-krejums","12":"product_cat-skabpiens","14":"first","15":"instock","16":"sale","17":"taxable","18":"shipping-taxable","19":"purchasable","20":"product-type-simple"},"acf":[],"yoast_head":"<!-- This site is optimized with the Yoast SEO plugin v27.3 - https:\/\/yoast.com\/product\/yoast-seo-wordpress\/ -->\n<title>Glab\u0101\u0161anas ieraugs HOLDBAC YM-C LYO 100 DCU SALE - Saksavorst<\/title>\n<meta name=\"robots\" content=\"index, follow, max-snippet:-1, max-image-preview:large, max-video-preview:-1\" \/>\n<link rel=\"canonical\" href=\"https:\/\/saksavorst.ee\/lv\/produkts\/glabasanas-ieraugs-holdbac-ym-c-lyo-100-dcu\/\" \/>\n<meta property=\"og:locale\" content=\"lv_LV\" \/>\n<meta property=\"og:type\" content=\"article\" \/>\n<meta property=\"og:title\" content=\"Glab\u0101\u0161anas ieraugs HOLDBAC YM-C LYO 100 DCU SALE - Saksavorst\" \/>\n<meta property=\"og:description\" content=\"Cena ar atlaidi produktiem sakar\u0101 ar der\u012bguma termi\u0146u, visi produkti ir sl\u0113gt\u0101 iepakojum\u0101 un nav atv\u0113rti!  Kult\u016bra ir \u012bpa\u0161i atlas\u012bta vair\u0101ku sugu liofiliz\u0113ta, pulveris tie\u0161ai tvertn\u0113 inokul\u0101cijai ar pask\u0101bino\u0161u kult\u016bru.\" \/>\n<meta property=\"og:url\" content=\"https:\/\/saksavorst.ee\/lv\/produkts\/glabasanas-ieraugs-holdbac-ym-c-lyo-100-dcu\/\" \/>\n<meta property=\"og:site_name\" content=\"Saksavorst\" \/>\n<meta property=\"article:publisher\" content=\"https:\/\/www.facebook.com\/Veikand\" \/>\n<meta property=\"article:modified_time\" content=\"2025-09-16T10:49:32+00:00\" \/>\n<meta property=\"og:image\" content=\"https:\/\/saksavorst.ee\/wp-content\/uploads\/2023\/02\/Sailejuuretis-HOLDBAC-YM-C-LYO-100-DCU-1-1.png\" \/>\n\t<meta property=\"og:image:width\" content=\"800\" \/>\n\t<meta property=\"og:image:height\" content=\"800\" \/>\n\t<meta property=\"og:image:type\" content=\"image\/png\" \/>\n<meta name=\"twitter:card\" content=\"summary_large_image\" \/>\n<meta name=\"twitter:label1\" content=\"Est. reading time\" \/>\n\t<meta name=\"twitter:data1\" content=\"3 minutes\" \/>\n<script type=\"application\/ld+json\" class=\"yoast-schema-graph\">{\"@context\":\"https:\\\/\\\/schema.org\",\"@graph\":[{\"@type\":\"WebPage\",\"@id\":\"https:\\\/\\\/saksavorst.ee\\\/lv\\\/produkts\\\/glabasanas-ieraugs-holdbac-ym-c-lyo-100-dcu\\\/\",\"url\":\"https:\\\/\\\/saksavorst.ee\\\/lv\\\/produkts\\\/glabasanas-ieraugs-holdbac-ym-c-lyo-100-dcu\\\/\",\"name\":\"Glab\u0101\u0161anas ieraugs HOLDBAC YM-C LYO 100 DCU SALE - Saksavorst\",\"isPartOf\":{\"@id\":\"https:\\\/\\\/saksavorst.ee\\\/lv\\\/#website\"},\"primaryImageOfPage\":{\"@id\":\"https:\\\/\\\/saksavorst.ee\\\/lv\\\/produkts\\\/glabasanas-ieraugs-holdbac-ym-c-lyo-100-dcu\\\/#primaryimage\"},\"image\":{\"@id\":\"https:\\\/\\\/saksavorst.ee\\\/lv\\\/produkts\\\/glabasanas-ieraugs-holdbac-ym-c-lyo-100-dcu\\\/#primaryimage\"},\"thumbnailUrl\":\"https:\\\/\\\/saksavorst.ee\\\/wp-content\\\/uploads\\\/2023\\\/02\\\/Sailejuuretis-HOLDBAC-YM-C-LYO-100-DCU-1-1.png\",\"datePublished\":\"2016-07-14T09:20:59+00:00\",\"dateModified\":\"2025-09-16T10:49:32+00:00\",\"breadcrumb\":{\"@id\":\"https:\\\/\\\/saksavorst.ee\\\/lv\\\/produkts\\\/glabasanas-ieraugs-holdbac-ym-c-lyo-100-dcu\\\/#breadcrumb\"},\"inLanguage\":\"lv-LV\",\"potentialAction\":[{\"@type\":\"ReadAction\",\"target\":[\"https:\\\/\\\/saksavorst.ee\\\/lv\\\/produkts\\\/glabasanas-ieraugs-holdbac-ym-c-lyo-100-dcu\\\/\"]}]},{\"@type\":\"ImageObject\",\"inLanguage\":\"lv-LV\",\"@id\":\"https:\\\/\\\/saksavorst.ee\\\/lv\\\/produkts\\\/glabasanas-ieraugs-holdbac-ym-c-lyo-100-dcu\\\/#primaryimage\",\"url\":\"https:\\\/\\\/saksavorst.ee\\\/wp-content\\\/uploads\\\/2023\\\/02\\\/Sailejuuretis-HOLDBAC-YM-C-LYO-100-DCU-1-1.png\",\"contentUrl\":\"https:\\\/\\\/saksavorst.ee\\\/wp-content\\\/uploads\\\/2023\\\/02\\\/Sailejuuretis-HOLDBAC-YM-C-LYO-100-DCU-1-1.png\",\"width\":800,\"height\":800},{\"@type\":\"BreadcrumbList\",\"@id\":\"https:\\\/\\\/saksavorst.ee\\\/lv\\\/produkts\\\/glabasanas-ieraugs-holdbac-ym-c-lyo-100-dcu\\\/#breadcrumb\",\"itemListElement\":[{\"@type\":\"ListItem\",\"position\":1,\"name\":\"Home\",\"item\":\"https:\\\/\\\/saksavorst.ee\\\/lv\\\/\"},{\"@type\":\"ListItem\",\"position\":2,\"name\":\"Veikals\",\"item\":\"https:\\\/\\\/saksavorst.ee\\\/lv\\\/veikals\\\/\"},{\"@type\":\"ListItem\",\"position\":3,\"name\":\"Glab\u0101\u0161anas ieraugs HOLDBAC YM-C LYO 100 DCU SALE\"}]},{\"@type\":\"WebSite\",\"@id\":\"https:\\\/\\\/saksavorst.ee\\\/lv\\\/#website\",\"url\":\"https:\\\/\\\/saksavorst.ee\\\/lv\\\/\",\"name\":\"Saksavorst\",\"description\":\"Feel the taste of emotions\",\"publisher\":{\"@id\":\"https:\\\/\\\/saksavorst.ee\\\/lv\\\/#organization\"},\"alternateName\":\"Veikand\",\"potentialAction\":[{\"@type\":\"SearchAction\",\"target\":{\"@type\":\"EntryPoint\",\"urlTemplate\":\"https:\\\/\\\/saksavorst.ee\\\/lv\\\/?s={search_term_string}\"},\"query-input\":{\"@type\":\"PropertyValueSpecification\",\"valueRequired\":true,\"valueName\":\"search_term_string\"}}],\"inLanguage\":\"lv-LV\"},{\"@type\":\"Organization\",\"@id\":\"https:\\\/\\\/saksavorst.ee\\\/lv\\\/#organization\",\"name\":\"Saksavorst\",\"alternateName\":\"Veikand\",\"url\":\"https:\\\/\\\/saksavorst.ee\\\/lv\\\/\",\"logo\":{\"@type\":\"ImageObject\",\"inLanguage\":\"lv-LV\",\"@id\":\"https:\\\/\\\/saksavorst.ee\\\/lv\\\/#\\\/schema\\\/logo\\\/image\\\/\",\"url\":\"https:\\\/\\\/saksavorst.ee\\\/wp-content\\\/uploads\\\/2023\\\/05\\\/veikand-logo.jpg\",\"contentUrl\":\"https:\\\/\\\/saksavorst.ee\\\/wp-content\\\/uploads\\\/2023\\\/05\\\/veikand-logo.jpg\",\"width\":217,\"height\":217,\"caption\":\"Saksavorst\"},\"image\":{\"@id\":\"https:\\\/\\\/saksavorst.ee\\\/lv\\\/#\\\/schema\\\/logo\\\/image\\\/\"},\"sameAs\":[\"https:\\\/\\\/www.facebook.com\\\/Veikand\"]}]}<\/script>\n<!-- \/ Yoast SEO plugin. -->","yoast_head_json":{"title":"Glab\u0101\u0161anas ieraugs HOLDBAC YM-C LYO 100 DCU SALE - Saksavorst","robots":{"index":"index","follow":"follow","max-snippet":"max-snippet:-1","max-image-preview":"max-image-preview:large","max-video-preview":"max-video-preview:-1"},"canonical":"https:\/\/saksavorst.ee\/lv\/produkts\/glabasanas-ieraugs-holdbac-ym-c-lyo-100-dcu\/","og_locale":"lv_LV","og_type":"article","og_title":"Glab\u0101\u0161anas ieraugs HOLDBAC YM-C LYO 100 DCU SALE - Saksavorst","og_description":"Cena ar atlaidi produktiem sakar\u0101 ar der\u012bguma termi\u0146u, visi produkti ir sl\u0113gt\u0101 iepakojum\u0101 un nav atv\u0113rti!  Kult\u016bra ir \u012bpa\u0161i atlas\u012bta vair\u0101ku sugu liofiliz\u0113ta, pulveris tie\u0161ai tvertn\u0113 inokul\u0101cijai ar pask\u0101bino\u0161u kult\u016bru.","og_url":"https:\/\/saksavorst.ee\/lv\/produkts\/glabasanas-ieraugs-holdbac-ym-c-lyo-100-dcu\/","og_site_name":"Saksavorst","article_publisher":"https:\/\/www.facebook.com\/Veikand","article_modified_time":"2025-09-16T10:49:32+00:00","og_image":[{"width":800,"height":800,"url":"https:\/\/saksavorst.ee\/wp-content\/uploads\/2023\/02\/Sailejuuretis-HOLDBAC-YM-C-LYO-100-DCU-1-1.png","type":"image\/png"}],"twitter_card":"summary_large_image","twitter_misc":{"Est. reading time":"3 minutes"},"schema":{"@context":"https:\/\/schema.org","@graph":[{"@type":"WebPage","@id":"https:\/\/saksavorst.ee\/lv\/produkts\/glabasanas-ieraugs-holdbac-ym-c-lyo-100-dcu\/","url":"https:\/\/saksavorst.ee\/lv\/produkts\/glabasanas-ieraugs-holdbac-ym-c-lyo-100-dcu\/","name":"Glab\u0101\u0161anas ieraugs HOLDBAC YM-C LYO 100 DCU SALE - Saksavorst","isPartOf":{"@id":"https:\/\/saksavorst.ee\/lv\/#website"},"primaryImageOfPage":{"@id":"https:\/\/saksavorst.ee\/lv\/produkts\/glabasanas-ieraugs-holdbac-ym-c-lyo-100-dcu\/#primaryimage"},"image":{"@id":"https:\/\/saksavorst.ee\/lv\/produkts\/glabasanas-ieraugs-holdbac-ym-c-lyo-100-dcu\/#primaryimage"},"thumbnailUrl":"https:\/\/saksavorst.ee\/wp-content\/uploads\/2023\/02\/Sailejuuretis-HOLDBAC-YM-C-LYO-100-DCU-1-1.png","datePublished":"2016-07-14T09:20:59+00:00","dateModified":"2025-09-16T10:49:32+00:00","breadcrumb":{"@id":"https:\/\/saksavorst.ee\/lv\/produkts\/glabasanas-ieraugs-holdbac-ym-c-lyo-100-dcu\/#breadcrumb"},"inLanguage":"lv-LV","potentialAction":[{"@type":"ReadAction","target":["https:\/\/saksavorst.ee\/lv\/produkts\/glabasanas-ieraugs-holdbac-ym-c-lyo-100-dcu\/"]}]},{"@type":"ImageObject","inLanguage":"lv-LV","@id":"https:\/\/saksavorst.ee\/lv\/produkts\/glabasanas-ieraugs-holdbac-ym-c-lyo-100-dcu\/#primaryimage","url":"https:\/\/saksavorst.ee\/wp-content\/uploads\/2023\/02\/Sailejuuretis-HOLDBAC-YM-C-LYO-100-DCU-1-1.png","contentUrl":"https:\/\/saksavorst.ee\/wp-content\/uploads\/2023\/02\/Sailejuuretis-HOLDBAC-YM-C-LYO-100-DCU-1-1.png","width":800,"height":800},{"@type":"BreadcrumbList","@id":"https:\/\/saksavorst.ee\/lv\/produkts\/glabasanas-ieraugs-holdbac-ym-c-lyo-100-dcu\/#breadcrumb","itemListElement":[{"@type":"ListItem","position":1,"name":"Home","item":"https:\/\/saksavorst.ee\/lv\/"},{"@type":"ListItem","position":2,"name":"Veikals","item":"https:\/\/saksavorst.ee\/lv\/veikals\/"},{"@type":"ListItem","position":3,"name":"Glab\u0101\u0161anas ieraugs HOLDBAC YM-C LYO 100 DCU SALE"}]},{"@type":"WebSite","@id":"https:\/\/saksavorst.ee\/lv\/#website","url":"https:\/\/saksavorst.ee\/lv\/","name":"Saksavorst","description":"Feel the taste of emotions","publisher":{"@id":"https:\/\/saksavorst.ee\/lv\/#organization"},"alternateName":"Veikand","potentialAction":[{"@type":"SearchAction","target":{"@type":"EntryPoint","urlTemplate":"https:\/\/saksavorst.ee\/lv\/?s={search_term_string}"},"query-input":{"@type":"PropertyValueSpecification","valueRequired":true,"valueName":"search_term_string"}}],"inLanguage":"lv-LV"},{"@type":"Organization","@id":"https:\/\/saksavorst.ee\/lv\/#organization","name":"Saksavorst","alternateName":"Veikand","url":"https:\/\/saksavorst.ee\/lv\/","logo":{"@type":"ImageObject","inLanguage":"lv-LV","@id":"https:\/\/saksavorst.ee\/lv\/#\/schema\/logo\/image\/","url":"https:\/\/saksavorst.ee\/wp-content\/uploads\/2023\/05\/veikand-logo.jpg","contentUrl":"https:\/\/saksavorst.ee\/wp-content\/uploads\/2023\/05\/veikand-logo.jpg","width":217,"height":217,"caption":"Saksavorst"},"image":{"@id":"https:\/\/saksavorst.ee\/lv\/#\/schema\/logo\/image\/"},"sameAs":["https:\/\/www.facebook.com\/Veikand"]}]}},"_links":{"self":[{"href":"https:\/\/saksavorst.ee\/lv\/wp-json\/wp\/v2\/product\/26086","targetHints":{"allow":["GET"]}}],"collection":[{"href":"https:\/\/saksavorst.ee\/lv\/wp-json\/wp\/v2\/product"}],"about":[{"href":"https:\/\/saksavorst.ee\/lv\/wp-json\/wp\/v2\/types\/product"}],"version-history":[{"count":1,"href":"https:\/\/saksavorst.ee\/lv\/wp-json\/wp\/v2\/product\/26086\/revisions"}],"predecessor-version":[{"id":45845,"href":"https:\/\/saksavorst.ee\/lv\/wp-json\/wp\/v2\/product\/26086\/revisions\/45845"}],"wp:featuredmedia":[{"embeddable":true,"href":"https:\/\/saksavorst.ee\/lv\/wp-json\/wp\/v2\/media\/14238"}],"wp:attachment":[{"href":"https:\/\/saksavorst.ee\/lv\/wp-json\/wp\/v2\/media?parent=26086"}],"wp:term":[{"taxonomy":"product_brand","embeddable":true,"href":"https:\/\/saksavorst.ee\/lv\/wp-json\/wp\/v2\/product_brand?post=26086"},{"taxonomy":"product_cat","embeddable":true,"href":"https:\/\/saksavorst.ee\/lv\/wp-json\/wp\/v2\/product_cat?post=26086"},{"taxonomy":"product_tag","embeddable":true,"href":"https:\/\/saksavorst.ee\/lv\/wp-json\/wp\/v2\/product_tag?post=26086"}],"curies":[{"name":"wp","href":"https:\/\/api.w.org\/{rel}","templated":true}]}}