{"id":26074,"date":"2016-06-30T10:19:17","date_gmt":"2016-06-30T08:19:17","guid":{"rendered":"https:\/\/saksavorst.ee\/?post_type=product&#038;p=26074"},"modified":"2025-09-16T12:55:09","modified_gmt":"2025-09-16T10:55:09","slug":"ieraugs-choozit-kefir-dc-lyo-1000-l","status":"publish","type":"product","link":"https:\/\/saksavorst.ee\/lv\/produkts\/ieraugs-choozit-kefir-dc-lyo-1000-l\/","title":{"rendered":"Ieraugs CHOOZIT Kefir DC LYO 1000 L"},"content":{"rendered":"<p><strong>Sast\u0101v\u0101: <\/strong>Kef\u012bra graudu mikroflora, kef\u012bra raugi, piensk\u0101bes bakt\u0113rijas: <em>Lactococcus lactis <\/em>subsp., <em>Leuconostoc sp., Lactobacillus sp., Streptococcus thermophilus.<\/em><\/p>\n<p><strong>Lieto\u0161ana: <\/strong>Ieteicam\u0101 deva: kef\u012brs 1 paci\u0146a \/ 1000 l vat piena.<br \/>\nNor\u0101d\u012btie inokul\u0101cijas daudzumi j\u0101uzskata par vadl\u012bnij\u0101m. Papildu kult\u016bras var b\u016bt nepiecie\u0161amas atkar\u012bb\u0101 no tehnolo\u0123ijas, tauku satura un v\u0113lamaj\u0101m produkta \u012bpa\u0161\u012bb\u0101m. M\u0113s neuz\u0146emamies nek\u0101du atbild\u012bbu nepamatotas pieteikuma gad\u012bjum\u0101.<\/p>\n<p><strong>Lieto\u0161anas pam\u0101c\u012bba: <\/strong>Pirms atv\u0113r\u0161anas dezinfic\u0113jiet paci\u0146u ar atbilsto\u0161u dezinfekcijas l\u012bdzekli (ja nepiecie\u0161ams, nosusiniet ar pap\u012bra dvieli, lai nov\u0113rstu salip\u0161anu ap paci\u0146as atv\u0113r\u0161anu). Kad paci\u0146a ir atv\u0113rta, pievienojiet kult\u016bru tie\u0161i pasteriz\u0113tajam mais\u012bjumam. Maisiet apm. 20 min\u016btes zem\u0101 \u0101trum\u0101.<\/p>\n<p>Ieteicam\u0101 inkub\u0101cijas temperat\u016bra: 23 \u2026 26 \u00b0C.<\/p>\n<p><strong>Uzglab\u0101\u0161ana: <\/strong>12 m\u0113ne\u0161i no ra\u017eo\u0161anas datuma \u2013 18\u00b0C.<\/p>\n<p><strong>Ra\u017eots: <\/strong>Iff Danisco Sassenage France<\/p>\n<p>Halal un Kosher sertifik\u0101ts<\/p>\n","protected":false},"excerpt":{"rendered":"<p>Daudzu sugu kult\u016bra ar kef\u012bra graudiem piena, kef\u012bra un kef\u012bra dz\u0113riena tie\u0161ai tvertn\u0113 inokul\u0101cijai. Kult\u016bra ir liofiliz\u0113ts pulveris.<\/p>\n","protected":false},"featured_media":14231,"template":"","meta":{"_acf_changed":false},"product_brand":[],"product_cat":[326,329],"product_tag":[],"class_list":{"0":"post-26074","1":"product","2":"type-product","3":"status-publish","4":"has-post-thumbnail","6":"product_cat-skabais","7":"product_cat-kefirs","9":"first","10":"outofstock","11":"taxable","12":"shipping-taxable","13":"purchasable","14":"product-type-simple"},"acf":[],"yoast_head":"<!-- This site is optimized with the Yoast SEO plugin v27.3 - https:\/\/yoast.com\/product\/yoast-seo-wordpress\/ -->\n<title>Ieraugs CHOOZIT Kefir DC LYO 1000 L - Saksavorst<\/title>\n<meta name=\"robots\" content=\"index, follow, max-snippet:-1, max-image-preview:large, max-video-preview:-1\" \/>\n<link rel=\"canonical\" href=\"https:\/\/saksavorst.ee\/lv\/produkts\/ieraugs-choozit-kefir-dc-lyo-1000-l\/\" \/>\n<meta property=\"og:locale\" content=\"lv_LV\" \/>\n<meta property=\"og:type\" content=\"article\" \/>\n<meta property=\"og:title\" content=\"Ieraugs CHOOZIT Kefir DC LYO 1000 L - Saksavorst\" \/>\n<meta property=\"og:description\" content=\"Daudzu sugu kult\u016bra ar kef\u012bra graudiem piena, kef\u012bra un kef\u012bra dz\u0113riena tie\u0161ai tvertn\u0113 inokul\u0101cijai. Kult\u016bra ir liofiliz\u0113ts pulveris.\" \/>\n<meta property=\"og:url\" content=\"https:\/\/saksavorst.ee\/lv\/produkts\/ieraugs-choozit-kefir-dc-lyo-1000-l\/\" \/>\n<meta property=\"og:site_name\" content=\"Saksavorst\" \/>\n<meta property=\"article:publisher\" content=\"https:\/\/www.facebook.com\/Veikand\" \/>\n<meta property=\"article:modified_time\" content=\"2025-09-16T10:55:09+00:00\" \/>\n<meta property=\"og:image\" content=\"https:\/\/saksavorst.ee\/wp-content\/uploads\/2023\/02\/Juuretis-CHOOZIT-Kefir-DC-LYO-1000-L-1.png\" \/>\n\t<meta property=\"og:image:width\" content=\"800\" \/>\n\t<meta property=\"og:image:height\" content=\"800\" \/>\n\t<meta property=\"og:image:type\" content=\"image\/png\" \/>\n<meta name=\"twitter:card\" content=\"summary_large_image\" \/>\n<meta name=\"twitter:label1\" content=\"Est. reading time\" \/>\n\t<meta name=\"twitter:data1\" content=\"1 minute\" \/>\n<script type=\"application\/ld+json\" class=\"yoast-schema-graph\">{\"@context\":\"https:\\\/\\\/schema.org\",\"@graph\":[{\"@type\":\"WebPage\",\"@id\":\"https:\\\/\\\/saksavorst.ee\\\/lv\\\/produkts\\\/ieraugs-choozit-kefir-dc-lyo-1000-l\\\/\",\"url\":\"https:\\\/\\\/saksavorst.ee\\\/lv\\\/produkts\\\/ieraugs-choozit-kefir-dc-lyo-1000-l\\\/\",\"name\":\"Ieraugs CHOOZIT Kefir DC LYO 1000 L - Saksavorst\",\"isPartOf\":{\"@id\":\"https:\\\/\\\/saksavorst.ee\\\/lv\\\/#website\"},\"primaryImageOfPage\":{\"@id\":\"https:\\\/\\\/saksavorst.ee\\\/lv\\\/produkts\\\/ieraugs-choozit-kefir-dc-lyo-1000-l\\\/#primaryimage\"},\"image\":{\"@id\":\"https:\\\/\\\/saksavorst.ee\\\/lv\\\/produkts\\\/ieraugs-choozit-kefir-dc-lyo-1000-l\\\/#primaryimage\"},\"thumbnailUrl\":\"https:\\\/\\\/saksavorst.ee\\\/wp-content\\\/uploads\\\/2023\\\/02\\\/Juuretis-CHOOZIT-Kefir-DC-LYO-1000-L-1.png\",\"datePublished\":\"2016-06-30T08:19:17+00:00\",\"dateModified\":\"2025-09-16T10:55:09+00:00\",\"breadcrumb\":{\"@id\":\"https:\\\/\\\/saksavorst.ee\\\/lv\\\/produkts\\\/ieraugs-choozit-kefir-dc-lyo-1000-l\\\/#breadcrumb\"},\"inLanguage\":\"lv-LV\",\"potentialAction\":[{\"@type\":\"ReadAction\",\"target\":[\"https:\\\/\\\/saksavorst.ee\\\/lv\\\/produkts\\\/ieraugs-choozit-kefir-dc-lyo-1000-l\\\/\"]}]},{\"@type\":\"ImageObject\",\"inLanguage\":\"lv-LV\",\"@id\":\"https:\\\/\\\/saksavorst.ee\\\/lv\\\/produkts\\\/ieraugs-choozit-kefir-dc-lyo-1000-l\\\/#primaryimage\",\"url\":\"https:\\\/\\\/saksavorst.ee\\\/wp-content\\\/uploads\\\/2023\\\/02\\\/Juuretis-CHOOZIT-Kefir-DC-LYO-1000-L-1.png\",\"contentUrl\":\"https:\\\/\\\/saksavorst.ee\\\/wp-content\\\/uploads\\\/2023\\\/02\\\/Juuretis-CHOOZIT-Kefir-DC-LYO-1000-L-1.png\",\"width\":800,\"height\":800},{\"@type\":\"BreadcrumbList\",\"@id\":\"https:\\\/\\\/saksavorst.ee\\\/lv\\\/produkts\\\/ieraugs-choozit-kefir-dc-lyo-1000-l\\\/#breadcrumb\",\"itemListElement\":[{\"@type\":\"ListItem\",\"position\":1,\"name\":\"Home\",\"item\":\"https:\\\/\\\/saksavorst.ee\\\/lv\\\/\"},{\"@type\":\"ListItem\",\"position\":2,\"name\":\"Veikals\",\"item\":\"https:\\\/\\\/saksavorst.ee\\\/lv\\\/veikals\\\/\"},{\"@type\":\"ListItem\",\"position\":3,\"name\":\"Ieraugs CHOOZIT Kefir DC LYO 1000 L\"}]},{\"@type\":\"WebSite\",\"@id\":\"https:\\\/\\\/saksavorst.ee\\\/lv\\\/#website\",\"url\":\"https:\\\/\\\/saksavorst.ee\\\/lv\\\/\",\"name\":\"Saksavorst\",\"description\":\"Feel the taste of emotions\",\"publisher\":{\"@id\":\"https:\\\/\\\/saksavorst.ee\\\/lv\\\/#organization\"},\"alternateName\":\"Veikand\",\"potentialAction\":[{\"@type\":\"SearchAction\",\"target\":{\"@type\":\"EntryPoint\",\"urlTemplate\":\"https:\\\/\\\/saksavorst.ee\\\/lv\\\/?s={search_term_string}\"},\"query-input\":{\"@type\":\"PropertyValueSpecification\",\"valueRequired\":true,\"valueName\":\"search_term_string\"}}],\"inLanguage\":\"lv-LV\"},{\"@type\":\"Organization\",\"@id\":\"https:\\\/\\\/saksavorst.ee\\\/lv\\\/#organization\",\"name\":\"Saksavorst\",\"alternateName\":\"Veikand\",\"url\":\"https:\\\/\\\/saksavorst.ee\\\/lv\\\/\",\"logo\":{\"@type\":\"ImageObject\",\"inLanguage\":\"lv-LV\",\"@id\":\"https:\\\/\\\/saksavorst.ee\\\/lv\\\/#\\\/schema\\\/logo\\\/image\\\/\",\"url\":\"https:\\\/\\\/saksavorst.ee\\\/wp-content\\\/uploads\\\/2023\\\/05\\\/veikand-logo.jpg\",\"contentUrl\":\"https:\\\/\\\/saksavorst.ee\\\/wp-content\\\/uploads\\\/2023\\\/05\\\/veikand-logo.jpg\",\"width\":217,\"height\":217,\"caption\":\"Saksavorst\"},\"image\":{\"@id\":\"https:\\\/\\\/saksavorst.ee\\\/lv\\\/#\\\/schema\\\/logo\\\/image\\\/\"},\"sameAs\":[\"https:\\\/\\\/www.facebook.com\\\/Veikand\"]}]}<\/script>\n<!-- \/ Yoast SEO plugin. -->","yoast_head_json":{"title":"Ieraugs CHOOZIT Kefir DC LYO 1000 L - Saksavorst","robots":{"index":"index","follow":"follow","max-snippet":"max-snippet:-1","max-image-preview":"max-image-preview:large","max-video-preview":"max-video-preview:-1"},"canonical":"https:\/\/saksavorst.ee\/lv\/produkts\/ieraugs-choozit-kefir-dc-lyo-1000-l\/","og_locale":"lv_LV","og_type":"article","og_title":"Ieraugs CHOOZIT Kefir DC LYO 1000 L - Saksavorst","og_description":"Daudzu sugu kult\u016bra ar kef\u012bra graudiem piena, kef\u012bra un kef\u012bra dz\u0113riena tie\u0161ai tvertn\u0113 inokul\u0101cijai. Kult\u016bra ir liofiliz\u0113ts pulveris.","og_url":"https:\/\/saksavorst.ee\/lv\/produkts\/ieraugs-choozit-kefir-dc-lyo-1000-l\/","og_site_name":"Saksavorst","article_publisher":"https:\/\/www.facebook.com\/Veikand","article_modified_time":"2025-09-16T10:55:09+00:00","og_image":[{"width":800,"height":800,"url":"https:\/\/saksavorst.ee\/wp-content\/uploads\/2023\/02\/Juuretis-CHOOZIT-Kefir-DC-LYO-1000-L-1.png","type":"image\/png"}],"twitter_card":"summary_large_image","twitter_misc":{"Est. reading time":"1 minute"},"schema":{"@context":"https:\/\/schema.org","@graph":[{"@type":"WebPage","@id":"https:\/\/saksavorst.ee\/lv\/produkts\/ieraugs-choozit-kefir-dc-lyo-1000-l\/","url":"https:\/\/saksavorst.ee\/lv\/produkts\/ieraugs-choozit-kefir-dc-lyo-1000-l\/","name":"Ieraugs CHOOZIT Kefir DC LYO 1000 L - Saksavorst","isPartOf":{"@id":"https:\/\/saksavorst.ee\/lv\/#website"},"primaryImageOfPage":{"@id":"https:\/\/saksavorst.ee\/lv\/produkts\/ieraugs-choozit-kefir-dc-lyo-1000-l\/#primaryimage"},"image":{"@id":"https:\/\/saksavorst.ee\/lv\/produkts\/ieraugs-choozit-kefir-dc-lyo-1000-l\/#primaryimage"},"thumbnailUrl":"https:\/\/saksavorst.ee\/wp-content\/uploads\/2023\/02\/Juuretis-CHOOZIT-Kefir-DC-LYO-1000-L-1.png","datePublished":"2016-06-30T08:19:17+00:00","dateModified":"2025-09-16T10:55:09+00:00","breadcrumb":{"@id":"https:\/\/saksavorst.ee\/lv\/produkts\/ieraugs-choozit-kefir-dc-lyo-1000-l\/#breadcrumb"},"inLanguage":"lv-LV","potentialAction":[{"@type":"ReadAction","target":["https:\/\/saksavorst.ee\/lv\/produkts\/ieraugs-choozit-kefir-dc-lyo-1000-l\/"]}]},{"@type":"ImageObject","inLanguage":"lv-LV","@id":"https:\/\/saksavorst.ee\/lv\/produkts\/ieraugs-choozit-kefir-dc-lyo-1000-l\/#primaryimage","url":"https:\/\/saksavorst.ee\/wp-content\/uploads\/2023\/02\/Juuretis-CHOOZIT-Kefir-DC-LYO-1000-L-1.png","contentUrl":"https:\/\/saksavorst.ee\/wp-content\/uploads\/2023\/02\/Juuretis-CHOOZIT-Kefir-DC-LYO-1000-L-1.png","width":800,"height":800},{"@type":"BreadcrumbList","@id":"https:\/\/saksavorst.ee\/lv\/produkts\/ieraugs-choozit-kefir-dc-lyo-1000-l\/#breadcrumb","itemListElement":[{"@type":"ListItem","position":1,"name":"Home","item":"https:\/\/saksavorst.ee\/lv\/"},{"@type":"ListItem","position":2,"name":"Veikals","item":"https:\/\/saksavorst.ee\/lv\/veikals\/"},{"@type":"ListItem","position":3,"name":"Ieraugs CHOOZIT Kefir DC LYO 1000 L"}]},{"@type":"WebSite","@id":"https:\/\/saksavorst.ee\/lv\/#website","url":"https:\/\/saksavorst.ee\/lv\/","name":"Saksavorst","description":"Feel the taste of emotions","publisher":{"@id":"https:\/\/saksavorst.ee\/lv\/#organization"},"alternateName":"Veikand","potentialAction":[{"@type":"SearchAction","target":{"@type":"EntryPoint","urlTemplate":"https:\/\/saksavorst.ee\/lv\/?s={search_term_string}"},"query-input":{"@type":"PropertyValueSpecification","valueRequired":true,"valueName":"search_term_string"}}],"inLanguage":"lv-LV"},{"@type":"Organization","@id":"https:\/\/saksavorst.ee\/lv\/#organization","name":"Saksavorst","alternateName":"Veikand","url":"https:\/\/saksavorst.ee\/lv\/","logo":{"@type":"ImageObject","inLanguage":"lv-LV","@id":"https:\/\/saksavorst.ee\/lv\/#\/schema\/logo\/image\/","url":"https:\/\/saksavorst.ee\/wp-content\/uploads\/2023\/05\/veikand-logo.jpg","contentUrl":"https:\/\/saksavorst.ee\/wp-content\/uploads\/2023\/05\/veikand-logo.jpg","width":217,"height":217,"caption":"Saksavorst"},"image":{"@id":"https:\/\/saksavorst.ee\/lv\/#\/schema\/logo\/image\/"},"sameAs":["https:\/\/www.facebook.com\/Veikand"]}]}},"_links":{"self":[{"href":"https:\/\/saksavorst.ee\/lv\/wp-json\/wp\/v2\/product\/26074","targetHints":{"allow":["GET"]}}],"collection":[{"href":"https:\/\/saksavorst.ee\/lv\/wp-json\/wp\/v2\/product"}],"about":[{"href":"https:\/\/saksavorst.ee\/lv\/wp-json\/wp\/v2\/types\/product"}],"version-history":[{"count":1,"href":"https:\/\/saksavorst.ee\/lv\/wp-json\/wp\/v2\/product\/26074\/revisions"}],"predecessor-version":[{"id":45853,"href":"https:\/\/saksavorst.ee\/lv\/wp-json\/wp\/v2\/product\/26074\/revisions\/45853"}],"wp:featuredmedia":[{"embeddable":true,"href":"https:\/\/saksavorst.ee\/lv\/wp-json\/wp\/v2\/media\/14231"}],"wp:attachment":[{"href":"https:\/\/saksavorst.ee\/lv\/wp-json\/wp\/v2\/media?parent=26074"}],"wp:term":[{"taxonomy":"product_brand","embeddable":true,"href":"https:\/\/saksavorst.ee\/lv\/wp-json\/wp\/v2\/product_brand?post=26074"},{"taxonomy":"product_cat","embeddable":true,"href":"https:\/\/saksavorst.ee\/lv\/wp-json\/wp\/v2\/product_cat?post=26074"},{"taxonomy":"product_tag","embeddable":true,"href":"https:\/\/saksavorst.ee\/lv\/wp-json\/wp\/v2\/product_tag?post=26074"}],"curies":[{"name":"wp","href":"https:\/\/api.w.org\/{rel}","templated":true}]}}