{"id":25827,"date":"2017-06-12T10:40:37","date_gmt":"2017-06-12T08:40:37","guid":{"rendered":"https:\/\/saksavorst.ee\/?post_type=product&#038;p=25827"},"modified":"2025-09-16T10:23:06","modified_gmt":"2025-09-16T08:23:06","slug":"galas-produktu-garsvielu-maisijums-pampa-300g","status":"publish","type":"product","link":"https:\/\/saksavorst.ee\/lv\/produkts\/galas-produktu-garsvielu-maisijums-pampa-300g\/","title":{"rendered":"Ga\u013cas produktu gar\u0161vielu mais\u012bjums PAMPA 300g"},"content":{"rendered":"<h4><strong>PAMPA<\/strong><\/h4>\n<h4>Sast\u0101vda\u013cas:<\/h4>\n<p>Pipari, cukurs, paprika, oregano, s\u012bpoli, \u0137iploki<\/p>\n<p>Daudzums: 300 g<\/p>\n<p>Ieteicam\u0101 deva: 8-10 g\/kg + s\u0101ls<\/p>\n<p>Uzglab\u0101t v\u0113s\u0101 (11-25\u00b0C), saus\u0101 un tum\u0161\u0101 viet\u0101<\/p>\n<p>Lab\u0101kais l\u012bdz: skat\u012bt iepakojum\u0101<\/p>\n<h4>Uzturv\u0113rt\u012bbas uz 100 g produkta:<\/h4>\n<p>Ener\u0123ijas saturs 1395 kJ \/ 330 kcal<br \/>\nTauki 2,3 g<br \/>\nno kuriem pies\u0101tin\u0101tie 0,5 g<br \/>\nOg\u013chidr\u0101ti 62 g<br \/>\nno tiem cukuri 60 g<br \/>\nOlbaltumvielas 9,2 g<br \/>\nS\u0101ls 0 g<\/p>\n<p>Ra\u017eots: V\u0101cija<\/p>\n<p>Ra\u017eot\u0101js: RAPS GmbH &amp; Co. KG<\/p>\n","protected":false},"excerpt":{"rendered":"<p>Gar\u0161vielu sagatavo\u0161ana cep\u0161anai, cep\u0161anai pann\u0101, grila izstr\u0101d\u0101jumiem un \u012bpa\u0161iem \u0113dieniem.<\/p>\n","protected":false},"featured_media":13773,"template":"","meta":{"_acf_changed":false},"product_brand":[],"product_cat":[370,373,375,367],"product_tag":[],"class_list":{"0":"post-25827","1":"product","2":"type-product","3":"status-publish","4":"has-post-thumbnail","6":"product_cat-par-konserviem","7":"product_cat-maltas-galas-izstradajumiem","8":"product_cat-garsvielas-garsvielas","9":"product_cat-garsvielas","11":"first","12":"instock","13":"taxable","14":"shipping-taxable","15":"purchasable","16":"product-type-simple"},"acf":[],"yoast_head":"<!-- This site is optimized with the Yoast SEO plugin v27.3 - https:\/\/yoast.com\/product\/yoast-seo-wordpress\/ -->\n<title>Ga\u013cas produktu gar\u0161vielu mais\u012bjums PAMPA 300g - Saksavorst<\/title>\n<meta name=\"robots\" content=\"index, follow, max-snippet:-1, max-image-preview:large, max-video-preview:-1\" \/>\n<link rel=\"canonical\" href=\"https:\/\/saksavorst.ee\/lv\/produkts\/galas-produktu-garsvielu-maisijums-pampa-300g\/\" \/>\n<meta property=\"og:locale\" content=\"lv_LV\" \/>\n<meta property=\"og:type\" content=\"article\" \/>\n<meta property=\"og:title\" content=\"Ga\u013cas produktu gar\u0161vielu mais\u012bjums PAMPA 300g - Saksavorst\" \/>\n<meta property=\"og:description\" content=\"Gar\u0161vielu sagatavo\u0161ana cep\u0161anai, cep\u0161anai pann\u0101, grila izstr\u0101d\u0101jumiem un \u012bpa\u0161iem \u0113dieniem.\" \/>\n<meta property=\"og:url\" content=\"https:\/\/saksavorst.ee\/lv\/produkts\/galas-produktu-garsvielu-maisijums-pampa-300g\/\" \/>\n<meta property=\"og:site_name\" content=\"Saksavorst\" \/>\n<meta property=\"article:publisher\" content=\"https:\/\/www.facebook.com\/Veikand\" \/>\n<meta property=\"article:modified_time\" content=\"2025-09-16T08:23:06+00:00\" \/>\n<meta property=\"og:image\" content=\"https:\/\/saksavorst.ee\/wp-content\/uploads\/2023\/02\/Maitseainesegu-PAMPA-1.png\" \/>\n\t<meta property=\"og:image:width\" content=\"800\" \/>\n\t<meta property=\"og:image:height\" content=\"800\" \/>\n\t<meta property=\"og:image:type\" content=\"image\/png\" \/>\n<meta name=\"twitter:card\" content=\"summary_large_image\" \/>\n<meta name=\"twitter:label1\" content=\"Est. reading time\" \/>\n\t<meta name=\"twitter:data1\" content=\"1 minute\" \/>\n<script type=\"application\/ld+json\" class=\"yoast-schema-graph\">{\"@context\":\"https:\\\/\\\/schema.org\",\"@graph\":[{\"@type\":\"WebPage\",\"@id\":\"https:\\\/\\\/saksavorst.ee\\\/lv\\\/produkts\\\/galas-produktu-garsvielu-maisijums-pampa-300g\\\/\",\"url\":\"https:\\\/\\\/saksavorst.ee\\\/lv\\\/produkts\\\/galas-produktu-garsvielu-maisijums-pampa-300g\\\/\",\"name\":\"Ga\u013cas produktu gar\u0161vielu mais\u012bjums PAMPA 300g - Saksavorst\",\"isPartOf\":{\"@id\":\"https:\\\/\\\/saksavorst.ee\\\/lv\\\/#website\"},\"primaryImageOfPage\":{\"@id\":\"https:\\\/\\\/saksavorst.ee\\\/lv\\\/produkts\\\/galas-produktu-garsvielu-maisijums-pampa-300g\\\/#primaryimage\"},\"image\":{\"@id\":\"https:\\\/\\\/saksavorst.ee\\\/lv\\\/produkts\\\/galas-produktu-garsvielu-maisijums-pampa-300g\\\/#primaryimage\"},\"thumbnailUrl\":\"https:\\\/\\\/saksavorst.ee\\\/wp-content\\\/uploads\\\/2023\\\/02\\\/Maitseainesegu-PAMPA-1.png\",\"datePublished\":\"2017-06-12T08:40:37+00:00\",\"dateModified\":\"2025-09-16T08:23:06+00:00\",\"breadcrumb\":{\"@id\":\"https:\\\/\\\/saksavorst.ee\\\/lv\\\/produkts\\\/galas-produktu-garsvielu-maisijums-pampa-300g\\\/#breadcrumb\"},\"inLanguage\":\"lv-LV\",\"potentialAction\":[{\"@type\":\"ReadAction\",\"target\":[\"https:\\\/\\\/saksavorst.ee\\\/lv\\\/produkts\\\/galas-produktu-garsvielu-maisijums-pampa-300g\\\/\"]}]},{\"@type\":\"ImageObject\",\"inLanguage\":\"lv-LV\",\"@id\":\"https:\\\/\\\/saksavorst.ee\\\/lv\\\/produkts\\\/galas-produktu-garsvielu-maisijums-pampa-300g\\\/#primaryimage\",\"url\":\"https:\\\/\\\/saksavorst.ee\\\/wp-content\\\/uploads\\\/2023\\\/02\\\/Maitseainesegu-PAMPA-1.png\",\"contentUrl\":\"https:\\\/\\\/saksavorst.ee\\\/wp-content\\\/uploads\\\/2023\\\/02\\\/Maitseainesegu-PAMPA-1.png\",\"width\":800,\"height\":800},{\"@type\":\"BreadcrumbList\",\"@id\":\"https:\\\/\\\/saksavorst.ee\\\/lv\\\/produkts\\\/galas-produktu-garsvielu-maisijums-pampa-300g\\\/#breadcrumb\",\"itemListElement\":[{\"@type\":\"ListItem\",\"position\":1,\"name\":\"Home\",\"item\":\"https:\\\/\\\/saksavorst.ee\\\/lv\\\/\"},{\"@type\":\"ListItem\",\"position\":2,\"name\":\"Veikals\",\"item\":\"https:\\\/\\\/saksavorst.ee\\\/lv\\\/veikals\\\/\"},{\"@type\":\"ListItem\",\"position\":3,\"name\":\"Ga\u013cas produktu gar\u0161vielu mais\u012bjums PAMPA 300g\"}]},{\"@type\":\"WebSite\",\"@id\":\"https:\\\/\\\/saksavorst.ee\\\/lv\\\/#website\",\"url\":\"https:\\\/\\\/saksavorst.ee\\\/lv\\\/\",\"name\":\"Saksavorst\",\"description\":\"Feel the taste of emotions\",\"publisher\":{\"@id\":\"https:\\\/\\\/saksavorst.ee\\\/lv\\\/#organization\"},\"alternateName\":\"Veikand\",\"potentialAction\":[{\"@type\":\"SearchAction\",\"target\":{\"@type\":\"EntryPoint\",\"urlTemplate\":\"https:\\\/\\\/saksavorst.ee\\\/lv\\\/?s={search_term_string}\"},\"query-input\":{\"@type\":\"PropertyValueSpecification\",\"valueRequired\":true,\"valueName\":\"search_term_string\"}}],\"inLanguage\":\"lv-LV\"},{\"@type\":\"Organization\",\"@id\":\"https:\\\/\\\/saksavorst.ee\\\/lv\\\/#organization\",\"name\":\"Saksavorst\",\"alternateName\":\"Veikand\",\"url\":\"https:\\\/\\\/saksavorst.ee\\\/lv\\\/\",\"logo\":{\"@type\":\"ImageObject\",\"inLanguage\":\"lv-LV\",\"@id\":\"https:\\\/\\\/saksavorst.ee\\\/lv\\\/#\\\/schema\\\/logo\\\/image\\\/\",\"url\":\"https:\\\/\\\/saksavorst.ee\\\/wp-content\\\/uploads\\\/2023\\\/05\\\/veikand-logo.jpg\",\"contentUrl\":\"https:\\\/\\\/saksavorst.ee\\\/wp-content\\\/uploads\\\/2023\\\/05\\\/veikand-logo.jpg\",\"width\":217,\"height\":217,\"caption\":\"Saksavorst\"},\"image\":{\"@id\":\"https:\\\/\\\/saksavorst.ee\\\/lv\\\/#\\\/schema\\\/logo\\\/image\\\/\"},\"sameAs\":[\"https:\\\/\\\/www.facebook.com\\\/Veikand\"]}]}<\/script>\n<!-- \/ Yoast SEO plugin. -->","yoast_head_json":{"title":"Ga\u013cas produktu gar\u0161vielu mais\u012bjums PAMPA 300g - Saksavorst","robots":{"index":"index","follow":"follow","max-snippet":"max-snippet:-1","max-image-preview":"max-image-preview:large","max-video-preview":"max-video-preview:-1"},"canonical":"https:\/\/saksavorst.ee\/lv\/produkts\/galas-produktu-garsvielu-maisijums-pampa-300g\/","og_locale":"lv_LV","og_type":"article","og_title":"Ga\u013cas produktu gar\u0161vielu mais\u012bjums PAMPA 300g - Saksavorst","og_description":"Gar\u0161vielu sagatavo\u0161ana cep\u0161anai, cep\u0161anai pann\u0101, grila izstr\u0101d\u0101jumiem un \u012bpa\u0161iem \u0113dieniem.","og_url":"https:\/\/saksavorst.ee\/lv\/produkts\/galas-produktu-garsvielu-maisijums-pampa-300g\/","og_site_name":"Saksavorst","article_publisher":"https:\/\/www.facebook.com\/Veikand","article_modified_time":"2025-09-16T08:23:06+00:00","og_image":[{"width":800,"height":800,"url":"https:\/\/saksavorst.ee\/wp-content\/uploads\/2023\/02\/Maitseainesegu-PAMPA-1.png","type":"image\/png"}],"twitter_card":"summary_large_image","twitter_misc":{"Est. reading time":"1 minute"},"schema":{"@context":"https:\/\/schema.org","@graph":[{"@type":"WebPage","@id":"https:\/\/saksavorst.ee\/lv\/produkts\/galas-produktu-garsvielu-maisijums-pampa-300g\/","url":"https:\/\/saksavorst.ee\/lv\/produkts\/galas-produktu-garsvielu-maisijums-pampa-300g\/","name":"Ga\u013cas produktu gar\u0161vielu mais\u012bjums PAMPA 300g - Saksavorst","isPartOf":{"@id":"https:\/\/saksavorst.ee\/lv\/#website"},"primaryImageOfPage":{"@id":"https:\/\/saksavorst.ee\/lv\/produkts\/galas-produktu-garsvielu-maisijums-pampa-300g\/#primaryimage"},"image":{"@id":"https:\/\/saksavorst.ee\/lv\/produkts\/galas-produktu-garsvielu-maisijums-pampa-300g\/#primaryimage"},"thumbnailUrl":"https:\/\/saksavorst.ee\/wp-content\/uploads\/2023\/02\/Maitseainesegu-PAMPA-1.png","datePublished":"2017-06-12T08:40:37+00:00","dateModified":"2025-09-16T08:23:06+00:00","breadcrumb":{"@id":"https:\/\/saksavorst.ee\/lv\/produkts\/galas-produktu-garsvielu-maisijums-pampa-300g\/#breadcrumb"},"inLanguage":"lv-LV","potentialAction":[{"@type":"ReadAction","target":["https:\/\/saksavorst.ee\/lv\/produkts\/galas-produktu-garsvielu-maisijums-pampa-300g\/"]}]},{"@type":"ImageObject","inLanguage":"lv-LV","@id":"https:\/\/saksavorst.ee\/lv\/produkts\/galas-produktu-garsvielu-maisijums-pampa-300g\/#primaryimage","url":"https:\/\/saksavorst.ee\/wp-content\/uploads\/2023\/02\/Maitseainesegu-PAMPA-1.png","contentUrl":"https:\/\/saksavorst.ee\/wp-content\/uploads\/2023\/02\/Maitseainesegu-PAMPA-1.png","width":800,"height":800},{"@type":"BreadcrumbList","@id":"https:\/\/saksavorst.ee\/lv\/produkts\/galas-produktu-garsvielu-maisijums-pampa-300g\/#breadcrumb","itemListElement":[{"@type":"ListItem","position":1,"name":"Home","item":"https:\/\/saksavorst.ee\/lv\/"},{"@type":"ListItem","position":2,"name":"Veikals","item":"https:\/\/saksavorst.ee\/lv\/veikals\/"},{"@type":"ListItem","position":3,"name":"Ga\u013cas produktu gar\u0161vielu mais\u012bjums PAMPA 300g"}]},{"@type":"WebSite","@id":"https:\/\/saksavorst.ee\/lv\/#website","url":"https:\/\/saksavorst.ee\/lv\/","name":"Saksavorst","description":"Feel the taste of emotions","publisher":{"@id":"https:\/\/saksavorst.ee\/lv\/#organization"},"alternateName":"Veikand","potentialAction":[{"@type":"SearchAction","target":{"@type":"EntryPoint","urlTemplate":"https:\/\/saksavorst.ee\/lv\/?s={search_term_string}"},"query-input":{"@type":"PropertyValueSpecification","valueRequired":true,"valueName":"search_term_string"}}],"inLanguage":"lv-LV"},{"@type":"Organization","@id":"https:\/\/saksavorst.ee\/lv\/#organization","name":"Saksavorst","alternateName":"Veikand","url":"https:\/\/saksavorst.ee\/lv\/","logo":{"@type":"ImageObject","inLanguage":"lv-LV","@id":"https:\/\/saksavorst.ee\/lv\/#\/schema\/logo\/image\/","url":"https:\/\/saksavorst.ee\/wp-content\/uploads\/2023\/05\/veikand-logo.jpg","contentUrl":"https:\/\/saksavorst.ee\/wp-content\/uploads\/2023\/05\/veikand-logo.jpg","width":217,"height":217,"caption":"Saksavorst"},"image":{"@id":"https:\/\/saksavorst.ee\/lv\/#\/schema\/logo\/image\/"},"sameAs":["https:\/\/www.facebook.com\/Veikand"]}]}},"_links":{"self":[{"href":"https:\/\/saksavorst.ee\/lv\/wp-json\/wp\/v2\/product\/25827","targetHints":{"allow":["GET"]}}],"collection":[{"href":"https:\/\/saksavorst.ee\/lv\/wp-json\/wp\/v2\/product"}],"about":[{"href":"https:\/\/saksavorst.ee\/lv\/wp-json\/wp\/v2\/types\/product"}],"version-history":[{"count":1,"href":"https:\/\/saksavorst.ee\/lv\/wp-json\/wp\/v2\/product\/25827\/revisions"}],"predecessor-version":[{"id":45794,"href":"https:\/\/saksavorst.ee\/lv\/wp-json\/wp\/v2\/product\/25827\/revisions\/45794"}],"wp:featuredmedia":[{"embeddable":true,"href":"https:\/\/saksavorst.ee\/lv\/wp-json\/wp\/v2\/media\/13773"}],"wp:attachment":[{"href":"https:\/\/saksavorst.ee\/lv\/wp-json\/wp\/v2\/media?parent=25827"}],"wp:term":[{"taxonomy":"product_brand","embeddable":true,"href":"https:\/\/saksavorst.ee\/lv\/wp-json\/wp\/v2\/product_brand?post=25827"},{"taxonomy":"product_cat","embeddable":true,"href":"https:\/\/saksavorst.ee\/lv\/wp-json\/wp\/v2\/product_cat?post=25827"},{"taxonomy":"product_tag","embeddable":true,"href":"https:\/\/saksavorst.ee\/lv\/wp-json\/wp\/v2\/product_tag?post=25827"}],"curies":[{"name":"wp","href":"https:\/\/api.w.org\/{rel}","templated":true}]}}