{"id":25660,"date":"2018-06-13T13:53:18","date_gmt":"2018-06-13T11:53:18","guid":{"rendered":"https:\/\/saksavorst.ee\/?post_type=product&#038;p=25660"},"modified":"2025-07-01T15:00:18","modified_gmt":"2025-07-01T13:00:18","slug":"200x300mm-sausas-novecosanas-maisini-tublin10","status":"publish","type":"product","link":"https:\/\/saksavorst.ee\/lv\/produkts\/200x300mm-sausas-novecosanas-maisini-tublin10\/","title":{"rendered":"200x300mm saus\u0101s noveco\u0161anas maisi\u0146i Tublin\u00ae10"},"content":{"rendered":"<p>Daudzums: 5 gab<\/p>\n<p>Izm\u0113rs: 200 x 300 mm<\/p>\n<p>Biezums: 40-80 mic<\/p>\n<p>Uzglab\u0101t v\u0113s\u0101 (11-25\u00b0C), saus\u0101 un tum\u0161\u0101 viet\u0101<\/p>\n<p>Ra\u017eots: D\u0101nija<\/p>\n<p>Ra\u017eot\u0101js: Tub-Ex ApS<\/p>\n<h4>INSTRUKCIJAS:<\/h4>\n<p>Pild\u012bjums: uzpildiet maigi. Izvairieties no augsta uzpildes spiediena.<\/p>\n<p>Pirms sm\u0113\u0137\u0113\u0161anas nosusiniet.<\/p>\n<p>Uzglab\u0101\u0161ana: tum\u0161\u0101 viet\u0101, zem 25\u00b0C un 75% RH.<\/p>\n<p>Tam ir ierobe\u017eots kalpo\u0161anas laiks, un tas j\u0101izlieto viena gada laik\u0101 no izgatavo\u0161anas datuma. Rekviz\u012bti var main\u012bties, ja to glab\u0101siet ilg\u0101ku laiku.<\/p>\n<h4>K\u0101 lietot maisi\u0146u Tub-Ex Tublin\u00ae 10:<\/h4>\n<p>Izv\u0113lieties griezumu, piem\u0113ram, atkaulotu jostasvietu vai ribu, un ievietojiet to mais\u0101.<\/p>\n<p>Izmantojiet snorkel tipa vai kameras tipa vakuuma karstuma bl\u012bv\u0113t\u0101ju, lai izvilktu gaisu no maisa un nosl\u0113gtu maisu.<\/p>\n<p>Ir nepiecie\u0161ams tikai neliels vakuums, lai nodro\u0161in\u0101tu ga\u013cas saskari ar Tublin maisu.<\/p>\n<p>Uzman\u012bgi novietojiet ga\u013cu Tublin\u00ae 10 maisi\u0146\u0101 uz re\u017e\u0123a labi v\u0113din\u0101m\u0101 dzes\u0113t\u0101j\u0101 (lai novecoju\u0161ajai ga\u013cai ap to ir j\u0101b\u016bt labai gaisa pl\u016bsmai, lai t\u0101 b\u016btu pien\u0101c\u012bgi novecojusi).<\/p>\n<p>Vislab\u0101k ir likt ga\u013cas pusi uz leju un tauku pusi uz aug\u0161u.<\/p>\n<p>Pirmaj\u0101 ned\u0113\u013c\u0101 starp ga\u013cu un maisi\u0146u veidosies saite, un ga\u013cas kr\u0101sa k\u013c\u016bs tum\u0161\u0101ka.<\/p>\n<p>Ga\u013cai j\u0101b\u016bt iztur\u0113tai vismaz 21 dienu. \u0160aj\u0101 laik\u0101 tas zaud\u0113s apm\u0113ram 10 % svara. Ieteicamais noveco\u0161anas laiks ir 28 dienas. Ja ga\u013ca tiek iztur\u0113ta ilg\u0101k (vair\u0101k nek\u0101 35 dienas), t\u0101 ir piln\u012bb\u0101 \u0113dama, ta\u010du ar laiku zaud\u0113 savu sul\u012bgumu un gar\u0161as \u012bpa\u0161\u012bbas k\u013c\u016bst rakstur\u012bgas s\u0101l\u012btai ga\u013cai.<\/p>\n<p>P\u0113c v\u0113lam\u0101 nogatavin\u0101\u0161anas perioda beig\u0101m ga\u013cu var iz\u0146emt no maisa un pirms sagrie\u0161anas steikos ir j\u0101apgrie\u017e \u0101r\u0113j\u0101 saciet\u0113jus\u012b virsma.<\/p>\n","protected":false},"excerpt":{"rendered":"<p>Saus\u0101s noveco\u0161anas maisi j\u0113las ga\u013cas nogatavin\u0101\u0161anai.<\/p>\n","protected":false},"featured_media":39489,"template":"","meta":{"_acf_changed":false},"product_brand":[],"product_cat":[352,356,357],"product_tag":[],"class_list":{"0":"post-25660","1":"product","2":"type-product","3":"status-publish","4":"has-post-thumbnail","6":"product_cat-iepakojums","7":"product_cat-vakuuma-maisini","8":"product_cat-sausas-novecosanas-maisini","10":"first","11":"instock","12":"taxable","13":"shipping-taxable","14":"purchasable","15":"product-type-simple"},"acf":[],"yoast_head":"<!-- This site is optimized with the Yoast SEO plugin v27.3 - https:\/\/yoast.com\/product\/yoast-seo-wordpress\/ -->\n<title>200x300mm saus\u0101s noveco\u0161anas maisi\u0146i Tublin\u00ae10 - Saksavorst<\/title>\n<meta name=\"robots\" content=\"index, follow, max-snippet:-1, max-image-preview:large, max-video-preview:-1\" \/>\n<link rel=\"canonical\" href=\"https:\/\/saksavorst.ee\/lv\/produkts\/200x300mm-sausas-novecosanas-maisini-tublin10\/\" \/>\n<meta property=\"og:locale\" content=\"lv_LV\" \/>\n<meta property=\"og:type\" content=\"article\" \/>\n<meta property=\"og:title\" content=\"200x300mm saus\u0101s noveco\u0161anas maisi\u0146i Tublin\u00ae10 - Saksavorst\" \/>\n<meta property=\"og:description\" content=\"Saus\u0101s noveco\u0161anas maisi j\u0113las ga\u013cas nogatavin\u0101\u0161anai.\" \/>\n<meta property=\"og:url\" content=\"https:\/\/saksavorst.ee\/lv\/produkts\/200x300mm-sausas-novecosanas-maisini-tublin10\/\" \/>\n<meta property=\"og:site_name\" content=\"Saksavorst\" \/>\n<meta property=\"article:publisher\" content=\"https:\/\/www.facebook.com\/Veikand\" \/>\n<meta property=\"article:modified_time\" content=\"2025-07-01T13:00:18+00:00\" \/>\n<meta property=\"og:image\" content=\"https:\/\/saksavorst.ee\/wp-content\/uploads\/2018\/06\/200x300mm-kuivlaagerdus-vaakumkotid-tublin\u00ae10-5tk-1.png\" \/>\n\t<meta property=\"og:image:width\" content=\"800\" \/>\n\t<meta property=\"og:image:height\" content=\"800\" \/>\n\t<meta property=\"og:image:type\" content=\"image\/png\" \/>\n<meta name=\"twitter:card\" content=\"summary_large_image\" \/>\n<meta name=\"twitter:label1\" content=\"Est. reading time\" \/>\n\t<meta name=\"twitter:data1\" content=\"2 minutes\" \/>\n<script type=\"application\/ld+json\" class=\"yoast-schema-graph\">{\"@context\":\"https:\\\/\\\/schema.org\",\"@graph\":[{\"@type\":\"WebPage\",\"@id\":\"https:\\\/\\\/saksavorst.ee\\\/lv\\\/produkts\\\/200x300mm-sausas-novecosanas-maisini-tublin10\\\/\",\"url\":\"https:\\\/\\\/saksavorst.ee\\\/lv\\\/produkts\\\/200x300mm-sausas-novecosanas-maisini-tublin10\\\/\",\"name\":\"200x300mm saus\u0101s noveco\u0161anas maisi\u0146i Tublin\u00ae10 - Saksavorst\",\"isPartOf\":{\"@id\":\"https:\\\/\\\/saksavorst.ee\\\/lv\\\/#website\"},\"primaryImageOfPage\":{\"@id\":\"https:\\\/\\\/saksavorst.ee\\\/lv\\\/produkts\\\/200x300mm-sausas-novecosanas-maisini-tublin10\\\/#primaryimage\"},\"image\":{\"@id\":\"https:\\\/\\\/saksavorst.ee\\\/lv\\\/produkts\\\/200x300mm-sausas-novecosanas-maisini-tublin10\\\/#primaryimage\"},\"thumbnailUrl\":\"https:\\\/\\\/saksavorst.ee\\\/wp-content\\\/uploads\\\/2018\\\/06\\\/200x300mm-kuivlaagerdus-vaakumkotid-tublin\u00ae10-5tk-1.png\",\"datePublished\":\"2018-06-13T11:53:18+00:00\",\"dateModified\":\"2025-07-01T13:00:18+00:00\",\"breadcrumb\":{\"@id\":\"https:\\\/\\\/saksavorst.ee\\\/lv\\\/produkts\\\/200x300mm-sausas-novecosanas-maisini-tublin10\\\/#breadcrumb\"},\"inLanguage\":\"lv-LV\",\"potentialAction\":[{\"@type\":\"ReadAction\",\"target\":[\"https:\\\/\\\/saksavorst.ee\\\/lv\\\/produkts\\\/200x300mm-sausas-novecosanas-maisini-tublin10\\\/\"]}]},{\"@type\":\"ImageObject\",\"inLanguage\":\"lv-LV\",\"@id\":\"https:\\\/\\\/saksavorst.ee\\\/lv\\\/produkts\\\/200x300mm-sausas-novecosanas-maisini-tublin10\\\/#primaryimage\",\"url\":\"https:\\\/\\\/saksavorst.ee\\\/wp-content\\\/uploads\\\/2018\\\/06\\\/200x300mm-kuivlaagerdus-vaakumkotid-tublin\u00ae10-5tk-1.png\",\"contentUrl\":\"https:\\\/\\\/saksavorst.ee\\\/wp-content\\\/uploads\\\/2018\\\/06\\\/200x300mm-kuivlaagerdus-vaakumkotid-tublin\u00ae10-5tk-1.png\",\"width\":800,\"height\":800},{\"@type\":\"BreadcrumbList\",\"@id\":\"https:\\\/\\\/saksavorst.ee\\\/lv\\\/produkts\\\/200x300mm-sausas-novecosanas-maisini-tublin10\\\/#breadcrumb\",\"itemListElement\":[{\"@type\":\"ListItem\",\"position\":1,\"name\":\"Home\",\"item\":\"https:\\\/\\\/saksavorst.ee\\\/lv\\\/\"},{\"@type\":\"ListItem\",\"position\":2,\"name\":\"Veikals\",\"item\":\"https:\\\/\\\/saksavorst.ee\\\/lv\\\/veikals\\\/\"},{\"@type\":\"ListItem\",\"position\":3,\"name\":\"200x300mm saus\u0101s noveco\u0161anas maisi\u0146i Tublin\u00ae10\"}]},{\"@type\":\"WebSite\",\"@id\":\"https:\\\/\\\/saksavorst.ee\\\/lv\\\/#website\",\"url\":\"https:\\\/\\\/saksavorst.ee\\\/lv\\\/\",\"name\":\"Saksavorst\",\"description\":\"Feel the taste of emotions\",\"publisher\":{\"@id\":\"https:\\\/\\\/saksavorst.ee\\\/lv\\\/#organization\"},\"alternateName\":\"Veikand\",\"potentialAction\":[{\"@type\":\"SearchAction\",\"target\":{\"@type\":\"EntryPoint\",\"urlTemplate\":\"https:\\\/\\\/saksavorst.ee\\\/lv\\\/?s={search_term_string}\"},\"query-input\":{\"@type\":\"PropertyValueSpecification\",\"valueRequired\":true,\"valueName\":\"search_term_string\"}}],\"inLanguage\":\"lv-LV\"},{\"@type\":\"Organization\",\"@id\":\"https:\\\/\\\/saksavorst.ee\\\/lv\\\/#organization\",\"name\":\"Saksavorst\",\"alternateName\":\"Veikand\",\"url\":\"https:\\\/\\\/saksavorst.ee\\\/lv\\\/\",\"logo\":{\"@type\":\"ImageObject\",\"inLanguage\":\"lv-LV\",\"@id\":\"https:\\\/\\\/saksavorst.ee\\\/lv\\\/#\\\/schema\\\/logo\\\/image\\\/\",\"url\":\"https:\\\/\\\/saksavorst.ee\\\/wp-content\\\/uploads\\\/2023\\\/05\\\/veikand-logo.jpg\",\"contentUrl\":\"https:\\\/\\\/saksavorst.ee\\\/wp-content\\\/uploads\\\/2023\\\/05\\\/veikand-logo.jpg\",\"width\":217,\"height\":217,\"caption\":\"Saksavorst\"},\"image\":{\"@id\":\"https:\\\/\\\/saksavorst.ee\\\/lv\\\/#\\\/schema\\\/logo\\\/image\\\/\"},\"sameAs\":[\"https:\\\/\\\/www.facebook.com\\\/Veikand\"]}]}<\/script>\n<!-- \/ Yoast SEO plugin. -->","yoast_head_json":{"title":"200x300mm saus\u0101s noveco\u0161anas maisi\u0146i Tublin\u00ae10 - Saksavorst","robots":{"index":"index","follow":"follow","max-snippet":"max-snippet:-1","max-image-preview":"max-image-preview:large","max-video-preview":"max-video-preview:-1"},"canonical":"https:\/\/saksavorst.ee\/lv\/produkts\/200x300mm-sausas-novecosanas-maisini-tublin10\/","og_locale":"lv_LV","og_type":"article","og_title":"200x300mm saus\u0101s noveco\u0161anas maisi\u0146i Tublin\u00ae10 - Saksavorst","og_description":"Saus\u0101s noveco\u0161anas maisi j\u0113las ga\u013cas nogatavin\u0101\u0161anai.","og_url":"https:\/\/saksavorst.ee\/lv\/produkts\/200x300mm-sausas-novecosanas-maisini-tublin10\/","og_site_name":"Saksavorst","article_publisher":"https:\/\/www.facebook.com\/Veikand","article_modified_time":"2025-07-01T13:00:18+00:00","og_image":[{"width":800,"height":800,"url":"https:\/\/saksavorst.ee\/wp-content\/uploads\/2018\/06\/200x300mm-kuivlaagerdus-vaakumkotid-tublin\u00ae10-5tk-1.png","type":"image\/png"}],"twitter_card":"summary_large_image","twitter_misc":{"Est. reading time":"2 minutes"},"schema":{"@context":"https:\/\/schema.org","@graph":[{"@type":"WebPage","@id":"https:\/\/saksavorst.ee\/lv\/produkts\/200x300mm-sausas-novecosanas-maisini-tublin10\/","url":"https:\/\/saksavorst.ee\/lv\/produkts\/200x300mm-sausas-novecosanas-maisini-tublin10\/","name":"200x300mm saus\u0101s noveco\u0161anas maisi\u0146i Tublin\u00ae10 - Saksavorst","isPartOf":{"@id":"https:\/\/saksavorst.ee\/lv\/#website"},"primaryImageOfPage":{"@id":"https:\/\/saksavorst.ee\/lv\/produkts\/200x300mm-sausas-novecosanas-maisini-tublin10\/#primaryimage"},"image":{"@id":"https:\/\/saksavorst.ee\/lv\/produkts\/200x300mm-sausas-novecosanas-maisini-tublin10\/#primaryimage"},"thumbnailUrl":"https:\/\/saksavorst.ee\/wp-content\/uploads\/2018\/06\/200x300mm-kuivlaagerdus-vaakumkotid-tublin\u00ae10-5tk-1.png","datePublished":"2018-06-13T11:53:18+00:00","dateModified":"2025-07-01T13:00:18+00:00","breadcrumb":{"@id":"https:\/\/saksavorst.ee\/lv\/produkts\/200x300mm-sausas-novecosanas-maisini-tublin10\/#breadcrumb"},"inLanguage":"lv-LV","potentialAction":[{"@type":"ReadAction","target":["https:\/\/saksavorst.ee\/lv\/produkts\/200x300mm-sausas-novecosanas-maisini-tublin10\/"]}]},{"@type":"ImageObject","inLanguage":"lv-LV","@id":"https:\/\/saksavorst.ee\/lv\/produkts\/200x300mm-sausas-novecosanas-maisini-tublin10\/#primaryimage","url":"https:\/\/saksavorst.ee\/wp-content\/uploads\/2018\/06\/200x300mm-kuivlaagerdus-vaakumkotid-tublin\u00ae10-5tk-1.png","contentUrl":"https:\/\/saksavorst.ee\/wp-content\/uploads\/2018\/06\/200x300mm-kuivlaagerdus-vaakumkotid-tublin\u00ae10-5tk-1.png","width":800,"height":800},{"@type":"BreadcrumbList","@id":"https:\/\/saksavorst.ee\/lv\/produkts\/200x300mm-sausas-novecosanas-maisini-tublin10\/#breadcrumb","itemListElement":[{"@type":"ListItem","position":1,"name":"Home","item":"https:\/\/saksavorst.ee\/lv\/"},{"@type":"ListItem","position":2,"name":"Veikals","item":"https:\/\/saksavorst.ee\/lv\/veikals\/"},{"@type":"ListItem","position":3,"name":"200x300mm saus\u0101s noveco\u0161anas maisi\u0146i Tublin\u00ae10"}]},{"@type":"WebSite","@id":"https:\/\/saksavorst.ee\/lv\/#website","url":"https:\/\/saksavorst.ee\/lv\/","name":"Saksavorst","description":"Feel the taste of emotions","publisher":{"@id":"https:\/\/saksavorst.ee\/lv\/#organization"},"alternateName":"Veikand","potentialAction":[{"@type":"SearchAction","target":{"@type":"EntryPoint","urlTemplate":"https:\/\/saksavorst.ee\/lv\/?s={search_term_string}"},"query-input":{"@type":"PropertyValueSpecification","valueRequired":true,"valueName":"search_term_string"}}],"inLanguage":"lv-LV"},{"@type":"Organization","@id":"https:\/\/saksavorst.ee\/lv\/#organization","name":"Saksavorst","alternateName":"Veikand","url":"https:\/\/saksavorst.ee\/lv\/","logo":{"@type":"ImageObject","inLanguage":"lv-LV","@id":"https:\/\/saksavorst.ee\/lv\/#\/schema\/logo\/image\/","url":"https:\/\/saksavorst.ee\/wp-content\/uploads\/2023\/05\/veikand-logo.jpg","contentUrl":"https:\/\/saksavorst.ee\/wp-content\/uploads\/2023\/05\/veikand-logo.jpg","width":217,"height":217,"caption":"Saksavorst"},"image":{"@id":"https:\/\/saksavorst.ee\/lv\/#\/schema\/logo\/image\/"},"sameAs":["https:\/\/www.facebook.com\/Veikand"]}]}},"_links":{"self":[{"href":"https:\/\/saksavorst.ee\/lv\/wp-json\/wp\/v2\/product\/25660","targetHints":{"allow":["GET"]}}],"collection":[{"href":"https:\/\/saksavorst.ee\/lv\/wp-json\/wp\/v2\/product"}],"about":[{"href":"https:\/\/saksavorst.ee\/lv\/wp-json\/wp\/v2\/types\/product"}],"version-history":[{"count":1,"href":"https:\/\/saksavorst.ee\/lv\/wp-json\/wp\/v2\/product\/25660\/revisions"}],"predecessor-version":[{"id":42596,"href":"https:\/\/saksavorst.ee\/lv\/wp-json\/wp\/v2\/product\/25660\/revisions\/42596"}],"wp:featuredmedia":[{"embeddable":true,"href":"https:\/\/saksavorst.ee\/lv\/wp-json\/wp\/v2\/media\/39489"}],"wp:attachment":[{"href":"https:\/\/saksavorst.ee\/lv\/wp-json\/wp\/v2\/media?parent=25660"}],"wp:term":[{"taxonomy":"product_brand","embeddable":true,"href":"https:\/\/saksavorst.ee\/lv\/wp-json\/wp\/v2\/product_brand?post=25660"},{"taxonomy":"product_cat","embeddable":true,"href":"https:\/\/saksavorst.ee\/lv\/wp-json\/wp\/v2\/product_cat?post=25660"},{"taxonomy":"product_tag","embeddable":true,"href":"https:\/\/saksavorst.ee\/lv\/wp-json\/wp\/v2\/product_tag?post=25660"}],"curies":[{"name":"wp","href":"https:\/\/api.w.org\/{rel}","templated":true}]}}