{"id":21251,"date":"2014-04-11T06:13:02","date_gmt":"2014-04-11T04:13:02","guid":{"rendered":"https:\/\/saksavorst.ee\/product\/magnetiskais-turetajs-naziem-80-750-30-melns\/"},"modified":"2025-09-19T14:36:39","modified_gmt":"2025-09-19T12:36:39","slug":"magnetiskais-turetajs-naziem-80-750-30-melns","status":"publish","type":"product","link":"https:\/\/saksavorst.ee\/lv\/produkts\/magnetiskais-turetajs-naziem-80-750-30-melns\/","title":{"rendered":"Magn\u0113tiskais tur\u0113t\u0101js na\u017eiem 80.750.30 melns"},"content":{"rendered":"<p>Kr\u0101sa: melna<\/p>\n<p>Kods: 80.750.30<\/p>\n<p>Produkta garums: 335 mm<\/p>\n<p>Magn\u0113ta garums: 300 mm<\/p>\n<p>Svars: 295 g<\/p>\n<p>Ra\u017eot\u0101js: Eicker Messer<\/p>\n","protected":false},"excerpt":{"rendered":"<p>Kr\u0101sa: melna Kods: 80.750.30 Produkta garums: 335 mm Magn\u0113ta garums: 300 mm Svars: 295 g Ra\u017eot\u0101js: Eicker Messer<\/p>\n","protected":false},"featured_media":24121,"template":"","meta":{"_acf_changed":false},"product_brand":[],"product_cat":[346,347],"product_tag":[],"class_list":{"0":"post-21251","1":"product","2":"type-product","3":"status-publish","4":"has-post-thumbnail","6":"product_cat-nazi-un-aksesuari","7":"product_cat-paliglidzekli-nazi-un-piederumi","9":"first","10":"instock","11":"taxable","12":"shipping-taxable","13":"purchasable","14":"product-type-simple"},"acf":[],"yoast_head":"<!-- This site is optimized with the Yoast SEO plugin v27.3 - https:\/\/yoast.com\/product\/yoast-seo-wordpress\/ -->\n<title>Magn\u0113tiskais tur\u0113t\u0101js na\u017eiem 80.750.30 melns - Saksavorst<\/title>\n<meta name=\"robots\" content=\"index, follow, max-snippet:-1, max-image-preview:large, max-video-preview:-1\" \/>\n<link rel=\"canonical\" href=\"https:\/\/saksavorst.ee\/lv\/produkts\/magnetiskais-turetajs-naziem-80-750-30-melns\/\" \/>\n<meta property=\"og:locale\" content=\"lv_LV\" \/>\n<meta property=\"og:type\" content=\"article\" \/>\n<meta property=\"og:title\" content=\"Magn\u0113tiskais tur\u0113t\u0101js na\u017eiem 80.750.30 melns - Saksavorst\" \/>\n<meta property=\"og:description\" content=\"Kr\u0101sa: melna Kods: 80.750.30 Produkta garums: 335 mm Magn\u0113ta garums: 300 mm Svars: 295 g Ra\u017eot\u0101js: Eicker Messer\" \/>\n<meta property=\"og:url\" content=\"https:\/\/saksavorst.ee\/lv\/produkts\/magnetiskais-turetajs-naziem-80-750-30-melns\/\" \/>\n<meta property=\"og:site_name\" content=\"Saksavorst\" \/>\n<meta property=\"article:publisher\" content=\"https:\/\/www.facebook.com\/Veikand\" \/>\n<meta property=\"article:modified_time\" content=\"2025-09-19T12:36:39+00:00\" \/>\n<meta property=\"og:image\" content=\"https:\/\/saksavorst.ee\/wp-content\/uploads\/2014\/04\/Magnethoidja-nugadele-80.750.30-must.png\" \/>\n\t<meta property=\"og:image:width\" content=\"800\" \/>\n\t<meta property=\"og:image:height\" content=\"799\" \/>\n\t<meta property=\"og:image:type\" content=\"image\/png\" \/>\n<meta name=\"twitter:card\" content=\"summary_large_image\" \/>\n<meta name=\"twitter:label1\" content=\"Est. reading time\" \/>\n\t<meta name=\"twitter:data1\" content=\"1 minute\" \/>\n<script type=\"application\/ld+json\" class=\"yoast-schema-graph\">{\"@context\":\"https:\\\/\\\/schema.org\",\"@graph\":[{\"@type\":\"WebPage\",\"@id\":\"https:\\\/\\\/saksavorst.ee\\\/lv\\\/produkts\\\/magnetiskais-turetajs-naziem-80-750-30-melns\\\/\",\"url\":\"https:\\\/\\\/saksavorst.ee\\\/lv\\\/produkts\\\/magnetiskais-turetajs-naziem-80-750-30-melns\\\/\",\"name\":\"Magn\u0113tiskais tur\u0113t\u0101js na\u017eiem 80.750.30 melns - Saksavorst\",\"isPartOf\":{\"@id\":\"https:\\\/\\\/saksavorst.ee\\\/lv\\\/#website\"},\"primaryImageOfPage\":{\"@id\":\"https:\\\/\\\/saksavorst.ee\\\/lv\\\/produkts\\\/magnetiskais-turetajs-naziem-80-750-30-melns\\\/#primaryimage\"},\"image\":{\"@id\":\"https:\\\/\\\/saksavorst.ee\\\/lv\\\/produkts\\\/magnetiskais-turetajs-naziem-80-750-30-melns\\\/#primaryimage\"},\"thumbnailUrl\":\"https:\\\/\\\/saksavorst.ee\\\/wp-content\\\/uploads\\\/2014\\\/04\\\/Magnethoidja-nugadele-80.750.30-must.png\",\"datePublished\":\"2014-04-11T04:13:02+00:00\",\"dateModified\":\"2025-09-19T12:36:39+00:00\",\"breadcrumb\":{\"@id\":\"https:\\\/\\\/saksavorst.ee\\\/lv\\\/produkts\\\/magnetiskais-turetajs-naziem-80-750-30-melns\\\/#breadcrumb\"},\"inLanguage\":\"lv-LV\",\"potentialAction\":[{\"@type\":\"ReadAction\",\"target\":[\"https:\\\/\\\/saksavorst.ee\\\/lv\\\/produkts\\\/magnetiskais-turetajs-naziem-80-750-30-melns\\\/\"]}]},{\"@type\":\"ImageObject\",\"inLanguage\":\"lv-LV\",\"@id\":\"https:\\\/\\\/saksavorst.ee\\\/lv\\\/produkts\\\/magnetiskais-turetajs-naziem-80-750-30-melns\\\/#primaryimage\",\"url\":\"https:\\\/\\\/saksavorst.ee\\\/wp-content\\\/uploads\\\/2014\\\/04\\\/Magnethoidja-nugadele-80.750.30-must.png\",\"contentUrl\":\"https:\\\/\\\/saksavorst.ee\\\/wp-content\\\/uploads\\\/2014\\\/04\\\/Magnethoidja-nugadele-80.750.30-must.png\",\"width\":800,\"height\":799},{\"@type\":\"BreadcrumbList\",\"@id\":\"https:\\\/\\\/saksavorst.ee\\\/lv\\\/produkts\\\/magnetiskais-turetajs-naziem-80-750-30-melns\\\/#breadcrumb\",\"itemListElement\":[{\"@type\":\"ListItem\",\"position\":1,\"name\":\"Home\",\"item\":\"https:\\\/\\\/saksavorst.ee\\\/lv\\\/\"},{\"@type\":\"ListItem\",\"position\":2,\"name\":\"Veikals\",\"item\":\"https:\\\/\\\/saksavorst.ee\\\/lv\\\/veikals\\\/\"},{\"@type\":\"ListItem\",\"position\":3,\"name\":\"Magn\u0113tiskais tur\u0113t\u0101js na\u017eiem 80.750.30 melns\"}]},{\"@type\":\"WebSite\",\"@id\":\"https:\\\/\\\/saksavorst.ee\\\/lv\\\/#website\",\"url\":\"https:\\\/\\\/saksavorst.ee\\\/lv\\\/\",\"name\":\"Saksavorst\",\"description\":\"Feel the taste of emotions\",\"publisher\":{\"@id\":\"https:\\\/\\\/saksavorst.ee\\\/lv\\\/#organization\"},\"alternateName\":\"Veikand\",\"potentialAction\":[{\"@type\":\"SearchAction\",\"target\":{\"@type\":\"EntryPoint\",\"urlTemplate\":\"https:\\\/\\\/saksavorst.ee\\\/lv\\\/?s={search_term_string}\"},\"query-input\":{\"@type\":\"PropertyValueSpecification\",\"valueRequired\":true,\"valueName\":\"search_term_string\"}}],\"inLanguage\":\"lv-LV\"},{\"@type\":\"Organization\",\"@id\":\"https:\\\/\\\/saksavorst.ee\\\/lv\\\/#organization\",\"name\":\"Saksavorst\",\"alternateName\":\"Veikand\",\"url\":\"https:\\\/\\\/saksavorst.ee\\\/lv\\\/\",\"logo\":{\"@type\":\"ImageObject\",\"inLanguage\":\"lv-LV\",\"@id\":\"https:\\\/\\\/saksavorst.ee\\\/lv\\\/#\\\/schema\\\/logo\\\/image\\\/\",\"url\":\"https:\\\/\\\/saksavorst.ee\\\/wp-content\\\/uploads\\\/2023\\\/05\\\/veikand-logo.jpg\",\"contentUrl\":\"https:\\\/\\\/saksavorst.ee\\\/wp-content\\\/uploads\\\/2023\\\/05\\\/veikand-logo.jpg\",\"width\":217,\"height\":217,\"caption\":\"Saksavorst\"},\"image\":{\"@id\":\"https:\\\/\\\/saksavorst.ee\\\/lv\\\/#\\\/schema\\\/logo\\\/image\\\/\"},\"sameAs\":[\"https:\\\/\\\/www.facebook.com\\\/Veikand\"]}]}<\/script>\n<!-- \/ Yoast SEO plugin. -->","yoast_head_json":{"title":"Magn\u0113tiskais tur\u0113t\u0101js na\u017eiem 80.750.30 melns - Saksavorst","robots":{"index":"index","follow":"follow","max-snippet":"max-snippet:-1","max-image-preview":"max-image-preview:large","max-video-preview":"max-video-preview:-1"},"canonical":"https:\/\/saksavorst.ee\/lv\/produkts\/magnetiskais-turetajs-naziem-80-750-30-melns\/","og_locale":"lv_LV","og_type":"article","og_title":"Magn\u0113tiskais tur\u0113t\u0101js na\u017eiem 80.750.30 melns - Saksavorst","og_description":"Kr\u0101sa: melna Kods: 80.750.30 Produkta garums: 335 mm Magn\u0113ta garums: 300 mm Svars: 295 g Ra\u017eot\u0101js: Eicker Messer","og_url":"https:\/\/saksavorst.ee\/lv\/produkts\/magnetiskais-turetajs-naziem-80-750-30-melns\/","og_site_name":"Saksavorst","article_publisher":"https:\/\/www.facebook.com\/Veikand","article_modified_time":"2025-09-19T12:36:39+00:00","og_image":[{"width":800,"height":799,"url":"https:\/\/saksavorst.ee\/wp-content\/uploads\/2014\/04\/Magnethoidja-nugadele-80.750.30-must.png","type":"image\/png"}],"twitter_card":"summary_large_image","twitter_misc":{"Est. reading time":"1 minute"},"schema":{"@context":"https:\/\/schema.org","@graph":[{"@type":"WebPage","@id":"https:\/\/saksavorst.ee\/lv\/produkts\/magnetiskais-turetajs-naziem-80-750-30-melns\/","url":"https:\/\/saksavorst.ee\/lv\/produkts\/magnetiskais-turetajs-naziem-80-750-30-melns\/","name":"Magn\u0113tiskais tur\u0113t\u0101js na\u017eiem 80.750.30 melns - Saksavorst","isPartOf":{"@id":"https:\/\/saksavorst.ee\/lv\/#website"},"primaryImageOfPage":{"@id":"https:\/\/saksavorst.ee\/lv\/produkts\/magnetiskais-turetajs-naziem-80-750-30-melns\/#primaryimage"},"image":{"@id":"https:\/\/saksavorst.ee\/lv\/produkts\/magnetiskais-turetajs-naziem-80-750-30-melns\/#primaryimage"},"thumbnailUrl":"https:\/\/saksavorst.ee\/wp-content\/uploads\/2014\/04\/Magnethoidja-nugadele-80.750.30-must.png","datePublished":"2014-04-11T04:13:02+00:00","dateModified":"2025-09-19T12:36:39+00:00","breadcrumb":{"@id":"https:\/\/saksavorst.ee\/lv\/produkts\/magnetiskais-turetajs-naziem-80-750-30-melns\/#breadcrumb"},"inLanguage":"lv-LV","potentialAction":[{"@type":"ReadAction","target":["https:\/\/saksavorst.ee\/lv\/produkts\/magnetiskais-turetajs-naziem-80-750-30-melns\/"]}]},{"@type":"ImageObject","inLanguage":"lv-LV","@id":"https:\/\/saksavorst.ee\/lv\/produkts\/magnetiskais-turetajs-naziem-80-750-30-melns\/#primaryimage","url":"https:\/\/saksavorst.ee\/wp-content\/uploads\/2014\/04\/Magnethoidja-nugadele-80.750.30-must.png","contentUrl":"https:\/\/saksavorst.ee\/wp-content\/uploads\/2014\/04\/Magnethoidja-nugadele-80.750.30-must.png","width":800,"height":799},{"@type":"BreadcrumbList","@id":"https:\/\/saksavorst.ee\/lv\/produkts\/magnetiskais-turetajs-naziem-80-750-30-melns\/#breadcrumb","itemListElement":[{"@type":"ListItem","position":1,"name":"Home","item":"https:\/\/saksavorst.ee\/lv\/"},{"@type":"ListItem","position":2,"name":"Veikals","item":"https:\/\/saksavorst.ee\/lv\/veikals\/"},{"@type":"ListItem","position":3,"name":"Magn\u0113tiskais tur\u0113t\u0101js na\u017eiem 80.750.30 melns"}]},{"@type":"WebSite","@id":"https:\/\/saksavorst.ee\/lv\/#website","url":"https:\/\/saksavorst.ee\/lv\/","name":"Saksavorst","description":"Feel the taste of emotions","publisher":{"@id":"https:\/\/saksavorst.ee\/lv\/#organization"},"alternateName":"Veikand","potentialAction":[{"@type":"SearchAction","target":{"@type":"EntryPoint","urlTemplate":"https:\/\/saksavorst.ee\/lv\/?s={search_term_string}"},"query-input":{"@type":"PropertyValueSpecification","valueRequired":true,"valueName":"search_term_string"}}],"inLanguage":"lv-LV"},{"@type":"Organization","@id":"https:\/\/saksavorst.ee\/lv\/#organization","name":"Saksavorst","alternateName":"Veikand","url":"https:\/\/saksavorst.ee\/lv\/","logo":{"@type":"ImageObject","inLanguage":"lv-LV","@id":"https:\/\/saksavorst.ee\/lv\/#\/schema\/logo\/image\/","url":"https:\/\/saksavorst.ee\/wp-content\/uploads\/2023\/05\/veikand-logo.jpg","contentUrl":"https:\/\/saksavorst.ee\/wp-content\/uploads\/2023\/05\/veikand-logo.jpg","width":217,"height":217,"caption":"Saksavorst"},"image":{"@id":"https:\/\/saksavorst.ee\/lv\/#\/schema\/logo\/image\/"},"sameAs":["https:\/\/www.facebook.com\/Veikand"]}]}},"_links":{"self":[{"href":"https:\/\/saksavorst.ee\/lv\/wp-json\/wp\/v2\/product\/21251","targetHints":{"allow":["GET"]}}],"collection":[{"href":"https:\/\/saksavorst.ee\/lv\/wp-json\/wp\/v2\/product"}],"about":[{"href":"https:\/\/saksavorst.ee\/lv\/wp-json\/wp\/v2\/types\/product"}],"version-history":[{"count":1,"href":"https:\/\/saksavorst.ee\/lv\/wp-json\/wp\/v2\/product\/21251\/revisions"}],"predecessor-version":[{"id":46138,"href":"https:\/\/saksavorst.ee\/lv\/wp-json\/wp\/v2\/product\/21251\/revisions\/46138"}],"wp:featuredmedia":[{"embeddable":true,"href":"https:\/\/saksavorst.ee\/lv\/wp-json\/wp\/v2\/media\/24121"}],"wp:attachment":[{"href":"https:\/\/saksavorst.ee\/lv\/wp-json\/wp\/v2\/media?parent=21251"}],"wp:term":[{"taxonomy":"product_brand","embeddable":true,"href":"https:\/\/saksavorst.ee\/lv\/wp-json\/wp\/v2\/product_brand?post=21251"},{"taxonomy":"product_cat","embeddable":true,"href":"https:\/\/saksavorst.ee\/lv\/wp-json\/wp\/v2\/product_cat?post=21251"},{"taxonomy":"product_tag","embeddable":true,"href":"https:\/\/saksavorst.ee\/lv\/wp-json\/wp\/v2\/product_tag?post=21251"}],"curies":[{"name":"wp","href":"https:\/\/api.w.org\/{rel}","templated":true}]}}