{"id":21205,"date":"2014-08-01T18:43:22","date_gmt":"2014-08-01T16:43:22","guid":{"rendered":"https:\/\/saksavorst.ee\/product\/maisu-metinasanas-iekarta-frm-980-i\/"},"modified":"2025-09-19T13:41:07","modified_gmt":"2025-09-19T11:41:07","slug":"maisu-metinasanas-iekarta-frm-980-i","status":"publish","type":"product","link":"https:\/\/saksavorst.ee\/lv\/produkts\/maisu-metinasanas-iekarta-frm-980-i\/","title":{"rendered":"Maisu metin\u0101\u0161anas iek\u0101rta FRM-980 I"},"content":{"rendered":"<p>Ra\u017eot\u0101js: Hualian Machinery<\/p>\n<p>Tips\/modelis: FRM-980 I<\/p>\n<p>Ner\u016bs\u0113jo\u0161ais<\/p>\n<p>Elektr\u012bba: 230 V \/ 50 Hz<\/p>\n<p>Dzin\u0113ja jauda: 50 W<\/p>\n<p>Metin\u0101\u0161anas jauda: 2 x 300 W<\/p>\n<p>Metin\u0101\u0161anas lentes \u0101trums: 0\u201312 m\/min<\/p>\n<p>Metin\u0101\u0161anas lentes platums: 8 mm, 10 mm<\/p>\n<p>Temperat\u016bras diapazons: 0\u2013300 \u00b0C<\/p>\n<p>Augstums no metin\u0101\u0161anas lentes: 10\u201340 mm<\/p>\n<p>Galda izm\u0113ri: 930 x 150 mm<\/p>\n<p>\u0100r\u0113jie izm\u0113ri G x Pl x A: 955 x 470 x 420 mm<\/p>\n<p>Svars: 45 kg<\/p>\n","protected":false},"excerpt":{"rendered":"<p>Ar \u0161o ier\u012bci ir iesp\u0113jams iepakot kalt\u0113tus, v\u012btin\u0101tus produktus dabisk\u0101 vid\u0113 bez vakuuma, nepiecie\u0161am\u012bbas gad\u012bjum\u0101 izmantojot br\u012bv\u0101 sk\u0101bek\u013ca saistvielu.<\/p>\n","protected":false},"featured_media":34680,"template":"","meta":{"_acf_changed":false},"product_brand":[],"product_cat":[333,334,340],"product_tag":[],"class_list":{"0":"post-21205","1":"product","2":"type-product","3":"status-publish","4":"has-post-thumbnail","6":"product_cat-aprikojums","7":"product_cat-visi-produkti","8":"product_cat-iepakosanas-aprikojums","10":"first","11":"instock","12":"taxable","13":"shipping-taxable","14":"purchasable","15":"product-type-simple"},"acf":[],"yoast_head":"<!-- This site is optimized with the Yoast SEO plugin v27.3 - https:\/\/yoast.com\/product\/yoast-seo-wordpress\/ -->\n<title>Maisu metin\u0101\u0161anas iek\u0101rta FRM-980 I - Saksavorst<\/title>\n<meta name=\"robots\" content=\"index, follow, max-snippet:-1, max-image-preview:large, max-video-preview:-1\" \/>\n<link rel=\"canonical\" href=\"https:\/\/saksavorst.ee\/lv\/produkts\/maisu-metinasanas-iekarta-frm-980-i\/\" \/>\n<meta property=\"og:locale\" content=\"lv_LV\" \/>\n<meta property=\"og:type\" content=\"article\" \/>\n<meta property=\"og:title\" content=\"Maisu metin\u0101\u0161anas iek\u0101rta FRM-980 I - Saksavorst\" \/>\n<meta property=\"og:description\" content=\"Ar \u0161o ier\u012bci ir iesp\u0113jams iepakot kalt\u0113tus, v\u012btin\u0101tus produktus dabisk\u0101 vid\u0113 bez vakuuma, nepiecie\u0161am\u012bbas gad\u012bjum\u0101 izmantojot br\u012bv\u0101 sk\u0101bek\u013ca saistvielu.\" \/>\n<meta property=\"og:url\" content=\"https:\/\/saksavorst.ee\/lv\/produkts\/maisu-metinasanas-iekarta-frm-980-i\/\" \/>\n<meta property=\"og:site_name\" content=\"Saksavorst\" \/>\n<meta property=\"article:publisher\" content=\"https:\/\/www.facebook.com\/Veikand\" \/>\n<meta property=\"article:modified_time\" content=\"2025-09-19T11:41:07+00:00\" \/>\n<meta property=\"og:image\" content=\"https:\/\/saksavorst.ee\/wp-content\/uploads\/2014\/08\/frm980a_i_4-1.jpg\" \/>\n\t<meta property=\"og:image:width\" content=\"800\" \/>\n\t<meta property=\"og:image:height\" content=\"800\" \/>\n\t<meta property=\"og:image:type\" content=\"image\/jpeg\" \/>\n<meta name=\"twitter:card\" content=\"summary_large_image\" \/>\n<meta name=\"twitter:label1\" content=\"Est. reading time\" \/>\n\t<meta name=\"twitter:data1\" content=\"1 minute\" \/>\n<script type=\"application\/ld+json\" class=\"yoast-schema-graph\">{\"@context\":\"https:\\\/\\\/schema.org\",\"@graph\":[{\"@type\":\"WebPage\",\"@id\":\"https:\\\/\\\/saksavorst.ee\\\/lv\\\/produkts\\\/maisu-metinasanas-iekarta-frm-980-i\\\/\",\"url\":\"https:\\\/\\\/saksavorst.ee\\\/lv\\\/produkts\\\/maisu-metinasanas-iekarta-frm-980-i\\\/\",\"name\":\"Maisu metin\u0101\u0161anas iek\u0101rta FRM-980 I - Saksavorst\",\"isPartOf\":{\"@id\":\"https:\\\/\\\/saksavorst.ee\\\/lv\\\/#website\"},\"primaryImageOfPage\":{\"@id\":\"https:\\\/\\\/saksavorst.ee\\\/lv\\\/produkts\\\/maisu-metinasanas-iekarta-frm-980-i\\\/#primaryimage\"},\"image\":{\"@id\":\"https:\\\/\\\/saksavorst.ee\\\/lv\\\/produkts\\\/maisu-metinasanas-iekarta-frm-980-i\\\/#primaryimage\"},\"thumbnailUrl\":\"https:\\\/\\\/saksavorst.ee\\\/wp-content\\\/uploads\\\/2014\\\/08\\\/frm980a_i_4-1.jpg\",\"datePublished\":\"2014-08-01T16:43:22+00:00\",\"dateModified\":\"2025-09-19T11:41:07+00:00\",\"breadcrumb\":{\"@id\":\"https:\\\/\\\/saksavorst.ee\\\/lv\\\/produkts\\\/maisu-metinasanas-iekarta-frm-980-i\\\/#breadcrumb\"},\"inLanguage\":\"lv-LV\",\"potentialAction\":[{\"@type\":\"ReadAction\",\"target\":[\"https:\\\/\\\/saksavorst.ee\\\/lv\\\/produkts\\\/maisu-metinasanas-iekarta-frm-980-i\\\/\"]}]},{\"@type\":\"ImageObject\",\"inLanguage\":\"lv-LV\",\"@id\":\"https:\\\/\\\/saksavorst.ee\\\/lv\\\/produkts\\\/maisu-metinasanas-iekarta-frm-980-i\\\/#primaryimage\",\"url\":\"https:\\\/\\\/saksavorst.ee\\\/wp-content\\\/uploads\\\/2014\\\/08\\\/frm980a_i_4-1.jpg\",\"contentUrl\":\"https:\\\/\\\/saksavorst.ee\\\/wp-content\\\/uploads\\\/2014\\\/08\\\/frm980a_i_4-1.jpg\",\"width\":800,\"height\":800},{\"@type\":\"BreadcrumbList\",\"@id\":\"https:\\\/\\\/saksavorst.ee\\\/lv\\\/produkts\\\/maisu-metinasanas-iekarta-frm-980-i\\\/#breadcrumb\",\"itemListElement\":[{\"@type\":\"ListItem\",\"position\":1,\"name\":\"Home\",\"item\":\"https:\\\/\\\/saksavorst.ee\\\/lv\\\/\"},{\"@type\":\"ListItem\",\"position\":2,\"name\":\"Veikals\",\"item\":\"https:\\\/\\\/saksavorst.ee\\\/lv\\\/veikals\\\/\"},{\"@type\":\"ListItem\",\"position\":3,\"name\":\"Maisu metin\u0101\u0161anas iek\u0101rta FRM-980 I\"}]},{\"@type\":\"WebSite\",\"@id\":\"https:\\\/\\\/saksavorst.ee\\\/lv\\\/#website\",\"url\":\"https:\\\/\\\/saksavorst.ee\\\/lv\\\/\",\"name\":\"Saksavorst\",\"description\":\"Feel the taste of emotions\",\"publisher\":{\"@id\":\"https:\\\/\\\/saksavorst.ee\\\/lv\\\/#organization\"},\"alternateName\":\"Veikand\",\"potentialAction\":[{\"@type\":\"SearchAction\",\"target\":{\"@type\":\"EntryPoint\",\"urlTemplate\":\"https:\\\/\\\/saksavorst.ee\\\/lv\\\/?s={search_term_string}\"},\"query-input\":{\"@type\":\"PropertyValueSpecification\",\"valueRequired\":true,\"valueName\":\"search_term_string\"}}],\"inLanguage\":\"lv-LV\"},{\"@type\":\"Organization\",\"@id\":\"https:\\\/\\\/saksavorst.ee\\\/lv\\\/#organization\",\"name\":\"Saksavorst\",\"alternateName\":\"Veikand\",\"url\":\"https:\\\/\\\/saksavorst.ee\\\/lv\\\/\",\"logo\":{\"@type\":\"ImageObject\",\"inLanguage\":\"lv-LV\",\"@id\":\"https:\\\/\\\/saksavorst.ee\\\/lv\\\/#\\\/schema\\\/logo\\\/image\\\/\",\"url\":\"https:\\\/\\\/saksavorst.ee\\\/wp-content\\\/uploads\\\/2023\\\/05\\\/veikand-logo.jpg\",\"contentUrl\":\"https:\\\/\\\/saksavorst.ee\\\/wp-content\\\/uploads\\\/2023\\\/05\\\/veikand-logo.jpg\",\"width\":217,\"height\":217,\"caption\":\"Saksavorst\"},\"image\":{\"@id\":\"https:\\\/\\\/saksavorst.ee\\\/lv\\\/#\\\/schema\\\/logo\\\/image\\\/\"},\"sameAs\":[\"https:\\\/\\\/www.facebook.com\\\/Veikand\"]}]}<\/script>\n<!-- \/ Yoast SEO plugin. -->","yoast_head_json":{"title":"Maisu metin\u0101\u0161anas iek\u0101rta FRM-980 I - Saksavorst","robots":{"index":"index","follow":"follow","max-snippet":"max-snippet:-1","max-image-preview":"max-image-preview:large","max-video-preview":"max-video-preview:-1"},"canonical":"https:\/\/saksavorst.ee\/lv\/produkts\/maisu-metinasanas-iekarta-frm-980-i\/","og_locale":"lv_LV","og_type":"article","og_title":"Maisu metin\u0101\u0161anas iek\u0101rta FRM-980 I - Saksavorst","og_description":"Ar \u0161o ier\u012bci ir iesp\u0113jams iepakot kalt\u0113tus, v\u012btin\u0101tus produktus dabisk\u0101 vid\u0113 bez vakuuma, nepiecie\u0161am\u012bbas gad\u012bjum\u0101 izmantojot br\u012bv\u0101 sk\u0101bek\u013ca saistvielu.","og_url":"https:\/\/saksavorst.ee\/lv\/produkts\/maisu-metinasanas-iekarta-frm-980-i\/","og_site_name":"Saksavorst","article_publisher":"https:\/\/www.facebook.com\/Veikand","article_modified_time":"2025-09-19T11:41:07+00:00","og_image":[{"width":800,"height":800,"url":"https:\/\/saksavorst.ee\/wp-content\/uploads\/2014\/08\/frm980a_i_4-1.jpg","type":"image\/jpeg"}],"twitter_card":"summary_large_image","twitter_misc":{"Est. reading time":"1 minute"},"schema":{"@context":"https:\/\/schema.org","@graph":[{"@type":"WebPage","@id":"https:\/\/saksavorst.ee\/lv\/produkts\/maisu-metinasanas-iekarta-frm-980-i\/","url":"https:\/\/saksavorst.ee\/lv\/produkts\/maisu-metinasanas-iekarta-frm-980-i\/","name":"Maisu metin\u0101\u0161anas iek\u0101rta FRM-980 I - Saksavorst","isPartOf":{"@id":"https:\/\/saksavorst.ee\/lv\/#website"},"primaryImageOfPage":{"@id":"https:\/\/saksavorst.ee\/lv\/produkts\/maisu-metinasanas-iekarta-frm-980-i\/#primaryimage"},"image":{"@id":"https:\/\/saksavorst.ee\/lv\/produkts\/maisu-metinasanas-iekarta-frm-980-i\/#primaryimage"},"thumbnailUrl":"https:\/\/saksavorst.ee\/wp-content\/uploads\/2014\/08\/frm980a_i_4-1.jpg","datePublished":"2014-08-01T16:43:22+00:00","dateModified":"2025-09-19T11:41:07+00:00","breadcrumb":{"@id":"https:\/\/saksavorst.ee\/lv\/produkts\/maisu-metinasanas-iekarta-frm-980-i\/#breadcrumb"},"inLanguage":"lv-LV","potentialAction":[{"@type":"ReadAction","target":["https:\/\/saksavorst.ee\/lv\/produkts\/maisu-metinasanas-iekarta-frm-980-i\/"]}]},{"@type":"ImageObject","inLanguage":"lv-LV","@id":"https:\/\/saksavorst.ee\/lv\/produkts\/maisu-metinasanas-iekarta-frm-980-i\/#primaryimage","url":"https:\/\/saksavorst.ee\/wp-content\/uploads\/2014\/08\/frm980a_i_4-1.jpg","contentUrl":"https:\/\/saksavorst.ee\/wp-content\/uploads\/2014\/08\/frm980a_i_4-1.jpg","width":800,"height":800},{"@type":"BreadcrumbList","@id":"https:\/\/saksavorst.ee\/lv\/produkts\/maisu-metinasanas-iekarta-frm-980-i\/#breadcrumb","itemListElement":[{"@type":"ListItem","position":1,"name":"Home","item":"https:\/\/saksavorst.ee\/lv\/"},{"@type":"ListItem","position":2,"name":"Veikals","item":"https:\/\/saksavorst.ee\/lv\/veikals\/"},{"@type":"ListItem","position":3,"name":"Maisu metin\u0101\u0161anas iek\u0101rta FRM-980 I"}]},{"@type":"WebSite","@id":"https:\/\/saksavorst.ee\/lv\/#website","url":"https:\/\/saksavorst.ee\/lv\/","name":"Saksavorst","description":"Feel the taste of emotions","publisher":{"@id":"https:\/\/saksavorst.ee\/lv\/#organization"},"alternateName":"Veikand","potentialAction":[{"@type":"SearchAction","target":{"@type":"EntryPoint","urlTemplate":"https:\/\/saksavorst.ee\/lv\/?s={search_term_string}"},"query-input":{"@type":"PropertyValueSpecification","valueRequired":true,"valueName":"search_term_string"}}],"inLanguage":"lv-LV"},{"@type":"Organization","@id":"https:\/\/saksavorst.ee\/lv\/#organization","name":"Saksavorst","alternateName":"Veikand","url":"https:\/\/saksavorst.ee\/lv\/","logo":{"@type":"ImageObject","inLanguage":"lv-LV","@id":"https:\/\/saksavorst.ee\/lv\/#\/schema\/logo\/image\/","url":"https:\/\/saksavorst.ee\/wp-content\/uploads\/2023\/05\/veikand-logo.jpg","contentUrl":"https:\/\/saksavorst.ee\/wp-content\/uploads\/2023\/05\/veikand-logo.jpg","width":217,"height":217,"caption":"Saksavorst"},"image":{"@id":"https:\/\/saksavorst.ee\/lv\/#\/schema\/logo\/image\/"},"sameAs":["https:\/\/www.facebook.com\/Veikand"]}]}},"_links":{"self":[{"href":"https:\/\/saksavorst.ee\/lv\/wp-json\/wp\/v2\/product\/21205","targetHints":{"allow":["GET"]}}],"collection":[{"href":"https:\/\/saksavorst.ee\/lv\/wp-json\/wp\/v2\/product"}],"about":[{"href":"https:\/\/saksavorst.ee\/lv\/wp-json\/wp\/v2\/types\/product"}],"version-history":[{"count":1,"href":"https:\/\/saksavorst.ee\/lv\/wp-json\/wp\/v2\/product\/21205\/revisions"}],"predecessor-version":[{"id":46085,"href":"https:\/\/saksavorst.ee\/lv\/wp-json\/wp\/v2\/product\/21205\/revisions\/46085"}],"wp:featuredmedia":[{"embeddable":true,"href":"https:\/\/saksavorst.ee\/lv\/wp-json\/wp\/v2\/media\/34680"}],"wp:attachment":[{"href":"https:\/\/saksavorst.ee\/lv\/wp-json\/wp\/v2\/media?parent=21205"}],"wp:term":[{"taxonomy":"product_brand","embeddable":true,"href":"https:\/\/saksavorst.ee\/lv\/wp-json\/wp\/v2\/product_brand?post=21205"},{"taxonomy":"product_cat","embeddable":true,"href":"https:\/\/saksavorst.ee\/lv\/wp-json\/wp\/v2\/product_cat?post=21205"},{"taxonomy":"product_tag","embeddable":true,"href":"https:\/\/saksavorst.ee\/lv\/wp-json\/wp\/v2\/product_tag?post=21205"}],"curies":[{"name":"wp","href":"https:\/\/api.w.org\/{rel}","templated":true}]}}