{"id":21186,"date":"2014-10-24T09:40:19","date_gmt":"2014-10-24T07:40:19","guid":{"rendered":"https:\/\/saksavorst.ee\/product\/lauru-lapas-50-g-burcina\/"},"modified":"2025-07-17T13:50:55","modified_gmt":"2025-07-17T11:50:55","slug":"lauru-lapas-lorbeerblatter-50g","status":"publish","type":"product","link":"https:\/\/saksavorst.ee\/lv\/produkts\/lauru-lapas-lorbeerblatter-50g\/","title":{"rendered":"Lauru lapas LORBEERBL\u00c4TTER 50g"},"content":{"rendered":"<h4><strong>LORBEERBL\u00c4TTER<\/strong><\/h4>\n<h4><strong>Sast\u0101vda\u013cas:<\/strong><\/h4>\n<p>Lauru lapas<\/p>\n<p>Daudzums: 50 g<\/p>\n<p>Ieteicam\u0101 deva: p\u0113c gar\u0161as<\/p>\n<p>Uzglab\u0101t v\u0113s\u0101 (11\u201325 \u00b0C), saus\u0101 un tum\u0161\u0101 viet\u0101<\/p>\n<p>Ieteicams l\u012bdz: skat\u012bt uz iepakojuma<\/p>\n<h4><strong>Uzturv\u0113rt\u012bba \u2013 100 g produkta satur:<\/strong><\/h4>\n<p>Ener\u0123\u0113tisk\u0101 v\u0113rt\u012bba 1478 kJ \/ 353 kcal<br \/>\nTauki 8,4 g<br \/>\nno tiem pies\u0101tin\u0101tie 2,3 g<br \/>\nOg\u013chidr\u0101ti 48,6 g<br \/>\nno tiem cukuri 48,6 g<br \/>\nOlbaltumvielas 7,6 g<br \/>\nS\u0101ls 0,1 g<\/p>\n<p>Ra\u017eots: V\u0101cij\u0101<\/p>\n<p>Ra\u017eot\u0101js: RAPS GmbH &amp; Co. KG<\/p>\n","protected":false},"excerpt":{"rendered":"<p>Neuzkr\u012bto\u0161i arom\u0101tiskais gar\u0161augs lieliski sader ar daudziem \u0113dieniem \u2013 plovu, ga\u013cas, kariju, makaronu m\u0113rc\u0113m, sacepumiem, saut\u0113jumiem. Lieliski piem\u0113rotas zup\u0101m, v\u0101r\u012bt\u0101m un saut\u0113t\u0101m ziv\u012bm. Lauru lapas var pievienot ar\u012b j\u016bras velt\u0113m. Lauru lapas tiek izmantotas ar\u012b d\u0101rze\u0146u un s\u0113\u0146u marin\u0113\u0161an\u0101.<\/p>\n","protected":false},"featured_media":23728,"template":"","meta":{"_acf_changed":false},"product_brand":[],"product_cat":[367,370,375],"product_tag":[],"class_list":{"0":"post-21186","1":"product","2":"type-product","3":"status-publish","4":"has-post-thumbnail","6":"product_cat-garsvielas","7":"product_cat-par-konserviem","8":"product_cat-garsvielas-garsvielas","10":"first","11":"instock","12":"taxable","13":"shipping-taxable","14":"purchasable","15":"product-type-simple"},"acf":[],"yoast_head":"<!-- This site is optimized with the Yoast SEO plugin v27.3 - https:\/\/yoast.com\/product\/yoast-seo-wordpress\/ -->\n<title>Lauru lapas LORBEERBL\u00c4TTER 50g - Saksavorst<\/title>\n<meta name=\"robots\" content=\"index, follow, max-snippet:-1, max-image-preview:large, max-video-preview:-1\" \/>\n<link rel=\"canonical\" href=\"https:\/\/saksavorst.ee\/lv\/produkts\/lauru-lapas-lorbeerblatter-50g\/\" \/>\n<meta property=\"og:locale\" content=\"lv_LV\" \/>\n<meta property=\"og:type\" content=\"article\" \/>\n<meta property=\"og:title\" content=\"Lauru lapas LORBEERBL\u00c4TTER 50g - Saksavorst\" \/>\n<meta property=\"og:description\" content=\"Neuzkr\u012bto\u0161i arom\u0101tiskais gar\u0161augs lieliski sader ar daudziem \u0113dieniem \u2013 plovu, ga\u013cas, kariju, makaronu m\u0113rc\u0113m, sacepumiem, saut\u0113jumiem. Lieliski piem\u0113rotas zup\u0101m, v\u0101r\u012bt\u0101m un saut\u0113t\u0101m ziv\u012bm. Lauru lapas var pievienot ar\u012b j\u016bras velt\u0113m. Lauru lapas tiek izmantotas ar\u012b d\u0101rze\u0146u un s\u0113\u0146u marin\u0113\u0161an\u0101.\" \/>\n<meta property=\"og:url\" content=\"https:\/\/saksavorst.ee\/lv\/produkts\/lauru-lapas-lorbeerblatter-50g\/\" \/>\n<meta property=\"og:site_name\" content=\"Saksavorst\" \/>\n<meta property=\"article:publisher\" content=\"https:\/\/www.facebook.com\/Veikand\" \/>\n<meta property=\"article:modified_time\" content=\"2025-07-17T11:50:55+00:00\" \/>\n<meta property=\"og:image\" content=\"https:\/\/saksavorst.ee\/wp-content\/uploads\/2014\/10\/Loorberilehed-LORBEERBLATTER-50g.png\" \/>\n\t<meta property=\"og:image:width\" content=\"800\" \/>\n\t<meta property=\"og:image:height\" content=\"800\" \/>\n\t<meta property=\"og:image:type\" content=\"image\/png\" \/>\n<meta name=\"twitter:card\" content=\"summary_large_image\" \/>\n<meta name=\"twitter:label1\" content=\"Est. reading time\" \/>\n\t<meta name=\"twitter:data1\" content=\"1 minute\" \/>\n<script type=\"application\/ld+json\" class=\"yoast-schema-graph\">{\"@context\":\"https:\\\/\\\/schema.org\",\"@graph\":[{\"@type\":\"WebPage\",\"@id\":\"https:\\\/\\\/saksavorst.ee\\\/lv\\\/produkts\\\/lauru-lapas-lorbeerblatter-50g\\\/\",\"url\":\"https:\\\/\\\/saksavorst.ee\\\/lv\\\/produkts\\\/lauru-lapas-lorbeerblatter-50g\\\/\",\"name\":\"Lauru lapas LORBEERBL\u00c4TTER 50g - Saksavorst\",\"isPartOf\":{\"@id\":\"https:\\\/\\\/saksavorst.ee\\\/lv\\\/#website\"},\"primaryImageOfPage\":{\"@id\":\"https:\\\/\\\/saksavorst.ee\\\/lv\\\/produkts\\\/lauru-lapas-lorbeerblatter-50g\\\/#primaryimage\"},\"image\":{\"@id\":\"https:\\\/\\\/saksavorst.ee\\\/lv\\\/produkts\\\/lauru-lapas-lorbeerblatter-50g\\\/#primaryimage\"},\"thumbnailUrl\":\"https:\\\/\\\/saksavorst.ee\\\/wp-content\\\/uploads\\\/2014\\\/10\\\/Loorberilehed-LORBEERBLATTER-50g.png\",\"datePublished\":\"2014-10-24T07:40:19+00:00\",\"dateModified\":\"2025-07-17T11:50:55+00:00\",\"breadcrumb\":{\"@id\":\"https:\\\/\\\/saksavorst.ee\\\/lv\\\/produkts\\\/lauru-lapas-lorbeerblatter-50g\\\/#breadcrumb\"},\"inLanguage\":\"lv-LV\",\"potentialAction\":[{\"@type\":\"ReadAction\",\"target\":[\"https:\\\/\\\/saksavorst.ee\\\/lv\\\/produkts\\\/lauru-lapas-lorbeerblatter-50g\\\/\"]}]},{\"@type\":\"ImageObject\",\"inLanguage\":\"lv-LV\",\"@id\":\"https:\\\/\\\/saksavorst.ee\\\/lv\\\/produkts\\\/lauru-lapas-lorbeerblatter-50g\\\/#primaryimage\",\"url\":\"https:\\\/\\\/saksavorst.ee\\\/wp-content\\\/uploads\\\/2014\\\/10\\\/Loorberilehed-LORBEERBLATTER-50g.png\",\"contentUrl\":\"https:\\\/\\\/saksavorst.ee\\\/wp-content\\\/uploads\\\/2014\\\/10\\\/Loorberilehed-LORBEERBLATTER-50g.png\",\"width\":800,\"height\":800},{\"@type\":\"BreadcrumbList\",\"@id\":\"https:\\\/\\\/saksavorst.ee\\\/lv\\\/produkts\\\/lauru-lapas-lorbeerblatter-50g\\\/#breadcrumb\",\"itemListElement\":[{\"@type\":\"ListItem\",\"position\":1,\"name\":\"Home\",\"item\":\"https:\\\/\\\/saksavorst.ee\\\/lv\\\/\"},{\"@type\":\"ListItem\",\"position\":2,\"name\":\"Veikals\",\"item\":\"https:\\\/\\\/saksavorst.ee\\\/lv\\\/veikals\\\/\"},{\"@type\":\"ListItem\",\"position\":3,\"name\":\"Lauru lapas LORBEERBL\u00c4TTER 50g\"}]},{\"@type\":\"WebSite\",\"@id\":\"https:\\\/\\\/saksavorst.ee\\\/lv\\\/#website\",\"url\":\"https:\\\/\\\/saksavorst.ee\\\/lv\\\/\",\"name\":\"Saksavorst\",\"description\":\"Feel the taste of emotions\",\"publisher\":{\"@id\":\"https:\\\/\\\/saksavorst.ee\\\/lv\\\/#organization\"},\"alternateName\":\"Veikand\",\"potentialAction\":[{\"@type\":\"SearchAction\",\"target\":{\"@type\":\"EntryPoint\",\"urlTemplate\":\"https:\\\/\\\/saksavorst.ee\\\/lv\\\/?s={search_term_string}\"},\"query-input\":{\"@type\":\"PropertyValueSpecification\",\"valueRequired\":true,\"valueName\":\"search_term_string\"}}],\"inLanguage\":\"lv-LV\"},{\"@type\":\"Organization\",\"@id\":\"https:\\\/\\\/saksavorst.ee\\\/lv\\\/#organization\",\"name\":\"Saksavorst\",\"alternateName\":\"Veikand\",\"url\":\"https:\\\/\\\/saksavorst.ee\\\/lv\\\/\",\"logo\":{\"@type\":\"ImageObject\",\"inLanguage\":\"lv-LV\",\"@id\":\"https:\\\/\\\/saksavorst.ee\\\/lv\\\/#\\\/schema\\\/logo\\\/image\\\/\",\"url\":\"https:\\\/\\\/saksavorst.ee\\\/wp-content\\\/uploads\\\/2023\\\/05\\\/veikand-logo.jpg\",\"contentUrl\":\"https:\\\/\\\/saksavorst.ee\\\/wp-content\\\/uploads\\\/2023\\\/05\\\/veikand-logo.jpg\",\"width\":217,\"height\":217,\"caption\":\"Saksavorst\"},\"image\":{\"@id\":\"https:\\\/\\\/saksavorst.ee\\\/lv\\\/#\\\/schema\\\/logo\\\/image\\\/\"},\"sameAs\":[\"https:\\\/\\\/www.facebook.com\\\/Veikand\"]}]}<\/script>\n<!-- \/ Yoast SEO plugin. -->","yoast_head_json":{"title":"Lauru lapas LORBEERBL\u00c4TTER 50g - Saksavorst","robots":{"index":"index","follow":"follow","max-snippet":"max-snippet:-1","max-image-preview":"max-image-preview:large","max-video-preview":"max-video-preview:-1"},"canonical":"https:\/\/saksavorst.ee\/lv\/produkts\/lauru-lapas-lorbeerblatter-50g\/","og_locale":"lv_LV","og_type":"article","og_title":"Lauru lapas LORBEERBL\u00c4TTER 50g - Saksavorst","og_description":"Neuzkr\u012bto\u0161i arom\u0101tiskais gar\u0161augs lieliski sader ar daudziem \u0113dieniem \u2013 plovu, ga\u013cas, kariju, makaronu m\u0113rc\u0113m, sacepumiem, saut\u0113jumiem. Lieliski piem\u0113rotas zup\u0101m, v\u0101r\u012bt\u0101m un saut\u0113t\u0101m ziv\u012bm. Lauru lapas var pievienot ar\u012b j\u016bras velt\u0113m. Lauru lapas tiek izmantotas ar\u012b d\u0101rze\u0146u un s\u0113\u0146u marin\u0113\u0161an\u0101.","og_url":"https:\/\/saksavorst.ee\/lv\/produkts\/lauru-lapas-lorbeerblatter-50g\/","og_site_name":"Saksavorst","article_publisher":"https:\/\/www.facebook.com\/Veikand","article_modified_time":"2025-07-17T11:50:55+00:00","og_image":[{"width":800,"height":800,"url":"https:\/\/saksavorst.ee\/wp-content\/uploads\/2014\/10\/Loorberilehed-LORBEERBLATTER-50g.png","type":"image\/png"}],"twitter_card":"summary_large_image","twitter_misc":{"Est. reading time":"1 minute"},"schema":{"@context":"https:\/\/schema.org","@graph":[{"@type":"WebPage","@id":"https:\/\/saksavorst.ee\/lv\/produkts\/lauru-lapas-lorbeerblatter-50g\/","url":"https:\/\/saksavorst.ee\/lv\/produkts\/lauru-lapas-lorbeerblatter-50g\/","name":"Lauru lapas LORBEERBL\u00c4TTER 50g - Saksavorst","isPartOf":{"@id":"https:\/\/saksavorst.ee\/lv\/#website"},"primaryImageOfPage":{"@id":"https:\/\/saksavorst.ee\/lv\/produkts\/lauru-lapas-lorbeerblatter-50g\/#primaryimage"},"image":{"@id":"https:\/\/saksavorst.ee\/lv\/produkts\/lauru-lapas-lorbeerblatter-50g\/#primaryimage"},"thumbnailUrl":"https:\/\/saksavorst.ee\/wp-content\/uploads\/2014\/10\/Loorberilehed-LORBEERBLATTER-50g.png","datePublished":"2014-10-24T07:40:19+00:00","dateModified":"2025-07-17T11:50:55+00:00","breadcrumb":{"@id":"https:\/\/saksavorst.ee\/lv\/produkts\/lauru-lapas-lorbeerblatter-50g\/#breadcrumb"},"inLanguage":"lv-LV","potentialAction":[{"@type":"ReadAction","target":["https:\/\/saksavorst.ee\/lv\/produkts\/lauru-lapas-lorbeerblatter-50g\/"]}]},{"@type":"ImageObject","inLanguage":"lv-LV","@id":"https:\/\/saksavorst.ee\/lv\/produkts\/lauru-lapas-lorbeerblatter-50g\/#primaryimage","url":"https:\/\/saksavorst.ee\/wp-content\/uploads\/2014\/10\/Loorberilehed-LORBEERBLATTER-50g.png","contentUrl":"https:\/\/saksavorst.ee\/wp-content\/uploads\/2014\/10\/Loorberilehed-LORBEERBLATTER-50g.png","width":800,"height":800},{"@type":"BreadcrumbList","@id":"https:\/\/saksavorst.ee\/lv\/produkts\/lauru-lapas-lorbeerblatter-50g\/#breadcrumb","itemListElement":[{"@type":"ListItem","position":1,"name":"Home","item":"https:\/\/saksavorst.ee\/lv\/"},{"@type":"ListItem","position":2,"name":"Veikals","item":"https:\/\/saksavorst.ee\/lv\/veikals\/"},{"@type":"ListItem","position":3,"name":"Lauru lapas LORBEERBL\u00c4TTER 50g"}]},{"@type":"WebSite","@id":"https:\/\/saksavorst.ee\/lv\/#website","url":"https:\/\/saksavorst.ee\/lv\/","name":"Saksavorst","description":"Feel the taste of emotions","publisher":{"@id":"https:\/\/saksavorst.ee\/lv\/#organization"},"alternateName":"Veikand","potentialAction":[{"@type":"SearchAction","target":{"@type":"EntryPoint","urlTemplate":"https:\/\/saksavorst.ee\/lv\/?s={search_term_string}"},"query-input":{"@type":"PropertyValueSpecification","valueRequired":true,"valueName":"search_term_string"}}],"inLanguage":"lv-LV"},{"@type":"Organization","@id":"https:\/\/saksavorst.ee\/lv\/#organization","name":"Saksavorst","alternateName":"Veikand","url":"https:\/\/saksavorst.ee\/lv\/","logo":{"@type":"ImageObject","inLanguage":"lv-LV","@id":"https:\/\/saksavorst.ee\/lv\/#\/schema\/logo\/image\/","url":"https:\/\/saksavorst.ee\/wp-content\/uploads\/2023\/05\/veikand-logo.jpg","contentUrl":"https:\/\/saksavorst.ee\/wp-content\/uploads\/2023\/05\/veikand-logo.jpg","width":217,"height":217,"caption":"Saksavorst"},"image":{"@id":"https:\/\/saksavorst.ee\/lv\/#\/schema\/logo\/image\/"},"sameAs":["https:\/\/www.facebook.com\/Veikand"]}]}},"_links":{"self":[{"href":"https:\/\/saksavorst.ee\/lv\/wp-json\/wp\/v2\/product\/21186","targetHints":{"allow":["GET"]}}],"collection":[{"href":"https:\/\/saksavorst.ee\/lv\/wp-json\/wp\/v2\/product"}],"about":[{"href":"https:\/\/saksavorst.ee\/lv\/wp-json\/wp\/v2\/types\/product"}],"version-history":[{"count":1,"href":"https:\/\/saksavorst.ee\/lv\/wp-json\/wp\/v2\/product\/21186\/revisions"}],"predecessor-version":[{"id":44046,"href":"https:\/\/saksavorst.ee\/lv\/wp-json\/wp\/v2\/product\/21186\/revisions\/44046"}],"wp:featuredmedia":[{"embeddable":true,"href":"https:\/\/saksavorst.ee\/lv\/wp-json\/wp\/v2\/media\/23728"}],"wp:attachment":[{"href":"https:\/\/saksavorst.ee\/lv\/wp-json\/wp\/v2\/media?parent=21186"}],"wp:term":[{"taxonomy":"product_brand","embeddable":true,"href":"https:\/\/saksavorst.ee\/lv\/wp-json\/wp\/v2\/product_brand?post=21186"},{"taxonomy":"product_cat","embeddable":true,"href":"https:\/\/saksavorst.ee\/lv\/wp-json\/wp\/v2\/product_cat?post=21186"},{"taxonomy":"product_tag","embeddable":true,"href":"https:\/\/saksavorst.ee\/lv\/wp-json\/wp\/v2\/product_tag?post=21186"}],"curies":[{"name":"wp","href":"https:\/\/api.w.org\/{rel}","templated":true}]}}