{"id":21163,"date":"2015-04-24T13:50:35","date_gmt":"2015-04-24T11:50:35","guid":{"rendered":"https:\/\/saksavorst.ee\/product\/vulcan-asmeni-rezerves-komplekts\/"},"modified":"2025-09-19T12:45:58","modified_gmt":"2025-09-19T10:45:58","slug":"vulkanus-asmeni-rezerves-komplekts","status":"publish","type":"product","link":"https:\/\/saksavorst.ee\/lv\/produkts\/vulkanus-asmeni-rezerves-komplekts\/","title":{"rendered":"Vulkanus asme\u0146i &#8211; rezerves komplekts"},"content":{"rendered":"<p>Komplekt\u0101 ietilpst: 2 asin\u0101\u0161anas stie\u0146i, 2 spriego\u0161anas atsperes, skr\u016bves un instrukcija nomai\u0146ai<\/p>\n<p>Kr\u0101sa: melna<\/p>\n<p>Materi\u0101ls: plastmasa, t\u0113rauds<\/p>\n<p>Piem\u0113rots \u0161\u0101diem mode\u013ciem: <i>Vulkanus Professional, Classic, Colou<\/i>r un <i>Standard<\/i><\/p>\n<p>Ra\u017eots: V\u0101cij\u0101<\/p>\n<p>&nbsp;<\/p>\n<p><iframe loading=\"lazy\" title=\"How to change the Vulkanus sharpner set \u2223Vulkanus generation 1\u2223 Knife Sharpner \u2223 Simply sharp\" width=\"500\" height=\"281\" src=\"https:\/\/www.youtube.com\/embed\/h09YAB-xBVQ?feature=oembed\" frameborder=\"0\" allow=\"accelerometer; autoplay; clipboard-write; encrypted-media; gyroscope; picture-in-picture; web-share\" referrerpolicy=\"strict-origin-when-cross-origin\" allowfullscreen><\/iframe><\/p>\n","protected":false},"excerpt":{"rendered":"<p>Ar <i>Vulkanus<\/i> asin\u0101\u0161anas komplektu j\u016bs varat nomain\u012bt <i>Vulkanus<\/i> na\u017eu asin\u0101t\u0101ja deta\u013cas.<\/p>\n<p>Ja radu\u0161ies papildu jaut\u0101jumi, l\u016bdzu, sazinieties ar p\u0101rdo\u0161anas vad\u012bt\u0101ju Kersti S\u0113sku (<i>Kersti S\u00e4\u00e4sk<\/i>), t\u0101lrunis: +372 504 6928 vai e-pasts: kersti.saask@veikand.ee<\/p>\n","protected":false},"featured_media":13392,"template":"","meta":{"_acf_changed":false},"product_brand":[],"product_cat":[346,349],"product_tag":[],"class_list":{"0":"post-21163","1":"product","2":"type-product","3":"status-publish","4":"has-post-thumbnail","6":"product_cat-nazi-un-aksesuari","7":"product_cat-asinamie","9":"first","10":"instock","11":"taxable","12":"shipping-taxable","13":"purchasable","14":"product-type-simple"},"acf":[],"yoast_head":"<!-- This site is optimized with the Yoast SEO plugin v27.3 - https:\/\/yoast.com\/product\/yoast-seo-wordpress\/ -->\n<title>Vulkanus asme\u0146i - rezerves komplekts - Saksavorst<\/title>\n<meta name=\"robots\" content=\"index, follow, max-snippet:-1, max-image-preview:large, max-video-preview:-1\" \/>\n<link rel=\"canonical\" href=\"https:\/\/saksavorst.ee\/lv\/produkts\/vulkanus-asmeni-rezerves-komplekts\/\" \/>\n<meta property=\"og:locale\" content=\"lv_LV\" \/>\n<meta property=\"og:type\" content=\"article\" \/>\n<meta property=\"og:title\" content=\"Vulkanus asme\u0146i - rezerves komplekts - Saksavorst\" \/>\n<meta property=\"og:description\" content=\"Ar Vulkanus asin\u0101\u0161anas komplektu j\u016bs varat nomain\u012bt Vulkanus na\u017eu asin\u0101t\u0101ja deta\u013cas.  Ja radu\u0161ies papildu jaut\u0101jumi, l\u016bdzu, sazinieties ar p\u0101rdo\u0161anas vad\u012bt\u0101ju Kersti S\u0113sku (Kersti S\u00e4\u00e4sk), t\u0101lrunis: +372 504 6928 vai e-pasts: kersti.saask@veikand.ee\" \/>\n<meta property=\"og:url\" content=\"https:\/\/saksavorst.ee\/lv\/produkts\/vulkanus-asmeni-rezerves-komplekts\/\" \/>\n<meta property=\"og:site_name\" content=\"Saksavorst\" \/>\n<meta property=\"article:publisher\" content=\"https:\/\/www.facebook.com\/Veikand\" \/>\n<meta property=\"article:modified_time\" content=\"2025-09-19T10:45:58+00:00\" \/>\n<meta property=\"og:image\" content=\"https:\/\/saksavorst.ee\/wp-content\/uploads\/2023\/02\/Vulkanuse-terad-vahetuskomplekt-2-1.png\" \/>\n\t<meta property=\"og:image:width\" content=\"800\" \/>\n\t<meta property=\"og:image:height\" content=\"800\" \/>\n\t<meta property=\"og:image:type\" content=\"image\/png\" \/>\n<meta name=\"twitter:card\" content=\"summary_large_image\" \/>\n<meta name=\"twitter:label1\" content=\"Est. reading time\" \/>\n\t<meta name=\"twitter:data1\" content=\"1 minute\" \/>\n<script type=\"application\/ld+json\" class=\"yoast-schema-graph\">{\"@context\":\"https:\\\/\\\/schema.org\",\"@graph\":[{\"@type\":\"WebPage\",\"@id\":\"https:\\\/\\\/saksavorst.ee\\\/lv\\\/produkts\\\/vulkanus-asmeni-rezerves-komplekts\\\/\",\"url\":\"https:\\\/\\\/saksavorst.ee\\\/lv\\\/produkts\\\/vulkanus-asmeni-rezerves-komplekts\\\/\",\"name\":\"Vulkanus asme\u0146i - rezerves komplekts - Saksavorst\",\"isPartOf\":{\"@id\":\"https:\\\/\\\/saksavorst.ee\\\/lv\\\/#website\"},\"primaryImageOfPage\":{\"@id\":\"https:\\\/\\\/saksavorst.ee\\\/lv\\\/produkts\\\/vulkanus-asmeni-rezerves-komplekts\\\/#primaryimage\"},\"image\":{\"@id\":\"https:\\\/\\\/saksavorst.ee\\\/lv\\\/produkts\\\/vulkanus-asmeni-rezerves-komplekts\\\/#primaryimage\"},\"thumbnailUrl\":\"https:\\\/\\\/saksavorst.ee\\\/wp-content\\\/uploads\\\/2023\\\/02\\\/Vulkanuse-terad-vahetuskomplekt-2-1.png\",\"datePublished\":\"2015-04-24T11:50:35+00:00\",\"dateModified\":\"2025-09-19T10:45:58+00:00\",\"breadcrumb\":{\"@id\":\"https:\\\/\\\/saksavorst.ee\\\/lv\\\/produkts\\\/vulkanus-asmeni-rezerves-komplekts\\\/#breadcrumb\"},\"inLanguage\":\"lv-LV\",\"potentialAction\":[{\"@type\":\"ReadAction\",\"target\":[\"https:\\\/\\\/saksavorst.ee\\\/lv\\\/produkts\\\/vulkanus-asmeni-rezerves-komplekts\\\/\"]}]},{\"@type\":\"ImageObject\",\"inLanguage\":\"lv-LV\",\"@id\":\"https:\\\/\\\/saksavorst.ee\\\/lv\\\/produkts\\\/vulkanus-asmeni-rezerves-komplekts\\\/#primaryimage\",\"url\":\"https:\\\/\\\/saksavorst.ee\\\/wp-content\\\/uploads\\\/2023\\\/02\\\/Vulkanuse-terad-vahetuskomplekt-2-1.png\",\"contentUrl\":\"https:\\\/\\\/saksavorst.ee\\\/wp-content\\\/uploads\\\/2023\\\/02\\\/Vulkanuse-terad-vahetuskomplekt-2-1.png\",\"width\":800,\"height\":800},{\"@type\":\"BreadcrumbList\",\"@id\":\"https:\\\/\\\/saksavorst.ee\\\/lv\\\/produkts\\\/vulkanus-asmeni-rezerves-komplekts\\\/#breadcrumb\",\"itemListElement\":[{\"@type\":\"ListItem\",\"position\":1,\"name\":\"Home\",\"item\":\"https:\\\/\\\/saksavorst.ee\\\/lv\\\/\"},{\"@type\":\"ListItem\",\"position\":2,\"name\":\"Veikals\",\"item\":\"https:\\\/\\\/saksavorst.ee\\\/lv\\\/veikals\\\/\"},{\"@type\":\"ListItem\",\"position\":3,\"name\":\"Vulkanus asme\u0146i &#8211; rezerves komplekts\"}]},{\"@type\":\"WebSite\",\"@id\":\"https:\\\/\\\/saksavorst.ee\\\/lv\\\/#website\",\"url\":\"https:\\\/\\\/saksavorst.ee\\\/lv\\\/\",\"name\":\"Saksavorst\",\"description\":\"Feel the taste of emotions\",\"publisher\":{\"@id\":\"https:\\\/\\\/saksavorst.ee\\\/lv\\\/#organization\"},\"alternateName\":\"Veikand\",\"potentialAction\":[{\"@type\":\"SearchAction\",\"target\":{\"@type\":\"EntryPoint\",\"urlTemplate\":\"https:\\\/\\\/saksavorst.ee\\\/lv\\\/?s={search_term_string}\"},\"query-input\":{\"@type\":\"PropertyValueSpecification\",\"valueRequired\":true,\"valueName\":\"search_term_string\"}}],\"inLanguage\":\"lv-LV\"},{\"@type\":\"Organization\",\"@id\":\"https:\\\/\\\/saksavorst.ee\\\/lv\\\/#organization\",\"name\":\"Saksavorst\",\"alternateName\":\"Veikand\",\"url\":\"https:\\\/\\\/saksavorst.ee\\\/lv\\\/\",\"logo\":{\"@type\":\"ImageObject\",\"inLanguage\":\"lv-LV\",\"@id\":\"https:\\\/\\\/saksavorst.ee\\\/lv\\\/#\\\/schema\\\/logo\\\/image\\\/\",\"url\":\"https:\\\/\\\/saksavorst.ee\\\/wp-content\\\/uploads\\\/2023\\\/05\\\/veikand-logo.jpg\",\"contentUrl\":\"https:\\\/\\\/saksavorst.ee\\\/wp-content\\\/uploads\\\/2023\\\/05\\\/veikand-logo.jpg\",\"width\":217,\"height\":217,\"caption\":\"Saksavorst\"},\"image\":{\"@id\":\"https:\\\/\\\/saksavorst.ee\\\/lv\\\/#\\\/schema\\\/logo\\\/image\\\/\"},\"sameAs\":[\"https:\\\/\\\/www.facebook.com\\\/Veikand\"]}]}<\/script>\n<!-- \/ Yoast SEO plugin. -->","yoast_head_json":{"title":"Vulkanus asme\u0146i - rezerves komplekts - Saksavorst","robots":{"index":"index","follow":"follow","max-snippet":"max-snippet:-1","max-image-preview":"max-image-preview:large","max-video-preview":"max-video-preview:-1"},"canonical":"https:\/\/saksavorst.ee\/lv\/produkts\/vulkanus-asmeni-rezerves-komplekts\/","og_locale":"lv_LV","og_type":"article","og_title":"Vulkanus asme\u0146i - rezerves komplekts - Saksavorst","og_description":"Ar Vulkanus asin\u0101\u0161anas komplektu j\u016bs varat nomain\u012bt Vulkanus na\u017eu asin\u0101t\u0101ja deta\u013cas.  Ja radu\u0161ies papildu jaut\u0101jumi, l\u016bdzu, sazinieties ar p\u0101rdo\u0161anas vad\u012bt\u0101ju Kersti S\u0113sku (Kersti S\u00e4\u00e4sk), t\u0101lrunis: +372 504 6928 vai e-pasts: kersti.saask@veikand.ee","og_url":"https:\/\/saksavorst.ee\/lv\/produkts\/vulkanus-asmeni-rezerves-komplekts\/","og_site_name":"Saksavorst","article_publisher":"https:\/\/www.facebook.com\/Veikand","article_modified_time":"2025-09-19T10:45:58+00:00","og_image":[{"width":800,"height":800,"url":"https:\/\/saksavorst.ee\/wp-content\/uploads\/2023\/02\/Vulkanuse-terad-vahetuskomplekt-2-1.png","type":"image\/png"}],"twitter_card":"summary_large_image","twitter_misc":{"Est. reading time":"1 minute"},"schema":{"@context":"https:\/\/schema.org","@graph":[{"@type":"WebPage","@id":"https:\/\/saksavorst.ee\/lv\/produkts\/vulkanus-asmeni-rezerves-komplekts\/","url":"https:\/\/saksavorst.ee\/lv\/produkts\/vulkanus-asmeni-rezerves-komplekts\/","name":"Vulkanus asme\u0146i - rezerves komplekts - Saksavorst","isPartOf":{"@id":"https:\/\/saksavorst.ee\/lv\/#website"},"primaryImageOfPage":{"@id":"https:\/\/saksavorst.ee\/lv\/produkts\/vulkanus-asmeni-rezerves-komplekts\/#primaryimage"},"image":{"@id":"https:\/\/saksavorst.ee\/lv\/produkts\/vulkanus-asmeni-rezerves-komplekts\/#primaryimage"},"thumbnailUrl":"https:\/\/saksavorst.ee\/wp-content\/uploads\/2023\/02\/Vulkanuse-terad-vahetuskomplekt-2-1.png","datePublished":"2015-04-24T11:50:35+00:00","dateModified":"2025-09-19T10:45:58+00:00","breadcrumb":{"@id":"https:\/\/saksavorst.ee\/lv\/produkts\/vulkanus-asmeni-rezerves-komplekts\/#breadcrumb"},"inLanguage":"lv-LV","potentialAction":[{"@type":"ReadAction","target":["https:\/\/saksavorst.ee\/lv\/produkts\/vulkanus-asmeni-rezerves-komplekts\/"]}]},{"@type":"ImageObject","inLanguage":"lv-LV","@id":"https:\/\/saksavorst.ee\/lv\/produkts\/vulkanus-asmeni-rezerves-komplekts\/#primaryimage","url":"https:\/\/saksavorst.ee\/wp-content\/uploads\/2023\/02\/Vulkanuse-terad-vahetuskomplekt-2-1.png","contentUrl":"https:\/\/saksavorst.ee\/wp-content\/uploads\/2023\/02\/Vulkanuse-terad-vahetuskomplekt-2-1.png","width":800,"height":800},{"@type":"BreadcrumbList","@id":"https:\/\/saksavorst.ee\/lv\/produkts\/vulkanus-asmeni-rezerves-komplekts\/#breadcrumb","itemListElement":[{"@type":"ListItem","position":1,"name":"Home","item":"https:\/\/saksavorst.ee\/lv\/"},{"@type":"ListItem","position":2,"name":"Veikals","item":"https:\/\/saksavorst.ee\/lv\/veikals\/"},{"@type":"ListItem","position":3,"name":"Vulkanus asme\u0146i &#8211; rezerves komplekts"}]},{"@type":"WebSite","@id":"https:\/\/saksavorst.ee\/lv\/#website","url":"https:\/\/saksavorst.ee\/lv\/","name":"Saksavorst","description":"Feel the taste of emotions","publisher":{"@id":"https:\/\/saksavorst.ee\/lv\/#organization"},"alternateName":"Veikand","potentialAction":[{"@type":"SearchAction","target":{"@type":"EntryPoint","urlTemplate":"https:\/\/saksavorst.ee\/lv\/?s={search_term_string}"},"query-input":{"@type":"PropertyValueSpecification","valueRequired":true,"valueName":"search_term_string"}}],"inLanguage":"lv-LV"},{"@type":"Organization","@id":"https:\/\/saksavorst.ee\/lv\/#organization","name":"Saksavorst","alternateName":"Veikand","url":"https:\/\/saksavorst.ee\/lv\/","logo":{"@type":"ImageObject","inLanguage":"lv-LV","@id":"https:\/\/saksavorst.ee\/lv\/#\/schema\/logo\/image\/","url":"https:\/\/saksavorst.ee\/wp-content\/uploads\/2023\/05\/veikand-logo.jpg","contentUrl":"https:\/\/saksavorst.ee\/wp-content\/uploads\/2023\/05\/veikand-logo.jpg","width":217,"height":217,"caption":"Saksavorst"},"image":{"@id":"https:\/\/saksavorst.ee\/lv\/#\/schema\/logo\/image\/"},"sameAs":["https:\/\/www.facebook.com\/Veikand"]}]}},"_links":{"self":[{"href":"https:\/\/saksavorst.ee\/lv\/wp-json\/wp\/v2\/product\/21163","targetHints":{"allow":["GET"]}}],"collection":[{"href":"https:\/\/saksavorst.ee\/lv\/wp-json\/wp\/v2\/product"}],"about":[{"href":"https:\/\/saksavorst.ee\/lv\/wp-json\/wp\/v2\/types\/product"}],"version-history":[{"count":1,"href":"https:\/\/saksavorst.ee\/lv\/wp-json\/wp\/v2\/product\/21163\/revisions"}],"predecessor-version":[{"id":40845,"href":"https:\/\/saksavorst.ee\/lv\/wp-json\/wp\/v2\/product\/21163\/revisions\/40845"}],"wp:featuredmedia":[{"embeddable":true,"href":"https:\/\/saksavorst.ee\/lv\/wp-json\/wp\/v2\/media\/13392"}],"wp:attachment":[{"href":"https:\/\/saksavorst.ee\/lv\/wp-json\/wp\/v2\/media?parent=21163"}],"wp:term":[{"taxonomy":"product_brand","embeddable":true,"href":"https:\/\/saksavorst.ee\/lv\/wp-json\/wp\/v2\/product_brand?post=21163"},{"taxonomy":"product_cat","embeddable":true,"href":"https:\/\/saksavorst.ee\/lv\/wp-json\/wp\/v2\/product_cat?post=21163"},{"taxonomy":"product_tag","embeddable":true,"href":"https:\/\/saksavorst.ee\/lv\/wp-json\/wp\/v2\/product_tag?post=21163"}],"curies":[{"name":"wp","href":"https:\/\/api.w.org\/{rel}","templated":true}]}}