{"id":21160,"date":"2015-05-19T10:25:45","date_gmt":"2015-05-19T08:25:45","guid":{"rendered":"https:\/\/saksavorst.ee\/product\/galasmasina-tc22i-deluxe\/"},"modified":"2025-10-16T13:57:40","modified_gmt":"2025-10-16T11:57:40","slug":"galasmasina-tc22i-deluxe","status":"publish","type":"product","link":"https:\/\/saksavorst.ee\/lv\/produkts\/galasmasina-tc22i-deluxe\/","title":{"rendered":"Ga\u013casma\u0161\u012bna TC22I Deluxe"},"content":{"rendered":"<p>Ra\u017eot\u0101js: Hakka Brothers<\/p>\n<p>Tips\/modelis: TC22\u00a0unger system<\/p>\n<p>Ner\u016bs\u0113jo\u0161ais<\/p>\n<p>Re\u017e\u0123a diametrs: 82 mm 2 na\u017ei + 3 restes (6 mm un 8 restes)<\/p>\n<p>Produktivit\u0101te: 300 kg\/h<\/p>\n<p>Elektrisk\u0101 jauda kW\/A: 1,1 kW \/ 220 V \/ 50 Hz<\/p>\n<p>\u0100r\u0113jie izm\u0113ri G x Pl x A: 490 x 305 x 607 mm<\/p>\n<p>Svars: 37 kg<\/p>\n<p>Rokasgr\u0101mata <a href=\"https:\/\/saksavorst.ee\/wp-content\/uploads\/2015\/05\/meat-grinder-manual.pdf\">Meat grinder manual<\/a><\/p>\n","protected":false},"excerpt":{"rendered":"<p>Ga\u013cas gabalu mal\u0161anai desu ra\u017eo\u0161an\u0101. Piem\u0113rots medniekiem un m\u0101jas desu gatavot\u0101jiem.<\/p>\n","protected":false},"featured_media":32091,"template":"","meta":{"_acf_changed":false},"product_brand":[],"product_cat":[333,334],"product_tag":[],"class_list":{"0":"post-21160","1":"product","2":"type-product","3":"status-publish","4":"has-post-thumbnail","6":"product_cat-aprikojums","7":"product_cat-visi-produkti","8":"product_shipping_class-neder-pakomatam","10":"first","11":"instock","12":"taxable","13":"shipping-taxable","14":"purchasable","15":"product-type-simple"},"acf":[],"yoast_head":"<!-- This site is optimized with the Yoast SEO plugin v27.3 - https:\/\/yoast.com\/product\/yoast-seo-wordpress\/ -->\n<title>Ga\u013casma\u0161\u012bna TC22I Deluxe - Saksavorst<\/title>\n<meta name=\"robots\" content=\"index, follow, max-snippet:-1, max-image-preview:large, max-video-preview:-1\" \/>\n<link rel=\"canonical\" href=\"https:\/\/saksavorst.ee\/lv\/produkts\/galasmasina-tc22i-deluxe\/\" \/>\n<meta property=\"og:locale\" content=\"lv_LV\" \/>\n<meta property=\"og:type\" content=\"article\" \/>\n<meta property=\"og:title\" content=\"Ga\u013casma\u0161\u012bna TC22I Deluxe - Saksavorst\" \/>\n<meta property=\"og:description\" content=\"Ga\u013cas gabalu mal\u0161anai desu ra\u017eo\u0161an\u0101. Piem\u0113rots medniekiem un m\u0101jas desu gatavot\u0101jiem.\" \/>\n<meta property=\"og:url\" content=\"https:\/\/saksavorst.ee\/lv\/produkts\/galasmasina-tc22i-deluxe\/\" \/>\n<meta property=\"og:site_name\" content=\"Saksavorst\" \/>\n<meta property=\"article:publisher\" content=\"https:\/\/www.facebook.com\/Veikand\" \/>\n<meta property=\"article:modified_time\" content=\"2025-10-16T11:57:40+00:00\" \/>\n<meta property=\"og:image\" content=\"https:\/\/saksavorst.ee\/wp-content\/uploads\/2015\/05\/hakklihamasin-tc22i-deluxe-1.png\" \/>\n\t<meta property=\"og:image:width\" content=\"800\" \/>\n\t<meta property=\"og:image:height\" content=\"800\" \/>\n\t<meta property=\"og:image:type\" content=\"image\/png\" \/>\n<meta name=\"twitter:card\" content=\"summary_large_image\" \/>\n<meta name=\"twitter:label1\" content=\"Est. reading time\" \/>\n\t<meta name=\"twitter:data1\" content=\"1 minute\" \/>\n<script type=\"application\/ld+json\" class=\"yoast-schema-graph\">{\"@context\":\"https:\\\/\\\/schema.org\",\"@graph\":[{\"@type\":\"WebPage\",\"@id\":\"https:\\\/\\\/saksavorst.ee\\\/lv\\\/produkts\\\/galasmasina-tc22i-deluxe\\\/\",\"url\":\"https:\\\/\\\/saksavorst.ee\\\/lv\\\/produkts\\\/galasmasina-tc22i-deluxe\\\/\",\"name\":\"Ga\u013casma\u0161\u012bna TC22I Deluxe - Saksavorst\",\"isPartOf\":{\"@id\":\"https:\\\/\\\/saksavorst.ee\\\/lv\\\/#website\"},\"primaryImageOfPage\":{\"@id\":\"https:\\\/\\\/saksavorst.ee\\\/lv\\\/produkts\\\/galasmasina-tc22i-deluxe\\\/#primaryimage\"},\"image\":{\"@id\":\"https:\\\/\\\/saksavorst.ee\\\/lv\\\/produkts\\\/galasmasina-tc22i-deluxe\\\/#primaryimage\"},\"thumbnailUrl\":\"https:\\\/\\\/saksavorst.ee\\\/wp-content\\\/uploads\\\/2015\\\/05\\\/hakklihamasin-tc22i-deluxe-1.png\",\"datePublished\":\"2015-05-19T08:25:45+00:00\",\"dateModified\":\"2025-10-16T11:57:40+00:00\",\"breadcrumb\":{\"@id\":\"https:\\\/\\\/saksavorst.ee\\\/lv\\\/produkts\\\/galasmasina-tc22i-deluxe\\\/#breadcrumb\"},\"inLanguage\":\"lv-LV\",\"potentialAction\":[{\"@type\":\"ReadAction\",\"target\":[\"https:\\\/\\\/saksavorst.ee\\\/lv\\\/produkts\\\/galasmasina-tc22i-deluxe\\\/\"]}]},{\"@type\":\"ImageObject\",\"inLanguage\":\"lv-LV\",\"@id\":\"https:\\\/\\\/saksavorst.ee\\\/lv\\\/produkts\\\/galasmasina-tc22i-deluxe\\\/#primaryimage\",\"url\":\"https:\\\/\\\/saksavorst.ee\\\/wp-content\\\/uploads\\\/2015\\\/05\\\/hakklihamasin-tc22i-deluxe-1.png\",\"contentUrl\":\"https:\\\/\\\/saksavorst.ee\\\/wp-content\\\/uploads\\\/2015\\\/05\\\/hakklihamasin-tc22i-deluxe-1.png\",\"width\":800,\"height\":800},{\"@type\":\"BreadcrumbList\",\"@id\":\"https:\\\/\\\/saksavorst.ee\\\/lv\\\/produkts\\\/galasmasina-tc22i-deluxe\\\/#breadcrumb\",\"itemListElement\":[{\"@type\":\"ListItem\",\"position\":1,\"name\":\"Home\",\"item\":\"https:\\\/\\\/saksavorst.ee\\\/lv\\\/\"},{\"@type\":\"ListItem\",\"position\":2,\"name\":\"Veikals\",\"item\":\"https:\\\/\\\/saksavorst.ee\\\/lv\\\/veikals\\\/\"},{\"@type\":\"ListItem\",\"position\":3,\"name\":\"Ga\u013casma\u0161\u012bna TC22I Deluxe\"}]},{\"@type\":\"WebSite\",\"@id\":\"https:\\\/\\\/saksavorst.ee\\\/lv\\\/#website\",\"url\":\"https:\\\/\\\/saksavorst.ee\\\/lv\\\/\",\"name\":\"Saksavorst\",\"description\":\"Feel the taste of emotions\",\"publisher\":{\"@id\":\"https:\\\/\\\/saksavorst.ee\\\/lv\\\/#organization\"},\"alternateName\":\"Veikand\",\"potentialAction\":[{\"@type\":\"SearchAction\",\"target\":{\"@type\":\"EntryPoint\",\"urlTemplate\":\"https:\\\/\\\/saksavorst.ee\\\/lv\\\/?s={search_term_string}\"},\"query-input\":{\"@type\":\"PropertyValueSpecification\",\"valueRequired\":true,\"valueName\":\"search_term_string\"}}],\"inLanguage\":\"lv-LV\"},{\"@type\":\"Organization\",\"@id\":\"https:\\\/\\\/saksavorst.ee\\\/lv\\\/#organization\",\"name\":\"Saksavorst\",\"alternateName\":\"Veikand\",\"url\":\"https:\\\/\\\/saksavorst.ee\\\/lv\\\/\",\"logo\":{\"@type\":\"ImageObject\",\"inLanguage\":\"lv-LV\",\"@id\":\"https:\\\/\\\/saksavorst.ee\\\/lv\\\/#\\\/schema\\\/logo\\\/image\\\/\",\"url\":\"https:\\\/\\\/saksavorst.ee\\\/wp-content\\\/uploads\\\/2023\\\/05\\\/veikand-logo.jpg\",\"contentUrl\":\"https:\\\/\\\/saksavorst.ee\\\/wp-content\\\/uploads\\\/2023\\\/05\\\/veikand-logo.jpg\",\"width\":217,\"height\":217,\"caption\":\"Saksavorst\"},\"image\":{\"@id\":\"https:\\\/\\\/saksavorst.ee\\\/lv\\\/#\\\/schema\\\/logo\\\/image\\\/\"},\"sameAs\":[\"https:\\\/\\\/www.facebook.com\\\/Veikand\"]}]}<\/script>\n<!-- \/ Yoast SEO plugin. -->","yoast_head_json":{"title":"Ga\u013casma\u0161\u012bna TC22I Deluxe - Saksavorst","robots":{"index":"index","follow":"follow","max-snippet":"max-snippet:-1","max-image-preview":"max-image-preview:large","max-video-preview":"max-video-preview:-1"},"canonical":"https:\/\/saksavorst.ee\/lv\/produkts\/galasmasina-tc22i-deluxe\/","og_locale":"lv_LV","og_type":"article","og_title":"Ga\u013casma\u0161\u012bna TC22I Deluxe - Saksavorst","og_description":"Ga\u013cas gabalu mal\u0161anai desu ra\u017eo\u0161an\u0101. Piem\u0113rots medniekiem un m\u0101jas desu gatavot\u0101jiem.","og_url":"https:\/\/saksavorst.ee\/lv\/produkts\/galasmasina-tc22i-deluxe\/","og_site_name":"Saksavorst","article_publisher":"https:\/\/www.facebook.com\/Veikand","article_modified_time":"2025-10-16T11:57:40+00:00","og_image":[{"width":800,"height":800,"url":"https:\/\/saksavorst.ee\/wp-content\/uploads\/2015\/05\/hakklihamasin-tc22i-deluxe-1.png","type":"image\/png"}],"twitter_card":"summary_large_image","twitter_misc":{"Est. reading time":"1 minute"},"schema":{"@context":"https:\/\/schema.org","@graph":[{"@type":"WebPage","@id":"https:\/\/saksavorst.ee\/lv\/produkts\/galasmasina-tc22i-deluxe\/","url":"https:\/\/saksavorst.ee\/lv\/produkts\/galasmasina-tc22i-deluxe\/","name":"Ga\u013casma\u0161\u012bna TC22I Deluxe - Saksavorst","isPartOf":{"@id":"https:\/\/saksavorst.ee\/lv\/#website"},"primaryImageOfPage":{"@id":"https:\/\/saksavorst.ee\/lv\/produkts\/galasmasina-tc22i-deluxe\/#primaryimage"},"image":{"@id":"https:\/\/saksavorst.ee\/lv\/produkts\/galasmasina-tc22i-deluxe\/#primaryimage"},"thumbnailUrl":"https:\/\/saksavorst.ee\/wp-content\/uploads\/2015\/05\/hakklihamasin-tc22i-deluxe-1.png","datePublished":"2015-05-19T08:25:45+00:00","dateModified":"2025-10-16T11:57:40+00:00","breadcrumb":{"@id":"https:\/\/saksavorst.ee\/lv\/produkts\/galasmasina-tc22i-deluxe\/#breadcrumb"},"inLanguage":"lv-LV","potentialAction":[{"@type":"ReadAction","target":["https:\/\/saksavorst.ee\/lv\/produkts\/galasmasina-tc22i-deluxe\/"]}]},{"@type":"ImageObject","inLanguage":"lv-LV","@id":"https:\/\/saksavorst.ee\/lv\/produkts\/galasmasina-tc22i-deluxe\/#primaryimage","url":"https:\/\/saksavorst.ee\/wp-content\/uploads\/2015\/05\/hakklihamasin-tc22i-deluxe-1.png","contentUrl":"https:\/\/saksavorst.ee\/wp-content\/uploads\/2015\/05\/hakklihamasin-tc22i-deluxe-1.png","width":800,"height":800},{"@type":"BreadcrumbList","@id":"https:\/\/saksavorst.ee\/lv\/produkts\/galasmasina-tc22i-deluxe\/#breadcrumb","itemListElement":[{"@type":"ListItem","position":1,"name":"Home","item":"https:\/\/saksavorst.ee\/lv\/"},{"@type":"ListItem","position":2,"name":"Veikals","item":"https:\/\/saksavorst.ee\/lv\/veikals\/"},{"@type":"ListItem","position":3,"name":"Ga\u013casma\u0161\u012bna TC22I Deluxe"}]},{"@type":"WebSite","@id":"https:\/\/saksavorst.ee\/lv\/#website","url":"https:\/\/saksavorst.ee\/lv\/","name":"Saksavorst","description":"Feel the taste of emotions","publisher":{"@id":"https:\/\/saksavorst.ee\/lv\/#organization"},"alternateName":"Veikand","potentialAction":[{"@type":"SearchAction","target":{"@type":"EntryPoint","urlTemplate":"https:\/\/saksavorst.ee\/lv\/?s={search_term_string}"},"query-input":{"@type":"PropertyValueSpecification","valueRequired":true,"valueName":"search_term_string"}}],"inLanguage":"lv-LV"},{"@type":"Organization","@id":"https:\/\/saksavorst.ee\/lv\/#organization","name":"Saksavorst","alternateName":"Veikand","url":"https:\/\/saksavorst.ee\/lv\/","logo":{"@type":"ImageObject","inLanguage":"lv-LV","@id":"https:\/\/saksavorst.ee\/lv\/#\/schema\/logo\/image\/","url":"https:\/\/saksavorst.ee\/wp-content\/uploads\/2023\/05\/veikand-logo.jpg","contentUrl":"https:\/\/saksavorst.ee\/wp-content\/uploads\/2023\/05\/veikand-logo.jpg","width":217,"height":217,"caption":"Saksavorst"},"image":{"@id":"https:\/\/saksavorst.ee\/lv\/#\/schema\/logo\/image\/"},"sameAs":["https:\/\/www.facebook.com\/Veikand"]}]}},"_links":{"self":[{"href":"https:\/\/saksavorst.ee\/lv\/wp-json\/wp\/v2\/product\/21160","targetHints":{"allow":["GET"]}}],"collection":[{"href":"https:\/\/saksavorst.ee\/lv\/wp-json\/wp\/v2\/product"}],"about":[{"href":"https:\/\/saksavorst.ee\/lv\/wp-json\/wp\/v2\/types\/product"}],"version-history":[{"count":1,"href":"https:\/\/saksavorst.ee\/lv\/wp-json\/wp\/v2\/product\/21160\/revisions"}],"predecessor-version":[{"id":45999,"href":"https:\/\/saksavorst.ee\/lv\/wp-json\/wp\/v2\/product\/21160\/revisions\/45999"}],"wp:featuredmedia":[{"embeddable":true,"href":"https:\/\/saksavorst.ee\/lv\/wp-json\/wp\/v2\/media\/32091"}],"wp:attachment":[{"href":"https:\/\/saksavorst.ee\/lv\/wp-json\/wp\/v2\/media?parent=21160"}],"wp:term":[{"taxonomy":"product_brand","embeddable":true,"href":"https:\/\/saksavorst.ee\/lv\/wp-json\/wp\/v2\/product_brand?post=21160"},{"taxonomy":"product_cat","embeddable":true,"href":"https:\/\/saksavorst.ee\/lv\/wp-json\/wp\/v2\/product_cat?post=21160"},{"taxonomy":"product_tag","embeddable":true,"href":"https:\/\/saksavorst.ee\/lv\/wp-json\/wp\/v2\/product_tag?post=21160"}],"curies":[{"name":"wp","href":"https:\/\/api.w.org\/{rel}","templated":true}]}}