{"id":21155,"date":"2015-07-02T12:38:34","date_gmt":"2015-07-02T10:38:34","guid":{"rendered":"https:\/\/saksavorst.ee\/product\/pienskabes-enzims-marzyme-mt-2200\/"},"modified":"2025-09-16T14:28:28","modified_gmt":"2025-09-16T12:28:28","slug":"pienskabes-enzims-marzyme-mt-2200","status":"publish","type":"product","link":"https:\/\/saksavorst.ee\/lv\/produkts\/pienskabes-enzims-marzyme-mt-2200\/","title":{"rendered":"Piensk\u0101bes enz\u012bms Marzyme MT 2200"},"content":{"rendered":"<p><strong>Sast\u0101v\u0101: <\/strong>Prote\u0101ze (no <em>Rhizomucor miehei), <\/em>n\u0101trija hlor\u012bds<\/p>\n<p><strong>Lieto\u0161ana: <\/strong>Ieteicamie tipveida doz\u0113\u0161anas daudzumi:<\/p>\n<p>Fromage fraise 0,3 g + 3 ml \u016bdens \/ uz 100 l piena<\/p>\n<p>Kazas siers 0,3&#8230;0,65 g + 3&#8230;6,5 ml \u016bdens \/ uz 100 l piena<\/p>\n<p>Puscietais siers 1,2&#8230;1,5 g + 12&#8230;15 ml \u016bdens \/ uz 100 l piena<\/p>\n<p>\u010cedaras un It\u0101lijas siers 2,3&#8230;2,7 g + 23&#8230;27 ml \u016bdens \/ uz 100 l piena<\/p>\n<p><u>*Individu\u0101li doz\u0113jamo devu daudzumi ir atkar\u012bgi no \u0161\u0101diem faktoriem: <\/u><\/p>\n<p>&#8211; no siera piena temperat\u016bras,<\/p>\n<p>&#8211; no siera piena pH, pievienojot siera fermentu,<\/p>\n<p>&#8211; no siera veida un v\u0113lam\u0101 rec\u0113\u0161anas laika,<\/p>\n<p>&#8211; no ierauga \u012bpa\u0161\u012bb\u0101m,<\/p>\n<p>&#8211; no dab\u012bg\u0101\/pievienot\u0101 kalcija satura.<\/p>\n<p><strong>Lieto\u0161anas pam\u0101c\u012bba: <\/strong>Lieto\u0161anas daudzums atkar\u012bgs no izmantot\u0101s tehnolo\u0123ijas un v\u0113lam\u0101 produkta \u012bpa\u0161\u012bb\u0101m. Piensk\u0101bes enz\u012bmam ir divk\u0101r\u0161s efekts siera gatavo\u0161anas proces\u0101:1) Kappa kaze\u012bna hidrol\u012bze, k\u0101 rezult\u0101t\u0101 notiek piena sarec\u0113\u0161ana. 2) proteol\u012btisk\u0101 aktivit\u0101te siera nogatavin\u0101\u0161anas proces\u0101.<\/p>\n<p>Piensk\u0101bes enz\u012bms pieejams pulvera veid\u0101, labi \u0161\u0137\u012bst. Iz\u0161\u0137\u012bdin\u0101t aukst\u0101 dzeramaj\u0101 \u016bden\u012b (bez hlora). Pirms lieto\u0161anas at\u0161\u0137aid\u012bt attiec\u012bb\u0101 1\/9 (piem\u0113ram: iz\u0161\u0137\u012bdin\u0101t 100 g pulvera 900 ml auksta dzeram\u0101 \u016bdens).<\/p>\n<p>T\u0101l\u0101k sniegtie dati ir visp\u0101r\u012bgi vid\u0113ji ieteicamie daudzumi, ko pievienot uz 100 l piena:<\/p>\n<p>Pask\u0101bin\u0101ts svaigs siers 300 \u2013 900 IMCU<\/p>\n<p>Svaigais siers 1000 \u2013 1800 IMCU<\/p>\n<p>Puscietais siers 2600 \u2013 3300 IMCU<\/p>\n<p>\u010cedaras un It\u0101lijas puscietais siers 5100 \u2013 5900 IMCU<\/p>\n<p><strong>Uzglab\u0101\u0161ana: <\/strong>Uzglab\u0101t ori\u0123in\u0101laj\u0101 iepakojum\u0101 v\u0113s\u0101, saus\u0101 un tum\u0161\u0101 viet\u0101. Transport\u0113\u0161ana istabas temperat\u016br\u0101. Glab\u0101\u0161anas laiks: 24 m\u0113ne\u0161i no izgatavo\u0161anas datuma temperat\u016br\u0101 no 0 \u00b0C l\u012bdz +7 \u00b0C.<\/p>\n<p><strong>Ra\u017eots: <\/strong>DuPont Danisco France SAS<\/p>\n<p>Halal un Kosher sertifik\u0101ts<\/p>\n","protected":false},"excerpt":{"rendered":"<p>Marzyme ir piensk\u0101bes enz\u012bms, ko ra\u017eo att\u012br\u012bta <em>Rhizomucor miehei<\/em> kult\u016bra. Marzyme MT 2200 (2200 IMCU \/ g (International Milk Clotting Units)) pieder pie mikrobiolo\u0123iskas izcelsmes piensk\u0101bes enz\u012bmu grupas.<\/p>\n","protected":false},"featured_media":13590,"template":"","meta":{"_acf_changed":false},"product_brand":[],"product_cat":[328,326,327],"product_tag":[],"class_list":{"0":"post-21155","1":"product","2":"type-product","3":"status-publish","4":"has-post-thumbnail","6":"product_cat-biezpiens","7":"product_cat-skabais","8":"product_cat-siers","10":"first","11":"instock","12":"taxable","13":"shipping-taxable","14":"purchasable","15":"product-type-simple"},"acf":[],"yoast_head":"<!-- This site is optimized with the Yoast SEO plugin v27.3 - https:\/\/yoast.com\/product\/yoast-seo-wordpress\/ -->\n<title>Piensk\u0101bes enz\u012bms Marzyme MT 2200 - Saksavorst<\/title>\n<meta name=\"robots\" content=\"index, follow, max-snippet:-1, max-image-preview:large, max-video-preview:-1\" \/>\n<link rel=\"canonical\" href=\"https:\/\/saksavorst.ee\/lv\/produkts\/pienskabes-enzims-marzyme-mt-2200\/\" \/>\n<meta property=\"og:locale\" content=\"lv_LV\" \/>\n<meta property=\"og:type\" content=\"article\" \/>\n<meta property=\"og:title\" content=\"Piensk\u0101bes enz\u012bms Marzyme MT 2200 - Saksavorst\" \/>\n<meta property=\"og:description\" content=\"Marzyme ir piensk\u0101bes enz\u012bms, ko ra\u017eo att\u012br\u012bta Rhizomucor miehei kult\u016bra. Marzyme MT 2200 (2200 IMCU \/ g (International Milk Clotting Units)) pieder pie mikrobiolo\u0123iskas izcelsmes piensk\u0101bes enz\u012bmu grupas.\" \/>\n<meta property=\"og:url\" content=\"https:\/\/saksavorst.ee\/lv\/produkts\/pienskabes-enzims-marzyme-mt-2200\/\" \/>\n<meta property=\"og:site_name\" content=\"Saksavorst\" \/>\n<meta property=\"article:publisher\" content=\"https:\/\/www.facebook.com\/Veikand\" \/>\n<meta property=\"article:modified_time\" content=\"2025-09-16T12:28:28+00:00\" \/>\n<meta property=\"og:image\" content=\"https:\/\/saksavorst.ee\/wp-content\/uploads\/2023\/02\/Marzyme-MT-2200-1-1.png\" \/>\n\t<meta property=\"og:image:width\" content=\"800\" \/>\n\t<meta property=\"og:image:height\" content=\"800\" \/>\n\t<meta property=\"og:image:type\" content=\"image\/png\" \/>\n<meta name=\"twitter:card\" content=\"summary_large_image\" \/>\n<meta name=\"twitter:label1\" content=\"Est. reading time\" \/>\n\t<meta name=\"twitter:data1\" content=\"2 minutes\" \/>\n<script type=\"application\/ld+json\" class=\"yoast-schema-graph\">{\"@context\":\"https:\\\/\\\/schema.org\",\"@graph\":[{\"@type\":\"WebPage\",\"@id\":\"https:\\\/\\\/saksavorst.ee\\\/lv\\\/produkts\\\/pienskabes-enzims-marzyme-mt-2200\\\/\",\"url\":\"https:\\\/\\\/saksavorst.ee\\\/lv\\\/produkts\\\/pienskabes-enzims-marzyme-mt-2200\\\/\",\"name\":\"Piensk\u0101bes enz\u012bms Marzyme MT 2200 - Saksavorst\",\"isPartOf\":{\"@id\":\"https:\\\/\\\/saksavorst.ee\\\/lv\\\/#website\"},\"primaryImageOfPage\":{\"@id\":\"https:\\\/\\\/saksavorst.ee\\\/lv\\\/produkts\\\/pienskabes-enzims-marzyme-mt-2200\\\/#primaryimage\"},\"image\":{\"@id\":\"https:\\\/\\\/saksavorst.ee\\\/lv\\\/produkts\\\/pienskabes-enzims-marzyme-mt-2200\\\/#primaryimage\"},\"thumbnailUrl\":\"https:\\\/\\\/saksavorst.ee\\\/wp-content\\\/uploads\\\/2023\\\/02\\\/Marzyme-MT-2200-1-1.png\",\"datePublished\":\"2015-07-02T10:38:34+00:00\",\"dateModified\":\"2025-09-16T12:28:28+00:00\",\"breadcrumb\":{\"@id\":\"https:\\\/\\\/saksavorst.ee\\\/lv\\\/produkts\\\/pienskabes-enzims-marzyme-mt-2200\\\/#breadcrumb\"},\"inLanguage\":\"lv-LV\",\"potentialAction\":[{\"@type\":\"ReadAction\",\"target\":[\"https:\\\/\\\/saksavorst.ee\\\/lv\\\/produkts\\\/pienskabes-enzims-marzyme-mt-2200\\\/\"]}]},{\"@type\":\"ImageObject\",\"inLanguage\":\"lv-LV\",\"@id\":\"https:\\\/\\\/saksavorst.ee\\\/lv\\\/produkts\\\/pienskabes-enzims-marzyme-mt-2200\\\/#primaryimage\",\"url\":\"https:\\\/\\\/saksavorst.ee\\\/wp-content\\\/uploads\\\/2023\\\/02\\\/Marzyme-MT-2200-1-1.png\",\"contentUrl\":\"https:\\\/\\\/saksavorst.ee\\\/wp-content\\\/uploads\\\/2023\\\/02\\\/Marzyme-MT-2200-1-1.png\",\"width\":800,\"height\":800},{\"@type\":\"BreadcrumbList\",\"@id\":\"https:\\\/\\\/saksavorst.ee\\\/lv\\\/produkts\\\/pienskabes-enzims-marzyme-mt-2200\\\/#breadcrumb\",\"itemListElement\":[{\"@type\":\"ListItem\",\"position\":1,\"name\":\"Home\",\"item\":\"https:\\\/\\\/saksavorst.ee\\\/lv\\\/\"},{\"@type\":\"ListItem\",\"position\":2,\"name\":\"Veikals\",\"item\":\"https:\\\/\\\/saksavorst.ee\\\/lv\\\/veikals\\\/\"},{\"@type\":\"ListItem\",\"position\":3,\"name\":\"Piensk\u0101bes enz\u012bms Marzyme MT 2200\"}]},{\"@type\":\"WebSite\",\"@id\":\"https:\\\/\\\/saksavorst.ee\\\/lv\\\/#website\",\"url\":\"https:\\\/\\\/saksavorst.ee\\\/lv\\\/\",\"name\":\"Saksavorst\",\"description\":\"Feel the taste of emotions\",\"publisher\":{\"@id\":\"https:\\\/\\\/saksavorst.ee\\\/lv\\\/#organization\"},\"alternateName\":\"Veikand\",\"potentialAction\":[{\"@type\":\"SearchAction\",\"target\":{\"@type\":\"EntryPoint\",\"urlTemplate\":\"https:\\\/\\\/saksavorst.ee\\\/lv\\\/?s={search_term_string}\"},\"query-input\":{\"@type\":\"PropertyValueSpecification\",\"valueRequired\":true,\"valueName\":\"search_term_string\"}}],\"inLanguage\":\"lv-LV\"},{\"@type\":\"Organization\",\"@id\":\"https:\\\/\\\/saksavorst.ee\\\/lv\\\/#organization\",\"name\":\"Saksavorst\",\"alternateName\":\"Veikand\",\"url\":\"https:\\\/\\\/saksavorst.ee\\\/lv\\\/\",\"logo\":{\"@type\":\"ImageObject\",\"inLanguage\":\"lv-LV\",\"@id\":\"https:\\\/\\\/saksavorst.ee\\\/lv\\\/#\\\/schema\\\/logo\\\/image\\\/\",\"url\":\"https:\\\/\\\/saksavorst.ee\\\/wp-content\\\/uploads\\\/2023\\\/05\\\/veikand-logo.jpg\",\"contentUrl\":\"https:\\\/\\\/saksavorst.ee\\\/wp-content\\\/uploads\\\/2023\\\/05\\\/veikand-logo.jpg\",\"width\":217,\"height\":217,\"caption\":\"Saksavorst\"},\"image\":{\"@id\":\"https:\\\/\\\/saksavorst.ee\\\/lv\\\/#\\\/schema\\\/logo\\\/image\\\/\"},\"sameAs\":[\"https:\\\/\\\/www.facebook.com\\\/Veikand\"]}]}<\/script>\n<!-- \/ Yoast SEO plugin. -->","yoast_head_json":{"title":"Piensk\u0101bes enz\u012bms Marzyme MT 2200 - Saksavorst","robots":{"index":"index","follow":"follow","max-snippet":"max-snippet:-1","max-image-preview":"max-image-preview:large","max-video-preview":"max-video-preview:-1"},"canonical":"https:\/\/saksavorst.ee\/lv\/produkts\/pienskabes-enzims-marzyme-mt-2200\/","og_locale":"lv_LV","og_type":"article","og_title":"Piensk\u0101bes enz\u012bms Marzyme MT 2200 - Saksavorst","og_description":"Marzyme ir piensk\u0101bes enz\u012bms, ko ra\u017eo att\u012br\u012bta Rhizomucor miehei kult\u016bra. Marzyme MT 2200 (2200 IMCU \/ g (International Milk Clotting Units)) pieder pie mikrobiolo\u0123iskas izcelsmes piensk\u0101bes enz\u012bmu grupas.","og_url":"https:\/\/saksavorst.ee\/lv\/produkts\/pienskabes-enzims-marzyme-mt-2200\/","og_site_name":"Saksavorst","article_publisher":"https:\/\/www.facebook.com\/Veikand","article_modified_time":"2025-09-16T12:28:28+00:00","og_image":[{"width":800,"height":800,"url":"https:\/\/saksavorst.ee\/wp-content\/uploads\/2023\/02\/Marzyme-MT-2200-1-1.png","type":"image\/png"}],"twitter_card":"summary_large_image","twitter_misc":{"Est. reading time":"2 minutes"},"schema":{"@context":"https:\/\/schema.org","@graph":[{"@type":"WebPage","@id":"https:\/\/saksavorst.ee\/lv\/produkts\/pienskabes-enzims-marzyme-mt-2200\/","url":"https:\/\/saksavorst.ee\/lv\/produkts\/pienskabes-enzims-marzyme-mt-2200\/","name":"Piensk\u0101bes enz\u012bms Marzyme MT 2200 - Saksavorst","isPartOf":{"@id":"https:\/\/saksavorst.ee\/lv\/#website"},"primaryImageOfPage":{"@id":"https:\/\/saksavorst.ee\/lv\/produkts\/pienskabes-enzims-marzyme-mt-2200\/#primaryimage"},"image":{"@id":"https:\/\/saksavorst.ee\/lv\/produkts\/pienskabes-enzims-marzyme-mt-2200\/#primaryimage"},"thumbnailUrl":"https:\/\/saksavorst.ee\/wp-content\/uploads\/2023\/02\/Marzyme-MT-2200-1-1.png","datePublished":"2015-07-02T10:38:34+00:00","dateModified":"2025-09-16T12:28:28+00:00","breadcrumb":{"@id":"https:\/\/saksavorst.ee\/lv\/produkts\/pienskabes-enzims-marzyme-mt-2200\/#breadcrumb"},"inLanguage":"lv-LV","potentialAction":[{"@type":"ReadAction","target":["https:\/\/saksavorst.ee\/lv\/produkts\/pienskabes-enzims-marzyme-mt-2200\/"]}]},{"@type":"ImageObject","inLanguage":"lv-LV","@id":"https:\/\/saksavorst.ee\/lv\/produkts\/pienskabes-enzims-marzyme-mt-2200\/#primaryimage","url":"https:\/\/saksavorst.ee\/wp-content\/uploads\/2023\/02\/Marzyme-MT-2200-1-1.png","contentUrl":"https:\/\/saksavorst.ee\/wp-content\/uploads\/2023\/02\/Marzyme-MT-2200-1-1.png","width":800,"height":800},{"@type":"BreadcrumbList","@id":"https:\/\/saksavorst.ee\/lv\/produkts\/pienskabes-enzims-marzyme-mt-2200\/#breadcrumb","itemListElement":[{"@type":"ListItem","position":1,"name":"Home","item":"https:\/\/saksavorst.ee\/lv\/"},{"@type":"ListItem","position":2,"name":"Veikals","item":"https:\/\/saksavorst.ee\/lv\/veikals\/"},{"@type":"ListItem","position":3,"name":"Piensk\u0101bes enz\u012bms Marzyme MT 2200"}]},{"@type":"WebSite","@id":"https:\/\/saksavorst.ee\/lv\/#website","url":"https:\/\/saksavorst.ee\/lv\/","name":"Saksavorst","description":"Feel the taste of emotions","publisher":{"@id":"https:\/\/saksavorst.ee\/lv\/#organization"},"alternateName":"Veikand","potentialAction":[{"@type":"SearchAction","target":{"@type":"EntryPoint","urlTemplate":"https:\/\/saksavorst.ee\/lv\/?s={search_term_string}"},"query-input":{"@type":"PropertyValueSpecification","valueRequired":true,"valueName":"search_term_string"}}],"inLanguage":"lv-LV"},{"@type":"Organization","@id":"https:\/\/saksavorst.ee\/lv\/#organization","name":"Saksavorst","alternateName":"Veikand","url":"https:\/\/saksavorst.ee\/lv\/","logo":{"@type":"ImageObject","inLanguage":"lv-LV","@id":"https:\/\/saksavorst.ee\/lv\/#\/schema\/logo\/image\/","url":"https:\/\/saksavorst.ee\/wp-content\/uploads\/2023\/05\/veikand-logo.jpg","contentUrl":"https:\/\/saksavorst.ee\/wp-content\/uploads\/2023\/05\/veikand-logo.jpg","width":217,"height":217,"caption":"Saksavorst"},"image":{"@id":"https:\/\/saksavorst.ee\/lv\/#\/schema\/logo\/image\/"},"sameAs":["https:\/\/www.facebook.com\/Veikand"]}]}},"_links":{"self":[{"href":"https:\/\/saksavorst.ee\/lv\/wp-json\/wp\/v2\/product\/21155","targetHints":{"allow":["GET"]}}],"collection":[{"href":"https:\/\/saksavorst.ee\/lv\/wp-json\/wp\/v2\/product"}],"about":[{"href":"https:\/\/saksavorst.ee\/lv\/wp-json\/wp\/v2\/types\/product"}],"version-history":[{"count":1,"href":"https:\/\/saksavorst.ee\/lv\/wp-json\/wp\/v2\/product\/21155\/revisions"}],"predecessor-version":[{"id":45950,"href":"https:\/\/saksavorst.ee\/lv\/wp-json\/wp\/v2\/product\/21155\/revisions\/45950"}],"wp:featuredmedia":[{"embeddable":true,"href":"https:\/\/saksavorst.ee\/lv\/wp-json\/wp\/v2\/media\/13590"}],"wp:attachment":[{"href":"https:\/\/saksavorst.ee\/lv\/wp-json\/wp\/v2\/media?parent=21155"}],"wp:term":[{"taxonomy":"product_brand","embeddable":true,"href":"https:\/\/saksavorst.ee\/lv\/wp-json\/wp\/v2\/product_brand?post=21155"},{"taxonomy":"product_cat","embeddable":true,"href":"https:\/\/saksavorst.ee\/lv\/wp-json\/wp\/v2\/product_cat?post=21155"},{"taxonomy":"product_tag","embeddable":true,"href":"https:\/\/saksavorst.ee\/lv\/wp-json\/wp\/v2\/product_tag?post=21155"}],"curies":[{"name":"wp","href":"https:\/\/api.w.org\/{rel}","templated":true}]}}