{"id":21154,"date":"2015-07-03T13:39:53","date_gmt":"2015-07-03T11:39:53","guid":{"rendered":"https:\/\/saksavorst.ee\/product\/ieraugs-choozit-ma-4001-lyo-5-dcu\/"},"modified":"2025-09-16T14:06:55","modified_gmt":"2025-09-16T12:06:55","slug":"ieraugs-choozit-ma-4001-lyo-5-dcu","status":"publish","type":"product","link":"https:\/\/saksavorst.ee\/lv\/produkts\/ieraugs-choozit-ma-4001-lyo-5-dcu\/","title":{"rendered":"Ieraugs CHOOZIT MA 4001 LYO 5 DCU"},"content":{"rendered":"<p><strong>Sast\u0101v\u0101: <\/strong><em>Lactococcus lactis <\/em>subsp. <em>lactis, Lactococcus lactis <\/em>subsp. <em>cremoris, Lactococcus lactis <\/em>subsp. <em>lactis biovar.diacetylactis, Streptococcus thermophilus<\/em><\/p>\n<p><strong>Lieto\u0161ana: <\/strong>Ieteicam\u0101 deva:<\/p>\n<p>Biezpiens 2,5 \u2013 5 DCU \/ uz 100 l piena<\/p>\n<p>Sk\u0101bais kr\u0113jums, r\u016bgu\u0161piens 2,5 \u2013 5 DCU \/ uz 100 l piena<\/p>\n<p>M\u012bkstie sieri 5 \u2013 10 DCU \/ uz 100 l piena<\/p>\n<p>Puscietie sieri 5 \u2013 10 DCU \/ uz 100 l piena<\/p>\n<p>*Doz\u0113jamie daudzumi sniegti ieteikumu veid\u0101. Doz\u0113jamais daudzums ir atkar\u012bgs no izmantot\u0101s tehnolo\u0123ijas, produkta tauku satura un v\u0113lam\u0101 galaprodukta \u012bpa\u0161\u012bb\u0101m.<\/p>\n<p><strong>Lieto\u0161anas pam\u0101c\u012bba: <\/strong>Uzglab\u0101t &lt; 4 \u00b0C temperat\u016br\u0101 un saus\u0101 viet\u0101. Uzglab\u0101jot m\u012bnus gr\u0101dos, pirms lieto\u0161anas iepakojumu paturiet istabas temperat\u016br\u0101 30 l\u012bdz 60 min\u016btes (lai nodro\u0161in\u0101tu kult\u016bras aktiviz\u0113\u0161anos). Pirms lieto\u0161anas p\u0101rbaudiet, vai ieraugs ir pulvera veid\u0101. Pievienot tie\u0161i gatavojamajam pienam, tikl\u012bdz mais\u012bt\u0101ja l\u0101psti\u0146as ir p\u0101rkl\u0101tas ar pienu. Izvair\u012bties no gaisa iek\u013c\u016b\u0161anas pien\u0101 un putu veido\u0161an\u0101s.<\/p>\n<p><u>Svar\u012bgs ieteikums: <\/u>ja produkts ir p\u0101rv\u0113rties par cietu masu, tas nav piem\u0113rots lieto\u0161anai un ir j\u0101izmet, lai kontrol\u0113tu pies\u0101r\u0146ojuma risku ar bakteriof\u0101giem. \u0160im nol\u016bkam attiec\u012bgo produktu gad\u012bjum\u0101 ar regul\u0101riem interv\u0101liem j\u0101nodro\u0161ina r\u016bpn\u012bcas un iek\u0101rtu mazg\u0101\u0161anas un dezinfekcijas efektivit\u0101te, lai t\u0101d\u0113j\u0101di ierobe\u017eotu bakteriof\u0101gu koncentr\u0101ciju. Ne\u013caujiet sist\u0113mai atgriezt da\u013cu galaprodukta ra\u017eo\u0161anas l\u012bnijas s\u0101kum\u0101, lai ierobe\u017eotu f\u0101ga izplat\u012bbu.<\/p>\n<p><strong>Uzglab\u0101\u0161ana: <\/strong>18 m\u0113ne\u0161i no izgatavo\u0161anas datuma &lt;= +4 \u00b0C temperat\u016br\u0101.<\/p>\n<p><strong>Ra\u017eots: <\/strong>Danisco France SAS<\/p>\n<p>Halal un Kosher sertifik\u0101ts<\/p>\n","protected":false},"excerpt":{"rendered":"<p>Heterofermentat\u012bv\u0101 mezofilo piensk\u0101bes bakt\u0113riju kult\u016bra sk\u0101bpiena produktu ra\u017eo\u0161anai. Ieraugs ir liofiliz\u0113ts, pulverveida un paredz\u0113ts pievieno\u0161anai tie\u0161i produktam.<\/p>\n","protected":false},"featured_media":13581,"template":"","meta":{"_acf_changed":false},"product_brand":[],"product_cat":[330,331,326,327,328],"product_tag":[],"class_list":{"0":"post-21154","1":"product","2":"type-product","3":"status-publish","4":"has-post-thumbnail","6":"product_cat-skabais-krejums","7":"product_cat-skabpiens","8":"product_cat-skabais","9":"product_cat-siers","10":"product_cat-biezpiens","12":"first","13":"outofstock","14":"taxable","15":"shipping-taxable","16":"purchasable","17":"product-type-simple"},"acf":[],"yoast_head":"<!-- This site is optimized with the Yoast SEO plugin v27.3 - https:\/\/yoast.com\/product\/yoast-seo-wordpress\/ -->\n<title>Ieraugs CHOOZIT MA 4001 LYO 5 DCU - Saksavorst<\/title>\n<meta name=\"robots\" content=\"index, follow, max-snippet:-1, max-image-preview:large, max-video-preview:-1\" \/>\n<link rel=\"canonical\" href=\"https:\/\/saksavorst.ee\/lv\/produkts\/ieraugs-choozit-ma-4001-lyo-5-dcu\/\" \/>\n<meta property=\"og:locale\" content=\"lv_LV\" \/>\n<meta property=\"og:type\" content=\"article\" \/>\n<meta property=\"og:title\" content=\"Ieraugs CHOOZIT MA 4001 LYO 5 DCU - Saksavorst\" \/>\n<meta property=\"og:description\" content=\"Heterofermentat\u012bv\u0101 mezofilo piensk\u0101bes bakt\u0113riju kult\u016bra sk\u0101bpiena produktu ra\u017eo\u0161anai. Ieraugs ir liofiliz\u0113ts, pulverveida un paredz\u0113ts pievieno\u0161anai tie\u0161i produktam.\" \/>\n<meta property=\"og:url\" content=\"https:\/\/saksavorst.ee\/lv\/produkts\/ieraugs-choozit-ma-4001-lyo-5-dcu\/\" \/>\n<meta property=\"og:site_name\" content=\"Saksavorst\" \/>\n<meta property=\"article:publisher\" content=\"https:\/\/www.facebook.com\/Veikand\" \/>\n<meta property=\"article:modified_time\" content=\"2025-09-16T12:06:55+00:00\" \/>\n<meta property=\"og:image\" content=\"https:\/\/saksavorst.ee\/wp-content\/uploads\/2023\/02\/Juuretis-CHOOZIT-MA-4001-LYO-5-DCU-1.png\" \/>\n\t<meta property=\"og:image:width\" content=\"800\" \/>\n\t<meta property=\"og:image:height\" content=\"800\" \/>\n\t<meta property=\"og:image:type\" content=\"image\/png\" \/>\n<meta name=\"twitter:card\" content=\"summary_large_image\" \/>\n<meta name=\"twitter:label1\" content=\"Est. reading time\" \/>\n\t<meta name=\"twitter:data1\" content=\"2 minutes\" \/>\n<script type=\"application\/ld+json\" class=\"yoast-schema-graph\">{\"@context\":\"https:\\\/\\\/schema.org\",\"@graph\":[{\"@type\":\"WebPage\",\"@id\":\"https:\\\/\\\/saksavorst.ee\\\/lv\\\/produkts\\\/ieraugs-choozit-ma-4001-lyo-5-dcu\\\/\",\"url\":\"https:\\\/\\\/saksavorst.ee\\\/lv\\\/produkts\\\/ieraugs-choozit-ma-4001-lyo-5-dcu\\\/\",\"name\":\"Ieraugs CHOOZIT MA 4001 LYO 5 DCU - Saksavorst\",\"isPartOf\":{\"@id\":\"https:\\\/\\\/saksavorst.ee\\\/lv\\\/#website\"},\"primaryImageOfPage\":{\"@id\":\"https:\\\/\\\/saksavorst.ee\\\/lv\\\/produkts\\\/ieraugs-choozit-ma-4001-lyo-5-dcu\\\/#primaryimage\"},\"image\":{\"@id\":\"https:\\\/\\\/saksavorst.ee\\\/lv\\\/produkts\\\/ieraugs-choozit-ma-4001-lyo-5-dcu\\\/#primaryimage\"},\"thumbnailUrl\":\"https:\\\/\\\/saksavorst.ee\\\/wp-content\\\/uploads\\\/2023\\\/02\\\/Juuretis-CHOOZIT-MA-4001-LYO-5-DCU-1.png\",\"datePublished\":\"2015-07-03T11:39:53+00:00\",\"dateModified\":\"2025-09-16T12:06:55+00:00\",\"breadcrumb\":{\"@id\":\"https:\\\/\\\/saksavorst.ee\\\/lv\\\/produkts\\\/ieraugs-choozit-ma-4001-lyo-5-dcu\\\/#breadcrumb\"},\"inLanguage\":\"lv-LV\",\"potentialAction\":[{\"@type\":\"ReadAction\",\"target\":[\"https:\\\/\\\/saksavorst.ee\\\/lv\\\/produkts\\\/ieraugs-choozit-ma-4001-lyo-5-dcu\\\/\"]}]},{\"@type\":\"ImageObject\",\"inLanguage\":\"lv-LV\",\"@id\":\"https:\\\/\\\/saksavorst.ee\\\/lv\\\/produkts\\\/ieraugs-choozit-ma-4001-lyo-5-dcu\\\/#primaryimage\",\"url\":\"https:\\\/\\\/saksavorst.ee\\\/wp-content\\\/uploads\\\/2023\\\/02\\\/Juuretis-CHOOZIT-MA-4001-LYO-5-DCU-1.png\",\"contentUrl\":\"https:\\\/\\\/saksavorst.ee\\\/wp-content\\\/uploads\\\/2023\\\/02\\\/Juuretis-CHOOZIT-MA-4001-LYO-5-DCU-1.png\",\"width\":800,\"height\":800},{\"@type\":\"BreadcrumbList\",\"@id\":\"https:\\\/\\\/saksavorst.ee\\\/lv\\\/produkts\\\/ieraugs-choozit-ma-4001-lyo-5-dcu\\\/#breadcrumb\",\"itemListElement\":[{\"@type\":\"ListItem\",\"position\":1,\"name\":\"Home\",\"item\":\"https:\\\/\\\/saksavorst.ee\\\/lv\\\/\"},{\"@type\":\"ListItem\",\"position\":2,\"name\":\"Veikals\",\"item\":\"https:\\\/\\\/saksavorst.ee\\\/lv\\\/veikals\\\/\"},{\"@type\":\"ListItem\",\"position\":3,\"name\":\"Ieraugs CHOOZIT MA 4001 LYO 5 DCU\"}]},{\"@type\":\"WebSite\",\"@id\":\"https:\\\/\\\/saksavorst.ee\\\/lv\\\/#website\",\"url\":\"https:\\\/\\\/saksavorst.ee\\\/lv\\\/\",\"name\":\"Saksavorst\",\"description\":\"Feel the taste of emotions\",\"publisher\":{\"@id\":\"https:\\\/\\\/saksavorst.ee\\\/lv\\\/#organization\"},\"alternateName\":\"Veikand\",\"potentialAction\":[{\"@type\":\"SearchAction\",\"target\":{\"@type\":\"EntryPoint\",\"urlTemplate\":\"https:\\\/\\\/saksavorst.ee\\\/lv\\\/?s={search_term_string}\"},\"query-input\":{\"@type\":\"PropertyValueSpecification\",\"valueRequired\":true,\"valueName\":\"search_term_string\"}}],\"inLanguage\":\"lv-LV\"},{\"@type\":\"Organization\",\"@id\":\"https:\\\/\\\/saksavorst.ee\\\/lv\\\/#organization\",\"name\":\"Saksavorst\",\"alternateName\":\"Veikand\",\"url\":\"https:\\\/\\\/saksavorst.ee\\\/lv\\\/\",\"logo\":{\"@type\":\"ImageObject\",\"inLanguage\":\"lv-LV\",\"@id\":\"https:\\\/\\\/saksavorst.ee\\\/lv\\\/#\\\/schema\\\/logo\\\/image\\\/\",\"url\":\"https:\\\/\\\/saksavorst.ee\\\/wp-content\\\/uploads\\\/2023\\\/05\\\/veikand-logo.jpg\",\"contentUrl\":\"https:\\\/\\\/saksavorst.ee\\\/wp-content\\\/uploads\\\/2023\\\/05\\\/veikand-logo.jpg\",\"width\":217,\"height\":217,\"caption\":\"Saksavorst\"},\"image\":{\"@id\":\"https:\\\/\\\/saksavorst.ee\\\/lv\\\/#\\\/schema\\\/logo\\\/image\\\/\"},\"sameAs\":[\"https:\\\/\\\/www.facebook.com\\\/Veikand\"]}]}<\/script>\n<!-- \/ Yoast SEO plugin. -->","yoast_head_json":{"title":"Ieraugs CHOOZIT MA 4001 LYO 5 DCU - Saksavorst","robots":{"index":"index","follow":"follow","max-snippet":"max-snippet:-1","max-image-preview":"max-image-preview:large","max-video-preview":"max-video-preview:-1"},"canonical":"https:\/\/saksavorst.ee\/lv\/produkts\/ieraugs-choozit-ma-4001-lyo-5-dcu\/","og_locale":"lv_LV","og_type":"article","og_title":"Ieraugs CHOOZIT MA 4001 LYO 5 DCU - Saksavorst","og_description":"Heterofermentat\u012bv\u0101 mezofilo piensk\u0101bes bakt\u0113riju kult\u016bra sk\u0101bpiena produktu ra\u017eo\u0161anai. Ieraugs ir liofiliz\u0113ts, pulverveida un paredz\u0113ts pievieno\u0161anai tie\u0161i produktam.","og_url":"https:\/\/saksavorst.ee\/lv\/produkts\/ieraugs-choozit-ma-4001-lyo-5-dcu\/","og_site_name":"Saksavorst","article_publisher":"https:\/\/www.facebook.com\/Veikand","article_modified_time":"2025-09-16T12:06:55+00:00","og_image":[{"width":800,"height":800,"url":"https:\/\/saksavorst.ee\/wp-content\/uploads\/2023\/02\/Juuretis-CHOOZIT-MA-4001-LYO-5-DCU-1.png","type":"image\/png"}],"twitter_card":"summary_large_image","twitter_misc":{"Est. reading time":"2 minutes"},"schema":{"@context":"https:\/\/schema.org","@graph":[{"@type":"WebPage","@id":"https:\/\/saksavorst.ee\/lv\/produkts\/ieraugs-choozit-ma-4001-lyo-5-dcu\/","url":"https:\/\/saksavorst.ee\/lv\/produkts\/ieraugs-choozit-ma-4001-lyo-5-dcu\/","name":"Ieraugs CHOOZIT MA 4001 LYO 5 DCU - Saksavorst","isPartOf":{"@id":"https:\/\/saksavorst.ee\/lv\/#website"},"primaryImageOfPage":{"@id":"https:\/\/saksavorst.ee\/lv\/produkts\/ieraugs-choozit-ma-4001-lyo-5-dcu\/#primaryimage"},"image":{"@id":"https:\/\/saksavorst.ee\/lv\/produkts\/ieraugs-choozit-ma-4001-lyo-5-dcu\/#primaryimage"},"thumbnailUrl":"https:\/\/saksavorst.ee\/wp-content\/uploads\/2023\/02\/Juuretis-CHOOZIT-MA-4001-LYO-5-DCU-1.png","datePublished":"2015-07-03T11:39:53+00:00","dateModified":"2025-09-16T12:06:55+00:00","breadcrumb":{"@id":"https:\/\/saksavorst.ee\/lv\/produkts\/ieraugs-choozit-ma-4001-lyo-5-dcu\/#breadcrumb"},"inLanguage":"lv-LV","potentialAction":[{"@type":"ReadAction","target":["https:\/\/saksavorst.ee\/lv\/produkts\/ieraugs-choozit-ma-4001-lyo-5-dcu\/"]}]},{"@type":"ImageObject","inLanguage":"lv-LV","@id":"https:\/\/saksavorst.ee\/lv\/produkts\/ieraugs-choozit-ma-4001-lyo-5-dcu\/#primaryimage","url":"https:\/\/saksavorst.ee\/wp-content\/uploads\/2023\/02\/Juuretis-CHOOZIT-MA-4001-LYO-5-DCU-1.png","contentUrl":"https:\/\/saksavorst.ee\/wp-content\/uploads\/2023\/02\/Juuretis-CHOOZIT-MA-4001-LYO-5-DCU-1.png","width":800,"height":800},{"@type":"BreadcrumbList","@id":"https:\/\/saksavorst.ee\/lv\/produkts\/ieraugs-choozit-ma-4001-lyo-5-dcu\/#breadcrumb","itemListElement":[{"@type":"ListItem","position":1,"name":"Home","item":"https:\/\/saksavorst.ee\/lv\/"},{"@type":"ListItem","position":2,"name":"Veikals","item":"https:\/\/saksavorst.ee\/lv\/veikals\/"},{"@type":"ListItem","position":3,"name":"Ieraugs CHOOZIT MA 4001 LYO 5 DCU"}]},{"@type":"WebSite","@id":"https:\/\/saksavorst.ee\/lv\/#website","url":"https:\/\/saksavorst.ee\/lv\/","name":"Saksavorst","description":"Feel the taste of emotions","publisher":{"@id":"https:\/\/saksavorst.ee\/lv\/#organization"},"alternateName":"Veikand","potentialAction":[{"@type":"SearchAction","target":{"@type":"EntryPoint","urlTemplate":"https:\/\/saksavorst.ee\/lv\/?s={search_term_string}"},"query-input":{"@type":"PropertyValueSpecification","valueRequired":true,"valueName":"search_term_string"}}],"inLanguage":"lv-LV"},{"@type":"Organization","@id":"https:\/\/saksavorst.ee\/lv\/#organization","name":"Saksavorst","alternateName":"Veikand","url":"https:\/\/saksavorst.ee\/lv\/","logo":{"@type":"ImageObject","inLanguage":"lv-LV","@id":"https:\/\/saksavorst.ee\/lv\/#\/schema\/logo\/image\/","url":"https:\/\/saksavorst.ee\/wp-content\/uploads\/2023\/05\/veikand-logo.jpg","contentUrl":"https:\/\/saksavorst.ee\/wp-content\/uploads\/2023\/05\/veikand-logo.jpg","width":217,"height":217,"caption":"Saksavorst"},"image":{"@id":"https:\/\/saksavorst.ee\/lv\/#\/schema\/logo\/image\/"},"sameAs":["https:\/\/www.facebook.com\/Veikand"]}]}},"_links":{"self":[{"href":"https:\/\/saksavorst.ee\/lv\/wp-json\/wp\/v2\/product\/21154","targetHints":{"allow":["GET"]}}],"collection":[{"href":"https:\/\/saksavorst.ee\/lv\/wp-json\/wp\/v2\/product"}],"about":[{"href":"https:\/\/saksavorst.ee\/lv\/wp-json\/wp\/v2\/types\/product"}],"version-history":[{"count":1,"href":"https:\/\/saksavorst.ee\/lv\/wp-json\/wp\/v2\/product\/21154\/revisions"}],"predecessor-version":[{"id":45926,"href":"https:\/\/saksavorst.ee\/lv\/wp-json\/wp\/v2\/product\/21154\/revisions\/45926"}],"wp:featuredmedia":[{"embeddable":true,"href":"https:\/\/saksavorst.ee\/lv\/wp-json\/wp\/v2\/media\/13581"}],"wp:attachment":[{"href":"https:\/\/saksavorst.ee\/lv\/wp-json\/wp\/v2\/media?parent=21154"}],"wp:term":[{"taxonomy":"product_brand","embeddable":true,"href":"https:\/\/saksavorst.ee\/lv\/wp-json\/wp\/v2\/product_brand?post=21154"},{"taxonomy":"product_cat","embeddable":true,"href":"https:\/\/saksavorst.ee\/lv\/wp-json\/wp\/v2\/product_cat?post=21154"},{"taxonomy":"product_tag","embeddable":true,"href":"https:\/\/saksavorst.ee\/lv\/wp-json\/wp\/v2\/product_tag?post=21154"}],"curies":[{"name":"wp","href":"https:\/\/api.w.org\/{rel}","templated":true}]}}