{"id":21149,"date":"2015-07-22T14:28:53","date_gmt":"2015-07-22T12:28:53","guid":{"rendered":"https:\/\/saksavorst.ee\/product\/hamburgeru-kotlesu-spiede-maxima-o-100-mm\/"},"modified":"2025-09-16T13:51:40","modified_gmt":"2025-09-16T11:51:40","slug":"hamburgeru-kotlesu-spiede-maxima-o100mm","status":"publish","type":"product","link":"https:\/\/saksavorst.ee\/lv\/produkts\/hamburgeru-kotlesu-spiede-maxima-o100mm\/","title":{"rendered":"Hamburgeru kotle\u0161u spiede Maxima \u00d8100mm"},"content":{"rendered":"<p>Ra\u017eot\u0101js: Maxima<\/p>\n<p>Ner\u016bs\u0113jo\u0161ais<\/p>\n<p>Kotletes diametrs: \u00d8 100 mm<\/p>\n<p>Ietver 500 vaskotas pamatnes loksnes<\/p>\n<p>K\u0101ji\u0146as ar gumijas pies\u016bcek\u0146iem<\/p>\n<p>\u0100r\u0113jie izm\u0113ri G x Pl x A: 275 x 235 x 230 mm<\/p>\n<p>Svars: 5,85 kg<\/p>\n<p>Lieto\u0161anas pam\u0101c\u012bbu var lejupiel\u0101d\u0113t <strong><a href=\"https:\/\/saksavorst.ee\/wp-content\/uploads\/2015\/07\/Hamburgeri-kotleti-press-Maxima-\u00d8-100mm-kasutusjuhend.pdf\">\u0160EIT<\/a><\/strong><\/p>\n","protected":false},"excerpt":{"rendered":"<p>Hamburgeru kotle\u0161u spiede Maxima \u00d8 100 mm ir izgatavota no alum\u012bnija un ner\u016bs\u0113jo\u0161\u0101 t\u0113rauda. Spiedi var izmantot ga\u013cai, ziv\u012bm un d\u0101rze\u0146iem.<\/p>\n","protected":false},"featured_media":13667,"template":"","meta":{"_acf_changed":false},"product_brand":[],"product_cat":[333,334,341],"product_tag":[],"class_list":{"0":"post-21149","1":"product","2":"type-product","3":"status-publish","4":"has-post-thumbnail","6":"product_cat-aprikojums","7":"product_cat-visi-produkti","8":"product_cat-preses-formetaji","9":"product_shipping_class-neder-pakomatam","11":"first","12":"instock","13":"taxable","14":"shipping-taxable","15":"purchasable","16":"product-type-simple"},"acf":[],"yoast_head":"<!-- This site is optimized with the Yoast SEO plugin v27.3 - https:\/\/yoast.com\/product\/yoast-seo-wordpress\/ -->\n<title>Hamburgeru kotle\u0161u spiede Maxima \u00d8100mm - Saksavorst<\/title>\n<meta name=\"robots\" content=\"index, follow, max-snippet:-1, max-image-preview:large, max-video-preview:-1\" \/>\n<link rel=\"canonical\" href=\"https:\/\/saksavorst.ee\/lv\/produkts\/hamburgeru-kotlesu-spiede-maxima-o100mm\/\" \/>\n<meta property=\"og:locale\" content=\"lv_LV\" \/>\n<meta property=\"og:type\" content=\"article\" \/>\n<meta property=\"og:title\" content=\"Hamburgeru kotle\u0161u spiede Maxima \u00d8100mm - Saksavorst\" \/>\n<meta property=\"og:description\" content=\"Hamburgeru kotle\u0161u spiede Maxima \u00d8 100 mm ir izgatavota no alum\u012bnija un ner\u016bs\u0113jo\u0161\u0101 t\u0113rauda. Spiedi var izmantot ga\u013cai, ziv\u012bm un d\u0101rze\u0146iem.\" \/>\n<meta property=\"og:url\" content=\"https:\/\/saksavorst.ee\/lv\/produkts\/hamburgeru-kotlesu-spiede-maxima-o100mm\/\" \/>\n<meta property=\"og:site_name\" content=\"Saksavorst\" \/>\n<meta property=\"article:publisher\" content=\"https:\/\/www.facebook.com\/Veikand\" \/>\n<meta property=\"article:modified_time\" content=\"2025-09-16T11:51:40+00:00\" \/>\n<meta property=\"og:image\" content=\"https:\/\/saksavorst.ee\/wp-content\/uploads\/2023\/02\/Hamburgeri-kotleti-press-Maxima-O-100mm-1-1.jpg\" \/>\n\t<meta property=\"og:image:width\" content=\"800\" \/>\n\t<meta property=\"og:image:height\" content=\"800\" \/>\n\t<meta property=\"og:image:type\" content=\"image\/jpeg\" \/>\n<meta name=\"twitter:card\" content=\"summary_large_image\" \/>\n<meta name=\"twitter:label1\" content=\"Est. reading time\" \/>\n\t<meta name=\"twitter:data1\" content=\"1 minute\" \/>\n<script type=\"application\/ld+json\" class=\"yoast-schema-graph\">{\"@context\":\"https:\\\/\\\/schema.org\",\"@graph\":[{\"@type\":\"WebPage\",\"@id\":\"https:\\\/\\\/saksavorst.ee\\\/lv\\\/produkts\\\/hamburgeru-kotlesu-spiede-maxima-o100mm\\\/\",\"url\":\"https:\\\/\\\/saksavorst.ee\\\/lv\\\/produkts\\\/hamburgeru-kotlesu-spiede-maxima-o100mm\\\/\",\"name\":\"Hamburgeru kotle\u0161u spiede Maxima \u00d8100mm - Saksavorst\",\"isPartOf\":{\"@id\":\"https:\\\/\\\/saksavorst.ee\\\/lv\\\/#website\"},\"primaryImageOfPage\":{\"@id\":\"https:\\\/\\\/saksavorst.ee\\\/lv\\\/produkts\\\/hamburgeru-kotlesu-spiede-maxima-o100mm\\\/#primaryimage\"},\"image\":{\"@id\":\"https:\\\/\\\/saksavorst.ee\\\/lv\\\/produkts\\\/hamburgeru-kotlesu-spiede-maxima-o100mm\\\/#primaryimage\"},\"thumbnailUrl\":\"https:\\\/\\\/saksavorst.ee\\\/wp-content\\\/uploads\\\/2023\\\/02\\\/Hamburgeri-kotleti-press-Maxima-O-100mm-1-1.jpg\",\"datePublished\":\"2015-07-22T12:28:53+00:00\",\"dateModified\":\"2025-09-16T11:51:40+00:00\",\"breadcrumb\":{\"@id\":\"https:\\\/\\\/saksavorst.ee\\\/lv\\\/produkts\\\/hamburgeru-kotlesu-spiede-maxima-o100mm\\\/#breadcrumb\"},\"inLanguage\":\"lv-LV\",\"potentialAction\":[{\"@type\":\"ReadAction\",\"target\":[\"https:\\\/\\\/saksavorst.ee\\\/lv\\\/produkts\\\/hamburgeru-kotlesu-spiede-maxima-o100mm\\\/\"]}]},{\"@type\":\"ImageObject\",\"inLanguage\":\"lv-LV\",\"@id\":\"https:\\\/\\\/saksavorst.ee\\\/lv\\\/produkts\\\/hamburgeru-kotlesu-spiede-maxima-o100mm\\\/#primaryimage\",\"url\":\"https:\\\/\\\/saksavorst.ee\\\/wp-content\\\/uploads\\\/2023\\\/02\\\/Hamburgeri-kotleti-press-Maxima-O-100mm-1-1.jpg\",\"contentUrl\":\"https:\\\/\\\/saksavorst.ee\\\/wp-content\\\/uploads\\\/2023\\\/02\\\/Hamburgeri-kotleti-press-Maxima-O-100mm-1-1.jpg\",\"width\":800,\"height\":800},{\"@type\":\"BreadcrumbList\",\"@id\":\"https:\\\/\\\/saksavorst.ee\\\/lv\\\/produkts\\\/hamburgeru-kotlesu-spiede-maxima-o100mm\\\/#breadcrumb\",\"itemListElement\":[{\"@type\":\"ListItem\",\"position\":1,\"name\":\"Home\",\"item\":\"https:\\\/\\\/saksavorst.ee\\\/lv\\\/\"},{\"@type\":\"ListItem\",\"position\":2,\"name\":\"Veikals\",\"item\":\"https:\\\/\\\/saksavorst.ee\\\/lv\\\/veikals\\\/\"},{\"@type\":\"ListItem\",\"position\":3,\"name\":\"Hamburgeru kotle\u0161u spiede Maxima \u00d8100mm\"}]},{\"@type\":\"WebSite\",\"@id\":\"https:\\\/\\\/saksavorst.ee\\\/lv\\\/#website\",\"url\":\"https:\\\/\\\/saksavorst.ee\\\/lv\\\/\",\"name\":\"Saksavorst\",\"description\":\"Feel the taste of emotions\",\"publisher\":{\"@id\":\"https:\\\/\\\/saksavorst.ee\\\/lv\\\/#organization\"},\"alternateName\":\"Veikand\",\"potentialAction\":[{\"@type\":\"SearchAction\",\"target\":{\"@type\":\"EntryPoint\",\"urlTemplate\":\"https:\\\/\\\/saksavorst.ee\\\/lv\\\/?s={search_term_string}\"},\"query-input\":{\"@type\":\"PropertyValueSpecification\",\"valueRequired\":true,\"valueName\":\"search_term_string\"}}],\"inLanguage\":\"lv-LV\"},{\"@type\":\"Organization\",\"@id\":\"https:\\\/\\\/saksavorst.ee\\\/lv\\\/#organization\",\"name\":\"Saksavorst\",\"alternateName\":\"Veikand\",\"url\":\"https:\\\/\\\/saksavorst.ee\\\/lv\\\/\",\"logo\":{\"@type\":\"ImageObject\",\"inLanguage\":\"lv-LV\",\"@id\":\"https:\\\/\\\/saksavorst.ee\\\/lv\\\/#\\\/schema\\\/logo\\\/image\\\/\",\"url\":\"https:\\\/\\\/saksavorst.ee\\\/wp-content\\\/uploads\\\/2023\\\/05\\\/veikand-logo.jpg\",\"contentUrl\":\"https:\\\/\\\/saksavorst.ee\\\/wp-content\\\/uploads\\\/2023\\\/05\\\/veikand-logo.jpg\",\"width\":217,\"height\":217,\"caption\":\"Saksavorst\"},\"image\":{\"@id\":\"https:\\\/\\\/saksavorst.ee\\\/lv\\\/#\\\/schema\\\/logo\\\/image\\\/\"},\"sameAs\":[\"https:\\\/\\\/www.facebook.com\\\/Veikand\"]}]}<\/script>\n<!-- \/ Yoast SEO plugin. -->","yoast_head_json":{"title":"Hamburgeru kotle\u0161u spiede Maxima \u00d8100mm - Saksavorst","robots":{"index":"index","follow":"follow","max-snippet":"max-snippet:-1","max-image-preview":"max-image-preview:large","max-video-preview":"max-video-preview:-1"},"canonical":"https:\/\/saksavorst.ee\/lv\/produkts\/hamburgeru-kotlesu-spiede-maxima-o100mm\/","og_locale":"lv_LV","og_type":"article","og_title":"Hamburgeru kotle\u0161u spiede Maxima \u00d8100mm - Saksavorst","og_description":"Hamburgeru kotle\u0161u spiede Maxima \u00d8 100 mm ir izgatavota no alum\u012bnija un ner\u016bs\u0113jo\u0161\u0101 t\u0113rauda. Spiedi var izmantot ga\u013cai, ziv\u012bm un d\u0101rze\u0146iem.","og_url":"https:\/\/saksavorst.ee\/lv\/produkts\/hamburgeru-kotlesu-spiede-maxima-o100mm\/","og_site_name":"Saksavorst","article_publisher":"https:\/\/www.facebook.com\/Veikand","article_modified_time":"2025-09-16T11:51:40+00:00","og_image":[{"width":800,"height":800,"url":"https:\/\/saksavorst.ee\/wp-content\/uploads\/2023\/02\/Hamburgeri-kotleti-press-Maxima-O-100mm-1-1.jpg","type":"image\/jpeg"}],"twitter_card":"summary_large_image","twitter_misc":{"Est. reading time":"1 minute"},"schema":{"@context":"https:\/\/schema.org","@graph":[{"@type":"WebPage","@id":"https:\/\/saksavorst.ee\/lv\/produkts\/hamburgeru-kotlesu-spiede-maxima-o100mm\/","url":"https:\/\/saksavorst.ee\/lv\/produkts\/hamburgeru-kotlesu-spiede-maxima-o100mm\/","name":"Hamburgeru kotle\u0161u spiede Maxima \u00d8100mm - Saksavorst","isPartOf":{"@id":"https:\/\/saksavorst.ee\/lv\/#website"},"primaryImageOfPage":{"@id":"https:\/\/saksavorst.ee\/lv\/produkts\/hamburgeru-kotlesu-spiede-maxima-o100mm\/#primaryimage"},"image":{"@id":"https:\/\/saksavorst.ee\/lv\/produkts\/hamburgeru-kotlesu-spiede-maxima-o100mm\/#primaryimage"},"thumbnailUrl":"https:\/\/saksavorst.ee\/wp-content\/uploads\/2023\/02\/Hamburgeri-kotleti-press-Maxima-O-100mm-1-1.jpg","datePublished":"2015-07-22T12:28:53+00:00","dateModified":"2025-09-16T11:51:40+00:00","breadcrumb":{"@id":"https:\/\/saksavorst.ee\/lv\/produkts\/hamburgeru-kotlesu-spiede-maxima-o100mm\/#breadcrumb"},"inLanguage":"lv-LV","potentialAction":[{"@type":"ReadAction","target":["https:\/\/saksavorst.ee\/lv\/produkts\/hamburgeru-kotlesu-spiede-maxima-o100mm\/"]}]},{"@type":"ImageObject","inLanguage":"lv-LV","@id":"https:\/\/saksavorst.ee\/lv\/produkts\/hamburgeru-kotlesu-spiede-maxima-o100mm\/#primaryimage","url":"https:\/\/saksavorst.ee\/wp-content\/uploads\/2023\/02\/Hamburgeri-kotleti-press-Maxima-O-100mm-1-1.jpg","contentUrl":"https:\/\/saksavorst.ee\/wp-content\/uploads\/2023\/02\/Hamburgeri-kotleti-press-Maxima-O-100mm-1-1.jpg","width":800,"height":800},{"@type":"BreadcrumbList","@id":"https:\/\/saksavorst.ee\/lv\/produkts\/hamburgeru-kotlesu-spiede-maxima-o100mm\/#breadcrumb","itemListElement":[{"@type":"ListItem","position":1,"name":"Home","item":"https:\/\/saksavorst.ee\/lv\/"},{"@type":"ListItem","position":2,"name":"Veikals","item":"https:\/\/saksavorst.ee\/lv\/veikals\/"},{"@type":"ListItem","position":3,"name":"Hamburgeru kotle\u0161u spiede Maxima \u00d8100mm"}]},{"@type":"WebSite","@id":"https:\/\/saksavorst.ee\/lv\/#website","url":"https:\/\/saksavorst.ee\/lv\/","name":"Saksavorst","description":"Feel the taste of emotions","publisher":{"@id":"https:\/\/saksavorst.ee\/lv\/#organization"},"alternateName":"Veikand","potentialAction":[{"@type":"SearchAction","target":{"@type":"EntryPoint","urlTemplate":"https:\/\/saksavorst.ee\/lv\/?s={search_term_string}"},"query-input":{"@type":"PropertyValueSpecification","valueRequired":true,"valueName":"search_term_string"}}],"inLanguage":"lv-LV"},{"@type":"Organization","@id":"https:\/\/saksavorst.ee\/lv\/#organization","name":"Saksavorst","alternateName":"Veikand","url":"https:\/\/saksavorst.ee\/lv\/","logo":{"@type":"ImageObject","inLanguage":"lv-LV","@id":"https:\/\/saksavorst.ee\/lv\/#\/schema\/logo\/image\/","url":"https:\/\/saksavorst.ee\/wp-content\/uploads\/2023\/05\/veikand-logo.jpg","contentUrl":"https:\/\/saksavorst.ee\/wp-content\/uploads\/2023\/05\/veikand-logo.jpg","width":217,"height":217,"caption":"Saksavorst"},"image":{"@id":"https:\/\/saksavorst.ee\/lv\/#\/schema\/logo\/image\/"},"sameAs":["https:\/\/www.facebook.com\/Veikand"]}]}},"_links":{"self":[{"href":"https:\/\/saksavorst.ee\/lv\/wp-json\/wp\/v2\/product\/21149","targetHints":{"allow":["GET"]}}],"collection":[{"href":"https:\/\/saksavorst.ee\/lv\/wp-json\/wp\/v2\/product"}],"about":[{"href":"https:\/\/saksavorst.ee\/lv\/wp-json\/wp\/v2\/types\/product"}],"version-history":[{"count":1,"href":"https:\/\/saksavorst.ee\/lv\/wp-json\/wp\/v2\/product\/21149\/revisions"}],"predecessor-version":[{"id":45922,"href":"https:\/\/saksavorst.ee\/lv\/wp-json\/wp\/v2\/product\/21149\/revisions\/45922"}],"wp:featuredmedia":[{"embeddable":true,"href":"https:\/\/saksavorst.ee\/lv\/wp-json\/wp\/v2\/media\/13667"}],"wp:attachment":[{"href":"https:\/\/saksavorst.ee\/lv\/wp-json\/wp\/v2\/media?parent=21149"}],"wp:term":[{"taxonomy":"product_brand","embeddable":true,"href":"https:\/\/saksavorst.ee\/lv\/wp-json\/wp\/v2\/product_brand?post=21149"},{"taxonomy":"product_cat","embeddable":true,"href":"https:\/\/saksavorst.ee\/lv\/wp-json\/wp\/v2\/product_cat?post=21149"},{"taxonomy":"product_tag","embeddable":true,"href":"https:\/\/saksavorst.ee\/lv\/wp-json\/wp\/v2\/product_tag?post=21149"}],"curies":[{"name":"wp","href":"https:\/\/api.w.org\/{rel}","templated":true}]}}