{"id":21143,"date":"2015-10-19T11:41:36","date_gmt":"2015-10-19T09:41:36","guid":{"rendered":"https:\/\/saksavorst.ee\/product\/kupinasanas-skaidas-alksnis-7-12-mm-60-l-maiss\/"},"modified":"2025-09-16T13:41:20","modified_gmt":"2025-09-16T11:41:20","slug":"kupinasanas-skaidas-alksnis-7-12mm-60l","status":"publish","type":"product","link":"https:\/\/saksavorst.ee\/lv\/produkts\/kupinasanas-skaidas-alksnis-7-12mm-60l\/","title":{"rendered":"K\u016bpin\u0101\u0161anas skaidas, alksnis 7-12mm &#8211; 60L"},"content":{"rendered":"<p>Izgatavotas no alk\u0161\u0146a koksnes<\/p>\n<p>Ra\u017eot\u0101js: HansaHake O\u00dc Estonia T\u00fcri<\/p>\n<p>Daudzums: 60 L vai 10\u201312 kg<\/p>\n<p>Frakcija: 7\u201312 mm<\/p>\n<p>Maisa izm\u0113rs G x Pl x A: 50 x 85 x 25 cm<\/p>\n<p>Maisa svars: ~ 10\u201312 kg<\/p>\n<p>Lieto\u0161anas pam\u0101c\u012bba: Izkl\u0101jiet k\u016bpin\u0101\u0161anas skaidas vienm\u0113r\u012bgi pl\u0101n\u0101 sl\u0101n\u012b uz grila vai k\u016bpin\u0101tavas pamatnes\/pannas, apm\u0113ram 2dl\/kg. Aizdedziet skaidas vai iemetiet iepriek\u0161 samitrin\u0101tas skaidas kurtuv\u0113 uz dego\u0161\u0101 materi\u0101la. R\u016bp\u012bgi aizveriet v\u0101ku. K\u016bpin\u0101\u0161anas laiks atkar\u012bgs no zivju\/ga\u013cas gabala lieluma, daudzuma un veida. Skaid\u0101m pievienojot 1\u20132 gabali\u0146us cukura, zivs ieg\u016bs skaistu zeltainu kr\u0101su un labu gar\u0161u. Produkts ir viegli uzliesmojo\u0161s, 200 \u00b0C temperat\u016br\u0101 pa\u0161aizdegas. Nelietot b\u0113rniem bez pieaugu\u0161o uzraudz\u012bbas.<\/p>\n","protected":false},"excerpt":{"rendered":"<p>K\u016bpin\u0101\u0161anas skaidas (alk\u0161\u0146a skaidas), iz\u017e\u0101v\u0113tas un sa\u0161\u0137irotas.<\/p>\n","protected":false},"featured_media":12642,"template":"","meta":{"_acf_changed":false},"product_brand":[],"product_cat":[333,334,336],"product_tag":[],"class_list":{"0":"post-21143","1":"product","2":"type-product","3":"status-publish","4":"has-post-thumbnail","6":"product_cat-aprikojums","7":"product_cat-visi-produkti","8":"product_cat-grili-krasnis","9":"product_shipping_class-neder-pakomatam","11":"first","12":"instock","13":"taxable","14":"shipping-taxable","15":"purchasable","16":"product-type-simple"},"acf":[],"yoast_head":"<!-- This site is optimized with the Yoast SEO plugin v27.3 - https:\/\/yoast.com\/product\/yoast-seo-wordpress\/ -->\n<title>K\u016bpin\u0101\u0161anas skaidas, alksnis 7-12mm - 60L - Saksavorst<\/title>\n<meta name=\"robots\" content=\"index, follow, max-snippet:-1, max-image-preview:large, max-video-preview:-1\" \/>\n<link rel=\"canonical\" href=\"https:\/\/saksavorst.ee\/lv\/produkts\/kupinasanas-skaidas-alksnis-7-12mm-60l\/\" \/>\n<meta property=\"og:locale\" content=\"lv_LV\" \/>\n<meta property=\"og:type\" content=\"article\" \/>\n<meta property=\"og:title\" content=\"K\u016bpin\u0101\u0161anas skaidas, alksnis 7-12mm - 60L - Saksavorst\" \/>\n<meta property=\"og:description\" content=\"K\u016bpin\u0101\u0161anas skaidas (alk\u0161\u0146a skaidas), iz\u017e\u0101v\u0113tas un sa\u0161\u0137irotas.\" \/>\n<meta property=\"og:url\" content=\"https:\/\/saksavorst.ee\/lv\/produkts\/kupinasanas-skaidas-alksnis-7-12mm-60l\/\" \/>\n<meta property=\"og:site_name\" content=\"Saksavorst\" \/>\n<meta property=\"article:publisher\" content=\"https:\/\/www.facebook.com\/Veikand\" \/>\n<meta property=\"article:modified_time\" content=\"2025-09-16T11:41:20+00:00\" \/>\n<meta property=\"og:image\" content=\"https:\/\/saksavorst.ee\/wp-content\/uploads\/2023\/02\/lepp1-1.jpg\" \/>\n\t<meta property=\"og:image:width\" content=\"800\" \/>\n\t<meta property=\"og:image:height\" content=\"800\" \/>\n\t<meta property=\"og:image:type\" content=\"image\/jpeg\" \/>\n<meta name=\"twitter:card\" content=\"summary_large_image\" \/>\n<meta name=\"twitter:label1\" content=\"Est. reading time\" \/>\n\t<meta name=\"twitter:data1\" content=\"1 minute\" \/>\n<script type=\"application\/ld+json\" class=\"yoast-schema-graph\">{\"@context\":\"https:\\\/\\\/schema.org\",\"@graph\":[{\"@type\":\"WebPage\",\"@id\":\"https:\\\/\\\/saksavorst.ee\\\/lv\\\/produkts\\\/kupinasanas-skaidas-alksnis-7-12mm-60l\\\/\",\"url\":\"https:\\\/\\\/saksavorst.ee\\\/lv\\\/produkts\\\/kupinasanas-skaidas-alksnis-7-12mm-60l\\\/\",\"name\":\"K\u016bpin\u0101\u0161anas skaidas, alksnis 7-12mm - 60L - Saksavorst\",\"isPartOf\":{\"@id\":\"https:\\\/\\\/saksavorst.ee\\\/lv\\\/#website\"},\"primaryImageOfPage\":{\"@id\":\"https:\\\/\\\/saksavorst.ee\\\/lv\\\/produkts\\\/kupinasanas-skaidas-alksnis-7-12mm-60l\\\/#primaryimage\"},\"image\":{\"@id\":\"https:\\\/\\\/saksavorst.ee\\\/lv\\\/produkts\\\/kupinasanas-skaidas-alksnis-7-12mm-60l\\\/#primaryimage\"},\"thumbnailUrl\":\"https:\\\/\\\/saksavorst.ee\\\/wp-content\\\/uploads\\\/2023\\\/02\\\/lepp1-1.jpg\",\"datePublished\":\"2015-10-19T09:41:36+00:00\",\"dateModified\":\"2025-09-16T11:41:20+00:00\",\"breadcrumb\":{\"@id\":\"https:\\\/\\\/saksavorst.ee\\\/lv\\\/produkts\\\/kupinasanas-skaidas-alksnis-7-12mm-60l\\\/#breadcrumb\"},\"inLanguage\":\"lv-LV\",\"potentialAction\":[{\"@type\":\"ReadAction\",\"target\":[\"https:\\\/\\\/saksavorst.ee\\\/lv\\\/produkts\\\/kupinasanas-skaidas-alksnis-7-12mm-60l\\\/\"]}]},{\"@type\":\"ImageObject\",\"inLanguage\":\"lv-LV\",\"@id\":\"https:\\\/\\\/saksavorst.ee\\\/lv\\\/produkts\\\/kupinasanas-skaidas-alksnis-7-12mm-60l\\\/#primaryimage\",\"url\":\"https:\\\/\\\/saksavorst.ee\\\/wp-content\\\/uploads\\\/2023\\\/02\\\/lepp1-1.jpg\",\"contentUrl\":\"https:\\\/\\\/saksavorst.ee\\\/wp-content\\\/uploads\\\/2023\\\/02\\\/lepp1-1.jpg\",\"width\":800,\"height\":800},{\"@type\":\"BreadcrumbList\",\"@id\":\"https:\\\/\\\/saksavorst.ee\\\/lv\\\/produkts\\\/kupinasanas-skaidas-alksnis-7-12mm-60l\\\/#breadcrumb\",\"itemListElement\":[{\"@type\":\"ListItem\",\"position\":1,\"name\":\"Home\",\"item\":\"https:\\\/\\\/saksavorst.ee\\\/lv\\\/\"},{\"@type\":\"ListItem\",\"position\":2,\"name\":\"Veikals\",\"item\":\"https:\\\/\\\/saksavorst.ee\\\/lv\\\/veikals\\\/\"},{\"@type\":\"ListItem\",\"position\":3,\"name\":\"K\u016bpin\u0101\u0161anas skaidas, alksnis 7-12mm &#8211; 60L\"}]},{\"@type\":\"WebSite\",\"@id\":\"https:\\\/\\\/saksavorst.ee\\\/lv\\\/#website\",\"url\":\"https:\\\/\\\/saksavorst.ee\\\/lv\\\/\",\"name\":\"Saksavorst\",\"description\":\"Feel the taste of emotions\",\"publisher\":{\"@id\":\"https:\\\/\\\/saksavorst.ee\\\/lv\\\/#organization\"},\"alternateName\":\"Veikand\",\"potentialAction\":[{\"@type\":\"SearchAction\",\"target\":{\"@type\":\"EntryPoint\",\"urlTemplate\":\"https:\\\/\\\/saksavorst.ee\\\/lv\\\/?s={search_term_string}\"},\"query-input\":{\"@type\":\"PropertyValueSpecification\",\"valueRequired\":true,\"valueName\":\"search_term_string\"}}],\"inLanguage\":\"lv-LV\"},{\"@type\":\"Organization\",\"@id\":\"https:\\\/\\\/saksavorst.ee\\\/lv\\\/#organization\",\"name\":\"Saksavorst\",\"alternateName\":\"Veikand\",\"url\":\"https:\\\/\\\/saksavorst.ee\\\/lv\\\/\",\"logo\":{\"@type\":\"ImageObject\",\"inLanguage\":\"lv-LV\",\"@id\":\"https:\\\/\\\/saksavorst.ee\\\/lv\\\/#\\\/schema\\\/logo\\\/image\\\/\",\"url\":\"https:\\\/\\\/saksavorst.ee\\\/wp-content\\\/uploads\\\/2023\\\/05\\\/veikand-logo.jpg\",\"contentUrl\":\"https:\\\/\\\/saksavorst.ee\\\/wp-content\\\/uploads\\\/2023\\\/05\\\/veikand-logo.jpg\",\"width\":217,\"height\":217,\"caption\":\"Saksavorst\"},\"image\":{\"@id\":\"https:\\\/\\\/saksavorst.ee\\\/lv\\\/#\\\/schema\\\/logo\\\/image\\\/\"},\"sameAs\":[\"https:\\\/\\\/www.facebook.com\\\/Veikand\"]}]}<\/script>\n<!-- \/ Yoast SEO plugin. -->","yoast_head_json":{"title":"K\u016bpin\u0101\u0161anas skaidas, alksnis 7-12mm - 60L - Saksavorst","robots":{"index":"index","follow":"follow","max-snippet":"max-snippet:-1","max-image-preview":"max-image-preview:large","max-video-preview":"max-video-preview:-1"},"canonical":"https:\/\/saksavorst.ee\/lv\/produkts\/kupinasanas-skaidas-alksnis-7-12mm-60l\/","og_locale":"lv_LV","og_type":"article","og_title":"K\u016bpin\u0101\u0161anas skaidas, alksnis 7-12mm - 60L - Saksavorst","og_description":"K\u016bpin\u0101\u0161anas skaidas (alk\u0161\u0146a skaidas), iz\u017e\u0101v\u0113tas un sa\u0161\u0137irotas.","og_url":"https:\/\/saksavorst.ee\/lv\/produkts\/kupinasanas-skaidas-alksnis-7-12mm-60l\/","og_site_name":"Saksavorst","article_publisher":"https:\/\/www.facebook.com\/Veikand","article_modified_time":"2025-09-16T11:41:20+00:00","og_image":[{"width":800,"height":800,"url":"https:\/\/saksavorst.ee\/wp-content\/uploads\/2023\/02\/lepp1-1.jpg","type":"image\/jpeg"}],"twitter_card":"summary_large_image","twitter_misc":{"Est. reading time":"1 minute"},"schema":{"@context":"https:\/\/schema.org","@graph":[{"@type":"WebPage","@id":"https:\/\/saksavorst.ee\/lv\/produkts\/kupinasanas-skaidas-alksnis-7-12mm-60l\/","url":"https:\/\/saksavorst.ee\/lv\/produkts\/kupinasanas-skaidas-alksnis-7-12mm-60l\/","name":"K\u016bpin\u0101\u0161anas skaidas, alksnis 7-12mm - 60L - Saksavorst","isPartOf":{"@id":"https:\/\/saksavorst.ee\/lv\/#website"},"primaryImageOfPage":{"@id":"https:\/\/saksavorst.ee\/lv\/produkts\/kupinasanas-skaidas-alksnis-7-12mm-60l\/#primaryimage"},"image":{"@id":"https:\/\/saksavorst.ee\/lv\/produkts\/kupinasanas-skaidas-alksnis-7-12mm-60l\/#primaryimage"},"thumbnailUrl":"https:\/\/saksavorst.ee\/wp-content\/uploads\/2023\/02\/lepp1-1.jpg","datePublished":"2015-10-19T09:41:36+00:00","dateModified":"2025-09-16T11:41:20+00:00","breadcrumb":{"@id":"https:\/\/saksavorst.ee\/lv\/produkts\/kupinasanas-skaidas-alksnis-7-12mm-60l\/#breadcrumb"},"inLanguage":"lv-LV","potentialAction":[{"@type":"ReadAction","target":["https:\/\/saksavorst.ee\/lv\/produkts\/kupinasanas-skaidas-alksnis-7-12mm-60l\/"]}]},{"@type":"ImageObject","inLanguage":"lv-LV","@id":"https:\/\/saksavorst.ee\/lv\/produkts\/kupinasanas-skaidas-alksnis-7-12mm-60l\/#primaryimage","url":"https:\/\/saksavorst.ee\/wp-content\/uploads\/2023\/02\/lepp1-1.jpg","contentUrl":"https:\/\/saksavorst.ee\/wp-content\/uploads\/2023\/02\/lepp1-1.jpg","width":800,"height":800},{"@type":"BreadcrumbList","@id":"https:\/\/saksavorst.ee\/lv\/produkts\/kupinasanas-skaidas-alksnis-7-12mm-60l\/#breadcrumb","itemListElement":[{"@type":"ListItem","position":1,"name":"Home","item":"https:\/\/saksavorst.ee\/lv\/"},{"@type":"ListItem","position":2,"name":"Veikals","item":"https:\/\/saksavorst.ee\/lv\/veikals\/"},{"@type":"ListItem","position":3,"name":"K\u016bpin\u0101\u0161anas skaidas, alksnis 7-12mm &#8211; 60L"}]},{"@type":"WebSite","@id":"https:\/\/saksavorst.ee\/lv\/#website","url":"https:\/\/saksavorst.ee\/lv\/","name":"Saksavorst","description":"Feel the taste of emotions","publisher":{"@id":"https:\/\/saksavorst.ee\/lv\/#organization"},"alternateName":"Veikand","potentialAction":[{"@type":"SearchAction","target":{"@type":"EntryPoint","urlTemplate":"https:\/\/saksavorst.ee\/lv\/?s={search_term_string}"},"query-input":{"@type":"PropertyValueSpecification","valueRequired":true,"valueName":"search_term_string"}}],"inLanguage":"lv-LV"},{"@type":"Organization","@id":"https:\/\/saksavorst.ee\/lv\/#organization","name":"Saksavorst","alternateName":"Veikand","url":"https:\/\/saksavorst.ee\/lv\/","logo":{"@type":"ImageObject","inLanguage":"lv-LV","@id":"https:\/\/saksavorst.ee\/lv\/#\/schema\/logo\/image\/","url":"https:\/\/saksavorst.ee\/wp-content\/uploads\/2023\/05\/veikand-logo.jpg","contentUrl":"https:\/\/saksavorst.ee\/wp-content\/uploads\/2023\/05\/veikand-logo.jpg","width":217,"height":217,"caption":"Saksavorst"},"image":{"@id":"https:\/\/saksavorst.ee\/lv\/#\/schema\/logo\/image\/"},"sameAs":["https:\/\/www.facebook.com\/Veikand"]}]}},"_links":{"self":[{"href":"https:\/\/saksavorst.ee\/lv\/wp-json\/wp\/v2\/product\/21143","targetHints":{"allow":["GET"]}}],"collection":[{"href":"https:\/\/saksavorst.ee\/lv\/wp-json\/wp\/v2\/product"}],"about":[{"href":"https:\/\/saksavorst.ee\/lv\/wp-json\/wp\/v2\/types\/product"}],"version-history":[{"count":1,"href":"https:\/\/saksavorst.ee\/lv\/wp-json\/wp\/v2\/product\/21143\/revisions"}],"predecessor-version":[{"id":45906,"href":"https:\/\/saksavorst.ee\/lv\/wp-json\/wp\/v2\/product\/21143\/revisions\/45906"}],"wp:featuredmedia":[{"embeddable":true,"href":"https:\/\/saksavorst.ee\/lv\/wp-json\/wp\/v2\/media\/12642"}],"wp:attachment":[{"href":"https:\/\/saksavorst.ee\/lv\/wp-json\/wp\/v2\/media?parent=21143"}],"wp:term":[{"taxonomy":"product_brand","embeddable":true,"href":"https:\/\/saksavorst.ee\/lv\/wp-json\/wp\/v2\/product_brand?post=21143"},{"taxonomy":"product_cat","embeddable":true,"href":"https:\/\/saksavorst.ee\/lv\/wp-json\/wp\/v2\/product_cat?post=21143"},{"taxonomy":"product_tag","embeddable":true,"href":"https:\/\/saksavorst.ee\/lv\/wp-json\/wp\/v2\/product_tag?post=21143"}],"curies":[{"name":"wp","href":"https:\/\/api.w.org\/{rel}","templated":true}]}}