{"id":21142,"date":"2015-10-26T11:32:31","date_gmt":"2015-10-26T09:32:31","guid":{"rendered":"https:\/\/saksavorst.ee\/product\/balts-pp-spainis-ar-vaku-20l\/"},"modified":"2025-09-16T13:38:56","modified_gmt":"2025-09-16T11:38:56","slug":"balts-pp-spainis-ar-vaku-20l","status":"publish","type":"product","link":"https:\/\/saksavorst.ee\/lv\/produkts\/balts-pp-spainis-ar-vaku-20l\/","title":{"rendered":"Balts PP spainis ar v\u0101ku 20L"},"content":{"rendered":"<p><strong>Izm\u0113ri:<\/strong><\/p>\n<p>Aug\u0161\u0113jais diametrs: 340 mm<br \/>\nApak\u0161\u0113jais diametrs: 290 mm<br \/>\nAugstums: 280 mm<\/p>\n<p>Svars: 651 \u00b15% g<\/p>\n<p>Materi\u0101ls: polipropil\u0113na homopolim\u0113rs\/kopolim\u0113rs Izmanto\u0161anas jomas: d\u0101rze\u0146u konservi, marin\u0113ti d\u0101rze\u0146i, d\u0101rze\u0146u sal\u0101ti, aug\u013ci, tom\u0101tu m\u0113rce, aug\u013cu konservi (iev\u0101r\u012bjumi, konservi, pl\u016bmju iev\u0101r\u012bjumi), sinepes, majon\u0113ze, sald\u0113jumi, marin\u0113tas zivis, gatavie zivju produkti , s\u0101l\u012btas zivis, karamele, s\u012brups, sausie beztaras p\u0101rtikas produkti, sausie d\u0101rze\u0146u mais\u012bjumi, miltu izstr\u0101d\u0101jumi, piena konservi, augu\/dz\u012bvnieku tauki, saldumi, (zemesrieksti) rieksti, dz\u012bvnieku bar\u012bba u.c.<\/p>\n<p><strong>Uzglab\u0101\u0161anas nosac\u012bjumi:<\/strong><\/p>\n<p>Temperat\u016bras diapazons 5\u201335 \u00b0C<\/p>\n<p>Relat\u012bvais mitrums: &lt; 80%<\/p>\n<p>Izvair\u012bties no tie\u0161iem saules stariem<\/p>\n<p><strong>Uzpildes un aiztais\u012b\u0161anas nosac\u012bjumi:<\/strong><\/p>\n<p>Maksim\u0101l\u0101 satura temperat\u016bra ir 95 \u00b0C<\/p>\n<p>Sakraujot spai\u0146us, satura temperat\u016brai j\u0101b\u016bt zem\u0101kai par 45 \u00b0C<\/p>\n<p>P\u0113c iepild\u012b\u0161anas nav ieteicams kraut vienu virs otra vair\u0101k par 2 spai\u0146iem<\/p>\n","protected":false},"excerpt":{"rendered":"<p>Balts 20 l spainis ar v\u0101ku un rokturi, piem\u0113rots p\u0101rtikas produktu iepako\u0161anai.<\/p>\n","protected":false},"featured_media":13852,"template":"","meta":{"_acf_changed":false},"product_brand":[],"product_cat":[352,354],"product_tag":[],"class_list":{"0":"post-21142","1":"product","2":"type-product","3":"status-publish","4":"has-post-thumbnail","6":"product_cat-iepakojums","7":"product_cat-spaini","9":"first","10":"outofstock","11":"taxable","12":"shipping-taxable","13":"purchasable","14":"product-type-simple"},"acf":[],"yoast_head":"<!-- This site is optimized with the Yoast SEO plugin v27.3 - https:\/\/yoast.com\/product\/yoast-seo-wordpress\/ -->\n<title>Balts PP spainis ar v\u0101ku 20L - Saksavorst<\/title>\n<meta name=\"robots\" content=\"index, follow, max-snippet:-1, max-image-preview:large, max-video-preview:-1\" \/>\n<link rel=\"canonical\" href=\"https:\/\/saksavorst.ee\/lv\/produkts\/balts-pp-spainis-ar-vaku-20l\/\" \/>\n<meta property=\"og:locale\" content=\"lv_LV\" \/>\n<meta property=\"og:type\" content=\"article\" \/>\n<meta property=\"og:title\" content=\"Balts PP spainis ar v\u0101ku 20L - Saksavorst\" \/>\n<meta property=\"og:description\" content=\"Balts 20 l spainis ar v\u0101ku un rokturi, piem\u0113rots p\u0101rtikas produktu iepako\u0161anai.\" \/>\n<meta property=\"og:url\" content=\"https:\/\/saksavorst.ee\/lv\/produkts\/balts-pp-spainis-ar-vaku-20l\/\" \/>\n<meta property=\"og:site_name\" content=\"Saksavorst\" \/>\n<meta property=\"article:publisher\" content=\"https:\/\/www.facebook.com\/Veikand\" \/>\n<meta property=\"article:modified_time\" content=\"2025-09-16T11:38:56+00:00\" \/>\n<meta property=\"og:image\" content=\"https:\/\/saksavorst.ee\/wp-content\/uploads\/2023\/02\/Amber20L-1.jpg\" \/>\n\t<meta property=\"og:image:width\" content=\"800\" \/>\n\t<meta property=\"og:image:height\" content=\"800\" \/>\n\t<meta property=\"og:image:type\" content=\"image\/jpeg\" \/>\n<meta name=\"twitter:card\" content=\"summary_large_image\" \/>\n<meta name=\"twitter:label1\" content=\"Est. reading time\" \/>\n\t<meta name=\"twitter:data1\" content=\"1 minute\" \/>\n<script type=\"application\/ld+json\" class=\"yoast-schema-graph\">{\"@context\":\"https:\\\/\\\/schema.org\",\"@graph\":[{\"@type\":\"WebPage\",\"@id\":\"https:\\\/\\\/saksavorst.ee\\\/lv\\\/produkts\\\/balts-pp-spainis-ar-vaku-20l\\\/\",\"url\":\"https:\\\/\\\/saksavorst.ee\\\/lv\\\/produkts\\\/balts-pp-spainis-ar-vaku-20l\\\/\",\"name\":\"Balts PP spainis ar v\u0101ku 20L - Saksavorst\",\"isPartOf\":{\"@id\":\"https:\\\/\\\/saksavorst.ee\\\/lv\\\/#website\"},\"primaryImageOfPage\":{\"@id\":\"https:\\\/\\\/saksavorst.ee\\\/lv\\\/produkts\\\/balts-pp-spainis-ar-vaku-20l\\\/#primaryimage\"},\"image\":{\"@id\":\"https:\\\/\\\/saksavorst.ee\\\/lv\\\/produkts\\\/balts-pp-spainis-ar-vaku-20l\\\/#primaryimage\"},\"thumbnailUrl\":\"https:\\\/\\\/saksavorst.ee\\\/wp-content\\\/uploads\\\/2023\\\/02\\\/Amber20L-1.jpg\",\"datePublished\":\"2015-10-26T09:32:31+00:00\",\"dateModified\":\"2025-09-16T11:38:56+00:00\",\"breadcrumb\":{\"@id\":\"https:\\\/\\\/saksavorst.ee\\\/lv\\\/produkts\\\/balts-pp-spainis-ar-vaku-20l\\\/#breadcrumb\"},\"inLanguage\":\"lv-LV\",\"potentialAction\":[{\"@type\":\"ReadAction\",\"target\":[\"https:\\\/\\\/saksavorst.ee\\\/lv\\\/produkts\\\/balts-pp-spainis-ar-vaku-20l\\\/\"]}]},{\"@type\":\"ImageObject\",\"inLanguage\":\"lv-LV\",\"@id\":\"https:\\\/\\\/saksavorst.ee\\\/lv\\\/produkts\\\/balts-pp-spainis-ar-vaku-20l\\\/#primaryimage\",\"url\":\"https:\\\/\\\/saksavorst.ee\\\/wp-content\\\/uploads\\\/2023\\\/02\\\/Amber20L-1.jpg\",\"contentUrl\":\"https:\\\/\\\/saksavorst.ee\\\/wp-content\\\/uploads\\\/2023\\\/02\\\/Amber20L-1.jpg\",\"width\":800,\"height\":800},{\"@type\":\"BreadcrumbList\",\"@id\":\"https:\\\/\\\/saksavorst.ee\\\/lv\\\/produkts\\\/balts-pp-spainis-ar-vaku-20l\\\/#breadcrumb\",\"itemListElement\":[{\"@type\":\"ListItem\",\"position\":1,\"name\":\"Home\",\"item\":\"https:\\\/\\\/saksavorst.ee\\\/lv\\\/\"},{\"@type\":\"ListItem\",\"position\":2,\"name\":\"Veikals\",\"item\":\"https:\\\/\\\/saksavorst.ee\\\/lv\\\/veikals\\\/\"},{\"@type\":\"ListItem\",\"position\":3,\"name\":\"Balts PP spainis ar v\u0101ku 20L\"}]},{\"@type\":\"WebSite\",\"@id\":\"https:\\\/\\\/saksavorst.ee\\\/lv\\\/#website\",\"url\":\"https:\\\/\\\/saksavorst.ee\\\/lv\\\/\",\"name\":\"Saksavorst\",\"description\":\"Feel the taste of emotions\",\"publisher\":{\"@id\":\"https:\\\/\\\/saksavorst.ee\\\/lv\\\/#organization\"},\"alternateName\":\"Veikand\",\"potentialAction\":[{\"@type\":\"SearchAction\",\"target\":{\"@type\":\"EntryPoint\",\"urlTemplate\":\"https:\\\/\\\/saksavorst.ee\\\/lv\\\/?s={search_term_string}\"},\"query-input\":{\"@type\":\"PropertyValueSpecification\",\"valueRequired\":true,\"valueName\":\"search_term_string\"}}],\"inLanguage\":\"lv-LV\"},{\"@type\":\"Organization\",\"@id\":\"https:\\\/\\\/saksavorst.ee\\\/lv\\\/#organization\",\"name\":\"Saksavorst\",\"alternateName\":\"Veikand\",\"url\":\"https:\\\/\\\/saksavorst.ee\\\/lv\\\/\",\"logo\":{\"@type\":\"ImageObject\",\"inLanguage\":\"lv-LV\",\"@id\":\"https:\\\/\\\/saksavorst.ee\\\/lv\\\/#\\\/schema\\\/logo\\\/image\\\/\",\"url\":\"https:\\\/\\\/saksavorst.ee\\\/wp-content\\\/uploads\\\/2023\\\/05\\\/veikand-logo.jpg\",\"contentUrl\":\"https:\\\/\\\/saksavorst.ee\\\/wp-content\\\/uploads\\\/2023\\\/05\\\/veikand-logo.jpg\",\"width\":217,\"height\":217,\"caption\":\"Saksavorst\"},\"image\":{\"@id\":\"https:\\\/\\\/saksavorst.ee\\\/lv\\\/#\\\/schema\\\/logo\\\/image\\\/\"},\"sameAs\":[\"https:\\\/\\\/www.facebook.com\\\/Veikand\"]}]}<\/script>\n<!-- \/ Yoast SEO plugin. -->","yoast_head_json":{"title":"Balts PP spainis ar v\u0101ku 20L - Saksavorst","robots":{"index":"index","follow":"follow","max-snippet":"max-snippet:-1","max-image-preview":"max-image-preview:large","max-video-preview":"max-video-preview:-1"},"canonical":"https:\/\/saksavorst.ee\/lv\/produkts\/balts-pp-spainis-ar-vaku-20l\/","og_locale":"lv_LV","og_type":"article","og_title":"Balts PP spainis ar v\u0101ku 20L - Saksavorst","og_description":"Balts 20 l spainis ar v\u0101ku un rokturi, piem\u0113rots p\u0101rtikas produktu iepako\u0161anai.","og_url":"https:\/\/saksavorst.ee\/lv\/produkts\/balts-pp-spainis-ar-vaku-20l\/","og_site_name":"Saksavorst","article_publisher":"https:\/\/www.facebook.com\/Veikand","article_modified_time":"2025-09-16T11:38:56+00:00","og_image":[{"width":800,"height":800,"url":"https:\/\/saksavorst.ee\/wp-content\/uploads\/2023\/02\/Amber20L-1.jpg","type":"image\/jpeg"}],"twitter_card":"summary_large_image","twitter_misc":{"Est. reading time":"1 minute"},"schema":{"@context":"https:\/\/schema.org","@graph":[{"@type":"WebPage","@id":"https:\/\/saksavorst.ee\/lv\/produkts\/balts-pp-spainis-ar-vaku-20l\/","url":"https:\/\/saksavorst.ee\/lv\/produkts\/balts-pp-spainis-ar-vaku-20l\/","name":"Balts PP spainis ar v\u0101ku 20L - Saksavorst","isPartOf":{"@id":"https:\/\/saksavorst.ee\/lv\/#website"},"primaryImageOfPage":{"@id":"https:\/\/saksavorst.ee\/lv\/produkts\/balts-pp-spainis-ar-vaku-20l\/#primaryimage"},"image":{"@id":"https:\/\/saksavorst.ee\/lv\/produkts\/balts-pp-spainis-ar-vaku-20l\/#primaryimage"},"thumbnailUrl":"https:\/\/saksavorst.ee\/wp-content\/uploads\/2023\/02\/Amber20L-1.jpg","datePublished":"2015-10-26T09:32:31+00:00","dateModified":"2025-09-16T11:38:56+00:00","breadcrumb":{"@id":"https:\/\/saksavorst.ee\/lv\/produkts\/balts-pp-spainis-ar-vaku-20l\/#breadcrumb"},"inLanguage":"lv-LV","potentialAction":[{"@type":"ReadAction","target":["https:\/\/saksavorst.ee\/lv\/produkts\/balts-pp-spainis-ar-vaku-20l\/"]}]},{"@type":"ImageObject","inLanguage":"lv-LV","@id":"https:\/\/saksavorst.ee\/lv\/produkts\/balts-pp-spainis-ar-vaku-20l\/#primaryimage","url":"https:\/\/saksavorst.ee\/wp-content\/uploads\/2023\/02\/Amber20L-1.jpg","contentUrl":"https:\/\/saksavorst.ee\/wp-content\/uploads\/2023\/02\/Amber20L-1.jpg","width":800,"height":800},{"@type":"BreadcrumbList","@id":"https:\/\/saksavorst.ee\/lv\/produkts\/balts-pp-spainis-ar-vaku-20l\/#breadcrumb","itemListElement":[{"@type":"ListItem","position":1,"name":"Home","item":"https:\/\/saksavorst.ee\/lv\/"},{"@type":"ListItem","position":2,"name":"Veikals","item":"https:\/\/saksavorst.ee\/lv\/veikals\/"},{"@type":"ListItem","position":3,"name":"Balts PP spainis ar v\u0101ku 20L"}]},{"@type":"WebSite","@id":"https:\/\/saksavorst.ee\/lv\/#website","url":"https:\/\/saksavorst.ee\/lv\/","name":"Saksavorst","description":"Feel the taste of emotions","publisher":{"@id":"https:\/\/saksavorst.ee\/lv\/#organization"},"alternateName":"Veikand","potentialAction":[{"@type":"SearchAction","target":{"@type":"EntryPoint","urlTemplate":"https:\/\/saksavorst.ee\/lv\/?s={search_term_string}"},"query-input":{"@type":"PropertyValueSpecification","valueRequired":true,"valueName":"search_term_string"}}],"inLanguage":"lv-LV"},{"@type":"Organization","@id":"https:\/\/saksavorst.ee\/lv\/#organization","name":"Saksavorst","alternateName":"Veikand","url":"https:\/\/saksavorst.ee\/lv\/","logo":{"@type":"ImageObject","inLanguage":"lv-LV","@id":"https:\/\/saksavorst.ee\/lv\/#\/schema\/logo\/image\/","url":"https:\/\/saksavorst.ee\/wp-content\/uploads\/2023\/05\/veikand-logo.jpg","contentUrl":"https:\/\/saksavorst.ee\/wp-content\/uploads\/2023\/05\/veikand-logo.jpg","width":217,"height":217,"caption":"Saksavorst"},"image":{"@id":"https:\/\/saksavorst.ee\/lv\/#\/schema\/logo\/image\/"},"sameAs":["https:\/\/www.facebook.com\/Veikand"]}]}},"_links":{"self":[{"href":"https:\/\/saksavorst.ee\/lv\/wp-json\/wp\/v2\/product\/21142","targetHints":{"allow":["GET"]}}],"collection":[{"href":"https:\/\/saksavorst.ee\/lv\/wp-json\/wp\/v2\/product"}],"about":[{"href":"https:\/\/saksavorst.ee\/lv\/wp-json\/wp\/v2\/types\/product"}],"version-history":[{"count":1,"href":"https:\/\/saksavorst.ee\/lv\/wp-json\/wp\/v2\/product\/21142\/revisions"}],"predecessor-version":[{"id":45902,"href":"https:\/\/saksavorst.ee\/lv\/wp-json\/wp\/v2\/product\/21142\/revisions\/45902"}],"wp:featuredmedia":[{"embeddable":true,"href":"https:\/\/saksavorst.ee\/lv\/wp-json\/wp\/v2\/media\/13852"}],"wp:attachment":[{"href":"https:\/\/saksavorst.ee\/lv\/wp-json\/wp\/v2\/media?parent=21142"}],"wp:term":[{"taxonomy":"product_brand","embeddable":true,"href":"https:\/\/saksavorst.ee\/lv\/wp-json\/wp\/v2\/product_brand?post=21142"},{"taxonomy":"product_cat","embeddable":true,"href":"https:\/\/saksavorst.ee\/lv\/wp-json\/wp\/v2\/product_cat?post=21142"},{"taxonomy":"product_tag","embeddable":true,"href":"https:\/\/saksavorst.ee\/lv\/wp-json\/wp\/v2\/product_tag?post=21142"}],"curies":[{"name":"wp","href":"https:\/\/api.w.org\/{rel}","templated":true}]}}