{"id":20775,"date":"2020-01-17T13:41:59","date_gmt":"2020-01-17T11:41:59","guid":{"rendered":"https:\/\/saksavorst.ee\/product\/vakuuma-apvalks-ar-kanalu-200-mm-x-10-m\/"},"modified":"2025-09-15T13:52:38","modified_gmt":"2025-09-15T11:52:38","slug":"vakuuma-apvalks-ar-kanalu-200mm-x-10m","status":"publish","type":"product","link":"https:\/\/saksavorst.ee\/lv\/produkts\/vakuuma-apvalks-ar-kanalu-200mm-x-10m\/","title":{"rendered":"Vakuuma apvalks ar kan\u0101lu 200mm x 10m"},"content":{"rendered":"<p>No apvalka var izgatavot atbilsto\u0161a garuma vakuuma maisus.<\/p>\n<p>Piem\u0113rots vakuuma iepako\u0161anai \u2013 kan\u0101li nodro\u0161ina maksim\u0101lu gaisa izvad\u012b\u0161anu no iepakojuma.<\/p>\n<p>Lai izgatavotu piem\u0113rotu vakuuma maisu, ir nepiecie\u0161ama vakuuma iek\u0101rta ar metin\u0101\u0161anas iesp\u0113j\u0101m.<\/p>\n<p>Nom\u0113riet izstr\u0101d\u0101jumam vajadz\u012bgo pl\u0113ves garumu, atst\u0101jot apm\u0113ram 2 cm \u0161uves vietas viena gala apak\u0161da\u013c\u0101 un apm\u0113ram 4\u20135 cm br\u012bvas sarau\u0161an\u0101s vietas otr\u0101 gal\u0101.<\/p>\n<p>Izmantojot vakuuma ma\u0161\u012bnu, aizveriet maisi\u0146a apak\u0161da\u013cu un p\u0113c tam izmantojiet to k\u0101 parastu vakuuma maisi\u0146u ar kan\u0101lu.<\/p>\n<p>Vakuuma maisa materi\u0101ls ir piem\u0113rots saskarei ar p\u0101rtikas produktiem.<\/p>\n<p>Daudzums: 1 rull\u012btis<\/p>\n<p>Ru\u013c\u013ca garums: 10 m<\/p>\n","protected":false},"excerpt":{"rendered":"<p>Vakuuma apvalks ar gludu vienu pusi un gaisa kan\u0101liem otr\u0101 pus\u0113, ko var izmantot da\u017e\u0101da garuma produktu iepako\u0161anai.<\/p>\n","protected":false},"featured_media":24486,"template":"","meta":{"_acf_changed":false},"product_brand":[],"product_cat":[352,356,361],"product_tag":[],"class_list":{"0":"post-20775","1":"product","2":"type-product","3":"status-publish","4":"has-post-thumbnail","6":"product_cat-iepakojums","7":"product_cat-vakuuma-maisini","8":"product_cat-vakuuma-caurule-ar-kanalu","10":"first","11":"instock","12":"taxable","13":"shipping-taxable","14":"purchasable","15":"product-type-simple"},"acf":[],"yoast_head":"<!-- This site is optimized with the Yoast SEO plugin v27.3 - https:\/\/yoast.com\/product\/yoast-seo-wordpress\/ -->\n<title>Vakuuma apvalks ar kan\u0101lu 200mm x 10m - Saksavorst<\/title>\n<meta name=\"robots\" content=\"index, follow, max-snippet:-1, max-image-preview:large, max-video-preview:-1\" \/>\n<link rel=\"canonical\" href=\"https:\/\/saksavorst.ee\/lv\/produkts\/vakuuma-apvalks-ar-kanalu-200mm-x-10m\/\" \/>\n<meta property=\"og:locale\" content=\"lv_LV\" \/>\n<meta property=\"og:type\" content=\"article\" \/>\n<meta property=\"og:title\" content=\"Vakuuma apvalks ar kan\u0101lu 200mm x 10m - Saksavorst\" \/>\n<meta property=\"og:description\" content=\"Vakuuma apvalks ar gludu vienu pusi un gaisa kan\u0101liem otr\u0101 pus\u0113, ko var izmantot da\u017e\u0101da garuma produktu iepako\u0161anai.\" \/>\n<meta property=\"og:url\" content=\"https:\/\/saksavorst.ee\/lv\/produkts\/vakuuma-apvalks-ar-kanalu-200mm-x-10m\/\" \/>\n<meta property=\"og:site_name\" content=\"Saksavorst\" \/>\n<meta property=\"article:publisher\" content=\"https:\/\/www.facebook.com\/Veikand\" \/>\n<meta property=\"article:modified_time\" content=\"2025-09-15T11:52:38+00:00\" \/>\n<meta property=\"og:image\" content=\"https:\/\/saksavorst.ee\/wp-content\/uploads\/2020\/01\/Kanaliga-vaakumsukk-200-mm-x-10-m-1.jpg\" \/>\n\t<meta property=\"og:image:width\" content=\"800\" \/>\n\t<meta property=\"og:image:height\" content=\"800\" \/>\n\t<meta property=\"og:image:type\" content=\"image\/jpeg\" \/>\n<meta name=\"twitter:card\" content=\"summary_large_image\" \/>\n<meta name=\"twitter:label1\" content=\"Est. reading time\" \/>\n\t<meta name=\"twitter:data1\" content=\"1 minute\" \/>\n<script type=\"application\/ld+json\" class=\"yoast-schema-graph\">{\"@context\":\"https:\\\/\\\/schema.org\",\"@graph\":[{\"@type\":\"WebPage\",\"@id\":\"https:\\\/\\\/saksavorst.ee\\\/lv\\\/produkts\\\/vakuuma-apvalks-ar-kanalu-200mm-x-10m\\\/\",\"url\":\"https:\\\/\\\/saksavorst.ee\\\/lv\\\/produkts\\\/vakuuma-apvalks-ar-kanalu-200mm-x-10m\\\/\",\"name\":\"Vakuuma apvalks ar kan\u0101lu 200mm x 10m - Saksavorst\",\"isPartOf\":{\"@id\":\"https:\\\/\\\/saksavorst.ee\\\/lv\\\/#website\"},\"primaryImageOfPage\":{\"@id\":\"https:\\\/\\\/saksavorst.ee\\\/lv\\\/produkts\\\/vakuuma-apvalks-ar-kanalu-200mm-x-10m\\\/#primaryimage\"},\"image\":{\"@id\":\"https:\\\/\\\/saksavorst.ee\\\/lv\\\/produkts\\\/vakuuma-apvalks-ar-kanalu-200mm-x-10m\\\/#primaryimage\"},\"thumbnailUrl\":\"https:\\\/\\\/saksavorst.ee\\\/wp-content\\\/uploads\\\/2020\\\/01\\\/Kanaliga-vaakumsukk-200-mm-x-10-m-1.jpg\",\"datePublished\":\"2020-01-17T11:41:59+00:00\",\"dateModified\":\"2025-09-15T11:52:38+00:00\",\"breadcrumb\":{\"@id\":\"https:\\\/\\\/saksavorst.ee\\\/lv\\\/produkts\\\/vakuuma-apvalks-ar-kanalu-200mm-x-10m\\\/#breadcrumb\"},\"inLanguage\":\"lv-LV\",\"potentialAction\":[{\"@type\":\"ReadAction\",\"target\":[\"https:\\\/\\\/saksavorst.ee\\\/lv\\\/produkts\\\/vakuuma-apvalks-ar-kanalu-200mm-x-10m\\\/\"]}]},{\"@type\":\"ImageObject\",\"inLanguage\":\"lv-LV\",\"@id\":\"https:\\\/\\\/saksavorst.ee\\\/lv\\\/produkts\\\/vakuuma-apvalks-ar-kanalu-200mm-x-10m\\\/#primaryimage\",\"url\":\"https:\\\/\\\/saksavorst.ee\\\/wp-content\\\/uploads\\\/2020\\\/01\\\/Kanaliga-vaakumsukk-200-mm-x-10-m-1.jpg\",\"contentUrl\":\"https:\\\/\\\/saksavorst.ee\\\/wp-content\\\/uploads\\\/2020\\\/01\\\/Kanaliga-vaakumsukk-200-mm-x-10-m-1.jpg\",\"width\":800,\"height\":800},{\"@type\":\"BreadcrumbList\",\"@id\":\"https:\\\/\\\/saksavorst.ee\\\/lv\\\/produkts\\\/vakuuma-apvalks-ar-kanalu-200mm-x-10m\\\/#breadcrumb\",\"itemListElement\":[{\"@type\":\"ListItem\",\"position\":1,\"name\":\"Home\",\"item\":\"https:\\\/\\\/saksavorst.ee\\\/lv\\\/\"},{\"@type\":\"ListItem\",\"position\":2,\"name\":\"Veikals\",\"item\":\"https:\\\/\\\/saksavorst.ee\\\/lv\\\/veikals\\\/\"},{\"@type\":\"ListItem\",\"position\":3,\"name\":\"Vakuuma apvalks ar kan\u0101lu 200mm x 10m\"}]},{\"@type\":\"WebSite\",\"@id\":\"https:\\\/\\\/saksavorst.ee\\\/lv\\\/#website\",\"url\":\"https:\\\/\\\/saksavorst.ee\\\/lv\\\/\",\"name\":\"Saksavorst\",\"description\":\"Feel the taste of emotions\",\"publisher\":{\"@id\":\"https:\\\/\\\/saksavorst.ee\\\/lv\\\/#organization\"},\"alternateName\":\"Veikand\",\"potentialAction\":[{\"@type\":\"SearchAction\",\"target\":{\"@type\":\"EntryPoint\",\"urlTemplate\":\"https:\\\/\\\/saksavorst.ee\\\/lv\\\/?s={search_term_string}\"},\"query-input\":{\"@type\":\"PropertyValueSpecification\",\"valueRequired\":true,\"valueName\":\"search_term_string\"}}],\"inLanguage\":\"lv-LV\"},{\"@type\":\"Organization\",\"@id\":\"https:\\\/\\\/saksavorst.ee\\\/lv\\\/#organization\",\"name\":\"Saksavorst\",\"alternateName\":\"Veikand\",\"url\":\"https:\\\/\\\/saksavorst.ee\\\/lv\\\/\",\"logo\":{\"@type\":\"ImageObject\",\"inLanguage\":\"lv-LV\",\"@id\":\"https:\\\/\\\/saksavorst.ee\\\/lv\\\/#\\\/schema\\\/logo\\\/image\\\/\",\"url\":\"https:\\\/\\\/saksavorst.ee\\\/wp-content\\\/uploads\\\/2023\\\/05\\\/veikand-logo.jpg\",\"contentUrl\":\"https:\\\/\\\/saksavorst.ee\\\/wp-content\\\/uploads\\\/2023\\\/05\\\/veikand-logo.jpg\",\"width\":217,\"height\":217,\"caption\":\"Saksavorst\"},\"image\":{\"@id\":\"https:\\\/\\\/saksavorst.ee\\\/lv\\\/#\\\/schema\\\/logo\\\/image\\\/\"},\"sameAs\":[\"https:\\\/\\\/www.facebook.com\\\/Veikand\"]}]}<\/script>\n<!-- \/ Yoast SEO plugin. -->","yoast_head_json":{"title":"Vakuuma apvalks ar kan\u0101lu 200mm x 10m - Saksavorst","robots":{"index":"index","follow":"follow","max-snippet":"max-snippet:-1","max-image-preview":"max-image-preview:large","max-video-preview":"max-video-preview:-1"},"canonical":"https:\/\/saksavorst.ee\/lv\/produkts\/vakuuma-apvalks-ar-kanalu-200mm-x-10m\/","og_locale":"lv_LV","og_type":"article","og_title":"Vakuuma apvalks ar kan\u0101lu 200mm x 10m - Saksavorst","og_description":"Vakuuma apvalks ar gludu vienu pusi un gaisa kan\u0101liem otr\u0101 pus\u0113, ko var izmantot da\u017e\u0101da garuma produktu iepako\u0161anai.","og_url":"https:\/\/saksavorst.ee\/lv\/produkts\/vakuuma-apvalks-ar-kanalu-200mm-x-10m\/","og_site_name":"Saksavorst","article_publisher":"https:\/\/www.facebook.com\/Veikand","article_modified_time":"2025-09-15T11:52:38+00:00","og_image":[{"width":800,"height":800,"url":"https:\/\/saksavorst.ee\/wp-content\/uploads\/2020\/01\/Kanaliga-vaakumsukk-200-mm-x-10-m-1.jpg","type":"image\/jpeg"}],"twitter_card":"summary_large_image","twitter_misc":{"Est. reading time":"1 minute"},"schema":{"@context":"https:\/\/schema.org","@graph":[{"@type":"WebPage","@id":"https:\/\/saksavorst.ee\/lv\/produkts\/vakuuma-apvalks-ar-kanalu-200mm-x-10m\/","url":"https:\/\/saksavorst.ee\/lv\/produkts\/vakuuma-apvalks-ar-kanalu-200mm-x-10m\/","name":"Vakuuma apvalks ar kan\u0101lu 200mm x 10m - Saksavorst","isPartOf":{"@id":"https:\/\/saksavorst.ee\/lv\/#website"},"primaryImageOfPage":{"@id":"https:\/\/saksavorst.ee\/lv\/produkts\/vakuuma-apvalks-ar-kanalu-200mm-x-10m\/#primaryimage"},"image":{"@id":"https:\/\/saksavorst.ee\/lv\/produkts\/vakuuma-apvalks-ar-kanalu-200mm-x-10m\/#primaryimage"},"thumbnailUrl":"https:\/\/saksavorst.ee\/wp-content\/uploads\/2020\/01\/Kanaliga-vaakumsukk-200-mm-x-10-m-1.jpg","datePublished":"2020-01-17T11:41:59+00:00","dateModified":"2025-09-15T11:52:38+00:00","breadcrumb":{"@id":"https:\/\/saksavorst.ee\/lv\/produkts\/vakuuma-apvalks-ar-kanalu-200mm-x-10m\/#breadcrumb"},"inLanguage":"lv-LV","potentialAction":[{"@type":"ReadAction","target":["https:\/\/saksavorst.ee\/lv\/produkts\/vakuuma-apvalks-ar-kanalu-200mm-x-10m\/"]}]},{"@type":"ImageObject","inLanguage":"lv-LV","@id":"https:\/\/saksavorst.ee\/lv\/produkts\/vakuuma-apvalks-ar-kanalu-200mm-x-10m\/#primaryimage","url":"https:\/\/saksavorst.ee\/wp-content\/uploads\/2020\/01\/Kanaliga-vaakumsukk-200-mm-x-10-m-1.jpg","contentUrl":"https:\/\/saksavorst.ee\/wp-content\/uploads\/2020\/01\/Kanaliga-vaakumsukk-200-mm-x-10-m-1.jpg","width":800,"height":800},{"@type":"BreadcrumbList","@id":"https:\/\/saksavorst.ee\/lv\/produkts\/vakuuma-apvalks-ar-kanalu-200mm-x-10m\/#breadcrumb","itemListElement":[{"@type":"ListItem","position":1,"name":"Home","item":"https:\/\/saksavorst.ee\/lv\/"},{"@type":"ListItem","position":2,"name":"Veikals","item":"https:\/\/saksavorst.ee\/lv\/veikals\/"},{"@type":"ListItem","position":3,"name":"Vakuuma apvalks ar kan\u0101lu 200mm x 10m"}]},{"@type":"WebSite","@id":"https:\/\/saksavorst.ee\/lv\/#website","url":"https:\/\/saksavorst.ee\/lv\/","name":"Saksavorst","description":"Feel the taste of emotions","publisher":{"@id":"https:\/\/saksavorst.ee\/lv\/#organization"},"alternateName":"Veikand","potentialAction":[{"@type":"SearchAction","target":{"@type":"EntryPoint","urlTemplate":"https:\/\/saksavorst.ee\/lv\/?s={search_term_string}"},"query-input":{"@type":"PropertyValueSpecification","valueRequired":true,"valueName":"search_term_string"}}],"inLanguage":"lv-LV"},{"@type":"Organization","@id":"https:\/\/saksavorst.ee\/lv\/#organization","name":"Saksavorst","alternateName":"Veikand","url":"https:\/\/saksavorst.ee\/lv\/","logo":{"@type":"ImageObject","inLanguage":"lv-LV","@id":"https:\/\/saksavorst.ee\/lv\/#\/schema\/logo\/image\/","url":"https:\/\/saksavorst.ee\/wp-content\/uploads\/2023\/05\/veikand-logo.jpg","contentUrl":"https:\/\/saksavorst.ee\/wp-content\/uploads\/2023\/05\/veikand-logo.jpg","width":217,"height":217,"caption":"Saksavorst"},"image":{"@id":"https:\/\/saksavorst.ee\/lv\/#\/schema\/logo\/image\/"},"sameAs":["https:\/\/www.facebook.com\/Veikand"]}]}},"_links":{"self":[{"href":"https:\/\/saksavorst.ee\/lv\/wp-json\/wp\/v2\/product\/20775","targetHints":{"allow":["GET"]}}],"collection":[{"href":"https:\/\/saksavorst.ee\/lv\/wp-json\/wp\/v2\/product"}],"about":[{"href":"https:\/\/saksavorst.ee\/lv\/wp-json\/wp\/v2\/types\/product"}],"version-history":[{"count":1,"href":"https:\/\/saksavorst.ee\/lv\/wp-json\/wp\/v2\/product\/20775\/revisions"}],"predecessor-version":[{"id":45658,"href":"https:\/\/saksavorst.ee\/lv\/wp-json\/wp\/v2\/product\/20775\/revisions\/45658"}],"wp:featuredmedia":[{"embeddable":true,"href":"https:\/\/saksavorst.ee\/lv\/wp-json\/wp\/v2\/media\/24486"}],"wp:attachment":[{"href":"https:\/\/saksavorst.ee\/lv\/wp-json\/wp\/v2\/media?parent=20775"}],"wp:term":[{"taxonomy":"product_brand","embeddable":true,"href":"https:\/\/saksavorst.ee\/lv\/wp-json\/wp\/v2\/product_brand?post=20775"},{"taxonomy":"product_cat","embeddable":true,"href":"https:\/\/saksavorst.ee\/lv\/wp-json\/wp\/v2\/product_cat?post=20775"},{"taxonomy":"product_tag","embeddable":true,"href":"https:\/\/saksavorst.ee\/lv\/wp-json\/wp\/v2\/product_tag?post=20775"}],"curies":[{"name":"wp","href":"https:\/\/api.w.org\/{rel}","templated":true}]}}